{"id":20691,"date":"2023-10-20T17:27:34","date_gmt":"2023-10-20T15:27:34","guid":{"rendered":"https:\/\/www.reseau-mesure.com\/?page_id=20691"},"modified":"2023-10-20T17:33:01","modified_gmt":"2023-10-20T15:33:01","slug":"thermographie-infrarouge-pour-lindustrie-niveau-3","status":"publish","type":"page","link":"https:\/\/www.reseau-mesure.com\/en\/thermographie-infrarouge-pour-lindustrie-niveau-3\/","title":{"rendered":"Infrared thermography for industry: level 3"},"content":{"rendered":"<a href=\"https:\/\/www.thermokrasia.com\/?msclkid=190f1877cf7411ec81d97ac21c92ac5b\" target=\"_blank\" rel=\"noopener\" itemprop=\"url\">\n\t\t\t\t<img loading=\"lazy\" decoding=\"async\" src=\"https:\/\/www.reseau-mesure.com\/wp-content\/uploads\/2022\/05\/thermokrasia-265x300.png\" alt=\"thermokrasia\" itemprop=\"image\" height=\"300\" width=\"265\" title=\"thermokrasia\" onerror=\"this.style.display='none'\"  \/>\n\t\t\t\t<\/a>\n\t<p>3<\/p>\n<p><b>Infrared thermography for industry: level 3<\/b><\/p>\n\t<p>&nbsp;<\/p>\n<table width=\"100%\">\n<tbody>\n<tr>\n<td><strong>Cette formation s&rsquo;adresse \u00e0 toute personne qui souhaite apprendre approfondir ses connaissances de la thermographie et les techniciens de mesures. <\/strong>\n<p>The training will be provided by <a href=\"https:\/\/www.reseau-mesure.com\/en\/adherent\/thermokrasia\/\">Thermokrasia<\/a>, specialist in the quantitative measurement of thermal fields by infrared. We put our expertise in thermal field measurement at the service of R&amp;D and industry.<\/p>\n<p><b>R\u00e9seau Mesure is referenced as a QUALIOPI certified training center allowing support by your OPCO.<\/b><\/p>\n<p><strong>The training dates are to be defined with the trainer of the company Thermokrasia.\u00a0<\/strong><\/p>\n<strong>The program can be modified according to the needs of the company.<\/strong><\/td>\n<\/tr>\n<tr>\n\n<\/tr>\n<\/tbody>\n<\/table>\n\t\t\t<a href=\"https:\/\/www.reseau-mesure.com\/wp-content\/uploads\/2023\/10\/Presentation_formation_thermographie_Thermokrasia_niveau3.docx\" target=\"_blank\" rel=\"noopener\">\n\t\t\t\t\t\t\tpresentation\n\t\t\t\t\t<\/a>\n\t\t\t<a href=\"https:\/\/www.reseau-mesure.com\/wp-content\/uploads\/2023\/10\/Programme_formation_thermographie-N3.docx\" target=\"_blank\" rel=\"noopener\">\n\t\t\t\t\t\t\tProgram Type\n\t\t\t\t\t<\/a>\n\t\t\t<a href=\"mailto:emmanuel.berte@thermokrasia.com\" target=\"_blank\" rel=\"noopener\">\n\t\t\t\t\t\t\tSubscription request\n\t\t\t\t\t<\/a>","protected":false},"excerpt":{"rendered":"<p>3 Thermographie infrarouge pour l&rsquo;industrie: niveau 3 &nbsp; Cette formation s&rsquo;adresse \u00e0 toute personne qui souhaite apprendre approfondir ses connaissances de la thermographie et les techniciens de mesures. La formation sera assur\u00e9e par Thermokrasia, sp\u00e9cialiste de la mesure quantitative de champs thermiques par infrarouges. Nous mettons notre expertise en mesure de champs thermiques au service&hellip;<\/p>","protected":false},"author":349,"featured_media":0,"parent":0,"menu_order":0,"comment_status":"closed","ping_status":"closed","template":"","meta":{"_acf_changed":false,"footnotes":""},"class_list":["post-20691","page","type-page","status-publish","hentry"],"acf":[],"yoast_head":"<!-- This site is optimized with the Yoast SEO plugin v27.3 - https:\/\/yoast.com\/product\/yoast-seo-wordpress\/ -->\n<title>Formation - Thermographie infrarouge pour l&#039;industrie: niveau 3 - R\u00e9seau Mesure<\/title>\n<meta name=\"description\" content=\"Thermographie infrarouge pour l&#039;industrie: niveau 3, formation propos\u00e9e par Thermokrasia, adh\u00e9rent du r\u00e9seau Mesure\" \/>\n<meta name=\"robots\" content=\"index, follow, max-snippet:-1, max-image-preview:large, max-video-preview:-1\" \/>\n<link rel=\"canonical\" href=\"https:\/\/www.reseau-mesure.com\/en\/thermographie-infrarouge-pour-lindustrie-niveau-3\/\" \/>\n<meta property=\"og:locale\" content=\"en_US\" \/>\n<meta property=\"og:type\" content=\"article\" \/>\n<meta property=\"og:title\" content=\"Formation - Thermographie infrarouge pour l&#039;industrie: niveau 3 - R\u00e9seau Mesure\" \/>\n<meta property=\"og:description\" content=\"Thermographie infrarouge pour l&#039;industrie: niveau 3, formation propos\u00e9e par Thermokrasia, adh\u00e9rent du r\u00e9seau Mesure\" \/>\n<meta property=\"og:url\" content=\"https:\/\/www.reseau-mesure.com\/en\/thermographie-infrarouge-pour-lindustrie-niveau-3\/\" \/>\n<meta property=\"og:site_name\" content=\"R\u00e9seau Mesure\" \/>\n<meta property=\"article:publisher\" content=\"https:\/\/www.facebook.com\/reseaumesure\/\" \/>\n<meta property=\"article:modified_time\" content=\"2023-10-20T15:33:01+00:00\" \/>\n<meta property=\"og:image\" content=\"https:\/\/www.reseau-mesure.com\/wp-content\/uploads\/2022\/05\/thermokrasia-265x300.png\" \/>\n<meta name=\"twitter:card\" content=\"summary_large_image\" \/>\n<meta name=\"twitter:site\" content=\"@ReseauMesure\" \/>\n<meta name=\"twitter:label1\" content=\"Est. reading time\" \/>\n\t<meta name=\"twitter:data1\" content=\"1 minute\" \/>\n<script type=\"application\/ld+json\" class=\"yoast-schema-graph\">{\"@context\":\"https:\\\/\\\/schema.org\",\"@graph\":[{\"@type\":\"WebPage\",\"@id\":\"https:\\\/\\\/www.reseau-mesure.com\\\/thermographie-infrarouge-pour-lindustrie-niveau-3\\\/\",\"url\":\"https:\\\/\\\/www.reseau-mesure.com\\\/thermographie-infrarouge-pour-lindustrie-niveau-3\\\/\",\"name\":\"Formation - Thermographie infrarouge pour l'industrie: niveau 3 - R\u00e9seau Mesure\",\"isPartOf\":{\"@id\":\"https:\\\/\\\/www.reseau-mesure.com\\\/#website\"},\"primaryImageOfPage\":{\"@id\":\"https:\\\/\\\/www.reseau-mesure.com\\\/thermographie-infrarouge-pour-lindustrie-niveau-3\\\/#primaryimage\"},\"image\":{\"@id\":\"https:\\\/\\\/www.reseau-mesure.com\\\/thermographie-infrarouge-pour-lindustrie-niveau-3\\\/#primaryimage\"},\"thumbnailUrl\":\"https:\\\/\\\/www.reseau-mesure.com\\\/wp-content\\\/uploads\\\/2022\\\/05\\\/thermokrasia-265x300.png\",\"datePublished\":\"2023-10-20T15:27:34+00:00\",\"dateModified\":\"2023-10-20T15:33:01+00:00\",\"description\":\"Thermographie infrarouge pour l'industrie: niveau 3, formation propos\u00e9e par Thermokrasia, adh\u00e9rent du r\u00e9seau Mesure\",\"breadcrumb\":{\"@id\":\"https:\\\/\\\/www.reseau-mesure.com\\\/thermographie-infrarouge-pour-lindustrie-niveau-3\\\/#breadcrumb\"},\"inLanguage\":\"en-US\",\"potentialAction\":[{\"@type\":\"ReadAction\",\"target\":[\"https:\\\/\\\/www.reseau-mesure.com\\\/thermographie-infrarouge-pour-lindustrie-niveau-3\\\/\"]}]},{\"@type\":\"ImageObject\",\"inLanguage\":\"en-US\",\"@id\":\"https:\\\/\\\/www.reseau-mesure.com\\\/thermographie-infrarouge-pour-lindustrie-niveau-3\\\/#primaryimage\",\"url\":\"https:\\\/\\\/www.reseau-mesure.com\\\/wp-content\\\/uploads\\\/2022\\\/05\\\/thermokrasia-265x300.png\",\"contentUrl\":\"https:\\\/\\\/www.reseau-mesure.com\\\/wp-content\\\/uploads\\\/2022\\\/05\\\/thermokrasia-265x300.png\"},{\"@type\":\"BreadcrumbList\",\"@id\":\"https:\\\/\\\/www.reseau-mesure.com\\\/thermographie-infrarouge-pour-lindustrie-niveau-3\\\/#breadcrumb\",\"itemListElement\":[{\"@type\":\"ListItem\",\"position\":1,\"name\":\"Accueil\",\"item\":\"https:\\\/\\\/www.reseau-mesure.com\\\/\"},{\"@type\":\"ListItem\",\"position\":2,\"name\":\"Thermographie infrarouge pour l&rsquo;industrie: niveau 3\"}]},{\"@type\":\"WebSite\",\"@id\":\"https:\\\/\\\/www.reseau-mesure.com\\\/#website\",\"url\":\"https:\\\/\\\/www.reseau-mesure.com\\\/\",\"name\":\"R\u00e9seau-Mesure\",\"description\":\"R\u00e9seau Mesure\",\"publisher\":{\"@id\":\"https:\\\/\\\/www.reseau-mesure.com\\\/#organization\"},\"potentialAction\":[{\"@type\":\"SearchAction\",\"target\":{\"@type\":\"EntryPoint\",\"urlTemplate\":\"https:\\\/\\\/www.reseau-mesure.com\\\/?s={search_term_string}\"},\"query-input\":{\"@type\":\"PropertyValueSpecification\",\"valueRequired\":true,\"valueName\":\"search_term_string\"}}],\"inLanguage\":\"en-US\"},{\"@type\":\"Organization\",\"@id\":\"https:\\\/\\\/www.reseau-mesure.com\\\/#organization\",\"name\":\"R\u00e9seau-Mesure\",\"url\":\"https:\\\/\\\/www.reseau-mesure.com\\\/\",\"logo\":{\"@type\":\"ImageObject\",\"inLanguage\":\"en-US\",\"@id\":\"https:\\\/\\\/www.reseau-mesure.com\\\/#\\\/schema\\\/logo\\\/image\\\/\",\"url\":\"https:\\\/\\\/www.reseau-mesure.com\\\/wp-content\\\/uploads\\\/2018\\\/02\\\/logo-max.png\",\"contentUrl\":\"https:\\\/\\\/www.reseau-mesure.com\\\/wp-content\\\/uploads\\\/2018\\\/02\\\/logo-max.png\",\"width\":545,\"height\":285,\"caption\":\"R\u00e9seau-Mesure\"},\"image\":{\"@id\":\"https:\\\/\\\/www.reseau-mesure.com\\\/#\\\/schema\\\/logo\\\/image\\\/\"},\"sameAs\":[\"https:\\\/\\\/www.facebook.com\\\/reseaumesure\\\/\",\"https:\\\/\\\/x.com\\\/ReseauMesure\",\"https:\\\/\\\/www.linkedin.com\\\/company\\\/reseau-mesure\\\/\"]}]}<\/script>\n<!-- \/ Yoast SEO plugin. -->","yoast_head_json":{"title":"Formation - Thermographie infrarouge pour l'industrie: niveau 3 - R\u00e9seau Mesure","description":"Thermographie infrarouge pour l'industrie: niveau 3, formation propos\u00e9e par Thermokrasia, adh\u00e9rent du r\u00e9seau Mesure","robots":{"index":"index","follow":"follow","max-snippet":"max-snippet:-1","max-image-preview":"max-image-preview:large","max-video-preview":"max-video-preview:-1"},"canonical":"https:\/\/www.reseau-mesure.com\/en\/thermographie-infrarouge-pour-lindustrie-niveau-3\/","og_locale":"en_US","og_type":"article","og_title":"Formation - Thermographie infrarouge pour l'industrie: niveau 3 - R\u00e9seau Mesure","og_description":"Thermographie infrarouge pour l'industrie: niveau 3, formation propos\u00e9e par Thermokrasia, adh\u00e9rent du r\u00e9seau Mesure","og_url":"https:\/\/www.reseau-mesure.com\/en\/thermographie-infrarouge-pour-lindustrie-niveau-3\/","og_site_name":"R\u00e9seau Mesure","article_publisher":"https:\/\/www.facebook.com\/reseaumesure\/","article_modified_time":"2023-10-20T15:33:01+00:00","og_image":[{"url":"https:\/\/www.reseau-mesure.com\/wp-content\/uploads\/2022\/05\/thermokrasia-265x300.png","type":"","width":"","height":""}],"twitter_card":"summary_large_image","twitter_site":"@ReseauMesure","twitter_misc":{"Est. reading time":"1 minute"},"schema":{"@context":"https:\/\/schema.org","@graph":[{"@type":"WebPage","@id":"https:\/\/www.reseau-mesure.com\/thermographie-infrarouge-pour-lindustrie-niveau-3\/","url":"https:\/\/www.reseau-mesure.com\/thermographie-infrarouge-pour-lindustrie-niveau-3\/","name":"Formation - Thermographie infrarouge pour l'industrie: niveau 3 - R\u00e9seau Mesure","isPartOf":{"@id":"https:\/\/www.reseau-mesure.com\/#website"},"primaryImageOfPage":{"@id":"https:\/\/www.reseau-mesure.com\/thermographie-infrarouge-pour-lindustrie-niveau-3\/#primaryimage"},"image":{"@id":"https:\/\/www.reseau-mesure.com\/thermographie-infrarouge-pour-lindustrie-niveau-3\/#primaryimage"},"thumbnailUrl":"https:\/\/www.reseau-mesure.com\/wp-content\/uploads\/2022\/05\/thermokrasia-265x300.png","datePublished":"2023-10-20T15:27:34+00:00","dateModified":"2023-10-20T15:33:01+00:00","description":"Thermographie infrarouge pour l'industrie: niveau 3, formation propos\u00e9e par Thermokrasia, adh\u00e9rent du r\u00e9seau Mesure","breadcrumb":{"@id":"https:\/\/www.reseau-mesure.com\/thermographie-infrarouge-pour-lindustrie-niveau-3\/#breadcrumb"},"inLanguage":"en-US","potentialAction":[{"@type":"ReadAction","target":["https:\/\/www.reseau-mesure.com\/thermographie-infrarouge-pour-lindustrie-niveau-3\/"]}]},{"@type":"ImageObject","inLanguage":"en-US","@id":"https:\/\/www.reseau-mesure.com\/thermographie-infrarouge-pour-lindustrie-niveau-3\/#primaryimage","url":"https:\/\/www.reseau-mesure.com\/wp-content\/uploads\/2022\/05\/thermokrasia-265x300.png","contentUrl":"https:\/\/www.reseau-mesure.com\/wp-content\/uploads\/2022\/05\/thermokrasia-265x300.png"},{"@type":"BreadcrumbList","@id":"https:\/\/www.reseau-mesure.com\/thermographie-infrarouge-pour-lindustrie-niveau-3\/#breadcrumb","itemListElement":[{"@type":"ListItem","position":1,"name":"Accueil","item":"https:\/\/www.reseau-mesure.com\/"},{"@type":"ListItem","position":2,"name":"Thermographie infrarouge pour l&rsquo;industrie: niveau 3"}]},{"@type":"WebSite","@id":"https:\/\/www.reseau-mesure.com\/#website","url":"https:\/\/www.reseau-mesure.com\/","name":"R\u00e9seau-Mesure","description":"Network Measure","publisher":{"@id":"https:\/\/www.reseau-mesure.com\/#organization"},"potentialAction":[{"@type":"SearchAction","target":{"@type":"EntryPoint","urlTemplate":"https:\/\/www.reseau-mesure.com\/?s={search_term_string}"},"query-input":{"@type":"PropertyValueSpecification","valueRequired":true,"valueName":"search_term_string"}}],"inLanguage":"en-US"},{"@type":"Organization","@id":"https:\/\/www.reseau-mesure.com\/#organization","name":"R\u00e9seau-Mesure","url":"https:\/\/www.reseau-mesure.com\/","logo":{"@type":"ImageObject","inLanguage":"en-US","@id":"https:\/\/www.reseau-mesure.com\/#\/schema\/logo\/image\/","url":"https:\/\/www.reseau-mesure.com\/wp-content\/uploads\/2018\/02\/logo-max.png","contentUrl":"https:\/\/www.reseau-mesure.com\/wp-content\/uploads\/2018\/02\/logo-max.png","width":545,"height":285,"caption":"R\u00e9seau-Mesure"},"image":{"@id":"https:\/\/www.reseau-mesure.com\/#\/schema\/logo\/image\/"},"sameAs":["https:\/\/www.facebook.com\/reseaumesure\/","https:\/\/x.com\/ReseauMesure","https:\/\/www.linkedin.com\/company\/reseau-mesure\/"]}]}},"_links":{"self":[{"href":"https:\/\/www.reseau-mesure.com\/en\/wp-json\/wp\/v2\/pages\/20691","targetHints":{"allow":["GET"]}}],"collection":[{"href":"https:\/\/www.reseau-mesure.com\/en\/wp-json\/wp\/v2\/pages"}],"about":[{"href":"https:\/\/www.reseau-mesure.com\/en\/wp-json\/wp\/v2\/types\/page"}],"author":[{"embeddable":true,"href":"https:\/\/www.reseau-mesure.com\/en\/wp-json\/wp\/v2\/users\/349"}],"replies":[{"embeddable":true,"href":"https:\/\/www.reseau-mesure.com\/en\/wp-json\/wp\/v2\/comments?post=20691"}],"version-history":[{"count":0,"href":"https:\/\/www.reseau-mesure.com\/en\/wp-json\/wp\/v2\/pages\/20691\/revisions"}],"wp:attachment":[{"href":"https:\/\/www.reseau-mesure.com\/en\/wp-json\/wp\/v2\/media?parent=20691"}],"curies":[{"name":"wp","href":"https:\/\/api.w.org\/{rel}","templated":true}]}}