{"id":22093,"date":"2024-04-11T15:07:13","date_gmt":"2024-04-11T13:07:13","guid":{"rendered":"https:\/\/www.reseau-mesure.com\/?page_id=22093"},"modified":"2025-11-13T10:23:59","modified_gmt":"2025-11-13T09:23:59","slug":"formation-iso-17025-mesuria","status":"publish","type":"page","link":"https:\/\/www.reseau-mesure.com\/en\/formation-iso-17025-mesuria\/","title":{"rendered":"Formation ISO 17025 &#8211; MESURIA"},"content":{"rendered":"<a href=\"https:\/\/eurotek-france.fr\/\"  target=\"_blank\" rel=\"noopener\"  itemprop=\"url\">\n\t\t\t\t<img decoding=\"async\" src=\"https:\/\/www.reseau-mesure.com\/wp-content\/uploads\/2024\/04\/iso-17025-300x229.png\" alt=\"formation iso 17025\" itemprop=\"image\" height=\"229\" width=\"300\" title=\"formation iso 17025\" onerror=\"this.style.display='none'\" loading=\"lazy\" \/>\n\t\t\t\t<\/a>\n\t<p>&nbsp;<\/p>\n<p><b>Comprendre la norme ISO 17025<\/b><\/p>\n\t<p>&nbsp;<\/p>\n<table width=\"100%\">\n<tbody>\n<tr>\n<td><strong>Cette formation s&rsquo;adresse \u00e0<\/strong><strong> toutes les personnes qui souhaitent booster leur pr\u00e9sence sur le Web et am\u00e9liorer la notori\u00e9t\u00e9 de l&rsquo;entreprise. Responsable qualit\u00e9,\u00a0 Responsable m\u00e9trologie, responsable laboratoire de mesure et essai, technicien de mesure, laborantin, m\u00e9trologue, chef d&rsquo;entreprise.<\/strong>\n<p><u>V<\/u>ous r\u00e9alisez des mesures et\/ou des essais\u00a0? Ces mesures sont un \u00e9l\u00e9ment essentiel pour garantir la conformit\u00e9 et la qualit\u00e9 de vos produits. Par cons\u00e9quent il est fondamental de ma\u00eetriser vos processus de mesure afin de satisfaire vos clients et donner confiance\u00a0!<\/p>\n<p>La conformit\u00e9 de vos laboratoires \u00e0 la norme ISO 17025 vous permettra d&rsquo;assurer cet objectif et de garantir la validit\u00e9 de vos r\u00e9sultats de mesure. Vous pourrez prendre les bonnes d\u00e9cisions \u00e0 partir de vos r\u00e9sultats de mesure et essais\u00a0!<\/p>\n<p><b>R\u00e9seau Mesure is referenced as a QUALIOPI certified training center allowing support by your OPCO.<\/b><\/p>\n<p><strong>Number of trainees per session:<\/strong>\u00a0 de 3 \u00e0 6 participants<\/p>\n<p><strong>Evaluations 2024: <\/strong>9\u00a0stagiaires &#8211;\u00a0<em>moyenne bas\u00e9e sur l&rsquo;atteinte des objectifs, la p\u00e9dagogie et l&rsquo;organisation<\/em>:\u00a0 8\/10 &#8211;\u00a0<em> atteinte des objectifs:\u00a0 \u00a07.8\/10\u00a0<\/em><\/p>\n<strong>Next session\u00a0<\/strong>:\u00a0<a href=\"https:\/\/www.reseau-mesure.com\/en\/la-formation-rm\/\" target=\"_blank\" rel=\"noopener\">consultez le planning<\/a>\u00a0&#8211;\u00a0Nous planifions les dates en fonction de vos demandes, alors n&rsquo;h\u00e9sitez pas \u00e0\u00a0<a href=\"mailto:confray@reseau-mesure.com\">Contact us<\/a>\u00a0!<\/td>\n<\/tr>\n<tr>\n\n<\/tr>\n<\/tbody>\n<\/table>\n\t\t\t<a href=\"https:\/\/www.reseau-mesure.com\/wp-content\/uploads\/2025\/11\/2026-presentation-de-la-formation-ISO-17025.pdf\" target=\"_blank\" rel=\"noopener\">\n\t\t\t\t\t\t\tpresentation\n\t\t\t\t\t<\/a>\n\t\t\t<a href=\"https:\/\/www.reseau-mesure.com\/wp-content\/uploads\/2024\/04\/programme-formation-1-jr-2024.docx\" target=\"_blank\" rel=\"noopener\">\n\t\t\t\t\t\t\tProgram Type\n\t\t\t\t\t<\/a>\n\t\t\t<a href=\"mailto:confray@reseau-mesure.com\" target=\"_blank\" rel=\"noopener\">\n\t\t\t\t\t\t\tSubscription request\n\t\t\t\t\t<\/a>","protected":false},"excerpt":{"rendered":"<p>&nbsp; Comprendre la norme ISO 17025 &nbsp; Cette formation s&rsquo;adresse \u00e0 toutes les personnes qui souhaitent booster leur pr\u00e9sence sur le Web et am\u00e9liorer la notori\u00e9t\u00e9 de l&rsquo;entreprise. Responsable qualit\u00e9,\u00a0 Responsable m\u00e9trologie, responsable laboratoire de mesure et essai, technicien de mesure, laborantin, m\u00e9trologue, chef d&rsquo;entreprise. Vous r\u00e9alisez des mesures et\/ou des essais\u00a0? Ces mesures sont&hellip;<\/p>","protected":false},"author":349,"featured_media":0,"parent":0,"menu_order":0,"comment_status":"closed","ping_status":"closed","template":"","meta":{"_acf_changed":false,"footnotes":""},"class_list":["post-22093","page","type-page","status-publish","hentry"],"acf":[],"yoast_head":"<!-- This site is optimized with the Yoast SEO plugin v27.4 - https:\/\/yoast.com\/product\/yoast-seo-wordpress\/ -->\n<title>Formation - Formation ISO 17025 - MESURIA - R\u00e9seau Mesure<\/title>\n<meta name=\"description\" content=\"Formation pour comprendre les exigences de la norme ISO1 7025 et savoir diagnostiquer les besoins dans sa m\u00e9trologie\/laboratoire.\" \/>\n<meta name=\"robots\" content=\"index, follow, max-snippet:-1, max-image-preview:large, max-video-preview:-1\" \/>\n<link rel=\"canonical\" href=\"https:\/\/www.reseau-mesure.com\/en\/formation-iso-17025-mesuria\/\" \/>\n<meta property=\"og:locale\" content=\"en_US\" \/>\n<meta property=\"og:type\" content=\"article\" \/>\n<meta property=\"og:title\" content=\"Formation - Formation ISO 17025 - MESURIA - R\u00e9seau Mesure\" \/>\n<meta property=\"og:description\" content=\"Formation pour comprendre les exigences de la norme ISO1 7025 et savoir diagnostiquer les besoins dans sa m\u00e9trologie\/laboratoire.\" \/>\n<meta property=\"og:url\" content=\"https:\/\/www.reseau-mesure.com\/en\/formation-iso-17025-mesuria\/\" \/>\n<meta property=\"og:site_name\" content=\"R\u00e9seau Mesure\" \/>\n<meta property=\"article:publisher\" content=\"https:\/\/www.facebook.com\/reseaumesure\/\" \/>\n<meta property=\"article:modified_time\" content=\"2025-11-13T09:23:59+00:00\" \/>\n<meta property=\"og:image\" content=\"https:\/\/www.reseau-mesure.com\/wp-content\/uploads\/2024\/04\/iso-17025-300x229.png\" \/>\n<meta name=\"twitter:card\" content=\"summary_large_image\" \/>\n<meta name=\"twitter:site\" content=\"@ReseauMesure\" \/>\n<meta name=\"twitter:label1\" content=\"Est. reading time\" \/>\n\t<meta name=\"twitter:data1\" content=\"1 minute\" \/>\n<script type=\"application\/ld+json\" class=\"yoast-schema-graph\">{\"@context\":\"https:\\\/\\\/schema.org\",\"@graph\":[{\"@type\":\"WebPage\",\"@id\":\"https:\\\/\\\/www.reseau-mesure.com\\\/formation-iso-17025-mesuria\\\/\",\"url\":\"https:\\\/\\\/www.reseau-mesure.com\\\/formation-iso-17025-mesuria\\\/\",\"name\":\"Formation - Formation ISO 17025 - MESURIA - R\u00e9seau Mesure\",\"isPartOf\":{\"@id\":\"https:\\\/\\\/www.reseau-mesure.com\\\/#website\"},\"primaryImageOfPage\":{\"@id\":\"https:\\\/\\\/www.reseau-mesure.com\\\/formation-iso-17025-mesuria\\\/#primaryimage\"},\"image\":{\"@id\":\"https:\\\/\\\/www.reseau-mesure.com\\\/formation-iso-17025-mesuria\\\/#primaryimage\"},\"thumbnailUrl\":\"https:\\\/\\\/www.reseau-mesure.com\\\/wp-content\\\/uploads\\\/2024\\\/04\\\/iso-17025-300x229.png\",\"datePublished\":\"2024-04-11T13:07:13+00:00\",\"dateModified\":\"2025-11-13T09:23:59+00:00\",\"description\":\"Formation pour comprendre les exigences de la norme ISO1 7025 et savoir diagnostiquer les besoins dans sa m\u00e9trologie\\\/laboratoire.\",\"breadcrumb\":{\"@id\":\"https:\\\/\\\/www.reseau-mesure.com\\\/formation-iso-17025-mesuria\\\/#breadcrumb\"},\"inLanguage\":\"en-US\",\"potentialAction\":[{\"@type\":\"ReadAction\",\"target\":[\"https:\\\/\\\/www.reseau-mesure.com\\\/formation-iso-17025-mesuria\\\/\"]}]},{\"@type\":\"ImageObject\",\"inLanguage\":\"en-US\",\"@id\":\"https:\\\/\\\/www.reseau-mesure.com\\\/formation-iso-17025-mesuria\\\/#primaryimage\",\"url\":\"https:\\\/\\\/www.reseau-mesure.com\\\/wp-content\\\/uploads\\\/2024\\\/04\\\/iso-17025-300x229.png\",\"contentUrl\":\"https:\\\/\\\/www.reseau-mesure.com\\\/wp-content\\\/uploads\\\/2024\\\/04\\\/iso-17025-300x229.png\"},{\"@type\":\"BreadcrumbList\",\"@id\":\"https:\\\/\\\/www.reseau-mesure.com\\\/formation-iso-17025-mesuria\\\/#breadcrumb\",\"itemListElement\":[{\"@type\":\"ListItem\",\"position\":1,\"name\":\"Accueil\",\"item\":\"https:\\\/\\\/www.reseau-mesure.com\\\/\"},{\"@type\":\"ListItem\",\"position\":2,\"name\":\"Formation ISO 17025 &#8211; MESURIA\"}]},{\"@type\":\"WebSite\",\"@id\":\"https:\\\/\\\/www.reseau-mesure.com\\\/#website\",\"url\":\"https:\\\/\\\/www.reseau-mesure.com\\\/\",\"name\":\"R\u00e9seau-Mesure\",\"description\":\"R\u00e9seau Mesure\",\"publisher\":{\"@id\":\"https:\\\/\\\/www.reseau-mesure.com\\\/#organization\"},\"potentialAction\":[{\"@type\":\"SearchAction\",\"target\":{\"@type\":\"EntryPoint\",\"urlTemplate\":\"https:\\\/\\\/www.reseau-mesure.com\\\/?s={search_term_string}\"},\"query-input\":{\"@type\":\"PropertyValueSpecification\",\"valueRequired\":true,\"valueName\":\"search_term_string\"}}],\"inLanguage\":\"en-US\"},{\"@type\":\"Organization\",\"@id\":\"https:\\\/\\\/www.reseau-mesure.com\\\/#organization\",\"name\":\"R\u00e9seau-Mesure\",\"url\":\"https:\\\/\\\/www.reseau-mesure.com\\\/\",\"logo\":{\"@type\":\"ImageObject\",\"inLanguage\":\"en-US\",\"@id\":\"https:\\\/\\\/www.reseau-mesure.com\\\/#\\\/schema\\\/logo\\\/image\\\/\",\"url\":\"https:\\\/\\\/www.reseau-mesure.com\\\/wp-content\\\/uploads\\\/2018\\\/02\\\/logo-max.png\",\"contentUrl\":\"https:\\\/\\\/www.reseau-mesure.com\\\/wp-content\\\/uploads\\\/2018\\\/02\\\/logo-max.png\",\"width\":545,\"height\":285,\"caption\":\"R\u00e9seau-Mesure\"},\"image\":{\"@id\":\"https:\\\/\\\/www.reseau-mesure.com\\\/#\\\/schema\\\/logo\\\/image\\\/\"},\"sameAs\":[\"https:\\\/\\\/www.facebook.com\\\/reseaumesure\\\/\",\"https:\\\/\\\/x.com\\\/ReseauMesure\",\"https:\\\/\\\/www.linkedin.com\\\/company\\\/reseau-mesure\\\/\"]}]}<\/script>\n<!-- \/ Yoast SEO plugin. -->","yoast_head_json":{"title":"Formation - Formation ISO 17025 - MESURIA - R\u00e9seau Mesure","description":"Formation pour comprendre les exigences de la norme ISO1 7025 et savoir diagnostiquer les besoins dans sa m\u00e9trologie\/laboratoire.","robots":{"index":"index","follow":"follow","max-snippet":"max-snippet:-1","max-image-preview":"max-image-preview:large","max-video-preview":"max-video-preview:-1"},"canonical":"https:\/\/www.reseau-mesure.com\/en\/formation-iso-17025-mesuria\/","og_locale":"en_US","og_type":"article","og_title":"Formation - Formation ISO 17025 - MESURIA - R\u00e9seau Mesure","og_description":"Formation pour comprendre les exigences de la norme ISO1 7025 et savoir diagnostiquer les besoins dans sa m\u00e9trologie\/laboratoire.","og_url":"https:\/\/www.reseau-mesure.com\/en\/formation-iso-17025-mesuria\/","og_site_name":"R\u00e9seau Mesure","article_publisher":"https:\/\/www.facebook.com\/reseaumesure\/","article_modified_time":"2025-11-13T09:23:59+00:00","og_image":[{"url":"https:\/\/www.reseau-mesure.com\/wp-content\/uploads\/2024\/04\/iso-17025-300x229.png","type":"","width":"","height":""}],"twitter_card":"summary_large_image","twitter_site":"@ReseauMesure","twitter_misc":{"Est. reading time":"1 minute"},"schema":{"@context":"https:\/\/schema.org","@graph":[{"@type":"WebPage","@id":"https:\/\/www.reseau-mesure.com\/formation-iso-17025-mesuria\/","url":"https:\/\/www.reseau-mesure.com\/formation-iso-17025-mesuria\/","name":"Formation - Formation ISO 17025 - MESURIA - R\u00e9seau Mesure","isPartOf":{"@id":"https:\/\/www.reseau-mesure.com\/#website"},"primaryImageOfPage":{"@id":"https:\/\/www.reseau-mesure.com\/formation-iso-17025-mesuria\/#primaryimage"},"image":{"@id":"https:\/\/www.reseau-mesure.com\/formation-iso-17025-mesuria\/#primaryimage"},"thumbnailUrl":"https:\/\/www.reseau-mesure.com\/wp-content\/uploads\/2024\/04\/iso-17025-300x229.png","datePublished":"2024-04-11T13:07:13+00:00","dateModified":"2025-11-13T09:23:59+00:00","description":"Formation pour comprendre les exigences de la norme ISO1 7025 et savoir diagnostiquer les besoins dans sa m\u00e9trologie\/laboratoire.","breadcrumb":{"@id":"https:\/\/www.reseau-mesure.com\/formation-iso-17025-mesuria\/#breadcrumb"},"inLanguage":"en-US","potentialAction":[{"@type":"ReadAction","target":["https:\/\/www.reseau-mesure.com\/formation-iso-17025-mesuria\/"]}]},{"@type":"ImageObject","inLanguage":"en-US","@id":"https:\/\/www.reseau-mesure.com\/formation-iso-17025-mesuria\/#primaryimage","url":"https:\/\/www.reseau-mesure.com\/wp-content\/uploads\/2024\/04\/iso-17025-300x229.png","contentUrl":"https:\/\/www.reseau-mesure.com\/wp-content\/uploads\/2024\/04\/iso-17025-300x229.png"},{"@type":"BreadcrumbList","@id":"https:\/\/www.reseau-mesure.com\/formation-iso-17025-mesuria\/#breadcrumb","itemListElement":[{"@type":"ListItem","position":1,"name":"Accueil","item":"https:\/\/www.reseau-mesure.com\/"},{"@type":"ListItem","position":2,"name":"Formation ISO 17025 &#8211; MESURIA"}]},{"@type":"WebSite","@id":"https:\/\/www.reseau-mesure.com\/#website","url":"https:\/\/www.reseau-mesure.com\/","name":"R\u00e9seau-Mesure","description":"Network Measure","publisher":{"@id":"https:\/\/www.reseau-mesure.com\/#organization"},"potentialAction":[{"@type":"SearchAction","target":{"@type":"EntryPoint","urlTemplate":"https:\/\/www.reseau-mesure.com\/?s={search_term_string}"},"query-input":{"@type":"PropertyValueSpecification","valueRequired":true,"valueName":"search_term_string"}}],"inLanguage":"en-US"},{"@type":"Organization","@id":"https:\/\/www.reseau-mesure.com\/#organization","name":"R\u00e9seau-Mesure","url":"https:\/\/www.reseau-mesure.com\/","logo":{"@type":"ImageObject","inLanguage":"en-US","@id":"https:\/\/www.reseau-mesure.com\/#\/schema\/logo\/image\/","url":"https:\/\/www.reseau-mesure.com\/wp-content\/uploads\/2018\/02\/logo-max.png","contentUrl":"https:\/\/www.reseau-mesure.com\/wp-content\/uploads\/2018\/02\/logo-max.png","width":545,"height":285,"caption":"R\u00e9seau-Mesure"},"image":{"@id":"https:\/\/www.reseau-mesure.com\/#\/schema\/logo\/image\/"},"sameAs":["https:\/\/www.facebook.com\/reseaumesure\/","https:\/\/x.com\/ReseauMesure","https:\/\/www.linkedin.com\/company\/reseau-mesure\/"]}]}},"_links":{"self":[{"href":"https:\/\/www.reseau-mesure.com\/en\/wp-json\/wp\/v2\/pages\/22093","targetHints":{"allow":["GET"]}}],"collection":[{"href":"https:\/\/www.reseau-mesure.com\/en\/wp-json\/wp\/v2\/pages"}],"about":[{"href":"https:\/\/www.reseau-mesure.com\/en\/wp-json\/wp\/v2\/types\/page"}],"author":[{"embeddable":true,"href":"https:\/\/www.reseau-mesure.com\/en\/wp-json\/wp\/v2\/users\/349"}],"replies":[{"embeddable":true,"href":"https:\/\/www.reseau-mesure.com\/en\/wp-json\/wp\/v2\/comments?post=22093"}],"version-history":[{"count":0,"href":"https:\/\/www.reseau-mesure.com\/en\/wp-json\/wp\/v2\/pages\/22093\/revisions"}],"wp:attachment":[{"href":"https:\/\/www.reseau-mesure.com\/en\/wp-json\/wp\/v2\/media?parent=22093"}],"curies":[{"name":"wp","href":"https:\/\/api.w.org\/{rel}","templated":true}]}}