{"id":22233,"date":"2024-05-03T11:09:55","date_gmt":"2024-05-03T09:09:55","guid":{"rendered":"https:\/\/www.reseau-mesure.com\/?page_id=22233"},"modified":"2026-03-13T17:52:08","modified_gmt":"2026-03-13T16:52:08","slug":"formation-sur-la-gestion-du-temps","status":"publish","type":"page","link":"https:\/\/www.reseau-mesure.com\/en\/formation-sur-la-gestion-du-temps\/","title":{"rendered":"Formation sur la Gestion du temps"},"content":{"rendered":"<figure itemscope itemtype=\"https:\/\/schema.org\/ImageObject\">\n\t\t\t\t<img decoding=\"async\" src=\"https:\/\/www.reseau-mesure.com\/wp-content\/uploads\/2024\/11\/MarcPetit-Consulting-logo-HORIZONTAL-300x129.png\" alt=\"formateur marc petit\" height=\"129\" width=\"300\" title=\"MarcPetit Consulting logo HORIZONTAL\" onerror=\"this.style.display='none'\" loading=\"lazy\" \/>\n\t<\/figure>\n\t<p>&nbsp;<\/p>\n<p><b>La Gestion du temps \/ pour les Managers d&rsquo;\u00e9quipe<\/b><\/p>\n\t<p>Une formation interactive sur une journ\u00e9e.<\/p>\n<ul>\n<li>La r\u00e9flexion personnelle quant \u00e0 ses actions du quotidien<\/li>\n<li>D\u00e9couvrir les principes de la gestion du temps<\/li>\n<li>Qu&rsquo;est-ce qu&rsquo;une vraie priorit\u00e9\u00a0?<\/li>\n<li>Analyser ses voleurs de temps et ceux de son \u00e9quipe<\/li>\n<li>Apprendre \u00e0 d\u00e9l\u00e9guer : Quoi \u00e0 qui ? (cf profil comportemental)<\/li>\n<li>Savoir planifier efficacement<\/li>\n<li>Elaboration d&rsquo;un plan d&rsquo;am\u00e9lioration personnel pour rendre concret ce pilotage<\/li>\n<\/ul>\n<p>The training will be provided by Marc PETIT, partner of the Measurement Network.<\/p>\n<p><b>R\u00e9seau Mesure is a Qualiopi certified training center allowing support from your OPCO.<\/b><\/p>\n<strong>Number of trainees per session:<\/strong>\u00a0 mini 3 pers. \/ max 6 pers.<br \/>\n<strong>Evaluations 2025<\/strong><em><strong>: <\/strong>3 stagiaires &#8211; moyenne bas\u00e9e sur l&rsquo;atteinte des objectifs, la p\u00e9dagogie et l&rsquo;organisation:\u00a0 \u00a0 9,7\/10 &#8211; \u00a0atteinte des objectifs:\u00a0 \u00a09.5\/10<\/em>\n<p><strong>Next session\u00a0<\/strong>:\u00a0<a href=\"https:\/\/www.reseau-mesure.com\/en\/la-formation-rm\/\" target=\"_blank\" rel=\"noopener\">consultez le planning<\/a>\u00a0&#8211;\u00a0Nous planifions les dates en fonction de vos demandes, alors n&rsquo;h\u00e9sitez pas \u00e0\u00a0<a href=\"mailto:confray@reseau-mesure.com\">Contact us<\/a>\u00a0!<\/p>\n\t\t\t<a href=\"https:\/\/www.reseau-mesure.com\/wp-content\/uploads\/2024\/02\/presentation-Gestion-du-temps-Manager-2026.pdf\"  target=\"_blank\" rel=\"noopener\">\n\t\t\t\t\t\t\tpresentation\n\t\t\t\t\t<\/a>\n\t\t\t<a href=\"https:\/\/www.reseau-mesure.com\/wp-content\/uploads\/2025\/11\/programme-Gestion-du-temps-Manager-2026.pdf\"  target=\"_blank\" rel=\"noopener\"   download>\n\t\t\t\t\t\t\tProgram\n\t\t\t\t\t<\/a>\n\t\t\t<a href=\"mailto:confray@reseau-mesure.com\"  target=\"_blank\" rel=\"noopener\">\n\t\t\t\t\t\t\tSubscription request\n\t\t\t\t\t<\/a>\n\t<p>&nbsp;<\/p>\n<p><b>La Gestion du temps \/ pour les non-Managers<\/b><\/p>\n\t<p>.Une formation interactive sur une journ\u00e9e.<\/p>\n<ul>\n<li>R\u00e9flexion personnelle quant \u00e0 ses actions du quotidien et son organisation actuelle<\/li>\n<li>D\u00e9couvrir les principes de la gestion du temps<\/li>\n<li>Qu&rsquo;est-ce qu&rsquo;une vraie priorit\u00e9\u00a0?<\/li>\n<li>Analyser ses voleurs de temps<\/li>\n<li>Apprendre \u00e0 dire NON\u00a0!<\/li>\n<li>Mieux g\u00e9rer\u00a0: les mails, les appels t\u00e9l\u00e9phoniques, les r\u00e9unions<\/li>\n<li>Plan de journ\u00e9e, semaine, mois, ann\u00e9e et la todolist<\/li>\n<li>Construire un plan d&rsquo;actions efficace<\/li>\n<li>Elaboration d&rsquo;un plan d&rsquo;am\u00e9lioration personnel pour rendre concret ce changement.<\/li>\n<\/ul>\n<p>The training will be provided by Marc PETIT, partner of the Measurement Network.<\/p>\n<p><b>R\u00e9seau Mesure is a Qualiopi certified training center allowing support from your OPCO.<\/b><\/p>\n<p><strong>Number of trainees per session:<\/strong>\u00a0 mini 4 pers. \/ max 6 pers.<\/p>\n<p><strong>Evaluations 2026: <\/strong>2\u00a0stagiaires &#8211; <em>moyenne bas\u00e9e sur l&rsquo;atteinte des objectifs, la p\u00e9dagogie et l&rsquo;organisation<\/em>:\u00a0 9.7\/10 &#8211; <em>\u00a0atteinte des objectifs:\u00a0 \u00a010\/10\u00a0<\/em><\/p>\n<p><strong>Next session\u00a0<\/strong>:\u00a0<a href=\"https:\/\/www.reseau-mesure.com\/en\/la-formation-rm\/\" target=\"_blank\" rel=\"noopener\">consultez le planning<\/a>\u00a0&#8211;\u00a0Nous planifions les dates en fonction de vos demandes, alors n&rsquo;h\u00e9sitez pas \u00e0\u00a0<a href=\"mailto:confray@reseau-mesure.com\">Contact us<\/a>\u00a0!<\/p>\n\t\t\t<a href=\"https:\/\/www.reseau-mesure.com\/wp-content\/uploads\/2024\/02\/presentation-Gestion-du-temps-Non-Manager-2026.pdf\"  target=\"_blank\" rel=\"noopener\">\n\t\t\t\t\t\t\tpresentation\n\t\t\t\t\t<\/a>\n\t\t\t<a href=\"https:\/\/www.reseau-mesure.com\/wp-content\/uploads\/2025\/11\/programme-Gestion-du-temps-Non-Manager-2026.pdf\"  target=\"_blank\" rel=\"noopener\">\n\t\t\t\t\t\t\tProgram\n\t\t\t\t\t<\/a>\n\t\t\t<a href=\"mailto:confray@reseau-mesure.com\"  target=\"_blank\" rel=\"noopener\">\n\t\t\t\t\t\t\tSubscription request\n\t\t\t\t\t<\/a>","protected":false},"excerpt":{"rendered":"<p>&nbsp; La Gestion du temps \/ pour les Managers d&rsquo;\u00e9quipe Une formation interactive sur une journ\u00e9e. La r\u00e9flexion personnelle quant \u00e0 ses actions du quotidien D\u00e9couvrir les principes de la gestion du temps Qu&rsquo;est-ce qu&rsquo;une vraie priorit\u00e9\u00a0? Analyser ses voleurs de temps et ceux de son \u00e9quipe Apprendre \u00e0 d\u00e9l\u00e9guer : Quoi \u00e0 qui ?&hellip;<\/p>","protected":false},"author":349,"featured_media":0,"parent":0,"menu_order":0,"comment_status":"closed","ping_status":"closed","template":"","meta":{"_acf_changed":false,"footnotes":""},"class_list":["post-22233","page","type-page","status-publish","hentry"],"acf":[],"yoast_head":"<!-- This site is optimized with the Yoast SEO plugin v27.4 - https:\/\/yoast.com\/product\/yoast-seo-wordpress\/ -->\n<title>Formation - Formation sur la Gestion du temps - R\u00e9seau Mesure<\/title>\n<meta name=\"description\" content=\"Formation interactive sur la Gestion du temps, Mettre en place les meilleures techniques de priorisation, plan d&#039;actions\" \/>\n<meta name=\"robots\" content=\"index, follow, max-snippet:-1, max-image-preview:large, max-video-preview:-1\" \/>\n<link rel=\"canonical\" href=\"https:\/\/www.reseau-mesure.com\/en\/formation-sur-la-gestion-du-temps\/\" \/>\n<meta property=\"og:locale\" content=\"en_US\" \/>\n<meta property=\"og:type\" content=\"article\" \/>\n<meta property=\"og:title\" content=\"Formation - Formation sur la Gestion du temps - R\u00e9seau Mesure\" \/>\n<meta property=\"og:description\" content=\"Formation interactive sur la Gestion du temps, Mettre en place les meilleures techniques de priorisation, plan d&#039;actions\" \/>\n<meta property=\"og:url\" content=\"https:\/\/www.reseau-mesure.com\/en\/formation-sur-la-gestion-du-temps\/\" \/>\n<meta property=\"og:site_name\" content=\"R\u00e9seau Mesure\" \/>\n<meta property=\"article:publisher\" content=\"https:\/\/www.facebook.com\/reseaumesure\/\" \/>\n<meta property=\"article:modified_time\" content=\"2026-03-13T16:52:08+00:00\" \/>\n<meta property=\"og:image\" content=\"https:\/\/www.reseau-mesure.com\/wp-content\/uploads\/2024\/11\/MarcPetit-Consulting-logo-HORIZONTAL-300x129.png\" \/>\n<meta name=\"twitter:card\" content=\"summary_large_image\" \/>\n<meta name=\"twitter:site\" content=\"@ReseauMesure\" \/>\n<meta name=\"twitter:label1\" content=\"Est. reading time\" \/>\n\t<meta name=\"twitter:data1\" content=\"2 minutes\" \/>\n<script type=\"application\/ld+json\" class=\"yoast-schema-graph\">{\"@context\":\"https:\\\/\\\/schema.org\",\"@graph\":[{\"@type\":\"WebPage\",\"@id\":\"https:\\\/\\\/www.reseau-mesure.com\\\/formation-sur-la-gestion-du-temps\\\/\",\"url\":\"https:\\\/\\\/www.reseau-mesure.com\\\/formation-sur-la-gestion-du-temps\\\/\",\"name\":\"Formation - Formation sur la Gestion du temps - R\u00e9seau Mesure\",\"isPartOf\":{\"@id\":\"https:\\\/\\\/www.reseau-mesure.com\\\/#website\"},\"primaryImageOfPage\":{\"@id\":\"https:\\\/\\\/www.reseau-mesure.com\\\/formation-sur-la-gestion-du-temps\\\/#primaryimage\"},\"image\":{\"@id\":\"https:\\\/\\\/www.reseau-mesure.com\\\/formation-sur-la-gestion-du-temps\\\/#primaryimage\"},\"thumbnailUrl\":\"https:\\\/\\\/www.reseau-mesure.com\\\/wp-content\\\/uploads\\\/2024\\\/11\\\/MarcPetit-Consulting-logo-HORIZONTAL-300x129.png\",\"datePublished\":\"2024-05-03T09:09:55+00:00\",\"dateModified\":\"2026-03-13T16:52:08+00:00\",\"description\":\"Formation interactive sur la Gestion du temps, Mettre en place les meilleures techniques de priorisation, plan d'actions\",\"breadcrumb\":{\"@id\":\"https:\\\/\\\/www.reseau-mesure.com\\\/formation-sur-la-gestion-du-temps\\\/#breadcrumb\"},\"inLanguage\":\"en-US\",\"potentialAction\":[{\"@type\":\"ReadAction\",\"target\":[\"https:\\\/\\\/www.reseau-mesure.com\\\/formation-sur-la-gestion-du-temps\\\/\"]}]},{\"@type\":\"ImageObject\",\"inLanguage\":\"en-US\",\"@id\":\"https:\\\/\\\/www.reseau-mesure.com\\\/formation-sur-la-gestion-du-temps\\\/#primaryimage\",\"url\":\"https:\\\/\\\/www.reseau-mesure.com\\\/wp-content\\\/uploads\\\/2024\\\/11\\\/MarcPetit-Consulting-logo-HORIZONTAL-300x129.png\",\"contentUrl\":\"https:\\\/\\\/www.reseau-mesure.com\\\/wp-content\\\/uploads\\\/2024\\\/11\\\/MarcPetit-Consulting-logo-HORIZONTAL-300x129.png\"},{\"@type\":\"BreadcrumbList\",\"@id\":\"https:\\\/\\\/www.reseau-mesure.com\\\/formation-sur-la-gestion-du-temps\\\/#breadcrumb\",\"itemListElement\":[{\"@type\":\"ListItem\",\"position\":1,\"name\":\"Accueil\",\"item\":\"https:\\\/\\\/www.reseau-mesure.com\\\/\"},{\"@type\":\"ListItem\",\"position\":2,\"name\":\"Formation sur la Gestion du temps\"}]},{\"@type\":\"WebSite\",\"@id\":\"https:\\\/\\\/www.reseau-mesure.com\\\/#website\",\"url\":\"https:\\\/\\\/www.reseau-mesure.com\\\/\",\"name\":\"R\u00e9seau-Mesure\",\"description\":\"R\u00e9seau Mesure\",\"publisher\":{\"@id\":\"https:\\\/\\\/www.reseau-mesure.com\\\/#organization\"},\"potentialAction\":[{\"@type\":\"SearchAction\",\"target\":{\"@type\":\"EntryPoint\",\"urlTemplate\":\"https:\\\/\\\/www.reseau-mesure.com\\\/?s={search_term_string}\"},\"query-input\":{\"@type\":\"PropertyValueSpecification\",\"valueRequired\":true,\"valueName\":\"search_term_string\"}}],\"inLanguage\":\"en-US\"},{\"@type\":\"Organization\",\"@id\":\"https:\\\/\\\/www.reseau-mesure.com\\\/#organization\",\"name\":\"R\u00e9seau-Mesure\",\"url\":\"https:\\\/\\\/www.reseau-mesure.com\\\/\",\"logo\":{\"@type\":\"ImageObject\",\"inLanguage\":\"en-US\",\"@id\":\"https:\\\/\\\/www.reseau-mesure.com\\\/#\\\/schema\\\/logo\\\/image\\\/\",\"url\":\"https:\\\/\\\/www.reseau-mesure.com\\\/wp-content\\\/uploads\\\/2018\\\/02\\\/logo-max.png\",\"contentUrl\":\"https:\\\/\\\/www.reseau-mesure.com\\\/wp-content\\\/uploads\\\/2018\\\/02\\\/logo-max.png\",\"width\":545,\"height\":285,\"caption\":\"R\u00e9seau-Mesure\"},\"image\":{\"@id\":\"https:\\\/\\\/www.reseau-mesure.com\\\/#\\\/schema\\\/logo\\\/image\\\/\"},\"sameAs\":[\"https:\\\/\\\/www.facebook.com\\\/reseaumesure\\\/\",\"https:\\\/\\\/x.com\\\/ReseauMesure\",\"https:\\\/\\\/www.linkedin.com\\\/company\\\/reseau-mesure\\\/\"]}]}<\/script>\n<!-- \/ Yoast SEO plugin. -->","yoast_head_json":{"title":"Formation - Formation sur la Gestion du temps - R\u00e9seau Mesure","description":"Formation interactive sur la Gestion du temps, Mettre en place les meilleures techniques de priorisation, plan d'actions","robots":{"index":"index","follow":"follow","max-snippet":"max-snippet:-1","max-image-preview":"max-image-preview:large","max-video-preview":"max-video-preview:-1"},"canonical":"https:\/\/www.reseau-mesure.com\/en\/formation-sur-la-gestion-du-temps\/","og_locale":"en_US","og_type":"article","og_title":"Formation - Formation sur la Gestion du temps - R\u00e9seau Mesure","og_description":"Formation interactive sur la Gestion du temps, Mettre en place les meilleures techniques de priorisation, plan d'actions","og_url":"https:\/\/www.reseau-mesure.com\/en\/formation-sur-la-gestion-du-temps\/","og_site_name":"R\u00e9seau Mesure","article_publisher":"https:\/\/www.facebook.com\/reseaumesure\/","article_modified_time":"2026-03-13T16:52:08+00:00","og_image":[{"url":"https:\/\/www.reseau-mesure.com\/wp-content\/uploads\/2024\/11\/MarcPetit-Consulting-logo-HORIZONTAL-300x129.png","type":"","width":"","height":""}],"twitter_card":"summary_large_image","twitter_site":"@ReseauMesure","twitter_misc":{"Est. reading time":"2 minutes"},"schema":{"@context":"https:\/\/schema.org","@graph":[{"@type":"WebPage","@id":"https:\/\/www.reseau-mesure.com\/formation-sur-la-gestion-du-temps\/","url":"https:\/\/www.reseau-mesure.com\/formation-sur-la-gestion-du-temps\/","name":"Formation - Formation sur la Gestion du temps - R\u00e9seau Mesure","isPartOf":{"@id":"https:\/\/www.reseau-mesure.com\/#website"},"primaryImageOfPage":{"@id":"https:\/\/www.reseau-mesure.com\/formation-sur-la-gestion-du-temps\/#primaryimage"},"image":{"@id":"https:\/\/www.reseau-mesure.com\/formation-sur-la-gestion-du-temps\/#primaryimage"},"thumbnailUrl":"https:\/\/www.reseau-mesure.com\/wp-content\/uploads\/2024\/11\/MarcPetit-Consulting-logo-HORIZONTAL-300x129.png","datePublished":"2024-05-03T09:09:55+00:00","dateModified":"2026-03-13T16:52:08+00:00","description":"Formation interactive sur la Gestion du temps, Mettre en place les meilleures techniques de priorisation, plan d'actions","breadcrumb":{"@id":"https:\/\/www.reseau-mesure.com\/formation-sur-la-gestion-du-temps\/#breadcrumb"},"inLanguage":"en-US","potentialAction":[{"@type":"ReadAction","target":["https:\/\/www.reseau-mesure.com\/formation-sur-la-gestion-du-temps\/"]}]},{"@type":"ImageObject","inLanguage":"en-US","@id":"https:\/\/www.reseau-mesure.com\/formation-sur-la-gestion-du-temps\/#primaryimage","url":"https:\/\/www.reseau-mesure.com\/wp-content\/uploads\/2024\/11\/MarcPetit-Consulting-logo-HORIZONTAL-300x129.png","contentUrl":"https:\/\/www.reseau-mesure.com\/wp-content\/uploads\/2024\/11\/MarcPetit-Consulting-logo-HORIZONTAL-300x129.png"},{"@type":"BreadcrumbList","@id":"https:\/\/www.reseau-mesure.com\/formation-sur-la-gestion-du-temps\/#breadcrumb","itemListElement":[{"@type":"ListItem","position":1,"name":"Accueil","item":"https:\/\/www.reseau-mesure.com\/"},{"@type":"ListItem","position":2,"name":"Formation sur la Gestion du temps"}]},{"@type":"WebSite","@id":"https:\/\/www.reseau-mesure.com\/#website","url":"https:\/\/www.reseau-mesure.com\/","name":"R\u00e9seau-Mesure","description":"Network Measure","publisher":{"@id":"https:\/\/www.reseau-mesure.com\/#organization"},"potentialAction":[{"@type":"SearchAction","target":{"@type":"EntryPoint","urlTemplate":"https:\/\/www.reseau-mesure.com\/?s={search_term_string}"},"query-input":{"@type":"PropertyValueSpecification","valueRequired":true,"valueName":"search_term_string"}}],"inLanguage":"en-US"},{"@type":"Organization","@id":"https:\/\/www.reseau-mesure.com\/#organization","name":"R\u00e9seau-Mesure","url":"https:\/\/www.reseau-mesure.com\/","logo":{"@type":"ImageObject","inLanguage":"en-US","@id":"https:\/\/www.reseau-mesure.com\/#\/schema\/logo\/image\/","url":"https:\/\/www.reseau-mesure.com\/wp-content\/uploads\/2018\/02\/logo-max.png","contentUrl":"https:\/\/www.reseau-mesure.com\/wp-content\/uploads\/2018\/02\/logo-max.png","width":545,"height":285,"caption":"R\u00e9seau-Mesure"},"image":{"@id":"https:\/\/www.reseau-mesure.com\/#\/schema\/logo\/image\/"},"sameAs":["https:\/\/www.facebook.com\/reseaumesure\/","https:\/\/x.com\/ReseauMesure","https:\/\/www.linkedin.com\/company\/reseau-mesure\/"]}]}},"_links":{"self":[{"href":"https:\/\/www.reseau-mesure.com\/en\/wp-json\/wp\/v2\/pages\/22233","targetHints":{"allow":["GET"]}}],"collection":[{"href":"https:\/\/www.reseau-mesure.com\/en\/wp-json\/wp\/v2\/pages"}],"about":[{"href":"https:\/\/www.reseau-mesure.com\/en\/wp-json\/wp\/v2\/types\/page"}],"author":[{"embeddable":true,"href":"https:\/\/www.reseau-mesure.com\/en\/wp-json\/wp\/v2\/users\/349"}],"replies":[{"embeddable":true,"href":"https:\/\/www.reseau-mesure.com\/en\/wp-json\/wp\/v2\/comments?post=22233"}],"version-history":[{"count":2,"href":"https:\/\/www.reseau-mesure.com\/en\/wp-json\/wp\/v2\/pages\/22233\/revisions"}],"predecessor-version":[{"id":30327,"href":"https:\/\/www.reseau-mesure.com\/en\/wp-json\/wp\/v2\/pages\/22233\/revisions\/30327"}],"wp:attachment":[{"href":"https:\/\/www.reseau-mesure.com\/en\/wp-json\/wp\/v2\/media?parent=22233"}],"curies":[{"name":"wp","href":"https:\/\/api.w.org\/{rel}","templated":true}]}}