{"id":22501,"date":"2024-06-04T14:06:47","date_gmt":"2024-06-04T12:06:47","guid":{"rendered":"https:\/\/www.reseau-mesure.com\/?page_id=22501"},"modified":"2024-11-29T15:10:19","modified_gmt":"2024-11-29T14:10:19","slug":"la-formation-de-ferrocampus","status":"publish","type":"page","link":"https:\/\/www.reseau-mesure.com\/en\/la-formation-de-ferrocampus\/","title":{"rendered":"La formation de Ferrocampus"},"content":{"rendered":"<a href=\"https:\/\/www.solarisconseil.com\/\" target=\"_self\" itemprop=\"url\" rel=\"noopener\">\n\t\t\t\t<img loading=\"lazy\" decoding=\"async\" src=\"https:\/\/www.reseau-mesure.com\/wp-content\/uploads\/2024\/06\/Ferrocampus_QUADRI-en-tete-.webp\" alt=\"Ferrocampus_QUADRI-en-tete-\" itemprop=\"image\" height=\"53\" width=\"300\" title=\"Ferrocampus_QUADRI-en-tete-\" onerror=\"this.style.display='none'\"  \/>\n\t\t\t\t<\/a>\n\t<p>&nbsp;<\/p>\n<p><b>SECUFER : <strong>Acc\u00e8s et d\u00e9placement <\/strong><\/b><\/p>\n<p><b><strong>dans les emprises ferroviaires <\/strong><\/b><\/p>\n\t<p><strong>\u00a0<\/strong>Cette formation\u00a0 de 7h r\u00e9pond aux exigences du d\u00e9cret n\u00b02017-694 du 2 mai 2017, dit d\u00e9cret Secufer notamment en r\u00e9alisant des exercices pratiques et une \u00e9valuation pratique individuelle.<\/p>\n<p>Chaque personne qui doit intervenir dans une emprise ferroviaire doit r\u00e9pondre aux exigences du dit d\u00e9cret.<\/p>\n<table width=\"100%\">\n<tbody>\n<tr>\n<td><b>R\u00e9seau Mesure is a Qualiopi certified training center allowing support from your OPCO.<\/b>\n<strong>Number of trainees per session:<\/strong>\u00a0 2 pers mini et 8 maximum<br \/>\n<strong>Evaluations 2024: <\/strong>9\u00a0stagiaires &#8211;\u00a0<em>moyenne bas\u00e9e sur l&rsquo;atteinte des objectifs, la p\u00e9dagogie et l&rsquo;organisation<\/em>:\u00a0 9.2\/10 &#8211; <em>\u00a0atteinte des objectifs:\u00a0 \u00a08.8\/10\u00a0<\/em>\n<p>The training dates are to be planned directly with <a href=\"\/en\/ludovic.vermeulen@ferrocampus.fr\/\" target=\"_blank\" rel=\"noopener\">FERROCAMPUS<\/a><\/p>\n<\/td>\n<\/tr>\n<tr>\n\n<\/tr>\n<tr>\n\n<\/tr>\n<\/tbody>\n<\/table>\n\t\t\t<a href=\"https:\/\/www.reseau-mesure.com\/wp-content\/uploads\/2024\/06\/FERROCAMPUS_presentation_SecuFer-2024-v1.pdf\" target=\"_blank\" rel=\"noopener\">\n\t\t\t\t\t\t\tpresentation\n\t\t\t\t\t<\/a>\n\t\t\t<a href=\"https:\/\/www.reseau-mesure.com\/wp-content\/uploads\/2024\/06\/FERROCAMPUS_Programme_SecuFer-2024-v1.pdf\" target=\"_blank\" rel=\"noopener\">\n\t\t\t\t\t\t\tProgram\n\t\t\t\t\t<\/a>\n\t\t\t<a href=\"mailto:ludovic.vermeulen@ferrocampus.fr\" target=\"_blank\" rel=\"noopener\">\n\t\t\t\t\t\t\tSubscription request\n\t\t\t\t\t<\/a>","protected":false},"excerpt":{"rendered":"<p>&nbsp; SECUFER : Acc\u00e8s et d\u00e9placement dans les emprises ferroviaires \u00a0Cette formation\u00a0 de 7h r\u00e9pond aux exigences du d\u00e9cret n\u00b02017-694 du 2 mai 2017, dit d\u00e9cret Secufer notamment en r\u00e9alisant des exercices pratiques et une \u00e9valuation pratique individuelle. Chaque personne qui doit intervenir dans une emprise ferroviaire doit r\u00e9pondre aux exigences du dit d\u00e9cret. R\u00e9seau&hellip;<\/p>","protected":false},"author":349,"featured_media":0,"parent":0,"menu_order":0,"comment_status":"closed","ping_status":"closed","template":"","meta":{"_acf_changed":false,"footnotes":""},"class_list":["post-22501","page","type-page","status-publish","hentry"],"acf":[],"yoast_head":"<!-- This site is optimized with the Yoast SEO plugin v27.5 - https:\/\/yoast.com\/product\/yoast-seo-wordpress\/ -->\n<title>Formation - La formation de Ferrocampus - R\u00e9seau Mesure<\/title>\n<meta name=\"description\" content=\"formation Secufer : acc\u00e8s et d\u00e9placement dans les emprises ferroviaires, th\u00e9orie et pratique sur une journ\u00e9e\" \/>\n<meta name=\"robots\" content=\"index, follow, max-snippet:-1, max-image-preview:large, max-video-preview:-1\" \/>\n<link rel=\"canonical\" href=\"https:\/\/www.reseau-mesure.com\/en\/la-formation-de-ferrocampus\/\" \/>\n<meta property=\"og:locale\" content=\"en_US\" \/>\n<meta property=\"og:type\" content=\"article\" \/>\n<meta property=\"og:title\" content=\"Formation - La formation de Ferrocampus - R\u00e9seau Mesure\" \/>\n<meta property=\"og:description\" content=\"formation Secufer : acc\u00e8s et d\u00e9placement dans les emprises ferroviaires, th\u00e9orie et pratique sur une journ\u00e9e\" \/>\n<meta property=\"og:url\" content=\"https:\/\/www.reseau-mesure.com\/en\/la-formation-de-ferrocampus\/\" \/>\n<meta property=\"og:site_name\" content=\"R\u00e9seau Mesure\" \/>\n<meta property=\"article:publisher\" content=\"https:\/\/www.facebook.com\/reseaumesure\/\" \/>\n<meta property=\"article:modified_time\" content=\"2024-11-29T14:10:19+00:00\" \/>\n<meta property=\"og:image\" content=\"https:\/\/www.reseau-mesure.com\/wp-content\/uploads\/2024\/06\/Ferrocampus_QUADRI-en-tete-.webp\" \/>\n<meta name=\"twitter:card\" content=\"summary_large_image\" \/>\n<meta name=\"twitter:site\" content=\"@ReseauMesure\" \/>\n<meta name=\"twitter:label1\" content=\"Est. reading time\" \/>\n\t<meta name=\"twitter:data1\" content=\"2 minutes\" \/>\n<script type=\"application\/ld+json\" class=\"yoast-schema-graph\">{\"@context\":\"https:\\\/\\\/schema.org\",\"@graph\":[{\"@type\":\"WebPage\",\"@id\":\"https:\\\/\\\/www.reseau-mesure.com\\\/la-formation-de-ferrocampus\\\/\",\"url\":\"https:\\\/\\\/www.reseau-mesure.com\\\/la-formation-de-ferrocampus\\\/\",\"name\":\"Formation - La formation de Ferrocampus - R\u00e9seau Mesure\",\"isPartOf\":{\"@id\":\"https:\\\/\\\/www.reseau-mesure.com\\\/#website\"},\"primaryImageOfPage\":{\"@id\":\"https:\\\/\\\/www.reseau-mesure.com\\\/la-formation-de-ferrocampus\\\/#primaryimage\"},\"image\":{\"@id\":\"https:\\\/\\\/www.reseau-mesure.com\\\/la-formation-de-ferrocampus\\\/#primaryimage\"},\"thumbnailUrl\":\"https:\\\/\\\/www.reseau-mesure.com\\\/wp-content\\\/uploads\\\/2024\\\/06\\\/Ferrocampus_QUADRI-en-tete-.webp\",\"datePublished\":\"2024-06-04T12:06:47+00:00\",\"dateModified\":\"2024-11-29T14:10:19+00:00\",\"description\":\"formation Secufer : acc\u00e8s et d\u00e9placement dans les emprises ferroviaires, th\u00e9orie et pratique sur une journ\u00e9e\",\"breadcrumb\":{\"@id\":\"https:\\\/\\\/www.reseau-mesure.com\\\/la-formation-de-ferrocampus\\\/#breadcrumb\"},\"inLanguage\":\"en-US\",\"potentialAction\":[{\"@type\":\"ReadAction\",\"target\":[\"https:\\\/\\\/www.reseau-mesure.com\\\/la-formation-de-ferrocampus\\\/\"]}]},{\"@type\":\"ImageObject\",\"inLanguage\":\"en-US\",\"@id\":\"https:\\\/\\\/www.reseau-mesure.com\\\/la-formation-de-ferrocampus\\\/#primaryimage\",\"url\":\"https:\\\/\\\/www.reseau-mesure.com\\\/wp-content\\\/uploads\\\/2024\\\/06\\\/Ferrocampus_QUADRI-en-tete-.webp\",\"contentUrl\":\"https:\\\/\\\/www.reseau-mesure.com\\\/wp-content\\\/uploads\\\/2024\\\/06\\\/Ferrocampus_QUADRI-en-tete-.webp\"},{\"@type\":\"BreadcrumbList\",\"@id\":\"https:\\\/\\\/www.reseau-mesure.com\\\/la-formation-de-ferrocampus\\\/#breadcrumb\",\"itemListElement\":[{\"@type\":\"ListItem\",\"position\":1,\"name\":\"Accueil\",\"item\":\"https:\\\/\\\/www.reseau-mesure.com\\\/\"},{\"@type\":\"ListItem\",\"position\":2,\"name\":\"La formation de Ferrocampus\"}]},{\"@type\":\"WebSite\",\"@id\":\"https:\\\/\\\/www.reseau-mesure.com\\\/#website\",\"url\":\"https:\\\/\\\/www.reseau-mesure.com\\\/\",\"name\":\"R\u00e9seau-Mesure\",\"description\":\"R\u00e9seau Mesure\",\"publisher\":{\"@id\":\"https:\\\/\\\/www.reseau-mesure.com\\\/#organization\"},\"potentialAction\":[{\"@type\":\"SearchAction\",\"target\":{\"@type\":\"EntryPoint\",\"urlTemplate\":\"https:\\\/\\\/www.reseau-mesure.com\\\/?s={search_term_string}\"},\"query-input\":{\"@type\":\"PropertyValueSpecification\",\"valueRequired\":true,\"valueName\":\"search_term_string\"}}],\"inLanguage\":\"en-US\"},{\"@type\":\"Organization\",\"@id\":\"https:\\\/\\\/www.reseau-mesure.com\\\/#organization\",\"name\":\"R\u00e9seau-Mesure\",\"url\":\"https:\\\/\\\/www.reseau-mesure.com\\\/\",\"logo\":{\"@type\":\"ImageObject\",\"inLanguage\":\"en-US\",\"@id\":\"https:\\\/\\\/www.reseau-mesure.com\\\/#\\\/schema\\\/logo\\\/image\\\/\",\"url\":\"https:\\\/\\\/www.reseau-mesure.com\\\/wp-content\\\/uploads\\\/2018\\\/02\\\/logo-max.png\",\"contentUrl\":\"https:\\\/\\\/www.reseau-mesure.com\\\/wp-content\\\/uploads\\\/2018\\\/02\\\/logo-max.png\",\"width\":545,\"height\":285,\"caption\":\"R\u00e9seau-Mesure\"},\"image\":{\"@id\":\"https:\\\/\\\/www.reseau-mesure.com\\\/#\\\/schema\\\/logo\\\/image\\\/\"},\"sameAs\":[\"https:\\\/\\\/www.facebook.com\\\/reseaumesure\\\/\",\"https:\\\/\\\/x.com\\\/ReseauMesure\",\"https:\\\/\\\/www.linkedin.com\\\/company\\\/reseau-mesure\\\/\"]}]}<\/script>\n<!-- \/ Yoast SEO plugin. -->","yoast_head_json":{"title":"Formation - La formation de Ferrocampus - R\u00e9seau Mesure","description":"formation Secufer : acc\u00e8s et d\u00e9placement dans les emprises ferroviaires, th\u00e9orie et pratique sur une journ\u00e9e","robots":{"index":"index","follow":"follow","max-snippet":"max-snippet:-1","max-image-preview":"max-image-preview:large","max-video-preview":"max-video-preview:-1"},"canonical":"https:\/\/www.reseau-mesure.com\/en\/la-formation-de-ferrocampus\/","og_locale":"en_US","og_type":"article","og_title":"Formation - La formation de Ferrocampus - R\u00e9seau Mesure","og_description":"formation Secufer : acc\u00e8s et d\u00e9placement dans les emprises ferroviaires, th\u00e9orie et pratique sur une journ\u00e9e","og_url":"https:\/\/www.reseau-mesure.com\/en\/la-formation-de-ferrocampus\/","og_site_name":"R\u00e9seau Mesure","article_publisher":"https:\/\/www.facebook.com\/reseaumesure\/","article_modified_time":"2024-11-29T14:10:19+00:00","og_image":[{"url":"https:\/\/www.reseau-mesure.com\/wp-content\/uploads\/2024\/06\/Ferrocampus_QUADRI-en-tete-.webp","type":"","width":"","height":""}],"twitter_card":"summary_large_image","twitter_site":"@ReseauMesure","twitter_misc":{"Est. reading time":"2 minutes"},"schema":{"@context":"https:\/\/schema.org","@graph":[{"@type":"WebPage","@id":"https:\/\/www.reseau-mesure.com\/la-formation-de-ferrocampus\/","url":"https:\/\/www.reseau-mesure.com\/la-formation-de-ferrocampus\/","name":"Formation - La formation de Ferrocampus - R\u00e9seau Mesure","isPartOf":{"@id":"https:\/\/www.reseau-mesure.com\/#website"},"primaryImageOfPage":{"@id":"https:\/\/www.reseau-mesure.com\/la-formation-de-ferrocampus\/#primaryimage"},"image":{"@id":"https:\/\/www.reseau-mesure.com\/la-formation-de-ferrocampus\/#primaryimage"},"thumbnailUrl":"https:\/\/www.reseau-mesure.com\/wp-content\/uploads\/2024\/06\/Ferrocampus_QUADRI-en-tete-.webp","datePublished":"2024-06-04T12:06:47+00:00","dateModified":"2024-11-29T14:10:19+00:00","description":"formation Secufer : acc\u00e8s et d\u00e9placement dans les emprises ferroviaires, th\u00e9orie et pratique sur une journ\u00e9e","breadcrumb":{"@id":"https:\/\/www.reseau-mesure.com\/la-formation-de-ferrocampus\/#breadcrumb"},"inLanguage":"en-US","potentialAction":[{"@type":"ReadAction","target":["https:\/\/www.reseau-mesure.com\/la-formation-de-ferrocampus\/"]}]},{"@type":"ImageObject","inLanguage":"en-US","@id":"https:\/\/www.reseau-mesure.com\/la-formation-de-ferrocampus\/#primaryimage","url":"https:\/\/www.reseau-mesure.com\/wp-content\/uploads\/2024\/06\/Ferrocampus_QUADRI-en-tete-.webp","contentUrl":"https:\/\/www.reseau-mesure.com\/wp-content\/uploads\/2024\/06\/Ferrocampus_QUADRI-en-tete-.webp"},{"@type":"BreadcrumbList","@id":"https:\/\/www.reseau-mesure.com\/la-formation-de-ferrocampus\/#breadcrumb","itemListElement":[{"@type":"ListItem","position":1,"name":"Accueil","item":"https:\/\/www.reseau-mesure.com\/"},{"@type":"ListItem","position":2,"name":"La formation de Ferrocampus"}]},{"@type":"WebSite","@id":"https:\/\/www.reseau-mesure.com\/#website","url":"https:\/\/www.reseau-mesure.com\/","name":"R\u00e9seau-Mesure","description":"Network Measure","publisher":{"@id":"https:\/\/www.reseau-mesure.com\/#organization"},"potentialAction":[{"@type":"SearchAction","target":{"@type":"EntryPoint","urlTemplate":"https:\/\/www.reseau-mesure.com\/?s={search_term_string}"},"query-input":{"@type":"PropertyValueSpecification","valueRequired":true,"valueName":"search_term_string"}}],"inLanguage":"en-US"},{"@type":"Organization","@id":"https:\/\/www.reseau-mesure.com\/#organization","name":"R\u00e9seau-Mesure","url":"https:\/\/www.reseau-mesure.com\/","logo":{"@type":"ImageObject","inLanguage":"en-US","@id":"https:\/\/www.reseau-mesure.com\/#\/schema\/logo\/image\/","url":"https:\/\/www.reseau-mesure.com\/wp-content\/uploads\/2018\/02\/logo-max.png","contentUrl":"https:\/\/www.reseau-mesure.com\/wp-content\/uploads\/2018\/02\/logo-max.png","width":545,"height":285,"caption":"R\u00e9seau-Mesure"},"image":{"@id":"https:\/\/www.reseau-mesure.com\/#\/schema\/logo\/image\/"},"sameAs":["https:\/\/www.facebook.com\/reseaumesure\/","https:\/\/x.com\/ReseauMesure","https:\/\/www.linkedin.com\/company\/reseau-mesure\/"]}]}},"_links":{"self":[{"href":"https:\/\/www.reseau-mesure.com\/en\/wp-json\/wp\/v2\/pages\/22501","targetHints":{"allow":["GET"]}}],"collection":[{"href":"https:\/\/www.reseau-mesure.com\/en\/wp-json\/wp\/v2\/pages"}],"about":[{"href":"https:\/\/www.reseau-mesure.com\/en\/wp-json\/wp\/v2\/types\/page"}],"author":[{"embeddable":true,"href":"https:\/\/www.reseau-mesure.com\/en\/wp-json\/wp\/v2\/users\/349"}],"replies":[{"embeddable":true,"href":"https:\/\/www.reseau-mesure.com\/en\/wp-json\/wp\/v2\/comments?post=22501"}],"version-history":[{"count":0,"href":"https:\/\/www.reseau-mesure.com\/en\/wp-json\/wp\/v2\/pages\/22501\/revisions"}],"wp:attachment":[{"href":"https:\/\/www.reseau-mesure.com\/en\/wp-json\/wp\/v2\/media?parent=22501"}],"curies":[{"name":"wp","href":"https:\/\/api.w.org\/{rel}","templated":true}]}}