{"id":23177,"date":"2024-09-20T16:55:37","date_gmt":"2024-09-20T14:55:37","guid":{"rendered":"https:\/\/www.reseau-mesure.com\/?page_id=23177"},"modified":"2025-02-04T11:01:01","modified_gmt":"2025-02-04T10:01:01","slug":"la-formation-realiser-le-duerp","status":"publish","type":"page","link":"https:\/\/www.reseau-mesure.com\/en\/la-formation-realiser-le-duerp\/","title":{"rendered":"La formation d&rsquo;ETALONAIR"},"content":{"rendered":"<a href=\"https:\/\/www.solarisconseil.com\/\"  target=\"_self\" itemprop=\"url\">\n\t\t\t\t<img loading=\"lazy\" decoding=\"async\" src=\"https:\/\/www.reseau-mesure.com\/wp-content\/uploads\/2024\/09\/Blockmark-287x300.png\" alt=\"logo etalonair\" itemprop=\"image\" height=\"300\" width=\"287\" title=\"logo etalonair\" onerror=\"this.style.display='none'\"  \/>\n\t\t\t\t<\/a>\n\t<p>&nbsp;<\/p>\n<p><b>R\u00e9aliser son DUERP<\/b><\/p>\n\t<p><strong>\u00a0<\/strong>Cette formation de 14h est destin\u00e9e \u00e0 toute personne devant intervenir dans l&rsquo;analyse des risques li\u00e9s aux postes de travail de son entreprise. Toute personne en charge de la r\u00e9daction du DUERRP.<\/p>\n<ul>\n<li>Identifier les dangers et les risques li\u00e9s \u00e0 l&rsquo;activit\u00e9 de votre entreprise et de votre activit\u00e9.<\/li>\n<li>Faire une analyse des risques sant\u00e9 et s\u00e9curit\u00e9 au travail permettant de constituer le DUERP.<\/li>\n<li>R\u00e9diger, compl\u00e9ter, mettre \u00e0 jour votre document unique (DUERP).<\/li>\n<\/ul>\n<table width=\"100%\">\n<tbody>\n<tr>\n<td><b>R\u00e9seau Mesure is a Qualiopi certified training center allowing support from your OPCO.<\/b>\n<p><strong>Number of trainees per session:<\/strong>\u00a0 1 pers \u00e0 5 maximum<\/p>\n<p>Next session: <em>18 et 19 mars 2025 en pr\u00e9sentiel chez ETALONAIR \u00e0 ST VICTORET.<\/em><\/p>\n<p>The training dates are to be planned directly with <a href=\"mailto:n.truchet@etalonair.net\" target=\"_blank\" rel=\"noopener\">STANDARD<\/a><\/p>\n<\/td>\n<\/tr>\n<tr>\n\n<\/tr>\n<tr>\n\n<\/tr>\n<\/tbody>\n<\/table>\n\t\t\t<a href=\"https:\/\/www.reseau-mesure.com\/wp-content\/uploads\/2024\/09\/Presentation-Realiser-un-DUERP.pdf\" target=\"_blank\" rel=\"noopener\">\n\t\t\t\t\t\t\tpresentation\n\t\t\t\t\t<\/a>\n\t\t\t<a href=\"https:\/\/www.reseau-mesure.com\/wp-content\/uploads\/2024\/09\/Programme-Realiser-un-DUERP.pdf\" target=\"_blank\" rel=\"noopener\">\n\t\t\t\t\t\t\tProgram\n\t\t\t\t\t<\/a>\n\t\t\t<a href=\"mailto:n.truchet@etalonair.net\" target=\"_blank\" rel=\"noopener\">\n\t\t\t\t\t\t\tSubscription request\n\t\t\t\t\t<\/a>","protected":false},"excerpt":{"rendered":"<p>&nbsp; R\u00e9aliser son DUERP \u00a0Cette formation de 14h est destin\u00e9e \u00e0 toute personne devant intervenir dans l&rsquo;analyse des risques li\u00e9s aux postes de travail de son entreprise. Toute personne en charge de la r\u00e9daction du DUERRP. Identifier les dangers et les risques li\u00e9s \u00e0 l&rsquo;activit\u00e9 de votre entreprise et de votre activit\u00e9. Faire une analyse&hellip;<\/p>","protected":false},"author":349,"featured_media":0,"parent":0,"menu_order":0,"comment_status":"closed","ping_status":"closed","template":"","meta":{"_acf_changed":false,"footnotes":""},"class_list":["post-23177","page","type-page","status-publish","hentry"],"acf":[],"yoast_head":"<!-- This site is optimized with the Yoast SEO plugin v27.5 - https:\/\/yoast.com\/product\/yoast-seo-wordpress\/ -->\n<title>Formation - La formation d&#039;ETALONAIR - R\u00e9seau Mesure<\/title>\n<meta name=\"description\" content=\"formation Secufer : acc\u00e8s et d\u00e9placement dans les emprises ferroviaires, th\u00e9orie et pratique sur une journ\u00e9e\" \/>\n<meta name=\"robots\" content=\"index, follow, max-snippet:-1, max-image-preview:large, max-video-preview:-1\" \/>\n<link rel=\"canonical\" href=\"https:\/\/www.reseau-mesure.com\/en\/la-formation-realiser-le-duerp\/\" \/>\n<meta property=\"og:locale\" content=\"en_US\" \/>\n<meta property=\"og:type\" content=\"article\" \/>\n<meta property=\"og:title\" content=\"Formation - La formation d&#039;ETALONAIR - R\u00e9seau Mesure\" \/>\n<meta property=\"og:description\" content=\"formation Secufer : acc\u00e8s et d\u00e9placement dans les emprises ferroviaires, th\u00e9orie et pratique sur une journ\u00e9e\" \/>\n<meta property=\"og:url\" content=\"https:\/\/www.reseau-mesure.com\/en\/la-formation-realiser-le-duerp\/\" \/>\n<meta property=\"og:site_name\" content=\"R\u00e9seau Mesure\" \/>\n<meta property=\"article:publisher\" content=\"https:\/\/www.facebook.com\/reseaumesure\/\" \/>\n<meta property=\"article:modified_time\" content=\"2025-02-04T10:01:01+00:00\" \/>\n<meta property=\"og:image\" content=\"https:\/\/www.reseau-mesure.com\/wp-content\/uploads\/2024\/09\/Blockmark-287x300.png\" \/>\n<meta name=\"twitter:card\" content=\"summary_large_image\" \/>\n<meta name=\"twitter:site\" content=\"@ReseauMesure\" \/>\n<meta name=\"twitter:label1\" content=\"Est. reading time\" \/>\n\t<meta name=\"twitter:data1\" content=\"1 minute\" \/>\n<script type=\"application\/ld+json\" class=\"yoast-schema-graph\">{\"@context\":\"https:\\\/\\\/schema.org\",\"@graph\":[{\"@type\":\"WebPage\",\"@id\":\"https:\\\/\\\/www.reseau-mesure.com\\\/la-formation-realiser-le-duerp\\\/\",\"url\":\"https:\\\/\\\/www.reseau-mesure.com\\\/la-formation-realiser-le-duerp\\\/\",\"name\":\"Formation - La formation d'ETALONAIR - R\u00e9seau Mesure\",\"isPartOf\":{\"@id\":\"https:\\\/\\\/www.reseau-mesure.com\\\/#website\"},\"primaryImageOfPage\":{\"@id\":\"https:\\\/\\\/www.reseau-mesure.com\\\/la-formation-realiser-le-duerp\\\/#primaryimage\"},\"image\":{\"@id\":\"https:\\\/\\\/www.reseau-mesure.com\\\/la-formation-realiser-le-duerp\\\/#primaryimage\"},\"thumbnailUrl\":\"https:\\\/\\\/www.reseau-mesure.com\\\/wp-content\\\/uploads\\\/2024\\\/09\\\/Blockmark-287x300.png\",\"datePublished\":\"2024-09-20T14:55:37+00:00\",\"dateModified\":\"2025-02-04T10:01:01+00:00\",\"description\":\"formation Secufer : acc\u00e8s et d\u00e9placement dans les emprises ferroviaires, th\u00e9orie et pratique sur une journ\u00e9e\",\"breadcrumb\":{\"@id\":\"https:\\\/\\\/www.reseau-mesure.com\\\/la-formation-realiser-le-duerp\\\/#breadcrumb\"},\"inLanguage\":\"en-US\",\"potentialAction\":[{\"@type\":\"ReadAction\",\"target\":[\"https:\\\/\\\/www.reseau-mesure.com\\\/la-formation-realiser-le-duerp\\\/\"]}]},{\"@type\":\"ImageObject\",\"inLanguage\":\"en-US\",\"@id\":\"https:\\\/\\\/www.reseau-mesure.com\\\/la-formation-realiser-le-duerp\\\/#primaryimage\",\"url\":\"https:\\\/\\\/www.reseau-mesure.com\\\/wp-content\\\/uploads\\\/2024\\\/09\\\/Blockmark-287x300.png\",\"contentUrl\":\"https:\\\/\\\/www.reseau-mesure.com\\\/wp-content\\\/uploads\\\/2024\\\/09\\\/Blockmark-287x300.png\"},{\"@type\":\"BreadcrumbList\",\"@id\":\"https:\\\/\\\/www.reseau-mesure.com\\\/la-formation-realiser-le-duerp\\\/#breadcrumb\",\"itemListElement\":[{\"@type\":\"ListItem\",\"position\":1,\"name\":\"Accueil\",\"item\":\"https:\\\/\\\/www.reseau-mesure.com\\\/\"},{\"@type\":\"ListItem\",\"position\":2,\"name\":\"La formation d&rsquo;ETALONAIR\"}]},{\"@type\":\"WebSite\",\"@id\":\"https:\\\/\\\/www.reseau-mesure.com\\\/#website\",\"url\":\"https:\\\/\\\/www.reseau-mesure.com\\\/\",\"name\":\"R\u00e9seau-Mesure\",\"description\":\"R\u00e9seau Mesure\",\"publisher\":{\"@id\":\"https:\\\/\\\/www.reseau-mesure.com\\\/#organization\"},\"potentialAction\":[{\"@type\":\"SearchAction\",\"target\":{\"@type\":\"EntryPoint\",\"urlTemplate\":\"https:\\\/\\\/www.reseau-mesure.com\\\/?s={search_term_string}\"},\"query-input\":{\"@type\":\"PropertyValueSpecification\",\"valueRequired\":true,\"valueName\":\"search_term_string\"}}],\"inLanguage\":\"en-US\"},{\"@type\":\"Organization\",\"@id\":\"https:\\\/\\\/www.reseau-mesure.com\\\/#organization\",\"name\":\"R\u00e9seau-Mesure\",\"url\":\"https:\\\/\\\/www.reseau-mesure.com\\\/\",\"logo\":{\"@type\":\"ImageObject\",\"inLanguage\":\"en-US\",\"@id\":\"https:\\\/\\\/www.reseau-mesure.com\\\/#\\\/schema\\\/logo\\\/image\\\/\",\"url\":\"https:\\\/\\\/www.reseau-mesure.com\\\/wp-content\\\/uploads\\\/2018\\\/02\\\/logo-max.png\",\"contentUrl\":\"https:\\\/\\\/www.reseau-mesure.com\\\/wp-content\\\/uploads\\\/2018\\\/02\\\/logo-max.png\",\"width\":545,\"height\":285,\"caption\":\"R\u00e9seau-Mesure\"},\"image\":{\"@id\":\"https:\\\/\\\/www.reseau-mesure.com\\\/#\\\/schema\\\/logo\\\/image\\\/\"},\"sameAs\":[\"https:\\\/\\\/www.facebook.com\\\/reseaumesure\\\/\",\"https:\\\/\\\/x.com\\\/ReseauMesure\",\"https:\\\/\\\/www.linkedin.com\\\/company\\\/reseau-mesure\\\/\"]}]}<\/script>\n<!-- \/ Yoast SEO plugin. -->","yoast_head_json":{"title":"Formation - La formation d'ETALONAIR - R\u00e9seau Mesure","description":"formation Secufer : acc\u00e8s et d\u00e9placement dans les emprises ferroviaires, th\u00e9orie et pratique sur une journ\u00e9e","robots":{"index":"index","follow":"follow","max-snippet":"max-snippet:-1","max-image-preview":"max-image-preview:large","max-video-preview":"max-video-preview:-1"},"canonical":"https:\/\/www.reseau-mesure.com\/en\/la-formation-realiser-le-duerp\/","og_locale":"en_US","og_type":"article","og_title":"Formation - La formation d'ETALONAIR - R\u00e9seau Mesure","og_description":"formation Secufer : acc\u00e8s et d\u00e9placement dans les emprises ferroviaires, th\u00e9orie et pratique sur une journ\u00e9e","og_url":"https:\/\/www.reseau-mesure.com\/en\/la-formation-realiser-le-duerp\/","og_site_name":"R\u00e9seau Mesure","article_publisher":"https:\/\/www.facebook.com\/reseaumesure\/","article_modified_time":"2025-02-04T10:01:01+00:00","og_image":[{"url":"https:\/\/www.reseau-mesure.com\/wp-content\/uploads\/2024\/09\/Blockmark-287x300.png","type":"","width":"","height":""}],"twitter_card":"summary_large_image","twitter_site":"@ReseauMesure","twitter_misc":{"Est. reading time":"1 minute"},"schema":{"@context":"https:\/\/schema.org","@graph":[{"@type":"WebPage","@id":"https:\/\/www.reseau-mesure.com\/la-formation-realiser-le-duerp\/","url":"https:\/\/www.reseau-mesure.com\/la-formation-realiser-le-duerp\/","name":"Formation - La formation d'ETALONAIR - R\u00e9seau Mesure","isPartOf":{"@id":"https:\/\/www.reseau-mesure.com\/#website"},"primaryImageOfPage":{"@id":"https:\/\/www.reseau-mesure.com\/la-formation-realiser-le-duerp\/#primaryimage"},"image":{"@id":"https:\/\/www.reseau-mesure.com\/la-formation-realiser-le-duerp\/#primaryimage"},"thumbnailUrl":"https:\/\/www.reseau-mesure.com\/wp-content\/uploads\/2024\/09\/Blockmark-287x300.png","datePublished":"2024-09-20T14:55:37+00:00","dateModified":"2025-02-04T10:01:01+00:00","description":"formation Secufer : acc\u00e8s et d\u00e9placement dans les emprises ferroviaires, th\u00e9orie et pratique sur une journ\u00e9e","breadcrumb":{"@id":"https:\/\/www.reseau-mesure.com\/la-formation-realiser-le-duerp\/#breadcrumb"},"inLanguage":"en-US","potentialAction":[{"@type":"ReadAction","target":["https:\/\/www.reseau-mesure.com\/la-formation-realiser-le-duerp\/"]}]},{"@type":"ImageObject","inLanguage":"en-US","@id":"https:\/\/www.reseau-mesure.com\/la-formation-realiser-le-duerp\/#primaryimage","url":"https:\/\/www.reseau-mesure.com\/wp-content\/uploads\/2024\/09\/Blockmark-287x300.png","contentUrl":"https:\/\/www.reseau-mesure.com\/wp-content\/uploads\/2024\/09\/Blockmark-287x300.png"},{"@type":"BreadcrumbList","@id":"https:\/\/www.reseau-mesure.com\/la-formation-realiser-le-duerp\/#breadcrumb","itemListElement":[{"@type":"ListItem","position":1,"name":"Accueil","item":"https:\/\/www.reseau-mesure.com\/"},{"@type":"ListItem","position":2,"name":"La formation d&rsquo;ETALONAIR"}]},{"@type":"WebSite","@id":"https:\/\/www.reseau-mesure.com\/#website","url":"https:\/\/www.reseau-mesure.com\/","name":"R\u00e9seau-Mesure","description":"Network Measure","publisher":{"@id":"https:\/\/www.reseau-mesure.com\/#organization"},"potentialAction":[{"@type":"SearchAction","target":{"@type":"EntryPoint","urlTemplate":"https:\/\/www.reseau-mesure.com\/?s={search_term_string}"},"query-input":{"@type":"PropertyValueSpecification","valueRequired":true,"valueName":"search_term_string"}}],"inLanguage":"en-US"},{"@type":"Organization","@id":"https:\/\/www.reseau-mesure.com\/#organization","name":"R\u00e9seau-Mesure","url":"https:\/\/www.reseau-mesure.com\/","logo":{"@type":"ImageObject","inLanguage":"en-US","@id":"https:\/\/www.reseau-mesure.com\/#\/schema\/logo\/image\/","url":"https:\/\/www.reseau-mesure.com\/wp-content\/uploads\/2018\/02\/logo-max.png","contentUrl":"https:\/\/www.reseau-mesure.com\/wp-content\/uploads\/2018\/02\/logo-max.png","width":545,"height":285,"caption":"R\u00e9seau-Mesure"},"image":{"@id":"https:\/\/www.reseau-mesure.com\/#\/schema\/logo\/image\/"},"sameAs":["https:\/\/www.facebook.com\/reseaumesure\/","https:\/\/x.com\/ReseauMesure","https:\/\/www.linkedin.com\/company\/reseau-mesure\/"]}]}},"_links":{"self":[{"href":"https:\/\/www.reseau-mesure.com\/en\/wp-json\/wp\/v2\/pages\/23177","targetHints":{"allow":["GET"]}}],"collection":[{"href":"https:\/\/www.reseau-mesure.com\/en\/wp-json\/wp\/v2\/pages"}],"about":[{"href":"https:\/\/www.reseau-mesure.com\/en\/wp-json\/wp\/v2\/types\/page"}],"author":[{"embeddable":true,"href":"https:\/\/www.reseau-mesure.com\/en\/wp-json\/wp\/v2\/users\/349"}],"replies":[{"embeddable":true,"href":"https:\/\/www.reseau-mesure.com\/en\/wp-json\/wp\/v2\/comments?post=23177"}],"version-history":[{"count":0,"href":"https:\/\/www.reseau-mesure.com\/en\/wp-json\/wp\/v2\/pages\/23177\/revisions"}],"wp:attachment":[{"href":"https:\/\/www.reseau-mesure.com\/en\/wp-json\/wp\/v2\/media?parent=23177"}],"curies":[{"name":"wp","href":"https:\/\/api.w.org\/{rel}","templated":true}]}}