{"id":24,"date":"2017-10-30T16:30:10","date_gmt":"2017-10-30T15:30:10","guid":{"rendered":"http:\/\/reseau-mesure.fr\/?page_id=24"},"modified":"2026-04-24T09:20:08","modified_gmt":"2026-04-24T07:20:08","slug":"comment-adherer","status":"publish","type":"page","link":"https:\/\/www.reseau-mesure.com\/en\/comment-adherer\/","title":{"rendered":"Become a member | How to join"},"content":{"rendered":"<h1>\n\t\t\tHow to become a member?\n\t\t<\/h1>\n\t\t\t<a href=\"https:\/\/www.reseau-mesure.com\/wp-content\/uploads\/2026\/01\/2026-Bulletin-adhesion.docx\"  target=\"_blank\" rel=\"noopener\">\n\t\t\t\t\t\t\tDownload the membership form\n\t\t\t\t\t<\/a>\n<h2>\n\t\t\tStill having doubts?\t<\/h2>\n<figure itemscope itemtype=\"https:\/\/schema.org\/ImageObject\">\n\t\t\t\t<img decoding=\"async\" src=\"https:\/\/www.reseau-mesure.com\/wp-content\/uploads\/2026\/03\/logo_rm_2026-300x224.png\" alt=\"logo_rm_2026\" height=\"224\" width=\"300\" title=\"logo_rm_2026\" onerror=\"this.style.display='none'\" loading=\"lazy\" \/>\n\t<\/figure>\n<h2>\n\t\t\tWho is the Measurement Network?\t<\/h2>\n\t<p>The Measurement Network is waiting for you in order to make you benefit from its advantages, its relationships, its dynamism, its know-how, and its interpersonal skills.<\/p>\n<p>We are waiting for you to share your experience and knowledge together.<\/p>\n<p>Become one of our members to share together, for a common goal, our values and our ambitions!<\/p>\n\t\t\t<a href=\"https:\/\/www.reseau-mesure.com\/wp-content\/uploads\/2026\/04\/2026-Reseau-Mesure_new-2.pdf\"  target=\"_blank\" rel=\"noopener\">\n\t\t\t\t\t\t\tPresentation of the association\n\t\t\t\t\t<\/a>\n\t\t\t<a href=\"https:\/\/www.reseau-mesure.com\/wp-content\/uploads\/2026\/01\/2026-adhesions.pptx\"  target=\"_blank\" rel=\"noopener\">\n\t\t\t\t\t\t\tCalculate your contribution\n\t\t\t\t\t<\/a>\n<figure itemscope itemtype=\"https:\/\/schema.org\/ImageObject\">\n\t\t\t\t<img decoding=\"async\" src=\"https:\/\/www.reseau-mesure.com\/wp-content\/uploads\/2018\/10\/ecureil-devenir-membre-253x300.png\" alt=\"devenir membre et faire des \u00e9conomies\" height=\"300\" width=\"253\" title=\"Become a member\" onerror=\"this.style.display='none'\" loading=\"lazy\" \/>\n\t<\/figure>\n<h2>\n\t\t\tJoin and save\t<\/h2>\n\t<p>It is a certainty and all of our members will confirm it to you:<\/p>\n<p><strong>by joining you will save more than the amount of your membership.<\/strong><\/p>\n<p>There is only one condition for this:<\/p>\n<p><strong> Take advantage of our group actions and our partnerships.<\/strong><\/p>\n<p>Add a bonus by forging close and strong relationships with the rest of the members.<\/p>\n\t<p>Becoming a member of the Network means taking advantage of the synergy of members. It is important that each member is active to achieve new projects together.<\/p>\n<p>The whole team is waiting for you to experience together events and strong moments that are always positive for your companies.<\/p>\n<p>&nbsp;<\/p>\n\t\t<h2>\n\t\t\tOur members\n\t\t<\/h2>\n    <p>Find all the member companies of the Measurement Network<\/p>\n    <p>- Members of the Measuring Network -<\/p>\n  <a href=\"https:\/\/www.reseau-mesure.com\/en\/adherent\/cyberlabo\/\"><img decoding=\"async\" src=\"https:\/\/www.reseau-mesure.com\/wp-content\/uploads\/2023\/05\/cyberlabo.jpg\" alt=\"\" \/><\/a>\n  <a href=\"https:\/\/www.reseau-mesure.com\/en\/adherent\/action-europe\/\"><img decoding=\"async\" src=\"https:\/\/www.reseau-mesure.com\/wp-content\/uploads\/2019\/04\/TNT-taille-web.jpg\" alt=\"\" \/><\/a>\n  <a href=\"https:\/\/www.reseau-mesure.com\/en\/adherent\/interscience\/\"><img decoding=\"async\" src=\"https:\/\/www.reseau-mesure.com\/wp-content\/uploads\/2019\/04\/TNT-taille-web.jpg\" alt=\"\" \/><\/a>\n  <a href=\"https:\/\/www.reseau-mesure.com\/en\/adherent\/examesure\/\"><img decoding=\"async\" src=\"https:\/\/www.reseau-mesure.com\/wp-content\/uploads\/2024\/01\/EXAMESURE.jpg\" alt=\"\" \/><\/a>\n  <a href=\"https:\/\/www.reseau-mesure.com\/en\/adherent\/improveheat\/\"><img decoding=\"async\" src=\"https:\/\/www.reseau-mesure.com\/wp-content\/uploads\/2026\/04\/Improveheat.jpg\" alt=\"\" \/><\/a>\n  <a href=\"https:\/\/www.reseau-mesure.com\/en\/adherent\/ardetem-sfere\/\"><img decoding=\"async\" src=\"https:\/\/www.reseau-mesure.com\/wp-content\/uploads\/2021\/03\/ARDETEM-SFERE.jpg\" alt=\"\" \/><\/a>\n  <a href=\"https:\/\/www.reseau-mesure.com\/en\/adherent\/pcb-piezotronics\/\"><img decoding=\"async\" src=\"https:\/\/www.reseau-mesure.com\/wp-content\/uploads\/2018\/02\/PCB-PIEZOTRONIC-1.jpg\" alt=\"\" \/><\/a>\n  <a href=\"https:\/\/www.reseau-mesure.com\/en\/adherent\/jumo-regulation\/\"><img decoding=\"async\" src=\"https:\/\/www.reseau-mesure.com\/wp-content\/uploads\/2025\/09\/JUMOlogo_Claim_blue_2lines_under_srgb.png\" alt=\"\" \/><\/a>","protected":false},"excerpt":{"rendered":"<p>How to become a member? Download the membership form Still having doubts? Who is the Measurement Network? The Measurement Network is waiting for you in order to make you benefit from its advantages, its relationships, its dynamism, its know-how, and its interpersonal skills. We are waiting for you to share your experience and knowledge together. Become one of our members ...<\/p>","protected":false},"author":685,"featured_media":0,"parent":0,"menu_order":0,"comment_status":"closed","ping_status":"closed","template":"","meta":{"_acf_changed":false,"footnotes":""},"class_list":["post-24","page","type-page","status-publish","hentry"],"acf":[],"yoast_head":"<!-- This site is optimized with the Yoast SEO plugin v27.4 - https:\/\/yoast.com\/product\/yoast-seo-wordpress\/ -->\n<title>Devenir membre | Comment adh\u00e9rer - R\u00e9seau Mesure<\/title>\n<meta name=\"description\" content=\"Adherez au R\u00e9seau Mesure ? Rien de plus facile - retrouvez ici toutes les informations n\u00e9cessaires pour devenir membre. Nous vous attendons.\" \/>\n<meta name=\"robots\" content=\"index, follow, max-snippet:-1, max-image-preview:large, max-video-preview:-1\" \/>\n<link rel=\"canonical\" href=\"https:\/\/www.reseau-mesure.com\/en\/comment-adherer\/\" \/>\n<meta property=\"og:locale\" content=\"en_US\" \/>\n<meta property=\"og:type\" content=\"article\" \/>\n<meta property=\"og:title\" content=\"Devenir membre | Comment adh\u00e9rer - R\u00e9seau Mesure\" \/>\n<meta property=\"og:description\" content=\"Adherez au R\u00e9seau Mesure ? Rien de plus facile - retrouvez ici toutes les informations n\u00e9cessaires pour devenir membre. Nous vous attendons.\" \/>\n<meta property=\"og:url\" content=\"https:\/\/www.reseau-mesure.com\/en\/comment-adherer\/\" \/>\n<meta property=\"og:site_name\" content=\"R\u00e9seau Mesure\" \/>\n<meta property=\"article:publisher\" content=\"https:\/\/www.facebook.com\/reseaumesure\/\" \/>\n<meta property=\"article:modified_time\" content=\"2026-04-24T07:20:08+00:00\" \/>\n<meta property=\"og:image\" content=\"https:\/\/www.reseau-mesure.com\/wp-content\/uploads\/2026\/03\/logo_rm_2026-300x224.png\" \/>\n<meta name=\"twitter:card\" content=\"summary_large_image\" \/>\n<meta name=\"twitter:site\" content=\"@ReseauMesure\" \/>\n<meta name=\"twitter:label1\" content=\"Est. reading time\" \/>\n\t<meta name=\"twitter:data1\" content=\"1 minute\" \/>\n<script type=\"application\/ld+json\" class=\"yoast-schema-graph\">{\"@context\":\"https:\\\/\\\/schema.org\",\"@graph\":[{\"@type\":\"WebPage\",\"@id\":\"https:\\\/\\\/www.reseau-mesure.com\\\/comment-adherer\\\/\",\"url\":\"https:\\\/\\\/www.reseau-mesure.com\\\/comment-adherer\\\/\",\"name\":\"Devenir membre | Comment adh\u00e9rer - R\u00e9seau Mesure\",\"isPartOf\":{\"@id\":\"https:\\\/\\\/www.reseau-mesure.com\\\/#website\"},\"primaryImageOfPage\":{\"@id\":\"https:\\\/\\\/www.reseau-mesure.com\\\/comment-adherer\\\/#primaryimage\"},\"image\":{\"@id\":\"https:\\\/\\\/www.reseau-mesure.com\\\/comment-adherer\\\/#primaryimage\"},\"thumbnailUrl\":\"https:\\\/\\\/www.reseau-mesure.com\\\/wp-content\\\/uploads\\\/2026\\\/03\\\/logo_rm_2026-300x224.png\",\"datePublished\":\"2017-10-30T15:30:10+00:00\",\"dateModified\":\"2026-04-24T07:20:08+00:00\",\"description\":\"Adherez au R\u00e9seau Mesure ? Rien de plus facile - retrouvez ici toutes les informations n\u00e9cessaires pour devenir membre. Nous vous attendons.\",\"breadcrumb\":{\"@id\":\"https:\\\/\\\/www.reseau-mesure.com\\\/comment-adherer\\\/#breadcrumb\"},\"inLanguage\":\"en-US\",\"potentialAction\":[{\"@type\":\"ReadAction\",\"target\":[\"https:\\\/\\\/www.reseau-mesure.com\\\/comment-adherer\\\/\"]}]},{\"@type\":\"ImageObject\",\"inLanguage\":\"en-US\",\"@id\":\"https:\\\/\\\/www.reseau-mesure.com\\\/comment-adherer\\\/#primaryimage\",\"url\":\"https:\\\/\\\/www.reseau-mesure.com\\\/wp-content\\\/uploads\\\/2026\\\/03\\\/logo_rm_2026-300x224.png\",\"contentUrl\":\"https:\\\/\\\/www.reseau-mesure.com\\\/wp-content\\\/uploads\\\/2026\\\/03\\\/logo_rm_2026-300x224.png\"},{\"@type\":\"BreadcrumbList\",\"@id\":\"https:\\\/\\\/www.reseau-mesure.com\\\/comment-adherer\\\/#breadcrumb\",\"itemListElement\":[{\"@type\":\"ListItem\",\"position\":1,\"name\":\"Accueil\",\"item\":\"https:\\\/\\\/www.reseau-mesure.com\\\/\"},{\"@type\":\"ListItem\",\"position\":2,\"name\":\"Devenir membre | Comment adh\u00e9rer\"}]},{\"@type\":\"WebSite\",\"@id\":\"https:\\\/\\\/www.reseau-mesure.com\\\/#website\",\"url\":\"https:\\\/\\\/www.reseau-mesure.com\\\/\",\"name\":\"R\u00e9seau-Mesure\",\"description\":\"R\u00e9seau Mesure\",\"publisher\":{\"@id\":\"https:\\\/\\\/www.reseau-mesure.com\\\/#organization\"},\"potentialAction\":[{\"@type\":\"SearchAction\",\"target\":{\"@type\":\"EntryPoint\",\"urlTemplate\":\"https:\\\/\\\/www.reseau-mesure.com\\\/?s={search_term_string}\"},\"query-input\":{\"@type\":\"PropertyValueSpecification\",\"valueRequired\":true,\"valueName\":\"search_term_string\"}}],\"inLanguage\":\"en-US\"},{\"@type\":\"Organization\",\"@id\":\"https:\\\/\\\/www.reseau-mesure.com\\\/#organization\",\"name\":\"R\u00e9seau-Mesure\",\"url\":\"https:\\\/\\\/www.reseau-mesure.com\\\/\",\"logo\":{\"@type\":\"ImageObject\",\"inLanguage\":\"en-US\",\"@id\":\"https:\\\/\\\/www.reseau-mesure.com\\\/#\\\/schema\\\/logo\\\/image\\\/\",\"url\":\"https:\\\/\\\/www.reseau-mesure.com\\\/wp-content\\\/uploads\\\/2018\\\/02\\\/logo-max.png\",\"contentUrl\":\"https:\\\/\\\/www.reseau-mesure.com\\\/wp-content\\\/uploads\\\/2018\\\/02\\\/logo-max.png\",\"width\":545,\"height\":285,\"caption\":\"R\u00e9seau-Mesure\"},\"image\":{\"@id\":\"https:\\\/\\\/www.reseau-mesure.com\\\/#\\\/schema\\\/logo\\\/image\\\/\"},\"sameAs\":[\"https:\\\/\\\/www.facebook.com\\\/reseaumesure\\\/\",\"https:\\\/\\\/x.com\\\/ReseauMesure\",\"https:\\\/\\\/www.linkedin.com\\\/company\\\/reseau-mesure\\\/\"]}]}<\/script>\n<!-- \/ Yoast SEO plugin. -->","yoast_head_json":{"title":"Devenir membre | Comment adh\u00e9rer - R\u00e9seau Mesure","description":"Adherez au R\u00e9seau Mesure ? Rien de plus facile - retrouvez ici toutes les informations n\u00e9cessaires pour devenir membre. Nous vous attendons.","robots":{"index":"index","follow":"follow","max-snippet":"max-snippet:-1","max-image-preview":"max-image-preview:large","max-video-preview":"max-video-preview:-1"},"canonical":"https:\/\/www.reseau-mesure.com\/en\/comment-adherer\/","og_locale":"en_US","og_type":"article","og_title":"Devenir membre | Comment adh\u00e9rer - R\u00e9seau Mesure","og_description":"Adherez au R\u00e9seau Mesure ? Rien de plus facile - retrouvez ici toutes les informations n\u00e9cessaires pour devenir membre. Nous vous attendons.","og_url":"https:\/\/www.reseau-mesure.com\/en\/comment-adherer\/","og_site_name":"R\u00e9seau Mesure","article_publisher":"https:\/\/www.facebook.com\/reseaumesure\/","article_modified_time":"2026-04-24T07:20:08+00:00","og_image":[{"url":"https:\/\/www.reseau-mesure.com\/wp-content\/uploads\/2026\/03\/logo_rm_2026-300x224.png","type":"","width":"","height":""}],"twitter_card":"summary_large_image","twitter_site":"@ReseauMesure","twitter_misc":{"Est. reading time":"1 minute"},"schema":{"@context":"https:\/\/schema.org","@graph":[{"@type":"WebPage","@id":"https:\/\/www.reseau-mesure.com\/comment-adherer\/","url":"https:\/\/www.reseau-mesure.com\/comment-adherer\/","name":"Devenir membre | Comment adh\u00e9rer - R\u00e9seau Mesure","isPartOf":{"@id":"https:\/\/www.reseau-mesure.com\/#website"},"primaryImageOfPage":{"@id":"https:\/\/www.reseau-mesure.com\/comment-adherer\/#primaryimage"},"image":{"@id":"https:\/\/www.reseau-mesure.com\/comment-adherer\/#primaryimage"},"thumbnailUrl":"https:\/\/www.reseau-mesure.com\/wp-content\/uploads\/2026\/03\/logo_rm_2026-300x224.png","datePublished":"2017-10-30T15:30:10+00:00","dateModified":"2026-04-24T07:20:08+00:00","description":"Adherez au R\u00e9seau Mesure ? Rien de plus facile - retrouvez ici toutes les informations n\u00e9cessaires pour devenir membre. Nous vous attendons.","breadcrumb":{"@id":"https:\/\/www.reseau-mesure.com\/comment-adherer\/#breadcrumb"},"inLanguage":"en-US","potentialAction":[{"@type":"ReadAction","target":["https:\/\/www.reseau-mesure.com\/comment-adherer\/"]}]},{"@type":"ImageObject","inLanguage":"en-US","@id":"https:\/\/www.reseau-mesure.com\/comment-adherer\/#primaryimage","url":"https:\/\/www.reseau-mesure.com\/wp-content\/uploads\/2026\/03\/logo_rm_2026-300x224.png","contentUrl":"https:\/\/www.reseau-mesure.com\/wp-content\/uploads\/2026\/03\/logo_rm_2026-300x224.png"},{"@type":"BreadcrumbList","@id":"https:\/\/www.reseau-mesure.com\/comment-adherer\/#breadcrumb","itemListElement":[{"@type":"ListItem","position":1,"name":"Accueil","item":"https:\/\/www.reseau-mesure.com\/"},{"@type":"ListItem","position":2,"name":"Devenir membre | Comment adh\u00e9rer"}]},{"@type":"WebSite","@id":"https:\/\/www.reseau-mesure.com\/#website","url":"https:\/\/www.reseau-mesure.com\/","name":"R\u00e9seau-Mesure","description":"Network Measure","publisher":{"@id":"https:\/\/www.reseau-mesure.com\/#organization"},"potentialAction":[{"@type":"SearchAction","target":{"@type":"EntryPoint","urlTemplate":"https:\/\/www.reseau-mesure.com\/?s={search_term_string}"},"query-input":{"@type":"PropertyValueSpecification","valueRequired":true,"valueName":"search_term_string"}}],"inLanguage":"en-US"},{"@type":"Organization","@id":"https:\/\/www.reseau-mesure.com\/#organization","name":"R\u00e9seau-Mesure","url":"https:\/\/www.reseau-mesure.com\/","logo":{"@type":"ImageObject","inLanguage":"en-US","@id":"https:\/\/www.reseau-mesure.com\/#\/schema\/logo\/image\/","url":"https:\/\/www.reseau-mesure.com\/wp-content\/uploads\/2018\/02\/logo-max.png","contentUrl":"https:\/\/www.reseau-mesure.com\/wp-content\/uploads\/2018\/02\/logo-max.png","width":545,"height":285,"caption":"R\u00e9seau-Mesure"},"image":{"@id":"https:\/\/www.reseau-mesure.com\/#\/schema\/logo\/image\/"},"sameAs":["https:\/\/www.facebook.com\/reseaumesure\/","https:\/\/x.com\/ReseauMesure","https:\/\/www.linkedin.com\/company\/reseau-mesure\/"]}]}},"_links":{"self":[{"href":"https:\/\/www.reseau-mesure.com\/en\/wp-json\/wp\/v2\/pages\/24","targetHints":{"allow":["GET"]}}],"collection":[{"href":"https:\/\/www.reseau-mesure.com\/en\/wp-json\/wp\/v2\/pages"}],"about":[{"href":"https:\/\/www.reseau-mesure.com\/en\/wp-json\/wp\/v2\/types\/page"}],"author":[{"embeddable":true,"href":"https:\/\/www.reseau-mesure.com\/en\/wp-json\/wp\/v2\/users\/685"}],"replies":[{"embeddable":true,"href":"https:\/\/www.reseau-mesure.com\/en\/wp-json\/wp\/v2\/comments?post=24"}],"version-history":[{"count":7,"href":"https:\/\/www.reseau-mesure.com\/en\/wp-json\/wp\/v2\/pages\/24\/revisions"}],"predecessor-version":[{"id":30800,"href":"https:\/\/www.reseau-mesure.com\/en\/wp-json\/wp\/v2\/pages\/24\/revisions\/30800"}],"wp:attachment":[{"href":"https:\/\/www.reseau-mesure.com\/en\/wp-json\/wp\/v2\/media?parent=24"}],"curies":[{"name":"wp","href":"https:\/\/api.w.org\/{rel}","templated":true}]}}