{"id":2475,"date":"2018-06-12T15:44:16","date_gmt":"2018-06-12T13:44:16","guid":{"rendered":"http:\/\/www.reseau-mesure.com\/?page_id=2475"},"modified":"2020-02-11T16:51:19","modified_gmt":"2020-02-11T15:51:19","slug":"rgpd","status":"publish","type":"page","link":"https:\/\/www.reseau-mesure.com\/en\/rgpd\/","title":{"rendered":"GDPR mission - get into compliance"},"content":{"rendered":"<p><strong>The new Personal Data Protection Regulations\u00a0<\/strong><\/p>\n<p>The Measuring Network offers to support you in the <strong>compliance with the new GDPR<\/strong>\u00a0applicable since May 25, 2018.<\/p>\n\n<h2><strong><u>Object of the GDPR mission<\/u><\/strong> :<\/h2>\n<ul>\n<li><strong>The diagnosis<\/strong><strong>\u00a0:<\/strong>\u00a0 Establishment of a legal diagnosis relating to the compliance of the audited Legal Person with regard to the GDPR<\/li>\n<li><strong>The ACTION PLAN:<\/strong> establishment for each Legal Person of an action plan for compliance with the GDPR<\/li>\n<li><strong>LOCATION<\/strong><strong>\u00a0<\/strong>: drafting of the legal documents required in view of the action plan for each Legal Person concerned<\/li>\n<li><strong>Training\u00a0<\/strong>: training of one to two people per Legal Person on the GDPR<\/li>\n<\/ul>\n<p><strong>\u00a0<\/strong><\/p>\n<p><strong>If you are interested <a href=\"mailto:eduflot@reseau-mesure.com\">contact us<\/a> .<\/strong><\/p>\n<p>&nbsp;<\/p>\n\t\t\t\t<img loading=\"lazy\" decoding=\"async\" src=\"https:\/\/www.reseau-mesure.com\/wp-content\/uploads\/2018\/03\/RGPD2-e1521016752518.png\" alt=\"RGPD\" itemprop=\"image\" height=\"100\" width=\"200\" title=\"GDPR2\" onerror=\"this.style.display='none'\"  \/>\n\t\t\t<a href=\"https:\/\/www.reseau-mesure.com\/wp-content\/uploads\/2018\/06\/Pr\u00e9sentation-WYZER-LAW_.pptx\" target=\"_self\" role=\"button\" rel=\"noopener noreferrer\">\n\t\t\t\t\t\t\tPRESENTATION WYZER LAW\n\t\t\t\t\t<\/a>","protected":false},"excerpt":{"rendered":"<p>The new Personal Data Protection Regulations Le R\u00e9seau Mesure offers to assist you in complying with the new GDPR applicable since May 25, 2018. Object of the GDPR mission: DIAGNOSIS: Establishment of a legal diagnosis relating to the compliance of the Audited Legal Person with regard to the GDPR The\u2026<\/p>","protected":false},"author":349,"featured_media":0,"parent":0,"menu_order":0,"comment_status":"closed","ping_status":"closed","template":"","meta":{"_acf_changed":false,"footnotes":""},"class_list":["post-2475","page","type-page","status-publish","hentry"],"acf":[],"yoast_head":"<!-- This site is optimized with the Yoast SEO plugin v27.4 - https:\/\/yoast.com\/product\/yoast-seo-wordpress\/ -->\n<title>Mission RGPD - mettez vous en conformit\u00e9 - R\u00e9seau Mesure<\/title>\n<meta name=\"description\" content=\"R\u00e9alisez la mission RGPD avec succ\u00e8s gr\u00e2ce \u00e0 l&#039;action mutualis\u00e9e propos\u00e9 par le R\u00e9seau Mesure et conformez vous efficacement au RGPD\" \/>\n<meta name=\"robots\" content=\"index, follow, max-snippet:-1, max-image-preview:large, max-video-preview:-1\" \/>\n<link rel=\"canonical\" href=\"https:\/\/www.reseau-mesure.com\/en\/rgpd\/\" \/>\n<meta property=\"og:locale\" content=\"en_US\" \/>\n<meta property=\"og:type\" content=\"article\" \/>\n<meta property=\"og:title\" content=\"Mission RGPD - mettez vous en conformit\u00e9 - R\u00e9seau Mesure\" \/>\n<meta property=\"og:description\" content=\"R\u00e9alisez la mission RGPD avec succ\u00e8s gr\u00e2ce \u00e0 l&#039;action mutualis\u00e9e propos\u00e9 par le R\u00e9seau Mesure et conformez vous efficacement au RGPD\" \/>\n<meta property=\"og:url\" content=\"https:\/\/www.reseau-mesure.com\/en\/rgpd\/\" \/>\n<meta property=\"og:site_name\" content=\"R\u00e9seau Mesure\" \/>\n<meta property=\"article:publisher\" content=\"https:\/\/www.facebook.com\/reseaumesure\/\" \/>\n<meta property=\"article:modified_time\" content=\"2020-02-11T15:51:19+00:00\" \/>\n<meta property=\"og:image\" content=\"https:\/\/www.reseau-mesure.com\/wp-content\/uploads\/2018\/03\/RGPD2-e1521016752518.png\" \/>\n<meta name=\"twitter:card\" content=\"summary_large_image\" \/>\n<meta name=\"twitter:site\" content=\"@ReseauMesure\" \/>\n<meta name=\"twitter:label1\" content=\"Est. reading time\" \/>\n\t<meta name=\"twitter:data1\" content=\"1 minute\" \/>\n<script type=\"application\/ld+json\" class=\"yoast-schema-graph\">{\"@context\":\"https:\\\/\\\/schema.org\",\"@graph\":[{\"@type\":\"WebPage\",\"@id\":\"https:\\\/\\\/www.reseau-mesure.com\\\/de\\\/rgpd\\\/\",\"url\":\"https:\\\/\\\/www.reseau-mesure.com\\\/de\\\/rgpd\\\/\",\"name\":\"Mission RGPD - mettez vous en conformit\u00e9 - R\u00e9seau Mesure\",\"isPartOf\":{\"@id\":\"https:\\\/\\\/www.reseau-mesure.com\\\/#website\"},\"primaryImageOfPage\":{\"@id\":\"https:\\\/\\\/www.reseau-mesure.com\\\/de\\\/rgpd\\\/#primaryimage\"},\"image\":{\"@id\":\"https:\\\/\\\/www.reseau-mesure.com\\\/de\\\/rgpd\\\/#primaryimage\"},\"thumbnailUrl\":\"https:\\\/\\\/www.reseau-mesure.com\\\/wp-content\\\/uploads\\\/2018\\\/03\\\/RGPD2-e1521016752518.png\",\"datePublished\":\"2018-06-12T13:44:16+00:00\",\"dateModified\":\"2020-02-11T15:51:19+00:00\",\"description\":\"R\u00e9alisez la mission RGPD avec succ\u00e8s gr\u00e2ce \u00e0 l'action mutualis\u00e9e propos\u00e9 par le R\u00e9seau Mesure et conformez vous efficacement au RGPD\",\"breadcrumb\":{\"@id\":\"https:\\\/\\\/www.reseau-mesure.com\\\/de\\\/rgpd\\\/#breadcrumb\"},\"inLanguage\":\"en-US\",\"potentialAction\":[{\"@type\":\"ReadAction\",\"target\":[\"https:\\\/\\\/www.reseau-mesure.com\\\/de\\\/rgpd\\\/\"]}]},{\"@type\":\"ImageObject\",\"inLanguage\":\"en-US\",\"@id\":\"https:\\\/\\\/www.reseau-mesure.com\\\/de\\\/rgpd\\\/#primaryimage\",\"url\":\"https:\\\/\\\/www.reseau-mesure.com\\\/wp-content\\\/uploads\\\/2018\\\/03\\\/RGPD2-e1521016752518.png\",\"contentUrl\":\"https:\\\/\\\/www.reseau-mesure.com\\\/wp-content\\\/uploads\\\/2018\\\/03\\\/RGPD2-e1521016752518.png\"},{\"@type\":\"BreadcrumbList\",\"@id\":\"https:\\\/\\\/www.reseau-mesure.com\\\/de\\\/rgpd\\\/#breadcrumb\",\"itemListElement\":[{\"@type\":\"ListItem\",\"position\":1,\"name\":\"Accueil\",\"item\":\"https:\\\/\\\/www.reseau-mesure.com\\\/\"},{\"@type\":\"ListItem\",\"position\":2,\"name\":\"Mission RGPD &#8211; mettez vous en conformit\u00e9\"}]},{\"@type\":\"WebSite\",\"@id\":\"https:\\\/\\\/www.reseau-mesure.com\\\/#website\",\"url\":\"https:\\\/\\\/www.reseau-mesure.com\\\/\",\"name\":\"R\u00e9seau-Mesure\",\"description\":\"R\u00e9seau Mesure\",\"publisher\":{\"@id\":\"https:\\\/\\\/www.reseau-mesure.com\\\/#organization\"},\"potentialAction\":[{\"@type\":\"SearchAction\",\"target\":{\"@type\":\"EntryPoint\",\"urlTemplate\":\"https:\\\/\\\/www.reseau-mesure.com\\\/?s={search_term_string}\"},\"query-input\":{\"@type\":\"PropertyValueSpecification\",\"valueRequired\":true,\"valueName\":\"search_term_string\"}}],\"inLanguage\":\"en-US\"},{\"@type\":\"Organization\",\"@id\":\"https:\\\/\\\/www.reseau-mesure.com\\\/#organization\",\"name\":\"R\u00e9seau-Mesure\",\"url\":\"https:\\\/\\\/www.reseau-mesure.com\\\/\",\"logo\":{\"@type\":\"ImageObject\",\"inLanguage\":\"en-US\",\"@id\":\"https:\\\/\\\/www.reseau-mesure.com\\\/#\\\/schema\\\/logo\\\/image\\\/\",\"url\":\"https:\\\/\\\/www.reseau-mesure.com\\\/wp-content\\\/uploads\\\/2018\\\/02\\\/logo-max.png\",\"contentUrl\":\"https:\\\/\\\/www.reseau-mesure.com\\\/wp-content\\\/uploads\\\/2018\\\/02\\\/logo-max.png\",\"width\":545,\"height\":285,\"caption\":\"R\u00e9seau-Mesure\"},\"image\":{\"@id\":\"https:\\\/\\\/www.reseau-mesure.com\\\/#\\\/schema\\\/logo\\\/image\\\/\"},\"sameAs\":[\"https:\\\/\\\/www.facebook.com\\\/reseaumesure\\\/\",\"https:\\\/\\\/x.com\\\/ReseauMesure\",\"https:\\\/\\\/www.linkedin.com\\\/company\\\/reseau-mesure\\\/\"]}]}<\/script>\n<!-- \/ Yoast SEO plugin. -->","yoast_head_json":{"title":"Mission RGPD - mettez vous en conformit\u00e9 - R\u00e9seau Mesure","description":"R\u00e9alisez la mission RGPD avec succ\u00e8s gr\u00e2ce \u00e0 l'action mutualis\u00e9e propos\u00e9 par le R\u00e9seau Mesure et conformez vous efficacement au RGPD","robots":{"index":"index","follow":"follow","max-snippet":"max-snippet:-1","max-image-preview":"max-image-preview:large","max-video-preview":"max-video-preview:-1"},"canonical":"https:\/\/www.reseau-mesure.com\/en\/rgpd\/","og_locale":"en_US","og_type":"article","og_title":"Mission RGPD - mettez vous en conformit\u00e9 - R\u00e9seau Mesure","og_description":"R\u00e9alisez la mission RGPD avec succ\u00e8s gr\u00e2ce \u00e0 l'action mutualis\u00e9e propos\u00e9 par le R\u00e9seau Mesure et conformez vous efficacement au RGPD","og_url":"https:\/\/www.reseau-mesure.com\/en\/rgpd\/","og_site_name":"R\u00e9seau Mesure","article_publisher":"https:\/\/www.facebook.com\/reseaumesure\/","article_modified_time":"2020-02-11T15:51:19+00:00","og_image":[{"url":"https:\/\/www.reseau-mesure.com\/wp-content\/uploads\/2018\/03\/RGPD2-e1521016752518.png","type":"","width":"","height":""}],"twitter_card":"summary_large_image","twitter_site":"@ReseauMesure","twitter_misc":{"Est. reading time":"1 minute"},"schema":{"@context":"https:\/\/schema.org","@graph":[{"@type":"WebPage","@id":"https:\/\/www.reseau-mesure.com\/de\/rgpd\/","url":"https:\/\/www.reseau-mesure.com\/de\/rgpd\/","name":"Mission RGPD - mettez vous en conformit\u00e9 - R\u00e9seau Mesure","isPartOf":{"@id":"https:\/\/www.reseau-mesure.com\/#website"},"primaryImageOfPage":{"@id":"https:\/\/www.reseau-mesure.com\/de\/rgpd\/#primaryimage"},"image":{"@id":"https:\/\/www.reseau-mesure.com\/de\/rgpd\/#primaryimage"},"thumbnailUrl":"https:\/\/www.reseau-mesure.com\/wp-content\/uploads\/2018\/03\/RGPD2-e1521016752518.png","datePublished":"2018-06-12T13:44:16+00:00","dateModified":"2020-02-11T15:51:19+00:00","description":"R\u00e9alisez la mission RGPD avec succ\u00e8s gr\u00e2ce \u00e0 l'action mutualis\u00e9e propos\u00e9 par le R\u00e9seau Mesure et conformez vous efficacement au RGPD","breadcrumb":{"@id":"https:\/\/www.reseau-mesure.com\/de\/rgpd\/#breadcrumb"},"inLanguage":"en-US","potentialAction":[{"@type":"ReadAction","target":["https:\/\/www.reseau-mesure.com\/de\/rgpd\/"]}]},{"@type":"ImageObject","inLanguage":"en-US","@id":"https:\/\/www.reseau-mesure.com\/de\/rgpd\/#primaryimage","url":"https:\/\/www.reseau-mesure.com\/wp-content\/uploads\/2018\/03\/RGPD2-e1521016752518.png","contentUrl":"https:\/\/www.reseau-mesure.com\/wp-content\/uploads\/2018\/03\/RGPD2-e1521016752518.png"},{"@type":"BreadcrumbList","@id":"https:\/\/www.reseau-mesure.com\/de\/rgpd\/#breadcrumb","itemListElement":[{"@type":"ListItem","position":1,"name":"Accueil","item":"https:\/\/www.reseau-mesure.com\/"},{"@type":"ListItem","position":2,"name":"Mission RGPD &#8211; mettez vous en conformit\u00e9"}]},{"@type":"WebSite","@id":"https:\/\/www.reseau-mesure.com\/#website","url":"https:\/\/www.reseau-mesure.com\/","name":"R\u00e9seau-Mesure","description":"Network Measure","publisher":{"@id":"https:\/\/www.reseau-mesure.com\/#organization"},"potentialAction":[{"@type":"SearchAction","target":{"@type":"EntryPoint","urlTemplate":"https:\/\/www.reseau-mesure.com\/?s={search_term_string}"},"query-input":{"@type":"PropertyValueSpecification","valueRequired":true,"valueName":"search_term_string"}}],"inLanguage":"en-US"},{"@type":"Organization","@id":"https:\/\/www.reseau-mesure.com\/#organization","name":"R\u00e9seau-Mesure","url":"https:\/\/www.reseau-mesure.com\/","logo":{"@type":"ImageObject","inLanguage":"en-US","@id":"https:\/\/www.reseau-mesure.com\/#\/schema\/logo\/image\/","url":"https:\/\/www.reseau-mesure.com\/wp-content\/uploads\/2018\/02\/logo-max.png","contentUrl":"https:\/\/www.reseau-mesure.com\/wp-content\/uploads\/2018\/02\/logo-max.png","width":545,"height":285,"caption":"R\u00e9seau-Mesure"},"image":{"@id":"https:\/\/www.reseau-mesure.com\/#\/schema\/logo\/image\/"},"sameAs":["https:\/\/www.facebook.com\/reseaumesure\/","https:\/\/x.com\/ReseauMesure","https:\/\/www.linkedin.com\/company\/reseau-mesure\/"]}]}},"_links":{"self":[{"href":"https:\/\/www.reseau-mesure.com\/en\/wp-json\/wp\/v2\/pages\/2475","targetHints":{"allow":["GET"]}}],"collection":[{"href":"https:\/\/www.reseau-mesure.com\/en\/wp-json\/wp\/v2\/pages"}],"about":[{"href":"https:\/\/www.reseau-mesure.com\/en\/wp-json\/wp\/v2\/types\/page"}],"author":[{"embeddable":true,"href":"https:\/\/www.reseau-mesure.com\/en\/wp-json\/wp\/v2\/users\/349"}],"replies":[{"embeddable":true,"href":"https:\/\/www.reseau-mesure.com\/en\/wp-json\/wp\/v2\/comments?post=2475"}],"version-history":[{"count":0,"href":"https:\/\/www.reseau-mesure.com\/en\/wp-json\/wp\/v2\/pages\/2475\/revisions"}],"wp:attachment":[{"href":"https:\/\/www.reseau-mesure.com\/en\/wp-json\/wp\/v2\/media?parent=2475"}],"curies":[{"name":"wp","href":"https:\/\/api.w.org\/{rel}","templated":true}]}}