{"id":2493,"date":"2018-06-12T16:20:16","date_gmt":"2018-06-12T14:20:16","guid":{"rendered":"http:\/\/www.reseau-mesure.com\/?page_id=2493"},"modified":"2019-04-23T12:40:05","modified_gmt":"2019-04-23T10:40:05","slug":"leasecom","status":"publish","type":"page","link":"https:\/\/www.reseau-mesure.com\/en\/leasecom\/","title":{"rendered":"Leasing &amp; financing by Leasecom"},"content":{"rendered":"<h1><strong>MEASUREMENT NETWORK PARTNERSHIP \u2013 LEASECOM<\/strong><\/h1>\n<p><img loading=\"lazy\" decoding=\"async\" src=\"https:\/\/www.reseau-mesure.com\/wp-content\/uploads\/2018\/06\/logo_leasecom-300x54.jpg\" alt=\"logo Leasecom\" width=\"350\" height=\"63\" \/><\/p>\n<p><strong>Leasecom Partner of the Measuring Network Group<br \/>\nfor the financing of Test and Measurement equipment (leasing)<br \/>\n<\/strong><\/p>\n<p>&nbsp;<\/p>\n<p>Faced with technological developments which make equipment more quickly unsuitable, companies are looking for dynamic management solutions for their fleet, while controlling their expenses and respecting the environment.<\/p>\n<p>For <strong>facilitate the acquisition of instrumentation and network measurement equipment<\/strong> &quot;RESEAU MESURE&quot; has joined forces with <a href=\"https:\/\/www.leasecom.fr\/financement-entreprise\/location-financiere\/\"><strong>Leasecom<\/strong><\/a> in order to offer you <strong>a financial rental offer<\/strong> (Leasing)\n<\/p>\n<p><strong>Investment methods have changed, <\/strong><strong>we no longer pay to own but to use a service!<\/strong><\/p>\n<p><iframe loading=\"lazy\" src=\"https:\/\/goo.gl\/ZxGLjM\" width=\"560\" height=\"315\" frameborder=\"0\" allowfullscreen=\"allowfullscreen\"><\/iframe><\/p>\n<p>That is why, <strong>Network Measure<\/strong> has chosen to offer you <strong>to you<\/strong> <strong>and your customers<\/strong><br \/>\na solution of <strong>scalable rental for instrumentation and measurement equipment.<\/strong><strong> \u00a0<\/strong><\/p>\n<p><strong>In exchange for an all-inclusive rent<\/strong>, you enjoy ...<\/p>\n<ul>\n<li><strong>A global package <\/strong>which includes: equipment, installation, upkeep, maintenance and management.<\/li>\n<li><strong>A flexible solution<\/strong>\u00a0: a rental of 12 to 60 months and flexible and scalable rents at any time of the contract (addition, renewal at constant rents.)<\/li>\n<\/ul>\n<p>Leasing your devices financing is a new lever offered by the Measurement Network via its partner LEASECOM.<\/p>\n<p>&nbsp;<\/p>\n<p>\t\t\t<a href=\"https:\/\/www.reseau-mesure.com\/wp-content\/uploads\/2018\/06\/Slides-pr\u00e9sentation-Adh\u00e9rents-R\u00e9seau-Mesure.pdf\" target=\"_self\" role=\"button\"><br \/>\n\t\t\t\t\t\t\tComplete presentation of the Leasecom offer<br \/>\n\t\t\t\t\t<\/a><br \/>\n\t\t\t<a href=\"http:\/\/leasecom.emsecure.net\/optiext\/optiextension.dll?ID=6BJGEiCqDwRWIl4upEFqu1E7vmeXC_X5JLH_wCCBnIzHwha6V__zNYcvxL0733XiH9yxLEYX%2Be6664\" target=\"_self\" role=\"button\"><br \/>\n\t\t\t\t\t\t\tI wish to be contacted by Leasecom<br \/>\n\t\t\t\t\t<\/a><br \/>\n\t\t\t\t<a href=\"https:\/\/goo.gl\/CvuFjc\" target=\"_self\" itemprop=\"url\"><br \/>\n\t\t\t\t<img loading=\"lazy\" decoding=\"async\" src=\"https:\/\/www.reseau-mesure.com\/wp-content\/uploads\/2018\/06\/visuel-leasecom.png\" alt=\"leasing leasecom\" itemprop=\"image\" height=\"396\" width=\"408\" title=\"visual leasecom\" onerror=\"this.style.display='none'\"  \/><br \/>\n\t\t\t\t<\/a><\/p>","protected":false},"excerpt":{"rendered":"<p>MEASUREMENT NETWORK PARTNERSHIP - LEASECOM Leasecom Partner of the Measurement Network Group for the financing of Test and Measurement equipment (leasing) Faced with technological developments which make equipment more quickly unsuitable, companies are looking for dynamic management solutions for their fleet, by controlling their expenses and respecting the environment. To facilitate the acquisition ...<\/p>","protected":false},"author":685,"featured_media":0,"parent":0,"menu_order":0,"comment_status":"closed","ping_status":"closed","template":"","meta":{"_acf_changed":false,"footnotes":""},"class_list":["post-2493","page","type-page","status-publish","hentry"],"acf":[],"yoast_head":"<!-- This site is optimized with the Yoast SEO plugin v27.5 - https:\/\/yoast.com\/product\/yoast-seo-wordpress\/ -->\n<title>Leasing &amp; financement par Leasecom - R\u00e9seau Mesure<\/title>\n<meta name=\"description\" content=\"Leasecom est un des partenaires du R\u00e9seau Mesure. A vous les financements sur mesures de vos clients. Le leasing via leasecom.\" \/>\n<meta name=\"robots\" content=\"index, follow, max-snippet:-1, max-image-preview:large, max-video-preview:-1\" \/>\n<link rel=\"canonical\" href=\"https:\/\/www.reseau-mesure.com\/en\/leasecom\/\" \/>\n<meta property=\"og:locale\" content=\"en_US\" \/>\n<meta property=\"og:type\" content=\"article\" \/>\n<meta property=\"og:title\" content=\"Leasing &amp; financement par Leasecom - R\u00e9seau Mesure\" \/>\n<meta property=\"og:description\" content=\"Leasecom est un des partenaires du R\u00e9seau Mesure. A vous les financements sur mesures de vos clients. Le leasing via leasecom.\" \/>\n<meta property=\"og:url\" content=\"https:\/\/www.reseau-mesure.com\/en\/leasecom\/\" \/>\n<meta property=\"og:site_name\" content=\"R\u00e9seau Mesure\" \/>\n<meta property=\"article:publisher\" content=\"https:\/\/www.facebook.com\/reseaumesure\/\" \/>\n<meta property=\"article:modified_time\" content=\"2019-04-23T10:40:05+00:00\" \/>\n<meta property=\"og:image\" content=\"https:\/\/www.reseau-mesure.com\/wp-content\/uploads\/2018\/06\/logo_leasecom-300x54.jpg\" \/>\n<meta name=\"twitter:card\" content=\"summary_large_image\" \/>\n<meta name=\"twitter:site\" content=\"@ReseauMesure\" \/>\n<meta name=\"twitter:label1\" content=\"Est. reading time\" \/>\n\t<meta name=\"twitter:data1\" content=\"1 minute\" \/>\n<script type=\"application\/ld+json\" class=\"yoast-schema-graph\">{\"@context\":\"https:\\\/\\\/schema.org\",\"@graph\":[{\"@type\":\"WebPage\",\"@id\":\"https:\\\/\\\/www.reseau-mesure.com\\\/de\\\/leasecom\\\/\",\"url\":\"https:\\\/\\\/www.reseau-mesure.com\\\/de\\\/leasecom\\\/\",\"name\":\"Leasing & financement par Leasecom - R\u00e9seau Mesure\",\"isPartOf\":{\"@id\":\"https:\\\/\\\/www.reseau-mesure.com\\\/#website\"},\"primaryImageOfPage\":{\"@id\":\"https:\\\/\\\/www.reseau-mesure.com\\\/de\\\/leasecom\\\/#primaryimage\"},\"image\":{\"@id\":\"https:\\\/\\\/www.reseau-mesure.com\\\/de\\\/leasecom\\\/#primaryimage\"},\"thumbnailUrl\":\"https:\\\/\\\/www.reseau-mesure.com\\\/wp-content\\\/uploads\\\/2018\\\/06\\\/logo_leasecom-300x54.jpg\",\"datePublished\":\"2018-06-12T14:20:16+00:00\",\"dateModified\":\"2019-04-23T10:40:05+00:00\",\"description\":\"Leasecom est un des partenaires du R\u00e9seau Mesure. A vous les financements sur mesures de vos clients. Le leasing via leasecom.\",\"breadcrumb\":{\"@id\":\"https:\\\/\\\/www.reseau-mesure.com\\\/de\\\/leasecom\\\/#breadcrumb\"},\"inLanguage\":\"en-US\",\"potentialAction\":[{\"@type\":\"ReadAction\",\"target\":[\"https:\\\/\\\/www.reseau-mesure.com\\\/de\\\/leasecom\\\/\"]}]},{\"@type\":\"ImageObject\",\"inLanguage\":\"en-US\",\"@id\":\"https:\\\/\\\/www.reseau-mesure.com\\\/de\\\/leasecom\\\/#primaryimage\",\"url\":\"https:\\\/\\\/www.reseau-mesure.com\\\/wp-content\\\/uploads\\\/2018\\\/06\\\/logo_leasecom-300x54.jpg\",\"contentUrl\":\"https:\\\/\\\/www.reseau-mesure.com\\\/wp-content\\\/uploads\\\/2018\\\/06\\\/logo_leasecom-300x54.jpg\"},{\"@type\":\"BreadcrumbList\",\"@id\":\"https:\\\/\\\/www.reseau-mesure.com\\\/de\\\/leasecom\\\/#breadcrumb\",\"itemListElement\":[{\"@type\":\"ListItem\",\"position\":1,\"name\":\"Accueil\",\"item\":\"https:\\\/\\\/www.reseau-mesure.com\\\/\"},{\"@type\":\"ListItem\",\"position\":2,\"name\":\"Leasing &#038; financement par Leasecom\"}]},{\"@type\":\"WebSite\",\"@id\":\"https:\\\/\\\/www.reseau-mesure.com\\\/#website\",\"url\":\"https:\\\/\\\/www.reseau-mesure.com\\\/\",\"name\":\"R\u00e9seau-Mesure\",\"description\":\"R\u00e9seau Mesure\",\"publisher\":{\"@id\":\"https:\\\/\\\/www.reseau-mesure.com\\\/#organization\"},\"potentialAction\":[{\"@type\":\"SearchAction\",\"target\":{\"@type\":\"EntryPoint\",\"urlTemplate\":\"https:\\\/\\\/www.reseau-mesure.com\\\/?s={search_term_string}\"},\"query-input\":{\"@type\":\"PropertyValueSpecification\",\"valueRequired\":true,\"valueName\":\"search_term_string\"}}],\"inLanguage\":\"en-US\"},{\"@type\":\"Organization\",\"@id\":\"https:\\\/\\\/www.reseau-mesure.com\\\/#organization\",\"name\":\"R\u00e9seau-Mesure\",\"url\":\"https:\\\/\\\/www.reseau-mesure.com\\\/\",\"logo\":{\"@type\":\"ImageObject\",\"inLanguage\":\"en-US\",\"@id\":\"https:\\\/\\\/www.reseau-mesure.com\\\/#\\\/schema\\\/logo\\\/image\\\/\",\"url\":\"https:\\\/\\\/www.reseau-mesure.com\\\/wp-content\\\/uploads\\\/2018\\\/02\\\/logo-max.png\",\"contentUrl\":\"https:\\\/\\\/www.reseau-mesure.com\\\/wp-content\\\/uploads\\\/2018\\\/02\\\/logo-max.png\",\"width\":545,\"height\":285,\"caption\":\"R\u00e9seau-Mesure\"},\"image\":{\"@id\":\"https:\\\/\\\/www.reseau-mesure.com\\\/#\\\/schema\\\/logo\\\/image\\\/\"},\"sameAs\":[\"https:\\\/\\\/www.facebook.com\\\/reseaumesure\\\/\",\"https:\\\/\\\/x.com\\\/ReseauMesure\",\"https:\\\/\\\/www.linkedin.com\\\/company\\\/reseau-mesure\\\/\"]}]}<\/script>\n<!-- \/ Yoast SEO plugin. -->","yoast_head_json":{"title":"Leasing & financement par Leasecom - R\u00e9seau Mesure","description":"Leasecom est un des partenaires du R\u00e9seau Mesure. A vous les financements sur mesures de vos clients. Le leasing via leasecom.","robots":{"index":"index","follow":"follow","max-snippet":"max-snippet:-1","max-image-preview":"max-image-preview:large","max-video-preview":"max-video-preview:-1"},"canonical":"https:\/\/www.reseau-mesure.com\/en\/leasecom\/","og_locale":"en_US","og_type":"article","og_title":"Leasing & financement par Leasecom - R\u00e9seau Mesure","og_description":"Leasecom est un des partenaires du R\u00e9seau Mesure. A vous les financements sur mesures de vos clients. Le leasing via leasecom.","og_url":"https:\/\/www.reseau-mesure.com\/en\/leasecom\/","og_site_name":"R\u00e9seau Mesure","article_publisher":"https:\/\/www.facebook.com\/reseaumesure\/","article_modified_time":"2019-04-23T10:40:05+00:00","og_image":[{"url":"https:\/\/www.reseau-mesure.com\/wp-content\/uploads\/2018\/06\/logo_leasecom-300x54.jpg","type":"","width":"","height":""}],"twitter_card":"summary_large_image","twitter_site":"@ReseauMesure","twitter_misc":{"Est. reading time":"1 minute"},"schema":{"@context":"https:\/\/schema.org","@graph":[{"@type":"WebPage","@id":"https:\/\/www.reseau-mesure.com\/de\/leasecom\/","url":"https:\/\/www.reseau-mesure.com\/de\/leasecom\/","name":"Leasing & financement par Leasecom - R\u00e9seau Mesure","isPartOf":{"@id":"https:\/\/www.reseau-mesure.com\/#website"},"primaryImageOfPage":{"@id":"https:\/\/www.reseau-mesure.com\/de\/leasecom\/#primaryimage"},"image":{"@id":"https:\/\/www.reseau-mesure.com\/de\/leasecom\/#primaryimage"},"thumbnailUrl":"https:\/\/www.reseau-mesure.com\/wp-content\/uploads\/2018\/06\/logo_leasecom-300x54.jpg","datePublished":"2018-06-12T14:20:16+00:00","dateModified":"2019-04-23T10:40:05+00:00","description":"Leasecom est un des partenaires du R\u00e9seau Mesure. A vous les financements sur mesures de vos clients. Le leasing via leasecom.","breadcrumb":{"@id":"https:\/\/www.reseau-mesure.com\/de\/leasecom\/#breadcrumb"},"inLanguage":"en-US","potentialAction":[{"@type":"ReadAction","target":["https:\/\/www.reseau-mesure.com\/de\/leasecom\/"]}]},{"@type":"ImageObject","inLanguage":"en-US","@id":"https:\/\/www.reseau-mesure.com\/de\/leasecom\/#primaryimage","url":"https:\/\/www.reseau-mesure.com\/wp-content\/uploads\/2018\/06\/logo_leasecom-300x54.jpg","contentUrl":"https:\/\/www.reseau-mesure.com\/wp-content\/uploads\/2018\/06\/logo_leasecom-300x54.jpg"},{"@type":"BreadcrumbList","@id":"https:\/\/www.reseau-mesure.com\/de\/leasecom\/#breadcrumb","itemListElement":[{"@type":"ListItem","position":1,"name":"Accueil","item":"https:\/\/www.reseau-mesure.com\/"},{"@type":"ListItem","position":2,"name":"Leasing &#038; financement par Leasecom"}]},{"@type":"WebSite","@id":"https:\/\/www.reseau-mesure.com\/#website","url":"https:\/\/www.reseau-mesure.com\/","name":"R\u00e9seau-Mesure","description":"Network Measure","publisher":{"@id":"https:\/\/www.reseau-mesure.com\/#organization"},"potentialAction":[{"@type":"SearchAction","target":{"@type":"EntryPoint","urlTemplate":"https:\/\/www.reseau-mesure.com\/?s={search_term_string}"},"query-input":{"@type":"PropertyValueSpecification","valueRequired":true,"valueName":"search_term_string"}}],"inLanguage":"en-US"},{"@type":"Organization","@id":"https:\/\/www.reseau-mesure.com\/#organization","name":"R\u00e9seau-Mesure","url":"https:\/\/www.reseau-mesure.com\/","logo":{"@type":"ImageObject","inLanguage":"en-US","@id":"https:\/\/www.reseau-mesure.com\/#\/schema\/logo\/image\/","url":"https:\/\/www.reseau-mesure.com\/wp-content\/uploads\/2018\/02\/logo-max.png","contentUrl":"https:\/\/www.reseau-mesure.com\/wp-content\/uploads\/2018\/02\/logo-max.png","width":545,"height":285,"caption":"R\u00e9seau-Mesure"},"image":{"@id":"https:\/\/www.reseau-mesure.com\/#\/schema\/logo\/image\/"},"sameAs":["https:\/\/www.facebook.com\/reseaumesure\/","https:\/\/x.com\/ReseauMesure","https:\/\/www.linkedin.com\/company\/reseau-mesure\/"]}]}},"_links":{"self":[{"href":"https:\/\/www.reseau-mesure.com\/en\/wp-json\/wp\/v2\/pages\/2493","targetHints":{"allow":["GET"]}}],"collection":[{"href":"https:\/\/www.reseau-mesure.com\/en\/wp-json\/wp\/v2\/pages"}],"about":[{"href":"https:\/\/www.reseau-mesure.com\/en\/wp-json\/wp\/v2\/types\/page"}],"author":[{"embeddable":true,"href":"https:\/\/www.reseau-mesure.com\/en\/wp-json\/wp\/v2\/users\/685"}],"replies":[{"embeddable":true,"href":"https:\/\/www.reseau-mesure.com\/en\/wp-json\/wp\/v2\/comments?post=2493"}],"version-history":[{"count":0,"href":"https:\/\/www.reseau-mesure.com\/en\/wp-json\/wp\/v2\/pages\/2493\/revisions"}],"wp:attachment":[{"href":"https:\/\/www.reseau-mesure.com\/en\/wp-json\/wp\/v2\/media?parent=2493"}],"curies":[{"name":"wp","href":"https:\/\/api.w.org\/{rel}","templated":true}]}}