{"id":25102,"date":"2025-03-06T14:47:27","date_gmt":"2025-03-06T13:47:27","guid":{"rendered":"https:\/\/www.reseau-mesure.com\/?page_id=25102"},"modified":"2025-11-13T10:41:47","modified_gmt":"2025-11-13T09:41:47","slug":"formation-sur-sharepoint-teams-onedrive-et-onenote","status":"publish","type":"page","link":"https:\/\/www.reseau-mesure.com\/en\/formation-sur-sharepoint-teams-onedrive-et-onenote\/","title":{"rendered":"Formation SharePoint"},"content":{"rendered":"<img decoding=\"async\" src=\"https:\/\/www.reseau-mesure.com\/wp-content\/uploads\/2025\/03\/sharepoint.png\" alt=\"sharepoint\" itemprop=\"image\" height=\"1080\" width=\"1920\" title=\"sharepoint\" onerror=\"this.style.display='none'\" loading=\"lazy\" \/>\n\t<p>&nbsp;<\/p>\n<h1><strong>Formation SharePoint, Teams, OneDrive et OneNote<\/strong><\/h1>\n\t<p><strong>Une formation interactive sur 2 journ\u00e9es<\/strong><\/p>\n<ul>\n<li>\n<ul>\n<li>Comprendre les concepts cl\u00e9s de SharePoint, Teams et OneDrive, de les utiliser pour collaborer en temps r\u00e9el.<\/li>\n<li>G\u00e9rer des fichiers, des dossiers et des espaces de travail dans un environnement Microsoft 365.<\/li>\n<li>Participer activement \u00e0 des r\u00e9unions Teams et \u00e0 des espaces collaboratifs.<\/li>\n<\/ul>\n<\/li>\n<\/ul>\n<p>La formation sera assur\u00e9e Alexandre MACK.<\/p>\n<p><b>R\u00e9seau Mesure is a Qualiopi certified training center allowing support from your OPCO.<\/b><\/p>\n<strong>Number of trainees per session:<\/strong>\u00a0 mini 4 pers. \/ max 6 pers.<br \/>\nEvaluations 2025<em>: 9 stagiaires &#8211; moyenne bas\u00e9e sur l&rsquo;atteinte des objectifs, la p\u00e9dagogie et l&rsquo;organisation:\u00a0 8.8\/10 &#8211; \u00a0atteinte des objectifs:\u00a0 \u00a08.4\/10<\/em>\n<p><strong>Next session\u00a0<\/strong>:\u00a0<a href=\"https:\/\/www.reseau-mesure.com\/en\/la-formation-rm\/\" target=\"_blank\" rel=\"noopener\">consultez le planning<\/a>\u00a0&#8211;\u00a0Nous planifions les dates en fonction de vos demandes, alors n&rsquo;h\u00e9sitez pas \u00e0\u00a0<a href=\"mailto:confray@reseau-mesure.com\">Contact us<\/a>\u00a0!<\/p>\n\t\t\t<a href=\"https:\/\/www.reseau-mesure.com\/wp-content\/uploads\/2025\/11\/presentation-SharePoint-2026.pdf\" target=\"_blank\" rel=\"noopener\">\n\t\t\t\t\t\t\tpresentation\n\t\t\t\t\t<\/a>\n\t\t\t<a href=\"https:\/\/www.reseau-mesure.com\/wp-content\/uploads\/2025\/03\/programme-SharePoint-2025.pdf\" download target=\"_blank\" rel=\"noopener\">\n\t\t\t\t\t\t\tProgram\n\t\t\t\t\t<\/a>\n\t\t\t<a href=\"mailto:confray@reseau-mesure.com\" target=\"_blank\" rel=\"noopener\">\n\t\t\t\t\t\t\tSubscription request\n\t\t\t\t\t<\/a>","protected":false},"excerpt":{"rendered":"<p>&nbsp; Formation SharePoint, Teams, OneDrive et OneNote Une formation interactive sur 2 journ\u00e9es Comprendre les concepts cl\u00e9s de SharePoint, Teams et OneDrive, de les utiliser pour collaborer en temps r\u00e9el. G\u00e9rer des fichiers, des dossiers et des espaces de travail dans un environnement Microsoft 365. Participer activement \u00e0 des r\u00e9unions Teams et \u00e0 des espaces&hellip;<\/p>","protected":false},"author":349,"featured_media":0,"parent":0,"menu_order":0,"comment_status":"closed","ping_status":"closed","template":"","meta":{"_acf_changed":false,"footnotes":""},"class_list":["post-25102","page","type-page","status-publish","hentry"],"acf":[],"yoast_head":"<!-- This site is optimized with the Yoast SEO plugin v27.4 - https:\/\/yoast.com\/product\/yoast-seo-wordpress\/ -->\n<title>Formation - Formation SharePoint - R\u00e9seau Mesure<\/title>\n<meta name=\"description\" content=\"Formation interactive sur SharePoint, Teams, OneDrive et OneNote, pour collaborer en temps r\u00e9el et ger\u00e9rdes espaces de travail.\" \/>\n<meta name=\"robots\" content=\"index, follow, max-snippet:-1, max-image-preview:large, max-video-preview:-1\" \/>\n<link rel=\"canonical\" href=\"https:\/\/www.reseau-mesure.com\/en\/formation-sur-sharepoint-teams-onedrive-et-onenote\/\" \/>\n<meta property=\"og:locale\" content=\"en_US\" \/>\n<meta property=\"og:type\" content=\"article\" \/>\n<meta property=\"og:title\" content=\"Formation - Formation SharePoint - R\u00e9seau Mesure\" \/>\n<meta property=\"og:description\" content=\"Formation interactive sur SharePoint, Teams, OneDrive et OneNote, pour collaborer en temps r\u00e9el et ger\u00e9rdes espaces de travail.\" \/>\n<meta property=\"og:url\" content=\"https:\/\/www.reseau-mesure.com\/en\/formation-sur-sharepoint-teams-onedrive-et-onenote\/\" \/>\n<meta property=\"og:site_name\" content=\"R\u00e9seau Mesure\" \/>\n<meta property=\"article:publisher\" content=\"https:\/\/www.facebook.com\/reseaumesure\/\" \/>\n<meta property=\"article:modified_time\" content=\"2025-11-13T09:41:47+00:00\" \/>\n<meta property=\"og:image\" content=\"https:\/\/www.reseau-mesure.com\/wp-content\/uploads\/2025\/03\/sharepoint.png\" \/>\n<meta name=\"twitter:card\" content=\"summary_large_image\" \/>\n<meta name=\"twitter:site\" content=\"@ReseauMesure\" \/>\n<meta name=\"twitter:label1\" content=\"Est. reading time\" \/>\n\t<meta name=\"twitter:data1\" content=\"1 minute\" \/>\n<script type=\"application\/ld+json\" class=\"yoast-schema-graph\">{\"@context\":\"https:\\\/\\\/schema.org\",\"@graph\":[{\"@type\":\"WebPage\",\"@id\":\"https:\\\/\\\/www.reseau-mesure.com\\\/formation-sur-sharepoint-teams-onedrive-et-onenote\\\/\",\"url\":\"https:\\\/\\\/www.reseau-mesure.com\\\/formation-sur-sharepoint-teams-onedrive-et-onenote\\\/\",\"name\":\"Formation - Formation SharePoint - R\u00e9seau Mesure\",\"isPartOf\":{\"@id\":\"https:\\\/\\\/www.reseau-mesure.com\\\/#website\"},\"primaryImageOfPage\":{\"@id\":\"https:\\\/\\\/www.reseau-mesure.com\\\/formation-sur-sharepoint-teams-onedrive-et-onenote\\\/#primaryimage\"},\"image\":{\"@id\":\"https:\\\/\\\/www.reseau-mesure.com\\\/formation-sur-sharepoint-teams-onedrive-et-onenote\\\/#primaryimage\"},\"thumbnailUrl\":\"https:\\\/\\\/www.reseau-mesure.com\\\/wp-content\\\/uploads\\\/2025\\\/03\\\/sharepoint.png\",\"datePublished\":\"2025-03-06T13:47:27+00:00\",\"dateModified\":\"2025-11-13T09:41:47+00:00\",\"description\":\"Formation interactive sur SharePoint, Teams, OneDrive et OneNote, pour collaborer en temps r\u00e9el et ger\u00e9rdes espaces de travail.\",\"breadcrumb\":{\"@id\":\"https:\\\/\\\/www.reseau-mesure.com\\\/formation-sur-sharepoint-teams-onedrive-et-onenote\\\/#breadcrumb\"},\"inLanguage\":\"en-US\",\"potentialAction\":[{\"@type\":\"ReadAction\",\"target\":[\"https:\\\/\\\/www.reseau-mesure.com\\\/formation-sur-sharepoint-teams-onedrive-et-onenote\\\/\"]}]},{\"@type\":\"ImageObject\",\"inLanguage\":\"en-US\",\"@id\":\"https:\\\/\\\/www.reseau-mesure.com\\\/formation-sur-sharepoint-teams-onedrive-et-onenote\\\/#primaryimage\",\"url\":\"https:\\\/\\\/www.reseau-mesure.com\\\/wp-content\\\/uploads\\\/2025\\\/03\\\/sharepoint.png\",\"contentUrl\":\"https:\\\/\\\/www.reseau-mesure.com\\\/wp-content\\\/uploads\\\/2025\\\/03\\\/sharepoint.png\"},{\"@type\":\"BreadcrumbList\",\"@id\":\"https:\\\/\\\/www.reseau-mesure.com\\\/formation-sur-sharepoint-teams-onedrive-et-onenote\\\/#breadcrumb\",\"itemListElement\":[{\"@type\":\"ListItem\",\"position\":1,\"name\":\"Accueil\",\"item\":\"https:\\\/\\\/www.reseau-mesure.com\\\/\"},{\"@type\":\"ListItem\",\"position\":2,\"name\":\"Formation SharePoint\"}]},{\"@type\":\"WebSite\",\"@id\":\"https:\\\/\\\/www.reseau-mesure.com\\\/#website\",\"url\":\"https:\\\/\\\/www.reseau-mesure.com\\\/\",\"name\":\"R\u00e9seau-Mesure\",\"description\":\"R\u00e9seau Mesure\",\"publisher\":{\"@id\":\"https:\\\/\\\/www.reseau-mesure.com\\\/#organization\"},\"potentialAction\":[{\"@type\":\"SearchAction\",\"target\":{\"@type\":\"EntryPoint\",\"urlTemplate\":\"https:\\\/\\\/www.reseau-mesure.com\\\/?s={search_term_string}\"},\"query-input\":{\"@type\":\"PropertyValueSpecification\",\"valueRequired\":true,\"valueName\":\"search_term_string\"}}],\"inLanguage\":\"en-US\"},{\"@type\":\"Organization\",\"@id\":\"https:\\\/\\\/www.reseau-mesure.com\\\/#organization\",\"name\":\"R\u00e9seau-Mesure\",\"url\":\"https:\\\/\\\/www.reseau-mesure.com\\\/\",\"logo\":{\"@type\":\"ImageObject\",\"inLanguage\":\"en-US\",\"@id\":\"https:\\\/\\\/www.reseau-mesure.com\\\/#\\\/schema\\\/logo\\\/image\\\/\",\"url\":\"https:\\\/\\\/www.reseau-mesure.com\\\/wp-content\\\/uploads\\\/2018\\\/02\\\/logo-max.png\",\"contentUrl\":\"https:\\\/\\\/www.reseau-mesure.com\\\/wp-content\\\/uploads\\\/2018\\\/02\\\/logo-max.png\",\"width\":545,\"height\":285,\"caption\":\"R\u00e9seau-Mesure\"},\"image\":{\"@id\":\"https:\\\/\\\/www.reseau-mesure.com\\\/#\\\/schema\\\/logo\\\/image\\\/\"},\"sameAs\":[\"https:\\\/\\\/www.facebook.com\\\/reseaumesure\\\/\",\"https:\\\/\\\/x.com\\\/ReseauMesure\",\"https:\\\/\\\/www.linkedin.com\\\/company\\\/reseau-mesure\\\/\"]}]}<\/script>\n<!-- \/ Yoast SEO plugin. -->","yoast_head_json":{"title":"Formation - Formation SharePoint - R\u00e9seau Mesure","description":"Formation interactive sur SharePoint, Teams, OneDrive et OneNote, pour collaborer en temps r\u00e9el et ger\u00e9rdes espaces de travail.","robots":{"index":"index","follow":"follow","max-snippet":"max-snippet:-1","max-image-preview":"max-image-preview:large","max-video-preview":"max-video-preview:-1"},"canonical":"https:\/\/www.reseau-mesure.com\/en\/formation-sur-sharepoint-teams-onedrive-et-onenote\/","og_locale":"en_US","og_type":"article","og_title":"Formation - Formation SharePoint - R\u00e9seau Mesure","og_description":"Formation interactive sur SharePoint, Teams, OneDrive et OneNote, pour collaborer en temps r\u00e9el et ger\u00e9rdes espaces de travail.","og_url":"https:\/\/www.reseau-mesure.com\/en\/formation-sur-sharepoint-teams-onedrive-et-onenote\/","og_site_name":"R\u00e9seau Mesure","article_publisher":"https:\/\/www.facebook.com\/reseaumesure\/","article_modified_time":"2025-11-13T09:41:47+00:00","og_image":[{"url":"https:\/\/www.reseau-mesure.com\/wp-content\/uploads\/2025\/03\/sharepoint.png","type":"","width":"","height":""}],"twitter_card":"summary_large_image","twitter_site":"@ReseauMesure","twitter_misc":{"Est. reading time":"1 minute"},"schema":{"@context":"https:\/\/schema.org","@graph":[{"@type":"WebPage","@id":"https:\/\/www.reseau-mesure.com\/formation-sur-sharepoint-teams-onedrive-et-onenote\/","url":"https:\/\/www.reseau-mesure.com\/formation-sur-sharepoint-teams-onedrive-et-onenote\/","name":"Formation - Formation SharePoint - R\u00e9seau Mesure","isPartOf":{"@id":"https:\/\/www.reseau-mesure.com\/#website"},"primaryImageOfPage":{"@id":"https:\/\/www.reseau-mesure.com\/formation-sur-sharepoint-teams-onedrive-et-onenote\/#primaryimage"},"image":{"@id":"https:\/\/www.reseau-mesure.com\/formation-sur-sharepoint-teams-onedrive-et-onenote\/#primaryimage"},"thumbnailUrl":"https:\/\/www.reseau-mesure.com\/wp-content\/uploads\/2025\/03\/sharepoint.png","datePublished":"2025-03-06T13:47:27+00:00","dateModified":"2025-11-13T09:41:47+00:00","description":"Formation interactive sur SharePoint, Teams, OneDrive et OneNote, pour collaborer en temps r\u00e9el et ger\u00e9rdes espaces de travail.","breadcrumb":{"@id":"https:\/\/www.reseau-mesure.com\/formation-sur-sharepoint-teams-onedrive-et-onenote\/#breadcrumb"},"inLanguage":"en-US","potentialAction":[{"@type":"ReadAction","target":["https:\/\/www.reseau-mesure.com\/formation-sur-sharepoint-teams-onedrive-et-onenote\/"]}]},{"@type":"ImageObject","inLanguage":"en-US","@id":"https:\/\/www.reseau-mesure.com\/formation-sur-sharepoint-teams-onedrive-et-onenote\/#primaryimage","url":"https:\/\/www.reseau-mesure.com\/wp-content\/uploads\/2025\/03\/sharepoint.png","contentUrl":"https:\/\/www.reseau-mesure.com\/wp-content\/uploads\/2025\/03\/sharepoint.png"},{"@type":"BreadcrumbList","@id":"https:\/\/www.reseau-mesure.com\/formation-sur-sharepoint-teams-onedrive-et-onenote\/#breadcrumb","itemListElement":[{"@type":"ListItem","position":1,"name":"Accueil","item":"https:\/\/www.reseau-mesure.com\/"},{"@type":"ListItem","position":2,"name":"Formation SharePoint"}]},{"@type":"WebSite","@id":"https:\/\/www.reseau-mesure.com\/#website","url":"https:\/\/www.reseau-mesure.com\/","name":"R\u00e9seau-Mesure","description":"Network Measure","publisher":{"@id":"https:\/\/www.reseau-mesure.com\/#organization"},"potentialAction":[{"@type":"SearchAction","target":{"@type":"EntryPoint","urlTemplate":"https:\/\/www.reseau-mesure.com\/?s={search_term_string}"},"query-input":{"@type":"PropertyValueSpecification","valueRequired":true,"valueName":"search_term_string"}}],"inLanguage":"en-US"},{"@type":"Organization","@id":"https:\/\/www.reseau-mesure.com\/#organization","name":"R\u00e9seau-Mesure","url":"https:\/\/www.reseau-mesure.com\/","logo":{"@type":"ImageObject","inLanguage":"en-US","@id":"https:\/\/www.reseau-mesure.com\/#\/schema\/logo\/image\/","url":"https:\/\/www.reseau-mesure.com\/wp-content\/uploads\/2018\/02\/logo-max.png","contentUrl":"https:\/\/www.reseau-mesure.com\/wp-content\/uploads\/2018\/02\/logo-max.png","width":545,"height":285,"caption":"R\u00e9seau-Mesure"},"image":{"@id":"https:\/\/www.reseau-mesure.com\/#\/schema\/logo\/image\/"},"sameAs":["https:\/\/www.facebook.com\/reseaumesure\/","https:\/\/x.com\/ReseauMesure","https:\/\/www.linkedin.com\/company\/reseau-mesure\/"]}]}},"_links":{"self":[{"href":"https:\/\/www.reseau-mesure.com\/en\/wp-json\/wp\/v2\/pages\/25102","targetHints":{"allow":["GET"]}}],"collection":[{"href":"https:\/\/www.reseau-mesure.com\/en\/wp-json\/wp\/v2\/pages"}],"about":[{"href":"https:\/\/www.reseau-mesure.com\/en\/wp-json\/wp\/v2\/types\/page"}],"author":[{"embeddable":true,"href":"https:\/\/www.reseau-mesure.com\/en\/wp-json\/wp\/v2\/users\/349"}],"replies":[{"embeddable":true,"href":"https:\/\/www.reseau-mesure.com\/en\/wp-json\/wp\/v2\/comments?post=25102"}],"version-history":[{"count":0,"href":"https:\/\/www.reseau-mesure.com\/en\/wp-json\/wp\/v2\/pages\/25102\/revisions"}],"wp:attachment":[{"href":"https:\/\/www.reseau-mesure.com\/en\/wp-json\/wp\/v2\/media?parent=25102"}],"curies":[{"name":"wp","href":"https:\/\/api.w.org\/{rel}","templated":true}]}}