{"id":2805,"date":"2018-06-27T00:53:50","date_gmt":"2018-06-26T22:53:50","guid":{"rendered":"http:\/\/www.reseau-mesure.com\/?page_id=2805"},"modified":"2020-04-15T18:15:57","modified_gmt":"2020-04-15T16:15:57","slug":"measurement-world-2019-2","status":"publish","type":"page","link":"https:\/\/www.reseau-mesure.com\/en\/measurement-world-2019-2\/","title":{"rendered":"MEASUREMENT WORLD 2019"},"content":{"rendered":"<a href=\"https:\/\/www.reseau-mesure.com\/wp-content\/uploads\/2018\/08\/FLYER-MW_A5_4-pages-FR-internet.pdf\" target=\"_self\" itemprop=\"url\" rel=\"noopener noreferrer\">\n\t\t\t\t<img loading=\"lazy\" decoding=\"async\" src=\"https:\/\/www.reseau-mesure.com\/wp-content\/uploads\/2018\/06\/MEASUREMENT_WORLD-LARGEUR.jpg\" alt=\"MEASUREMENT_WORLD-LARGEUR\" itemprop=\"image\" height=\"1129\" width=\"3544\" title=\"MEASUREMENT_WORLD-WIDTH\" onerror=\"this.style.display='none'\"  \/>\n\t\t\t\t<\/a>\n\t\t\t\t<img loading=\"lazy\" decoding=\"async\" src=\"https:\/\/www.reseau-mesure.com\/wp-content\/uploads\/2018\/06\/Nuage-MW-21-juin.jpg\" alt=\"Measurement wolrd\" itemprop=\"image\" height=\"1529\" width=\"1852\" title=\"Cloud MW - copy\" onerror=\"this.style.display='none'\"  \/>\n\t\t\t\t<img decoding=\"async\" src=\"https:\/\/www.reseau-mesure.com\/wp-content\/plugins\/bb-plugin\/img\/pixel.png\" alt=\"\" itemprop=\"image\" onerror=\"this.style.display='none'\"  \/>\n\t<b>After its 2019 edition, the <\/b><b>next<\/b><b> Measurement World meeting will be held<br \/>\nSeptember 28-29 and 30, 2021<\/b>\n<p><b>THE INTERNATIONAL SHOW DEDICATED TO MEASUREMENT IN ITS WIDEST SENSE WHICH OFFERS:<\/b><\/p>\n<p><b>1 \/ Bring together an offer of specialists <\/b>presenting technologies and solutions related to metrology and measurement.<\/p>\n<p><b>2 \/ A platform for exchange and sharing for all stakeholders <\/b>a meeting place between industry and research, a place for sharing technological expertise and experiences, a springboard for launching innovations, a platform for the expression of technical partners and start-ups <i>(<\/i><i>Experts, academics and researchers, institutions, manufacturers, service providers and industrial users)<\/i><\/p>\n<p><b>3 \/ Be a watch &amp; trends media all year round <\/b>which makes it possible to anticipate the transformations of companies, laboratories and organizations.<\/p>\n<p><b>4 \/ Highlights and experiential spaces <\/b>which make it possible to see, touch, understand innovations, promote best practices in the sector, the scope of technological solutions and all the contributions of measurement <i>(control, optimization, productivity, quality, reliability, data valuation,\u2026).<\/i><\/p>\n\t\t\t<a href=\"https:\/\/www.mesures-solutions-expo.fr\/\" target=\"_self\" role=\"button\" rel=\"noopener noreferrer\">\n\t\t\t\t\t\t\tFor 2020, be present on Measures Solutions EXPO Lyon\n\t\t\t\t\t<\/a>\n\t<p>&nbsp;<\/p>\n<h2>2019 edition<\/h2>\n<p><strong>Supported by unions, institutions, associations and manufacturers in the sector, GL events Exhibitions launches MEASUREMENT WORLD: a unique event dedicated to the world of Measurement in its broadest sense, including control, process, testing , vision and optics.<\/strong><\/p>\n<h2>MEASUREMENT WORLD: a major European event dedicated to Measurement<\/h2>\n<ul>\n<li>Biennial event<\/li>\n<li>Together with <strong>International Congress of Metrology<\/strong> (CIM 2019) <strong>35% <\/strong>international conventioneers<\/li>\n<\/ul>\n<ul>\n<li><strong>5,000 m\u00b2 <\/strong>exhibition with a Metrology Village<\/li>\n<li><strong>3 days <\/strong>exhibition<\/li>\n<li><strong>230<\/strong> exhibitors including <strong>15% <\/strong>international<\/li>\n<li><strong>3 000 <\/strong>visitors including <strong>15% <\/strong>international<\/li>\n<\/ul>\n<p>&quot;\u00a0<em>As a reference laboratory in metrology and a member of the French National Metrology Network, CETIAT&#039;s presence on MEASUREMENT WORLD is essential.<\/em> L<em>The simultaneous organization of the CIM is the opportunity to meet our counterparts and foreign partners who are members of EURAMET or other regional organizations in metrology. This international openness is unique! More broadly, visitors are targeted and high-quality, an opportunity to welcome our customers and make new, very interesting contacts.<\/em>\u00a0&quot;<\/p>\n<p><strong><em>Pierre CLAUDEL<\/em><\/strong><em>. Director - Testing, Calibration and Certification Department. Vice-President of the French College of Metrology<\/em><em>.<\/em><\/p>\n<h2><strong>An event acclaimed by the entire profession<\/strong><\/h2>\n<p>Supported by GL events, which continues its commitment to supporting the modernization of the industrial world, MEASUREMENT WORLD meets the expectations of Measurement players:<\/p>\n<ul>\n<li>70% companies in the Measurement sector from the last ENOVA PARIS wish a dedicated biennial exhibition <em>(Source: ENOVA PARIS 2017 exhibitor surveys)<\/em> which brings together all the players in their sector: experts, academics and researchers, reference organizations, manufacturers and service providers, industrial users of measurement tools, etc.<\/li>\n<\/ul>\n<p>&nbsp;<\/p>\n<ul>\n<li>The French College of Metrology confirms this request with the will to include the International Metrology Congress within an event dedicated to Measurement. (CFM has been a partner of GL events since 2011)<\/li>\n<\/ul>\n<p><em>&quot;I want Bronkhorst to participate in MEASUREMENT WORLD in September 2019 because I am convinced that there is a professional audience from Greater Paris and the northern half of France very interested in a large exhibition bringing together all manufacturers and distributors of equipment in the field of Measurement as a whole, from instrumentation to metrology, including process automation and regulation, process improvement, innovation and production, all these sectors of industry and the R&amp;D which impose more and more measurement and control of all forms. &quot;<\/em><\/p>\n<p><strong>Ludovic Berg\u00e8re. <\/strong>Commercial Director at Bronkhorst<\/p>\n<h2><\/h2>\n<h2><strong>An ambitious project intended for all industrial sectors \u00a0<\/strong><\/h2>\n<p>Faced with an ultra-competitive market at the global level, the requirements of productivity, quality, confidence, and compliance are essential and are becoming widespread.<\/p>\n<p>The establishment of strategic partnerships between suppliers and better integration of measurement tools will allow companies, all sectors of activity, to stand out and offer more value and services to their customers.<\/p>\n<p>&nbsp;<\/p>\n\t\t\t\t<img loading=\"lazy\" decoding=\"async\" src=\"https:\/\/www.reseau-mesure.com\/wp-content\/uploads\/2018\/06\/SCHEM.png\" alt=\"SCHEM\" itemprop=\"image\" height=\"4372\" width=\"6488\" title=\"SCHEM\" onerror=\"this.style.display='none'\"  \/>","protected":false},"excerpt":{"rendered":"<p>After its 2019 edition, the next Measurement World meeting will be held on September 28-29 and 30, 2021 THE INTERNATIONAL SHOW DEDICATED TO MEASUREMENT IN ITS WIDEST SENSE WHICH PROPOSES: 1 \/ Bring together a range of specialists presenting related technologies and solutions to metrology and measurement. 2 \/ A platform for exchanges ...<\/p>","protected":false},"author":685,"featured_media":0,"parent":0,"menu_order":0,"comment_status":"closed","ping_status":"closed","template":"","meta":{"_acf_changed":false,"footnotes":""},"class_list":["post-2805","page","type-page","status-publish","hentry"],"acf":[],"yoast_head":"<!-- This site is optimized with the Yoast SEO plugin v27.4 - https:\/\/yoast.com\/product\/yoast-seo-wordpress\/ -->\n<title>MEASUREMENT WORLD 2019 - R\u00e9seau Mesure<\/title>\n<meta name=\"description\" content=\"Le salon measurement world est le salon de la mesure pour 2019. Les adh\u00e9rents du R\u00e9seau Mesure seront pr\u00e9sent. Informations et renseignements.\" \/>\n<meta name=\"robots\" content=\"index, follow, max-snippet:-1, max-image-preview:large, max-video-preview:-1\" \/>\n<link rel=\"canonical\" href=\"https:\/\/www.reseau-mesure.com\/en\/measurement-world-2019-2\/\" \/>\n<meta property=\"og:locale\" content=\"en_US\" \/>\n<meta property=\"og:type\" content=\"article\" \/>\n<meta property=\"og:title\" content=\"MEASUREMENT WORLD 2019 - R\u00e9seau Mesure\" \/>\n<meta property=\"og:description\" content=\"Le salon measurement world est le salon de la mesure pour 2019. Les adh\u00e9rents du R\u00e9seau Mesure seront pr\u00e9sent. Informations et renseignements.\" \/>\n<meta property=\"og:url\" content=\"https:\/\/www.reseau-mesure.com\/en\/measurement-world-2019-2\/\" \/>\n<meta property=\"og:site_name\" content=\"R\u00e9seau Mesure\" \/>\n<meta property=\"article:publisher\" content=\"https:\/\/www.facebook.com\/reseaumesure\/\" \/>\n<meta property=\"article:modified_time\" content=\"2020-04-15T16:15:57+00:00\" \/>\n<meta property=\"og:image\" content=\"https:\/\/www.reseau-mesure.com\/wp-content\/uploads\/2018\/06\/MEASUREMENT_WORLD-LARGEUR.jpg\" \/>\n<meta name=\"twitter:card\" content=\"summary_large_image\" \/>\n<meta name=\"twitter:site\" content=\"@ReseauMesure\" \/>\n<meta name=\"twitter:label1\" content=\"Est. reading time\" \/>\n\t<meta name=\"twitter:data1\" content=\"4 minutes\" \/>\n<script type=\"application\/ld+json\" class=\"yoast-schema-graph\">{\"@context\":\"https:\\\/\\\/schema.org\",\"@graph\":[{\"@type\":\"WebPage\",\"@id\":\"https:\\\/\\\/www.reseau-mesure.com\\\/de\\\/measurement-world-2019-2\\\/\",\"url\":\"https:\\\/\\\/www.reseau-mesure.com\\\/de\\\/measurement-world-2019-2\\\/\",\"name\":\"MEASUREMENT WORLD 2019 - R\u00e9seau Mesure\",\"isPartOf\":{\"@id\":\"https:\\\/\\\/www.reseau-mesure.com\\\/#website\"},\"primaryImageOfPage\":{\"@id\":\"https:\\\/\\\/www.reseau-mesure.com\\\/de\\\/measurement-world-2019-2\\\/#primaryimage\"},\"image\":{\"@id\":\"https:\\\/\\\/www.reseau-mesure.com\\\/de\\\/measurement-world-2019-2\\\/#primaryimage\"},\"thumbnailUrl\":\"https:\\\/\\\/www.reseau-mesure.com\\\/wp-content\\\/uploads\\\/2018\\\/06\\\/MEASUREMENT_WORLD-LARGEUR.jpg\",\"datePublished\":\"2018-06-26T22:53:50+00:00\",\"dateModified\":\"2020-04-15T16:15:57+00:00\",\"description\":\"Le salon measurement world est le salon de la mesure pour 2019. Les adh\u00e9rents du R\u00e9seau Mesure seront pr\u00e9sent. Informations et renseignements.\",\"breadcrumb\":{\"@id\":\"https:\\\/\\\/www.reseau-mesure.com\\\/de\\\/measurement-world-2019-2\\\/#breadcrumb\"},\"inLanguage\":\"en-US\",\"potentialAction\":[{\"@type\":\"ReadAction\",\"target\":[\"https:\\\/\\\/www.reseau-mesure.com\\\/de\\\/measurement-world-2019-2\\\/\"]}]},{\"@type\":\"ImageObject\",\"inLanguage\":\"en-US\",\"@id\":\"https:\\\/\\\/www.reseau-mesure.com\\\/de\\\/measurement-world-2019-2\\\/#primaryimage\",\"url\":\"https:\\\/\\\/www.reseau-mesure.com\\\/wp-content\\\/uploads\\\/2018\\\/06\\\/MEASUREMENT_WORLD-LARGEUR.jpg\",\"contentUrl\":\"https:\\\/\\\/www.reseau-mesure.com\\\/wp-content\\\/uploads\\\/2018\\\/06\\\/MEASUREMENT_WORLD-LARGEUR.jpg\"},{\"@type\":\"BreadcrumbList\",\"@id\":\"https:\\\/\\\/www.reseau-mesure.com\\\/de\\\/measurement-world-2019-2\\\/#breadcrumb\",\"itemListElement\":[{\"@type\":\"ListItem\",\"position\":1,\"name\":\"Accueil\",\"item\":\"https:\\\/\\\/www.reseau-mesure.com\\\/\"},{\"@type\":\"ListItem\",\"position\":2,\"name\":\"MEASUREMENT WORLD 2019\"}]},{\"@type\":\"WebSite\",\"@id\":\"https:\\\/\\\/www.reseau-mesure.com\\\/#website\",\"url\":\"https:\\\/\\\/www.reseau-mesure.com\\\/\",\"name\":\"R\u00e9seau-Mesure\",\"description\":\"R\u00e9seau Mesure\",\"publisher\":{\"@id\":\"https:\\\/\\\/www.reseau-mesure.com\\\/#organization\"},\"potentialAction\":[{\"@type\":\"SearchAction\",\"target\":{\"@type\":\"EntryPoint\",\"urlTemplate\":\"https:\\\/\\\/www.reseau-mesure.com\\\/?s={search_term_string}\"},\"query-input\":{\"@type\":\"PropertyValueSpecification\",\"valueRequired\":true,\"valueName\":\"search_term_string\"}}],\"inLanguage\":\"en-US\"},{\"@type\":\"Organization\",\"@id\":\"https:\\\/\\\/www.reseau-mesure.com\\\/#organization\",\"name\":\"R\u00e9seau-Mesure\",\"url\":\"https:\\\/\\\/www.reseau-mesure.com\\\/\",\"logo\":{\"@type\":\"ImageObject\",\"inLanguage\":\"en-US\",\"@id\":\"https:\\\/\\\/www.reseau-mesure.com\\\/#\\\/schema\\\/logo\\\/image\\\/\",\"url\":\"https:\\\/\\\/www.reseau-mesure.com\\\/wp-content\\\/uploads\\\/2018\\\/02\\\/logo-max.png\",\"contentUrl\":\"https:\\\/\\\/www.reseau-mesure.com\\\/wp-content\\\/uploads\\\/2018\\\/02\\\/logo-max.png\",\"width\":545,\"height\":285,\"caption\":\"R\u00e9seau-Mesure\"},\"image\":{\"@id\":\"https:\\\/\\\/www.reseau-mesure.com\\\/#\\\/schema\\\/logo\\\/image\\\/\"},\"sameAs\":[\"https:\\\/\\\/www.facebook.com\\\/reseaumesure\\\/\",\"https:\\\/\\\/x.com\\\/ReseauMesure\",\"https:\\\/\\\/www.linkedin.com\\\/company\\\/reseau-mesure\\\/\"]}]}<\/script>\n<!-- \/ Yoast SEO plugin. -->","yoast_head_json":{"title":"MEASUREMENT WORLD 2019 - R\u00e9seau Mesure","description":"Le salon measurement world est le salon de la mesure pour 2019. Les adh\u00e9rents du R\u00e9seau Mesure seront pr\u00e9sent. Informations et renseignements.","robots":{"index":"index","follow":"follow","max-snippet":"max-snippet:-1","max-image-preview":"max-image-preview:large","max-video-preview":"max-video-preview:-1"},"canonical":"https:\/\/www.reseau-mesure.com\/en\/measurement-world-2019-2\/","og_locale":"en_US","og_type":"article","og_title":"MEASUREMENT WORLD 2019 - R\u00e9seau Mesure","og_description":"Le salon measurement world est le salon de la mesure pour 2019. Les adh\u00e9rents du R\u00e9seau Mesure seront pr\u00e9sent. Informations et renseignements.","og_url":"https:\/\/www.reseau-mesure.com\/en\/measurement-world-2019-2\/","og_site_name":"R\u00e9seau Mesure","article_publisher":"https:\/\/www.facebook.com\/reseaumesure\/","article_modified_time":"2020-04-15T16:15:57+00:00","og_image":[{"url":"https:\/\/www.reseau-mesure.com\/wp-content\/uploads\/2018\/06\/MEASUREMENT_WORLD-LARGEUR.jpg","type":"","width":"","height":""}],"twitter_card":"summary_large_image","twitter_site":"@ReseauMesure","twitter_misc":{"Est. reading time":"4 minutes"},"schema":{"@context":"https:\/\/schema.org","@graph":[{"@type":"WebPage","@id":"https:\/\/www.reseau-mesure.com\/de\/measurement-world-2019-2\/","url":"https:\/\/www.reseau-mesure.com\/de\/measurement-world-2019-2\/","name":"MEASUREMENT WORLD 2019 - R\u00e9seau Mesure","isPartOf":{"@id":"https:\/\/www.reseau-mesure.com\/#website"},"primaryImageOfPage":{"@id":"https:\/\/www.reseau-mesure.com\/de\/measurement-world-2019-2\/#primaryimage"},"image":{"@id":"https:\/\/www.reseau-mesure.com\/de\/measurement-world-2019-2\/#primaryimage"},"thumbnailUrl":"https:\/\/www.reseau-mesure.com\/wp-content\/uploads\/2018\/06\/MEASUREMENT_WORLD-LARGEUR.jpg","datePublished":"2018-06-26T22:53:50+00:00","dateModified":"2020-04-15T16:15:57+00:00","description":"Le salon measurement world est le salon de la mesure pour 2019. Les adh\u00e9rents du R\u00e9seau Mesure seront pr\u00e9sent. Informations et renseignements.","breadcrumb":{"@id":"https:\/\/www.reseau-mesure.com\/de\/measurement-world-2019-2\/#breadcrumb"},"inLanguage":"en-US","potentialAction":[{"@type":"ReadAction","target":["https:\/\/www.reseau-mesure.com\/de\/measurement-world-2019-2\/"]}]},{"@type":"ImageObject","inLanguage":"en-US","@id":"https:\/\/www.reseau-mesure.com\/de\/measurement-world-2019-2\/#primaryimage","url":"https:\/\/www.reseau-mesure.com\/wp-content\/uploads\/2018\/06\/MEASUREMENT_WORLD-LARGEUR.jpg","contentUrl":"https:\/\/www.reseau-mesure.com\/wp-content\/uploads\/2018\/06\/MEASUREMENT_WORLD-LARGEUR.jpg"},{"@type":"BreadcrumbList","@id":"https:\/\/www.reseau-mesure.com\/de\/measurement-world-2019-2\/#breadcrumb","itemListElement":[{"@type":"ListItem","position":1,"name":"Accueil","item":"https:\/\/www.reseau-mesure.com\/"},{"@type":"ListItem","position":2,"name":"MEASUREMENT WORLD 2019"}]},{"@type":"WebSite","@id":"https:\/\/www.reseau-mesure.com\/#website","url":"https:\/\/www.reseau-mesure.com\/","name":"R\u00e9seau-Mesure","description":"Network Measure","publisher":{"@id":"https:\/\/www.reseau-mesure.com\/#organization"},"potentialAction":[{"@type":"SearchAction","target":{"@type":"EntryPoint","urlTemplate":"https:\/\/www.reseau-mesure.com\/?s={search_term_string}"},"query-input":{"@type":"PropertyValueSpecification","valueRequired":true,"valueName":"search_term_string"}}],"inLanguage":"en-US"},{"@type":"Organization","@id":"https:\/\/www.reseau-mesure.com\/#organization","name":"R\u00e9seau-Mesure","url":"https:\/\/www.reseau-mesure.com\/","logo":{"@type":"ImageObject","inLanguage":"en-US","@id":"https:\/\/www.reseau-mesure.com\/#\/schema\/logo\/image\/","url":"https:\/\/www.reseau-mesure.com\/wp-content\/uploads\/2018\/02\/logo-max.png","contentUrl":"https:\/\/www.reseau-mesure.com\/wp-content\/uploads\/2018\/02\/logo-max.png","width":545,"height":285,"caption":"R\u00e9seau-Mesure"},"image":{"@id":"https:\/\/www.reseau-mesure.com\/#\/schema\/logo\/image\/"},"sameAs":["https:\/\/www.facebook.com\/reseaumesure\/","https:\/\/x.com\/ReseauMesure","https:\/\/www.linkedin.com\/company\/reseau-mesure\/"]}]}},"_links":{"self":[{"href":"https:\/\/www.reseau-mesure.com\/en\/wp-json\/wp\/v2\/pages\/2805","targetHints":{"allow":["GET"]}}],"collection":[{"href":"https:\/\/www.reseau-mesure.com\/en\/wp-json\/wp\/v2\/pages"}],"about":[{"href":"https:\/\/www.reseau-mesure.com\/en\/wp-json\/wp\/v2\/types\/page"}],"author":[{"embeddable":true,"href":"https:\/\/www.reseau-mesure.com\/en\/wp-json\/wp\/v2\/users\/685"}],"replies":[{"embeddable":true,"href":"https:\/\/www.reseau-mesure.com\/en\/wp-json\/wp\/v2\/comments?post=2805"}],"version-history":[{"count":0,"href":"https:\/\/www.reseau-mesure.com\/en\/wp-json\/wp\/v2\/pages\/2805\/revisions"}],"wp:attachment":[{"href":"https:\/\/www.reseau-mesure.com\/en\/wp-json\/wp\/v2\/media?parent=2805"}],"curies":[{"name":"wp","href":"https:\/\/api.w.org\/{rel}","templated":true}]}}