{"id":2829,"date":"2018-06-28T10:53:52","date_gmt":"2018-06-28T08:53:52","guid":{"rendered":"http:\/\/www.reseau-mesure.com\/?page_id=2829"},"modified":"2026-02-11T11:34:38","modified_gmt":"2026-02-11T10:34:38","slug":"ressources-documentaires","status":"publish","type":"page","link":"https:\/\/www.reseau-mesure.com\/en\/ressources-documentaires\/","title":{"rendered":"Documentary resources: find out with us"},"content":{"rendered":"<h1>\n\t\t\t\tTo go further Documentary resources\n\t\t<\/h1>\n\t<p>All documentary resources of the Measurement Network in restricted access for members<\/p>\n\t<h1>Our documentary resources<\/h1>\n<p>&nbsp;<\/p>\n<figure itemscope itemtype=\"https:\/\/schema.org\/ImageObject\">\n\t\t\t\t<a href=\"https:\/\/www.reseau-mesure.com\/wp-content\/uploads\/2025\/06\/Enquete-Reseau-Mesure-version-complete-web-1.pdf\"  target=\"_self\" itemprop=\"url\">\n\t\t\t\t<img decoding=\"async\" src=\"https:\/\/www.reseau-mesure.com\/wp-content\/uploads\/2025\/06\/Enquete-Reseau-Mesure-resume-web_Page_01-300x212.jpg\" alt=\"Enqu\u00eate R\u00e9seau Mesure - La mesure et l&#039;IA\" height=\"212\" width=\"300\" title=\"Enqu\u00eate R\u00e9seau Mesure - La mesure et l&#039;IA\" onerror=\"this.style.display='none'\" loading=\"lazy\" \/>\n\t\t\t\t<\/a>\n\t<\/figure>\n\t<p>La version compl\u00e8te n&rsquo;est visible ci-dessus qu&rsquo;en \u00e9tant connect\u00e9(e)<\/p>\n\t\t\t<a href=\"https:\/\/www.reseau-mesure.com\/wp-content\/uploads\/2025\/06\/Enquete-Reseau-Mesure-resume-web.pdf\"  target=\"_self\">\n\t\t\t\t\t\t\tLa mesure et l&rsquo;IA &#8211; synth\u00e8se de l&rsquo;\u00e9tude\n\t\t\t\t\t<\/a>\n\t\t\t<a href=\"https:\/\/www.reseau-mesure.com\/wp-content\/uploads\/2022\/07\/LISTE-ECOLES-domaine-de-la-mesure.xlsx\"  target=\"_blank\" rel=\"noopener\">\n\t\t\t\t\t\t\tList of schools in the field of measurement\n\t\t\t\t\t<\/a>\n\t\t\t<a href=\"https:\/\/www.reseau-mesure.com\/wp-content\/uploads\/2023\/03\/Lionbridge_ReseauMESURE_Translation_Partnership_V2.pdf\"  target=\"_blank\" rel=\"noopener\">\n\t\t\t\t\t\t\tTranslation solutions\n\t\t\t\t\t<\/a>\n\t\t\t<a href=\"https:\/\/commission.europa.eu\/news\/ai-act-enters-force-2024-08-01_fr\"  target=\"_blank\" rel=\"noopener\">\n\t\t\t\t\t\t\tR\u00e8glement europ\u00e9en sur l&rsquo;intelligence artificielle (IA)-2024\n\t\t\t\t\t<\/a>\n\t\t\t<a href=\"https:\/\/www.reseau-mesure.com\/en\/ressources-documentaires-evenements-salons\/\"  target=\"_self\">\n\t\t\t\t\t\t\tEvents \/ Exhibitions\n\t\t\t\t\t<\/a>\n\t\t\t<a href=\"https:\/\/www.reseau-mesure.com\/en\/ressources-documentaires-juridique\/\"  target=\"_self\">\n\t\t\t\t\t\t\tLegal \/ Tax\n\t\t\t\t\t<\/a>\n\t\t\t<a href=\"https:\/\/www.reseau-mesure.com\/en\/ressources-documentaires-procedures-administratives\/\"  target=\"_self\">\n\t\t\t\t\t\t\tAdministrative procedures\n\t\t\t\t\t<\/a>\n\t\t\t<a href=\"https:\/\/www.reseau-mesure.com\/en\/ressources-documentaires-phototheque\/\"  target=\"_self\">\n\t\t\t\t\t\t\tPhoto library\n\t\t\t\t\t<\/a>\n\t\t\t<a href=\"https:\/\/www.reseau-mesure.com\/en\/ressources-documentaires-accompagnement-dirigeant-2\/\"  target=\"_self\">\n\t\t\t\t\t\t\tSupport for the business manager\n\t\t\t\t\t<\/a>\n\t\t\t<a href=\"https:\/\/www.reseau-mesure.com\/en\/promotion-par-la-video\/\"  target=\"_self\">\n\t\t\t\t\t\t\tCOMMUNICATION TOOLS\n\t\t\t\t\t<\/a>\n\t\t\t<a href=\"https:\/\/www.reseau-mesure.com\/en\/ressources-documentaires-diverses\/\"  target=\"_self\">\n\t\t\t\t\t\t\tMiscellaneous resources\n\t\t\t\t\t<\/a>\n\t\t\t<a href=\"https:\/\/www.reseau-mesure.com\/en\/sensibilisation-au-handicap-ressources-documentaires\/\"  target=\"_blank\" rel=\"noopener\">\n\t\t\t\t\t\t\tdisability awareness\n\t\t\t\t\t<\/a>\n\t\t\t<a href=\"https:\/\/vimeo.com\/1067022152\/6b3b5db462?ts=0&#038;share=copy\"  target=\"_blank\" rel=\"noopener\">\n\t\t\t\t\t\t\tV\u00e9hicule d&rsquo;entreprise : d\u00e9fis de la transition \u00e9lectrique\n\t\t\t\t\t<\/a>\n\t\t\t<a href=\"https:\/\/www.reseau-mesure.com\/en\/prevenir-les-tms-au-travail\/\"  target=\"_blank\" rel=\"noopener\">\n\t\t\t\t\t\t\tPrevent Musculoskeletal Disorders at Work\n\t\t\t\t\t<\/a>\n\t<blockquote>\n<p>By clicking on the desired theme, find all the documentary resources that we reserve for our members.<\/p>\n<p>or go directly to the desired content in the list of most viewed documents below.<\/p>\n<\/blockquote>\n    <a href=\"\">\n        <h3>Our best reads<\/h3>\n        \n    <\/a>\n    <ul>\n        <li><a href=\"https:\/\/www.reseau-mesure.com\/en\/la-mesure\/\">What is measurement - Why Measure - Why the Measurement Network? <\/a><\/li><li><a href=\"https:\/\/www.reseau-mesure.com\/en\/comite-dentreprise\/\">A works council for VSEs and SMEs<\/a><\/li><li><a href=\"https:\/\/www.reseau-mesure.com\/en\/rgpd-4\/\">RGPD: An obligation since May 25, 2018<\/a><\/li><li><a href=\"https:\/\/www.reseau-mesure.com\/en\/le-reseau-mesure\/\">The Measurement Network - A business network that supports you<\/a><\/li><li><a href=\"https:\/\/www.reseau-mesure.com\/en\/la-mesure-et-la-precision\/\">Measurement and precision <\/a><\/li><li><a href=\"https:\/\/www.reseau-mesure.com\/en\/salons-professionnels\/\">Professional fairs: Why? <\/a><\/li>\n    <\/ul>\n\tthese documents are provided to you free of charge by the Measurement Network.<br \/>\nDo you have a specific need? let it be known!\n<p>The Measuring Network supports you in your research.<\/p>\n<p>&nbsp;<\/p>\n<p>&nbsp;<\/p>\n<p>&nbsp;<\/p>","protected":false},"excerpt":{"rendered":"<p>Pour aller plus loin Ressources documentaires Toutes les ressources documentaires du R\u00e9seaux Mesure en acc\u00e8s r\u00e9serv\u00e9 pour les adh\u00e9rents Nos ressources documentaires &nbsp; La version compl\u00e8te n&rsquo;est visible ci-dessus qu&rsquo;en \u00e9tant connect\u00e9(e) La mesure et l&rsquo;IA &#8211; synth\u00e8se de l&rsquo;\u00e9tude Liste des \u00e9coles du domaine de la mesure Les solutions de traduction R\u00e8glement europ\u00e9en sur&hellip;<\/p>","protected":false},"author":685,"featured_media":0,"parent":0,"menu_order":0,"comment_status":"closed","ping_status":"closed","template":"","meta":{"_acf_changed":false,"footnotes":""},"class_list":["post-2829","page","type-page","status-publish","hentry"],"acf":[],"yoast_head":"<!-- This site is optimized with the Yoast SEO plugin v27.3 - https:\/\/yoast.com\/product\/yoast-seo-wordpress\/ -->\n<title>Ressources documentaires : informez vous avec nous - R\u00e9seau Mesure<\/title>\n<meta name=\"description\" content=\"Retrouvez les ressources documentaires, photos, articles de fond propos\u00e9s par le R\u00e9seau Mesure. C&#039;est gratuit et r\u00e9serv\u00e9 aux adh\u00e9rents.\" \/>\n<meta name=\"robots\" content=\"index, follow, max-snippet:-1, max-image-preview:large, max-video-preview:-1\" \/>\n<link rel=\"canonical\" href=\"https:\/\/www.reseau-mesure.com\/en\/ressources-documentaires\/\" \/>\n<meta property=\"og:locale\" content=\"en_US\" \/>\n<meta property=\"og:type\" content=\"article\" \/>\n<meta property=\"og:title\" content=\"Ressources documentaires : informez vous avec nous - R\u00e9seau Mesure\" \/>\n<meta property=\"og:description\" content=\"Retrouvez les ressources documentaires, photos, articles de fond propos\u00e9s par le R\u00e9seau Mesure. C&#039;est gratuit et r\u00e9serv\u00e9 aux adh\u00e9rents.\" \/>\n<meta property=\"og:url\" content=\"https:\/\/www.reseau-mesure.com\/en\/ressources-documentaires\/\" \/>\n<meta property=\"og:site_name\" content=\"R\u00e9seau Mesure\" \/>\n<meta property=\"article:publisher\" content=\"https:\/\/www.facebook.com\/reseaumesure\/\" \/>\n<meta property=\"article:modified_time\" content=\"2026-02-11T10:34:38+00:00\" \/>\n<meta property=\"og:image\" content=\"https:\/\/www.reseau-mesure.com\/wp-content\/uploads\/2025\/06\/Enquete-Reseau-Mesure-resume-web_Page_01-300x212.jpg\" \/>\n<meta name=\"twitter:card\" content=\"summary_large_image\" \/>\n<meta name=\"twitter:site\" content=\"@ReseauMesure\" \/>\n<meta name=\"twitter:label1\" content=\"Est. reading time\" \/>\n\t<meta name=\"twitter:data1\" content=\"1 minute\" \/>\n<script type=\"application\/ld+json\" class=\"yoast-schema-graph\">{\"@context\":\"https:\\\/\\\/schema.org\",\"@graph\":[{\"@type\":\"WebPage\",\"@id\":\"https:\\\/\\\/www.reseau-mesure.com\\\/ressources-documentaires\\\/\",\"url\":\"https:\\\/\\\/www.reseau-mesure.com\\\/ressources-documentaires\\\/\",\"name\":\"Ressources documentaires : informez vous avec nous - R\u00e9seau Mesure\",\"isPartOf\":{\"@id\":\"https:\\\/\\\/www.reseau-mesure.com\\\/#website\"},\"primaryImageOfPage\":{\"@id\":\"https:\\\/\\\/www.reseau-mesure.com\\\/ressources-documentaires\\\/#primaryimage\"},\"image\":{\"@id\":\"https:\\\/\\\/www.reseau-mesure.com\\\/ressources-documentaires\\\/#primaryimage\"},\"thumbnailUrl\":\"https:\\\/\\\/www.reseau-mesure.com\\\/wp-content\\\/uploads\\\/2025\\\/06\\\/Enquete-Reseau-Mesure-resume-web_Page_01-300x212.jpg\",\"datePublished\":\"2018-06-28T08:53:52+00:00\",\"dateModified\":\"2026-02-11T10:34:38+00:00\",\"description\":\"Retrouvez les ressources documentaires, photos, articles de fond propos\u00e9s par le R\u00e9seau Mesure. C'est gratuit et r\u00e9serv\u00e9 aux adh\u00e9rents.\",\"breadcrumb\":{\"@id\":\"https:\\\/\\\/www.reseau-mesure.com\\\/ressources-documentaires\\\/#breadcrumb\"},\"inLanguage\":\"en-US\",\"potentialAction\":[{\"@type\":\"ReadAction\",\"target\":[\"https:\\\/\\\/www.reseau-mesure.com\\\/ressources-documentaires\\\/\"]}]},{\"@type\":\"ImageObject\",\"inLanguage\":\"en-US\",\"@id\":\"https:\\\/\\\/www.reseau-mesure.com\\\/ressources-documentaires\\\/#primaryimage\",\"url\":\"https:\\\/\\\/www.reseau-mesure.com\\\/wp-content\\\/uploads\\\/2025\\\/06\\\/Enquete-Reseau-Mesure-resume-web_Page_01-300x212.jpg\",\"contentUrl\":\"https:\\\/\\\/www.reseau-mesure.com\\\/wp-content\\\/uploads\\\/2025\\\/06\\\/Enquete-Reseau-Mesure-resume-web_Page_01-300x212.jpg\"},{\"@type\":\"BreadcrumbList\",\"@id\":\"https:\\\/\\\/www.reseau-mesure.com\\\/ressources-documentaires\\\/#breadcrumb\",\"itemListElement\":[{\"@type\":\"ListItem\",\"position\":1,\"name\":\"Accueil\",\"item\":\"https:\\\/\\\/www.reseau-mesure.com\\\/\"},{\"@type\":\"ListItem\",\"position\":2,\"name\":\"Ressources documentaires : informez vous avec nous\"}]},{\"@type\":\"WebSite\",\"@id\":\"https:\\\/\\\/www.reseau-mesure.com\\\/#website\",\"url\":\"https:\\\/\\\/www.reseau-mesure.com\\\/\",\"name\":\"R\u00e9seau-Mesure\",\"description\":\"R\u00e9seau Mesure\",\"publisher\":{\"@id\":\"https:\\\/\\\/www.reseau-mesure.com\\\/#organization\"},\"potentialAction\":[{\"@type\":\"SearchAction\",\"target\":{\"@type\":\"EntryPoint\",\"urlTemplate\":\"https:\\\/\\\/www.reseau-mesure.com\\\/?s={search_term_string}\"},\"query-input\":{\"@type\":\"PropertyValueSpecification\",\"valueRequired\":true,\"valueName\":\"search_term_string\"}}],\"inLanguage\":\"en-US\"},{\"@type\":\"Organization\",\"@id\":\"https:\\\/\\\/www.reseau-mesure.com\\\/#organization\",\"name\":\"R\u00e9seau-Mesure\",\"url\":\"https:\\\/\\\/www.reseau-mesure.com\\\/\",\"logo\":{\"@type\":\"ImageObject\",\"inLanguage\":\"en-US\",\"@id\":\"https:\\\/\\\/www.reseau-mesure.com\\\/#\\\/schema\\\/logo\\\/image\\\/\",\"url\":\"https:\\\/\\\/www.reseau-mesure.com\\\/wp-content\\\/uploads\\\/2018\\\/02\\\/logo-max.png\",\"contentUrl\":\"https:\\\/\\\/www.reseau-mesure.com\\\/wp-content\\\/uploads\\\/2018\\\/02\\\/logo-max.png\",\"width\":545,\"height\":285,\"caption\":\"R\u00e9seau-Mesure\"},\"image\":{\"@id\":\"https:\\\/\\\/www.reseau-mesure.com\\\/#\\\/schema\\\/logo\\\/image\\\/\"},\"sameAs\":[\"https:\\\/\\\/www.facebook.com\\\/reseaumesure\\\/\",\"https:\\\/\\\/x.com\\\/ReseauMesure\",\"https:\\\/\\\/www.linkedin.com\\\/company\\\/reseau-mesure\\\/\"]}]}<\/script>\n<!-- \/ Yoast SEO plugin. -->","yoast_head_json":{"title":"Ressources documentaires : informez vous avec nous - R\u00e9seau Mesure","description":"Retrouvez les ressources documentaires, photos, articles de fond propos\u00e9s par le R\u00e9seau Mesure. C'est gratuit et r\u00e9serv\u00e9 aux adh\u00e9rents.","robots":{"index":"index","follow":"follow","max-snippet":"max-snippet:-1","max-image-preview":"max-image-preview:large","max-video-preview":"max-video-preview:-1"},"canonical":"https:\/\/www.reseau-mesure.com\/en\/ressources-documentaires\/","og_locale":"en_US","og_type":"article","og_title":"Ressources documentaires : informez vous avec nous - R\u00e9seau Mesure","og_description":"Retrouvez les ressources documentaires, photos, articles de fond propos\u00e9s par le R\u00e9seau Mesure. C'est gratuit et r\u00e9serv\u00e9 aux adh\u00e9rents.","og_url":"https:\/\/www.reseau-mesure.com\/en\/ressources-documentaires\/","og_site_name":"R\u00e9seau Mesure","article_publisher":"https:\/\/www.facebook.com\/reseaumesure\/","article_modified_time":"2026-02-11T10:34:38+00:00","og_image":[{"url":"https:\/\/www.reseau-mesure.com\/wp-content\/uploads\/2025\/06\/Enquete-Reseau-Mesure-resume-web_Page_01-300x212.jpg","type":"","width":"","height":""}],"twitter_card":"summary_large_image","twitter_site":"@ReseauMesure","twitter_misc":{"Est. reading time":"1 minute"},"schema":{"@context":"https:\/\/schema.org","@graph":[{"@type":"WebPage","@id":"https:\/\/www.reseau-mesure.com\/ressources-documentaires\/","url":"https:\/\/www.reseau-mesure.com\/ressources-documentaires\/","name":"Ressources documentaires : informez vous avec nous - R\u00e9seau Mesure","isPartOf":{"@id":"https:\/\/www.reseau-mesure.com\/#website"},"primaryImageOfPage":{"@id":"https:\/\/www.reseau-mesure.com\/ressources-documentaires\/#primaryimage"},"image":{"@id":"https:\/\/www.reseau-mesure.com\/ressources-documentaires\/#primaryimage"},"thumbnailUrl":"https:\/\/www.reseau-mesure.com\/wp-content\/uploads\/2025\/06\/Enquete-Reseau-Mesure-resume-web_Page_01-300x212.jpg","datePublished":"2018-06-28T08:53:52+00:00","dateModified":"2026-02-11T10:34:38+00:00","description":"Retrouvez les ressources documentaires, photos, articles de fond propos\u00e9s par le R\u00e9seau Mesure. C'est gratuit et r\u00e9serv\u00e9 aux adh\u00e9rents.","breadcrumb":{"@id":"https:\/\/www.reseau-mesure.com\/ressources-documentaires\/#breadcrumb"},"inLanguage":"en-US","potentialAction":[{"@type":"ReadAction","target":["https:\/\/www.reseau-mesure.com\/ressources-documentaires\/"]}]},{"@type":"ImageObject","inLanguage":"en-US","@id":"https:\/\/www.reseau-mesure.com\/ressources-documentaires\/#primaryimage","url":"https:\/\/www.reseau-mesure.com\/wp-content\/uploads\/2025\/06\/Enquete-Reseau-Mesure-resume-web_Page_01-300x212.jpg","contentUrl":"https:\/\/www.reseau-mesure.com\/wp-content\/uploads\/2025\/06\/Enquete-Reseau-Mesure-resume-web_Page_01-300x212.jpg"},{"@type":"BreadcrumbList","@id":"https:\/\/www.reseau-mesure.com\/ressources-documentaires\/#breadcrumb","itemListElement":[{"@type":"ListItem","position":1,"name":"Accueil","item":"https:\/\/www.reseau-mesure.com\/"},{"@type":"ListItem","position":2,"name":"Ressources documentaires : informez vous avec nous"}]},{"@type":"WebSite","@id":"https:\/\/www.reseau-mesure.com\/#website","url":"https:\/\/www.reseau-mesure.com\/","name":"R\u00e9seau-Mesure","description":"Network Measure","publisher":{"@id":"https:\/\/www.reseau-mesure.com\/#organization"},"potentialAction":[{"@type":"SearchAction","target":{"@type":"EntryPoint","urlTemplate":"https:\/\/www.reseau-mesure.com\/?s={search_term_string}"},"query-input":{"@type":"PropertyValueSpecification","valueRequired":true,"valueName":"search_term_string"}}],"inLanguage":"en-US"},{"@type":"Organization","@id":"https:\/\/www.reseau-mesure.com\/#organization","name":"R\u00e9seau-Mesure","url":"https:\/\/www.reseau-mesure.com\/","logo":{"@type":"ImageObject","inLanguage":"en-US","@id":"https:\/\/www.reseau-mesure.com\/#\/schema\/logo\/image\/","url":"https:\/\/www.reseau-mesure.com\/wp-content\/uploads\/2018\/02\/logo-max.png","contentUrl":"https:\/\/www.reseau-mesure.com\/wp-content\/uploads\/2018\/02\/logo-max.png","width":545,"height":285,"caption":"R\u00e9seau-Mesure"},"image":{"@id":"https:\/\/www.reseau-mesure.com\/#\/schema\/logo\/image\/"},"sameAs":["https:\/\/www.facebook.com\/reseaumesure\/","https:\/\/x.com\/ReseauMesure","https:\/\/www.linkedin.com\/company\/reseau-mesure\/"]}]}},"_links":{"self":[{"href":"https:\/\/www.reseau-mesure.com\/en\/wp-json\/wp\/v2\/pages\/2829","targetHints":{"allow":["GET"]}}],"collection":[{"href":"https:\/\/www.reseau-mesure.com\/en\/wp-json\/wp\/v2\/pages"}],"about":[{"href":"https:\/\/www.reseau-mesure.com\/en\/wp-json\/wp\/v2\/types\/page"}],"author":[{"embeddable":true,"href":"https:\/\/www.reseau-mesure.com\/en\/wp-json\/wp\/v2\/users\/685"}],"replies":[{"embeddable":true,"href":"https:\/\/www.reseau-mesure.com\/en\/wp-json\/wp\/v2\/comments?post=2829"}],"version-history":[{"count":1,"href":"https:\/\/www.reseau-mesure.com\/en\/wp-json\/wp\/v2\/pages\/2829\/revisions"}],"predecessor-version":[{"id":29802,"href":"https:\/\/www.reseau-mesure.com\/en\/wp-json\/wp\/v2\/pages\/2829\/revisions\/29802"}],"wp:attachment":[{"href":"https:\/\/www.reseau-mesure.com\/en\/wp-json\/wp\/v2\/media?parent=2829"}],"curies":[{"name":"wp","href":"https:\/\/api.w.org\/{rel}","templated":true}]}}