{"id":2867,"date":"2018-07-05T16:54:07","date_gmt":"2018-07-05T14:54:07","guid":{"rendered":"http:\/\/www.reseau-mesure.com\/?page_id=2867"},"modified":"2019-03-18T10:38:34","modified_gmt":"2019-03-18T09:38:34","slug":"la-mesure-et-la-precision","status":"publish","type":"page","link":"https:\/\/www.reseau-mesure.com\/en\/la-mesure-et-la-precision\/","title":{"rendered":"Measurement and precision"},"content":{"rendered":"<h1 >\n\t\t\t\tLet&#039;s try to be precise<br \/>\n\t\t\tMeasurement and precision<br \/>\n\t\t<\/h1>\n<p>Vocabulary, definition and received ideas<\/p>\n<p>&nbsp;<\/p>\n<h1>Measurement and precision.<\/h1>\n<h2>Is your device accurate? How accurate is your device?<\/h2>\n<p>These two questions and their variations are regularly asked. Precision seems to be the holy grail of measurement.<\/p>\n<p><img loading=\"lazy\" decoding=\"async\" src=\"https:\/\/www.reseau-mesure.com\/wp-content\/uploads\/2018\/07\/I-Grande-60143-metre-ruban-couture-multicolore-150-cm.net_-300x300.jpg\" alt=\"La mesure \" width=\"300\" height=\"300\" \/><\/p>\n<p>Before answering whether a device is accurate, it makes more sense to consider what accuracy is.<\/p>\n<p>The Larousse dictionary gives the following definition: Overall quality of a measurement or of an instrument capable of giving very nearly the same result when the same measurement is repeated several times.<\/p>\n<p>Meanwhile the VIM (International Vocabulary of Metrology) gives the following explanation on the absence of the term precision in their document:<\/p>\n<p>The French term &quot;precision&quot; has been used in the past to express so many different concepts that the authors of the 3rd edition of the VIM preferred not to use it in order to avoid any misunderstanding and chose the term &quot;fidelity of measurement&quot; .<\/p>\n<p>So there seems to be a problem with this word. Indeed, in the common language, that of the \u201cMuggles\u201d of the measurement, the term precision or precise, indicates a device which gives a correct, good value, representative of reality.<\/p>\n<p>In the language of measurement experts, the term precision should be banned, like the name of the villain in Harry Potter, which I dare not write here.<\/p>\n<p>&nbsp;<\/p>\n<h2>But then does a precise measuring device exist?<\/h2>\n<p>Yes ! and that for sure. For the simple reason that this is what the customer is looking to buy. It is the responsibility of measurement professionals to instruct and train the client to use the correct language. But first you have to understand the customer&#039;s need to make him \u201cspecify\u201d what precise means for him. Is it repeatability? is it a low measurement uncertainty? etc.<\/p>\n<p>The members of the Measurement Network are the perfect interlocutors to answer your questions, listen to you, guide you and provide you with this famous precise instrument.<\/p>\n<p>We could talk here about certificates of calibration, conformity, &quot;calibration&quot; and others, because they are the ones that define part of the precision of the devices and that often demanded by customers. But the subject being complex I invite you to come back soon to discover this subject.<\/p>\n<p>Hope this article will help you understand the measurement better and be accurate enough.<\/p>\n<p>&nbsp;<\/p>\n<p>&nbsp;<\/p>\n<p>&nbsp;<\/p>\n<p>\t\t\t<a href=\"https:\/\/www.reseau-mesure.com\/en\/ressources-documentaires\/\" target=\"_self\" role=\"button\"><br \/>\n\t\t\t\t\t\t\tBack to documentary resources<br \/>\n\t\t\t\t\t<\/a><\/p>","protected":false},"excerpt":{"rendered":"<p>Let&#039;s try to be precise Measurement and precision Vocabulary, definition and received ideas Measurement and precision. Is your device accurate? How accurate is your device? These two questions and their variations are regularly asked. Precision seems to be the holy grail of measurement. Before answering knowing ...<\/p>","protected":false},"author":685,"featured_media":0,"parent":0,"menu_order":0,"comment_status":"closed","ping_status":"closed","template":"","meta":{"_acf_changed":false,"footnotes":""},"class_list":["post-2867","page","type-page","status-publish","hentry"],"acf":[],"yoast_head":"<!-- This site is optimized with the Yoast SEO plugin v27.3 - https:\/\/yoast.com\/product\/yoast-seo-wordpress\/ -->\n<title>La mesure et la pr\u00e9cision - R\u00e9seau Mesure<\/title>\n<meta name=\"description\" content=\"La pr\u00e9cision dans la mesure est un mot \u00e0 utiliser avec beaucoup de tact. Venez apprendre en vous amusant ce que veux dire pr\u00e9cision.\" \/>\n<meta name=\"robots\" content=\"index, follow, max-snippet:-1, max-image-preview:large, max-video-preview:-1\" \/>\n<link rel=\"canonical\" href=\"https:\/\/www.reseau-mesure.com\/en\/la-mesure-et-la-precision\/\" \/>\n<meta property=\"og:locale\" content=\"en_US\" \/>\n<meta property=\"og:type\" content=\"article\" \/>\n<meta property=\"og:title\" content=\"La mesure et la pr\u00e9cision - R\u00e9seau Mesure\" \/>\n<meta property=\"og:description\" content=\"La pr\u00e9cision dans la mesure est un mot \u00e0 utiliser avec beaucoup de tact. Venez apprendre en vous amusant ce que veux dire pr\u00e9cision.\" \/>\n<meta property=\"og:url\" content=\"https:\/\/www.reseau-mesure.com\/en\/la-mesure-et-la-precision\/\" \/>\n<meta property=\"og:site_name\" content=\"R\u00e9seau Mesure\" \/>\n<meta property=\"article:publisher\" content=\"https:\/\/www.facebook.com\/reseaumesure\/\" \/>\n<meta property=\"article:modified_time\" content=\"2019-03-18T09:38:34+00:00\" \/>\n<meta property=\"og:image\" content=\"https:\/\/www.reseau-mesure.com\/wp-content\/uploads\/2018\/07\/I-Grande-60143-metre-ruban-couture-multicolore-150-cm.net_-300x300.jpg\" \/>\n<meta name=\"twitter:card\" content=\"summary_large_image\" \/>\n<meta name=\"twitter:site\" content=\"@ReseauMesure\" \/>\n<meta name=\"twitter:label1\" content=\"Est. reading time\" \/>\n\t<meta name=\"twitter:data1\" content=\"2 minutes\" \/>\n<script type=\"application\/ld+json\" class=\"yoast-schema-graph\">{\"@context\":\"https:\\\/\\\/schema.org\",\"@graph\":[{\"@type\":\"WebPage\",\"@id\":\"https:\\\/\\\/www.reseau-mesure.com\\\/de\\\/la-mesure-et-la-precision\\\/\",\"url\":\"https:\\\/\\\/www.reseau-mesure.com\\\/de\\\/la-mesure-et-la-precision\\\/\",\"name\":\"La mesure et la pr\u00e9cision - R\u00e9seau Mesure\",\"isPartOf\":{\"@id\":\"https:\\\/\\\/www.reseau-mesure.com\\\/#website\"},\"primaryImageOfPage\":{\"@id\":\"https:\\\/\\\/www.reseau-mesure.com\\\/de\\\/la-mesure-et-la-precision\\\/#primaryimage\"},\"image\":{\"@id\":\"https:\\\/\\\/www.reseau-mesure.com\\\/de\\\/la-mesure-et-la-precision\\\/#primaryimage\"},\"thumbnailUrl\":\"https:\\\/\\\/www.reseau-mesure.com\\\/wp-content\\\/uploads\\\/2018\\\/07\\\/I-Grande-60143-metre-ruban-couture-multicolore-150-cm.net_-300x300.jpg\",\"datePublished\":\"2018-07-05T14:54:07+00:00\",\"dateModified\":\"2019-03-18T09:38:34+00:00\",\"description\":\"La pr\u00e9cision dans la mesure est un mot \u00e0 utiliser avec beaucoup de tact. Venez apprendre en vous amusant ce que veux dire pr\u00e9cision.\",\"breadcrumb\":{\"@id\":\"https:\\\/\\\/www.reseau-mesure.com\\\/de\\\/la-mesure-et-la-precision\\\/#breadcrumb\"},\"inLanguage\":\"en-US\",\"potentialAction\":[{\"@type\":\"ReadAction\",\"target\":[\"https:\\\/\\\/www.reseau-mesure.com\\\/de\\\/la-mesure-et-la-precision\\\/\"]}]},{\"@type\":\"ImageObject\",\"inLanguage\":\"en-US\",\"@id\":\"https:\\\/\\\/www.reseau-mesure.com\\\/de\\\/la-mesure-et-la-precision\\\/#primaryimage\",\"url\":\"https:\\\/\\\/www.reseau-mesure.com\\\/wp-content\\\/uploads\\\/2018\\\/07\\\/I-Grande-60143-metre-ruban-couture-multicolore-150-cm.net_-300x300.jpg\",\"contentUrl\":\"https:\\\/\\\/www.reseau-mesure.com\\\/wp-content\\\/uploads\\\/2018\\\/07\\\/I-Grande-60143-metre-ruban-couture-multicolore-150-cm.net_-300x300.jpg\"},{\"@type\":\"BreadcrumbList\",\"@id\":\"https:\\\/\\\/www.reseau-mesure.com\\\/de\\\/la-mesure-et-la-precision\\\/#breadcrumb\",\"itemListElement\":[{\"@type\":\"ListItem\",\"position\":1,\"name\":\"Accueil\",\"item\":\"https:\\\/\\\/www.reseau-mesure.com\\\/\"},{\"@type\":\"ListItem\",\"position\":2,\"name\":\"La mesure et la pr\u00e9cision\"}]},{\"@type\":\"WebSite\",\"@id\":\"https:\\\/\\\/www.reseau-mesure.com\\\/#website\",\"url\":\"https:\\\/\\\/www.reseau-mesure.com\\\/\",\"name\":\"R\u00e9seau-Mesure\",\"description\":\"R\u00e9seau Mesure\",\"publisher\":{\"@id\":\"https:\\\/\\\/www.reseau-mesure.com\\\/#organization\"},\"potentialAction\":[{\"@type\":\"SearchAction\",\"target\":{\"@type\":\"EntryPoint\",\"urlTemplate\":\"https:\\\/\\\/www.reseau-mesure.com\\\/?s={search_term_string}\"},\"query-input\":{\"@type\":\"PropertyValueSpecification\",\"valueRequired\":true,\"valueName\":\"search_term_string\"}}],\"inLanguage\":\"en-US\"},{\"@type\":\"Organization\",\"@id\":\"https:\\\/\\\/www.reseau-mesure.com\\\/#organization\",\"name\":\"R\u00e9seau-Mesure\",\"url\":\"https:\\\/\\\/www.reseau-mesure.com\\\/\",\"logo\":{\"@type\":\"ImageObject\",\"inLanguage\":\"en-US\",\"@id\":\"https:\\\/\\\/www.reseau-mesure.com\\\/#\\\/schema\\\/logo\\\/image\\\/\",\"url\":\"https:\\\/\\\/www.reseau-mesure.com\\\/wp-content\\\/uploads\\\/2018\\\/02\\\/logo-max.png\",\"contentUrl\":\"https:\\\/\\\/www.reseau-mesure.com\\\/wp-content\\\/uploads\\\/2018\\\/02\\\/logo-max.png\",\"width\":545,\"height\":285,\"caption\":\"R\u00e9seau-Mesure\"},\"image\":{\"@id\":\"https:\\\/\\\/www.reseau-mesure.com\\\/#\\\/schema\\\/logo\\\/image\\\/\"},\"sameAs\":[\"https:\\\/\\\/www.facebook.com\\\/reseaumesure\\\/\",\"https:\\\/\\\/x.com\\\/ReseauMesure\",\"https:\\\/\\\/www.linkedin.com\\\/company\\\/reseau-mesure\\\/\"]}]}<\/script>\n<!-- \/ Yoast SEO plugin. -->","yoast_head_json":{"title":"La mesure et la pr\u00e9cision - R\u00e9seau Mesure","description":"La pr\u00e9cision dans la mesure est un mot \u00e0 utiliser avec beaucoup de tact. Venez apprendre en vous amusant ce que veux dire pr\u00e9cision.","robots":{"index":"index","follow":"follow","max-snippet":"max-snippet:-1","max-image-preview":"max-image-preview:large","max-video-preview":"max-video-preview:-1"},"canonical":"https:\/\/www.reseau-mesure.com\/en\/la-mesure-et-la-precision\/","og_locale":"en_US","og_type":"article","og_title":"La mesure et la pr\u00e9cision - R\u00e9seau Mesure","og_description":"La pr\u00e9cision dans la mesure est un mot \u00e0 utiliser avec beaucoup de tact. Venez apprendre en vous amusant ce que veux dire pr\u00e9cision.","og_url":"https:\/\/www.reseau-mesure.com\/en\/la-mesure-et-la-precision\/","og_site_name":"R\u00e9seau Mesure","article_publisher":"https:\/\/www.facebook.com\/reseaumesure\/","article_modified_time":"2019-03-18T09:38:34+00:00","og_image":[{"url":"https:\/\/www.reseau-mesure.com\/wp-content\/uploads\/2018\/07\/I-Grande-60143-metre-ruban-couture-multicolore-150-cm.net_-300x300.jpg","type":"","width":"","height":""}],"twitter_card":"summary_large_image","twitter_site":"@ReseauMesure","twitter_misc":{"Est. reading time":"2 minutes"},"schema":{"@context":"https:\/\/schema.org","@graph":[{"@type":"WebPage","@id":"https:\/\/www.reseau-mesure.com\/de\/la-mesure-et-la-precision\/","url":"https:\/\/www.reseau-mesure.com\/de\/la-mesure-et-la-precision\/","name":"La mesure et la pr\u00e9cision - R\u00e9seau Mesure","isPartOf":{"@id":"https:\/\/www.reseau-mesure.com\/#website"},"primaryImageOfPage":{"@id":"https:\/\/www.reseau-mesure.com\/de\/la-mesure-et-la-precision\/#primaryimage"},"image":{"@id":"https:\/\/www.reseau-mesure.com\/de\/la-mesure-et-la-precision\/#primaryimage"},"thumbnailUrl":"https:\/\/www.reseau-mesure.com\/wp-content\/uploads\/2018\/07\/I-Grande-60143-metre-ruban-couture-multicolore-150-cm.net_-300x300.jpg","datePublished":"2018-07-05T14:54:07+00:00","dateModified":"2019-03-18T09:38:34+00:00","description":"La pr\u00e9cision dans la mesure est un mot \u00e0 utiliser avec beaucoup de tact. Venez apprendre en vous amusant ce que veux dire pr\u00e9cision.","breadcrumb":{"@id":"https:\/\/www.reseau-mesure.com\/de\/la-mesure-et-la-precision\/#breadcrumb"},"inLanguage":"en-US","potentialAction":[{"@type":"ReadAction","target":["https:\/\/www.reseau-mesure.com\/de\/la-mesure-et-la-precision\/"]}]},{"@type":"ImageObject","inLanguage":"en-US","@id":"https:\/\/www.reseau-mesure.com\/de\/la-mesure-et-la-precision\/#primaryimage","url":"https:\/\/www.reseau-mesure.com\/wp-content\/uploads\/2018\/07\/I-Grande-60143-metre-ruban-couture-multicolore-150-cm.net_-300x300.jpg","contentUrl":"https:\/\/www.reseau-mesure.com\/wp-content\/uploads\/2018\/07\/I-Grande-60143-metre-ruban-couture-multicolore-150-cm.net_-300x300.jpg"},{"@type":"BreadcrumbList","@id":"https:\/\/www.reseau-mesure.com\/de\/la-mesure-et-la-precision\/#breadcrumb","itemListElement":[{"@type":"ListItem","position":1,"name":"Accueil","item":"https:\/\/www.reseau-mesure.com\/"},{"@type":"ListItem","position":2,"name":"La mesure et la pr\u00e9cision"}]},{"@type":"WebSite","@id":"https:\/\/www.reseau-mesure.com\/#website","url":"https:\/\/www.reseau-mesure.com\/","name":"R\u00e9seau-Mesure","description":"Network Measure","publisher":{"@id":"https:\/\/www.reseau-mesure.com\/#organization"},"potentialAction":[{"@type":"SearchAction","target":{"@type":"EntryPoint","urlTemplate":"https:\/\/www.reseau-mesure.com\/?s={search_term_string}"},"query-input":{"@type":"PropertyValueSpecification","valueRequired":true,"valueName":"search_term_string"}}],"inLanguage":"en-US"},{"@type":"Organization","@id":"https:\/\/www.reseau-mesure.com\/#organization","name":"R\u00e9seau-Mesure","url":"https:\/\/www.reseau-mesure.com\/","logo":{"@type":"ImageObject","inLanguage":"en-US","@id":"https:\/\/www.reseau-mesure.com\/#\/schema\/logo\/image\/","url":"https:\/\/www.reseau-mesure.com\/wp-content\/uploads\/2018\/02\/logo-max.png","contentUrl":"https:\/\/www.reseau-mesure.com\/wp-content\/uploads\/2018\/02\/logo-max.png","width":545,"height":285,"caption":"R\u00e9seau-Mesure"},"image":{"@id":"https:\/\/www.reseau-mesure.com\/#\/schema\/logo\/image\/"},"sameAs":["https:\/\/www.facebook.com\/reseaumesure\/","https:\/\/x.com\/ReseauMesure","https:\/\/www.linkedin.com\/company\/reseau-mesure\/"]}]}},"_links":{"self":[{"href":"https:\/\/www.reseau-mesure.com\/en\/wp-json\/wp\/v2\/pages\/2867","targetHints":{"allow":["GET"]}}],"collection":[{"href":"https:\/\/www.reseau-mesure.com\/en\/wp-json\/wp\/v2\/pages"}],"about":[{"href":"https:\/\/www.reseau-mesure.com\/en\/wp-json\/wp\/v2\/types\/page"}],"author":[{"embeddable":true,"href":"https:\/\/www.reseau-mesure.com\/en\/wp-json\/wp\/v2\/users\/685"}],"replies":[{"embeddable":true,"href":"https:\/\/www.reseau-mesure.com\/en\/wp-json\/wp\/v2\/comments?post=2867"}],"version-history":[{"count":0,"href":"https:\/\/www.reseau-mesure.com\/en\/wp-json\/wp\/v2\/pages\/2867\/revisions"}],"wp:attachment":[{"href":"https:\/\/www.reseau-mesure.com\/en\/wp-json\/wp\/v2\/media?parent=2867"}],"curies":[{"name":"wp","href":"https:\/\/api.w.org\/{rel}","templated":true}]}}