{"id":2892,"date":"2018-07-05T18:00:36","date_gmt":"2018-07-05T16:00:36","guid":{"rendered":"http:\/\/www.reseau-mesure.com\/?page_id=2892"},"modified":"2019-02-06T22:13:08","modified_gmt":"2019-02-06T21:13:08","slug":"comite-dentreprise","status":"publish","type":"page","link":"https:\/\/www.reseau-mesure.com\/en\/comite-dentreprise\/","title":{"rendered":"A works council for all"},"content":{"rendered":"<p>&nbsp;<\/p>\n<h1>A work council for all<br \/>\nfor VSEs and SMEs<\/h1>\n<p>We tell you everything<\/p>\n<p>&nbsp;<\/p>\n<h1>VSEs and SMEs access the advantages of an (almost) CE<img loading=\"lazy\" decoding=\"async\" src=\"..\/wp-content\/uploads\/2018\/07\/bienvenue_au_ce.png\" alt=\"\" width=\"444\" height=\"314\" \/><\/h1>\n<p>&nbsp;<\/p>\n<p>What an injustice to see all these people benefiting from reduced admission tickets to amusement parks such as Disneyland Paris, Parc Ast\u00e9rix or Beauval Zoo.<\/p>\n<p>Why can&#039;t you who work as much as the employees of large companies enjoy similar benefits?<\/p>\n<h2>Think again !<\/h2>\n<p>There are solutions, cinema screenings, discounts in specialized stores, permanent discounts at your favorite retail chains.<\/p>\n<h2><img loading=\"lazy\" decoding=\"async\" src=\"..\/wp-content\/uploads\/2018\/07\/ob_86a09e_terre-small.png\" alt=\"\" width=\"498\" height=\"528\" \/>How is it possible ?<\/h2>\n<p>Different structures or companies have specialized in this field. They are positioned as a central purchasing body and allow a multitude of VSEs and SMEs to access advantages previously reserved for companies with more than 50 employees.<\/p>\n<h2>How does it work?<\/h2>\n<p>In our case, there is no CE permanence. We are even better. Thanks to an online account you order or benefit directly from your advantages.<\/p>\n<p>Reductions for you from your office or your home: Skis, Restaurants, Travel, Stays.<\/p>\n<h2>The experience places employees - by the Measurement Network:<\/h2>\n<p>Place des salari\u00e9es is an important partner for the members of the Measurement Network. It was chosen for its seriousness and obviously for the offers it offers. Employees&#039; place is backed up by another department, this time intended for the purchase of supplies, equipment and services for your company. This service is called Haxon\u00e9o and is one of the pillars of the Measuring Network purchasing groups.<\/p>\n<h2>So why not you ?<\/h2>\n<p>&nbsp;<\/p>\n<p>Take advantage of this offer by becoming a member of the Measurement Network<a href=\"..\/comment-adherer\/\"> (by clicking here)<\/a> and subscribe to this advantage reserved for members at a very special price.<\/p>\n<p>If you are not yet completely convinced by the advantages of the Measuring Network, we will present to you in a future article other advantages of the Measuring Network.<\/p>\n<p>&nbsp;<\/p>\n<p>&nbsp;<\/p>\n<p>&nbsp;<\/p>\n<p>&nbsp;<\/p>\n<p>&nbsp;<\/p>\n<p><a role=\"button\" href=\"https:\/\/www.reseau-mesure.com\/en\/ressources-documentaires\/\" target=\"_self\"><br \/>\nBack to documentary resources<br \/>\n<\/a><\/p>\n<p>&nbsp;<\/p>","protected":false},"excerpt":{"rendered":"<p>&nbsp; A works council for all for VSEs and SMEs We tell you all VSEs and SMEs access the advantages of an (almost) CE What an injustice to see all these people benefit from reduced price tickets to amusement parks like Disneyland Paris, Parc Ast\u00e9rix or Beauval Zoo. Why you who ...<\/p>","protected":false},"author":685,"featured_media":0,"parent":0,"menu_order":0,"comment_status":"closed","ping_status":"closed","template":"","meta":{"_acf_changed":false,"footnotes":""},"class_list":["post-2892","page","type-page","status-publish","hentry"],"acf":[],"yoast_head":"<!-- This site is optimized with the Yoast SEO plugin v27.4 - https:\/\/yoast.com\/product\/yoast-seo-wordpress\/ -->\n<title>Un comit\u00e9 d&#039;entreprise pour tous - R\u00e9seau Mesure<\/title>\n<meta name=\"description\" content=\"Un comit\u00e9 d&#039;entreprise est un avantage important pour les salari\u00e9s et une mani\u00e8re pour le dirigeant de r\u00e9compenser le personnel.\" \/>\n<meta name=\"robots\" content=\"index, follow, max-snippet:-1, max-image-preview:large, max-video-preview:-1\" \/>\n<link rel=\"canonical\" href=\"http:\/\/www.reseau-mesure.com\/en\/comite-dentreprise\/\" \/>\n<meta property=\"og:locale\" content=\"en_US\" \/>\n<meta property=\"og:type\" content=\"article\" \/>\n<meta property=\"og:title\" content=\"Un comit\u00e9 d&#039;entreprise pour tous - R\u00e9seau Mesure\" \/>\n<meta property=\"og:description\" content=\"Un comit\u00e9 d&#039;entreprise est un avantage important pour les salari\u00e9s et une mani\u00e8re pour le dirigeant de r\u00e9compenser le personnel.\" \/>\n<meta property=\"og:url\" content=\"http:\/\/www.reseau-mesure.com\/en\/comite-dentreprise\/\" \/>\n<meta property=\"og:site_name\" content=\"R\u00e9seau Mesure\" \/>\n<meta property=\"article:publisher\" content=\"https:\/\/www.facebook.com\/reseaumesure\/\" \/>\n<meta property=\"article:modified_time\" content=\"2019-02-06T21:13:08+00:00\" \/>\n<meta property=\"og:image\" content=\"http:\/\/..\/wp-content\/uploads\/2018\/07\/bienvenue_au_ce.png\" \/>\n<meta name=\"twitter:card\" content=\"summary_large_image\" \/>\n<meta name=\"twitter:site\" content=\"@ReseauMesure\" \/>\n<meta name=\"twitter:label1\" content=\"Est. reading time\" \/>\n\t<meta name=\"twitter:data1\" content=\"2 minutes\" \/>\n<script type=\"application\/ld+json\" class=\"yoast-schema-graph\">{\"@context\":\"https:\\\/\\\/schema.org\",\"@graph\":[{\"@type\":\"WebPage\",\"@id\":\"http:\\\/\\\/www.reseau-mesure.com\\\/en\\\/comite-dentreprise\\\/\",\"url\":\"http:\\\/\\\/www.reseau-mesure.com\\\/en\\\/comite-dentreprise\\\/\",\"name\":\"Un comit\u00e9 d'entreprise pour tous - R\u00e9seau Mesure\",\"isPartOf\":{\"@id\":\"https:\\\/\\\/www.reseau-mesure.com\\\/#website\"},\"datePublished\":\"2018-07-05T16:00:36+00:00\",\"dateModified\":\"2019-02-06T21:13:08+00:00\",\"description\":\"Un comit\u00e9 d'entreprise est un avantage important pour les salari\u00e9s et une mani\u00e8re pour le dirigeant de r\u00e9compenser le personnel.\",\"breadcrumb\":{\"@id\":\"http:\\\/\\\/www.reseau-mesure.com\\\/en\\\/comite-dentreprise\\\/#breadcrumb\"},\"inLanguage\":\"en-US\",\"potentialAction\":[{\"@type\":\"ReadAction\",\"target\":[\"http:\\\/\\\/www.reseau-mesure.com\\\/en\\\/comite-dentreprise\\\/\"]}]},{\"@type\":\"BreadcrumbList\",\"@id\":\"http:\\\/\\\/www.reseau-mesure.com\\\/en\\\/comite-dentreprise\\\/#breadcrumb\",\"itemListElement\":[{\"@type\":\"ListItem\",\"position\":1,\"name\":\"Accueil\",\"item\":\"https:\\\/\\\/www.reseau-mesure.com\\\/\"},{\"@type\":\"ListItem\",\"position\":2,\"name\":\"Un comit\u00e9 d&rsquo;entreprise pour tous\"}]},{\"@type\":\"WebSite\",\"@id\":\"https:\\\/\\\/www.reseau-mesure.com\\\/#website\",\"url\":\"https:\\\/\\\/www.reseau-mesure.com\\\/\",\"name\":\"R\u00e9seau-Mesure\",\"description\":\"R\u00e9seau Mesure\",\"publisher\":{\"@id\":\"https:\\\/\\\/www.reseau-mesure.com\\\/#organization\"},\"potentialAction\":[{\"@type\":\"SearchAction\",\"target\":{\"@type\":\"EntryPoint\",\"urlTemplate\":\"https:\\\/\\\/www.reseau-mesure.com\\\/?s={search_term_string}\"},\"query-input\":{\"@type\":\"PropertyValueSpecification\",\"valueRequired\":true,\"valueName\":\"search_term_string\"}}],\"inLanguage\":\"en-US\"},{\"@type\":\"Organization\",\"@id\":\"https:\\\/\\\/www.reseau-mesure.com\\\/#organization\",\"name\":\"R\u00e9seau-Mesure\",\"url\":\"https:\\\/\\\/www.reseau-mesure.com\\\/\",\"logo\":{\"@type\":\"ImageObject\",\"inLanguage\":\"en-US\",\"@id\":\"https:\\\/\\\/www.reseau-mesure.com\\\/#\\\/schema\\\/logo\\\/image\\\/\",\"url\":\"https:\\\/\\\/www.reseau-mesure.com\\\/wp-content\\\/uploads\\\/2018\\\/02\\\/logo-max.png\",\"contentUrl\":\"https:\\\/\\\/www.reseau-mesure.com\\\/wp-content\\\/uploads\\\/2018\\\/02\\\/logo-max.png\",\"width\":545,\"height\":285,\"caption\":\"R\u00e9seau-Mesure\"},\"image\":{\"@id\":\"https:\\\/\\\/www.reseau-mesure.com\\\/#\\\/schema\\\/logo\\\/image\\\/\"},\"sameAs\":[\"https:\\\/\\\/www.facebook.com\\\/reseaumesure\\\/\",\"https:\\\/\\\/x.com\\\/ReseauMesure\",\"https:\\\/\\\/www.linkedin.com\\\/company\\\/reseau-mesure\\\/\"]}]}<\/script>\n<!-- \/ Yoast SEO plugin. -->","yoast_head_json":{"title":"Un comit\u00e9 d'entreprise pour tous - R\u00e9seau Mesure","description":"Un comit\u00e9 d'entreprise est un avantage important pour les salari\u00e9s et une mani\u00e8re pour le dirigeant de r\u00e9compenser le personnel.","robots":{"index":"index","follow":"follow","max-snippet":"max-snippet:-1","max-image-preview":"max-image-preview:large","max-video-preview":"max-video-preview:-1"},"canonical":"http:\/\/www.reseau-mesure.com\/en\/comite-dentreprise\/","og_locale":"en_US","og_type":"article","og_title":"Un comit\u00e9 d'entreprise pour tous - R\u00e9seau Mesure","og_description":"Un comit\u00e9 d'entreprise est un avantage important pour les salari\u00e9s et une mani\u00e8re pour le dirigeant de r\u00e9compenser le personnel.","og_url":"http:\/\/www.reseau-mesure.com\/en\/comite-dentreprise\/","og_site_name":"R\u00e9seau Mesure","article_publisher":"https:\/\/www.facebook.com\/reseaumesure\/","article_modified_time":"2019-02-06T21:13:08+00:00","og_image":[{"url":"..\/wp-content\/uploads\/2018\/07\/bienvenue_au_ce.png","type":"","width":"","height":""}],"twitter_card":"summary_large_image","twitter_site":"@ReseauMesure","twitter_misc":{"Est. reading time":"2 minutes"},"schema":{"@context":"https:\/\/schema.org","@graph":[{"@type":"WebPage","@id":"http:\/\/www.reseau-mesure.com\/en\/comite-dentreprise\/","url":"http:\/\/www.reseau-mesure.com\/en\/comite-dentreprise\/","name":"Un comit\u00e9 d'entreprise pour tous - R\u00e9seau Mesure","isPartOf":{"@id":"https:\/\/www.reseau-mesure.com\/#website"},"datePublished":"2018-07-05T16:00:36+00:00","dateModified":"2019-02-06T21:13:08+00:00","description":"Un comit\u00e9 d'entreprise est un avantage important pour les salari\u00e9s et une mani\u00e8re pour le dirigeant de r\u00e9compenser le personnel.","breadcrumb":{"@id":"http:\/\/www.reseau-mesure.com\/en\/comite-dentreprise\/#breadcrumb"},"inLanguage":"en-US","potentialAction":[{"@type":"ReadAction","target":["http:\/\/www.reseau-mesure.com\/en\/comite-dentreprise\/"]}]},{"@type":"BreadcrumbList","@id":"http:\/\/www.reseau-mesure.com\/en\/comite-dentreprise\/#breadcrumb","itemListElement":[{"@type":"ListItem","position":1,"name":"Accueil","item":"https:\/\/www.reseau-mesure.com\/"},{"@type":"ListItem","position":2,"name":"Un comit\u00e9 d&rsquo;entreprise pour tous"}]},{"@type":"WebSite","@id":"https:\/\/www.reseau-mesure.com\/#website","url":"https:\/\/www.reseau-mesure.com\/","name":"R\u00e9seau-Mesure","description":"Network Measure","publisher":{"@id":"https:\/\/www.reseau-mesure.com\/#organization"},"potentialAction":[{"@type":"SearchAction","target":{"@type":"EntryPoint","urlTemplate":"https:\/\/www.reseau-mesure.com\/?s={search_term_string}"},"query-input":{"@type":"PropertyValueSpecification","valueRequired":true,"valueName":"search_term_string"}}],"inLanguage":"en-US"},{"@type":"Organization","@id":"https:\/\/www.reseau-mesure.com\/#organization","name":"R\u00e9seau-Mesure","url":"https:\/\/www.reseau-mesure.com\/","logo":{"@type":"ImageObject","inLanguage":"en-US","@id":"https:\/\/www.reseau-mesure.com\/#\/schema\/logo\/image\/","url":"https:\/\/www.reseau-mesure.com\/wp-content\/uploads\/2018\/02\/logo-max.png","contentUrl":"https:\/\/www.reseau-mesure.com\/wp-content\/uploads\/2018\/02\/logo-max.png","width":545,"height":285,"caption":"R\u00e9seau-Mesure"},"image":{"@id":"https:\/\/www.reseau-mesure.com\/#\/schema\/logo\/image\/"},"sameAs":["https:\/\/www.facebook.com\/reseaumesure\/","https:\/\/x.com\/ReseauMesure","https:\/\/www.linkedin.com\/company\/reseau-mesure\/"]}]}},"_links":{"self":[{"href":"https:\/\/www.reseau-mesure.com\/en\/wp-json\/wp\/v2\/pages\/2892","targetHints":{"allow":["GET"]}}],"collection":[{"href":"https:\/\/www.reseau-mesure.com\/en\/wp-json\/wp\/v2\/pages"}],"about":[{"href":"https:\/\/www.reseau-mesure.com\/en\/wp-json\/wp\/v2\/types\/page"}],"author":[{"embeddable":true,"href":"https:\/\/www.reseau-mesure.com\/en\/wp-json\/wp\/v2\/users\/685"}],"replies":[{"embeddable":true,"href":"https:\/\/www.reseau-mesure.com\/en\/wp-json\/wp\/v2\/comments?post=2892"}],"version-history":[{"count":0,"href":"https:\/\/www.reseau-mesure.com\/en\/wp-json\/wp\/v2\/pages\/2892\/revisions"}],"wp:attachment":[{"href":"https:\/\/www.reseau-mesure.com\/en\/wp-json\/wp\/v2\/media?parent=2892"}],"curies":[{"name":"wp","href":"https:\/\/api.w.org\/{rel}","templated":true}]}}