{"id":29109,"date":"2025-12-01T15:13:24","date_gmt":"2025-12-01T14:13:24","guid":{"rendered":"https:\/\/www.reseau-mesure.com\/?page_id=29109"},"modified":"2025-12-01T15:19:38","modified_gmt":"2025-12-01T14:19:38","slug":"disc4colors-mieux-se-connaitre-collaborer","status":"publish","type":"page","link":"https:\/\/www.reseau-mesure.com\/en\/disc4colors-mieux-se-connaitre-collaborer\/","title":{"rendered":"Test DISC 4 COLORS-Mieux se conna\u00eetre et conna\u00eetre les autres pour mieux collaborer"},"content":{"rendered":"<img decoding=\"async\" src=\"https:\/\/www.reseau-mesure.com\/wp-content\/uploads\/2024\/11\/MarcPetit-Consulting-logo-HORIZONTAL-300x129.png\" alt=\"formateur marc petit\" itemprop=\"image\" height=\"129\" width=\"300\" title=\"MarcPetit Consulting logo HORIZONTAL\" onerror=\"this.style.display='none'\" loading=\"lazy\" \/>\n\t<p>&nbsp;<\/p>\n<p><b>Test DISC 4 COLORS &#8211; Mieux se conna\u00eetre et conna\u00eetre les autres pour mieux collaborer<\/b><\/p>\n<p><strong>Formation individuelle et collective<\/strong><\/p>\n\t<p>Passage du test Disc en ligne (30 min) + Visio d&rsquo;1h30 + Visio d&rsquo;1h30 en \u00e9quipe<\/p>\n<p><strong><u>Goals\u00a0<\/u><\/strong>: mieux se connaitre et conna\u00eetre les autres pour mieux collaborer et am\u00e9liorer le fonctionnement collectif<\/p>\n<p>La formation sera assur\u00e9e par Marc PETIT titulaire de la certification professionnelle de la m\u00e9thode 4 Colors.<\/p>\n<p><b>R\u00e9seau Mesure is a Qualiopi certified training center allowing support from your OPCO.<\/b><\/p>\n<p><strong>Nombre de stagiaires par session :<\/strong> en \u00e9quipe.<\/p>\n<p><strong>Next session\u00a0<\/strong>: \u00a0Nous planifions les dates en fonction de vos demandes, alors n&rsquo;h\u00e9sitez pas \u00e0\u00a0<a href=\"mailto:confray@reseau-mesure.com\">Contact us<\/a>\u00a0!<\/p>\n<p>&nbsp;<\/p>\n\t\t\t<a href=\"https:\/\/www.reseau-mesure.com\/wp-content\/uploads\/2025\/12\/presentation-Profil-Individuel-et-Profil-dequipe-DISC4Colors-2026.pdf\" target=\"_blank\" rel=\"noopener\">\n\t\t\t\t\t\t\tpresentation\n\t\t\t\t\t<\/a>\n\t\t\t<a href=\"https:\/\/www.reseau-mesure.com\/wp-content\/uploads\/2025\/12\/programme-Profil-Individuel-et-Profil-dequipe-DISC4Colors-2026-1.pdf\" download target=\"_blank\" rel=\"noopener\">\n\t\t\t\t\t\t\tProgram\n\t\t\t\t\t<\/a>\n\t\t\t<a href=\"mailto:confray@reseau-mesure.com\" target=\"_blank\" rel=\"noopener\">\n\t\t\t\t\t\t\tSubscription request\n\t\t\t\t\t<\/a>","protected":false},"excerpt":{"rendered":"<p>&nbsp; Test DISC 4 COLORS &#8211; Mieux se conna\u00eetre et conna\u00eetre les autres pour mieux collaborer Formation individuelle et collective Passage du test Disc en ligne (30 min) + Visio d&rsquo;1h30 + Visio d&rsquo;1h30 en \u00e9quipe Objectifs\u00a0: mieux se connaitre et conna\u00eetre les autres pour mieux collaborer et am\u00e9liorer le fonctionnement collectif La formation sera&hellip;<\/p>","protected":false},"author":349,"featured_media":0,"parent":0,"menu_order":0,"comment_status":"closed","ping_status":"closed","template":"","meta":{"_acf_changed":false,"footnotes":""},"class_list":["post-29109","page","type-page","status-publish","hentry"],"acf":[],"yoast_head":"<!-- This site is optimized with the Yoast SEO plugin v27.4 - https:\/\/yoast.com\/product\/yoast-seo-wordpress\/ -->\n<title>Formation - Test DISC 4 COLORS-Mieux se conna\u00eetre et conna\u00eetre les autres pour mieux collaborer - R\u00e9seau Mesure<\/title>\n<meta name=\"description\" content=\"Test DISC 4 COLORS-Mieux se conna\u00eetre pour mieux communiquer - Mieux se conna\u00eetre pour mieux communiquer - Marc Petit\" \/>\n<meta name=\"robots\" content=\"index, follow, max-snippet:-1, max-image-preview:large, max-video-preview:-1\" \/>\n<link rel=\"canonical\" href=\"https:\/\/www.reseau-mesure.com\/en\/disc4colors-mieux-se-connaitre-collaborer\/\" \/>\n<meta property=\"og:locale\" content=\"en_US\" \/>\n<meta property=\"og:type\" content=\"article\" \/>\n<meta property=\"og:title\" content=\"Formation - Test DISC 4 COLORS-Mieux se conna\u00eetre et conna\u00eetre les autres pour mieux collaborer - R\u00e9seau Mesure\" \/>\n<meta property=\"og:description\" content=\"Test DISC 4 COLORS-Mieux se conna\u00eetre pour mieux communiquer - Mieux se conna\u00eetre pour mieux communiquer - Marc Petit\" \/>\n<meta property=\"og:url\" content=\"https:\/\/www.reseau-mesure.com\/en\/disc4colors-mieux-se-connaitre-collaborer\/\" \/>\n<meta property=\"og:site_name\" content=\"R\u00e9seau Mesure\" \/>\n<meta property=\"article:publisher\" content=\"https:\/\/www.facebook.com\/reseaumesure\/\" \/>\n<meta property=\"article:modified_time\" content=\"2025-12-01T14:19:38+00:00\" \/>\n<meta property=\"og:image\" content=\"https:\/\/www.reseau-mesure.com\/wp-content\/uploads\/2024\/11\/MarcPetit-Consulting-logo-HORIZONTAL-300x129.png\" \/>\n<meta name=\"twitter:card\" content=\"summary_large_image\" \/>\n<meta name=\"twitter:site\" content=\"@ReseauMesure\" \/>\n<meta name=\"twitter:label1\" content=\"Est. reading time\" \/>\n\t<meta name=\"twitter:data1\" content=\"1 minute\" \/>\n<script type=\"application\/ld+json\" class=\"yoast-schema-graph\">{\"@context\":\"https:\\\/\\\/schema.org\",\"@graph\":[{\"@type\":\"WebPage\",\"@id\":\"https:\\\/\\\/www.reseau-mesure.com\\\/disc4colors-mieux-se-connaitre-collaborer\\\/\",\"url\":\"https:\\\/\\\/www.reseau-mesure.com\\\/disc4colors-mieux-se-connaitre-collaborer\\\/\",\"name\":\"Formation - Test DISC 4 COLORS-Mieux se conna\u00eetre et conna\u00eetre les autres pour mieux collaborer - R\u00e9seau Mesure\",\"isPartOf\":{\"@id\":\"https:\\\/\\\/www.reseau-mesure.com\\\/#website\"},\"primaryImageOfPage\":{\"@id\":\"https:\\\/\\\/www.reseau-mesure.com\\\/disc4colors-mieux-se-connaitre-collaborer\\\/#primaryimage\"},\"image\":{\"@id\":\"https:\\\/\\\/www.reseau-mesure.com\\\/disc4colors-mieux-se-connaitre-collaborer\\\/#primaryimage\"},\"thumbnailUrl\":\"https:\\\/\\\/www.reseau-mesure.com\\\/wp-content\\\/uploads\\\/2024\\\/11\\\/MarcPetit-Consulting-logo-HORIZONTAL-300x129.png\",\"datePublished\":\"2025-12-01T14:13:24+00:00\",\"dateModified\":\"2025-12-01T14:19:38+00:00\",\"description\":\"Test DISC 4 COLORS-Mieux se conna\u00eetre pour mieux communiquer - Mieux se conna\u00eetre pour mieux communiquer - Marc Petit\",\"breadcrumb\":{\"@id\":\"https:\\\/\\\/www.reseau-mesure.com\\\/disc4colors-mieux-se-connaitre-collaborer\\\/#breadcrumb\"},\"inLanguage\":\"en-US\",\"potentialAction\":[{\"@type\":\"ReadAction\",\"target\":[\"https:\\\/\\\/www.reseau-mesure.com\\\/disc4colors-mieux-se-connaitre-collaborer\\\/\"]}]},{\"@type\":\"ImageObject\",\"inLanguage\":\"en-US\",\"@id\":\"https:\\\/\\\/www.reseau-mesure.com\\\/disc4colors-mieux-se-connaitre-collaborer\\\/#primaryimage\",\"url\":\"https:\\\/\\\/www.reseau-mesure.com\\\/wp-content\\\/uploads\\\/2024\\\/11\\\/MarcPetit-Consulting-logo-HORIZONTAL-300x129.png\",\"contentUrl\":\"https:\\\/\\\/www.reseau-mesure.com\\\/wp-content\\\/uploads\\\/2024\\\/11\\\/MarcPetit-Consulting-logo-HORIZONTAL-300x129.png\"},{\"@type\":\"BreadcrumbList\",\"@id\":\"https:\\\/\\\/www.reseau-mesure.com\\\/disc4colors-mieux-se-connaitre-collaborer\\\/#breadcrumb\",\"itemListElement\":[{\"@type\":\"ListItem\",\"position\":1,\"name\":\"Accueil\",\"item\":\"https:\\\/\\\/www.reseau-mesure.com\\\/\"},{\"@type\":\"ListItem\",\"position\":2,\"name\":\"Test DISC 4 COLORS-Mieux se conna\u00eetre et conna\u00eetre les autres pour mieux collaborer\"}]},{\"@type\":\"WebSite\",\"@id\":\"https:\\\/\\\/www.reseau-mesure.com\\\/#website\",\"url\":\"https:\\\/\\\/www.reseau-mesure.com\\\/\",\"name\":\"R\u00e9seau-Mesure\",\"description\":\"R\u00e9seau Mesure\",\"publisher\":{\"@id\":\"https:\\\/\\\/www.reseau-mesure.com\\\/#organization\"},\"potentialAction\":[{\"@type\":\"SearchAction\",\"target\":{\"@type\":\"EntryPoint\",\"urlTemplate\":\"https:\\\/\\\/www.reseau-mesure.com\\\/?s={search_term_string}\"},\"query-input\":{\"@type\":\"PropertyValueSpecification\",\"valueRequired\":true,\"valueName\":\"search_term_string\"}}],\"inLanguage\":\"en-US\"},{\"@type\":\"Organization\",\"@id\":\"https:\\\/\\\/www.reseau-mesure.com\\\/#organization\",\"name\":\"R\u00e9seau-Mesure\",\"url\":\"https:\\\/\\\/www.reseau-mesure.com\\\/\",\"logo\":{\"@type\":\"ImageObject\",\"inLanguage\":\"en-US\",\"@id\":\"https:\\\/\\\/www.reseau-mesure.com\\\/#\\\/schema\\\/logo\\\/image\\\/\",\"url\":\"https:\\\/\\\/www.reseau-mesure.com\\\/wp-content\\\/uploads\\\/2018\\\/02\\\/logo-max.png\",\"contentUrl\":\"https:\\\/\\\/www.reseau-mesure.com\\\/wp-content\\\/uploads\\\/2018\\\/02\\\/logo-max.png\",\"width\":545,\"height\":285,\"caption\":\"R\u00e9seau-Mesure\"},\"image\":{\"@id\":\"https:\\\/\\\/www.reseau-mesure.com\\\/#\\\/schema\\\/logo\\\/image\\\/\"},\"sameAs\":[\"https:\\\/\\\/www.facebook.com\\\/reseaumesure\\\/\",\"https:\\\/\\\/x.com\\\/ReseauMesure\",\"https:\\\/\\\/www.linkedin.com\\\/company\\\/reseau-mesure\\\/\"]}]}<\/script>\n<!-- \/ Yoast SEO plugin. -->","yoast_head_json":{"title":"Formation - Test DISC 4 COLORS-Mieux se conna\u00eetre et conna\u00eetre les autres pour mieux collaborer - R\u00e9seau Mesure","description":"Test DISC 4 COLORS-Mieux se conna\u00eetre pour mieux communiquer - Mieux se conna\u00eetre pour mieux communiquer - Marc Petit","robots":{"index":"index","follow":"follow","max-snippet":"max-snippet:-1","max-image-preview":"max-image-preview:large","max-video-preview":"max-video-preview:-1"},"canonical":"https:\/\/www.reseau-mesure.com\/en\/disc4colors-mieux-se-connaitre-collaborer\/","og_locale":"en_US","og_type":"article","og_title":"Formation - Test DISC 4 COLORS-Mieux se conna\u00eetre et conna\u00eetre les autres pour mieux collaborer - R\u00e9seau Mesure","og_description":"Test DISC 4 COLORS-Mieux se conna\u00eetre pour mieux communiquer - Mieux se conna\u00eetre pour mieux communiquer - Marc Petit","og_url":"https:\/\/www.reseau-mesure.com\/en\/disc4colors-mieux-se-connaitre-collaborer\/","og_site_name":"R\u00e9seau Mesure","article_publisher":"https:\/\/www.facebook.com\/reseaumesure\/","article_modified_time":"2025-12-01T14:19:38+00:00","og_image":[{"url":"https:\/\/www.reseau-mesure.com\/wp-content\/uploads\/2024\/11\/MarcPetit-Consulting-logo-HORIZONTAL-300x129.png","type":"","width":"","height":""}],"twitter_card":"summary_large_image","twitter_site":"@ReseauMesure","twitter_misc":{"Est. reading time":"1 minute"},"schema":{"@context":"https:\/\/schema.org","@graph":[{"@type":"WebPage","@id":"https:\/\/www.reseau-mesure.com\/disc4colors-mieux-se-connaitre-collaborer\/","url":"https:\/\/www.reseau-mesure.com\/disc4colors-mieux-se-connaitre-collaborer\/","name":"Formation - Test DISC 4 COLORS-Mieux se conna\u00eetre et conna\u00eetre les autres pour mieux collaborer - R\u00e9seau Mesure","isPartOf":{"@id":"https:\/\/www.reseau-mesure.com\/#website"},"primaryImageOfPage":{"@id":"https:\/\/www.reseau-mesure.com\/disc4colors-mieux-se-connaitre-collaborer\/#primaryimage"},"image":{"@id":"https:\/\/www.reseau-mesure.com\/disc4colors-mieux-se-connaitre-collaborer\/#primaryimage"},"thumbnailUrl":"https:\/\/www.reseau-mesure.com\/wp-content\/uploads\/2024\/11\/MarcPetit-Consulting-logo-HORIZONTAL-300x129.png","datePublished":"2025-12-01T14:13:24+00:00","dateModified":"2025-12-01T14:19:38+00:00","description":"Test DISC 4 COLORS-Mieux se conna\u00eetre pour mieux communiquer - Mieux se conna\u00eetre pour mieux communiquer - Marc Petit","breadcrumb":{"@id":"https:\/\/www.reseau-mesure.com\/disc4colors-mieux-se-connaitre-collaborer\/#breadcrumb"},"inLanguage":"en-US","potentialAction":[{"@type":"ReadAction","target":["https:\/\/www.reseau-mesure.com\/disc4colors-mieux-se-connaitre-collaborer\/"]}]},{"@type":"ImageObject","inLanguage":"en-US","@id":"https:\/\/www.reseau-mesure.com\/disc4colors-mieux-se-connaitre-collaborer\/#primaryimage","url":"https:\/\/www.reseau-mesure.com\/wp-content\/uploads\/2024\/11\/MarcPetit-Consulting-logo-HORIZONTAL-300x129.png","contentUrl":"https:\/\/www.reseau-mesure.com\/wp-content\/uploads\/2024\/11\/MarcPetit-Consulting-logo-HORIZONTAL-300x129.png"},{"@type":"BreadcrumbList","@id":"https:\/\/www.reseau-mesure.com\/disc4colors-mieux-se-connaitre-collaborer\/#breadcrumb","itemListElement":[{"@type":"ListItem","position":1,"name":"Accueil","item":"https:\/\/www.reseau-mesure.com\/"},{"@type":"ListItem","position":2,"name":"Test DISC 4 COLORS-Mieux se conna\u00eetre et conna\u00eetre les autres pour mieux collaborer"}]},{"@type":"WebSite","@id":"https:\/\/www.reseau-mesure.com\/#website","url":"https:\/\/www.reseau-mesure.com\/","name":"R\u00e9seau-Mesure","description":"Network Measure","publisher":{"@id":"https:\/\/www.reseau-mesure.com\/#organization"},"potentialAction":[{"@type":"SearchAction","target":{"@type":"EntryPoint","urlTemplate":"https:\/\/www.reseau-mesure.com\/?s={search_term_string}"},"query-input":{"@type":"PropertyValueSpecification","valueRequired":true,"valueName":"search_term_string"}}],"inLanguage":"en-US"},{"@type":"Organization","@id":"https:\/\/www.reseau-mesure.com\/#organization","name":"R\u00e9seau-Mesure","url":"https:\/\/www.reseau-mesure.com\/","logo":{"@type":"ImageObject","inLanguage":"en-US","@id":"https:\/\/www.reseau-mesure.com\/#\/schema\/logo\/image\/","url":"https:\/\/www.reseau-mesure.com\/wp-content\/uploads\/2018\/02\/logo-max.png","contentUrl":"https:\/\/www.reseau-mesure.com\/wp-content\/uploads\/2018\/02\/logo-max.png","width":545,"height":285,"caption":"R\u00e9seau-Mesure"},"image":{"@id":"https:\/\/www.reseau-mesure.com\/#\/schema\/logo\/image\/"},"sameAs":["https:\/\/www.facebook.com\/reseaumesure\/","https:\/\/x.com\/ReseauMesure","https:\/\/www.linkedin.com\/company\/reseau-mesure\/"]}]}},"_links":{"self":[{"href":"https:\/\/www.reseau-mesure.com\/en\/wp-json\/wp\/v2\/pages\/29109","targetHints":{"allow":["GET"]}}],"collection":[{"href":"https:\/\/www.reseau-mesure.com\/en\/wp-json\/wp\/v2\/pages"}],"about":[{"href":"https:\/\/www.reseau-mesure.com\/en\/wp-json\/wp\/v2\/types\/page"}],"author":[{"embeddable":true,"href":"https:\/\/www.reseau-mesure.com\/en\/wp-json\/wp\/v2\/users\/349"}],"replies":[{"embeddable":true,"href":"https:\/\/www.reseau-mesure.com\/en\/wp-json\/wp\/v2\/comments?post=29109"}],"version-history":[{"count":0,"href":"https:\/\/www.reseau-mesure.com\/en\/wp-json\/wp\/v2\/pages\/29109\/revisions"}],"wp:attachment":[{"href":"https:\/\/www.reseau-mesure.com\/en\/wp-json\/wp\/v2\/media?parent=29109"}],"curies":[{"name":"wp","href":"https:\/\/api.w.org\/{rel}","templated":true}]}}