{"id":29124,"date":"2025-12-01T16:50:51","date_gmt":"2025-12-01T15:50:51","guid":{"rendered":"https:\/\/www.reseau-mesure.com\/?page_id=29124"},"modified":"2025-12-01T17:12:34","modified_gmt":"2025-12-01T16:12:34","slug":"ia-pratique-professionnelle","status":"publish","type":"page","link":"https:\/\/www.reseau-mesure.com\/en\/ia-pratique-professionnelle\/","title":{"rendered":"Apprendre \u00e0 utiliser l&rsquo;Intelligence Artificielle dans sa pratique professionnelle"},"content":{"rendered":"<img decoding=\"async\" src=\"https:\/\/www.reseau-mesure.com\/wp-content\/uploads\/2025\/12\/ai-generated-.jpg\" alt=\"IA\" itemprop=\"image\" height=\"1920\" width=\"1920\" title=\"ai-generated-\" onerror=\"this.style.display='none'\" loading=\"lazy\" \/>\n\t<h1>Apprendre \u00e0 utiliser l&rsquo;IA dans sa pratique professionnelle<\/h1>\n\t<p><strong>2 journ\u00e9es<\/strong><\/p>\nObjectifs:\u00a0 \u00a0Ma\u00eetriser l&rsquo;utilisation de l&rsquo;intelligence artificielle (IA) dans votre pratique professionnelle est une comp\u00e9tence de plus en plus essentielle dans les entreprises. L&rsquo;int\u00e9gration de l&rsquo;IA vous offrira la possibilit\u00e9 d&rsquo;automatiser des t\u00e2ches, de gagner du temps et de rendre vos activit\u00e9s quotidiennes plus simples et efficaces.<br \/>\nCette formation op\u00e9rationnelle est ax\u00e9e sur des exercices concrets et la d\u00e9couverte d&rsquo;outils d\u00e9di\u00e9s. En ma\u00eetrisant des outils de g\u00e9n\u00e9ration de texte, d&rsquo;images, de vid\u00e9os et bien plus, vous serez \u00e0 m\u00eame d&rsquo;int\u00e9grer l&rsquo;IA dans vos pratiques professionnelles, de la r\u00e9daction de documents \u00e0 la cr\u00e9ation de supports visuels impactants, tout en respectant les enjeux de la protection des donn\u00e9es personnelles et des droits d&rsquo;auteur.<br \/>\nDur\u00e9e de\n<p><b>R\u00e9seau Mesure is a Qualiopi certified training center allowing support from your OPCO.<\/b><\/p>\n<p><strong>Nombre de stagiaires par session : <\/strong>3 personnes minimum &#8211; 8 personnes maximum<\/p>\n<p><strong>Next session\u00a0<\/strong>: \u00a0Nous planifions les dates en fonction de vos demandes, alors n&rsquo;h\u00e9sitez pas \u00e0\u00a0<a href=\"mailto:confray@reseau-mesure.com\">Contact us<\/a>\u00a0!<\/p>\n<p>&nbsp;<\/p>\n\t\t\t<a href=\"https:\/\/www.reseau-mesure.com\/wp-content\/uploads\/2025\/12\/presentation-IA-2-jours.pdf\" target=\"_blank\" rel=\"noopener\">\n\t\t\t\t\t\t\tpresentation\n\t\t\t\t\t<\/a>\n\t\t\t<a href=\"https:\/\/www.reseau-mesure.com\/wp-content\/uploads\/2025\/12\/programme-LIA-dans-sa-pratique-professionnelle-2026.pdf\" download target=\"_blank\" rel=\"noopener\">\n\t\t\t\t\t\t\tProgram\n\t\t\t\t\t<\/a>\n\t\t\t<a href=\"mailto:confray@reseau-mesure.com\" target=\"_blank\" rel=\"noopener\">\n\t\t\t\t\t\t\tSubscription request\n\t\t\t\t\t<\/a>","protected":false},"excerpt":{"rendered":"<p>Apprendre \u00e0 utiliser l&rsquo;IA dans sa pratique professionnelle 2 journ\u00e9es Objectifs:\u00a0 \u00a0Ma\u00eetriser l&rsquo;utilisation de l&rsquo;intelligence artificielle (IA) dans votre pratique professionnelle est une comp\u00e9tence de plus en plus essentielle dans les entreprises. L&rsquo;int\u00e9gration de l&rsquo;IA vous offrira la possibilit\u00e9 d&rsquo;automatiser des t\u00e2ches, de gagner du temps et de rendre vos activit\u00e9s quotidiennes plus simples et&hellip;<\/p>","protected":false},"author":349,"featured_media":0,"parent":0,"menu_order":0,"comment_status":"closed","ping_status":"closed","template":"","meta":{"_acf_changed":false,"footnotes":""},"class_list":["post-29124","page","type-page","status-publish","hentry"],"acf":[],"yoast_head":"<!-- This site is optimized with the Yoast SEO plugin v27.4 - https:\/\/yoast.com\/product\/yoast-seo-wordpress\/ -->\n<title>Formation - Apprendre \u00e0 utiliser l&#039;Intelligence Artificielle dans sa pratique professionnelle - R\u00e9seau Mesure<\/title>\n<meta name=\"description\" content=\"Test DISC 4 COLORS-Mieux se conna\u00eetre pour mieux communiquer - Mieux se conna\u00eetre pour mieux communiquer - Marc Petit\" \/>\n<meta name=\"robots\" content=\"index, follow, max-snippet:-1, max-image-preview:large, max-video-preview:-1\" \/>\n<link rel=\"canonical\" href=\"https:\/\/www.reseau-mesure.com\/en\/ia-pratique-professionnelle\/\" \/>\n<meta property=\"og:locale\" content=\"en_US\" \/>\n<meta property=\"og:type\" content=\"article\" \/>\n<meta property=\"og:title\" content=\"Formation - Apprendre \u00e0 utiliser l&#039;Intelligence Artificielle dans sa pratique professionnelle - R\u00e9seau Mesure\" \/>\n<meta property=\"og:description\" content=\"Test DISC 4 COLORS-Mieux se conna\u00eetre pour mieux communiquer - Mieux se conna\u00eetre pour mieux communiquer - Marc Petit\" \/>\n<meta property=\"og:url\" content=\"https:\/\/www.reseau-mesure.com\/en\/ia-pratique-professionnelle\/\" \/>\n<meta property=\"og:site_name\" content=\"R\u00e9seau Mesure\" \/>\n<meta property=\"article:publisher\" content=\"https:\/\/www.facebook.com\/reseaumesure\/\" \/>\n<meta property=\"article:modified_time\" content=\"2025-12-01T16:12:34+00:00\" \/>\n<meta property=\"og:image\" content=\"https:\/\/www.reseau-mesure.com\/wp-content\/uploads\/2025\/12\/ai-generated-.jpg\" \/>\n<meta name=\"twitter:card\" content=\"summary_large_image\" \/>\n<meta name=\"twitter:site\" content=\"@ReseauMesure\" \/>\n<meta name=\"twitter:label1\" content=\"Est. reading time\" \/>\n\t<meta name=\"twitter:data1\" content=\"1 minute\" \/>\n<script type=\"application\/ld+json\" class=\"yoast-schema-graph\">{\"@context\":\"https:\\\/\\\/schema.org\",\"@graph\":[{\"@type\":\"WebPage\",\"@id\":\"https:\\\/\\\/www.reseau-mesure.com\\\/ia-pratique-professionnelle\\\/\",\"url\":\"https:\\\/\\\/www.reseau-mesure.com\\\/ia-pratique-professionnelle\\\/\",\"name\":\"Formation - Apprendre \u00e0 utiliser l'Intelligence Artificielle dans sa pratique professionnelle - R\u00e9seau Mesure\",\"isPartOf\":{\"@id\":\"https:\\\/\\\/www.reseau-mesure.com\\\/#website\"},\"primaryImageOfPage\":{\"@id\":\"https:\\\/\\\/www.reseau-mesure.com\\\/ia-pratique-professionnelle\\\/#primaryimage\"},\"image\":{\"@id\":\"https:\\\/\\\/www.reseau-mesure.com\\\/ia-pratique-professionnelle\\\/#primaryimage\"},\"thumbnailUrl\":\"https:\\\/\\\/www.reseau-mesure.com\\\/wp-content\\\/uploads\\\/2025\\\/12\\\/ai-generated-.jpg\",\"datePublished\":\"2025-12-01T15:50:51+00:00\",\"dateModified\":\"2025-12-01T16:12:34+00:00\",\"description\":\"Test DISC 4 COLORS-Mieux se conna\u00eetre pour mieux communiquer - Mieux se conna\u00eetre pour mieux communiquer - Marc Petit\",\"breadcrumb\":{\"@id\":\"https:\\\/\\\/www.reseau-mesure.com\\\/ia-pratique-professionnelle\\\/#breadcrumb\"},\"inLanguage\":\"en-US\",\"potentialAction\":[{\"@type\":\"ReadAction\",\"target\":[\"https:\\\/\\\/www.reseau-mesure.com\\\/ia-pratique-professionnelle\\\/\"]}]},{\"@type\":\"ImageObject\",\"inLanguage\":\"en-US\",\"@id\":\"https:\\\/\\\/www.reseau-mesure.com\\\/ia-pratique-professionnelle\\\/#primaryimage\",\"url\":\"https:\\\/\\\/www.reseau-mesure.com\\\/wp-content\\\/uploads\\\/2025\\\/12\\\/ai-generated-.jpg\",\"contentUrl\":\"https:\\\/\\\/www.reseau-mesure.com\\\/wp-content\\\/uploads\\\/2025\\\/12\\\/ai-generated-.jpg\"},{\"@type\":\"BreadcrumbList\",\"@id\":\"https:\\\/\\\/www.reseau-mesure.com\\\/ia-pratique-professionnelle\\\/#breadcrumb\",\"itemListElement\":[{\"@type\":\"ListItem\",\"position\":1,\"name\":\"Accueil\",\"item\":\"https:\\\/\\\/www.reseau-mesure.com\\\/\"},{\"@type\":\"ListItem\",\"position\":2,\"name\":\"Apprendre \u00e0 utiliser l&rsquo;Intelligence Artificielle dans sa pratique professionnelle\"}]},{\"@type\":\"WebSite\",\"@id\":\"https:\\\/\\\/www.reseau-mesure.com\\\/#website\",\"url\":\"https:\\\/\\\/www.reseau-mesure.com\\\/\",\"name\":\"R\u00e9seau-Mesure\",\"description\":\"R\u00e9seau Mesure\",\"publisher\":{\"@id\":\"https:\\\/\\\/www.reseau-mesure.com\\\/#organization\"},\"potentialAction\":[{\"@type\":\"SearchAction\",\"target\":{\"@type\":\"EntryPoint\",\"urlTemplate\":\"https:\\\/\\\/www.reseau-mesure.com\\\/?s={search_term_string}\"},\"query-input\":{\"@type\":\"PropertyValueSpecification\",\"valueRequired\":true,\"valueName\":\"search_term_string\"}}],\"inLanguage\":\"en-US\"},{\"@type\":\"Organization\",\"@id\":\"https:\\\/\\\/www.reseau-mesure.com\\\/#organization\",\"name\":\"R\u00e9seau-Mesure\",\"url\":\"https:\\\/\\\/www.reseau-mesure.com\\\/\",\"logo\":{\"@type\":\"ImageObject\",\"inLanguage\":\"en-US\",\"@id\":\"https:\\\/\\\/www.reseau-mesure.com\\\/#\\\/schema\\\/logo\\\/image\\\/\",\"url\":\"https:\\\/\\\/www.reseau-mesure.com\\\/wp-content\\\/uploads\\\/2018\\\/02\\\/logo-max.png\",\"contentUrl\":\"https:\\\/\\\/www.reseau-mesure.com\\\/wp-content\\\/uploads\\\/2018\\\/02\\\/logo-max.png\",\"width\":545,\"height\":285,\"caption\":\"R\u00e9seau-Mesure\"},\"image\":{\"@id\":\"https:\\\/\\\/www.reseau-mesure.com\\\/#\\\/schema\\\/logo\\\/image\\\/\"},\"sameAs\":[\"https:\\\/\\\/www.facebook.com\\\/reseaumesure\\\/\",\"https:\\\/\\\/x.com\\\/ReseauMesure\",\"https:\\\/\\\/www.linkedin.com\\\/company\\\/reseau-mesure\\\/\"]}]}<\/script>\n<!-- \/ Yoast SEO plugin. -->","yoast_head_json":{"title":"Formation - Apprendre \u00e0 utiliser l'Intelligence Artificielle dans sa pratique professionnelle - R\u00e9seau Mesure","description":"Test DISC 4 COLORS-Mieux se conna\u00eetre pour mieux communiquer - Mieux se conna\u00eetre pour mieux communiquer - Marc Petit","robots":{"index":"index","follow":"follow","max-snippet":"max-snippet:-1","max-image-preview":"max-image-preview:large","max-video-preview":"max-video-preview:-1"},"canonical":"https:\/\/www.reseau-mesure.com\/en\/ia-pratique-professionnelle\/","og_locale":"en_US","og_type":"article","og_title":"Formation - Apprendre \u00e0 utiliser l'Intelligence Artificielle dans sa pratique professionnelle - R\u00e9seau Mesure","og_description":"Test DISC 4 COLORS-Mieux se conna\u00eetre pour mieux communiquer - Mieux se conna\u00eetre pour mieux communiquer - Marc Petit","og_url":"https:\/\/www.reseau-mesure.com\/en\/ia-pratique-professionnelle\/","og_site_name":"R\u00e9seau Mesure","article_publisher":"https:\/\/www.facebook.com\/reseaumesure\/","article_modified_time":"2025-12-01T16:12:34+00:00","og_image":[{"url":"https:\/\/www.reseau-mesure.com\/wp-content\/uploads\/2025\/12\/ai-generated-.jpg","type":"","width":"","height":""}],"twitter_card":"summary_large_image","twitter_site":"@ReseauMesure","twitter_misc":{"Est. reading time":"1 minute"},"schema":{"@context":"https:\/\/schema.org","@graph":[{"@type":"WebPage","@id":"https:\/\/www.reseau-mesure.com\/ia-pratique-professionnelle\/","url":"https:\/\/www.reseau-mesure.com\/ia-pratique-professionnelle\/","name":"Formation - Apprendre \u00e0 utiliser l'Intelligence Artificielle dans sa pratique professionnelle - R\u00e9seau Mesure","isPartOf":{"@id":"https:\/\/www.reseau-mesure.com\/#website"},"primaryImageOfPage":{"@id":"https:\/\/www.reseau-mesure.com\/ia-pratique-professionnelle\/#primaryimage"},"image":{"@id":"https:\/\/www.reseau-mesure.com\/ia-pratique-professionnelle\/#primaryimage"},"thumbnailUrl":"https:\/\/www.reseau-mesure.com\/wp-content\/uploads\/2025\/12\/ai-generated-.jpg","datePublished":"2025-12-01T15:50:51+00:00","dateModified":"2025-12-01T16:12:34+00:00","description":"Test DISC 4 COLORS-Mieux se conna\u00eetre pour mieux communiquer - Mieux se conna\u00eetre pour mieux communiquer - Marc Petit","breadcrumb":{"@id":"https:\/\/www.reseau-mesure.com\/ia-pratique-professionnelle\/#breadcrumb"},"inLanguage":"en-US","potentialAction":[{"@type":"ReadAction","target":["https:\/\/www.reseau-mesure.com\/ia-pratique-professionnelle\/"]}]},{"@type":"ImageObject","inLanguage":"en-US","@id":"https:\/\/www.reseau-mesure.com\/ia-pratique-professionnelle\/#primaryimage","url":"https:\/\/www.reseau-mesure.com\/wp-content\/uploads\/2025\/12\/ai-generated-.jpg","contentUrl":"https:\/\/www.reseau-mesure.com\/wp-content\/uploads\/2025\/12\/ai-generated-.jpg"},{"@type":"BreadcrumbList","@id":"https:\/\/www.reseau-mesure.com\/ia-pratique-professionnelle\/#breadcrumb","itemListElement":[{"@type":"ListItem","position":1,"name":"Accueil","item":"https:\/\/www.reseau-mesure.com\/"},{"@type":"ListItem","position":2,"name":"Apprendre \u00e0 utiliser l&rsquo;Intelligence Artificielle dans sa pratique professionnelle"}]},{"@type":"WebSite","@id":"https:\/\/www.reseau-mesure.com\/#website","url":"https:\/\/www.reseau-mesure.com\/","name":"R\u00e9seau-Mesure","description":"Network Measure","publisher":{"@id":"https:\/\/www.reseau-mesure.com\/#organization"},"potentialAction":[{"@type":"SearchAction","target":{"@type":"EntryPoint","urlTemplate":"https:\/\/www.reseau-mesure.com\/?s={search_term_string}"},"query-input":{"@type":"PropertyValueSpecification","valueRequired":true,"valueName":"search_term_string"}}],"inLanguage":"en-US"},{"@type":"Organization","@id":"https:\/\/www.reseau-mesure.com\/#organization","name":"R\u00e9seau-Mesure","url":"https:\/\/www.reseau-mesure.com\/","logo":{"@type":"ImageObject","inLanguage":"en-US","@id":"https:\/\/www.reseau-mesure.com\/#\/schema\/logo\/image\/","url":"https:\/\/www.reseau-mesure.com\/wp-content\/uploads\/2018\/02\/logo-max.png","contentUrl":"https:\/\/www.reseau-mesure.com\/wp-content\/uploads\/2018\/02\/logo-max.png","width":545,"height":285,"caption":"R\u00e9seau-Mesure"},"image":{"@id":"https:\/\/www.reseau-mesure.com\/#\/schema\/logo\/image\/"},"sameAs":["https:\/\/www.facebook.com\/reseaumesure\/","https:\/\/x.com\/ReseauMesure","https:\/\/www.linkedin.com\/company\/reseau-mesure\/"]}]}},"_links":{"self":[{"href":"https:\/\/www.reseau-mesure.com\/en\/wp-json\/wp\/v2\/pages\/29124","targetHints":{"allow":["GET"]}}],"collection":[{"href":"https:\/\/www.reseau-mesure.com\/en\/wp-json\/wp\/v2\/pages"}],"about":[{"href":"https:\/\/www.reseau-mesure.com\/en\/wp-json\/wp\/v2\/types\/page"}],"author":[{"embeddable":true,"href":"https:\/\/www.reseau-mesure.com\/en\/wp-json\/wp\/v2\/users\/349"}],"replies":[{"embeddable":true,"href":"https:\/\/www.reseau-mesure.com\/en\/wp-json\/wp\/v2\/comments?post=29124"}],"version-history":[{"count":0,"href":"https:\/\/www.reseau-mesure.com\/en\/wp-json\/wp\/v2\/pages\/29124\/revisions"}],"wp:attachment":[{"href":"https:\/\/www.reseau-mesure.com\/en\/wp-json\/wp\/v2\/media?parent=29124"}],"curies":[{"name":"wp","href":"https:\/\/api.w.org\/{rel}","templated":true}]}}