{"id":2983,"date":"2018-07-11T15:25:38","date_gmt":"2018-07-11T13:25:38","guid":{"rendered":"http:\/\/www.reseau-mesure.com\/?page_id=2983"},"modified":"2020-01-07T12:33:55","modified_gmt":"2020-01-07T11:33:55","slug":"ressources-documentaires-diverses-2","status":"publish","type":"page","link":"https:\/\/www.reseau-mesure.com\/en\/ressources-documentaires-diverses-2\/","title":{"rendered":"Miscellaneous resources - Documentary resources"},"content":{"rendered":"<h1 >\n\t\t\tVarious and varied resources\n\t\t<\/h1>\n\t<p>to know everything about everything<\/p>\n<p>&nbsp;<\/p>\n\t<h2>Miscellaneous resources<\/h2>\n<p>All the documentation that has not found a place elsewhere.<\/p>\n<p>The subjects are varied and often general, but it is always useful to go back to the sources.<\/p>\n<p>&nbsp;<\/p>\n<p>&nbsp;<\/p>\n<p>&nbsp;<\/p>\n\t\t\t\t<a href=\"https:\/\/www.reseau-mesure.com\/en\/la-mesure-et-la-precision\/\">\n\t\t\t\t\t<p><\/p>\n\t\t\t        <h3>Measurement <\/h3>\n\t\t\t        What is the measure? We tell you everything\n\t\t\t    <\/a>\n\t\t\t\t<a href=\"https:\/\/www.reseau-mesure.com\/en\/la-mesure-et-la-precision\/\">\n\t\t\t\t\t<p><\/p>\n\t\t\t        <h3>Measurement and precision<\/h3>\n\t\t\t        <p>Vocabulary, preconceived ideas and definitions<\/p>\n\t\t\t    <\/a>\n\t\t\t\t<a href=\"https:\/\/www.reseau-mesure.com\/en\/le-reseau-mesure\/\">\n\t\t\t\t\t<p><\/p>\n\t\t\t        <h3>The Measurement Network<\/h3>\n\t\t\t        For who ? Why ? How to become a member?\n\t\t\t    <\/a>\n\t\t\t\t<a href=\"https:\/\/www.reseau-mesure.com\/en\/salons-professionnels\/\">\n\t\t\t\t\t<p><\/p>\n\t\t\t        <h3>Trade shows<\/h3>\n\t\t\t        <p>General information on trade shows<\/p>\n\t\t\t    <\/a>\n\t\t\t\t<a href=\"https:\/\/www.reseau-mesure.com\/en\/rgpd-4\/\">\n\t\t\t\t\t<p><\/p>\n\t\t\t        <h3>GDPR<\/h3>\n\t\t\t        What&#039;s this ? \n\n\t\t\t    <\/a>\n\t\t\t\t<a href=\"https:\/\/www.reseau-mesure.com\/en\/comite-dentreprise\/\">\n\t\t\t\t\t<p><\/p>\n\t\t\t        <h3>A works council for VSEs and SMEs<\/h3>\n\t\t\t        <p>Possible or not? <\/p>\n\t\t\t    <\/a>\n\t\t\t\t<a href=\"https:\/\/business.linkedin.com\/fr-fr\/marketing-solutions\/webinars\/18\/01\/linkedin-advertising-solutions-linkedin-marketing-solutions-fr?src=e-evt&#038;cid=7010d000001BdmZAAS&#038;utm_campaign=LMS_WC_20180131_Getting_Started_Webinar_FR_CORP_EMEA_NoShow%7C7010d000001BdmZAAS&#038;utm_medium=email&#038;utm_source=Eloqua&#038;veh=LMS_WC_20180131_Getting_Started_Webinar_FR_CORP_EMEA_NoShow%7C7010d000001BdmZAAS&#038;eqid=CLNKD000071517805#\">\n\t\t\t\t\t<p><\/p>\n\t\t\t        <h3>LinkedIn advertising solutions webinar<\/h3>\n\t\t\t        - Presentation of the LinkedIn environment - LinkedIn advertising solutions - Demonstration - New products for 2018\n\t\t\t    <\/a>\n\t\t\t\t<a href=\"https:\/\/www.reseau-mesure.com\/wp-content\/uploads\/2018\/10\/Regles-de-s\u00e9curit\u00e9-dans-lere-du-Digital.pdf\">\n\t\t\t\t\t<p><\/p>\n\t\t\t        <h3>SAFETY RULES IN THE DIGITAL ERA<\/h3>\n\t\t\t        Good reflexes to have\u2026 Priority to confidentiality.\n\t\t\t    <\/a>\n\t\t\t\t<a href=\"https:\/\/www.reseau-mesure.com\/en\/brexit\/\">\n\t\t\t\t\t<p><\/p>\n\t\t\t        <h3>Brexit<\/h3>\n\t\t\t        <p>A mandatory deadline <\/p>\n\t\t\t    <\/a>\n\t\t\t\t<a href=\"https:\/\/www.reseau-mesure.com\/en\/management-et-teambuilding\/\">\n\t\t\t\t\t<p><\/p>\n\t\t\t        <h3>Management and Teambuilding<\/h3>\n\t\t\t        <p>Reflection on this management method<\/p>\n\t\t\t    <\/a>\n\t\t\t\t<a href=\"https:\/\/www.reseau-mesure.com\/en\/cybersecurite\/\">\n\t\t\t\t\t<p><\/p>\n\t\t\t        <h3>Cybersecurity<\/h3>\n\t\t\t        <p>Definitions and reflection.<\/p>\n\t\t\t    <\/a>\n\t\t\t\t<a href=\"https:\/\/www.reseau-mesure.com\/wp-content\/uploads\/2018\/12\/conf\u00e9rence-generation-Z-6-12-18.pdf\">\n\t\t\t\t\t<p><\/p>\n\t\t\t        <h3>Generation Z, a new generation in an old world ...<\/h3>\n\t\t\t        <p>What identity in a world which is changing standards and uses very quickly? <\/p>\n\t\t\t    <\/a>\n\t\t\t\t<a href=\"https:\/\/www.reseau-mesure.com\/wp-content\/uploads\/2018\/12\/Memo_Hameconnage_Recto.pdf\">\n\t\t\t\t\t<p><\/p>\n\t\t\t        <h3>Phishing - 1<\/h3>\n\t\t\t        How to protect yourself on the Internet? How do you avoid getting phished? Download the Memo Sheet\n\t\t\t    <\/a>\n\t\t\t\t<a href=\"https:\/\/www.reseau-mesure.com\/wp-content\/uploads\/2018\/12\/Fiche_Reflexe_Hameconnage.pdf\">\n\t\t\t\t\t<p><\/p>\n\t\t\t        <h3>Phishing - 2<\/h3>\n\t\t\t                                    \nThe behaviors to adopt.\n\t\t\t    <\/a>\n\t\t\t\t<a href=\"https:\/\/www.reseau-mesure.com\/en\/?page_id=6678&#038;preview=true\">\n\t\t\t\t\t<p><\/p>\n\t\t\t        <h3>Drone news<\/h3>\n\t\t\t        <p>Publication of the Astech Competitiveness Cluster<\/p>\n\t\t\t    <\/a>\n\t\t\t\t<a href=\"https:\/\/www.reseau-mesure.com\/en\/modeles-de-documents-pour-une-formation-datadock\/\">\n\t\t\t\t\t<p><\/p>\n\t\t\t        <h3>MODELS OF DOCUMENTS FOR DATADOCK TRAINING<\/h3>\n\t\t\t        <p>Program, welcome booklet, questionnaires ...<\/p>\n\t\t\t    <\/a>\n\t\t\t\t<a href=\"https:\/\/www.reseau-mesure.com\/wp-content\/uploads\/2019\/12\/Le-permis-probatoire-dans-le-cadre-professionnel-12-2019.pdf\">\n\t\t\t\t\t<p><\/p>\n\t\t\t        <h3>The probationary license in the professional context ???<\/h3>\n\t\t\t        <p>Information and advice from CENTAURE, the leader in road safety training<\/p>\n\t\t\t    <\/a>\n\t<p><strong>If you have any suggestions, comments, remarks or ideas, please send them to us by email by clicking below.<\/strong><\/p>\n<p>&nbsp;<\/p>\n<p><img loading=\"lazy\" decoding=\"async\" src=\"..\/wp-content\/uploads\/2018\/07\/contact-300x300-150x150.png\" alt=\"\" width=\"150\" height=\"150\" \/><\/p>\n<p>&nbsp;<\/p>\n<p>&nbsp;<\/p>\n<p>&nbsp;<\/p>\n<p>&nbsp;<\/p>\n\t\t\t<a href=\"https:\/\/www.reseau-mesure.com\/en\/ressources-documentaires\/\" target=\"_self\" role=\"button\" rel=\"noopener noreferrer\">\n\t\t\t\t\t\t\tBack to documentary resources\n\t\t\t\t\t<\/a>","protected":false},"excerpt":{"rendered":"<p>Various and varied resources to know everything about everything Various resources All the documentation which has not found a place elsewhere. The subjects are varied and often general, but it is always useful to go back to the sources. Measurement What is measurement? We tell you everything The measure and the ...<\/p>","protected":false},"author":685,"featured_media":0,"parent":0,"menu_order":0,"comment_status":"closed","ping_status":"closed","template":"","meta":{"_acf_changed":false,"footnotes":""},"class_list":["post-2983","page","type-page","status-publish","hentry"],"acf":[],"yoast_head":"<!-- This site is optimized with the Yoast SEO plugin v27.3 - https:\/\/yoast.com\/product\/yoast-seo-wordpress\/ -->\n<title>Ressources diverses - Ressources documentaires - R\u00e9seau Mesure<\/title>\n<meta name=\"description\" content=\"Profitez des ressources diverses mise \u00e0 disposition par le R\u00e9seau Mesure. Sujet divers et vari\u00e9s vous permettant de comprendre le monde qui nous entoure.\" \/>\n<meta name=\"robots\" content=\"index, follow, max-snippet:-1, max-image-preview:large, max-video-preview:-1\" \/>\n<link rel=\"canonical\" href=\"https:\/\/www.reseau-mesure.com\/en\/ressources-documentaires-diverses-2\/\" \/>\n<meta property=\"og:locale\" content=\"en_US\" \/>\n<meta property=\"og:type\" content=\"article\" \/>\n<meta property=\"og:title\" content=\"Ressources diverses - Ressources documentaires - R\u00e9seau Mesure\" \/>\n<meta property=\"og:description\" content=\"Profitez des ressources diverses mise \u00e0 disposition par le R\u00e9seau Mesure. Sujet divers et vari\u00e9s vous permettant de comprendre le monde qui nous entoure.\" \/>\n<meta property=\"og:url\" content=\"https:\/\/www.reseau-mesure.com\/en\/ressources-documentaires-diverses-2\/\" \/>\n<meta property=\"og:site_name\" content=\"R\u00e9seau Mesure\" \/>\n<meta property=\"article:publisher\" content=\"https:\/\/www.facebook.com\/reseaumesure\/\" \/>\n<meta property=\"article:modified_time\" content=\"2020-01-07T11:33:55+00:00\" \/>\n<meta property=\"og:image\" content=\"http:\/\/..\/wp-content\/uploads\/2018\/07\/contact-300x300-150x150.png\" \/>\n<meta name=\"twitter:card\" content=\"summary_large_image\" \/>\n<meta name=\"twitter:site\" content=\"@ReseauMesure\" \/>\n<meta name=\"twitter:label1\" content=\"Est. reading time\" \/>\n\t<meta name=\"twitter:data1\" content=\"2 minutes\" \/>\n<script type=\"application\/ld+json\" class=\"yoast-schema-graph\">{\"@context\":\"https:\\\/\\\/schema.org\",\"@graph\":[{\"@type\":\"WebPage\",\"@id\":\"https:\\\/\\\/www.reseau-mesure.com\\\/de\\\/ressources-documentaires-diverses-2\\\/\",\"url\":\"https:\\\/\\\/www.reseau-mesure.com\\\/de\\\/ressources-documentaires-diverses-2\\\/\",\"name\":\"Ressources diverses - Ressources documentaires - R\u00e9seau Mesure\",\"isPartOf\":{\"@id\":\"https:\\\/\\\/www.reseau-mesure.com\\\/#website\"},\"datePublished\":\"2018-07-11T13:25:38+00:00\",\"dateModified\":\"2020-01-07T11:33:55+00:00\",\"description\":\"Profitez des ressources diverses mise \u00e0 disposition par le R\u00e9seau Mesure. Sujet divers et vari\u00e9s vous permettant de comprendre le monde qui nous entoure.\",\"breadcrumb\":{\"@id\":\"https:\\\/\\\/www.reseau-mesure.com\\\/de\\\/ressources-documentaires-diverses-2\\\/#breadcrumb\"},\"inLanguage\":\"en-US\",\"potentialAction\":[{\"@type\":\"ReadAction\",\"target\":[\"https:\\\/\\\/www.reseau-mesure.com\\\/de\\\/ressources-documentaires-diverses-2\\\/\"]}]},{\"@type\":\"BreadcrumbList\",\"@id\":\"https:\\\/\\\/www.reseau-mesure.com\\\/de\\\/ressources-documentaires-diverses-2\\\/#breadcrumb\",\"itemListElement\":[{\"@type\":\"ListItem\",\"position\":1,\"name\":\"Accueil\",\"item\":\"https:\\\/\\\/www.reseau-mesure.com\\\/\"},{\"@type\":\"ListItem\",\"position\":2,\"name\":\"Ressources diverses &#8211; Ressources documentaires\"}]},{\"@type\":\"WebSite\",\"@id\":\"https:\\\/\\\/www.reseau-mesure.com\\\/#website\",\"url\":\"https:\\\/\\\/www.reseau-mesure.com\\\/\",\"name\":\"R\u00e9seau-Mesure\",\"description\":\"R\u00e9seau Mesure\",\"publisher\":{\"@id\":\"https:\\\/\\\/www.reseau-mesure.com\\\/#organization\"},\"potentialAction\":[{\"@type\":\"SearchAction\",\"target\":{\"@type\":\"EntryPoint\",\"urlTemplate\":\"https:\\\/\\\/www.reseau-mesure.com\\\/?s={search_term_string}\"},\"query-input\":{\"@type\":\"PropertyValueSpecification\",\"valueRequired\":true,\"valueName\":\"search_term_string\"}}],\"inLanguage\":\"en-US\"},{\"@type\":\"Organization\",\"@id\":\"https:\\\/\\\/www.reseau-mesure.com\\\/#organization\",\"name\":\"R\u00e9seau-Mesure\",\"url\":\"https:\\\/\\\/www.reseau-mesure.com\\\/\",\"logo\":{\"@type\":\"ImageObject\",\"inLanguage\":\"en-US\",\"@id\":\"https:\\\/\\\/www.reseau-mesure.com\\\/#\\\/schema\\\/logo\\\/image\\\/\",\"url\":\"https:\\\/\\\/www.reseau-mesure.com\\\/wp-content\\\/uploads\\\/2018\\\/02\\\/logo-max.png\",\"contentUrl\":\"https:\\\/\\\/www.reseau-mesure.com\\\/wp-content\\\/uploads\\\/2018\\\/02\\\/logo-max.png\",\"width\":545,\"height\":285,\"caption\":\"R\u00e9seau-Mesure\"},\"image\":{\"@id\":\"https:\\\/\\\/www.reseau-mesure.com\\\/#\\\/schema\\\/logo\\\/image\\\/\"},\"sameAs\":[\"https:\\\/\\\/www.facebook.com\\\/reseaumesure\\\/\",\"https:\\\/\\\/x.com\\\/ReseauMesure\",\"https:\\\/\\\/www.linkedin.com\\\/company\\\/reseau-mesure\\\/\"]}]}<\/script>\n<!-- \/ Yoast SEO plugin. -->","yoast_head_json":{"title":"Ressources diverses - Ressources documentaires - R\u00e9seau Mesure","description":"Profitez des ressources diverses mise \u00e0 disposition par le R\u00e9seau Mesure. Sujet divers et vari\u00e9s vous permettant de comprendre le monde qui nous entoure.","robots":{"index":"index","follow":"follow","max-snippet":"max-snippet:-1","max-image-preview":"max-image-preview:large","max-video-preview":"max-video-preview:-1"},"canonical":"https:\/\/www.reseau-mesure.com\/en\/ressources-documentaires-diverses-2\/","og_locale":"en_US","og_type":"article","og_title":"Ressources diverses - Ressources documentaires - R\u00e9seau Mesure","og_description":"Profitez des ressources diverses mise \u00e0 disposition par le R\u00e9seau Mesure. Sujet divers et vari\u00e9s vous permettant de comprendre le monde qui nous entoure.","og_url":"https:\/\/www.reseau-mesure.com\/en\/ressources-documentaires-diverses-2\/","og_site_name":"R\u00e9seau Mesure","article_publisher":"https:\/\/www.facebook.com\/reseaumesure\/","article_modified_time":"2020-01-07T11:33:55+00:00","og_image":[{"url":"..\/wp-content\/uploads\/2018\/07\/contact-300x300-150x150.png","type":"","width":"","height":""}],"twitter_card":"summary_large_image","twitter_site":"@ReseauMesure","twitter_misc":{"Est. reading time":"2 minutes"},"schema":{"@context":"https:\/\/schema.org","@graph":[{"@type":"WebPage","@id":"https:\/\/www.reseau-mesure.com\/de\/ressources-documentaires-diverses-2\/","url":"https:\/\/www.reseau-mesure.com\/de\/ressources-documentaires-diverses-2\/","name":"Ressources diverses - Ressources documentaires - R\u00e9seau Mesure","isPartOf":{"@id":"https:\/\/www.reseau-mesure.com\/#website"},"datePublished":"2018-07-11T13:25:38+00:00","dateModified":"2020-01-07T11:33:55+00:00","description":"Profitez des ressources diverses mise \u00e0 disposition par le R\u00e9seau Mesure. Sujet divers et vari\u00e9s vous permettant de comprendre le monde qui nous entoure.","breadcrumb":{"@id":"https:\/\/www.reseau-mesure.com\/de\/ressources-documentaires-diverses-2\/#breadcrumb"},"inLanguage":"en-US","potentialAction":[{"@type":"ReadAction","target":["https:\/\/www.reseau-mesure.com\/de\/ressources-documentaires-diverses-2\/"]}]},{"@type":"BreadcrumbList","@id":"https:\/\/www.reseau-mesure.com\/de\/ressources-documentaires-diverses-2\/#breadcrumb","itemListElement":[{"@type":"ListItem","position":1,"name":"Accueil","item":"https:\/\/www.reseau-mesure.com\/"},{"@type":"ListItem","position":2,"name":"Ressources diverses &#8211; Ressources documentaires"}]},{"@type":"WebSite","@id":"https:\/\/www.reseau-mesure.com\/#website","url":"https:\/\/www.reseau-mesure.com\/","name":"R\u00e9seau-Mesure","description":"Network Measure","publisher":{"@id":"https:\/\/www.reseau-mesure.com\/#organization"},"potentialAction":[{"@type":"SearchAction","target":{"@type":"EntryPoint","urlTemplate":"https:\/\/www.reseau-mesure.com\/?s={search_term_string}"},"query-input":{"@type":"PropertyValueSpecification","valueRequired":true,"valueName":"search_term_string"}}],"inLanguage":"en-US"},{"@type":"Organization","@id":"https:\/\/www.reseau-mesure.com\/#organization","name":"R\u00e9seau-Mesure","url":"https:\/\/www.reseau-mesure.com\/","logo":{"@type":"ImageObject","inLanguage":"en-US","@id":"https:\/\/www.reseau-mesure.com\/#\/schema\/logo\/image\/","url":"https:\/\/www.reseau-mesure.com\/wp-content\/uploads\/2018\/02\/logo-max.png","contentUrl":"https:\/\/www.reseau-mesure.com\/wp-content\/uploads\/2018\/02\/logo-max.png","width":545,"height":285,"caption":"R\u00e9seau-Mesure"},"image":{"@id":"https:\/\/www.reseau-mesure.com\/#\/schema\/logo\/image\/"},"sameAs":["https:\/\/www.facebook.com\/reseaumesure\/","https:\/\/x.com\/ReseauMesure","https:\/\/www.linkedin.com\/company\/reseau-mesure\/"]}]}},"_links":{"self":[{"href":"https:\/\/www.reseau-mesure.com\/en\/wp-json\/wp\/v2\/pages\/2983","targetHints":{"allow":["GET"]}}],"collection":[{"href":"https:\/\/www.reseau-mesure.com\/en\/wp-json\/wp\/v2\/pages"}],"about":[{"href":"https:\/\/www.reseau-mesure.com\/en\/wp-json\/wp\/v2\/types\/page"}],"author":[{"embeddable":true,"href":"https:\/\/www.reseau-mesure.com\/en\/wp-json\/wp\/v2\/users\/685"}],"replies":[{"embeddable":true,"href":"https:\/\/www.reseau-mesure.com\/en\/wp-json\/wp\/v2\/comments?post=2983"}],"version-history":[{"count":0,"href":"https:\/\/www.reseau-mesure.com\/en\/wp-json\/wp\/v2\/pages\/2983\/revisions"}],"wp:attachment":[{"href":"https:\/\/www.reseau-mesure.com\/en\/wp-json\/wp\/v2\/media?parent=2983"}],"curies":[{"name":"wp","href":"https:\/\/api.w.org\/{rel}","templated":true}]}}