{"id":29991,"date":"2026-02-20T14:57:12","date_gmt":"2026-02-20T13:57:12","guid":{"rendered":"https:\/\/www.reseau-mesure.com\/?page_id=29991"},"modified":"2026-02-20T15:01:46","modified_gmt":"2026-02-20T14:01:46","slug":"introduction-aux-incertitudes-de-mesure-lne-ref-me66","status":"publish","type":"page","link":"https:\/\/www.reseau-mesure.com\/en\/introduction-aux-incertitudes-de-mesure-lne-ref-me66\/","title":{"rendered":"Introduction aux incertitudes de mesure (LNE R\u00e9f. ME66)"},"content":{"rendered":"<figure itemscope itemtype=\"https:\/\/schema.org\/ImageObject\">\n\t\t\t\t<img decoding=\"async\" src=\"https:\/\/www.reseau-mesure.com\/wp-content\/uploads\/2025\/11\/LNE-Commercial-Couleurs_PUB.jpg\" alt=\"LNE\" height=\"577\" width=\"1761\" title=\"LNE-Commercial-Couleurs_PUB\" onerror=\"this.style.display='none'\" loading=\"lazy\" \/>\n\t<\/figure>\n\t<p>&nbsp;<\/p>\n<p><strong>Introduction aux incertitudes de mesure (LNE R\u00e9f. ME66)<\/strong><\/p>\n<p><strong>Une formation <\/strong><strong>d&rsquo;une demi-journ\u00e9e en e-learning \u00a0 \u00a0 \u00a0 \u00a0 \u00a0 \u00a0 \u00a0 \u00a0 \u00a0 \u00a0 \u00a0 \u00a0 \u00a0 \u00a0 \u00a0 \u00a0 \u00a0 \u00a0\u00a0<\/strong><\/p>\n\n\t<p>&nbsp;<\/p>\n<p><strong>Les objectifs : <\/strong><\/p>\n<p>Stage sur les incertitudes de mesure pour une premi\u00e8re mont\u00e9e en comp\u00e9tence<\/p>\n<p><strong>Les avantages :<\/strong><\/p>\n<p>Accompagnement ludique, d\u00e9taill\u00e9, modulable<\/p>\n<p>Expertise terrain et p\u00e9dagogique e-learning des intervenants<\/p>\n<p>Aucun pr\u00e9requis obligatoire<\/p>\n<p>Possibilit\u00e9 de paiement en ligne par CB<\/p>\n<p>&nbsp;<\/p>\n<p><strong>Le Centre de formation du LNE est certifi\u00e9 Qualiopi permettant une prise en charge par votre OPCO.<\/strong><\/p>\n<p><strong>Nombre de stagiaires par session\u00a0:<\/strong>\u00a0 une personne par connexion.<\/p>\n<p><strong>Avis de nos clients :<\/strong> satisfaits ou tr\u00e8s satisfaits : 100 % | utilit\u00e9 de la formation : 95 % (calculs r\u00e9alis\u00e9s sur la base des sessions dispens\u00e9es en 2024)<\/p>\n<p>&nbsp;<\/p>\n<p><strong>Next session\u00a0<\/strong>: \u00a0Nous planifions les dates en fonction de vos demandes, alors n&rsquo;h\u00e9sitez pas \u00e0\u00a0<a href=\"mailto:confray@reseau-mesure.com\">Contact us<\/a>\u00a0!<\/p>\n<p>&nbsp;<\/p>\n\t\t\t<a href=\"https:\/\/www.reseau-mesure.com\/wp-content\/uploads\/2026\/02\/ME66-2026-1.pdf\"  target=\"_blank\" rel=\"noopener\">\n\t\t\t\t\t\t\tpresentation et programme\n\t\t\t\t\t<\/a>\n\t\t\t<a href=\"mailto:confray@reseau-mesure.com\"  target=\"_blank\" rel=\"noopener\">\n\t\t\t\t\t\t\tSubscription request\n\t\t\t\t\t<\/a>","protected":false},"excerpt":{"rendered":"<p>&nbsp; Introduction aux incertitudes de mesure (LNE R\u00e9f. ME66) Une formation d&rsquo;une demi-journ\u00e9e en e-learning \u00a0 \u00a0 \u00a0 \u00a0 \u00a0 \u00a0 \u00a0 \u00a0 \u00a0 \u00a0 \u00a0 \u00a0 \u00a0 \u00a0 \u00a0 \u00a0 \u00a0 \u00a0\u00a0 &nbsp; Les objectifs : Stage sur les incertitudes de mesure pour une premi\u00e8re mont\u00e9e en comp\u00e9tence Les avantages : Accompagnement ludique, d\u00e9taill\u00e9,&hellip;<\/p>","protected":false},"author":349,"featured_media":0,"parent":0,"menu_order":0,"comment_status":"closed","ping_status":"closed","template":"","meta":{"_acf_changed":false,"footnotes":""},"class_list":["post-29991","page","type-page","status-publish","hentry"],"acf":[],"yoast_head":"<!-- This site is optimized with the Yoast SEO plugin v27.3 - https:\/\/yoast.com\/product\/yoast-seo-wordpress\/ -->\n<title>Formation - Introduction aux incertitudes de mesure (LNE R\u00e9f. ME66) - R\u00e9seau Mesure<\/title>\n<meta name=\"description\" content=\"Introduction aux incertitudes de mesure (LNE R\u00e9f. ME66) Une formation d\u2019une demi-journ\u00e9e en e-learning - Centre de formation du LNE\" \/>\n<meta name=\"robots\" content=\"index, follow, max-snippet:-1, max-image-preview:large, max-video-preview:-1\" \/>\n<link rel=\"canonical\" href=\"https:\/\/www.reseau-mesure.com\/en\/introduction-aux-incertitudes-de-mesure-lne-ref-me66\/\" \/>\n<meta property=\"og:locale\" content=\"en_US\" \/>\n<meta property=\"og:type\" content=\"article\" \/>\n<meta property=\"og:title\" content=\"Formation - Introduction aux incertitudes de mesure (LNE R\u00e9f. ME66) - R\u00e9seau Mesure\" \/>\n<meta property=\"og:description\" content=\"Introduction aux incertitudes de mesure (LNE R\u00e9f. ME66) Une formation d\u2019une demi-journ\u00e9e en e-learning - Centre de formation du LNE\" \/>\n<meta property=\"og:url\" content=\"https:\/\/www.reseau-mesure.com\/en\/introduction-aux-incertitudes-de-mesure-lne-ref-me66\/\" \/>\n<meta property=\"og:site_name\" content=\"R\u00e9seau Mesure\" \/>\n<meta property=\"article:publisher\" content=\"https:\/\/www.facebook.com\/reseaumesure\/\" \/>\n<meta property=\"article:modified_time\" content=\"2026-02-20T14:01:46+00:00\" \/>\n<meta property=\"og:image\" content=\"https:\/\/www.reseau-mesure.com\/wp-content\/uploads\/2025\/11\/LNE-Commercial-Couleurs_PUB.jpg\" \/>\n<meta name=\"twitter:card\" content=\"summary_large_image\" \/>\n<meta name=\"twitter:site\" content=\"@ReseauMesure\" \/>\n<meta name=\"twitter:label1\" content=\"Est. reading time\" \/>\n\t<meta name=\"twitter:data1\" content=\"1 minute\" \/>\n<script type=\"application\/ld+json\" class=\"yoast-schema-graph\">{\"@context\":\"https:\\\/\\\/schema.org\",\"@graph\":[{\"@type\":\"WebPage\",\"@id\":\"https:\\\/\\\/www.reseau-mesure.com\\\/introduction-aux-incertitudes-de-mesure-lne-ref-me66\\\/\",\"url\":\"https:\\\/\\\/www.reseau-mesure.com\\\/introduction-aux-incertitudes-de-mesure-lne-ref-me66\\\/\",\"name\":\"Formation - Introduction aux incertitudes de mesure (LNE R\u00e9f. ME66) - R\u00e9seau Mesure\",\"isPartOf\":{\"@id\":\"https:\\\/\\\/www.reseau-mesure.com\\\/#website\"},\"primaryImageOfPage\":{\"@id\":\"https:\\\/\\\/www.reseau-mesure.com\\\/introduction-aux-incertitudes-de-mesure-lne-ref-me66\\\/#primaryimage\"},\"image\":{\"@id\":\"https:\\\/\\\/www.reseau-mesure.com\\\/introduction-aux-incertitudes-de-mesure-lne-ref-me66\\\/#primaryimage\"},\"thumbnailUrl\":\"https:\\\/\\\/www.reseau-mesure.com\\\/wp-content\\\/uploads\\\/2025\\\/11\\\/LNE-Commercial-Couleurs_PUB.jpg\",\"datePublished\":\"2026-02-20T13:57:12+00:00\",\"dateModified\":\"2026-02-20T14:01:46+00:00\",\"description\":\"Introduction aux incertitudes de mesure (LNE R\u00e9f. ME66) Une formation d\u2019une demi-journ\u00e9e en e-learning - Centre de formation du LNE\",\"breadcrumb\":{\"@id\":\"https:\\\/\\\/www.reseau-mesure.com\\\/introduction-aux-incertitudes-de-mesure-lne-ref-me66\\\/#breadcrumb\"},\"inLanguage\":\"en-US\",\"potentialAction\":[{\"@type\":\"ReadAction\",\"target\":[\"https:\\\/\\\/www.reseau-mesure.com\\\/introduction-aux-incertitudes-de-mesure-lne-ref-me66\\\/\"]}]},{\"@type\":\"ImageObject\",\"inLanguage\":\"en-US\",\"@id\":\"https:\\\/\\\/www.reseau-mesure.com\\\/introduction-aux-incertitudes-de-mesure-lne-ref-me66\\\/#primaryimage\",\"url\":\"https:\\\/\\\/www.reseau-mesure.com\\\/wp-content\\\/uploads\\\/2025\\\/11\\\/LNE-Commercial-Couleurs_PUB.jpg\",\"contentUrl\":\"https:\\\/\\\/www.reseau-mesure.com\\\/wp-content\\\/uploads\\\/2025\\\/11\\\/LNE-Commercial-Couleurs_PUB.jpg\"},{\"@type\":\"BreadcrumbList\",\"@id\":\"https:\\\/\\\/www.reseau-mesure.com\\\/introduction-aux-incertitudes-de-mesure-lne-ref-me66\\\/#breadcrumb\",\"itemListElement\":[{\"@type\":\"ListItem\",\"position\":1,\"name\":\"Accueil\",\"item\":\"https:\\\/\\\/www.reseau-mesure.com\\\/\"},{\"@type\":\"ListItem\",\"position\":2,\"name\":\"Introduction aux incertitudes de mesure (LNE R\u00e9f. ME66)\"}]},{\"@type\":\"WebSite\",\"@id\":\"https:\\\/\\\/www.reseau-mesure.com\\\/#website\",\"url\":\"https:\\\/\\\/www.reseau-mesure.com\\\/\",\"name\":\"R\u00e9seau-Mesure\",\"description\":\"R\u00e9seau Mesure\",\"publisher\":{\"@id\":\"https:\\\/\\\/www.reseau-mesure.com\\\/#organization\"},\"potentialAction\":[{\"@type\":\"SearchAction\",\"target\":{\"@type\":\"EntryPoint\",\"urlTemplate\":\"https:\\\/\\\/www.reseau-mesure.com\\\/?s={search_term_string}\"},\"query-input\":{\"@type\":\"PropertyValueSpecification\",\"valueRequired\":true,\"valueName\":\"search_term_string\"}}],\"inLanguage\":\"en-US\"},{\"@type\":\"Organization\",\"@id\":\"https:\\\/\\\/www.reseau-mesure.com\\\/#organization\",\"name\":\"R\u00e9seau-Mesure\",\"url\":\"https:\\\/\\\/www.reseau-mesure.com\\\/\",\"logo\":{\"@type\":\"ImageObject\",\"inLanguage\":\"en-US\",\"@id\":\"https:\\\/\\\/www.reseau-mesure.com\\\/#\\\/schema\\\/logo\\\/image\\\/\",\"url\":\"https:\\\/\\\/www.reseau-mesure.com\\\/wp-content\\\/uploads\\\/2018\\\/02\\\/logo-max.png\",\"contentUrl\":\"https:\\\/\\\/www.reseau-mesure.com\\\/wp-content\\\/uploads\\\/2018\\\/02\\\/logo-max.png\",\"width\":545,\"height\":285,\"caption\":\"R\u00e9seau-Mesure\"},\"image\":{\"@id\":\"https:\\\/\\\/www.reseau-mesure.com\\\/#\\\/schema\\\/logo\\\/image\\\/\"},\"sameAs\":[\"https:\\\/\\\/www.facebook.com\\\/reseaumesure\\\/\",\"https:\\\/\\\/x.com\\\/ReseauMesure\",\"https:\\\/\\\/www.linkedin.com\\\/company\\\/reseau-mesure\\\/\"]}]}<\/script>\n<!-- \/ Yoast SEO plugin. -->","yoast_head_json":{"title":"Formation - Introduction aux incertitudes de mesure (LNE R\u00e9f. ME66) - R\u00e9seau Mesure","description":"Introduction aux incertitudes de mesure (LNE R\u00e9f. ME66) Une formation d\u2019une demi-journ\u00e9e en e-learning - Centre de formation du LNE","robots":{"index":"index","follow":"follow","max-snippet":"max-snippet:-1","max-image-preview":"max-image-preview:large","max-video-preview":"max-video-preview:-1"},"canonical":"https:\/\/www.reseau-mesure.com\/en\/introduction-aux-incertitudes-de-mesure-lne-ref-me66\/","og_locale":"en_US","og_type":"article","og_title":"Formation - Introduction aux incertitudes de mesure (LNE R\u00e9f. ME66) - R\u00e9seau Mesure","og_description":"Introduction aux incertitudes de mesure (LNE R\u00e9f. ME66) Une formation d\u2019une demi-journ\u00e9e en e-learning - Centre de formation du LNE","og_url":"https:\/\/www.reseau-mesure.com\/en\/introduction-aux-incertitudes-de-mesure-lne-ref-me66\/","og_site_name":"R\u00e9seau Mesure","article_publisher":"https:\/\/www.facebook.com\/reseaumesure\/","article_modified_time":"2026-02-20T14:01:46+00:00","og_image":[{"url":"https:\/\/www.reseau-mesure.com\/wp-content\/uploads\/2025\/11\/LNE-Commercial-Couleurs_PUB.jpg","type":"","width":"","height":""}],"twitter_card":"summary_large_image","twitter_site":"@ReseauMesure","twitter_misc":{"Est. reading time":"1 minute"},"schema":{"@context":"https:\/\/schema.org","@graph":[{"@type":"WebPage","@id":"https:\/\/www.reseau-mesure.com\/introduction-aux-incertitudes-de-mesure-lne-ref-me66\/","url":"https:\/\/www.reseau-mesure.com\/introduction-aux-incertitudes-de-mesure-lne-ref-me66\/","name":"Formation - Introduction aux incertitudes de mesure (LNE R\u00e9f. ME66) - R\u00e9seau Mesure","isPartOf":{"@id":"https:\/\/www.reseau-mesure.com\/#website"},"primaryImageOfPage":{"@id":"https:\/\/www.reseau-mesure.com\/introduction-aux-incertitudes-de-mesure-lne-ref-me66\/#primaryimage"},"image":{"@id":"https:\/\/www.reseau-mesure.com\/introduction-aux-incertitudes-de-mesure-lne-ref-me66\/#primaryimage"},"thumbnailUrl":"https:\/\/www.reseau-mesure.com\/wp-content\/uploads\/2025\/11\/LNE-Commercial-Couleurs_PUB.jpg","datePublished":"2026-02-20T13:57:12+00:00","dateModified":"2026-02-20T14:01:46+00:00","description":"Introduction aux incertitudes de mesure (LNE R\u00e9f. ME66) Une formation d\u2019une demi-journ\u00e9e en e-learning - Centre de formation du LNE","breadcrumb":{"@id":"https:\/\/www.reseau-mesure.com\/introduction-aux-incertitudes-de-mesure-lne-ref-me66\/#breadcrumb"},"inLanguage":"en-US","potentialAction":[{"@type":"ReadAction","target":["https:\/\/www.reseau-mesure.com\/introduction-aux-incertitudes-de-mesure-lne-ref-me66\/"]}]},{"@type":"ImageObject","inLanguage":"en-US","@id":"https:\/\/www.reseau-mesure.com\/introduction-aux-incertitudes-de-mesure-lne-ref-me66\/#primaryimage","url":"https:\/\/www.reseau-mesure.com\/wp-content\/uploads\/2025\/11\/LNE-Commercial-Couleurs_PUB.jpg","contentUrl":"https:\/\/www.reseau-mesure.com\/wp-content\/uploads\/2025\/11\/LNE-Commercial-Couleurs_PUB.jpg"},{"@type":"BreadcrumbList","@id":"https:\/\/www.reseau-mesure.com\/introduction-aux-incertitudes-de-mesure-lne-ref-me66\/#breadcrumb","itemListElement":[{"@type":"ListItem","position":1,"name":"Accueil","item":"https:\/\/www.reseau-mesure.com\/"},{"@type":"ListItem","position":2,"name":"Introduction aux incertitudes de mesure (LNE R\u00e9f. ME66)"}]},{"@type":"WebSite","@id":"https:\/\/www.reseau-mesure.com\/#website","url":"https:\/\/www.reseau-mesure.com\/","name":"R\u00e9seau-Mesure","description":"Network Measure","publisher":{"@id":"https:\/\/www.reseau-mesure.com\/#organization"},"potentialAction":[{"@type":"SearchAction","target":{"@type":"EntryPoint","urlTemplate":"https:\/\/www.reseau-mesure.com\/?s={search_term_string}"},"query-input":{"@type":"PropertyValueSpecification","valueRequired":true,"valueName":"search_term_string"}}],"inLanguage":"en-US"},{"@type":"Organization","@id":"https:\/\/www.reseau-mesure.com\/#organization","name":"R\u00e9seau-Mesure","url":"https:\/\/www.reseau-mesure.com\/","logo":{"@type":"ImageObject","inLanguage":"en-US","@id":"https:\/\/www.reseau-mesure.com\/#\/schema\/logo\/image\/","url":"https:\/\/www.reseau-mesure.com\/wp-content\/uploads\/2018\/02\/logo-max.png","contentUrl":"https:\/\/www.reseau-mesure.com\/wp-content\/uploads\/2018\/02\/logo-max.png","width":545,"height":285,"caption":"R\u00e9seau-Mesure"},"image":{"@id":"https:\/\/www.reseau-mesure.com\/#\/schema\/logo\/image\/"},"sameAs":["https:\/\/www.facebook.com\/reseaumesure\/","https:\/\/x.com\/ReseauMesure","https:\/\/www.linkedin.com\/company\/reseau-mesure\/"]}]}},"_links":{"self":[{"href":"https:\/\/www.reseau-mesure.com\/en\/wp-json\/wp\/v2\/pages\/29991","targetHints":{"allow":["GET"]}}],"collection":[{"href":"https:\/\/www.reseau-mesure.com\/en\/wp-json\/wp\/v2\/pages"}],"about":[{"href":"https:\/\/www.reseau-mesure.com\/en\/wp-json\/wp\/v2\/types\/page"}],"author":[{"embeddable":true,"href":"https:\/\/www.reseau-mesure.com\/en\/wp-json\/wp\/v2\/users\/349"}],"replies":[{"embeddable":true,"href":"https:\/\/www.reseau-mesure.com\/en\/wp-json\/wp\/v2\/comments?post=29991"}],"version-history":[{"count":2,"href":"https:\/\/www.reseau-mesure.com\/en\/wp-json\/wp\/v2\/pages\/29991\/revisions"}],"predecessor-version":[{"id":29995,"href":"https:\/\/www.reseau-mesure.com\/en\/wp-json\/wp\/v2\/pages\/29991\/revisions\/29995"}],"wp:attachment":[{"href":"https:\/\/www.reseau-mesure.com\/en\/wp-json\/wp\/v2\/media?parent=29991"}],"curies":[{"name":"wp","href":"https:\/\/api.w.org\/{rel}","templated":true}]}}