{"id":30021,"date":"2026-02-20T16:46:13","date_gmt":"2026-02-20T15:46:13","guid":{"rendered":"https:\/\/www.reseau-mesure.com\/?page_id=30021"},"modified":"2026-02-20T16:50:14","modified_gmt":"2026-02-20T15:50:14","slug":"comparaison-interlaboratoires","status":"publish","type":"page","link":"https:\/\/www.reseau-mesure.com\/en\/comparaison-interlaboratoires\/","title":{"rendered":"Choisir et interpr\u00e9ter une comparaison interlaboratoires (LNE R\u00e9f. AQ73)"},"content":{"rendered":"<figure itemscope itemtype=\"https:\/\/schema.org\/ImageObject\">\n\t\t\t\t<img decoding=\"async\" src=\"https:\/\/www.reseau-mesure.com\/wp-content\/uploads\/2025\/11\/LNE-Commercial-Couleurs_PUB.jpg\" alt=\"LNE\" height=\"577\" width=\"1761\" title=\"LNE-Commercial-Couleurs_PUB\" onerror=\"this.style.display='none'\" loading=\"lazy\" \/>\n\t<\/figure>\n\t<p>&nbsp;<\/p>\n<p><strong>Choisir et interpr\u00e9ter une comparaison interlaboratoires<\/strong><\/p>\n<p><strong>(LNE R\u00e9f. AQ73)<\/strong><\/p>\n<p><strong>Formation en e-learning\u00a0: 3 heures<\/strong><\/p>\n<p><strong> \u00a0 \u00a0 \u00a0 \u00a0 \u00a0 \u00a0 \u00a0 \u00a0 \u00a0 \u00a0 \u00a0 \u00a0 \u00a0 \u00a0 \u00a0\u00a0<\/strong><\/p>\n\n\t<p>&nbsp;<\/p>\n<p><strong>Les objectifs : <\/strong><\/p>\n<p>Identifier les 3 diff\u00e9rents objectifs des CIL et leur livrables, plus particuli\u00e8rement les essais d&rsquo;aptitude<\/p>\n<p>Interpr\u00e9ter les r\u00e9sultats dans une logique de performance<\/p>\n<p><strong>Les avantages :<\/strong><\/p>\n<p>Accompagnement ludique, d\u00e9taill\u00e9, modulable<\/p>\n<p>Expertise p\u00e9dagogique e-learning des intervenants<\/p>\n<p>Expertise terrain, d&rsquo;audit et de normalisation des intervenants<\/p>\n<p>&nbsp;<\/p>\n<p><strong>Le Centre de formation du LNE est certifi\u00e9 Qualiopi permettant une prise en charge par votre OPCO.<\/strong><\/p>\n<p><strong>Nombre de stagiaires par session : <\/strong>1 stagiaire par connexion.<\/p>\n<p><strong>Avis de nos clients :<\/strong> satisfaits ou tr\u00e8s satisfaits : 100 % | utilit\u00e9 de la formation : 100 % (calculs r\u00e9alis\u00e9s sur la base des sessions dispens\u00e9es en 2024)<\/p>\n<p>&nbsp;<\/p>\n<p><strong>Next session\u00a0<\/strong>: \u00a0Nous planifions les dates en fonction de vos demandes, alors n&rsquo;h\u00e9sitez pas \u00e0\u00a0<a href=\"mailto:confray@reseau-mesure.com\">Contact us<\/a>\u00a0!<\/p>\n<p>&nbsp;<\/p>\n\t\t\t<a href=\"https:\/\/www.reseau-mesure.com\/wp-content\/uploads\/2026\/02\/AQ73-2026.pdf\"  target=\"_blank\" rel=\"noopener\">\n\t\t\t\t\t\t\tpresentation et programme\n\t\t\t\t\t<\/a>\n\t\t\t<a href=\"mailto:confray@reseau-mesure.com\"  target=\"_blank\" rel=\"noopener\">\n\t\t\t\t\t\t\tSubscription request\n\t\t\t\t\t<\/a>","protected":false},"excerpt":{"rendered":"<p>&nbsp; Choisir et interpr\u00e9ter une comparaison interlaboratoires (LNE R\u00e9f. AQ73) Formation en e-learning\u00a0: 3 heures \u00a0 \u00a0 \u00a0 \u00a0 \u00a0 \u00a0 \u00a0 \u00a0 \u00a0 \u00a0 \u00a0 \u00a0 \u00a0 \u00a0 \u00a0\u00a0 &nbsp; Les objectifs : Identifier les 3 diff\u00e9rents objectifs des CIL et leur livrables, plus particuli\u00e8rement les essais d&rsquo;aptitude Interpr\u00e9ter les r\u00e9sultats dans une logique&hellip;<\/p>","protected":false},"author":349,"featured_media":0,"parent":0,"menu_order":0,"comment_status":"closed","ping_status":"closed","template":"","meta":{"_acf_changed":false,"footnotes":""},"class_list":["post-30021","page","type-page","status-publish","hentry"],"acf":[],"yoast_head":"<!-- This site is optimized with the Yoast SEO plugin v27.3 - https:\/\/yoast.com\/product\/yoast-seo-wordpress\/ -->\n<title>Formation - Choisir et interpr\u00e9ter une comparaison interlaboratoires (LNE R\u00e9f. AQ73) - R\u00e9seau Mesure<\/title>\n<meta name=\"description\" content=\"Choisir et interpr\u00e9ter une comparaison interlaboratoires (LNE R\u00e9f. AQ73) Identifier les 3 diff\u00e9rents objectifs des CIL et leur livrables.\" \/>\n<meta name=\"robots\" content=\"index, follow, max-snippet:-1, max-image-preview:large, max-video-preview:-1\" \/>\n<link rel=\"canonical\" href=\"https:\/\/www.reseau-mesure.com\/en\/comparaison-interlaboratoires\/\" \/>\n<meta property=\"og:locale\" content=\"en_US\" \/>\n<meta property=\"og:type\" content=\"article\" \/>\n<meta property=\"og:title\" content=\"Formation - Choisir et interpr\u00e9ter une comparaison interlaboratoires (LNE R\u00e9f. AQ73) - R\u00e9seau Mesure\" \/>\n<meta property=\"og:description\" content=\"Choisir et interpr\u00e9ter une comparaison interlaboratoires (LNE R\u00e9f. AQ73) Identifier les 3 diff\u00e9rents objectifs des CIL et leur livrables.\" \/>\n<meta property=\"og:url\" content=\"https:\/\/www.reseau-mesure.com\/en\/comparaison-interlaboratoires\/\" \/>\n<meta property=\"og:site_name\" content=\"R\u00e9seau Mesure\" \/>\n<meta property=\"article:publisher\" content=\"https:\/\/www.facebook.com\/reseaumesure\/\" \/>\n<meta property=\"article:modified_time\" content=\"2026-02-20T15:50:14+00:00\" \/>\n<meta property=\"og:image\" content=\"https:\/\/www.reseau-mesure.com\/wp-content\/uploads\/2025\/11\/LNE-Commercial-Couleurs_PUB.jpg\" \/>\n<meta name=\"twitter:card\" content=\"summary_large_image\" \/>\n<meta name=\"twitter:site\" content=\"@ReseauMesure\" \/>\n<meta name=\"twitter:label1\" content=\"Est. reading time\" \/>\n\t<meta name=\"twitter:data1\" content=\"1 minute\" \/>\n<script type=\"application\/ld+json\" class=\"yoast-schema-graph\">{\"@context\":\"https:\\\/\\\/schema.org\",\"@graph\":[{\"@type\":\"WebPage\",\"@id\":\"https:\\\/\\\/www.reseau-mesure.com\\\/comparaison-interlaboratoires\\\/\",\"url\":\"https:\\\/\\\/www.reseau-mesure.com\\\/comparaison-interlaboratoires\\\/\",\"name\":\"Formation - Choisir et interpr\u00e9ter une comparaison interlaboratoires (LNE R\u00e9f. AQ73) - R\u00e9seau Mesure\",\"isPartOf\":{\"@id\":\"https:\\\/\\\/www.reseau-mesure.com\\\/#website\"},\"primaryImageOfPage\":{\"@id\":\"https:\\\/\\\/www.reseau-mesure.com\\\/comparaison-interlaboratoires\\\/#primaryimage\"},\"image\":{\"@id\":\"https:\\\/\\\/www.reseau-mesure.com\\\/comparaison-interlaboratoires\\\/#primaryimage\"},\"thumbnailUrl\":\"https:\\\/\\\/www.reseau-mesure.com\\\/wp-content\\\/uploads\\\/2025\\\/11\\\/LNE-Commercial-Couleurs_PUB.jpg\",\"datePublished\":\"2026-02-20T15:46:13+00:00\",\"dateModified\":\"2026-02-20T15:50:14+00:00\",\"description\":\"Choisir et interpr\u00e9ter une comparaison interlaboratoires (LNE R\u00e9f. AQ73) Identifier les 3 diff\u00e9rents objectifs des CIL et leur livrables.\",\"breadcrumb\":{\"@id\":\"https:\\\/\\\/www.reseau-mesure.com\\\/comparaison-interlaboratoires\\\/#breadcrumb\"},\"inLanguage\":\"en-US\",\"potentialAction\":[{\"@type\":\"ReadAction\",\"target\":[\"https:\\\/\\\/www.reseau-mesure.com\\\/comparaison-interlaboratoires\\\/\"]}]},{\"@type\":\"ImageObject\",\"inLanguage\":\"en-US\",\"@id\":\"https:\\\/\\\/www.reseau-mesure.com\\\/comparaison-interlaboratoires\\\/#primaryimage\",\"url\":\"https:\\\/\\\/www.reseau-mesure.com\\\/wp-content\\\/uploads\\\/2025\\\/11\\\/LNE-Commercial-Couleurs_PUB.jpg\",\"contentUrl\":\"https:\\\/\\\/www.reseau-mesure.com\\\/wp-content\\\/uploads\\\/2025\\\/11\\\/LNE-Commercial-Couleurs_PUB.jpg\"},{\"@type\":\"BreadcrumbList\",\"@id\":\"https:\\\/\\\/www.reseau-mesure.com\\\/comparaison-interlaboratoires\\\/#breadcrumb\",\"itemListElement\":[{\"@type\":\"ListItem\",\"position\":1,\"name\":\"Accueil\",\"item\":\"https:\\\/\\\/www.reseau-mesure.com\\\/\"},{\"@type\":\"ListItem\",\"position\":2,\"name\":\"Choisir et interpr\u00e9ter une comparaison interlaboratoires (LNE R\u00e9f. AQ73)\"}]},{\"@type\":\"WebSite\",\"@id\":\"https:\\\/\\\/www.reseau-mesure.com\\\/#website\",\"url\":\"https:\\\/\\\/www.reseau-mesure.com\\\/\",\"name\":\"R\u00e9seau-Mesure\",\"description\":\"R\u00e9seau Mesure\",\"publisher\":{\"@id\":\"https:\\\/\\\/www.reseau-mesure.com\\\/#organization\"},\"potentialAction\":[{\"@type\":\"SearchAction\",\"target\":{\"@type\":\"EntryPoint\",\"urlTemplate\":\"https:\\\/\\\/www.reseau-mesure.com\\\/?s={search_term_string}\"},\"query-input\":{\"@type\":\"PropertyValueSpecification\",\"valueRequired\":true,\"valueName\":\"search_term_string\"}}],\"inLanguage\":\"en-US\"},{\"@type\":\"Organization\",\"@id\":\"https:\\\/\\\/www.reseau-mesure.com\\\/#organization\",\"name\":\"R\u00e9seau-Mesure\",\"url\":\"https:\\\/\\\/www.reseau-mesure.com\\\/\",\"logo\":{\"@type\":\"ImageObject\",\"inLanguage\":\"en-US\",\"@id\":\"https:\\\/\\\/www.reseau-mesure.com\\\/#\\\/schema\\\/logo\\\/image\\\/\",\"url\":\"https:\\\/\\\/www.reseau-mesure.com\\\/wp-content\\\/uploads\\\/2018\\\/02\\\/logo-max.png\",\"contentUrl\":\"https:\\\/\\\/www.reseau-mesure.com\\\/wp-content\\\/uploads\\\/2018\\\/02\\\/logo-max.png\",\"width\":545,\"height\":285,\"caption\":\"R\u00e9seau-Mesure\"},\"image\":{\"@id\":\"https:\\\/\\\/www.reseau-mesure.com\\\/#\\\/schema\\\/logo\\\/image\\\/\"},\"sameAs\":[\"https:\\\/\\\/www.facebook.com\\\/reseaumesure\\\/\",\"https:\\\/\\\/x.com\\\/ReseauMesure\",\"https:\\\/\\\/www.linkedin.com\\\/company\\\/reseau-mesure\\\/\"]}]}<\/script>\n<!-- \/ Yoast SEO plugin. -->","yoast_head_json":{"title":"Formation - Choisir et interpr\u00e9ter une comparaison interlaboratoires (LNE R\u00e9f. AQ73) - R\u00e9seau Mesure","description":"Choisir et interpr\u00e9ter une comparaison interlaboratoires (LNE R\u00e9f. AQ73) Identifier les 3 diff\u00e9rents objectifs des CIL et leur livrables.","robots":{"index":"index","follow":"follow","max-snippet":"max-snippet:-1","max-image-preview":"max-image-preview:large","max-video-preview":"max-video-preview:-1"},"canonical":"https:\/\/www.reseau-mesure.com\/en\/comparaison-interlaboratoires\/","og_locale":"en_US","og_type":"article","og_title":"Formation - Choisir et interpr\u00e9ter une comparaison interlaboratoires (LNE R\u00e9f. AQ73) - R\u00e9seau Mesure","og_description":"Choisir et interpr\u00e9ter une comparaison interlaboratoires (LNE R\u00e9f. AQ73) Identifier les 3 diff\u00e9rents objectifs des CIL et leur livrables.","og_url":"https:\/\/www.reseau-mesure.com\/en\/comparaison-interlaboratoires\/","og_site_name":"R\u00e9seau Mesure","article_publisher":"https:\/\/www.facebook.com\/reseaumesure\/","article_modified_time":"2026-02-20T15:50:14+00:00","og_image":[{"url":"https:\/\/www.reseau-mesure.com\/wp-content\/uploads\/2025\/11\/LNE-Commercial-Couleurs_PUB.jpg","type":"","width":"","height":""}],"twitter_card":"summary_large_image","twitter_site":"@ReseauMesure","twitter_misc":{"Est. reading time":"1 minute"},"schema":{"@context":"https:\/\/schema.org","@graph":[{"@type":"WebPage","@id":"https:\/\/www.reseau-mesure.com\/comparaison-interlaboratoires\/","url":"https:\/\/www.reseau-mesure.com\/comparaison-interlaboratoires\/","name":"Formation - Choisir et interpr\u00e9ter une comparaison interlaboratoires (LNE R\u00e9f. AQ73) - R\u00e9seau Mesure","isPartOf":{"@id":"https:\/\/www.reseau-mesure.com\/#website"},"primaryImageOfPage":{"@id":"https:\/\/www.reseau-mesure.com\/comparaison-interlaboratoires\/#primaryimage"},"image":{"@id":"https:\/\/www.reseau-mesure.com\/comparaison-interlaboratoires\/#primaryimage"},"thumbnailUrl":"https:\/\/www.reseau-mesure.com\/wp-content\/uploads\/2025\/11\/LNE-Commercial-Couleurs_PUB.jpg","datePublished":"2026-02-20T15:46:13+00:00","dateModified":"2026-02-20T15:50:14+00:00","description":"Choisir et interpr\u00e9ter une comparaison interlaboratoires (LNE R\u00e9f. AQ73) Identifier les 3 diff\u00e9rents objectifs des CIL et leur livrables.","breadcrumb":{"@id":"https:\/\/www.reseau-mesure.com\/comparaison-interlaboratoires\/#breadcrumb"},"inLanguage":"en-US","potentialAction":[{"@type":"ReadAction","target":["https:\/\/www.reseau-mesure.com\/comparaison-interlaboratoires\/"]}]},{"@type":"ImageObject","inLanguage":"en-US","@id":"https:\/\/www.reseau-mesure.com\/comparaison-interlaboratoires\/#primaryimage","url":"https:\/\/www.reseau-mesure.com\/wp-content\/uploads\/2025\/11\/LNE-Commercial-Couleurs_PUB.jpg","contentUrl":"https:\/\/www.reseau-mesure.com\/wp-content\/uploads\/2025\/11\/LNE-Commercial-Couleurs_PUB.jpg"},{"@type":"BreadcrumbList","@id":"https:\/\/www.reseau-mesure.com\/comparaison-interlaboratoires\/#breadcrumb","itemListElement":[{"@type":"ListItem","position":1,"name":"Accueil","item":"https:\/\/www.reseau-mesure.com\/"},{"@type":"ListItem","position":2,"name":"Choisir et interpr\u00e9ter une comparaison interlaboratoires (LNE R\u00e9f. AQ73)"}]},{"@type":"WebSite","@id":"https:\/\/www.reseau-mesure.com\/#website","url":"https:\/\/www.reseau-mesure.com\/","name":"R\u00e9seau-Mesure","description":"Network Measure","publisher":{"@id":"https:\/\/www.reseau-mesure.com\/#organization"},"potentialAction":[{"@type":"SearchAction","target":{"@type":"EntryPoint","urlTemplate":"https:\/\/www.reseau-mesure.com\/?s={search_term_string}"},"query-input":{"@type":"PropertyValueSpecification","valueRequired":true,"valueName":"search_term_string"}}],"inLanguage":"en-US"},{"@type":"Organization","@id":"https:\/\/www.reseau-mesure.com\/#organization","name":"R\u00e9seau-Mesure","url":"https:\/\/www.reseau-mesure.com\/","logo":{"@type":"ImageObject","inLanguage":"en-US","@id":"https:\/\/www.reseau-mesure.com\/#\/schema\/logo\/image\/","url":"https:\/\/www.reseau-mesure.com\/wp-content\/uploads\/2018\/02\/logo-max.png","contentUrl":"https:\/\/www.reseau-mesure.com\/wp-content\/uploads\/2018\/02\/logo-max.png","width":545,"height":285,"caption":"R\u00e9seau-Mesure"},"image":{"@id":"https:\/\/www.reseau-mesure.com\/#\/schema\/logo\/image\/"},"sameAs":["https:\/\/www.facebook.com\/reseaumesure\/","https:\/\/x.com\/ReseauMesure","https:\/\/www.linkedin.com\/company\/reseau-mesure\/"]}]}},"_links":{"self":[{"href":"https:\/\/www.reseau-mesure.com\/en\/wp-json\/wp\/v2\/pages\/30021","targetHints":{"allow":["GET"]}}],"collection":[{"href":"https:\/\/www.reseau-mesure.com\/en\/wp-json\/wp\/v2\/pages"}],"about":[{"href":"https:\/\/www.reseau-mesure.com\/en\/wp-json\/wp\/v2\/types\/page"}],"author":[{"embeddable":true,"href":"https:\/\/www.reseau-mesure.com\/en\/wp-json\/wp\/v2\/users\/349"}],"replies":[{"embeddable":true,"href":"https:\/\/www.reseau-mesure.com\/en\/wp-json\/wp\/v2\/comments?post=30021"}],"version-history":[{"count":3,"href":"https:\/\/www.reseau-mesure.com\/en\/wp-json\/wp\/v2\/pages\/30021\/revisions"}],"predecessor-version":[{"id":30026,"href":"https:\/\/www.reseau-mesure.com\/en\/wp-json\/wp\/v2\/pages\/30021\/revisions\/30026"}],"wp:attachment":[{"href":"https:\/\/www.reseau-mesure.com\/en\/wp-json\/wp\/v2\/media?parent=30021"}],"curies":[{"name":"wp","href":"https:\/\/api.w.org\/{rel}","templated":true}]}}