{"id":337,"date":"2017-12-07T06:52:49","date_gmt":"2017-12-07T05:52:49","guid":{"rendered":"http:\/\/reseau-mesure.fr\/?page_id=337"},"modified":"2019-06-13T15:20:30","modified_gmt":"2019-06-13T13:20:30","slug":"charte-reseau-mesure","status":"publish","type":"page","link":"https:\/\/www.reseau-mesure.com\/en\/charte-reseau-mesure\/","title":{"rendered":"Charter for use of the Measuring Network website"},"content":{"rendered":"<img loading=\"lazy\" decoding=\"async\" title=\"Network Measurement Charter\" src=\"https:\/\/www.reseau-mesure.com\/wp-content\/uploads\/2018\/10\/AdobeStock_131148175-1024x597.jpeg\" alt=\"Charte R\u00e9seau Mesure\" width=\"1024\" height=\"597\" \/>\r\n<h1>For day-to-day operation Charter of the Measurement Network<\/h1>\r\n<h2>Please read this document carefully before using the site.<\/h2>\r\n&nbsp;\r\n<h2>Preamble \/ Foreword<\/h2>\r\nThis charter defines the terms of use of the site https:\/\/www.reseau-mesure.com. The site allows online consultation of information and data on the R\u00e9seau Mesure association, including news, testimonials, standard documents, etc., as well as access to various services such as a directory, a classified ads service. \u2026 Access to some of the data and services may be restricted, or even chargeable, as explained below. In this case, a warning appears on the page allowing you to access it. Anyone browsing the site is considered a user, whether or not they are identified on the site, contributor or not, subscriber or not.\r\n<h2>Acceptance of the charter of use<\/h2>\r\nBy using the R\u00e9seau Mesure site, the user agrees to respect the conditions of use and navigation defined in this charter. As the charter can be modified at any time by the publisher without prior notification, it is the user&#039;s responsibility to consult it regularly. The user is deemed to have accepted the latest version on each new connection to the site. Any connection to the site is subject to compliance with this charter.\r\n<h2>User engagement<\/h2>\r\nThe user agrees not to violate any law or regulation. In particular, the following are prohibited, under penalty, where applicable, of criminal penalties: invasion of the privacy of others (name of third parties without their explicit consent). In this context, the sending of unsolicited electronic messages to users of the site is prohibited; defamation and insult; incitement to crimes and offenses and incitement to suicide, incitement to discrimination, hatred in particular racial, or violence; the defense of all crimes, including murder, rape, war crimes and crimes against humanity; denial of crimes against humanity; the reproduction, representation or distribution of a work subject to intellectual property rights that do not allow it; advertising or messages or content of any kind whatsoever for commercial purposes; discussions dealing with the copying of commercial software for a use other than a backup copy under the conditions provided for by the intellectual property code.\r\n<h2>Rights of the Measurement Network<\/h2>\r\nThe Measurement Network reserves the right at any time to: remove immediately and without prior notice any content of any kind whatsoever, and in particular any message, photograph or graphic that contravenes the laws and regulations in force and in particular to the above-mentioned regulations. change the charter for any reason. The online charter takes precedence over the printed charter. It is up to the user to stay informed of changes to the charter by consulting the dedicated page. If one or more of the provisions of this charter were invalidated for any reason whatsoever, the other provisions will retain all their force and scope. interrupt or suspend all or part of the site or even modify, add or amend the existing site to improve its ease of use or enrich it, without any obligation of prior information or compensation of any kind. terminate all or part of the right of access, delete the account and password, remove any content distributed and terminate, as of right and without compensation or notice, any membership concerning any user who has not complied with any one of the provisions of this charter. change all or part of the identifiers, in particular for technical or security reasons, without the user being able to claim any compensation.\r\n<h2>Intellectual property rights<\/h2>\r\nThe Measurement Network and its partners own all the intellectual property rights and rights of use \/ distribution relating to the elements contained in the site, covering, without this being limiting, the domain names, brands and logos, graphics and illustrations, images and photographs, articles, documents, databases including in particular news information as well as specific software developed for the use of the site. The user is prohibited from any commercial use, direct or indirect, of the site and its contents, and therefore any reproduction of the contents of the site with a view to modification, sale, republication, communication, online distribution, direct or indirect exploitation, for commercial purposes, of all or part of the intangible elements of the site, its services or the right of access to the site. The user has a right of use for non-commercial use for private purposes, professional or not, with the right of reproduction, modification, distribution and storage, subject to the author&#039;s citation and source. It is a personal and non-transferable right.\r\n<h2>security<\/h2>\r\nThe user acknowledges that, notwithstanding all the means implemented by the Measurement Network, the internet has technical specificities which imply the impossibility for the Measurement Network to guarantee absolute continuity of access to the service and response times. , as well as security in data transmission. In all cases, the user accepts that the information and services offered on the R\u00e9seau Mesure site: may be interrupted for cases of force majeure or beyond the control of the R\u00e9seau Mesure or for facts beyond its responsibility, may contain errors of a technical or human nature may induce occasional loss of data.\r\n<h2>Respect for IT integrity and security<\/h2>\r\nThe user undertakes to comply with the regulations in force in matters of computer fraud, and as such, to refrain from attempting an intrusion into an automated data processing system or from altering, totally or partially, the elements that &#039;it contains. He is informed that such acts are punishable by criminal penalties. It is also up to the user not to transmit any elements containing viruses, to use the site for any malicious action such as hacking or other hackings.\r\n<h2>Compensation<\/h2>\r\nThe user may be forced to indemnify the Measuring Network in the event of damage or claim from third parties resulting from the sending, distribution or transmission of content by the user or the use of the site in an unauthorized manner or non-compliance with the provisions of the charter.\r\n<h2>Links to the site<\/h2>\r\nThe establishment of links to the page whose address is https:\/\/www.reseau-mesure.com is authorized under the following cumulative conditions: that this page appears under the above-mentioned address, that, if the links are established from the semi-figurative mark, the Measurement Network authorizes the reproduction and representation for this purpose only, that the sites operating links to this address carry out an activity and disseminate information, images and any other medium in accordance with the he public order and good morals and in general are in accordance with French law.\r\n<h2>Links to other sites<\/h2>\r\nThe links offered to sites external or internal to the Measurement Network can not engage the responsibility of the Measurement Network for their content and their access conditions. Such links do not constitute a recommendation or validation of the sites in question or their content.\r\n<h2>Guarantee \/ Quality<\/h2>\r\nThe Measurement Network does not guarantee the site&#039;s compliance with a specific need or use, nor with operation free from interruptions, errors, disturbances, viruses or failure, whatever the cause. In general, the Measurement Network does not guarantee the completeness, exhaustiveness and accuracy of the content of the information and services offered on the site, the Measurement Network using all available means to provide Internet users with content. quality. In any event, the responsibility of the Measuring Network, one of its partners or its employees cannot be sought for the use that the user will make of the information and services offered on the site and \/ or its navigation.\r\n<h2>Passwords<\/h2>\r\nThe user is responsible for the passwords assigned to him for accessing and implementing the restricted access services of the www.reseau-mesure.com site. It is their responsibility to: implement the precautionary and security measures necessary to protect their usernames and passwords, contact the Measurement Network without delay if they become aware of a theft, loss, use of their identifiers by an unauthorized third party. The Measurement Network cannot be held responsible for the fraudulent use of identifiers used by a third party having stolen them.\r\n<h2>Restricted access content and services<\/h2>\r\nAccess to certain content and services offered on the site is strictly reserved for members of the Measurement Network and is marked as such. Unless otherwise indicated, the use of the services concerned is free. To access the services in question, the user is asked to: Comply fully and permanently with all the legal and regulatory provisions in force, and in particular those described above. As such, the user is solely responsible for the information, messages, images and in general any content that he distributes via the services offered. The user declares to release the publisher from any responsibility in this regard and, as necessary, will release him unharmed and guarantee him from all sentences that could be pronounced and which would be the consequences of their publication, accept that the Measure Network decides, without prior notice, not to publish or to delete, in whole or in part, any content if this content is likely to infringe the laws and regulations in force or good morals or the provisions of this charter. These services include in particular: An online directory: members subscribing to the site can appear there after having completed a registration form. Consultation of this directory is governed by the provisions of the Intellectual Property Code. In particular, it is prohibited to extract all or part of the content of the database, by any means or in any form whatsoever. A tool making it possible to publish an advertisement on the site on topics related to the subject of the site by following the input frame of the advertisement provided. Testimonials: the user has the possibility of offering a testimonial on topics related to the purpose of the site by filling out the contact form dedicated to this service. In all cases, the user undertakes to provide complete, accurate and up-to-date information via the input forms offered. When the service in question allows the publication of data on the site, the latter may be subject to the prior sending of a confirmation email from the publisher. This is then mentioned in the data entry form. It is up to the member company to ensure, under its responsibility, that the referent and any delegates, insofar as they can enter or modify data concerning him on the site, have the capacity to engage the member company within the framework of these prerogatives. Each delegate will be assigned a password that he undertakes to keep under the conditions set out in the \u201cPasswords\u201d chapter.\r\n\r\n&nbsp;","protected":false},"excerpt":{"rendered":"<p>For day-to-day operation Charter of the Measurement Network Please read this document carefully before using the site. Preamble \/ Foreword This charter defines the terms of use of the site https:\/\/www.reseau-mesure.com. The site allows online consultation of information and data on the R\u00e9seau Mesure association, including news, testimonials, standard documents, etc.<\/p>","protected":false},"author":685,"featured_media":0,"parent":0,"menu_order":0,"comment_status":"closed","ping_status":"closed","template":"","meta":{"_acf_changed":false,"footnotes":""},"class_list":["post-337","page","type-page","status-publish","hentry"],"acf":[],"yoast_head":"<!-- This site is optimized with the Yoast SEO plugin v27.3 - https:\/\/yoast.com\/product\/yoast-seo-wordpress\/ -->\n<title>Charte utilisation site internet du R\u00e9seau Mesure - R\u00e9seau Mesure<\/title>\n<meta name=\"description\" content=\"La charte d&#039;utilisation du site du R\u00e9seau Mesure nous assure \u00e0 tous un fonctionnement respecteux et responsables au quotidien.\" \/>\n<meta name=\"robots\" content=\"index, follow, max-snippet:-1, max-image-preview:large, max-video-preview:-1\" \/>\n<link rel=\"canonical\" href=\"https:\/\/www.reseau-mesure.com\/en\/charte-reseau-mesure\/\" \/>\n<meta property=\"og:locale\" content=\"en_US\" \/>\n<meta property=\"og:type\" content=\"article\" \/>\n<meta property=\"og:title\" content=\"Charte utilisation site internet du R\u00e9seau Mesure - R\u00e9seau Mesure\" \/>\n<meta property=\"og:description\" content=\"La charte d&#039;utilisation du site du R\u00e9seau Mesure nous assure \u00e0 tous un fonctionnement respecteux et responsables au quotidien.\" \/>\n<meta property=\"og:url\" content=\"https:\/\/www.reseau-mesure.com\/en\/charte-reseau-mesure\/\" \/>\n<meta property=\"og:site_name\" content=\"R\u00e9seau Mesure\" \/>\n<meta property=\"article:publisher\" content=\"https:\/\/www.facebook.com\/reseaumesure\/\" \/>\n<meta property=\"article:modified_time\" content=\"2019-06-13T13:20:30+00:00\" \/>\n<meta property=\"og:image\" content=\"https:\/\/www.reseau-mesure.com\/wp-content\/uploads\/2018\/10\/AdobeStock_131148175-1024x597.jpeg\" \/>\n<meta name=\"twitter:card\" content=\"summary_large_image\" \/>\n<meta name=\"twitter:site\" content=\"@ReseauMesure\" \/>\n<meta name=\"twitter:label1\" content=\"Est. reading time\" \/>\n\t<meta name=\"twitter:data1\" content=\"10 minutes\" \/>\n<script type=\"application\/ld+json\" class=\"yoast-schema-graph\">{\"@context\":\"https:\\\/\\\/schema.org\",\"@graph\":[{\"@type\":\"WebPage\",\"@id\":\"https:\\\/\\\/www.reseau-mesure.com\\\/de\\\/charte-reseau-mesure\\\/\",\"url\":\"https:\\\/\\\/www.reseau-mesure.com\\\/de\\\/charte-reseau-mesure\\\/\",\"name\":\"Charte utilisation site internet du R\u00e9seau Mesure - R\u00e9seau Mesure\",\"isPartOf\":{\"@id\":\"https:\\\/\\\/www.reseau-mesure.com\\\/#website\"},\"primaryImageOfPage\":{\"@id\":\"https:\\\/\\\/www.reseau-mesure.com\\\/de\\\/charte-reseau-mesure\\\/#primaryimage\"},\"image\":{\"@id\":\"https:\\\/\\\/www.reseau-mesure.com\\\/de\\\/charte-reseau-mesure\\\/#primaryimage\"},\"thumbnailUrl\":\"https:\\\/\\\/www.reseau-mesure.com\\\/wp-content\\\/uploads\\\/2018\\\/10\\\/AdobeStock_131148175-1024x597.jpeg\",\"datePublished\":\"2017-12-07T05:52:49+00:00\",\"dateModified\":\"2019-06-13T13:20:30+00:00\",\"description\":\"La charte d'utilisation du site du R\u00e9seau Mesure nous assure \u00e0 tous un fonctionnement respecteux et responsables au quotidien.\",\"breadcrumb\":{\"@id\":\"https:\\\/\\\/www.reseau-mesure.com\\\/de\\\/charte-reseau-mesure\\\/#breadcrumb\"},\"inLanguage\":\"en-US\",\"potentialAction\":[{\"@type\":\"ReadAction\",\"target\":[\"https:\\\/\\\/www.reseau-mesure.com\\\/de\\\/charte-reseau-mesure\\\/\"]}]},{\"@type\":\"ImageObject\",\"inLanguage\":\"en-US\",\"@id\":\"https:\\\/\\\/www.reseau-mesure.com\\\/de\\\/charte-reseau-mesure\\\/#primaryimage\",\"url\":\"https:\\\/\\\/www.reseau-mesure.com\\\/wp-content\\\/uploads\\\/2018\\\/10\\\/AdobeStock_131148175-1024x597.jpeg\",\"contentUrl\":\"https:\\\/\\\/www.reseau-mesure.com\\\/wp-content\\\/uploads\\\/2018\\\/10\\\/AdobeStock_131148175-1024x597.jpeg\"},{\"@type\":\"BreadcrumbList\",\"@id\":\"https:\\\/\\\/www.reseau-mesure.com\\\/de\\\/charte-reseau-mesure\\\/#breadcrumb\",\"itemListElement\":[{\"@type\":\"ListItem\",\"position\":1,\"name\":\"Accueil\",\"item\":\"https:\\\/\\\/www.reseau-mesure.com\\\/\"},{\"@type\":\"ListItem\",\"position\":2,\"name\":\"Charte utilisation site internet du R\u00e9seau Mesure\"}]},{\"@type\":\"WebSite\",\"@id\":\"https:\\\/\\\/www.reseau-mesure.com\\\/#website\",\"url\":\"https:\\\/\\\/www.reseau-mesure.com\\\/\",\"name\":\"R\u00e9seau-Mesure\",\"description\":\"R\u00e9seau Mesure\",\"publisher\":{\"@id\":\"https:\\\/\\\/www.reseau-mesure.com\\\/#organization\"},\"potentialAction\":[{\"@type\":\"SearchAction\",\"target\":{\"@type\":\"EntryPoint\",\"urlTemplate\":\"https:\\\/\\\/www.reseau-mesure.com\\\/?s={search_term_string}\"},\"query-input\":{\"@type\":\"PropertyValueSpecification\",\"valueRequired\":true,\"valueName\":\"search_term_string\"}}],\"inLanguage\":\"en-US\"},{\"@type\":\"Organization\",\"@id\":\"https:\\\/\\\/www.reseau-mesure.com\\\/#organization\",\"name\":\"R\u00e9seau-Mesure\",\"url\":\"https:\\\/\\\/www.reseau-mesure.com\\\/\",\"logo\":{\"@type\":\"ImageObject\",\"inLanguage\":\"en-US\",\"@id\":\"https:\\\/\\\/www.reseau-mesure.com\\\/#\\\/schema\\\/logo\\\/image\\\/\",\"url\":\"https:\\\/\\\/www.reseau-mesure.com\\\/wp-content\\\/uploads\\\/2018\\\/02\\\/logo-max.png\",\"contentUrl\":\"https:\\\/\\\/www.reseau-mesure.com\\\/wp-content\\\/uploads\\\/2018\\\/02\\\/logo-max.png\",\"width\":545,\"height\":285,\"caption\":\"R\u00e9seau-Mesure\"},\"image\":{\"@id\":\"https:\\\/\\\/www.reseau-mesure.com\\\/#\\\/schema\\\/logo\\\/image\\\/\"},\"sameAs\":[\"https:\\\/\\\/www.facebook.com\\\/reseaumesure\\\/\",\"https:\\\/\\\/x.com\\\/ReseauMesure\",\"https:\\\/\\\/www.linkedin.com\\\/company\\\/reseau-mesure\\\/\"]}]}<\/script>\n<!-- \/ Yoast SEO plugin. -->","yoast_head_json":{"title":"Charte utilisation site internet du R\u00e9seau Mesure - R\u00e9seau Mesure","description":"La charte d'utilisation du site du R\u00e9seau Mesure nous assure \u00e0 tous un fonctionnement respecteux et responsables au quotidien.","robots":{"index":"index","follow":"follow","max-snippet":"max-snippet:-1","max-image-preview":"max-image-preview:large","max-video-preview":"max-video-preview:-1"},"canonical":"https:\/\/www.reseau-mesure.com\/en\/charte-reseau-mesure\/","og_locale":"en_US","og_type":"article","og_title":"Charte utilisation site internet du R\u00e9seau Mesure - R\u00e9seau Mesure","og_description":"La charte d'utilisation du site du R\u00e9seau Mesure nous assure \u00e0 tous un fonctionnement respecteux et responsables au quotidien.","og_url":"https:\/\/www.reseau-mesure.com\/en\/charte-reseau-mesure\/","og_site_name":"R\u00e9seau Mesure","article_publisher":"https:\/\/www.facebook.com\/reseaumesure\/","article_modified_time":"2019-06-13T13:20:30+00:00","og_image":[{"url":"https:\/\/www.reseau-mesure.com\/wp-content\/uploads\/2018\/10\/AdobeStock_131148175-1024x597.jpeg","type":"","width":"","height":""}],"twitter_card":"summary_large_image","twitter_site":"@ReseauMesure","twitter_misc":{"Est. reading time":"10 minutes"},"schema":{"@context":"https:\/\/schema.org","@graph":[{"@type":"WebPage","@id":"https:\/\/www.reseau-mesure.com\/de\/charte-reseau-mesure\/","url":"https:\/\/www.reseau-mesure.com\/de\/charte-reseau-mesure\/","name":"Charte utilisation site internet du R\u00e9seau Mesure - R\u00e9seau Mesure","isPartOf":{"@id":"https:\/\/www.reseau-mesure.com\/#website"},"primaryImageOfPage":{"@id":"https:\/\/www.reseau-mesure.com\/de\/charte-reseau-mesure\/#primaryimage"},"image":{"@id":"https:\/\/www.reseau-mesure.com\/de\/charte-reseau-mesure\/#primaryimage"},"thumbnailUrl":"https:\/\/www.reseau-mesure.com\/wp-content\/uploads\/2018\/10\/AdobeStock_131148175-1024x597.jpeg","datePublished":"2017-12-07T05:52:49+00:00","dateModified":"2019-06-13T13:20:30+00:00","description":"La charte d'utilisation du site du R\u00e9seau Mesure nous assure \u00e0 tous un fonctionnement respecteux et responsables au quotidien.","breadcrumb":{"@id":"https:\/\/www.reseau-mesure.com\/de\/charte-reseau-mesure\/#breadcrumb"},"inLanguage":"en-US","potentialAction":[{"@type":"ReadAction","target":["https:\/\/www.reseau-mesure.com\/de\/charte-reseau-mesure\/"]}]},{"@type":"ImageObject","inLanguage":"en-US","@id":"https:\/\/www.reseau-mesure.com\/de\/charte-reseau-mesure\/#primaryimage","url":"https:\/\/www.reseau-mesure.com\/wp-content\/uploads\/2018\/10\/AdobeStock_131148175-1024x597.jpeg","contentUrl":"https:\/\/www.reseau-mesure.com\/wp-content\/uploads\/2018\/10\/AdobeStock_131148175-1024x597.jpeg"},{"@type":"BreadcrumbList","@id":"https:\/\/www.reseau-mesure.com\/de\/charte-reseau-mesure\/#breadcrumb","itemListElement":[{"@type":"ListItem","position":1,"name":"Accueil","item":"https:\/\/www.reseau-mesure.com\/"},{"@type":"ListItem","position":2,"name":"Charte utilisation site internet du R\u00e9seau Mesure"}]},{"@type":"WebSite","@id":"https:\/\/www.reseau-mesure.com\/#website","url":"https:\/\/www.reseau-mesure.com\/","name":"R\u00e9seau-Mesure","description":"Network Measure","publisher":{"@id":"https:\/\/www.reseau-mesure.com\/#organization"},"potentialAction":[{"@type":"SearchAction","target":{"@type":"EntryPoint","urlTemplate":"https:\/\/www.reseau-mesure.com\/?s={search_term_string}"},"query-input":{"@type":"PropertyValueSpecification","valueRequired":true,"valueName":"search_term_string"}}],"inLanguage":"en-US"},{"@type":"Organization","@id":"https:\/\/www.reseau-mesure.com\/#organization","name":"R\u00e9seau-Mesure","url":"https:\/\/www.reseau-mesure.com\/","logo":{"@type":"ImageObject","inLanguage":"en-US","@id":"https:\/\/www.reseau-mesure.com\/#\/schema\/logo\/image\/","url":"https:\/\/www.reseau-mesure.com\/wp-content\/uploads\/2018\/02\/logo-max.png","contentUrl":"https:\/\/www.reseau-mesure.com\/wp-content\/uploads\/2018\/02\/logo-max.png","width":545,"height":285,"caption":"R\u00e9seau-Mesure"},"image":{"@id":"https:\/\/www.reseau-mesure.com\/#\/schema\/logo\/image\/"},"sameAs":["https:\/\/www.facebook.com\/reseaumesure\/","https:\/\/x.com\/ReseauMesure","https:\/\/www.linkedin.com\/company\/reseau-mesure\/"]}]}},"_links":{"self":[{"href":"https:\/\/www.reseau-mesure.com\/en\/wp-json\/wp\/v2\/pages\/337","targetHints":{"allow":["GET"]}}],"collection":[{"href":"https:\/\/www.reseau-mesure.com\/en\/wp-json\/wp\/v2\/pages"}],"about":[{"href":"https:\/\/www.reseau-mesure.com\/en\/wp-json\/wp\/v2\/types\/page"}],"author":[{"embeddable":true,"href":"https:\/\/www.reseau-mesure.com\/en\/wp-json\/wp\/v2\/users\/685"}],"replies":[{"embeddable":true,"href":"https:\/\/www.reseau-mesure.com\/en\/wp-json\/wp\/v2\/comments?post=337"}],"version-history":[{"count":0,"href":"https:\/\/www.reseau-mesure.com\/en\/wp-json\/wp\/v2\/pages\/337\/revisions"}],"wp:attachment":[{"href":"https:\/\/www.reseau-mesure.com\/en\/wp-json\/wp\/v2\/media?parent=337"}],"curies":[{"name":"wp","href":"https:\/\/api.w.org\/{rel}","templated":true}]}}