{"id":383,"date":"2017-12-12T21:09:58","date_gmt":"2017-12-12T20:09:58","guid":{"rendered":"http:\/\/reseau-mesure.fr\/?page_id=383"},"modified":"2026-03-16T12:06:38","modified_gmt":"2026-03-16T11:06:38","slug":"achats-mutualises","status":"publish","type":"page","link":"https:\/\/www.reseau-mesure.com\/en\/achats-mutualises\/","title":{"rendered":"Pooled purchasing | Purchasing Group"},"content":{"rendered":"<h1>\n\t\t\t\tA source of additional savings MUTUAL PURCHASES\n\t\t<\/h1>\n\t<h2><strong>A source of additional savings for members on their expenses through pooled purchasing actions managed by dedicated working groups.<\/strong><\/h2>\n<p>&nbsp;<\/p>\nPooling makes it possible to create partnerships in different areas and thus give members the opportunity to benefit from preferential rates built up thanks to the strength of the network and pooled purchases.<br \/>\n\n<p><strong>Pooled purchases are a major source of savings.<\/strong><\/p>\n<p>&nbsp;<\/p>\n<p>To date, the Measurement Network offers you the benefit of the following partnerships:<\/p>\n<figure itemscope itemtype=\"https:\/\/schema.org\/ImageObject\">\n\t\t\t\t<a href=\"https:\/\/www.reseau-mesure.com\/en\/simpel\/\"  target=\"_blank\" rel=\"noopener\"  itemprop=\"url\">\n\t\t\t\t<img decoding=\"async\" src=\"https:\/\/www.reseau-mesure.com\/wp-content\/uploads\/2021\/09\/SIMPEL.png\" alt=\"SIMPEL\" height=\"150\" width=\"150\" title=\"SIMPEL\" onerror=\"this.style.display='none'\" loading=\"lazy\" \/>\n\t\t\t\t<\/a>\n\t<\/figure>\n<figure itemscope itemtype=\"https:\/\/schema.org\/ImageObject\">\n\t\t\t\t<a href=\"https:\/\/www.reseau-mesure.com\/en\/origaly-3\/\"  target=\"_blank\" rel=\"noopener\"  itemprop=\"url\">\n\t\t\t\t<img decoding=\"async\" src=\"https:\/\/www.reseau-mesure.com\/wp-content\/uploads\/2023\/02\/origaly-1.jpg\" alt=\"origaly\" height=\"224\" width=\"235\" title=\"originaly\" onerror=\"this.style.display='none'\" loading=\"lazy\" \/>\n\t\t\t\t<\/a>\n\t<\/figure>\n<figure itemscope itemtype=\"https:\/\/schema.org\/ImageObject\">\n\t\t\t\t<a href=\"https:\/\/www.reseau-mesure.com\/en\/securite-routiere-et-eco-conduite\/\"  target=\"_blank\" rel=\"noopener\"  itemprop=\"url\">\n\t\t\t\t<img decoding=\"async\" src=\"https:\/\/www.reseau-mesure.com\/wp-content\/uploads\/2019\/05\/LOGO.jpg\" alt=\"Logo Centaure\" height=\"193\" width=\"392\" title=\"Centaur logo\" onerror=\"this.style.display='none'\" loading=\"lazy\" \/>\n\t\t\t\t<\/a>\n\t<\/figure>\n<figure itemscope itemtype=\"https:\/\/schema.org\/ImageObject\">\n\t\t\t\t<a href=\"https:\/\/www.reseau-mesure.com\/en\/tnt-2\/\"  target=\"_blank\" rel=\"noopener\"  itemprop=\"url\">\n\t\t\t\t<img decoding=\"async\" src=\"https:\/\/www.reseau-mesure.com\/wp-content\/uploads\/2018\/01\/logo-tnt-fr.png\" alt=\"logo-tnt-fr\" height=\"114\" width=\"204\" title=\"logo-tnt-fr\" onerror=\"this.style.display='none'\" loading=\"lazy\" \/>\n\t\t\t\t<\/a>\n\t<\/figure>\n<figure itemscope itemtype=\"https:\/\/schema.org\/ImageObject\">\n\t\t\t\t<a href=\"https:\/\/www.reseau-mesure.com\/en\/carprassur\/\"  target=\"_self\" itemprop=\"url\">\n\t\t\t\t<img decoding=\"async\" src=\"https:\/\/www.reseau-mesure.com\/wp-content\/uploads\/2024\/09\/CARPRASSUR-logo-rvb-01.jpg\" alt=\"CARPRASSUR\" height=\"790\" width=\"1595\" title=\"CARPRASSUR-logo rvb-01\" onerror=\"this.style.display='none'\" loading=\"lazy\" \/>\n\t\t\t\t<\/a>\n\t<\/figure>\n<figure itemscope itemtype=\"https:\/\/schema.org\/ImageObject\">\n\t\t\t\t<a href=\"https:\/\/www.reseau-mesure.com\/en\/place-des-salaries\/\"  target=\"_blank\" rel=\"noopener\"  itemprop=\"url\">\n\t\t\t\t<img decoding=\"async\" src=\"https:\/\/www.reseau-mesure.com\/wp-content\/uploads\/2023\/11\/Logo_Place-des-Salaries_2023.png\" alt=\"Logo_Place des Salarie\u0301s_2023\" height=\"302\" width=\"1454\" title=\"Logo_Place des Salari\u00e9s_2023\" onerror=\"this.style.display='none'\" loading=\"lazy\" \/>\n\t\t\t\t<\/a>\n\t<\/figure>\n<figure itemscope itemtype=\"https:\/\/schema.org\/ImageObject\">\n\t\t\t\t<img decoding=\"async\" src=\"https:\/\/www.reseau-mesure.com\/wp-content\/uploads\/2020\/04\/ACAVI-logo.jpg\" alt=\"LOGO ACAVI\" height=\"568\" width=\"1649\" title=\"ACAVI logo\" onerror=\"this.style.display='none'\" loading=\"lazy\" \/>\n\t<\/figure>\n<figure itemscope itemtype=\"https:\/\/schema.org\/ImageObject\">\n\t\t\t\t<a href=\"https:\/\/www.reseau-mesure.com\/en\/haxoneo\/\"  target=\"_blank\" rel=\"noopener\"  itemprop=\"url\">\n\t\t\t\t<img decoding=\"async\" src=\"https:\/\/www.reseau-mesure.com\/wp-content\/uploads\/2018\/01\/haxoneo.png\" alt=\"HAXONEO\" height=\"84\" width=\"296\" title=\"haxoneo\" onerror=\"this.style.display='none'\" loading=\"lazy\" \/>\n\t\t\t\t<\/a>\n\t<\/figure>\n<figure itemscope itemtype=\"https:\/\/schema.org\/ImageObject\">\n\t\t\t\t<img decoding=\"async\" src=\"https:\/\/www.reseau-mesure.com\/wp-content\/uploads\/2024\/09\/CARPRASSUR-logo-rvb-01.jpg\" alt=\"CARPRASSUR\" height=\"790\" width=\"1595\" title=\"CARPRASSUR-logo rvb-01\" onerror=\"this.style.display='none'\" loading=\"lazy\" \/>\n\t<\/figure>\n\t<h2>CARPRASSUR<\/h2>\n<p>The Measurement Network has set up a partnership for Insurance with CARPRASSUR focused on three axes:<\/p>\n<ul>\n<li><strong>Damage Insurance Contract <\/strong>(Civil Liability, Professional and Business Multirisks, Vehicle Insurance, Technical Risks etc ...)<\/li>\n<li><strong>Insurance policy for persons and managers <\/strong>(additional group care costs, group and individual provident insurance, company retirement savings, etc.)<\/li>\n<li><strong>Cybersecurity <\/strong>The financial consequences following an attack on computer systems (fraud, attack, virus, human error) are <u>excluded from DAMAGE AND RC contracts<\/u>. The CYBER RISK contract becomes an ESSENTIAL to protect your business.<\/li>\n<\/ul>\n<p><a href=\"https:\/\/www.reseau-mesure.com\/en\/carprassur\/\"><b>Find out more ...<\/b><\/a><\/p>\n\t\t\t<a href=\"https:\/\/www.reseau-mesure.com\/wp-content\/uploads\/2026\/03\/Offre-CARPRASSUR-2026-CIFL-Reseau-Mesure.pdf\"  target=\"_blank\" rel=\"noopener\">\n\t\t\t\t\t\t\tDownload the protocol\n\t\t\t\t\t<\/a>\n<figure itemscope itemtype=\"https:\/\/schema.org\/ImageObject\">\n\t\t\t\t<img decoding=\"async\" src=\"https:\/\/www.reseau-mesure.com\/wp-content\/uploads\/2019\/04\/TNT-taille-web.jpg\" alt=\"TNT FEDEX\" height=\"179\" width=\"320\" title=\"TNT FEDEX\" onerror=\"this.style.display='none'\" loading=\"lazy\" \/>\n\t<\/figure>\n<figure itemscope itemtype=\"https:\/\/schema.org\/ImageObject\">\n\t\t\t\t<img decoding=\"async\" src=\"https:\/\/www.reseau-mesure.com\/wp-content\/uploads\/2022\/01\/FedEx.jpg\" alt=\"logo fedex\" height=\"250\" width=\"260\" title=\"FedEx\" onerror=\"this.style.display='none'\" loading=\"lazy\" \/>\n\t<\/figure>\n\t<h2>TNT-FEDEX<\/h2>\n<p>The Measurement Network offers its members the opportunity to pool resources and optimize non-production purchases in order to obtain the best service and reduce costs.<\/p>\n<p>TNT-FEDEX&#039;s offer was selected by the Measurement Network working group and allows all companies that are members of the Measurement Network to benefit from preferential rates on the following services:<\/p>\n<ul>\n<li>Package transport France<\/li>\n<li>Pallet service France offer<\/li>\n<li>International Express and Economy Express parcel offer<\/li>\n<\/ul>\n<p><em>\u00a0<\/em><\/p>\n<p><a href=\"https:\/\/www.reseau-mesure.com\/en\/tnt-2\/\"><b>Find out more ...<\/b><\/a><\/p>\n<figure itemscope itemtype=\"https:\/\/schema.org\/ImageObject\">\n\t\t\t\t<img decoding=\"async\" src=\"https:\/\/www.reseau-mesure.com\/wp-content\/uploads\/2019\/04\/LOGO.jpg\" alt=\"logo Centaure\" height=\"193\" width=\"392\" title=\"centaur logo\" onerror=\"this.style.display='none'\" loading=\"lazy\" \/>\n\t<\/figure>\n\t<h2>CENTAUR<\/h2>\n<p>As part of the work of the \u201cThe Road and the Company\u201d group, the R\u00e9seau Mesure and the CIFL offer their members road safety training at discounted rates.<\/p>\n<p><b>For the companies of the Measurement Network and CIFL, the road risk is identified in their single document as a major risk.<\/b><\/p>\n<p>4 possibilit\u00e9s de formation sont \u00e0 disposition des adh\u00e9rents sur 1 journ\u00e9e, 2 jours ou une \u00ab\u00a0 journ\u00e9e \u00e9quipe interne \u00bb,<\/p>\n<p>&nbsp;<\/p>\n<p><a href=\"https:\/\/www.reseau-mesure.com\/en\/securite-routiere-et-eco-conduite-2\/\"><b>Find out more ...<\/b><\/a><\/p>\n\t\t\t<a href=\"mailto:confray@reseau-mesure.com\"  target=\"_blank\" rel=\"noopener\">\n\t\t\t\t\t\t\tTo register\n\t\t\t\t\t<\/a>\n<figure itemscope itemtype=\"https:\/\/schema.org\/ImageObject\">\n\t\t\t\t<img decoding=\"async\" src=\"https:\/\/www.reseau-mesure.com\/wp-content\/uploads\/2019\/04\/HAXONEO-taille-web.jpg\" alt=\"HAXONEO taille web\" height=\"91\" width=\"320\" title=\"HAXONEO web size\" onerror=\"this.style.display='none'\" loading=\"lazy\" \/>\n\t<\/figure>\n\tHAXONEO<br \/>\n<strong><br \/>\nReduce your costs and simplify your purchases with Haxoneo ...<br \/>\n<\/strong>Office environment - packaging - maintenance and upkeep of premises - vehicles and transport, etc.\n<strong>Time saving<\/strong><br \/>\nA single multi-supplier ordering platform for all your purchases\n<strong>Control of purchasing:<\/strong><br \/>\nmonitoring of purchases made, management of favorites lists and of your various users\n<strong>Multiple choice:<\/strong><br \/>\nover 200,000 products and services from over 70 categories and 100 suppliers\n<p><a href=\"https:\/\/www.reseau-mesure.com\/en\/haxoneo\/\"><b>Find out more ...<\/b><\/a><\/p>\n\t\t\t<a href=\"https:\/\/www.reseau-mesure.com\/wp-content\/uploads\/2026\/01\/Protocole-Reseau-Mesure-2026.pdf\"  target=\"_blank\" rel=\"noopener\">\n\t\t\t\t\t\t\tDownload the protocol\n\t\t\t\t\t<\/a>\n<figure itemscope itemtype=\"https:\/\/schema.org\/ImageObject\">\n\t\t\t\t<img decoding=\"async\" src=\"https:\/\/www.reseau-mesure.com\/wp-content\/uploads\/2023\/11\/Logo_Place-des-Salaries_2023.png\" alt=\"Logo_Place des Salarie\u0301s_2023\" height=\"302\" width=\"1454\" title=\"Logo_Place des Salari\u00e9s_2023\" onerror=\"this.style.display='none'\" loading=\"lazy\" \/>\n\t<\/figure>\n\t<h2>EMPLOYEES &#039;PLACE<\/h2>\n<p>&nbsp;<\/p>\n<p>Thanks to the partnership with the Measurement Network, you can access the services of \u201cPlace des salari\u00e9es\u201d.<\/p>\n<p><b>Offer your employees the same advantages as the works councils of large groups.\u00a0<\/b><\/p>\n<ul>\n<li>more purchasing power<\/li>\n<li>more motivation<\/li>\n<li>more simplicity<\/li>\n<\/ul>\n<p><strong>From reductions on: hotels, leisure activities, holiday clubs, major sports brands, ready to wear\u2026.<\/strong><\/p>\n<p>Increase the purchasing power of your employees without paying social charges, it&#039;s possible!<\/p>\nAnd yes, you can reward your employees without either you, the employer, or them having additional costs (social charges, income tax, etc.). A system <strong>win-win<\/strong> thanks to a tool that is often misunderstood or misused.\n<p><a href=\"https:\/\/www.reseau-mesure.com\/en\/place-des-salaries\/\"><b>Find out more ...<\/b><\/a><\/p>\n\t\t\t<a href=\"https:\/\/www.reseau-mesure.com\/wp-content\/uploads\/2026\/01\/Protocole-Reseau-Mesure-2026.pdf\"  target=\"_blank\" rel=\"noopener\">\n\t\t\t\t\t\t\tDownload the protocol\n\t\t\t\t\t<\/a>\n<figure itemscope itemtype=\"https:\/\/schema.org\/ImageObject\">\n\t\t\t\t<a href=\"https:\/\/www.acavi.fr\/\"  target=\"_blank\" rel=\"noopener\"  itemprop=\"url\">\n\t\t\t\t<img decoding=\"async\" src=\"https:\/\/www.reseau-mesure.com\/wp-content\/uploads\/2020\/04\/ACAVI-logo.jpg\" alt=\"LOGO ACAVI\" height=\"568\" width=\"1649\" title=\"ACAVI logo\" onerror=\"this.style.display='none'\" loading=\"lazy\" \/>\n\t\t\t\t<\/a>\n\t<\/figure>\n\t\n<p><a href=\"https:\/\/www.reseau-mesure.com\/en\/partenaire\/?pid=566\">ACAVI &#8211; Cabinet de recrutement<\/a><\/p>\n<p>ACAVI cabinet de recrutement de profils techniques et scientifiques, propose dans le cadre du partenariat avec le R\u00e9seau Mesure, une offre de recrutement r\u00e9serv\u00e9e aux adh\u00e9rents.<\/p>\n<p><b>Contact <a href=\"mailto:christine.giovane@acavi.fr\">Christine Giovane<\/a> for more information.\u00a0<\/b><\/p>\n<p>&nbsp;<\/p>\n<figure itemscope itemtype=\"https:\/\/schema.org\/ImageObject\">\n\t\t\t\t<img decoding=\"async\" src=\"https:\/\/www.reseau-mesure.com\/wp-content\/uploads\/2023\/02\/origaly-1.jpg\" alt=\"origaly\" height=\"224\" width=\"235\" title=\"originaly\" onerror=\"this.style.display='none'\" loading=\"lazy\" \/>\n\t<\/figure>\n\t<h2>ORIGALY<\/h2>\n<p><b>Innovation financing solution<\/b><\/p>\n<p>As part of the purchasing group&#039;s work, the Measuring Network offers its members a support solution for financing innovation at preferential conditions.<\/p>\n<p>\u2013 Research Tax Credit<\/p>\n<p>\u2013 Innovation Tax Credit<\/p>\n<p>\u2013 Young Innovative Company<\/p>\n<p>\u2013 CIR &amp; CII approvals<\/p>\n<p>\u2013 Aids &amp; Subsidies<\/p>\n<p>\u2013 IP Box<\/p>\n<p><strong><a href=\"https:\/\/www.reseau-mesure.com\/en\/origaly-3\/\">Find out more ...<\/a><\/strong><\/p>\n<p>&nbsp;<\/p>\n\t\t\t<a href=\"https:\/\/www.reseau-mesure.com\/wp-content\/uploads\/2023\/09\/Offre-ORIGALY-2023-Reseau-Mesure.docx\"  target=\"_blank\" rel=\"noopener\">\n\t\t\t\t\t\t\tDownload the protocol\n\t\t\t\t\t<\/a>\n<figure itemscope itemtype=\"https:\/\/schema.org\/ImageObject\">\n\t\t\t\t<a href=\"https:\/\/www.reseau-mesure.com\/en\/simpel\/\"  target=\"_blank\" rel=\"noopener\"  itemprop=\"url\">\n\t\t\t\t<img decoding=\"async\" src=\"https:\/\/www.reseau-mesure.com\/wp-content\/uploads\/2021\/09\/SIMPEL.png\" alt=\"SIMPEL\" height=\"150\" width=\"150\" title=\"SIMPEL\" onerror=\"this.style.display='none'\" loading=\"lazy\" \/>\n\t\t\t\t<\/a>\n\t<\/figure>\n\t<h2>SIMPEL \u2013 long-term rental and subscription solutions<\/h2>\n<p>The Measurement Network has set up a partnership with\u00a0<a href=\"https:\/\/www.cleodis.com\/\">CLEODIS<\/a>\u00a0to develop your long-term rental and subscription offers: SIMPEL offer.<\/p>\n<p>The objective is to support member companies in transforming their model; to switch from transactional sales to a service economy, and thus meet new market expectations.<\/p>\n<p>Offer new services to your customers by developing your long-term rental and subscription offers.<\/p>\n<p>SIMPEL ACCOMPANIES YOU: FINANCING AND MANAGEMENT OF 100% OF THE USAGE OFFER<\/p>\n<p><b><a href=\"https:\/\/www.reseau-mesure.com\/en\/simpel\/\">Find out more ...<\/a><\/b><\/p>\n\t\t\t<a href=\"https:\/\/www.reseau-mesure.com\/wp-content\/uploads\/2026\/03\/Protocole-CLEODIS-SIMPEL-RM-CIFL-Reseau-Mesure.pdf\"  target=\"_blank\" rel=\"noopener\">\n\t\t\t\t\t\t\tDownload the protocol\n\t\t\t\t\t<\/a>\n\t\t\t<a href=\"mailto:eduflot@reseau-mesure.com\"  target=\"_self\">\n\t\t\t\t\t\t\tWould you like to join the \u201cPurchasing\u201d working group?\n\t\t\t\t\t<\/a>","protected":false},"excerpt":{"rendered":"<p>A source of additional savings MUTUAL PURCHASING A source of additional savings for members on their expenses through pooled purchasing actions managed by dedicated working groups. Pooling makes it possible to create partnerships in different fields and thus give members the opportunity to benefit from preferential rates built up thanks to ...<\/p>","protected":false},"author":685,"featured_media":0,"parent":0,"menu_order":0,"comment_status":"closed","ping_status":"closed","template":"","meta":{"_acf_changed":false,"footnotes":""},"class_list":["post-383","page","type-page","status-publish","hentry"],"acf":[],"yoast_head":"<!-- This site is optimized with the Yoast SEO plugin v27.4 - https:\/\/yoast.com\/product\/yoast-seo-wordpress\/ -->\n<title>Achats mutualis\u00e9s | Groupe Achats - R\u00e9seau Mesure<\/title>\n<meta name=\"description\" content=\"Le R\u00e9seau Mesure propose des achats mutualis\u00e9s via l&#039;action du groupe achat pour de nombreux biens ou services disponibles pour tous les adh\u00e9rents\" \/>\n<meta name=\"robots\" content=\"index, follow, max-snippet:-1, max-image-preview:large, max-video-preview:-1\" \/>\n<link rel=\"canonical\" href=\"https:\/\/www.reseau-mesure.com\/en\/achats-mutualises\/\" \/>\n<meta property=\"og:locale\" content=\"en_US\" \/>\n<meta property=\"og:type\" content=\"article\" \/>\n<meta property=\"og:title\" content=\"Achats mutualis\u00e9s\" \/>\n<meta property=\"og:description\" content=\"Actions du groupe achats\" \/>\n<meta property=\"og:url\" content=\"https:\/\/www.reseau-mesure.com\/en\/achats-mutualises\/\" \/>\n<meta property=\"og:site_name\" content=\"R\u00e9seau Mesure\" \/>\n<meta property=\"article:publisher\" content=\"https:\/\/www.facebook.com\/reseaumesure\/\" \/>\n<meta property=\"article:modified_time\" content=\"2026-03-16T11:06:38+00:00\" \/>\n<meta property=\"og:image\" content=\"https:\/\/www.reseau-mesure.com\/wp-content\/uploads\/2021\/09\/SIMPEL.png\" \/>\n<meta name=\"twitter:card\" content=\"summary_large_image\" \/>\n<meta name=\"twitter:site\" content=\"@ReseauMesure\" \/>\n<meta name=\"twitter:label1\" content=\"Est. reading time\" \/>\n\t<meta name=\"twitter:data1\" content=\"4 minutes\" \/>\n<script type=\"application\/ld+json\" class=\"yoast-schema-graph\">{\"@context\":\"https:\\\/\\\/schema.org\",\"@graph\":[{\"@type\":\"WebPage\",\"@id\":\"https:\\\/\\\/www.reseau-mesure.com\\\/achats-mutualises\\\/\",\"url\":\"https:\\\/\\\/www.reseau-mesure.com\\\/achats-mutualises\\\/\",\"name\":\"Achats mutualis\u00e9s | Groupe Achats - R\u00e9seau Mesure\",\"isPartOf\":{\"@id\":\"https:\\\/\\\/www.reseau-mesure.com\\\/#website\"},\"primaryImageOfPage\":{\"@id\":\"https:\\\/\\\/www.reseau-mesure.com\\\/achats-mutualises\\\/#primaryimage\"},\"image\":{\"@id\":\"https:\\\/\\\/www.reseau-mesure.com\\\/achats-mutualises\\\/#primaryimage\"},\"thumbnailUrl\":\"https:\\\/\\\/www.reseau-mesure.com\\\/wp-content\\\/uploads\\\/2021\\\/09\\\/SIMPEL.png\",\"datePublished\":\"2017-12-12T20:09:58+00:00\",\"dateModified\":\"2026-03-16T11:06:38+00:00\",\"description\":\"Le R\u00e9seau Mesure propose des achats mutualis\u00e9s via l'action du groupe achat pour de nombreux biens ou services disponibles pour tous les adh\u00e9rents\",\"breadcrumb\":{\"@id\":\"https:\\\/\\\/www.reseau-mesure.com\\\/achats-mutualises\\\/#breadcrumb\"},\"inLanguage\":\"en-US\",\"potentialAction\":[{\"@type\":\"ReadAction\",\"target\":[\"https:\\\/\\\/www.reseau-mesure.com\\\/achats-mutualises\\\/\"]}]},{\"@type\":\"ImageObject\",\"inLanguage\":\"en-US\",\"@id\":\"https:\\\/\\\/www.reseau-mesure.com\\\/achats-mutualises\\\/#primaryimage\",\"url\":\"https:\\\/\\\/www.reseau-mesure.com\\\/wp-content\\\/uploads\\\/2021\\\/09\\\/SIMPEL.png\",\"contentUrl\":\"https:\\\/\\\/www.reseau-mesure.com\\\/wp-content\\\/uploads\\\/2021\\\/09\\\/SIMPEL.png\"},{\"@type\":\"BreadcrumbList\",\"@id\":\"https:\\\/\\\/www.reseau-mesure.com\\\/achats-mutualises\\\/#breadcrumb\",\"itemListElement\":[{\"@type\":\"ListItem\",\"position\":1,\"name\":\"Accueil\",\"item\":\"https:\\\/\\\/www.reseau-mesure.com\\\/\"},{\"@type\":\"ListItem\",\"position\":2,\"name\":\"Achats mutualis\u00e9s | Groupe Achats\"}]},{\"@type\":\"WebSite\",\"@id\":\"https:\\\/\\\/www.reseau-mesure.com\\\/#website\",\"url\":\"https:\\\/\\\/www.reseau-mesure.com\\\/\",\"name\":\"R\u00e9seau-Mesure\",\"description\":\"R\u00e9seau Mesure\",\"publisher\":{\"@id\":\"https:\\\/\\\/www.reseau-mesure.com\\\/#organization\"},\"potentialAction\":[{\"@type\":\"SearchAction\",\"target\":{\"@type\":\"EntryPoint\",\"urlTemplate\":\"https:\\\/\\\/www.reseau-mesure.com\\\/?s={search_term_string}\"},\"query-input\":{\"@type\":\"PropertyValueSpecification\",\"valueRequired\":true,\"valueName\":\"search_term_string\"}}],\"inLanguage\":\"en-US\"},{\"@type\":\"Organization\",\"@id\":\"https:\\\/\\\/www.reseau-mesure.com\\\/#organization\",\"name\":\"R\u00e9seau-Mesure\",\"url\":\"https:\\\/\\\/www.reseau-mesure.com\\\/\",\"logo\":{\"@type\":\"ImageObject\",\"inLanguage\":\"en-US\",\"@id\":\"https:\\\/\\\/www.reseau-mesure.com\\\/#\\\/schema\\\/logo\\\/image\\\/\",\"url\":\"https:\\\/\\\/www.reseau-mesure.com\\\/wp-content\\\/uploads\\\/2018\\\/02\\\/logo-max.png\",\"contentUrl\":\"https:\\\/\\\/www.reseau-mesure.com\\\/wp-content\\\/uploads\\\/2018\\\/02\\\/logo-max.png\",\"width\":545,\"height\":285,\"caption\":\"R\u00e9seau-Mesure\"},\"image\":{\"@id\":\"https:\\\/\\\/www.reseau-mesure.com\\\/#\\\/schema\\\/logo\\\/image\\\/\"},\"sameAs\":[\"https:\\\/\\\/www.facebook.com\\\/reseaumesure\\\/\",\"https:\\\/\\\/x.com\\\/ReseauMesure\",\"https:\\\/\\\/www.linkedin.com\\\/company\\\/reseau-mesure\\\/\"]}]}<\/script>\n<!-- \/ Yoast SEO plugin. -->","yoast_head_json":{"title":"Achats mutualis\u00e9s | Groupe Achats - R\u00e9seau Mesure","description":"Le R\u00e9seau Mesure propose des achats mutualis\u00e9s via l'action du groupe achat pour de nombreux biens ou services disponibles pour tous les adh\u00e9rents","robots":{"index":"index","follow":"follow","max-snippet":"max-snippet:-1","max-image-preview":"max-image-preview:large","max-video-preview":"max-video-preview:-1"},"canonical":"https:\/\/www.reseau-mesure.com\/en\/achats-mutualises\/","og_locale":"en_US","og_type":"article","og_title":"Achats mutualis\u00e9s","og_description":"Actions du groupe achats","og_url":"https:\/\/www.reseau-mesure.com\/en\/achats-mutualises\/","og_site_name":"R\u00e9seau Mesure","article_publisher":"https:\/\/www.facebook.com\/reseaumesure\/","article_modified_time":"2026-03-16T11:06:38+00:00","og_image":[{"url":"https:\/\/www.reseau-mesure.com\/wp-content\/uploads\/2021\/09\/SIMPEL.png","type":"","width":"","height":""}],"twitter_card":"summary_large_image","twitter_site":"@ReseauMesure","twitter_misc":{"Est. reading time":"4 minutes"},"schema":{"@context":"https:\/\/schema.org","@graph":[{"@type":"WebPage","@id":"https:\/\/www.reseau-mesure.com\/achats-mutualises\/","url":"https:\/\/www.reseau-mesure.com\/achats-mutualises\/","name":"Achats mutualis\u00e9s | Groupe Achats - R\u00e9seau Mesure","isPartOf":{"@id":"https:\/\/www.reseau-mesure.com\/#website"},"primaryImageOfPage":{"@id":"https:\/\/www.reseau-mesure.com\/achats-mutualises\/#primaryimage"},"image":{"@id":"https:\/\/www.reseau-mesure.com\/achats-mutualises\/#primaryimage"},"thumbnailUrl":"https:\/\/www.reseau-mesure.com\/wp-content\/uploads\/2021\/09\/SIMPEL.png","datePublished":"2017-12-12T20:09:58+00:00","dateModified":"2026-03-16T11:06:38+00:00","description":"Le R\u00e9seau Mesure propose des achats mutualis\u00e9s via l'action du groupe achat pour de nombreux biens ou services disponibles pour tous les adh\u00e9rents","breadcrumb":{"@id":"https:\/\/www.reseau-mesure.com\/achats-mutualises\/#breadcrumb"},"inLanguage":"en-US","potentialAction":[{"@type":"ReadAction","target":["https:\/\/www.reseau-mesure.com\/achats-mutualises\/"]}]},{"@type":"ImageObject","inLanguage":"en-US","@id":"https:\/\/www.reseau-mesure.com\/achats-mutualises\/#primaryimage","url":"https:\/\/www.reseau-mesure.com\/wp-content\/uploads\/2021\/09\/SIMPEL.png","contentUrl":"https:\/\/www.reseau-mesure.com\/wp-content\/uploads\/2021\/09\/SIMPEL.png"},{"@type":"BreadcrumbList","@id":"https:\/\/www.reseau-mesure.com\/achats-mutualises\/#breadcrumb","itemListElement":[{"@type":"ListItem","position":1,"name":"Accueil","item":"https:\/\/www.reseau-mesure.com\/"},{"@type":"ListItem","position":2,"name":"Achats mutualis\u00e9s | Groupe Achats"}]},{"@type":"WebSite","@id":"https:\/\/www.reseau-mesure.com\/#website","url":"https:\/\/www.reseau-mesure.com\/","name":"R\u00e9seau-Mesure","description":"Network Measure","publisher":{"@id":"https:\/\/www.reseau-mesure.com\/#organization"},"potentialAction":[{"@type":"SearchAction","target":{"@type":"EntryPoint","urlTemplate":"https:\/\/www.reseau-mesure.com\/?s={search_term_string}"},"query-input":{"@type":"PropertyValueSpecification","valueRequired":true,"valueName":"search_term_string"}}],"inLanguage":"en-US"},{"@type":"Organization","@id":"https:\/\/www.reseau-mesure.com\/#organization","name":"R\u00e9seau-Mesure","url":"https:\/\/www.reseau-mesure.com\/","logo":{"@type":"ImageObject","inLanguage":"en-US","@id":"https:\/\/www.reseau-mesure.com\/#\/schema\/logo\/image\/","url":"https:\/\/www.reseau-mesure.com\/wp-content\/uploads\/2018\/02\/logo-max.png","contentUrl":"https:\/\/www.reseau-mesure.com\/wp-content\/uploads\/2018\/02\/logo-max.png","width":545,"height":285,"caption":"R\u00e9seau-Mesure"},"image":{"@id":"https:\/\/www.reseau-mesure.com\/#\/schema\/logo\/image\/"},"sameAs":["https:\/\/www.facebook.com\/reseaumesure\/","https:\/\/x.com\/ReseauMesure","https:\/\/www.linkedin.com\/company\/reseau-mesure\/"]}]}},"_links":{"self":[{"href":"https:\/\/www.reseau-mesure.com\/en\/wp-json\/wp\/v2\/pages\/383","targetHints":{"allow":["GET"]}}],"collection":[{"href":"https:\/\/www.reseau-mesure.com\/en\/wp-json\/wp\/v2\/pages"}],"about":[{"href":"https:\/\/www.reseau-mesure.com\/en\/wp-json\/wp\/v2\/types\/page"}],"author":[{"embeddable":true,"href":"https:\/\/www.reseau-mesure.com\/en\/wp-json\/wp\/v2\/users\/685"}],"replies":[{"embeddable":true,"href":"https:\/\/www.reseau-mesure.com\/en\/wp-json\/wp\/v2\/comments?post=383"}],"version-history":[{"count":5,"href":"https:\/\/www.reseau-mesure.com\/en\/wp-json\/wp\/v2\/pages\/383\/revisions"}],"predecessor-version":[{"id":30348,"href":"https:\/\/www.reseau-mesure.com\/en\/wp-json\/wp\/v2\/pages\/383\/revisions\/30348"}],"wp:attachment":[{"href":"https:\/\/www.reseau-mesure.com\/en\/wp-json\/wp\/v2\/media?parent=383"}],"curies":[{"name":"wp","href":"https:\/\/api.w.org\/{rel}","templated":true}]}}