{"id":390,"date":"2017-12-12T21:14:56","date_gmt":"2017-12-12T20:14:56","guid":{"rendered":"http:\/\/reseau-mesure.fr\/?page_id=390"},"modified":"2026-04-03T11:34:57","modified_gmt":"2026-04-03T09:34:57","slug":"communication","status":"publish","type":"page","link":"https:\/\/www.reseau-mesure.com\/en\/communication\/","title":{"rendered":"Communication"},"content":{"rendered":"<h1>\n\t\t\t\tWeb and print Communication\n\t\t<\/h1>\n\t<h2><b>Amplify its communication with controlled budgets.<\/b><\/h2>\n<em>\u201cThanks to the Measurement Network I was able to benefit from <b>very competitive rates <\/b>to develop the <b>visibility<\/b> of my company and my products on industrial web portals. Moreover, I can <b>broadcast for free <\/b>information relayed in the specialized press within the framework of the partnerships of the R\u00e9seau Mesure Media Plan, I <b>so reduce my costs <\/b>of advertising publications. &quot;<\/em><br \/>\n<strong><em>Christophe Bracon - WIMESURE<\/em><\/strong>\n<h2><b>A dedicated working group<\/b><\/h2>\n<ul>\n<li>Development of a training plan for members<\/li>\n<li>An exchange of experiences<\/li>\n<li>Interventions with specialists to develop your digital action plan<\/li>\n<\/ul>\n<h2><b>Communication for members on the Measurement Network website and on LinkedIn<\/b><\/h2>\n<ul>\n<li>Amplify your SEO<\/li>\n<li>Develop your image<\/li>\n<\/ul>\n<h2><b>Amplified digital communication thanks to the media plan of the Measurement Network<\/b><\/h2>\n\t<p>&nbsp;<\/p>\n<p><strong>Le R\u00e9seau Mesure vous permet de b\u00e9n\u00e9ficier de tarifs pr\u00e9f\u00e9rentiels et d&rsquo;opportunit\u00e9s de communication privil\u00e9gi\u00e9es avec nos 20 partenaires : un partenariat presse \/ web<\/strong><\/p>\n\t<p>\u2022 Virtual stands \u2022 Advertorials \u2022 Emailing \u2022 Specific offer in the classified market Measures \u2022 Thrown inserts \u2022 Newsletter routing \u2022 Web product presence \u2022 Advertising banners \u2022 Audits and website creation \u2022 Digital communication strategy support \u2022 Video portraits of companies\u2026.<\/p>\n<figure itemscope itemtype=\"https:\/\/schema.org\/ImageObject\">\n\t\t\t\t<img decoding=\"async\" src=\"https:\/\/www.reseau-mesure.com\/wp-content\/uploads\/2024\/01\/partenaires-logos-2024-300x197.jpg\" alt=\"partenaires logos 2024\" height=\"197\" width=\"300\" title=\"partners PRESS logos 2024\" onerror=\"this.style.display='none'\" loading=\"lazy\" \/>\n\t<\/figure>\n\t<p><strong>Pour d\u00e9couvrir le<\/strong><strong><a href=\"https:\/\/www.reseau-mesure.com\/en\/livre-blanc\/\" target=\"_blank\" rel=\"noopener\">\u00a0LI<\/a>WHITE VRE<\/strong><\/p>\n<p><strong><a href=\"https:\/\/www.reseau-mesure.com\/en\/livre-blanc\/\" target=\"_blank\" rel=\"noopener\">of the Measurement Network, click here.\u00a0<\/a><\/strong><\/p>\n<figure itemscope itemtype=\"https:\/\/schema.org\/ImageObject\">\n\t\t\t\t<a href=\"https:\/\/www.reseau-mesure.com\/en\/livre-les-savoir-faire-du-reseau-mesure-volume-1\/\"  target=\"_self\" itemprop=\"url\">\n\t\t\t\t<img decoding=\"async\" src=\"https:\/\/www.reseau-mesure.com\/wp-content\/uploads\/2020\/12\/Pages-de-Les-savoir-faire-du-Reseau-Mesure-Volume-1-211x300.jpg\" alt=\"Couverture les savoir-faire du R\u00e9seau Mesure\" height=\"300\" width=\"211\" title=\"Measurement Network know-how pages - Volume 1\" onerror=\"this.style.display='none'\" loading=\"lazy\" \/>\n\t\t\t\t<\/a>\n\t<\/figure>\n<figure itemscope itemtype=\"https:\/\/schema.org\/ImageObject\">\n\t\t\t\t<a href=\"https:\/\/www.reseau-mesure.com\/wp-content\/uploads\/2021\/04\/partenariat-transat-JV-3.pdf\"  target=\"_blank\" rel=\"noopener\"  itemprop=\"url\">\n\t\t\t\t<img decoding=\"async\" src=\"https:\/\/www.reseau-mesure.com\/wp-content\/uploads\/2021\/04\/bateau-300x222.png\" alt=\"Transat Jacques Vabre\" height=\"222\" width=\"300\" title=\"Transat Jacques Vabre\" onerror=\"this.style.display='none'\" loading=\"lazy\" \/>\n\t\t\t\t<\/a>\n\t<\/figure>\n<figure itemscope itemtype=\"https:\/\/schema.org\/ImageObject\">\n\t\t\t\t<img decoding=\"async\" src=\"https:\/\/www.reseau-mesure.com\/wp-content\/uploads\/2021\/04\/photo_1-300x225.jpg\" alt=\"Philippe Balamoutoff - SIKA\" height=\"225\" width=\"300\" title=\"Philippe Balamoutoff - SIKA\" onerror=\"this.style.display='none'\" loading=\"lazy\" \/>\n\t<\/figure>\n<figure itemscope itemtype=\"https:\/\/schema.org\/ImageObject\">\n\t\t\t\t<img decoding=\"async\" src=\"https:\/\/www.reseau-mesure.com\/wp-content\/plugins\/bb-plugin\/img\/pixel.png\" alt=\"\" onerror=\"this.style.display='none'\" loading=\"lazy\" \/>\n\t<\/figure>\n\t<h4><strong>Sponsorship - Transat Jacques Vabre<\/strong><\/h4>\n<strong>Why invest in ocean racing?<\/strong>\n\u2713 Develop a feeling of belonging around a common challenge for your employees and your<br \/>\npartners<br \/>\n\u2713 Share a vision, motivate teams<br \/>\n\u2713 Promote your brand<br \/>\n\u2713 Maintain your relationships with your customers\n<a href=\"https:\/\/www.reseau-mesure.com\/wp-content\/uploads\/2021\/04\/partenariat-transat-JV-3.pdf\"><strong>&gt;&gt; Partnership file &lt;&lt;&lt;<\/strong><\/a>\n<p>&nbsp;<\/p>\n\t<h5><strong>Testimony of Philippe Balamoutoff - SIKA France<\/strong><\/h5>\n\t<p>\u201cI learned about Sebastien Desquesses&#039; project and found many similarities with our daily life:<\/p>\n<p>&nbsp;<\/p>\n<ul>\n<li><strong>Prepare and commit<\/strong>\u00a0to obtain the best result taking into account all possible hazards\u2026.<\/li>\n<\/ul>\nIn addition to this, you need to know more about it.\n<ul>\n<li>For this deckchair it is\u00a0<strong>practice<\/strong>, prepare the material,\u00a0<strong>find the budget<\/strong>\u00a0necessary, ignore the weather conditions and the limit of equipment ...<\/li>\n<\/ul>\nIn addition to this, you need to know more about it.\n<figure itemscope itemtype=\"https:\/\/schema.org\/ImageObject\">\n\t\t\t\t<a href=\"https:\/\/www.reseau-mesure.com\/wp-content\/uploads\/2021\/04\/partenariat-transat-JV-3.pdf\"  target=\"_blank\" rel=\"noopener\"  itemprop=\"url\">\n\t\t\t\t<img decoding=\"async\" src=\"https:\/\/www.reseau-mesure.com\/wp-content\/uploads\/2021\/04\/SPIRIT-OF-SAINT-MALO.jpg\" alt=\"SPIRIT OF SAINT MALO\" height=\"480\" width=\"640\" title=\"SPIRIT OF SAINT MALO\" onerror=\"this.style.display='none'\" loading=\"lazy\" \/>\n\t\t\t\t<\/a>\n\t<\/figure>\n<ul>\n<li>For us,\u00a0<strong>recruit, train, monitor, implement the right orientations, correct<\/strong>\u00a0management according to the situations encountered\u2026.<\/li>\n<\/ul>\n<p>In addition to this, you need to know more about it.<\/p>\n<p>In both cases, integrate the rules applied to mechanics, physics and others ...<\/p>\n<p>&nbsp;<\/p>\n<p><strong>I therefore support this project<\/strong>\u00a0because beyond the technical and operational qualities,\u00a0<strong>it takes clairvoyance and daring to put yourself on the starting line of such a competition which brings together the best.<\/strong>&quot;\u00a0<\/p>\n\t<p><strong>A different way of communicating and motivating teams!<\/strong><\/p>\n<figure itemscope itemtype=\"https:\/\/schema.org\/ImageObject\">\n\t\t\t\t<img decoding=\"async\" src=\"https:\/\/www.reseau-mesure.com\/wp-content\/plugins\/bb-plugin\/img\/pixel.png\" alt=\"\" onerror=\"this.style.display='none'\" loading=\"lazy\" \/>\n\t<\/figure>\n\t<p><strong>Do you use Digital Communication or want to develop it for your business?<\/strong><\/p>\n<p><a href=\"mailto:eduflot@reseau-mesure.com\">Join the &quot;Digital Communication&quot; working group<\/a>, a space for exchanges and <a href=\"https:\/\/www.reseau-mesure.com\/en\/formation\/\">training<\/a>.<\/p>","protected":false},"excerpt":{"rendered":"<p>Web and print Communication Increase your communication with controlled budgets. \u201cThanks to the Measurement Network, I was able to benefit from very competitive prices to develop the visibility of my company and my products on industrial web portals. In addition, I can distribute free of charge information relayed in the specialized press within the framework of\u2026<\/p>","protected":false},"author":685,"featured_media":0,"parent":0,"menu_order":0,"comment_status":"closed","ping_status":"closed","template":"","meta":{"_acf_changed":false,"footnotes":""},"class_list":["post-390","page","type-page","status-publish","hentry"],"acf":[],"yoast_head":"<!-- This site is optimized with the Yoast SEO plugin v27.3 - https:\/\/yoast.com\/product\/yoast-seo-wordpress\/ -->\n<title>Communication - R\u00e9seau Mesure<\/title>\n<meta name=\"description\" content=\"Retrouvez l&#039;ensemble des actions de communication propos\u00e9es aux adh\u00e9rents par le R\u00e9seau Mesure (plan m\u00e9dia, tarifs pr\u00e9f\u00e9rentiels, etc.).\" \/>\n<meta name=\"robots\" content=\"index, follow, max-snippet:-1, max-image-preview:large, max-video-preview:-1\" \/>\n<link rel=\"canonical\" href=\"https:\/\/www.reseau-mesure.com\/en\/communication\/\" \/>\n<meta property=\"og:locale\" content=\"en_US\" \/>\n<meta property=\"og:type\" content=\"article\" \/>\n<meta property=\"og:title\" content=\"Communication - R\u00e9seau Mesure\" \/>\n<meta property=\"og:description\" content=\"Retrouvez l&#039;ensemble des actions de communication propos\u00e9es aux adh\u00e9rents par le R\u00e9seau Mesure (plan m\u00e9dia, tarifs pr\u00e9f\u00e9rentiels, etc.).\" \/>\n<meta property=\"og:url\" content=\"https:\/\/www.reseau-mesure.com\/en\/communication\/\" \/>\n<meta property=\"og:site_name\" content=\"R\u00e9seau Mesure\" \/>\n<meta property=\"article:publisher\" content=\"https:\/\/www.facebook.com\/reseaumesure\/\" \/>\n<meta property=\"article:modified_time\" content=\"2026-04-03T09:34:57+00:00\" \/>\n<meta property=\"og:image\" content=\"https:\/\/www.reseau-mesure.com\/wp-content\/uploads\/2024\/01\/partenaires-logos-2024-300x197.jpg\" \/>\n<meta name=\"twitter:card\" content=\"summary_large_image\" \/>\n<meta name=\"twitter:site\" content=\"@ReseauMesure\" \/>\n<meta name=\"twitter:label1\" content=\"Est. reading time\" \/>\n\t<meta name=\"twitter:data1\" content=\"7 minutes\" \/>\n<script type=\"application\/ld+json\" class=\"yoast-schema-graph\">{\"@context\":\"https:\\\/\\\/schema.org\",\"@graph\":[{\"@type\":\"WebPage\",\"@id\":\"https:\\\/\\\/www.reseau-mesure.com\\\/communication\\\/\",\"url\":\"https:\\\/\\\/www.reseau-mesure.com\\\/communication\\\/\",\"name\":\"Communication - R\u00e9seau Mesure\",\"isPartOf\":{\"@id\":\"https:\\\/\\\/www.reseau-mesure.com\\\/#website\"},\"primaryImageOfPage\":{\"@id\":\"https:\\\/\\\/www.reseau-mesure.com\\\/communication\\\/#primaryimage\"},\"image\":{\"@id\":\"https:\\\/\\\/www.reseau-mesure.com\\\/communication\\\/#primaryimage\"},\"thumbnailUrl\":\"https:\\\/\\\/www.reseau-mesure.com\\\/wp-content\\\/uploads\\\/2024\\\/01\\\/partenaires-logos-2024-300x197.jpg\",\"datePublished\":\"2017-12-12T20:14:56+00:00\",\"dateModified\":\"2026-04-03T09:34:57+00:00\",\"description\":\"Retrouvez l'ensemble des actions de communication propos\u00e9es aux adh\u00e9rents par le R\u00e9seau Mesure (plan m\u00e9dia, tarifs pr\u00e9f\u00e9rentiels, etc.).\",\"breadcrumb\":{\"@id\":\"https:\\\/\\\/www.reseau-mesure.com\\\/communication\\\/#breadcrumb\"},\"inLanguage\":\"en-US\",\"potentialAction\":[{\"@type\":\"ReadAction\",\"target\":[\"https:\\\/\\\/www.reseau-mesure.com\\\/communication\\\/\"]}]},{\"@type\":\"ImageObject\",\"inLanguage\":\"en-US\",\"@id\":\"https:\\\/\\\/www.reseau-mesure.com\\\/communication\\\/#primaryimage\",\"url\":\"https:\\\/\\\/www.reseau-mesure.com\\\/wp-content\\\/uploads\\\/2024\\\/01\\\/partenaires-logos-2024-300x197.jpg\",\"contentUrl\":\"https:\\\/\\\/www.reseau-mesure.com\\\/wp-content\\\/uploads\\\/2024\\\/01\\\/partenaires-logos-2024-300x197.jpg\"},{\"@type\":\"BreadcrumbList\",\"@id\":\"https:\\\/\\\/www.reseau-mesure.com\\\/communication\\\/#breadcrumb\",\"itemListElement\":[{\"@type\":\"ListItem\",\"position\":1,\"name\":\"Accueil\",\"item\":\"https:\\\/\\\/www.reseau-mesure.com\\\/\"},{\"@type\":\"ListItem\",\"position\":2,\"name\":\"Communication\"}]},{\"@type\":\"WebSite\",\"@id\":\"https:\\\/\\\/www.reseau-mesure.com\\\/#website\",\"url\":\"https:\\\/\\\/www.reseau-mesure.com\\\/\",\"name\":\"R\u00e9seau-Mesure\",\"description\":\"R\u00e9seau Mesure\",\"publisher\":{\"@id\":\"https:\\\/\\\/www.reseau-mesure.com\\\/#organization\"},\"potentialAction\":[{\"@type\":\"SearchAction\",\"target\":{\"@type\":\"EntryPoint\",\"urlTemplate\":\"https:\\\/\\\/www.reseau-mesure.com\\\/?s={search_term_string}\"},\"query-input\":{\"@type\":\"PropertyValueSpecification\",\"valueRequired\":true,\"valueName\":\"search_term_string\"}}],\"inLanguage\":\"en-US\"},{\"@type\":\"Organization\",\"@id\":\"https:\\\/\\\/www.reseau-mesure.com\\\/#organization\",\"name\":\"R\u00e9seau-Mesure\",\"url\":\"https:\\\/\\\/www.reseau-mesure.com\\\/\",\"logo\":{\"@type\":\"ImageObject\",\"inLanguage\":\"en-US\",\"@id\":\"https:\\\/\\\/www.reseau-mesure.com\\\/#\\\/schema\\\/logo\\\/image\\\/\",\"url\":\"https:\\\/\\\/www.reseau-mesure.com\\\/wp-content\\\/uploads\\\/2018\\\/02\\\/logo-max.png\",\"contentUrl\":\"https:\\\/\\\/www.reseau-mesure.com\\\/wp-content\\\/uploads\\\/2018\\\/02\\\/logo-max.png\",\"width\":545,\"height\":285,\"caption\":\"R\u00e9seau-Mesure\"},\"image\":{\"@id\":\"https:\\\/\\\/www.reseau-mesure.com\\\/#\\\/schema\\\/logo\\\/image\\\/\"},\"sameAs\":[\"https:\\\/\\\/www.facebook.com\\\/reseaumesure\\\/\",\"https:\\\/\\\/x.com\\\/ReseauMesure\",\"https:\\\/\\\/www.linkedin.com\\\/company\\\/reseau-mesure\\\/\"]}]}<\/script>\n<!-- \/ Yoast SEO plugin. -->","yoast_head_json":{"title":"Communication - R\u00e9seau Mesure","description":"Retrouvez l'ensemble des actions de communication propos\u00e9es aux adh\u00e9rents par le R\u00e9seau Mesure (plan m\u00e9dia, tarifs pr\u00e9f\u00e9rentiels, etc.).","robots":{"index":"index","follow":"follow","max-snippet":"max-snippet:-1","max-image-preview":"max-image-preview:large","max-video-preview":"max-video-preview:-1"},"canonical":"https:\/\/www.reseau-mesure.com\/en\/communication\/","og_locale":"en_US","og_type":"article","og_title":"Communication - R\u00e9seau Mesure","og_description":"Retrouvez l'ensemble des actions de communication propos\u00e9es aux adh\u00e9rents par le R\u00e9seau Mesure (plan m\u00e9dia, tarifs pr\u00e9f\u00e9rentiels, etc.).","og_url":"https:\/\/www.reseau-mesure.com\/en\/communication\/","og_site_name":"R\u00e9seau Mesure","article_publisher":"https:\/\/www.facebook.com\/reseaumesure\/","article_modified_time":"2026-04-03T09:34:57+00:00","og_image":[{"url":"https:\/\/www.reseau-mesure.com\/wp-content\/uploads\/2024\/01\/partenaires-logos-2024-300x197.jpg","type":"","width":"","height":""}],"twitter_card":"summary_large_image","twitter_site":"@ReseauMesure","twitter_misc":{"Est. reading time":"7 minutes"},"schema":{"@context":"https:\/\/schema.org","@graph":[{"@type":"WebPage","@id":"https:\/\/www.reseau-mesure.com\/communication\/","url":"https:\/\/www.reseau-mesure.com\/communication\/","name":"Communication - R\u00e9seau Mesure","isPartOf":{"@id":"https:\/\/www.reseau-mesure.com\/#website"},"primaryImageOfPage":{"@id":"https:\/\/www.reseau-mesure.com\/communication\/#primaryimage"},"image":{"@id":"https:\/\/www.reseau-mesure.com\/communication\/#primaryimage"},"thumbnailUrl":"https:\/\/www.reseau-mesure.com\/wp-content\/uploads\/2024\/01\/partenaires-logos-2024-300x197.jpg","datePublished":"2017-12-12T20:14:56+00:00","dateModified":"2026-04-03T09:34:57+00:00","description":"Retrouvez l'ensemble des actions de communication propos\u00e9es aux adh\u00e9rents par le R\u00e9seau Mesure (plan m\u00e9dia, tarifs pr\u00e9f\u00e9rentiels, etc.).","breadcrumb":{"@id":"https:\/\/www.reseau-mesure.com\/communication\/#breadcrumb"},"inLanguage":"en-US","potentialAction":[{"@type":"ReadAction","target":["https:\/\/www.reseau-mesure.com\/communication\/"]}]},{"@type":"ImageObject","inLanguage":"en-US","@id":"https:\/\/www.reseau-mesure.com\/communication\/#primaryimage","url":"https:\/\/www.reseau-mesure.com\/wp-content\/uploads\/2024\/01\/partenaires-logos-2024-300x197.jpg","contentUrl":"https:\/\/www.reseau-mesure.com\/wp-content\/uploads\/2024\/01\/partenaires-logos-2024-300x197.jpg"},{"@type":"BreadcrumbList","@id":"https:\/\/www.reseau-mesure.com\/communication\/#breadcrumb","itemListElement":[{"@type":"ListItem","position":1,"name":"Accueil","item":"https:\/\/www.reseau-mesure.com\/"},{"@type":"ListItem","position":2,"name":"Communication"}]},{"@type":"WebSite","@id":"https:\/\/www.reseau-mesure.com\/#website","url":"https:\/\/www.reseau-mesure.com\/","name":"R\u00e9seau-Mesure","description":"Network Measure","publisher":{"@id":"https:\/\/www.reseau-mesure.com\/#organization"},"potentialAction":[{"@type":"SearchAction","target":{"@type":"EntryPoint","urlTemplate":"https:\/\/www.reseau-mesure.com\/?s={search_term_string}"},"query-input":{"@type":"PropertyValueSpecification","valueRequired":true,"valueName":"search_term_string"}}],"inLanguage":"en-US"},{"@type":"Organization","@id":"https:\/\/www.reseau-mesure.com\/#organization","name":"R\u00e9seau-Mesure","url":"https:\/\/www.reseau-mesure.com\/","logo":{"@type":"ImageObject","inLanguage":"en-US","@id":"https:\/\/www.reseau-mesure.com\/#\/schema\/logo\/image\/","url":"https:\/\/www.reseau-mesure.com\/wp-content\/uploads\/2018\/02\/logo-max.png","contentUrl":"https:\/\/www.reseau-mesure.com\/wp-content\/uploads\/2018\/02\/logo-max.png","width":545,"height":285,"caption":"R\u00e9seau-Mesure"},"image":{"@id":"https:\/\/www.reseau-mesure.com\/#\/schema\/logo\/image\/"},"sameAs":["https:\/\/www.facebook.com\/reseaumesure\/","https:\/\/x.com\/ReseauMesure","https:\/\/www.linkedin.com\/company\/reseau-mesure\/"]}]}},"_links":{"self":[{"href":"https:\/\/www.reseau-mesure.com\/en\/wp-json\/wp\/v2\/pages\/390","targetHints":{"allow":["GET"]}}],"collection":[{"href":"https:\/\/www.reseau-mesure.com\/en\/wp-json\/wp\/v2\/pages"}],"about":[{"href":"https:\/\/www.reseau-mesure.com\/en\/wp-json\/wp\/v2\/types\/page"}],"author":[{"embeddable":true,"href":"https:\/\/www.reseau-mesure.com\/en\/wp-json\/wp\/v2\/users\/685"}],"replies":[{"embeddable":true,"href":"https:\/\/www.reseau-mesure.com\/en\/wp-json\/wp\/v2\/comments?post=390"}],"version-history":[{"count":3,"href":"https:\/\/www.reseau-mesure.com\/en\/wp-json\/wp\/v2\/pages\/390\/revisions"}],"predecessor-version":[{"id":30546,"href":"https:\/\/www.reseau-mesure.com\/en\/wp-json\/wp\/v2\/pages\/390\/revisions\/30546"}],"wp:attachment":[{"href":"https:\/\/www.reseau-mesure.com\/en\/wp-json\/wp\/v2\/media?parent=390"}],"curies":[{"name":"wp","href":"https:\/\/api.w.org\/{rel}","templated":true}]}}