{"id":52,"date":"2017-10-30T18:37:44","date_gmt":"2017-10-30T17:37:44","guid":{"rendered":"http:\/\/reseau-mesure.fr\/?page_id=52"},"modified":"2020-03-03T16:31:08","modified_gmt":"2020-03-03T15:31:08","slug":"mentions-legales","status":"publish","type":"page","link":"https:\/\/www.reseau-mesure.com\/en\/mentions-legales\/","title":{"rendered":"Legal Notice"},"content":{"rendered":"<h1 >\n\t\t\tLegal Notice\n\t\t<\/h1>\n\t<h2>Please read these terms of use of this site carefully before browsing it. By connecting to this site, you fully accept these terms and conditions.<\/h2>\n\t<p><strong>Site editor<\/strong><\/p>\n<p><strong>Measurement Network Association<\/strong><\/p>\n<p>Address :<\/p>\nc \/ o CCI VAL D&#039;OISE<br \/>\n35 Bld du Port - Cap Cergy<br \/>\nBuilding C1 - CS 20209<br \/>\n95031 CERGY PONTOISE Cedex\n<p>Phone: 09 54 64 45 56<\/p>\n<p>Association law 1901 - Registered on J0 20020019 published on May 11, 2002 - Code SIREN 444 837 504<\/p>\n<p>CNIL declaration number: 2001254V0<\/p>\n<p><strong>Terms of use<\/strong><\/p>\nThe site accessible by the following urls: www.reseau-mesure.com is operated in compliance with French legislation. The use of this site is governed by these general conditions. By using the site, you acknowledge having read these conditions and have accepted them. These can be modified at any time and without notice by the R\u00e9seau-Mesure association.<br \/>\nThe R\u00e9seau-Mesure cannot be held responsible in any way for misuse of the service.\n<p><strong>Description of Services <\/strong><\/p>\n<p>The RESEAU MESURE association is an association under the 1901 law whose activity is the representation of the interests of companies in the measurement and instrumentation sector, with the aim of strengthening their competitiveness by responding to their development needs, through the through pooled actions.<\/p>\n<p>RESEAU MESURE offers its members and users various connection services (job posting, online curriculum vitae submission, business relationship). The user is informed that RESEAU MESURE reserves the right to modify or delete, at any time, without notice and at its sole discretion, all or part of the Services. The description of the Services can be completed on the site if necessary.<\/p>\n<p><strong>Duration of Services, unsubscription, termination <\/strong><\/p>\n<p>The Services are subscribed for an indefinite period. The User can unsubscribe from the Services, by sending a request to this effect to RESEAU MESURE by email to admin@reseau-mesure.com.<\/p>\n<p>Any request to terminate membership of the Measurement Network immediately results in the inaccessibility of the User&#039;s Account and of his Personal Space on the site, as well as to all the Services offered by the Measurement Network.<\/p>\n<p><strong>Limitation of liability<\/strong><\/p>\n<p>The information contained on this site is as accurate as possible and the site is periodically updated, but may contain inaccuracies, omissions or gaps. If you notice a gap, error or what appears to be a malfunction, please report it by email, describing the problem as precisely as possible (page causing the problem, triggering action, type of computer and browser used. ,\u2026).<\/p>\n<p>All downloaded content is done at the user&#039;s own risk and under his sole responsibility. Consequently, R\u00e9seau-Mesure cannot be held responsible for any damage to the user&#039;s computer or any loss of data resulting from the download. Pictures are not contractual. The hypertext links set up within the framework of this website to other resources present on the Internet network can not engage the responsibility of R\u00e9seau-Mesure.<\/p>\n<p><strong>Disputes<\/strong><\/p>\n<p>These conditions are governed by French law and any dispute or litigation that may arise from the interpretation or execution of these will be the exclusive jurisdiction of the courts on which the head office of the R\u00e9seau-Mesure association depends. The reference language for settling any disputes is French.<\/p>\n<p><strong>Declaration to the CNIL<\/strong><\/p>\n<p>In accordance with Law 78-17 of January 6, 1978 (amended by Law 2004-801 of August 6, 2004 on the protection of individuals with regard to the processing of personal data) relating to IT, files and freedoms, the site has been declared to the National Commission for Informatics and Freedoms (<a href=\"http:\/\/www.cnil.fr\/\">www.cnil.fr<\/a>).<\/p>\n<p><strong>Permission to access<\/strong><\/p>\n<p>In application of this law, Internet users have the right to access, rectify, modify and delete data concerning them personally. This right can be exercised by post to the following address: RESEAU MESURE - c \/ o CCI VAL D&#039;OISE - 35 Bld du Port - Cap Cergy - B\u00e2timent C1 - CS 20209 - 95031 CERGY PONTOISE Cedex<\/p>\n<p>or by electronic means to the following email address: admin@reseau-mesure.com<\/p>\n<p><strong>Intellectual property<\/strong><\/p>\n<p>All the content of this site, including, without limitation, graphics, images, texts, videos, animations, sounds, logos, gifs and icons as well as their formatting are the exclusive property of Reseau-Mesure.com at l &#039;except for brands, logos or content belonging to other partner companies or authors. Any reproduction, distribution, modification, adaptation, retransmission or publication, even partial, of these different elements is strictly prohibited without the express written consent of R\u00e9seau-Mesure.com. This representation or reproduction, by any means whatsoever, constitutes an infringement punishable by articles L.3335-2 and following of the Code of intellectual property. Failure to comply with this prohibition constitutes an infringement which may engage the civil and criminal liability of the infringer. In addition, the owners of the copied Content could take legal action against you. Reseau-Mesure.com is the identical owner of the &quot;rights of database producers&quot; referred to in Book III, Title IV, of the Intellectual Property Code (law n \u00b0 98-536 of July 1, 1998) relating to copyright and databases.<\/p>\n<p>Users and visitors of the website can set up a hyperlink to this site, but only to the home page, accessible at the following URL: www.reseau-mesure.com, provided that this link opens in a new window. In particular, a link to a subpage (&quot;deep link&quot;) is prohibited, as well as the opening of this site within a frame (&quot;framing&quot;), except with the express prior authorization of the Measurement Network.<\/p>\n<p>For any authorization or information request, please contact us by email: admin@reseau-mesure.com. Specific conditions are foreseen for the press.<\/p>\n<p><strong>\u00a0<\/strong><\/p>\n<p><strong>Terms of service<\/strong><\/p>\n<p><strong>Information and exclusion<\/strong><\/p>\n<p>The Measurement.com Network implements all the means at its disposal to ensure reliable information and reliable updating of its websites. However, errors or omissions may occur. The Internet user must therefore ensure the accuracy of the information with the Measurement Network, and report any changes to the site that he deems useful. Reseau-mesure.com is in no way responsible for the use made of this information, and for any direct or indirect damage that may result from it.<\/p>\n<p><strong>Cookies<\/strong><\/p>\n<p>For statistical and display purposes, this site uses cookies. These are small text files stored on your hard drive in order to record technical data on your navigation. Certain parts of this site cannot be functional without the acceptance of cookies.<\/p>\n<p><strong>Hypertext links<\/strong><\/p>\n<p>The reseau-mesure.com websites may offer links to other websites or other resources available on the Internet.<\/p>\n<p>Reseau-mesure.com has no means to control the sites in connection with its websites. Reseau-mesure.com does not answer for the availability of such sites and external sources, nor does it guarantee it. It cannot be held responsible for any damage, of any nature whatsoever, resulting from the content of these sites or external sources, and in particular from the information, products or services they offer, or from any use that may be made of these elements. The risks associated with this use fall fully on the Internet user, who must comply with their conditions of use. Users, subscribers and visitors to Reseau-mesure.com websites may not set up a hyperlink to this site without the express prior authorization of the Measurement Network. In the event that a user or visitor wishes to set up a hyperlink to one of the websites of Reseau-mesure.com, it will be up to him to send an email accessible on the site in order to formulate his request for implementation. place of a hyperlink. The Measurement Network reserves the right to accept or refuse a hyperlink without having to justify its decision.<\/p>\n<p><strong>Research<\/strong><\/p>\n<p>In addition, the reference to a website to complete the information sought does not in any way mean that the Measurement Network recognizes or accepts any responsibility for the content or use of said site.<\/p>\n<p><strong>Precautions for use<\/strong><\/p>\n<p>It is therefore your responsibility to take the necessary precautions to ensure that what you choose to use is not tainted with errors or even elements of a destructive nature such as viruses, trojans, etc\u2026.<\/p>\n<p><strong>Responsibility<\/strong><\/p>\n<p>No other guarantee is granted to the member \/ partner, who has the obligation to clearly formulate his needs and the duty to inform himself. If the information provided by Reseau-mesure.com appears to be inaccurate, it will be up to the member \/ partner to carry out any checks on the consistency or plausibility of the results obtained. The Measurement Network will not be responsible in any way towards third parties for the use by the member \/ partner of the information or the absence thereof contained in its products, including one of its websites.<\/p>\n\n<p><strong>Personal data<\/strong><\/p>\n<p>In accordance with the law n \u00b0 78-17 of January 6, 1978 relating to data processing, files and freedoms as amended, RESEAU MESURE practices a personal data protection policy, the characteristics of which are explained in a separate document entitled &quot;Policy of confidentiality \u201d. The Parties are expressly invited to read this policy, which can be accessed directly on the Site.<\/p>\n<p>When the User deletes his Account, the content of the latter becomes inaccessible, but certain data is kept for statistical purposes, unless the User expressly requests to delete them in accordance with the &quot;Privacy Policy&quot;.<\/p>\n<p>It is recalled here that, in accordance with the law, any natural person has the rights to access, modify, rectify and delete data concerning him. These rights are exercised by contacting the MESURE NETWORK DPO: Claire ONFRAY at the following coordinates: admin@reseau-mesure.com<\/p>\n<p><strong><em>\u00a0<\/em><\/strong><strong>Contact us<\/strong><\/p>\n<p>The Measurement Network is at your disposal for any comments or suggestions. You can write to us in French by email at: info@reseau-mesure.com<\/p>","protected":false},"excerpt":{"rendered":"<p>Legal notices Please read these terms of use of this site carefully before browsing it. By connecting to this site, you fully accept these terms. Editor of the Measurement Network Association site Address: c \/ o CCI VAL D&#039;OISE 35 Bld du Port - Cap Cergy Building C1 - CS 20209 95031 CERGY\u2026<\/p>","protected":false},"author":685,"featured_media":0,"parent":0,"menu_order":0,"comment_status":"closed","ping_status":"closed","template":"","meta":{"_acf_changed":false,"footnotes":""},"class_list":["post-52","page","type-page","status-publish","hentry"],"acf":[],"yoast_head":"<!-- This site is optimized with the Yoast SEO plugin v27.4 - https:\/\/yoast.com\/product\/yoast-seo-wordpress\/ -->\n<title>Mentions l\u00e9gales - R\u00e9seau Mesure<\/title>\n<meta name=\"description\" content=\"Mentions l\u00e9gales su site Internet du R\u00e9seau Mesure. Merci de les lires, il y a toujours des choses int\u00e9ressantes \u00e0 d\u00e9couvrir.\" \/>\n<meta name=\"robots\" content=\"index, follow, max-snippet:-1, max-image-preview:large, max-video-preview:-1\" \/>\n<link rel=\"canonical\" href=\"https:\/\/www.reseau-mesure.com\/en\/mentions-legales\/\" \/>\n<meta property=\"og:locale\" content=\"en_US\" \/>\n<meta property=\"og:type\" content=\"article\" \/>\n<meta property=\"og:title\" content=\"Mentions l\u00e9gales - R\u00e9seau Mesure\" \/>\n<meta property=\"og:description\" content=\"Mentions l\u00e9gales su site Internet du R\u00e9seau Mesure. Merci de les lires, il y a toujours des choses int\u00e9ressantes \u00e0 d\u00e9couvrir.\" \/>\n<meta property=\"og:url\" content=\"https:\/\/www.reseau-mesure.com\/en\/mentions-legales\/\" \/>\n<meta property=\"og:site_name\" content=\"R\u00e9seau Mesure\" \/>\n<meta property=\"article:publisher\" content=\"https:\/\/www.facebook.com\/reseaumesure\/\" \/>\n<meta property=\"article:modified_time\" content=\"2020-03-03T15:31:08+00:00\" \/>\n<meta name=\"twitter:card\" content=\"summary_large_image\" \/>\n<meta name=\"twitter:site\" content=\"@ReseauMesure\" \/>\n<meta name=\"twitter:label1\" content=\"Est. reading time\" \/>\n\t<meta name=\"twitter:data1\" content=\"9 minutes\" \/>\n<script type=\"application\/ld+json\" class=\"yoast-schema-graph\">{\"@context\":\"https:\\\/\\\/schema.org\",\"@graph\":[{\"@type\":\"WebPage\",\"@id\":\"https:\\\/\\\/www.reseau-mesure.com\\\/mentions-legales\\\/\",\"url\":\"https:\\\/\\\/www.reseau-mesure.com\\\/mentions-legales\\\/\",\"name\":\"Mentions l\u00e9gales - R\u00e9seau Mesure\",\"isPartOf\":{\"@id\":\"https:\\\/\\\/www.reseau-mesure.com\\\/#website\"},\"datePublished\":\"2017-10-30T17:37:44+00:00\",\"dateModified\":\"2020-03-03T15:31:08+00:00\",\"description\":\"Mentions l\u00e9gales su site Internet du R\u00e9seau Mesure. Merci de les lires, il y a toujours des choses int\u00e9ressantes \u00e0 d\u00e9couvrir.\",\"breadcrumb\":{\"@id\":\"https:\\\/\\\/www.reseau-mesure.com\\\/mentions-legales\\\/#breadcrumb\"},\"inLanguage\":\"en-US\",\"potentialAction\":[{\"@type\":\"ReadAction\",\"target\":[\"https:\\\/\\\/www.reseau-mesure.com\\\/mentions-legales\\\/\"]}]},{\"@type\":\"BreadcrumbList\",\"@id\":\"https:\\\/\\\/www.reseau-mesure.com\\\/mentions-legales\\\/#breadcrumb\",\"itemListElement\":[{\"@type\":\"ListItem\",\"position\":1,\"name\":\"Accueil\",\"item\":\"https:\\\/\\\/www.reseau-mesure.com\\\/\"},{\"@type\":\"ListItem\",\"position\":2,\"name\":\"Mentions l\u00e9gales\"}]},{\"@type\":\"WebSite\",\"@id\":\"https:\\\/\\\/www.reseau-mesure.com\\\/#website\",\"url\":\"https:\\\/\\\/www.reseau-mesure.com\\\/\",\"name\":\"R\u00e9seau-Mesure\",\"description\":\"R\u00e9seau Mesure\",\"publisher\":{\"@id\":\"https:\\\/\\\/www.reseau-mesure.com\\\/#organization\"},\"potentialAction\":[{\"@type\":\"SearchAction\",\"target\":{\"@type\":\"EntryPoint\",\"urlTemplate\":\"https:\\\/\\\/www.reseau-mesure.com\\\/?s={search_term_string}\"},\"query-input\":{\"@type\":\"PropertyValueSpecification\",\"valueRequired\":true,\"valueName\":\"search_term_string\"}}],\"inLanguage\":\"en-US\"},{\"@type\":\"Organization\",\"@id\":\"https:\\\/\\\/www.reseau-mesure.com\\\/#organization\",\"name\":\"R\u00e9seau-Mesure\",\"url\":\"https:\\\/\\\/www.reseau-mesure.com\\\/\",\"logo\":{\"@type\":\"ImageObject\",\"inLanguage\":\"en-US\",\"@id\":\"https:\\\/\\\/www.reseau-mesure.com\\\/#\\\/schema\\\/logo\\\/image\\\/\",\"url\":\"https:\\\/\\\/www.reseau-mesure.com\\\/wp-content\\\/uploads\\\/2018\\\/02\\\/logo-max.png\",\"contentUrl\":\"https:\\\/\\\/www.reseau-mesure.com\\\/wp-content\\\/uploads\\\/2018\\\/02\\\/logo-max.png\",\"width\":545,\"height\":285,\"caption\":\"R\u00e9seau-Mesure\"},\"image\":{\"@id\":\"https:\\\/\\\/www.reseau-mesure.com\\\/#\\\/schema\\\/logo\\\/image\\\/\"},\"sameAs\":[\"https:\\\/\\\/www.facebook.com\\\/reseaumesure\\\/\",\"https:\\\/\\\/x.com\\\/ReseauMesure\",\"https:\\\/\\\/www.linkedin.com\\\/company\\\/reseau-mesure\\\/\"]}]}<\/script>\n<!-- \/ Yoast SEO plugin. -->","yoast_head_json":{"title":"Mentions l\u00e9gales - R\u00e9seau Mesure","description":"Mentions l\u00e9gales su site Internet du R\u00e9seau Mesure. Merci de les lires, il y a toujours des choses int\u00e9ressantes \u00e0 d\u00e9couvrir.","robots":{"index":"index","follow":"follow","max-snippet":"max-snippet:-1","max-image-preview":"max-image-preview:large","max-video-preview":"max-video-preview:-1"},"canonical":"https:\/\/www.reseau-mesure.com\/en\/mentions-legales\/","og_locale":"en_US","og_type":"article","og_title":"Mentions l\u00e9gales - R\u00e9seau Mesure","og_description":"Mentions l\u00e9gales su site Internet du R\u00e9seau Mesure. Merci de les lires, il y a toujours des choses int\u00e9ressantes \u00e0 d\u00e9couvrir.","og_url":"https:\/\/www.reseau-mesure.com\/en\/mentions-legales\/","og_site_name":"R\u00e9seau Mesure","article_publisher":"https:\/\/www.facebook.com\/reseaumesure\/","article_modified_time":"2020-03-03T15:31:08+00:00","twitter_card":"summary_large_image","twitter_site":"@ReseauMesure","twitter_misc":{"Est. reading time":"9 minutes"},"schema":{"@context":"https:\/\/schema.org","@graph":[{"@type":"WebPage","@id":"https:\/\/www.reseau-mesure.com\/mentions-legales\/","url":"https:\/\/www.reseau-mesure.com\/mentions-legales\/","name":"Mentions l\u00e9gales - R\u00e9seau Mesure","isPartOf":{"@id":"https:\/\/www.reseau-mesure.com\/#website"},"datePublished":"2017-10-30T17:37:44+00:00","dateModified":"2020-03-03T15:31:08+00:00","description":"Mentions l\u00e9gales su site Internet du R\u00e9seau Mesure. Merci de les lires, il y a toujours des choses int\u00e9ressantes \u00e0 d\u00e9couvrir.","breadcrumb":{"@id":"https:\/\/www.reseau-mesure.com\/mentions-legales\/#breadcrumb"},"inLanguage":"en-US","potentialAction":[{"@type":"ReadAction","target":["https:\/\/www.reseau-mesure.com\/mentions-legales\/"]}]},{"@type":"BreadcrumbList","@id":"https:\/\/www.reseau-mesure.com\/mentions-legales\/#breadcrumb","itemListElement":[{"@type":"ListItem","position":1,"name":"Accueil","item":"https:\/\/www.reseau-mesure.com\/"},{"@type":"ListItem","position":2,"name":"Mentions l\u00e9gales"}]},{"@type":"WebSite","@id":"https:\/\/www.reseau-mesure.com\/#website","url":"https:\/\/www.reseau-mesure.com\/","name":"R\u00e9seau-Mesure","description":"Network Measure","publisher":{"@id":"https:\/\/www.reseau-mesure.com\/#organization"},"potentialAction":[{"@type":"SearchAction","target":{"@type":"EntryPoint","urlTemplate":"https:\/\/www.reseau-mesure.com\/?s={search_term_string}"},"query-input":{"@type":"PropertyValueSpecification","valueRequired":true,"valueName":"search_term_string"}}],"inLanguage":"en-US"},{"@type":"Organization","@id":"https:\/\/www.reseau-mesure.com\/#organization","name":"R\u00e9seau-Mesure","url":"https:\/\/www.reseau-mesure.com\/","logo":{"@type":"ImageObject","inLanguage":"en-US","@id":"https:\/\/www.reseau-mesure.com\/#\/schema\/logo\/image\/","url":"https:\/\/www.reseau-mesure.com\/wp-content\/uploads\/2018\/02\/logo-max.png","contentUrl":"https:\/\/www.reseau-mesure.com\/wp-content\/uploads\/2018\/02\/logo-max.png","width":545,"height":285,"caption":"R\u00e9seau-Mesure"},"image":{"@id":"https:\/\/www.reseau-mesure.com\/#\/schema\/logo\/image\/"},"sameAs":["https:\/\/www.facebook.com\/reseaumesure\/","https:\/\/x.com\/ReseauMesure","https:\/\/www.linkedin.com\/company\/reseau-mesure\/"]}]}},"_links":{"self":[{"href":"https:\/\/www.reseau-mesure.com\/en\/wp-json\/wp\/v2\/pages\/52","targetHints":{"allow":["GET"]}}],"collection":[{"href":"https:\/\/www.reseau-mesure.com\/en\/wp-json\/wp\/v2\/pages"}],"about":[{"href":"https:\/\/www.reseau-mesure.com\/en\/wp-json\/wp\/v2\/types\/page"}],"author":[{"embeddable":true,"href":"https:\/\/www.reseau-mesure.com\/en\/wp-json\/wp\/v2\/users\/685"}],"replies":[{"embeddable":true,"href":"https:\/\/www.reseau-mesure.com\/en\/wp-json\/wp\/v2\/comments?post=52"}],"version-history":[{"count":0,"href":"https:\/\/www.reseau-mesure.com\/en\/wp-json\/wp\/v2\/pages\/52\/revisions"}],"wp:attachment":[{"href":"https:\/\/www.reseau-mesure.com\/en\/wp-json\/wp\/v2\/media?parent=52"}],"curies":[{"name":"wp","href":"https:\/\/api.w.org\/{rel}","templated":true}]}}