{"id":5516,"date":"2018-11-03T16:10:58","date_gmt":"2018-11-03T15:10:58","guid":{"rendered":"http:\/\/www.reseau-mesure.com\/?page_id=5516"},"modified":"2019-02-06T22:14:58","modified_gmt":"2019-02-06T21:14:58","slug":"management-et-teambuilding","status":"publish","type":"page","link":"https:\/\/www.reseau-mesure.com\/en\/management-et-teambuilding\/","title":{"rendered":"Management and teambuilding"},"content":{"rendered":"<h1 >\n\t\t\tManagement and teambuilding<br \/>\n\t\t\t\tMotivate us!<br \/>\n\t\t<\/h1>\n<h2>Management and teambuilding<\/h2>\n<h3>Definition:<\/h3>\n<p>&#039;Team Building: optimizing work in a company!&#039; or even &#039;Boost team cohesion with Team Building&#039;. So many hooks around this theme can not be read!<\/p>\n<p>In recent years, &#039;Team Building&#039; - literally team building, but it should be read team cohesion - has been a solution put in place to consolidate the cohesion of a group of employees. Is it a necessity for the company? What advantages can she derive from it? Is it just a fad? Concretely, what is a &#039;Team Building&#039;? Is it aimed only at Management?<\/p>\n<h3>Goal :<\/h3>\n<p>Improving the functioning of a team, strengthening the links within a group of collaborators, having a team that &#039;functions well&#039; has become an economic necessity for companies in an economic context of great competition. These are the main collective challenges of this concept which appeared some thirty years ago. But beyond the group, this notion can also be useful at the individual level, in order, for example, to improve one&#039;s own communication, increase one&#039;s motivation, gain self-confidence. This personal enrichment will be beneficial to the group, each person putting themselves at the service of the collective.<\/p>\n<h3>How does it work?<\/h3>\n<p>The Team Building exercise consists of planning and carrying out mainly fun activities intended to develop or create skills aimed at group cohesion.<\/p>\n<p>Generally, it is organized around three main axes. Initially, role plays are organized, play workshops conducted collectively to analyze the dysfunctions or blockages that will appear during the exercises. Then comes the time for sharing and listening; everyone exposes their points of view as to possible blockages and other uncomfortable situations, their experiences, their doubts, but also their expectations. The goal is to speak and listen actively without judging. Then comes what is called openness, this moment when everyone can discover or highlight a potential, a talent hitherto more or less dormant. It is a question here of surprising, jostling, destabilizing to push the collective to think differently, even to innovate.<\/p>\n<h3>Additional rules<\/h3>\n<p>A determining point during a Team Building session is to make participants lose their bearings. In order to manage conflicts, they will be taken to places far from their daily environment, choosing activities that break with their habits. It could be sporting or cultural activities, such as rafting, tree climbing, discovery of oenology, development of a &#039;Top Chef&#039; menu. To strengthen the group spirit, we will choose the acquisition of a new skill ignored by each participant, stereotomy for example.<\/p>\n<p>To better understand the mission of each and give meaning to the collective, we will choose role plays. Treasure hunts will strengthen group cohesion and collective motivation with a common goal. To reduce stress and channel energy, we will rely on the discovery of a new culture, especially within multinational companies. Or even make videos on a product manufactured or sold by the company in order to bring out the spirit of the company.<\/p>\n<h3>Is it effective?<\/h3>\n<p>How to measure the effectiveness of Team Building activities? What could be the return on investment? We know how to assess, determine with certainty, using a measuring instrument, the volume, surface area, quantity, temperature of something. When it comes to assessing the importance, magnitude or quality of something, the matter becomes more complex. In the framework which interests us, it would be advisable to set objectives to assess the results. Team Building is an act of management: the setting of objectives for this Team Building will be solely the business of the manager. The more precise the objective, the less difficult it will be to measure it. Specialized companies have batteries of questionnaires intended for employees and measure by comparison on the basis of very large panels the different degrees of commitment for example, but comparison is not right. However, there are relatively reliable data. INSEE tells us that more than half of employees resign for lack of interest in their work, and that demotivation is an important factor. We also know that employees who are happy in their work are more productive from 10 to 12 % and that, on the contrary, the cost of a departure and a recruitment amounts to 2 years of salary. We can therefore understand the motivation of companies to retain high-performance employees.<\/p>\n<h3>Collective intelligence:<\/h3>\n<p>We can deduce that the retention of talent is therefore a major objective that Team Building can help achieve. But do these experiences really strengthen the cohesion of the group? Certainly, but don&#039;t the effects last as long as the event takes place? Once this has passed, individuals return to their habits. The major problem lies in the permanence of the results. According to Peter Senge, professor at MIT and specialist in organizations, we must however persevere because \u201cThe sharing of experiences and collaboration between individuals are the key to creativity and progress. Collective intelligence is built in shared action. &quot;<\/p>\n<p>&nbsp;<\/p>\n<p>&nbsp;<\/p>\n<p>&nbsp;<\/p>\n<p>\t\t\t<a href=\"https:\/\/www.reseau-mesure.com\/en\/ressources-documentaires\/\" target=\"_self\" role=\"button\"><br \/>\n\t\t\t\t\t\t\tBack to documentary resources<br \/>\n\t\t\t\t\t<\/a><\/p>","protected":false},"excerpt":{"rendered":"<p>Management and teambuilding Let&#039;s motivate us! Management and teambuilding Definition: &#039;Team Building: optimizing work in a company!&#039; or even &#039;Boost team cohesion with Team Building&#039;. So many hooks around this theme can not be read! For several years now, &#039;Team Building&#039; - literally team building, but you have to read team cohesion ...<\/p>","protected":false},"author":685,"featured_media":0,"parent":0,"menu_order":0,"comment_status":"closed","ping_status":"closed","template":"","meta":{"_acf_changed":false,"footnotes":""},"class_list":["post-5516","page","type-page","status-publish","hentry"],"acf":[],"yoast_head":"<!-- This site is optimized with the Yoast SEO plugin v27.5 - https:\/\/yoast.com\/product\/yoast-seo-wordpress\/ -->\n<title>Management et teambuilding - R\u00e9seau Mesure<\/title>\n<meta name=\"description\" content=\"Management et teambuilding sont des \u00e9l\u00e9ments importants et indispensables pour l&#039;entreprise. R\u00e9flexion sur le sujet pour vous ouvrir la voie.\" \/>\n<meta name=\"robots\" content=\"index, follow, max-snippet:-1, max-image-preview:large, max-video-preview:-1\" \/>\n<link rel=\"canonical\" href=\"https:\/\/www.reseau-mesure.com\/en\/management-et-teambuilding\/\" \/>\n<meta property=\"og:locale\" content=\"en_US\" \/>\n<meta property=\"og:type\" content=\"article\" \/>\n<meta property=\"og:title\" content=\"Management et teambuilding - R\u00e9seau Mesure\" \/>\n<meta property=\"og:description\" content=\"Management et teambuilding sont des \u00e9l\u00e9ments importants et indispensables pour l&#039;entreprise. R\u00e9flexion sur le sujet pour vous ouvrir la voie.\" \/>\n<meta property=\"og:url\" content=\"https:\/\/www.reseau-mesure.com\/en\/management-et-teambuilding\/\" \/>\n<meta property=\"og:site_name\" content=\"R\u00e9seau Mesure\" \/>\n<meta property=\"article:publisher\" content=\"https:\/\/www.facebook.com\/reseaumesure\/\" \/>\n<meta property=\"article:modified_time\" content=\"2019-02-06T21:14:58+00:00\" \/>\n<meta name=\"twitter:card\" content=\"summary_large_image\" \/>\n<meta name=\"twitter:site\" content=\"@ReseauMesure\" \/>\n<meta name=\"twitter:label1\" content=\"Est. reading time\" \/>\n\t<meta name=\"twitter:data1\" content=\"5 minutes\" \/>\n<script type=\"application\/ld+json\" class=\"yoast-schema-graph\">{\"@context\":\"https:\\\/\\\/schema.org\",\"@graph\":[{\"@type\":\"WebPage\",\"@id\":\"https:\\\/\\\/www.reseau-mesure.com\\\/de\\\/management-et-teambuilding\\\/\",\"url\":\"https:\\\/\\\/www.reseau-mesure.com\\\/de\\\/management-et-teambuilding\\\/\",\"name\":\"Management et teambuilding - R\u00e9seau Mesure\",\"isPartOf\":{\"@id\":\"https:\\\/\\\/www.reseau-mesure.com\\\/#website\"},\"datePublished\":\"2018-11-03T15:10:58+00:00\",\"dateModified\":\"2019-02-06T21:14:58+00:00\",\"description\":\"Management et teambuilding sont des \u00e9l\u00e9ments importants et indispensables pour l'entreprise. R\u00e9flexion sur le sujet pour vous ouvrir la voie.\",\"breadcrumb\":{\"@id\":\"https:\\\/\\\/www.reseau-mesure.com\\\/de\\\/management-et-teambuilding\\\/#breadcrumb\"},\"inLanguage\":\"en-US\",\"potentialAction\":[{\"@type\":\"ReadAction\",\"target\":[\"https:\\\/\\\/www.reseau-mesure.com\\\/de\\\/management-et-teambuilding\\\/\"]}]},{\"@type\":\"BreadcrumbList\",\"@id\":\"https:\\\/\\\/www.reseau-mesure.com\\\/de\\\/management-et-teambuilding\\\/#breadcrumb\",\"itemListElement\":[{\"@type\":\"ListItem\",\"position\":1,\"name\":\"Accueil\",\"item\":\"https:\\\/\\\/www.reseau-mesure.com\\\/\"},{\"@type\":\"ListItem\",\"position\":2,\"name\":\"Management et teambuilding\"}]},{\"@type\":\"WebSite\",\"@id\":\"https:\\\/\\\/www.reseau-mesure.com\\\/#website\",\"url\":\"https:\\\/\\\/www.reseau-mesure.com\\\/\",\"name\":\"R\u00e9seau-Mesure\",\"description\":\"R\u00e9seau Mesure\",\"publisher\":{\"@id\":\"https:\\\/\\\/www.reseau-mesure.com\\\/#organization\"},\"potentialAction\":[{\"@type\":\"SearchAction\",\"target\":{\"@type\":\"EntryPoint\",\"urlTemplate\":\"https:\\\/\\\/www.reseau-mesure.com\\\/?s={search_term_string}\"},\"query-input\":{\"@type\":\"PropertyValueSpecification\",\"valueRequired\":true,\"valueName\":\"search_term_string\"}}],\"inLanguage\":\"en-US\"},{\"@type\":\"Organization\",\"@id\":\"https:\\\/\\\/www.reseau-mesure.com\\\/#organization\",\"name\":\"R\u00e9seau-Mesure\",\"url\":\"https:\\\/\\\/www.reseau-mesure.com\\\/\",\"logo\":{\"@type\":\"ImageObject\",\"inLanguage\":\"en-US\",\"@id\":\"https:\\\/\\\/www.reseau-mesure.com\\\/#\\\/schema\\\/logo\\\/image\\\/\",\"url\":\"https:\\\/\\\/www.reseau-mesure.com\\\/wp-content\\\/uploads\\\/2018\\\/02\\\/logo-max.png\",\"contentUrl\":\"https:\\\/\\\/www.reseau-mesure.com\\\/wp-content\\\/uploads\\\/2018\\\/02\\\/logo-max.png\",\"width\":545,\"height\":285,\"caption\":\"R\u00e9seau-Mesure\"},\"image\":{\"@id\":\"https:\\\/\\\/www.reseau-mesure.com\\\/#\\\/schema\\\/logo\\\/image\\\/\"},\"sameAs\":[\"https:\\\/\\\/www.facebook.com\\\/reseaumesure\\\/\",\"https:\\\/\\\/x.com\\\/ReseauMesure\",\"https:\\\/\\\/www.linkedin.com\\\/company\\\/reseau-mesure\\\/\"]}]}<\/script>\n<!-- \/ Yoast SEO plugin. -->","yoast_head_json":{"title":"Management et teambuilding - R\u00e9seau Mesure","description":"Management et teambuilding sont des \u00e9l\u00e9ments importants et indispensables pour l'entreprise. R\u00e9flexion sur le sujet pour vous ouvrir la voie.","robots":{"index":"index","follow":"follow","max-snippet":"max-snippet:-1","max-image-preview":"max-image-preview:large","max-video-preview":"max-video-preview:-1"},"canonical":"https:\/\/www.reseau-mesure.com\/en\/management-et-teambuilding\/","og_locale":"en_US","og_type":"article","og_title":"Management et teambuilding - R\u00e9seau Mesure","og_description":"Management et teambuilding sont des \u00e9l\u00e9ments importants et indispensables pour l'entreprise. R\u00e9flexion sur le sujet pour vous ouvrir la voie.","og_url":"https:\/\/www.reseau-mesure.com\/en\/management-et-teambuilding\/","og_site_name":"R\u00e9seau Mesure","article_publisher":"https:\/\/www.facebook.com\/reseaumesure\/","article_modified_time":"2019-02-06T21:14:58+00:00","twitter_card":"summary_large_image","twitter_site":"@ReseauMesure","twitter_misc":{"Est. reading time":"5 minutes"},"schema":{"@context":"https:\/\/schema.org","@graph":[{"@type":"WebPage","@id":"https:\/\/www.reseau-mesure.com\/de\/management-et-teambuilding\/","url":"https:\/\/www.reseau-mesure.com\/de\/management-et-teambuilding\/","name":"Management et teambuilding - R\u00e9seau Mesure","isPartOf":{"@id":"https:\/\/www.reseau-mesure.com\/#website"},"datePublished":"2018-11-03T15:10:58+00:00","dateModified":"2019-02-06T21:14:58+00:00","description":"Management et teambuilding sont des \u00e9l\u00e9ments importants et indispensables pour l'entreprise. R\u00e9flexion sur le sujet pour vous ouvrir la voie.","breadcrumb":{"@id":"https:\/\/www.reseau-mesure.com\/de\/management-et-teambuilding\/#breadcrumb"},"inLanguage":"en-US","potentialAction":[{"@type":"ReadAction","target":["https:\/\/www.reseau-mesure.com\/de\/management-et-teambuilding\/"]}]},{"@type":"BreadcrumbList","@id":"https:\/\/www.reseau-mesure.com\/de\/management-et-teambuilding\/#breadcrumb","itemListElement":[{"@type":"ListItem","position":1,"name":"Accueil","item":"https:\/\/www.reseau-mesure.com\/"},{"@type":"ListItem","position":2,"name":"Management et teambuilding"}]},{"@type":"WebSite","@id":"https:\/\/www.reseau-mesure.com\/#website","url":"https:\/\/www.reseau-mesure.com\/","name":"R\u00e9seau-Mesure","description":"Network Measure","publisher":{"@id":"https:\/\/www.reseau-mesure.com\/#organization"},"potentialAction":[{"@type":"SearchAction","target":{"@type":"EntryPoint","urlTemplate":"https:\/\/www.reseau-mesure.com\/?s={search_term_string}"},"query-input":{"@type":"PropertyValueSpecification","valueRequired":true,"valueName":"search_term_string"}}],"inLanguage":"en-US"},{"@type":"Organization","@id":"https:\/\/www.reseau-mesure.com\/#organization","name":"R\u00e9seau-Mesure","url":"https:\/\/www.reseau-mesure.com\/","logo":{"@type":"ImageObject","inLanguage":"en-US","@id":"https:\/\/www.reseau-mesure.com\/#\/schema\/logo\/image\/","url":"https:\/\/www.reseau-mesure.com\/wp-content\/uploads\/2018\/02\/logo-max.png","contentUrl":"https:\/\/www.reseau-mesure.com\/wp-content\/uploads\/2018\/02\/logo-max.png","width":545,"height":285,"caption":"R\u00e9seau-Mesure"},"image":{"@id":"https:\/\/www.reseau-mesure.com\/#\/schema\/logo\/image\/"},"sameAs":["https:\/\/www.facebook.com\/reseaumesure\/","https:\/\/x.com\/ReseauMesure","https:\/\/www.linkedin.com\/company\/reseau-mesure\/"]}]}},"_links":{"self":[{"href":"https:\/\/www.reseau-mesure.com\/en\/wp-json\/wp\/v2\/pages\/5516","targetHints":{"allow":["GET"]}}],"collection":[{"href":"https:\/\/www.reseau-mesure.com\/en\/wp-json\/wp\/v2\/pages"}],"about":[{"href":"https:\/\/www.reseau-mesure.com\/en\/wp-json\/wp\/v2\/types\/page"}],"author":[{"embeddable":true,"href":"https:\/\/www.reseau-mesure.com\/en\/wp-json\/wp\/v2\/users\/685"}],"replies":[{"embeddable":true,"href":"https:\/\/www.reseau-mesure.com\/en\/wp-json\/wp\/v2\/comments?post=5516"}],"version-history":[{"count":0,"href":"https:\/\/www.reseau-mesure.com\/en\/wp-json\/wp\/v2\/pages\/5516\/revisions"}],"wp:attachment":[{"href":"https:\/\/www.reseau-mesure.com\/en\/wp-json\/wp\/v2\/media?parent=5516"}],"curies":[{"name":"wp","href":"https:\/\/api.w.org\/{rel}","templated":true}]}}