{"id":591,"date":"2018-01-04T17:19:22","date_gmt":"2018-01-04T16:19:22","guid":{"rendered":"http:\/\/reseau-mesure.fr\/?page_id=591"},"modified":"2021-02-25T17:18:44","modified_gmt":"2021-02-25T16:18:44","slug":"groupesdetravail","status":"publish","type":"page","link":"https:\/\/www.reseau-mesure.com\/en\/groupesdetravail\/","title":{"rendered":"Workgroups"},"content":{"rendered":"&nbsp;\r\n<h2 style=\"color: #;\">Develop collaborative synergies Working Groups<\/h2>\r\n<b>Amplify its communication with controlled budgets.<\/b>\r\n\r\n<em>\u201cThanks to the Measurement Network I was able to benefit from <b>very competitive rates <\/b>to develop the <b>visibility<\/b> of my company and my products on industrial web portals. Moreover, I can <b>broadcast for free <\/b>information relayed in the specialized press within the framework of the partnerships of the R\u00e9seau Mesure Media Plan, I <b>so reduce my costs <\/b>of advertising publications. &quot;<\/em>\r\n<strong style=\"font-size: 12px;\"><em>Christophe Bracon - WIMESURE<\/em><\/strong>\r\n\r\nThe Measurement Network allows you to benefit from preferential rates and privileged communication opportunities with our 14 press partners:\r\n\r\n<b>A press \/ web partnership:<\/b>\r\n<ul>\r\n \t<li>Virtual stands<\/li>\r\n \t<li>Infomercials<\/li>\r\n \t<li>Emailing<\/li>\r\n \t<li>Specific offer in the market classified Measures<\/li>\r\n \t<li>Discarded inserts<\/li>\r\n \t<li>Newsletter routing<\/li>\r\n \t<li>Web product presence<\/li>\r\n \t<li>Advertising banners<\/li>\r\n \t<li>Complete Web offer ...<\/li>\r\n<\/ul>\r\n<img loading=\"lazy\" decoding=\"async\" src=\"https:\/\/www.reseau-mesure.com\/wp-content\/uploads\/2018\/01\/1000-merci.jpg\" alt=\"les partenaires communication presse R\u00e9seau Mesure\" width=\"676\" height=\"325\" \/>\r\npress partner logos\r\n<a role=\"button\" href=\"https:\/\/www.reseau-mesure.com\/wp-content\/uploads\/2018\/01\/PLAN-MEDIA-2017-RESEAU-MESURE-1.pdf\" target=\"_self\" rel=\"noopener\">\r\nDownload the media plan\r\n<\/a>\r\n\r\n<strong>Do you use Digital Communication or want to develop it for your business?<\/strong>\r\n\r\n<a href=\"mailto:eduflot@reseau-mesure.com\">Join the &quot;Digital Communication&quot; working group<\/a>, a space for exchanges and <a href=\"https:\/\/www.reseau-mesure.com\/en\/formation\/\">training<\/a>.\r\n\r\n<a href=\"http:\/\/www.lmdindustrie.com\/\" target=\"_self\" rel=\"noopener\">\r\n<img loading=\"lazy\" decoding=\"async\" src=\"https:\/\/www.reseau-mesure.com\/wp-content\/uploads\/2018\/01\/logo-LMDI-e1515075793823.jpg\" alt=\"Le Monde de l'Industrie\" width=\"300\" height=\"118\" \/>\r\n<\/a>\r\n<img loading=\"lazy\" decoding=\"async\" src=\"https:\/\/www.reseau-mesure.com\/wp-content\/uploads\/2018\/01\/logo-LMDI-300x118.jpg\" alt=\"Le Monde de l'Industrie\" width=\"300\" height=\"118\" \/>\r\n<img loading=\"lazy\" decoding=\"async\" src=\"https:\/\/www.reseau-mesure.com\/wp-content\/uploads\/2018\/01\/Logo_InfoChimie-002-300x63.jpg\" alt=\"Plan Media logo InfoChimie\" width=\"300\" height=\"63\" \/>\r\n<a role=\"button\" target=\"_self\" rel=\"noopener\">\r\nDownload the minutes of the last meeting\r\n<\/a>\r\nOr access all meeting reports\r\n&nbsp;","protected":false},"excerpt":{"rendered":"<p>&nbsp; Develop collaborative synergies Working Groups Increase communication with controlled budgets. \u201cThanks to the Measurement Network, I was able to benefit from very competitive prices to develop the visibility of my company and my products on industrial web portals. In addition, I can distribute free information relayed in the specialized press ...<\/p>","protected":false},"author":685,"featured_media":0,"parent":0,"menu_order":0,"comment_status":"closed","ping_status":"closed","template":"","meta":{"_acf_changed":false,"footnotes":""},"class_list":["post-591","page","type-page","status-publish","hentry"],"acf":[],"yoast_head":"<!-- This site is optimized with the Yoast SEO plugin v27.5 - https:\/\/yoast.com\/product\/yoast-seo-wordpress\/ -->\n<title>Groupes de Travail - R\u00e9seau Mesure<\/title>\n<meta name=\"description\" content=\"Les groupes de travail du R\u00e9seau Mesure sont les piliers de nos actions mutualis\u00e9es. Ils permettent \u00e0 nos membres de travailler ensemble.\" \/>\n<meta name=\"robots\" content=\"index, follow, max-snippet:-1, max-image-preview:large, max-video-preview:-1\" \/>\n<link rel=\"canonical\" href=\"https:\/\/www.reseau-mesure.com\/en\/groupesdetravail\/\" \/>\n<meta property=\"og:locale\" content=\"en_US\" \/>\n<meta property=\"og:type\" content=\"article\" \/>\n<meta property=\"og:title\" content=\"Groupes de Travail - R\u00e9seau Mesure\" \/>\n<meta property=\"og:description\" content=\"Les groupes de travail du R\u00e9seau Mesure sont les piliers de nos actions mutualis\u00e9es. Ils permettent \u00e0 nos membres de travailler ensemble.\" \/>\n<meta property=\"og:url\" content=\"https:\/\/www.reseau-mesure.com\/en\/groupesdetravail\/\" \/>\n<meta property=\"og:site_name\" content=\"R\u00e9seau Mesure\" \/>\n<meta property=\"article:publisher\" content=\"https:\/\/www.facebook.com\/reseaumesure\/\" \/>\n<meta property=\"article:modified_time\" content=\"2021-02-25T16:18:44+00:00\" \/>\n<meta property=\"og:image\" content=\"https:\/\/www.reseau-mesure.com\/wp-content\/uploads\/2018\/01\/1000-merci.jpg\" \/>\n<meta name=\"twitter:card\" content=\"summary_large_image\" \/>\n<meta name=\"twitter:site\" content=\"@ReseauMesure\" \/>\n<meta name=\"twitter:label1\" content=\"Est. reading time\" \/>\n\t<meta name=\"twitter:data1\" content=\"1 minute\" \/>\n<script type=\"application\/ld+json\" class=\"yoast-schema-graph\">{\"@context\":\"https:\\\/\\\/schema.org\",\"@graph\":[{\"@type\":\"WebPage\",\"@id\":\"https:\\\/\\\/www.reseau-mesure.com\\\/en\\\/groupesdetravail\\\/\",\"url\":\"https:\\\/\\\/www.reseau-mesure.com\\\/en\\\/groupesdetravail\\\/\",\"name\":\"Groupes de Travail - R\u00e9seau Mesure\",\"isPartOf\":{\"@id\":\"https:\\\/\\\/www.reseau-mesure.com\\\/#website\"},\"primaryImageOfPage\":{\"@id\":\"https:\\\/\\\/www.reseau-mesure.com\\\/en\\\/groupesdetravail\\\/#primaryimage\"},\"image\":{\"@id\":\"https:\\\/\\\/www.reseau-mesure.com\\\/en\\\/groupesdetravail\\\/#primaryimage\"},\"thumbnailUrl\":\"https:\\\/\\\/www.reseau-mesure.com\\\/wp-content\\\/uploads\\\/2018\\\/01\\\/1000-merci.jpg\",\"datePublished\":\"2018-01-04T16:19:22+00:00\",\"dateModified\":\"2021-02-25T16:18:44+00:00\",\"description\":\"Les groupes de travail du R\u00e9seau Mesure sont les piliers de nos actions mutualis\u00e9es. Ils permettent \u00e0 nos membres de travailler ensemble.\",\"breadcrumb\":{\"@id\":\"https:\\\/\\\/www.reseau-mesure.com\\\/en\\\/groupesdetravail\\\/#breadcrumb\"},\"inLanguage\":\"en-US\",\"potentialAction\":[{\"@type\":\"ReadAction\",\"target\":[\"https:\\\/\\\/www.reseau-mesure.com\\\/en\\\/groupesdetravail\\\/\"]}]},{\"@type\":\"ImageObject\",\"inLanguage\":\"en-US\",\"@id\":\"https:\\\/\\\/www.reseau-mesure.com\\\/en\\\/groupesdetravail\\\/#primaryimage\",\"url\":\"https:\\\/\\\/www.reseau-mesure.com\\\/wp-content\\\/uploads\\\/2018\\\/01\\\/1000-merci.jpg\",\"contentUrl\":\"https:\\\/\\\/www.reseau-mesure.com\\\/wp-content\\\/uploads\\\/2018\\\/01\\\/1000-merci.jpg\"},{\"@type\":\"BreadcrumbList\",\"@id\":\"https:\\\/\\\/www.reseau-mesure.com\\\/en\\\/groupesdetravail\\\/#breadcrumb\",\"itemListElement\":[{\"@type\":\"ListItem\",\"position\":1,\"name\":\"Accueil\",\"item\":\"https:\\\/\\\/www.reseau-mesure.com\\\/\"},{\"@type\":\"ListItem\",\"position\":2,\"name\":\"Groupes de Travail\"}]},{\"@type\":\"WebSite\",\"@id\":\"https:\\\/\\\/www.reseau-mesure.com\\\/#website\",\"url\":\"https:\\\/\\\/www.reseau-mesure.com\\\/\",\"name\":\"R\u00e9seau-Mesure\",\"description\":\"R\u00e9seau Mesure\",\"publisher\":{\"@id\":\"https:\\\/\\\/www.reseau-mesure.com\\\/#organization\"},\"potentialAction\":[{\"@type\":\"SearchAction\",\"target\":{\"@type\":\"EntryPoint\",\"urlTemplate\":\"https:\\\/\\\/www.reseau-mesure.com\\\/?s={search_term_string}\"},\"query-input\":{\"@type\":\"PropertyValueSpecification\",\"valueRequired\":true,\"valueName\":\"search_term_string\"}}],\"inLanguage\":\"en-US\"},{\"@type\":\"Organization\",\"@id\":\"https:\\\/\\\/www.reseau-mesure.com\\\/#organization\",\"name\":\"R\u00e9seau-Mesure\",\"url\":\"https:\\\/\\\/www.reseau-mesure.com\\\/\",\"logo\":{\"@type\":\"ImageObject\",\"inLanguage\":\"en-US\",\"@id\":\"https:\\\/\\\/www.reseau-mesure.com\\\/#\\\/schema\\\/logo\\\/image\\\/\",\"url\":\"https:\\\/\\\/www.reseau-mesure.com\\\/wp-content\\\/uploads\\\/2018\\\/02\\\/logo-max.png\",\"contentUrl\":\"https:\\\/\\\/www.reseau-mesure.com\\\/wp-content\\\/uploads\\\/2018\\\/02\\\/logo-max.png\",\"width\":545,\"height\":285,\"caption\":\"R\u00e9seau-Mesure\"},\"image\":{\"@id\":\"https:\\\/\\\/www.reseau-mesure.com\\\/#\\\/schema\\\/logo\\\/image\\\/\"},\"sameAs\":[\"https:\\\/\\\/www.facebook.com\\\/reseaumesure\\\/\",\"https:\\\/\\\/x.com\\\/ReseauMesure\",\"https:\\\/\\\/www.linkedin.com\\\/company\\\/reseau-mesure\\\/\"]}]}<\/script>\n<!-- \/ Yoast SEO plugin. -->","yoast_head_json":{"title":"Groupes de Travail - R\u00e9seau Mesure","description":"Les groupes de travail du R\u00e9seau Mesure sont les piliers de nos actions mutualis\u00e9es. Ils permettent \u00e0 nos membres de travailler ensemble.","robots":{"index":"index","follow":"follow","max-snippet":"max-snippet:-1","max-image-preview":"max-image-preview:large","max-video-preview":"max-video-preview:-1"},"canonical":"https:\/\/www.reseau-mesure.com\/en\/groupesdetravail\/","og_locale":"en_US","og_type":"article","og_title":"Groupes de Travail - R\u00e9seau Mesure","og_description":"Les groupes de travail du R\u00e9seau Mesure sont les piliers de nos actions mutualis\u00e9es. Ils permettent \u00e0 nos membres de travailler ensemble.","og_url":"https:\/\/www.reseau-mesure.com\/en\/groupesdetravail\/","og_site_name":"R\u00e9seau Mesure","article_publisher":"https:\/\/www.facebook.com\/reseaumesure\/","article_modified_time":"2021-02-25T16:18:44+00:00","og_image":[{"url":"https:\/\/www.reseau-mesure.com\/wp-content\/uploads\/2018\/01\/1000-merci.jpg","type":"","width":"","height":""}],"twitter_card":"summary_large_image","twitter_site":"@ReseauMesure","twitter_misc":{"Est. reading time":"1 minute"},"schema":{"@context":"https:\/\/schema.org","@graph":[{"@type":"WebPage","@id":"https:\/\/www.reseau-mesure.com\/en\/groupesdetravail\/","url":"https:\/\/www.reseau-mesure.com\/en\/groupesdetravail\/","name":"Groupes de Travail - R\u00e9seau Mesure","isPartOf":{"@id":"https:\/\/www.reseau-mesure.com\/#website"},"primaryImageOfPage":{"@id":"https:\/\/www.reseau-mesure.com\/en\/groupesdetravail\/#primaryimage"},"image":{"@id":"https:\/\/www.reseau-mesure.com\/en\/groupesdetravail\/#primaryimage"},"thumbnailUrl":"https:\/\/www.reseau-mesure.com\/wp-content\/uploads\/2018\/01\/1000-merci.jpg","datePublished":"2018-01-04T16:19:22+00:00","dateModified":"2021-02-25T16:18:44+00:00","description":"Les groupes de travail du R\u00e9seau Mesure sont les piliers de nos actions mutualis\u00e9es. Ils permettent \u00e0 nos membres de travailler ensemble.","breadcrumb":{"@id":"https:\/\/www.reseau-mesure.com\/en\/groupesdetravail\/#breadcrumb"},"inLanguage":"en-US","potentialAction":[{"@type":"ReadAction","target":["https:\/\/www.reseau-mesure.com\/en\/groupesdetravail\/"]}]},{"@type":"ImageObject","inLanguage":"en-US","@id":"https:\/\/www.reseau-mesure.com\/en\/groupesdetravail\/#primaryimage","url":"https:\/\/www.reseau-mesure.com\/wp-content\/uploads\/2018\/01\/1000-merci.jpg","contentUrl":"https:\/\/www.reseau-mesure.com\/wp-content\/uploads\/2018\/01\/1000-merci.jpg"},{"@type":"BreadcrumbList","@id":"https:\/\/www.reseau-mesure.com\/en\/groupesdetravail\/#breadcrumb","itemListElement":[{"@type":"ListItem","position":1,"name":"Accueil","item":"https:\/\/www.reseau-mesure.com\/"},{"@type":"ListItem","position":2,"name":"Groupes de Travail"}]},{"@type":"WebSite","@id":"https:\/\/www.reseau-mesure.com\/#website","url":"https:\/\/www.reseau-mesure.com\/","name":"R\u00e9seau-Mesure","description":"Network Measure","publisher":{"@id":"https:\/\/www.reseau-mesure.com\/#organization"},"potentialAction":[{"@type":"SearchAction","target":{"@type":"EntryPoint","urlTemplate":"https:\/\/www.reseau-mesure.com\/?s={search_term_string}"},"query-input":{"@type":"PropertyValueSpecification","valueRequired":true,"valueName":"search_term_string"}}],"inLanguage":"en-US"},{"@type":"Organization","@id":"https:\/\/www.reseau-mesure.com\/#organization","name":"R\u00e9seau-Mesure","url":"https:\/\/www.reseau-mesure.com\/","logo":{"@type":"ImageObject","inLanguage":"en-US","@id":"https:\/\/www.reseau-mesure.com\/#\/schema\/logo\/image\/","url":"https:\/\/www.reseau-mesure.com\/wp-content\/uploads\/2018\/02\/logo-max.png","contentUrl":"https:\/\/www.reseau-mesure.com\/wp-content\/uploads\/2018\/02\/logo-max.png","width":545,"height":285,"caption":"R\u00e9seau-Mesure"},"image":{"@id":"https:\/\/www.reseau-mesure.com\/#\/schema\/logo\/image\/"},"sameAs":["https:\/\/www.facebook.com\/reseaumesure\/","https:\/\/x.com\/ReseauMesure","https:\/\/www.linkedin.com\/company\/reseau-mesure\/"]}]}},"_links":{"self":[{"href":"https:\/\/www.reseau-mesure.com\/en\/wp-json\/wp\/v2\/pages\/591","targetHints":{"allow":["GET"]}}],"collection":[{"href":"https:\/\/www.reseau-mesure.com\/en\/wp-json\/wp\/v2\/pages"}],"about":[{"href":"https:\/\/www.reseau-mesure.com\/en\/wp-json\/wp\/v2\/types\/page"}],"author":[{"embeddable":true,"href":"https:\/\/www.reseau-mesure.com\/en\/wp-json\/wp\/v2\/users\/685"}],"replies":[{"embeddable":true,"href":"https:\/\/www.reseau-mesure.com\/en\/wp-json\/wp\/v2\/comments?post=591"}],"version-history":[{"count":0,"href":"https:\/\/www.reseau-mesure.com\/en\/wp-json\/wp\/v2\/pages\/591\/revisions"}],"wp:attachment":[{"href":"https:\/\/www.reseau-mesure.com\/en\/wp-json\/wp\/v2\/media?parent=591"}],"curies":[{"name":"wp","href":"https:\/\/api.w.org\/{rel}","templated":true}]}}