{"id":6604,"date":"2019-03-25T16:46:12","date_gmt":"2019-03-25T15:46:12","guid":{"rendered":"https:\/\/www.reseau-mesure.com\/?page_id=6604"},"modified":"2019-03-25T16:57:03","modified_gmt":"2019-03-25T15:57:03","slug":"promotion-par-la-video","status":"publish","type":"page","link":"https:\/\/www.reseau-mesure.com\/en\/promotion-par-la-video\/","title":{"rendered":"Video promotion"},"content":{"rendered":"<p>\t\t\t\t<img loading=\"lazy\" decoding=\"async\" src=\"https:\/\/www.reseau-mesure.com\/wp-content\/uploads\/2019\/03\/Visuel_actu_MOOC_reportage_V1_png_1030x625_q85_crop-smart_upscale.png\" alt=\"mooc reportage pro\" itemprop=\"image\" height=\"625\" width=\"1030\" title=\"Visuel_actu_MOOC_reportage_V1_png_1030x625_q85_crop-smart_upscale\" onerror=\"this.style.display='none'\"  \/><\/p>\n<h1>TURN AND EDIT A PRO REPORT WITH YOUR SMARTPHONE<\/h1>\n<h2>A MOOC to learn how to structure pro-quality videos\u2026<\/h2>\n<p>More and more numerous and more and more elaborate, videos play a significant part in the media that we consult every day. While their design had remained a matter of specialists for a century, it has become considerably more democratic since we all put a camera in our smartphones.<\/p>\n<p><strong>Do you film in the field and want to use a smartphone while providing quality content to your productions?<\/strong><\/p>\n<p>The team of experts <strong><a href=\"https:\/\/www.fun-mooc.fr\/universities\/gobelins\/\">GOBELINS, the school of the image<\/a><\/strong>, reveals you through this new <strong>MOOC the secrets of making an efficient and professional report with a smartphone<\/strong>. This MOOC will help you structure the story you are going to tell and will present you with tools to shoot and edit your report.<\/p>\n<p>&nbsp;<\/p>\n<p><strong><a href=\"https:\/\/www.fun-mooc.fr\/courses\/course-v1:gobelins+83004+session01\/about\">To register<\/a><\/strong><\/p>","protected":false},"excerpt":{"rendered":"<p>SHOT AND EDIT A PRO REPORT WITH YOUR SMARTPHONE A MOOC to learn how to structure professional quality videos ... More and more numerous and more and more elaborate, videos play a significant part in the media that we consult every day. While their design had remained a matter of ...<\/p>","protected":false},"author":349,"featured_media":0,"parent":0,"menu_order":0,"comment_status":"closed","ping_status":"closed","template":"","meta":{"_acf_changed":false,"footnotes":""},"class_list":["post-6604","page","type-page","status-publish","hentry"],"acf":[],"yoast_head":"<!-- This site is optimized with the Yoast SEO plugin v27.4 - https:\/\/yoast.com\/product\/yoast-seo-wordpress\/ -->\n<title>Promotion par la vid\u00e9o - R\u00e9seau Mesure<\/title>\n<meta name=\"robots\" content=\"index, follow, max-snippet:-1, max-image-preview:large, max-video-preview:-1\" \/>\n<link rel=\"canonical\" href=\"http:\/\/www.reseau-mesure.com\/en\/promotion-par-la-video\/\" \/>\n<meta property=\"og:locale\" content=\"en_US\" \/>\n<meta property=\"og:type\" content=\"article\" \/>\n<meta property=\"og:title\" content=\"Promotion par la vid\u00e9o - R\u00e9seau Mesure\" \/>\n<meta property=\"og:description\" content=\"TOURNER ET MONTER UN REPORTAGE PRO AVEC SON SMARTPHONE Un MOOC pour apprendre \u00e0 structurer des vid\u00e9os de qualit\u00e9 pro&#8230; De plus en plus nombreuses et de plus en plus \u00e9labor\u00e9es, les vid\u00e9os prennent une part non n\u00e9gligeable dans les m\u00e9dias que nous consultons chaque jour. Alors que leur conception \u00e9tait rest\u00e9e une affaire de&hellip;\" \/>\n<meta property=\"og:url\" content=\"http:\/\/www.reseau-mesure.com\/en\/promotion-par-la-video\/\" \/>\n<meta property=\"og:site_name\" content=\"R\u00e9seau Mesure\" \/>\n<meta property=\"article:publisher\" content=\"https:\/\/www.facebook.com\/reseaumesure\/\" \/>\n<meta property=\"article:modified_time\" content=\"2019-03-25T15:57:03+00:00\" \/>\n<meta property=\"og:image\" content=\"https:\/\/www.reseau-mesure.com\/wp-content\/uploads\/2019\/03\/Visuel_actu_MOOC_reportage_V1_png_1030x625_q85_crop-smart_upscale.png\" \/>\n<meta name=\"twitter:card\" content=\"summary_large_image\" \/>\n<meta name=\"twitter:site\" content=\"@ReseauMesure\" \/>\n<meta name=\"twitter:label1\" content=\"Est. reading time\" \/>\n\t<meta name=\"twitter:data1\" content=\"1 minute\" \/>\n<script type=\"application\/ld+json\" class=\"yoast-schema-graph\">{\"@context\":\"https:\\\/\\\/schema.org\",\"@graph\":[{\"@type\":\"WebPage\",\"@id\":\"http:\\\/\\\/www.reseau-mesure.com\\\/de\\\/promotion-par-la-video\\\/\",\"url\":\"http:\\\/\\\/www.reseau-mesure.com\\\/de\\\/promotion-par-la-video\\\/\",\"name\":\"Promotion par la vid\u00e9o - R\u00e9seau Mesure\",\"isPartOf\":{\"@id\":\"https:\\\/\\\/www.reseau-mesure.com\\\/#website\"},\"primaryImageOfPage\":{\"@id\":\"http:\\\/\\\/www.reseau-mesure.com\\\/de\\\/promotion-par-la-video\\\/#primaryimage\"},\"image\":{\"@id\":\"http:\\\/\\\/www.reseau-mesure.com\\\/de\\\/promotion-par-la-video\\\/#primaryimage\"},\"thumbnailUrl\":\"https:\\\/\\\/www.reseau-mesure.com\\\/wp-content\\\/uploads\\\/2019\\\/03\\\/Visuel_actu_MOOC_reportage_V1_png_1030x625_q85_crop-smart_upscale.png\",\"datePublished\":\"2019-03-25T15:46:12+00:00\",\"dateModified\":\"2019-03-25T15:57:03+00:00\",\"breadcrumb\":{\"@id\":\"http:\\\/\\\/www.reseau-mesure.com\\\/de\\\/promotion-par-la-video\\\/#breadcrumb\"},\"inLanguage\":\"en-US\",\"potentialAction\":[{\"@type\":\"ReadAction\",\"target\":[\"http:\\\/\\\/www.reseau-mesure.com\\\/de\\\/promotion-par-la-video\\\/\"]}]},{\"@type\":\"ImageObject\",\"inLanguage\":\"en-US\",\"@id\":\"http:\\\/\\\/www.reseau-mesure.com\\\/de\\\/promotion-par-la-video\\\/#primaryimage\",\"url\":\"https:\\\/\\\/www.reseau-mesure.com\\\/wp-content\\\/uploads\\\/2019\\\/03\\\/Visuel_actu_MOOC_reportage_V1_png_1030x625_q85_crop-smart_upscale.png\",\"contentUrl\":\"https:\\\/\\\/www.reseau-mesure.com\\\/wp-content\\\/uploads\\\/2019\\\/03\\\/Visuel_actu_MOOC_reportage_V1_png_1030x625_q85_crop-smart_upscale.png\"},{\"@type\":\"BreadcrumbList\",\"@id\":\"http:\\\/\\\/www.reseau-mesure.com\\\/de\\\/promotion-par-la-video\\\/#breadcrumb\",\"itemListElement\":[{\"@type\":\"ListItem\",\"position\":1,\"name\":\"Accueil\",\"item\":\"https:\\\/\\\/www.reseau-mesure.com\\\/\"},{\"@type\":\"ListItem\",\"position\":2,\"name\":\"Promotion par la vid\u00e9o\"}]},{\"@type\":\"WebSite\",\"@id\":\"https:\\\/\\\/www.reseau-mesure.com\\\/#website\",\"url\":\"https:\\\/\\\/www.reseau-mesure.com\\\/\",\"name\":\"R\u00e9seau-Mesure\",\"description\":\"R\u00e9seau Mesure\",\"publisher\":{\"@id\":\"https:\\\/\\\/www.reseau-mesure.com\\\/#organization\"},\"potentialAction\":[{\"@type\":\"SearchAction\",\"target\":{\"@type\":\"EntryPoint\",\"urlTemplate\":\"https:\\\/\\\/www.reseau-mesure.com\\\/?s={search_term_string}\"},\"query-input\":{\"@type\":\"PropertyValueSpecification\",\"valueRequired\":true,\"valueName\":\"search_term_string\"}}],\"inLanguage\":\"en-US\"},{\"@type\":\"Organization\",\"@id\":\"https:\\\/\\\/www.reseau-mesure.com\\\/#organization\",\"name\":\"R\u00e9seau-Mesure\",\"url\":\"https:\\\/\\\/www.reseau-mesure.com\\\/\",\"logo\":{\"@type\":\"ImageObject\",\"inLanguage\":\"en-US\",\"@id\":\"https:\\\/\\\/www.reseau-mesure.com\\\/#\\\/schema\\\/logo\\\/image\\\/\",\"url\":\"https:\\\/\\\/www.reseau-mesure.com\\\/wp-content\\\/uploads\\\/2018\\\/02\\\/logo-max.png\",\"contentUrl\":\"https:\\\/\\\/www.reseau-mesure.com\\\/wp-content\\\/uploads\\\/2018\\\/02\\\/logo-max.png\",\"width\":545,\"height\":285,\"caption\":\"R\u00e9seau-Mesure\"},\"image\":{\"@id\":\"https:\\\/\\\/www.reseau-mesure.com\\\/#\\\/schema\\\/logo\\\/image\\\/\"},\"sameAs\":[\"https:\\\/\\\/www.facebook.com\\\/reseaumesure\\\/\",\"https:\\\/\\\/x.com\\\/ReseauMesure\",\"https:\\\/\\\/www.linkedin.com\\\/company\\\/reseau-mesure\\\/\"]}]}<\/script>\n<!-- \/ Yoast SEO plugin. -->","yoast_head_json":{"title":"Promotion par la vid\u00e9o - R\u00e9seau Mesure","robots":{"index":"index","follow":"follow","max-snippet":"max-snippet:-1","max-image-preview":"max-image-preview:large","max-video-preview":"max-video-preview:-1"},"canonical":"http:\/\/www.reseau-mesure.com\/en\/promotion-par-la-video\/","og_locale":"en_US","og_type":"article","og_title":"Promotion par la vid\u00e9o - R\u00e9seau Mesure","og_description":"TOURNER ET MONTER UN REPORTAGE PRO AVEC SON SMARTPHONE Un MOOC pour apprendre \u00e0 structurer des vid\u00e9os de qualit\u00e9 pro&#8230; De plus en plus nombreuses et de plus en plus \u00e9labor\u00e9es, les vid\u00e9os prennent une part non n\u00e9gligeable dans les m\u00e9dias que nous consultons chaque jour. Alors que leur conception \u00e9tait rest\u00e9e une affaire de&hellip;","og_url":"http:\/\/www.reseau-mesure.com\/en\/promotion-par-la-video\/","og_site_name":"R\u00e9seau Mesure","article_publisher":"https:\/\/www.facebook.com\/reseaumesure\/","article_modified_time":"2019-03-25T15:57:03+00:00","og_image":[{"url":"https:\/\/www.reseau-mesure.com\/wp-content\/uploads\/2019\/03\/Visuel_actu_MOOC_reportage_V1_png_1030x625_q85_crop-smart_upscale.png","type":"","width":"","height":""}],"twitter_card":"summary_large_image","twitter_site":"@ReseauMesure","twitter_misc":{"Est. reading time":"1 minute"},"schema":{"@context":"https:\/\/schema.org","@graph":[{"@type":"WebPage","@id":"http:\/\/www.reseau-mesure.com\/de\/promotion-par-la-video\/","url":"http:\/\/www.reseau-mesure.com\/de\/promotion-par-la-video\/","name":"Promotion par la vid\u00e9o - R\u00e9seau Mesure","isPartOf":{"@id":"https:\/\/www.reseau-mesure.com\/#website"},"primaryImageOfPage":{"@id":"http:\/\/www.reseau-mesure.com\/de\/promotion-par-la-video\/#primaryimage"},"image":{"@id":"http:\/\/www.reseau-mesure.com\/de\/promotion-par-la-video\/#primaryimage"},"thumbnailUrl":"https:\/\/www.reseau-mesure.com\/wp-content\/uploads\/2019\/03\/Visuel_actu_MOOC_reportage_V1_png_1030x625_q85_crop-smart_upscale.png","datePublished":"2019-03-25T15:46:12+00:00","dateModified":"2019-03-25T15:57:03+00:00","breadcrumb":{"@id":"http:\/\/www.reseau-mesure.com\/de\/promotion-par-la-video\/#breadcrumb"},"inLanguage":"en-US","potentialAction":[{"@type":"ReadAction","target":["http:\/\/www.reseau-mesure.com\/de\/promotion-par-la-video\/"]}]},{"@type":"ImageObject","inLanguage":"en-US","@id":"http:\/\/www.reseau-mesure.com\/de\/promotion-par-la-video\/#primaryimage","url":"https:\/\/www.reseau-mesure.com\/wp-content\/uploads\/2019\/03\/Visuel_actu_MOOC_reportage_V1_png_1030x625_q85_crop-smart_upscale.png","contentUrl":"https:\/\/www.reseau-mesure.com\/wp-content\/uploads\/2019\/03\/Visuel_actu_MOOC_reportage_V1_png_1030x625_q85_crop-smart_upscale.png"},{"@type":"BreadcrumbList","@id":"http:\/\/www.reseau-mesure.com\/de\/promotion-par-la-video\/#breadcrumb","itemListElement":[{"@type":"ListItem","position":1,"name":"Accueil","item":"https:\/\/www.reseau-mesure.com\/"},{"@type":"ListItem","position":2,"name":"Promotion par la vid\u00e9o"}]},{"@type":"WebSite","@id":"https:\/\/www.reseau-mesure.com\/#website","url":"https:\/\/www.reseau-mesure.com\/","name":"R\u00e9seau-Mesure","description":"Network Measure","publisher":{"@id":"https:\/\/www.reseau-mesure.com\/#organization"},"potentialAction":[{"@type":"SearchAction","target":{"@type":"EntryPoint","urlTemplate":"https:\/\/www.reseau-mesure.com\/?s={search_term_string}"},"query-input":{"@type":"PropertyValueSpecification","valueRequired":true,"valueName":"search_term_string"}}],"inLanguage":"en-US"},{"@type":"Organization","@id":"https:\/\/www.reseau-mesure.com\/#organization","name":"R\u00e9seau-Mesure","url":"https:\/\/www.reseau-mesure.com\/","logo":{"@type":"ImageObject","inLanguage":"en-US","@id":"https:\/\/www.reseau-mesure.com\/#\/schema\/logo\/image\/","url":"https:\/\/www.reseau-mesure.com\/wp-content\/uploads\/2018\/02\/logo-max.png","contentUrl":"https:\/\/www.reseau-mesure.com\/wp-content\/uploads\/2018\/02\/logo-max.png","width":545,"height":285,"caption":"R\u00e9seau-Mesure"},"image":{"@id":"https:\/\/www.reseau-mesure.com\/#\/schema\/logo\/image\/"},"sameAs":["https:\/\/www.facebook.com\/reseaumesure\/","https:\/\/x.com\/ReseauMesure","https:\/\/www.linkedin.com\/company\/reseau-mesure\/"]}]}},"_links":{"self":[{"href":"https:\/\/www.reseau-mesure.com\/en\/wp-json\/wp\/v2\/pages\/6604","targetHints":{"allow":["GET"]}}],"collection":[{"href":"https:\/\/www.reseau-mesure.com\/en\/wp-json\/wp\/v2\/pages"}],"about":[{"href":"https:\/\/www.reseau-mesure.com\/en\/wp-json\/wp\/v2\/types\/page"}],"author":[{"embeddable":true,"href":"https:\/\/www.reseau-mesure.com\/en\/wp-json\/wp\/v2\/users\/349"}],"replies":[{"embeddable":true,"href":"https:\/\/www.reseau-mesure.com\/en\/wp-json\/wp\/v2\/comments?post=6604"}],"version-history":[{"count":0,"href":"https:\/\/www.reseau-mesure.com\/en\/wp-json\/wp\/v2\/pages\/6604\/revisions"}],"wp:attachment":[{"href":"https:\/\/www.reseau-mesure.com\/en\/wp-json\/wp\/v2\/media?parent=6604"}],"curies":[{"name":"wp","href":"https:\/\/api.w.org\/{rel}","templated":true}]}}