{"id":666,"date":"2018-01-10T08:44:48","date_gmt":"2018-01-10T07:44:48","guid":{"rendered":"http:\/\/reseau-mesure.fr\/?page_id=666"},"modified":"2019-08-22T15:47:36","modified_gmt":"2019-08-22T13:47:36","slug":"pourquoi-adherer","status":"publish","type":"page","link":"https:\/\/www.reseau-mesure.com\/en\/pourquoi-adherer\/","title":{"rendered":"Why join the Measurement Network?"},"content":{"rendered":"<img loading=\"lazy\" decoding=\"async\" src=\"https:\/\/www.reseau-mesure.com\/wp-content\/uploads\/2018\/11\/shutterstock_344824130-300x182.jpg\" alt=\"Adh\u00e9rer au R\u00e9seau Mesure\" itemprop=\"image\" height=\"182\" width=\"300\" title=\"join the Measurement Network\"  \/>\n\t\t<h1 >\n\t\t\tWhy join the Measure Network 7 reasons to join the association\n\t\t<\/h1>\n\t<ul>\n<li><strong>To benefit from the strength of a network of companies.<\/strong><\/li>\n<li><strong>To break the loneliness of the entrepreneur or your unique function within your establishment.<\/strong><\/li>\n<li><strong>To exchange with your peers.<\/strong><\/li>\n<li><strong>To save on operating costs.<\/strong><\/li>\n<li><strong>To amplify your communication at a lower cost.<\/strong><\/li>\n<li><strong>To benefit from targeted training at optimized prices.<\/strong><\/li>\n<li><strong>To develop your network.<\/strong><\/li>\n<\/ul>\n<p><strong>The R\u00e9seau Mesure team is at your service<\/strong><\/p>\n<p><strong>The objectives of the Measurement Network<\/strong><\/p>\n<p><b>=&gt; Helping the development of member companies<\/b><\/p>\n<ul>\n<li>By providing a pooled service offering to its members<\/li>\n<li>By providing collective solutions with added value<\/li>\n<li>By promoting the know-how and skills of its members<\/li>\n<\/ul>\n<p><strong>Actions of the Measurement Network<\/strong><\/p>\n<ul>\n<li>The implementation of value-creating synergies.<\/li>\n<li>A source of additional savings for members through pooled actions managed by dedicated working groups.<\/li>\n<\/ul>\n\t\t\t\t<img decoding=\"async\" src=\"https:\/\/www.reseau-mesure.com\/wp-content\/uploads\/2018\/01\/reseau.jpg\" alt=\"Adh\u00e9rer au R\u00e9seau Mesure\" itemprop=\"image\" title=\"Join the Measurement Network\"  \/>\n\t\t<h2 >\n\t\t\tOur members\n\t\t<\/h2>\n    <p>Find all the member companies of the Measurement Network<\/p>\n    <p>- Members of the Measuring Network -<\/p>\n    <a href=\"\/en\/adherent\/?aid=79\"><img decoding=\"async\" src=\"https:\/\/www.reseau-mesure.com\/wp-content\/uploads\/2018\/02\/Alytech.jpg\" alt=\"ALYTECH\" \/><\/a>\n    <a href=\"\/en\/adherent\/?aid=147\"><img decoding=\"async\" src=\"https:\/\/www.reseau-mesure.com\/wp-content\/uploads\/2018\/02\/one-too.png\" alt=\"ONE-TOO\" \/><\/a>\n    <a href=\"\/en\/adherent\/?aid=85\"><img decoding=\"async\" src=\"https:\/\/www.reseau-mesure.com\/wp-content\/uploads\/2018\/02\/B-Mesure-HD.jpg\" alt=\"B.MESURE\" \/><\/a>\n    <a href=\"\/en\/adherent\/?aid=115\"><img decoding=\"async\" src=\"https:\/\/www.reseau-mesure.com\/wp-content\/uploads\/2018\/02\/LNE-2018.png\" alt=\"LNE\" \/><\/a>\n    <a href=\"\/en\/adherent\/?aid=103\"><img decoding=\"async\" src=\"https:\/\/www.reseau-mesure.com\/wp-content\/uploads\/2018\/02\/FLUIDES_PRECISION.jpeg\" alt=\"FLUIDES PRECISION\" \/><\/a>\n    <a href=\"\/en\/adherent\/?aid=110\"><img decoding=\"async\" src=\"https:\/\/www.reseau-mesure.com\/wp-content\/uploads\/2018\/02\/JM-INVESTMENT-FUND.jpg\" alt=\"JM INVESTMENT FUND\" \/><\/a>\n    <a href=\"\/en\/adherent\/?aid=97\"><img decoding=\"async\" src=\"https:\/\/www.reseau-mesure.com\/wp-content\/uploads\/2018\/06\/distrilabo-logo-1467100471.jpg\" alt=\"DISTRILABO\" \/><\/a>\n    <a href=\"\/en\/adherent\/?aid=45\"><img decoding=\"async\" src=\"https:\/\/www.reseau-mesure.com\/wp-content\/uploads\/2018\/02\/Intertek-\u00e0-utiliser-002-1.jpg\" alt=\"INTERTEK FRANCE\" \/><\/a>","protected":false},"excerpt":{"rendered":"<p>Why join the Measure Network 7 reasons to join the association To benefit from the strength of a business network. To break the loneliness of the business manager or your unique function within your establishment. To exchange with your peers. To save on operating costs. To amplify your communication at a lower ...<\/p>","protected":false},"author":685,"featured_media":0,"parent":0,"menu_order":0,"comment_status":"closed","ping_status":"closed","template":"","meta":{"_acf_changed":false,"footnotes":""},"class_list":["post-666","page","type-page","status-publish","hentry"],"acf":[],"yoast_head":"<!-- This site is optimized with the Yoast SEO plugin v27.4 - https:\/\/yoast.com\/product\/yoast-seo-wordpress\/ -->\n<title>Adh\u00e9rer au R\u00e9seau Mesure, Pourquoi ? - R\u00e9seau Mesure<\/title>\n<meta name=\"description\" content=\"Adh\u00e9rer au R\u00e9seau Mesure est une solution simple et efficace de developper votre activit\u00e9 au quotidien en b\u00e9n\u00e9ficiant de la force d&#039;un R\u00e9seau.\" \/>\n<meta name=\"robots\" content=\"index, follow, max-snippet:-1, max-image-preview:large, max-video-preview:-1\" \/>\n<link rel=\"canonical\" href=\"https:\/\/www.reseau-mesure.com\/en\/pourquoi-adherer\/\" \/>\n<meta property=\"og:locale\" content=\"en_US\" \/>\n<meta property=\"og:type\" content=\"article\" \/>\n<meta property=\"og:title\" content=\"Adh\u00e9rer au R\u00e9seau Mesure, Pourquoi ? - R\u00e9seau Mesure\" \/>\n<meta property=\"og:description\" content=\"Adh\u00e9rer au R\u00e9seau Mesure est une solution simple et efficace de developper votre activit\u00e9 au quotidien en b\u00e9n\u00e9ficiant de la force d&#039;un R\u00e9seau.\" \/>\n<meta property=\"og:url\" content=\"https:\/\/www.reseau-mesure.com\/en\/pourquoi-adherer\/\" \/>\n<meta property=\"og:site_name\" content=\"R\u00e9seau Mesure\" \/>\n<meta property=\"article:publisher\" content=\"https:\/\/www.facebook.com\/reseaumesure\/\" \/>\n<meta property=\"article:modified_time\" content=\"2019-08-22T13:47:36+00:00\" \/>\n<meta property=\"og:image\" content=\"https:\/\/www.reseau-mesure.com\/wp-content\/uploads\/2018\/11\/shutterstock_344824130-300x182.jpg\" \/>\n<meta name=\"twitter:card\" content=\"summary_large_image\" \/>\n<meta name=\"twitter:site\" content=\"@ReseauMesure\" \/>\n<meta name=\"twitter:label1\" content=\"Est. reading time\" \/>\n\t<meta name=\"twitter:data1\" content=\"1 minute\" \/>\n<script type=\"application\/ld+json\" class=\"yoast-schema-graph\">{\"@context\":\"https:\\\/\\\/schema.org\",\"@graph\":[{\"@type\":\"WebPage\",\"@id\":\"https:\\\/\\\/www.reseau-mesure.com\\\/pourquoi-adherer\\\/\",\"url\":\"https:\\\/\\\/www.reseau-mesure.com\\\/pourquoi-adherer\\\/\",\"name\":\"Adh\u00e9rer au R\u00e9seau Mesure, Pourquoi ? - R\u00e9seau Mesure\",\"isPartOf\":{\"@id\":\"https:\\\/\\\/www.reseau-mesure.com\\\/#website\"},\"primaryImageOfPage\":{\"@id\":\"https:\\\/\\\/www.reseau-mesure.com\\\/pourquoi-adherer\\\/#primaryimage\"},\"image\":{\"@id\":\"https:\\\/\\\/www.reseau-mesure.com\\\/pourquoi-adherer\\\/#primaryimage\"},\"thumbnailUrl\":\"https:\\\/\\\/www.reseau-mesure.com\\\/wp-content\\\/uploads\\\/2018\\\/11\\\/shutterstock_344824130-300x182.jpg\",\"datePublished\":\"2018-01-10T07:44:48+00:00\",\"dateModified\":\"2019-08-22T13:47:36+00:00\",\"description\":\"Adh\u00e9rer au R\u00e9seau Mesure est une solution simple et efficace de developper votre activit\u00e9 au quotidien en b\u00e9n\u00e9ficiant de la force d'un R\u00e9seau.\",\"breadcrumb\":{\"@id\":\"https:\\\/\\\/www.reseau-mesure.com\\\/pourquoi-adherer\\\/#breadcrumb\"},\"inLanguage\":\"en-US\",\"potentialAction\":[{\"@type\":\"ReadAction\",\"target\":[\"https:\\\/\\\/www.reseau-mesure.com\\\/pourquoi-adherer\\\/\"]}]},{\"@type\":\"ImageObject\",\"inLanguage\":\"en-US\",\"@id\":\"https:\\\/\\\/www.reseau-mesure.com\\\/pourquoi-adherer\\\/#primaryimage\",\"url\":\"https:\\\/\\\/www.reseau-mesure.com\\\/wp-content\\\/uploads\\\/2018\\\/11\\\/shutterstock_344824130-300x182.jpg\",\"contentUrl\":\"https:\\\/\\\/www.reseau-mesure.com\\\/wp-content\\\/uploads\\\/2018\\\/11\\\/shutterstock_344824130-300x182.jpg\"},{\"@type\":\"BreadcrumbList\",\"@id\":\"https:\\\/\\\/www.reseau-mesure.com\\\/pourquoi-adherer\\\/#breadcrumb\",\"itemListElement\":[{\"@type\":\"ListItem\",\"position\":1,\"name\":\"Accueil\",\"item\":\"https:\\\/\\\/www.reseau-mesure.com\\\/\"},{\"@type\":\"ListItem\",\"position\":2,\"name\":\"Adh\u00e9rer au R\u00e9seau Mesure, Pourquoi ?\"}]},{\"@type\":\"WebSite\",\"@id\":\"https:\\\/\\\/www.reseau-mesure.com\\\/#website\",\"url\":\"https:\\\/\\\/www.reseau-mesure.com\\\/\",\"name\":\"R\u00e9seau-Mesure\",\"description\":\"R\u00e9seau Mesure\",\"publisher\":{\"@id\":\"https:\\\/\\\/www.reseau-mesure.com\\\/#organization\"},\"potentialAction\":[{\"@type\":\"SearchAction\",\"target\":{\"@type\":\"EntryPoint\",\"urlTemplate\":\"https:\\\/\\\/www.reseau-mesure.com\\\/?s={search_term_string}\"},\"query-input\":{\"@type\":\"PropertyValueSpecification\",\"valueRequired\":true,\"valueName\":\"search_term_string\"}}],\"inLanguage\":\"en-US\"},{\"@type\":\"Organization\",\"@id\":\"https:\\\/\\\/www.reseau-mesure.com\\\/#organization\",\"name\":\"R\u00e9seau-Mesure\",\"url\":\"https:\\\/\\\/www.reseau-mesure.com\\\/\",\"logo\":{\"@type\":\"ImageObject\",\"inLanguage\":\"en-US\",\"@id\":\"https:\\\/\\\/www.reseau-mesure.com\\\/#\\\/schema\\\/logo\\\/image\\\/\",\"url\":\"https:\\\/\\\/www.reseau-mesure.com\\\/wp-content\\\/uploads\\\/2018\\\/02\\\/logo-max.png\",\"contentUrl\":\"https:\\\/\\\/www.reseau-mesure.com\\\/wp-content\\\/uploads\\\/2018\\\/02\\\/logo-max.png\",\"width\":545,\"height\":285,\"caption\":\"R\u00e9seau-Mesure\"},\"image\":{\"@id\":\"https:\\\/\\\/www.reseau-mesure.com\\\/#\\\/schema\\\/logo\\\/image\\\/\"},\"sameAs\":[\"https:\\\/\\\/www.facebook.com\\\/reseaumesure\\\/\",\"https:\\\/\\\/x.com\\\/ReseauMesure\",\"https:\\\/\\\/www.linkedin.com\\\/company\\\/reseau-mesure\\\/\"]}]}<\/script>\n<!-- \/ Yoast SEO plugin. -->","yoast_head_json":{"title":"Adh\u00e9rer au R\u00e9seau Mesure, Pourquoi ? - R\u00e9seau Mesure","description":"Adh\u00e9rer au R\u00e9seau Mesure est une solution simple et efficace de developper votre activit\u00e9 au quotidien en b\u00e9n\u00e9ficiant de la force d'un R\u00e9seau.","robots":{"index":"index","follow":"follow","max-snippet":"max-snippet:-1","max-image-preview":"max-image-preview:large","max-video-preview":"max-video-preview:-1"},"canonical":"https:\/\/www.reseau-mesure.com\/en\/pourquoi-adherer\/","og_locale":"en_US","og_type":"article","og_title":"Adh\u00e9rer au R\u00e9seau Mesure, Pourquoi ? - R\u00e9seau Mesure","og_description":"Adh\u00e9rer au R\u00e9seau Mesure est une solution simple et efficace de developper votre activit\u00e9 au quotidien en b\u00e9n\u00e9ficiant de la force d'un R\u00e9seau.","og_url":"https:\/\/www.reseau-mesure.com\/en\/pourquoi-adherer\/","og_site_name":"R\u00e9seau Mesure","article_publisher":"https:\/\/www.facebook.com\/reseaumesure\/","article_modified_time":"2019-08-22T13:47:36+00:00","og_image":[{"url":"https:\/\/www.reseau-mesure.com\/wp-content\/uploads\/2018\/11\/shutterstock_344824130-300x182.jpg","type":"","width":"","height":""}],"twitter_card":"summary_large_image","twitter_site":"@ReseauMesure","twitter_misc":{"Est. reading time":"1 minute"},"schema":{"@context":"https:\/\/schema.org","@graph":[{"@type":"WebPage","@id":"https:\/\/www.reseau-mesure.com\/pourquoi-adherer\/","url":"https:\/\/www.reseau-mesure.com\/pourquoi-adherer\/","name":"Adh\u00e9rer au R\u00e9seau Mesure, Pourquoi ? - R\u00e9seau Mesure","isPartOf":{"@id":"https:\/\/www.reseau-mesure.com\/#website"},"primaryImageOfPage":{"@id":"https:\/\/www.reseau-mesure.com\/pourquoi-adherer\/#primaryimage"},"image":{"@id":"https:\/\/www.reseau-mesure.com\/pourquoi-adherer\/#primaryimage"},"thumbnailUrl":"https:\/\/www.reseau-mesure.com\/wp-content\/uploads\/2018\/11\/shutterstock_344824130-300x182.jpg","datePublished":"2018-01-10T07:44:48+00:00","dateModified":"2019-08-22T13:47:36+00:00","description":"Adh\u00e9rer au R\u00e9seau Mesure est une solution simple et efficace de developper votre activit\u00e9 au quotidien en b\u00e9n\u00e9ficiant de la force d'un R\u00e9seau.","breadcrumb":{"@id":"https:\/\/www.reseau-mesure.com\/pourquoi-adherer\/#breadcrumb"},"inLanguage":"en-US","potentialAction":[{"@type":"ReadAction","target":["https:\/\/www.reseau-mesure.com\/pourquoi-adherer\/"]}]},{"@type":"ImageObject","inLanguage":"en-US","@id":"https:\/\/www.reseau-mesure.com\/pourquoi-adherer\/#primaryimage","url":"https:\/\/www.reseau-mesure.com\/wp-content\/uploads\/2018\/11\/shutterstock_344824130-300x182.jpg","contentUrl":"https:\/\/www.reseau-mesure.com\/wp-content\/uploads\/2018\/11\/shutterstock_344824130-300x182.jpg"},{"@type":"BreadcrumbList","@id":"https:\/\/www.reseau-mesure.com\/pourquoi-adherer\/#breadcrumb","itemListElement":[{"@type":"ListItem","position":1,"name":"Accueil","item":"https:\/\/www.reseau-mesure.com\/"},{"@type":"ListItem","position":2,"name":"Adh\u00e9rer au R\u00e9seau Mesure, Pourquoi ?"}]},{"@type":"WebSite","@id":"https:\/\/www.reseau-mesure.com\/#website","url":"https:\/\/www.reseau-mesure.com\/","name":"R\u00e9seau-Mesure","description":"Network Measure","publisher":{"@id":"https:\/\/www.reseau-mesure.com\/#organization"},"potentialAction":[{"@type":"SearchAction","target":{"@type":"EntryPoint","urlTemplate":"https:\/\/www.reseau-mesure.com\/?s={search_term_string}"},"query-input":{"@type":"PropertyValueSpecification","valueRequired":true,"valueName":"search_term_string"}}],"inLanguage":"en-US"},{"@type":"Organization","@id":"https:\/\/www.reseau-mesure.com\/#organization","name":"R\u00e9seau-Mesure","url":"https:\/\/www.reseau-mesure.com\/","logo":{"@type":"ImageObject","inLanguage":"en-US","@id":"https:\/\/www.reseau-mesure.com\/#\/schema\/logo\/image\/","url":"https:\/\/www.reseau-mesure.com\/wp-content\/uploads\/2018\/02\/logo-max.png","contentUrl":"https:\/\/www.reseau-mesure.com\/wp-content\/uploads\/2018\/02\/logo-max.png","width":545,"height":285,"caption":"R\u00e9seau-Mesure"},"image":{"@id":"https:\/\/www.reseau-mesure.com\/#\/schema\/logo\/image\/"},"sameAs":["https:\/\/www.facebook.com\/reseaumesure\/","https:\/\/x.com\/ReseauMesure","https:\/\/www.linkedin.com\/company\/reseau-mesure\/"]}]}},"_links":{"self":[{"href":"https:\/\/www.reseau-mesure.com\/en\/wp-json\/wp\/v2\/pages\/666","targetHints":{"allow":["GET"]}}],"collection":[{"href":"https:\/\/www.reseau-mesure.com\/en\/wp-json\/wp\/v2\/pages"}],"about":[{"href":"https:\/\/www.reseau-mesure.com\/en\/wp-json\/wp\/v2\/types\/page"}],"author":[{"embeddable":true,"href":"https:\/\/www.reseau-mesure.com\/en\/wp-json\/wp\/v2\/users\/685"}],"replies":[{"embeddable":true,"href":"https:\/\/www.reseau-mesure.com\/en\/wp-json\/wp\/v2\/comments?post=666"}],"version-history":[{"count":0,"href":"https:\/\/www.reseau-mesure.com\/en\/wp-json\/wp\/v2\/pages\/666\/revisions"}],"wp:attachment":[{"href":"https:\/\/www.reseau-mesure.com\/en\/wp-json\/wp\/v2\/media?parent=666"}],"curies":[{"name":"wp","href":"https:\/\/api.w.org\/{rel}","templated":true}]}}