{"id":6695,"date":"2019-04-12T11:26:47","date_gmt":"2019-04-12T09:26:47","guid":{"rendered":"https:\/\/www.reseau-mesure.com\/?page_id=6695"},"modified":"2023-10-12T07:36:11","modified_gmt":"2023-10-12T05:36:11","slug":"f-iniciativas","status":"publish","type":"page","link":"https:\/\/www.reseau-mesure.com\/en\/f-iniciativas\/","title":{"rendered":"F. Iniciativas"},"content":{"rendered":"<img loading=\"lazy\" decoding=\"async\" src=\"https:\/\/www.reseau-mesure.com\/wp-content\/uploads\/2019\/04\/logo-F.Iniciativas.jpg\" alt=\"logo F.Iniciativas\" itemprop=\"image\" height=\"105\" width=\"146\" title=\"F. Iniciativas logo\" onerror=\"this.style.display='none'\"  \/>\n\t\t\t\t<img loading=\"lazy\" decoding=\"async\" src=\"https:\/\/www.reseau-mesure.com\/wp-content\/uploads\/2019\/04\/logo3.jpg\" alt=\"f iniciativas bureau veritas\" itemprop=\"image\" height=\"152\" width=\"270\" title=\"f iniciativas bureau veritas\" onerror=\"this.style.display='none'\"  \/>\n\t\t\t\t<img loading=\"lazy\" decoding=\"async\" src=\"https:\/\/www.reseau-mesure.com\/wp-content\/uploads\/2019\/04\/logo-2.png\" alt=\"F Inititivas conseil en CIR\" itemprop=\"image\" height=\"140\" width=\"110\" title=\"F Inititivas CIR consulting\" onerror=\"this.style.display='none'\"  \/>\n\t\n<p>&nbsp;<\/p>\n<h1><strong>Innovation financing solution<\/strong><\/h1>\n<p>&nbsp;<\/p>\n<h2>As part of the purchasing group&#039;s work, the Measuring Network offers its members a support solution for financing innovation at preferential conditions.<\/h2>\n<p>&nbsp;<\/p>\n<p>As an expert in R&amp;D, F. Iniciativas offers 360 \u00b0 innovation support for its customers:<\/p>\n<ul>\n<li>Research Tax Credit<\/li>\n<li>Innovation Tax Credit<\/li>\n<li>Young Innovative Company &amp; CIR &amp; CII Approvals<\/li>\n<li>Aid &amp; Subsidies<\/li>\n<li>Training<\/li>\n<li>Innovation management<\/li>\n<\/ul>\n<h3><strong>CIR &amp; CII<\/strong><\/h3>\n<p>Taking charge of all the steps relating to the declaration of your CIR \/ CII: definition of the <strong>eligible perimeter <\/strong>(R &amp; D \/ Innovation), <strong>financial valuation,<\/strong> <strong>writing <\/strong>supporting summaries, <strong>accompaniment<\/strong> in the event of a tax audit.<\/p>\n<h3><strong>YOUNG INNOVATIVE COMPANY<\/strong><\/h3>\n<p>You are a <strong>Independent SME <\/strong>less than 8 years old and 15% of your expenses are allocated to R&amp;D work?<strong> This service is made for you!<\/strong><\/p>\n<h3><strong>AID &amp; SUBSIDIES<\/strong><\/h3>\n<p>In the maze of public aid dedicated to innovation, F. Iniciativas targets <strong>the device<\/strong> <strong>more suitable for projects <\/strong>of its customers and <strong>maximizes<\/strong> <strong>chances of success. <\/strong>F. Iniciativas thus supports structures of all sizes in this very structured exercise that is the application for a financing mechanism.<\/p>\n<h3><strong>INTERNATIONAL SYSTEMS \/ BPI EXPORT INSURANCE<\/strong><\/h3>\n<p>Iniciativas supports SMEs and mid-cap companies with a view to <strong>minimize the<\/strong> <strong>financial risks incurred<\/strong> <strong>during their prospecting<\/strong> <strong>commercial <\/strong>in new international markets. The objective is to organize, structure and budget your actions abroad in order to receive the effective support offered by BPI Export.<\/p>\n<h3><strong>TRAINING<\/strong><\/h3>\n<p>FI University offers you <strong>tailor-made training,<\/strong> specialized for <strong>the experts<\/strong> <strong>accountants, auditors<\/strong> <strong>to the accounts, <\/strong>but also for <strong>startups.<\/strong><\/p>\n<h3><strong>INNOVATION MANAGEMENT<\/strong><\/h3>\n<p><strong>Promote collective intelligence <\/strong>by involving your employees in order to <strong>generate value through innovation. <\/strong>Innovation Management will allow you to improve your performance and understand the future needs of your market.<\/p>\n<p>&nbsp;<\/p>\n<h2><strong><u>The conditions reserved for members of the Measurement Network:<\/u><\/strong><\/h2>\n<p><strong>Iniciativas graciously offers:<\/strong><\/p>\n<ul>\n<li><strong><u>Un Audit d&rsquo;\u00e9ligibilit\u00e9 (Cr\u00e9dit d&rsquo;Imp\u00f4t Recherche \/ Innovation \/ Statut JEI)\u00a0:<\/u><\/strong><\/li>\n<\/ul>\n<ul>\n<li>Technical exchanges around the main principles of eligibility for the system (scientific novelty, uncertainties, resources and approach)<\/li>\n<li>Definition of the eligibility scope (eligible phases, thematic grouping)<\/li>\n<li>Editorial recommendations and valuation potential estimate<\/li>\n<\/ul>\n<p><em>A l&rsquo;issue du pr\u00e9 audit, restitution d&rsquo;un compte rendu succinct par mail afin de situer l&rsquo;adh\u00e9rent par rapport aux dispositifs et d&rsquo;estimer les montants d&rsquo;aides potentielles<\/em><\/p>\n<p>&nbsp;<\/p>\n<ul>\n<li><strong><u>Un Audit de vuln\u00e9rabilit\u00e9 (Cr\u00e9dit d&rsquo;Imp\u00f4t Recherche \/ Innovation)\u00a0:<\/u><\/strong><\/li>\n<\/ul>\n<p>&nbsp;<\/p>\n<ul>\n<li>Study of eligibility and project deliverables (CIR): global vision of the quality of the formalism of project deliverables\n<ul>\n<li>Risk analysis of selected projects<\/li>\n<li>Recommended security actions<\/li>\n<li>Hypoth\u00e8ses d&rsquo;optimisation<\/li>\n<\/ul>\n<\/li>\n<\/ul>\n<ul>\n<li>Review of the CIR process in the company<\/li>\n<li>Recommendations and action plan:\n<ul>\n<li>General conclusion on the quality of the file<\/li>\n<li>Estimation d&rsquo;un niveau de vuln\u00e9rabilit\u00e9<\/li>\n<\/ul>\n<\/li>\n<\/ul>\n<p><em>\u00a0<\/em><em>A l&rsquo;issu du pr\u00e9 audit, restitution \u00e0 l&rsquo;oral de nos commentaires et pr\u00e9conisations sous forme d&rsquo;entretien t\u00e9l\u00e9phonique avec l&rsquo;adh\u00e9rent.<\/em><\/p>\n<p><strong>\u00a0<\/strong><\/p>\n<p><strong>Contact<\/strong><\/p>\n<p>Abel WORMSER<\/p>\n<p>Sales manager<\/p>\n<p>Lyon office<\/p>\n<p>+33 4 81 09 07 54 - M. +33 6 18 21 39 34<\/p>\n<p>abel.wormser@f-iniciativas.fr<\/p>\n\n\t\t\t<a href=\"https:\/\/www.reseau-mesure.com\/wp-content\/uploads\/2019\/04\/Protocole-FINICIATIVAS-2019-R\u00e9seau-Mesure-.docx\" target=\"_self\" role=\"button\" rel=\"noopener\">\n\t\t\t\t\t\t\tI download the Protocol to benefit from the free audit\n\t\t\t\t\t<\/a>","protected":false},"excerpt":{"rendered":"<p>&nbsp; Solution de financement de l&rsquo;innovation &nbsp; Dans le cadre des travaux du groupe achats, le R\u00e9seau Mesure propose \u00e0 ses adh\u00e9rents une solution d&rsquo;accompagnement de financement de l&rsquo;innovation \u00e0 des conditions pr\u00e9f\u00e9rentielles. &nbsp; En tant qu&rsquo;expert de la R&amp;D, F. Iniciativas propose un accompagnement innovation \u00e0 360\u00b0 pour ses clients : Cr\u00e9dit d&rsquo;Imp\u00f4t Recherche&hellip;<\/p>","protected":false},"author":685,"featured_media":0,"parent":0,"menu_order":0,"comment_status":"closed","ping_status":"closed","template":"","meta":{"_acf_changed":false,"footnotes":""},"class_list":["post-6695","page","type-page","status-publish","hentry"],"acf":[],"yoast_head":"<!-- This site is optimized with the Yoast SEO plugin v27.4 - https:\/\/yoast.com\/product\/yoast-seo-wordpress\/ -->\n<title>F.Iniciativas - R\u00e9seau Mesure<\/title>\n<meta name=\"robots\" content=\"index, follow, max-snippet:-1, max-image-preview:large, max-video-preview:-1\" \/>\n<link rel=\"canonical\" href=\"https:\/\/www.reseau-mesure.com\/en\/f-iniciativas\/\" \/>\n<meta property=\"og:locale\" content=\"en_US\" \/>\n<meta property=\"og:type\" content=\"article\" \/>\n<meta property=\"og:title\" content=\"F.Iniciativas - R\u00e9seau Mesure\" \/>\n<meta property=\"og:description\" content=\"&nbsp; Solution de financement de l&rsquo;innovation &nbsp; Dans le cadre des travaux du groupe achats, le R\u00e9seau Mesure propose \u00e0 ses adh\u00e9rents une solution d&rsquo;accompagnement de financement de l&rsquo;innovation \u00e0 des conditions pr\u00e9f\u00e9rentielles. &nbsp; En tant qu&rsquo;expert de la R&amp;D, F. Iniciativas propose un accompagnement innovation \u00e0 360\u00b0 pour ses clients : Cr\u00e9dit d&rsquo;Imp\u00f4t Recherche&hellip;\" \/>\n<meta property=\"og:url\" content=\"https:\/\/www.reseau-mesure.com\/en\/f-iniciativas\/\" \/>\n<meta property=\"og:site_name\" content=\"R\u00e9seau Mesure\" \/>\n<meta property=\"article:publisher\" content=\"https:\/\/www.facebook.com\/reseaumesure\/\" \/>\n<meta property=\"article:modified_time\" content=\"2023-10-12T05:36:11+00:00\" \/>\n<meta property=\"og:image\" content=\"https:\/\/www.reseau-mesure.com\/wp-content\/uploads\/2019\/04\/logo-F.Iniciativas.jpg\" \/>\n<meta name=\"twitter:card\" content=\"summary_large_image\" \/>\n<meta name=\"twitter:site\" content=\"@ReseauMesure\" \/>\n<meta name=\"twitter:label1\" content=\"Est. reading time\" \/>\n\t<meta name=\"twitter:data1\" content=\"3 minutes\" \/>\n<script type=\"application\/ld+json\" class=\"yoast-schema-graph\">{\"@context\":\"https:\\\/\\\/schema.org\",\"@graph\":[{\"@type\":\"WebPage\",\"@id\":\"https:\\\/\\\/www.reseau-mesure.com\\\/f-iniciativas\\\/\",\"url\":\"https:\\\/\\\/www.reseau-mesure.com\\\/f-iniciativas\\\/\",\"name\":\"F.Iniciativas - R\u00e9seau Mesure\",\"isPartOf\":{\"@id\":\"https:\\\/\\\/www.reseau-mesure.com\\\/#website\"},\"primaryImageOfPage\":{\"@id\":\"https:\\\/\\\/www.reseau-mesure.com\\\/f-iniciativas\\\/#primaryimage\"},\"image\":{\"@id\":\"https:\\\/\\\/www.reseau-mesure.com\\\/f-iniciativas\\\/#primaryimage\"},\"thumbnailUrl\":\"https:\\\/\\\/www.reseau-mesure.com\\\/wp-content\\\/uploads\\\/2019\\\/04\\\/logo-F.Iniciativas.jpg\",\"datePublished\":\"2019-04-12T09:26:47+00:00\",\"dateModified\":\"2023-10-12T05:36:11+00:00\",\"breadcrumb\":{\"@id\":\"https:\\\/\\\/www.reseau-mesure.com\\\/f-iniciativas\\\/#breadcrumb\"},\"inLanguage\":\"en-US\",\"potentialAction\":[{\"@type\":\"ReadAction\",\"target\":[\"https:\\\/\\\/www.reseau-mesure.com\\\/f-iniciativas\\\/\"]}]},{\"@type\":\"ImageObject\",\"inLanguage\":\"en-US\",\"@id\":\"https:\\\/\\\/www.reseau-mesure.com\\\/f-iniciativas\\\/#primaryimage\",\"url\":\"https:\\\/\\\/www.reseau-mesure.com\\\/wp-content\\\/uploads\\\/2019\\\/04\\\/logo-F.Iniciativas.jpg\",\"contentUrl\":\"https:\\\/\\\/www.reseau-mesure.com\\\/wp-content\\\/uploads\\\/2019\\\/04\\\/logo-F.Iniciativas.jpg\"},{\"@type\":\"BreadcrumbList\",\"@id\":\"https:\\\/\\\/www.reseau-mesure.com\\\/f-iniciativas\\\/#breadcrumb\",\"itemListElement\":[{\"@type\":\"ListItem\",\"position\":1,\"name\":\"Accueil\",\"item\":\"https:\\\/\\\/www.reseau-mesure.com\\\/\"},{\"@type\":\"ListItem\",\"position\":2,\"name\":\"F.Iniciativas\"}]},{\"@type\":\"WebSite\",\"@id\":\"https:\\\/\\\/www.reseau-mesure.com\\\/#website\",\"url\":\"https:\\\/\\\/www.reseau-mesure.com\\\/\",\"name\":\"R\u00e9seau-Mesure\",\"description\":\"R\u00e9seau Mesure\",\"publisher\":{\"@id\":\"https:\\\/\\\/www.reseau-mesure.com\\\/#organization\"},\"potentialAction\":[{\"@type\":\"SearchAction\",\"target\":{\"@type\":\"EntryPoint\",\"urlTemplate\":\"https:\\\/\\\/www.reseau-mesure.com\\\/?s={search_term_string}\"},\"query-input\":{\"@type\":\"PropertyValueSpecification\",\"valueRequired\":true,\"valueName\":\"search_term_string\"}}],\"inLanguage\":\"en-US\"},{\"@type\":\"Organization\",\"@id\":\"https:\\\/\\\/www.reseau-mesure.com\\\/#organization\",\"name\":\"R\u00e9seau-Mesure\",\"url\":\"https:\\\/\\\/www.reseau-mesure.com\\\/\",\"logo\":{\"@type\":\"ImageObject\",\"inLanguage\":\"en-US\",\"@id\":\"https:\\\/\\\/www.reseau-mesure.com\\\/#\\\/schema\\\/logo\\\/image\\\/\",\"url\":\"https:\\\/\\\/www.reseau-mesure.com\\\/wp-content\\\/uploads\\\/2018\\\/02\\\/logo-max.png\",\"contentUrl\":\"https:\\\/\\\/www.reseau-mesure.com\\\/wp-content\\\/uploads\\\/2018\\\/02\\\/logo-max.png\",\"width\":545,\"height\":285,\"caption\":\"R\u00e9seau-Mesure\"},\"image\":{\"@id\":\"https:\\\/\\\/www.reseau-mesure.com\\\/#\\\/schema\\\/logo\\\/image\\\/\"},\"sameAs\":[\"https:\\\/\\\/www.facebook.com\\\/reseaumesure\\\/\",\"https:\\\/\\\/x.com\\\/ReseauMesure\",\"https:\\\/\\\/www.linkedin.com\\\/company\\\/reseau-mesure\\\/\"]}]}<\/script>\n<!-- \/ Yoast SEO plugin. -->","yoast_head_json":{"title":"F.Iniciativas - R\u00e9seau Mesure","robots":{"index":"index","follow":"follow","max-snippet":"max-snippet:-1","max-image-preview":"max-image-preview:large","max-video-preview":"max-video-preview:-1"},"canonical":"https:\/\/www.reseau-mesure.com\/en\/f-iniciativas\/","og_locale":"en_US","og_type":"article","og_title":"F.Iniciativas - R\u00e9seau Mesure","og_description":"&nbsp; Solution de financement de l&rsquo;innovation &nbsp; Dans le cadre des travaux du groupe achats, le R\u00e9seau Mesure propose \u00e0 ses adh\u00e9rents une solution d&rsquo;accompagnement de financement de l&rsquo;innovation \u00e0 des conditions pr\u00e9f\u00e9rentielles. &nbsp; En tant qu&rsquo;expert de la R&amp;D, F. Iniciativas propose un accompagnement innovation \u00e0 360\u00b0 pour ses clients : Cr\u00e9dit d&rsquo;Imp\u00f4t Recherche&hellip;","og_url":"https:\/\/www.reseau-mesure.com\/en\/f-iniciativas\/","og_site_name":"R\u00e9seau Mesure","article_publisher":"https:\/\/www.facebook.com\/reseaumesure\/","article_modified_time":"2023-10-12T05:36:11+00:00","og_image":[{"url":"https:\/\/www.reseau-mesure.com\/wp-content\/uploads\/2019\/04\/logo-F.Iniciativas.jpg","type":"","width":"","height":""}],"twitter_card":"summary_large_image","twitter_site":"@ReseauMesure","twitter_misc":{"Est. reading time":"3 minutes"},"schema":{"@context":"https:\/\/schema.org","@graph":[{"@type":"WebPage","@id":"https:\/\/www.reseau-mesure.com\/f-iniciativas\/","url":"https:\/\/www.reseau-mesure.com\/f-iniciativas\/","name":"F.Iniciativas - R\u00e9seau Mesure","isPartOf":{"@id":"https:\/\/www.reseau-mesure.com\/#website"},"primaryImageOfPage":{"@id":"https:\/\/www.reseau-mesure.com\/f-iniciativas\/#primaryimage"},"image":{"@id":"https:\/\/www.reseau-mesure.com\/f-iniciativas\/#primaryimage"},"thumbnailUrl":"https:\/\/www.reseau-mesure.com\/wp-content\/uploads\/2019\/04\/logo-F.Iniciativas.jpg","datePublished":"2019-04-12T09:26:47+00:00","dateModified":"2023-10-12T05:36:11+00:00","breadcrumb":{"@id":"https:\/\/www.reseau-mesure.com\/f-iniciativas\/#breadcrumb"},"inLanguage":"en-US","potentialAction":[{"@type":"ReadAction","target":["https:\/\/www.reseau-mesure.com\/f-iniciativas\/"]}]},{"@type":"ImageObject","inLanguage":"en-US","@id":"https:\/\/www.reseau-mesure.com\/f-iniciativas\/#primaryimage","url":"https:\/\/www.reseau-mesure.com\/wp-content\/uploads\/2019\/04\/logo-F.Iniciativas.jpg","contentUrl":"https:\/\/www.reseau-mesure.com\/wp-content\/uploads\/2019\/04\/logo-F.Iniciativas.jpg"},{"@type":"BreadcrumbList","@id":"https:\/\/www.reseau-mesure.com\/f-iniciativas\/#breadcrumb","itemListElement":[{"@type":"ListItem","position":1,"name":"Accueil","item":"https:\/\/www.reseau-mesure.com\/"},{"@type":"ListItem","position":2,"name":"F.Iniciativas"}]},{"@type":"WebSite","@id":"https:\/\/www.reseau-mesure.com\/#website","url":"https:\/\/www.reseau-mesure.com\/","name":"R\u00e9seau-Mesure","description":"Network Measure","publisher":{"@id":"https:\/\/www.reseau-mesure.com\/#organization"},"potentialAction":[{"@type":"SearchAction","target":{"@type":"EntryPoint","urlTemplate":"https:\/\/www.reseau-mesure.com\/?s={search_term_string}"},"query-input":{"@type":"PropertyValueSpecification","valueRequired":true,"valueName":"search_term_string"}}],"inLanguage":"en-US"},{"@type":"Organization","@id":"https:\/\/www.reseau-mesure.com\/#organization","name":"R\u00e9seau-Mesure","url":"https:\/\/www.reseau-mesure.com\/","logo":{"@type":"ImageObject","inLanguage":"en-US","@id":"https:\/\/www.reseau-mesure.com\/#\/schema\/logo\/image\/","url":"https:\/\/www.reseau-mesure.com\/wp-content\/uploads\/2018\/02\/logo-max.png","contentUrl":"https:\/\/www.reseau-mesure.com\/wp-content\/uploads\/2018\/02\/logo-max.png","width":545,"height":285,"caption":"R\u00e9seau-Mesure"},"image":{"@id":"https:\/\/www.reseau-mesure.com\/#\/schema\/logo\/image\/"},"sameAs":["https:\/\/www.facebook.com\/reseaumesure\/","https:\/\/x.com\/ReseauMesure","https:\/\/www.linkedin.com\/company\/reseau-mesure\/"]}]}},"_links":{"self":[{"href":"https:\/\/www.reseau-mesure.com\/en\/wp-json\/wp\/v2\/pages\/6695","targetHints":{"allow":["GET"]}}],"collection":[{"href":"https:\/\/www.reseau-mesure.com\/en\/wp-json\/wp\/v2\/pages"}],"about":[{"href":"https:\/\/www.reseau-mesure.com\/en\/wp-json\/wp\/v2\/types\/page"}],"author":[{"embeddable":true,"href":"https:\/\/www.reseau-mesure.com\/en\/wp-json\/wp\/v2\/users\/685"}],"replies":[{"embeddable":true,"href":"https:\/\/www.reseau-mesure.com\/en\/wp-json\/wp\/v2\/comments?post=6695"}],"version-history":[{"count":0,"href":"https:\/\/www.reseau-mesure.com\/en\/wp-json\/wp\/v2\/pages\/6695\/revisions"}],"wp:attachment":[{"href":"https:\/\/www.reseau-mesure.com\/en\/wp-json\/wp\/v2\/media?parent=6695"}],"curies":[{"name":"wp","href":"https:\/\/api.w.org\/{rel}","templated":true}]}}