{"id":6733,"date":"2019-04-19T13:27:09","date_gmt":"2019-04-19T11:27:09","guid":{"rendered":"https:\/\/www.reseau-mesure.com\/?page_id=6733"},"modified":"2026-04-27T14:18:17","modified_gmt":"2026-04-27T12:18:17","slug":"carprassur","status":"publish","type":"page","link":"https:\/\/www.reseau-mesure.com\/en\/carprassur\/","title":{"rendered":"CARPRASSUR"},"content":{"rendered":"<h1><strong>MEASUREMENT NETWORK PARTNERSHIP - CARPRASSUR<\/strong><\/h1>\n<p><img loading=\"lazy\" decoding=\"async\" src=\"https:\/\/www.reseau-mesure.com\/wp-content\/uploads\/2024\/09\/CARPRASSUR-logo-rvb-01.jpg\" alt=\"CARPRASSUR Assurances\" width=\"350\" height=\"173\" \/><\/p>\n<h2>Le R\u00e9seau Mesure a mis en place un partenariat pour les Assurances avec CARPRASSUR orient\u00e9 sur plusieurs axes :<\/h2>\n<p>&nbsp;<\/p>\n<strong>Une approche personnalis\u00e9e avec un v\u00e9ritable savoir-faire :<br \/>\n<\/strong>&#8211; R\u00e9aliser l&rsquo;\u00e9tat des lieux<br \/>\n&#8211; Analyser les risques et cons\u00e9quences<br \/>\n&#8211; Identifier les priorit\u00e9s<br \/>\n&#8211; Rechercher les leviers fiscaux<br \/>\n&#8211; D\u00e9terminer votre investissement<br \/>\n&#8211; Mettre en \u0153uvre des solutions sur mesure<br \/>\n&#8211; Un suivi r\u00e9gulier<br \/>\n<strong><br \/>\nUne mutualisation des produits gr\u00e2ce \u00e0 l&rsquo;effet r\u00e9seau<\/strong><br \/>\nTariff offers negotiated specifically for the Measurement Network\n<ul>\n<li><strong>Assurance dommages <\/strong>(responsabilit\u00e9 civile, multirisques professionnelle et entreprise, assurances des v\u00e9hicules, risque techniques etc&#8230;)<\/li>\n<li><strong>Assurance Cybers\u00e9curit\u00e9<\/strong><\/li>\n<li><strong>Protection sociale des salari\u00e9s et des dirigeants <\/strong>(mutuelle, pr\u00e9voyance, retraite et \u00e9pargne etc&#8230;)<\/li>\n<\/ul>\n<p><strong>\u00a0<\/strong><\/p>\n<p><strong>CARPRASSUR benefits from a life center dedicated to social protection:<\/strong><\/p>\n<ul>\n<li><strong>A l&rsquo;attention des salari\u00e9s<\/strong><\/li>\n<\/ul>\n<p>&#8211; Audit de la protection sociale \u00e0 destination des salari\u00e9s (pr\u00e9voyance et sant\u00e9 collectives)<\/p>\n<p>&#8211; Optimisation\u00a0: \u00e9pargne salariale<\/p>\n<p>&nbsp;<\/p>\n<ul>\n<li><strong>A l&rsquo;attention du dirigeant<\/strong><\/li>\n<\/ul>\n<p>&#8211; Audit de protection sociale\u00a0:<\/p>\n<p>&#8211; diagnostic retraite (reconstitution de carri\u00e8re, \u00e9tude de rachat de trimestres &#8230;)<\/p>\n<p>&#8211; strat\u00e9gie de r\u00e9mun\u00e9ration (arbitrage r\u00e9mun\u00e9ration\/dividendes)<\/p>\n<p>&#8211; \u00e9tude des p\u00e9riph\u00e9riques de r\u00e9mun\u00e9ration (pr\u00e9voyance, sant\u00e9, retraite) et optimisations<\/p>\n<p><strong>\u00a0<\/strong><\/p>\n<p><strong>The partnership :<\/strong><\/p>\n<p>&nbsp;<\/p>\n<p><strong>A l&rsquo;attention des salari\u00e9s<\/strong><\/p>\n<ul>\n<li>\n<ul>\n<li>\n<ul>\n<li><strong>Une approche personnalis\u00e9e avec un v\u00e9ritable savoir-faire :<br \/>\n<\/strong>&#8211; R\u00e9aliser l&rsquo;\u00e9tat des lieux<br \/>\n&#8211; Analyser les risques et cons\u00e9quences<br \/>\n&#8211; Identifier les priorit\u00e9s<br \/>\n&#8211; Rechercher les leviers fiscaux<br \/>\n&#8211; D\u00e9terminer votre investissement<br \/>\n&#8211; Mettre en \u0153uvre des solutions sur mesure<br \/>\n&#8211; Un suivi r\u00e9gulier<br \/>\n<strong><br \/>\n2) Pooling of products thanks to the network effect<\/strong><br \/>\nTariff offers negotiated specifically for the Measurement Network<\/li>\n<\/ul>\n<\/li>\n<\/ul>\n<\/li>\n<\/ul>\n\t\t\t<a href=\"https:\/\/www.reseau-mesure.com\/wp-content\/uploads\/2026\/04\/Offre-CARPRASSUR-2026-Reseau-Mesure.pdf\"  target=\"_blank\" rel=\"noopener\">\n\t\t\t\t\t\t\tDownload the protocol\n\t\t\t\t\t<\/a>\n<figure itemscope itemtype=\"https:\/\/schema.org\/ImageObject\">\n\t\t\t\t<a href=\"https:\/\/youtu.be\/-CTen6MXzkE\"  target=\"_self\" itemprop=\"url\">\n\t\t\t\t<img decoding=\"async\" src=\"https:\/\/www.reseau-mesure.com\/wp-content\/uploads\/2025\/03\/Aurelie-Dizengremel-temoigne.jpg\" alt=\"Aur\u00e9lie Dizengremel t\u00e9moigne\" height=\"720\" width=\"960\" title=\"Aur\u00e9lie Dizengremel t\u00e9moigne\" onerror=\"this.style.display='none'\" loading=\"lazy\" \/>\n\t\t\t\t<\/a>\n\t<\/figure>\n<figure itemscope itemtype=\"https:\/\/schema.org\/ImageObject\">\n\t\t\t\t<img decoding=\"async\" src=\"https:\/\/www.reseau-mesure.com\/wp-content\/plugins\/bb-plugin\/img\/pixel.png\" alt=\"\" onerror=\"this.style.display='none'\" loading=\"lazy\" \/>\n\t<\/figure>\n\t<h3>CYBER RISK<\/h3>\n<p>The financial consequences following an attack on computer systems (fraud, attack, virus, human error) are<strong> <u>excluded from DAMAGE AND RC contracts<\/u>.<\/strong><\/p>\n<p>It is the stoppage of the functioning of the company (ERP inaccessible \/ WEB site inoperative \/ invoicing-sale impossible, etc.)<strong> =&gt; OPERATING LOSS<\/strong><\/p>\n<p>It is the questioning of the Third Party that has been impacted<strong> =&gt; CIVIL LIABILITY <\/strong><\/p>\n<p><strong>\u00a0<\/strong><\/p>\n<p><strong>The CYBER RISK contract becomes an ESSENTIAL to protect your business \u00a0<\/strong><\/p>\n<p>&nbsp;<\/p>\n<p><img loading=\"lazy\" decoding=\"async\" src=\"https:\/\/www.reseau-mesure.com\/wp-content\/uploads\/2022\/02\/cyber.jpg\" alt=\"L'assurance Cyber\" width=\"624\" height=\"669\" \/><\/p>\n\t<p>&nbsp;<\/p>\n<p><em>\u201cI have been working with CARPRASSUR ASSURANCES since 2015. What I particularly appreciate about CARPRASSUR is the quality of advice and attentiveness of our interlocutors. The follow-up of our contracts is efficient with a real sense of service with people specialized in their profession. <\/em><\/p>\n<p><em>The initial audit made it possible to effectively update my insurance file and to have a real inventory of the solutions in place without systematic questioning. A trusted and close intermediary that I recommend. \u00bb<\/em><\/p>\n<p>&nbsp;<\/p>\n<p>Claunel Massies \u2013 WIKA<\/p>\n<p><em>\u00a0<\/em><\/p>\n<figure itemscope itemtype=\"https:\/\/schema.org\/ImageObject\">\n\t\t\t\t<a href=\"https:\/\/www.reseau-mesure.com\/en\/adherent\/wika-instruments\/\"  target=\"_blank\" rel=\"noopener\"  itemprop=\"url\">\n\t\t\t\t<img decoding=\"async\" src=\"https:\/\/www.reseau-mesure.com\/wp-content\/uploads\/2021\/07\/2021-portrait-271x300.jpg\" alt=\"Claunel Massies\" height=\"300\" width=\"271\" title=\"Claunel Massies 2021 portrait\" onerror=\"this.style.display='none'\" loading=\"lazy\" \/>\n\t\t\t\t<\/a>\n\t<\/figure>\n<figure itemscope itemtype=\"https:\/\/schema.org\/ImageObject\">\n\t\t\t\t<a href=\"https:\/\/www.reseau-mesure.com\/en\/adherent\/kobold\/\"  target=\"_blank\" rel=\"noopener\"  itemprop=\"url\">\n\t\t\t\t<img decoding=\"async\" src=\"https:\/\/www.reseau-mesure.com\/wp-content\/uploads\/2021\/09\/JACQUES-MARIONNEAU-2021.jpg\" alt=\"JACQUES MARIONNEAU 2021\" height=\"270\" width=\"302\" title=\"JACQUES MARIONNEAU 2021\" onerror=\"this.style.display='none'\" loading=\"lazy\" \/>\n\t\t\t\t<\/a>\n\t<\/figure>\n\t<p>&nbsp;<\/p>\n<p><em>\u201cAs a member of the purchasing group, I took part in the choice of insurance service provider. Our choice fell on the company CARPRASSUR which seemed to us to be a company more in line with the type of members of the Measurement Network, namely mostly SMEs. As a member, we contacted CARPRASSUR on various subjects and we were more than satisfied, with friendly, attentive and competent interlocutors and interesting proposed solutions (for example, we globalized all insurance contracts car for our small fleet of vehicles, thus simplifying with a single contract with an additional annual saving of \u20ac400). I can only advise you to contact them for all insurance aspects. <\/em><em>&quot;\u00a0<\/em><\/p>\n<p>&nbsp;<\/p>\n<p>Jacques Marionneau \u2013 KOBOLD<\/p>\n<p><em>\u00a0<\/em><\/p>","protected":false},"excerpt":{"rendered":"<p>PARTENARIAT R\u00c9SEAU MESURE &#8211; CARPRASSUR Le R\u00e9seau Mesure a mis en place un partenariat pour les Assurances avec CARPRASSUR orient\u00e9 sur plusieurs axes : &nbsp; Une approche personnalis\u00e9e avec un v\u00e9ritable savoir-faire : &#8211; R\u00e9aliser l&rsquo;\u00e9tat des lieux &#8211; Analyser les risques et cons\u00e9quences &#8211; Identifier les priorit\u00e9s &#8211; Rechercher les leviers fiscaux &#8211; D\u00e9terminer&hellip;<\/p>","protected":false},"author":349,"featured_media":0,"parent":0,"menu_order":0,"comment_status":"closed","ping_status":"closed","template":"","meta":{"_acf_changed":false,"footnotes":""},"class_list":["post-6733","page","type-page","status-publish","hentry"],"acf":[],"yoast_head":"<!-- This site is optimized with the Yoast SEO plugin v27.5 - https:\/\/yoast.com\/product\/yoast-seo-wordpress\/ -->\n<title>CARPRASSUR - R\u00e9seau Mesure<\/title>\n<meta name=\"description\" content=\"Le R\u00e9seau Mesure a mis en place un partenariat pour les Assurances avec CARPRASSUR orient\u00e9 sur trois axes : Contrat Assurance Dommages, Contrat Assurance des Personnes et des dirigeants et Cybers\u00e9curit\u00e9\" \/>\n<meta name=\"robots\" content=\"index, follow, max-snippet:-1, max-image-preview:large, max-video-preview:-1\" \/>\n<link rel=\"canonical\" href=\"https:\/\/www.reseau-mesure.com\/en\/carprassur\/\" \/>\n<meta property=\"og:locale\" content=\"en_US\" \/>\n<meta property=\"og:type\" content=\"article\" \/>\n<meta property=\"og:title\" content=\"CARPRASSUR - R\u00e9seau Mesure\" \/>\n<meta property=\"og:description\" content=\"Le R\u00e9seau Mesure a mis en place un partenariat pour les Assurances avec CARPRASSUR orient\u00e9 sur trois axes : Contrat Assurance Dommages, Contrat Assurance des Personnes et des dirigeants et Cybers\u00e9curit\u00e9\" \/>\n<meta property=\"og:url\" content=\"https:\/\/www.reseau-mesure.com\/en\/carprassur\/\" \/>\n<meta property=\"og:site_name\" content=\"R\u00e9seau Mesure\" \/>\n<meta property=\"article:publisher\" content=\"https:\/\/www.facebook.com\/reseaumesure\/\" \/>\n<meta property=\"article:modified_time\" content=\"2026-04-27T12:18:17+00:00\" \/>\n<meta property=\"og:image\" content=\"https:\/\/www.reseau-mesure.com\/wp-content\/uploads\/2024\/09\/CARPRASSUR-logo-rvb-01.jpg\" \/>\n<meta name=\"twitter:card\" content=\"summary_large_image\" \/>\n<meta name=\"twitter:site\" content=\"@ReseauMesure\" \/>\n<meta name=\"twitter:label1\" content=\"Est. reading time\" \/>\n\t<meta name=\"twitter:data1\" content=\"2 minutes\" \/>\n<script type=\"application\/ld+json\" class=\"yoast-schema-graph\">{\"@context\":\"https:\\\/\\\/schema.org\",\"@graph\":[{\"@type\":\"WebPage\",\"@id\":\"https:\\\/\\\/www.reseau-mesure.com\\\/carprassur\\\/\",\"url\":\"https:\\\/\\\/www.reseau-mesure.com\\\/carprassur\\\/\",\"name\":\"CARPRASSUR - R\u00e9seau Mesure\",\"isPartOf\":{\"@id\":\"https:\\\/\\\/www.reseau-mesure.com\\\/#website\"},\"primaryImageOfPage\":{\"@id\":\"https:\\\/\\\/www.reseau-mesure.com\\\/carprassur\\\/#primaryimage\"},\"image\":{\"@id\":\"https:\\\/\\\/www.reseau-mesure.com\\\/carprassur\\\/#primaryimage\"},\"thumbnailUrl\":\"https:\\\/\\\/www.reseau-mesure.com\\\/wp-content\\\/uploads\\\/2024\\\/09\\\/CARPRASSUR-logo-rvb-01.jpg\",\"datePublished\":\"2019-04-19T11:27:09+00:00\",\"dateModified\":\"2026-04-27T12:18:17+00:00\",\"description\":\"Le R\u00e9seau Mesure a mis en place un partenariat pour les Assurances avec CARPRASSUR orient\u00e9 sur trois axes : Contrat Assurance Dommages, Contrat Assurance des Personnes et des dirigeants et Cybers\u00e9curit\u00e9\",\"breadcrumb\":{\"@id\":\"https:\\\/\\\/www.reseau-mesure.com\\\/carprassur\\\/#breadcrumb\"},\"inLanguage\":\"en-US\",\"potentialAction\":[{\"@type\":\"ReadAction\",\"target\":[\"https:\\\/\\\/www.reseau-mesure.com\\\/carprassur\\\/\"]}]},{\"@type\":\"ImageObject\",\"inLanguage\":\"en-US\",\"@id\":\"https:\\\/\\\/www.reseau-mesure.com\\\/carprassur\\\/#primaryimage\",\"url\":\"https:\\\/\\\/www.reseau-mesure.com\\\/wp-content\\\/uploads\\\/2024\\\/09\\\/CARPRASSUR-logo-rvb-01.jpg\",\"contentUrl\":\"https:\\\/\\\/www.reseau-mesure.com\\\/wp-content\\\/uploads\\\/2024\\\/09\\\/CARPRASSUR-logo-rvb-01.jpg\"},{\"@type\":\"BreadcrumbList\",\"@id\":\"https:\\\/\\\/www.reseau-mesure.com\\\/carprassur\\\/#breadcrumb\",\"itemListElement\":[{\"@type\":\"ListItem\",\"position\":1,\"name\":\"Accueil\",\"item\":\"https:\\\/\\\/www.reseau-mesure.com\\\/\"},{\"@type\":\"ListItem\",\"position\":2,\"name\":\"CARPRASSUR\"}]},{\"@type\":\"WebSite\",\"@id\":\"https:\\\/\\\/www.reseau-mesure.com\\\/#website\",\"url\":\"https:\\\/\\\/www.reseau-mesure.com\\\/\",\"name\":\"R\u00e9seau-Mesure\",\"description\":\"R\u00e9seau Mesure\",\"publisher\":{\"@id\":\"https:\\\/\\\/www.reseau-mesure.com\\\/#organization\"},\"potentialAction\":[{\"@type\":\"SearchAction\",\"target\":{\"@type\":\"EntryPoint\",\"urlTemplate\":\"https:\\\/\\\/www.reseau-mesure.com\\\/?s={search_term_string}\"},\"query-input\":{\"@type\":\"PropertyValueSpecification\",\"valueRequired\":true,\"valueName\":\"search_term_string\"}}],\"inLanguage\":\"en-US\"},{\"@type\":\"Organization\",\"@id\":\"https:\\\/\\\/www.reseau-mesure.com\\\/#organization\",\"name\":\"R\u00e9seau-Mesure\",\"url\":\"https:\\\/\\\/www.reseau-mesure.com\\\/\",\"logo\":{\"@type\":\"ImageObject\",\"inLanguage\":\"en-US\",\"@id\":\"https:\\\/\\\/www.reseau-mesure.com\\\/#\\\/schema\\\/logo\\\/image\\\/\",\"url\":\"https:\\\/\\\/www.reseau-mesure.com\\\/wp-content\\\/uploads\\\/2018\\\/02\\\/logo-max.png\",\"contentUrl\":\"https:\\\/\\\/www.reseau-mesure.com\\\/wp-content\\\/uploads\\\/2018\\\/02\\\/logo-max.png\",\"width\":545,\"height\":285,\"caption\":\"R\u00e9seau-Mesure\"},\"image\":{\"@id\":\"https:\\\/\\\/www.reseau-mesure.com\\\/#\\\/schema\\\/logo\\\/image\\\/\"},\"sameAs\":[\"https:\\\/\\\/www.facebook.com\\\/reseaumesure\\\/\",\"https:\\\/\\\/x.com\\\/ReseauMesure\",\"https:\\\/\\\/www.linkedin.com\\\/company\\\/reseau-mesure\\\/\"]}]}<\/script>\n<!-- \/ Yoast SEO plugin. -->","yoast_head_json":{"title":"CARPRASSUR - R\u00e9seau Mesure","description":"Le R\u00e9seau Mesure a mis en place un partenariat pour les Assurances avec CARPRASSUR orient\u00e9 sur trois axes : Contrat Assurance Dommages, Contrat Assurance des Personnes et des dirigeants et Cybers\u00e9curit\u00e9","robots":{"index":"index","follow":"follow","max-snippet":"max-snippet:-1","max-image-preview":"max-image-preview:large","max-video-preview":"max-video-preview:-1"},"canonical":"https:\/\/www.reseau-mesure.com\/en\/carprassur\/","og_locale":"en_US","og_type":"article","og_title":"CARPRASSUR - R\u00e9seau Mesure","og_description":"Le R\u00e9seau Mesure a mis en place un partenariat pour les Assurances avec CARPRASSUR orient\u00e9 sur trois axes : Contrat Assurance Dommages, Contrat Assurance des Personnes et des dirigeants et Cybers\u00e9curit\u00e9","og_url":"https:\/\/www.reseau-mesure.com\/en\/carprassur\/","og_site_name":"R\u00e9seau Mesure","article_publisher":"https:\/\/www.facebook.com\/reseaumesure\/","article_modified_time":"2026-04-27T12:18:17+00:00","og_image":[{"url":"https:\/\/www.reseau-mesure.com\/wp-content\/uploads\/2024\/09\/CARPRASSUR-logo-rvb-01.jpg","type":"","width":"","height":""}],"twitter_card":"summary_large_image","twitter_site":"@ReseauMesure","twitter_misc":{"Est. reading time":"2 minutes"},"schema":{"@context":"https:\/\/schema.org","@graph":[{"@type":"WebPage","@id":"https:\/\/www.reseau-mesure.com\/carprassur\/","url":"https:\/\/www.reseau-mesure.com\/carprassur\/","name":"CARPRASSUR - R\u00e9seau Mesure","isPartOf":{"@id":"https:\/\/www.reseau-mesure.com\/#website"},"primaryImageOfPage":{"@id":"https:\/\/www.reseau-mesure.com\/carprassur\/#primaryimage"},"image":{"@id":"https:\/\/www.reseau-mesure.com\/carprassur\/#primaryimage"},"thumbnailUrl":"https:\/\/www.reseau-mesure.com\/wp-content\/uploads\/2024\/09\/CARPRASSUR-logo-rvb-01.jpg","datePublished":"2019-04-19T11:27:09+00:00","dateModified":"2026-04-27T12:18:17+00:00","description":"Le R\u00e9seau Mesure a mis en place un partenariat pour les Assurances avec CARPRASSUR orient\u00e9 sur trois axes : Contrat Assurance Dommages, Contrat Assurance des Personnes et des dirigeants et Cybers\u00e9curit\u00e9","breadcrumb":{"@id":"https:\/\/www.reseau-mesure.com\/carprassur\/#breadcrumb"},"inLanguage":"en-US","potentialAction":[{"@type":"ReadAction","target":["https:\/\/www.reseau-mesure.com\/carprassur\/"]}]},{"@type":"ImageObject","inLanguage":"en-US","@id":"https:\/\/www.reseau-mesure.com\/carprassur\/#primaryimage","url":"https:\/\/www.reseau-mesure.com\/wp-content\/uploads\/2024\/09\/CARPRASSUR-logo-rvb-01.jpg","contentUrl":"https:\/\/www.reseau-mesure.com\/wp-content\/uploads\/2024\/09\/CARPRASSUR-logo-rvb-01.jpg"},{"@type":"BreadcrumbList","@id":"https:\/\/www.reseau-mesure.com\/carprassur\/#breadcrumb","itemListElement":[{"@type":"ListItem","position":1,"name":"Accueil","item":"https:\/\/www.reseau-mesure.com\/"},{"@type":"ListItem","position":2,"name":"CARPRASSUR"}]},{"@type":"WebSite","@id":"https:\/\/www.reseau-mesure.com\/#website","url":"https:\/\/www.reseau-mesure.com\/","name":"R\u00e9seau-Mesure","description":"Network Measure","publisher":{"@id":"https:\/\/www.reseau-mesure.com\/#organization"},"potentialAction":[{"@type":"SearchAction","target":{"@type":"EntryPoint","urlTemplate":"https:\/\/www.reseau-mesure.com\/?s={search_term_string}"},"query-input":{"@type":"PropertyValueSpecification","valueRequired":true,"valueName":"search_term_string"}}],"inLanguage":"en-US"},{"@type":"Organization","@id":"https:\/\/www.reseau-mesure.com\/#organization","name":"R\u00e9seau-Mesure","url":"https:\/\/www.reseau-mesure.com\/","logo":{"@type":"ImageObject","inLanguage":"en-US","@id":"https:\/\/www.reseau-mesure.com\/#\/schema\/logo\/image\/","url":"https:\/\/www.reseau-mesure.com\/wp-content\/uploads\/2018\/02\/logo-max.png","contentUrl":"https:\/\/www.reseau-mesure.com\/wp-content\/uploads\/2018\/02\/logo-max.png","width":545,"height":285,"caption":"R\u00e9seau-Mesure"},"image":{"@id":"https:\/\/www.reseau-mesure.com\/#\/schema\/logo\/image\/"},"sameAs":["https:\/\/www.facebook.com\/reseaumesure\/","https:\/\/x.com\/ReseauMesure","https:\/\/www.linkedin.com\/company\/reseau-mesure\/"]}]}},"_links":{"self":[{"href":"https:\/\/www.reseau-mesure.com\/en\/wp-json\/wp\/v2\/pages\/6733","targetHints":{"allow":["GET"]}}],"collection":[{"href":"https:\/\/www.reseau-mesure.com\/en\/wp-json\/wp\/v2\/pages"}],"about":[{"href":"https:\/\/www.reseau-mesure.com\/en\/wp-json\/wp\/v2\/types\/page"}],"author":[{"embeddable":true,"href":"https:\/\/www.reseau-mesure.com\/en\/wp-json\/wp\/v2\/users\/349"}],"replies":[{"embeddable":true,"href":"https:\/\/www.reseau-mesure.com\/en\/wp-json\/wp\/v2\/comments?post=6733"}],"version-history":[{"count":2,"href":"https:\/\/www.reseau-mesure.com\/en\/wp-json\/wp\/v2\/pages\/6733\/revisions"}],"predecessor-version":[{"id":30833,"href":"https:\/\/www.reseau-mesure.com\/en\/wp-json\/wp\/v2\/pages\/6733\/revisions\/30833"}],"wp:attachment":[{"href":"https:\/\/www.reseau-mesure.com\/en\/wp-json\/wp\/v2\/media?parent=6733"}],"curies":[{"name":"wp","href":"https:\/\/api.w.org\/{rel}","templated":true}]}}