{"id":6931,"date":"2019-04-19T15:46:36","date_gmt":"2019-04-19T13:46:36","guid":{"rendered":"https:\/\/www.reseau-mesure.com\/?page_id=6931"},"modified":"2019-04-19T16:31:36","modified_gmt":"2019-04-19T14:31:36","slug":"tnt","status":"publish","type":"page","link":"https:\/\/www.reseau-mesure.com\/en\/tnt\/","title":{"rendered":"TNT"},"content":{"rendered":"<h1><strong>MEASUREMENT NETWORK PARTNERSHIP - TNT<\/strong><\/h1>\n<p><img loading=\"lazy\" decoding=\"async\" src=\"https:\/\/www.reseau-mesure.com\/wp-content\/uploads\/2019\/04\/TNT-taille-web.jpg\" alt=\"TNT\" width=\"320\" height=\"179\" \/><\/p>\n<p>&nbsp;<\/p>\n<p><strong><u>TRANSPORT OFFER PACKAGES LESS THAN 30KG<\/u><\/strong><\/p>\n<p><em>\u00a0<\/em><\/p>\n<p>The TNT offer was selected by the Measurement Network working group and allows all the companies that are members of the Measurement Network to benefit from the following preferential rates:<\/p>\n<p><strong>\u00a0<\/strong><\/p>\n<p><strong>National parcels <\/strong><strong><em>(Valid until 12\/31\/2019)<\/em><\/strong><\/p>\n<p><strong><em>\u00a0<\/em><\/strong><\/p>\n<p><strong><em>\u00a0<\/em><\/strong><\/p>\n<p>Reduction of - 40% on the fuel surcharge (rate available on <a href=\"http:\/\/www.tnt.fr\">www.tnt.fr<\/a>)<\/p>\n<p>Security fee of 0.55 \u20ac per package.<\/p>\n<p>&nbsp;<\/p>\n<p>EXPRESS TRANSPORT : <strong>DELIVERY D + 1 BEFORE 1:00 p.m.<\/strong><\/p>\n<p>&nbsp;<\/p>\n<p>&nbsp;<\/p>\n<p>&nbsp;<\/p>\n<p>&nbsp;<\/p>\n<p>&nbsp;<\/p>\n<p>&nbsp;<\/p>\n<p>&nbsp;<\/p>\n<p>&nbsp;<\/p>\n<p>&nbsp;<\/p>\n<p>&nbsp;<\/p>\n<p>&nbsp;<\/p>\n<p>&nbsp;<\/p>\n<p>&nbsp;<\/p>\n<p>&nbsp;<\/p>\n<p>&nbsp;<\/p>\n<p>&nbsp;<\/p>\n<p><strong>\u00a0<\/strong><\/p>\n<p><strong>\u00a0<\/strong><\/p>\n<p><strong>\u00a0<\/strong><\/p>\n<p><strong>\u00a0<\/strong><\/p>\n<p><strong>\u00a0<\/strong><\/p>\n<p><strong>INTERNATIONAL Parcels <\/strong><strong><em>(Valid until 12\/31\/2019) <\/em><\/strong><\/p>\n<p>&nbsp;<\/p>\n<p>&nbsp;<\/p>\n<p>&nbsp;<\/p>\n<p>&nbsp;<\/p>\n<p><strong>\u00a0<\/strong><\/p>\n<p><strong>\u00a0<\/strong><\/p>\n<p><strong>\u00a0<\/strong><\/p>\n<p><strong>\u00a0<\/strong><\/p>\n<p><strong>Contact<\/strong><\/p>\n<p>Daniel Bensimon<\/p>\n<p>Account Manager<\/p>\n<p>Regional Sales Department Paris IDF<\/p>\n<p>M: + 33 (0) 6 85 03 81 35<\/p>\n<p>T: +33 (0) 1 43 53 54 14<\/p>\n<p>F: +33 (0) 1 43 53 85 44<\/p>\n<p><a href=\"mailto:daniel.bensimon@tnt.fr\">daniel.bensimon@tnt.fr<\/a><\/p>\n<p><p>&nbsp;<\/p>\n<p>&nbsp;<\/p>","protected":false},"excerpt":{"rendered":"<p>MEASURE NETWORK PARTNERSHIP - TNT TRANSPORT OFFER PACKAGES LESS THAN 30KG The TNT offer was selected by the Measurement Network working group and allows all the companies that are members of the Measurement Network to benefit from the following preferential rates: National parcels ( Valid until 12\/31\/2019) Reduction of -\u2026<\/p>","protected":false},"author":685,"featured_media":0,"parent":0,"menu_order":0,"comment_status":"closed","ping_status":"closed","template":"","meta":{"_acf_changed":false,"footnotes":""},"class_list":["post-6931","page","type-page","status-publish","hentry"],"acf":[],"yoast_head":"<!-- This site is optimized with the Yoast SEO plugin v27.5 - https:\/\/yoast.com\/product\/yoast-seo-wordpress\/ -->\n<title>TNT - R\u00e9seau Mesure<\/title>\n<meta name=\"robots\" content=\"index, follow, max-snippet:-1, max-image-preview:large, max-video-preview:-1\" \/>\n<link rel=\"canonical\" href=\"https:\/\/www.reseau-mesure.com\/en\/tnt\/\" \/>\n<meta property=\"og:locale\" content=\"en_US\" \/>\n<meta property=\"og:type\" content=\"article\" \/>\n<meta property=\"og:title\" content=\"TNT - R\u00e9seau Mesure\" \/>\n<meta property=\"og:description\" content=\"PARTENARIAT R\u00c9SEAU MESURE &#8211; TNT &nbsp; OFFRE TRANSPORT COLIS DE MOINS DE 30KG \u00a0 L\u2019offre de TNT a \u00e9t\u00e9 retenue par le groupe de travail du R\u00e9seau Mesure et permet \u00e0 l\u2019ensemble des soci\u00e9t\u00e9s adh\u00e9rentes au R\u00e9seau Mesure de b\u00e9n\u00e9ficier des tarifs pr\u00e9f\u00e9rentiels suivants\u00a0: \u00a0 Colis nationaux (Validit\u00e9 jusqu\u2019au 31\/12\/2019) \u00a0 \u00a0 R\u00e9duction de \u2013&hellip;\" \/>\n<meta property=\"og:url\" content=\"https:\/\/www.reseau-mesure.com\/en\/tnt\/\" \/>\n<meta property=\"og:site_name\" content=\"R\u00e9seau Mesure\" \/>\n<meta property=\"article:publisher\" content=\"https:\/\/www.facebook.com\/reseaumesure\/\" \/>\n<meta property=\"article:modified_time\" content=\"2019-04-19T14:31:36+00:00\" \/>\n<meta property=\"og:image\" content=\"https:\/\/www.reseau-mesure.com\/wp-content\/uploads\/2019\/04\/TNT-taille-web.jpg\" \/>\n<meta name=\"twitter:card\" content=\"summary_large_image\" \/>\n<meta name=\"twitter:site\" content=\"@ReseauMesure\" \/>\n<meta name=\"twitter:label1\" content=\"Est. reading time\" \/>\n\t<meta name=\"twitter:data1\" content=\"1 minute\" \/>\n<script type=\"application\/ld+json\" class=\"yoast-schema-graph\">{\"@context\":\"https:\\\/\\\/schema.org\",\"@graph\":[{\"@type\":\"WebPage\",\"@id\":\"https:\\\/\\\/www.reseau-mesure.com\\\/de\\\/tnt\\\/\",\"url\":\"https:\\\/\\\/www.reseau-mesure.com\\\/de\\\/tnt\\\/\",\"name\":\"TNT - R\u00e9seau Mesure\",\"isPartOf\":{\"@id\":\"https:\\\/\\\/www.reseau-mesure.com\\\/#website\"},\"primaryImageOfPage\":{\"@id\":\"https:\\\/\\\/www.reseau-mesure.com\\\/de\\\/tnt\\\/#primaryimage\"},\"image\":{\"@id\":\"https:\\\/\\\/www.reseau-mesure.com\\\/de\\\/tnt\\\/#primaryimage\"},\"thumbnailUrl\":\"https:\\\/\\\/www.reseau-mesure.com\\\/wp-content\\\/uploads\\\/2019\\\/04\\\/TNT-taille-web.jpg\",\"datePublished\":\"2019-04-19T13:46:36+00:00\",\"dateModified\":\"2019-04-19T14:31:36+00:00\",\"breadcrumb\":{\"@id\":\"https:\\\/\\\/www.reseau-mesure.com\\\/de\\\/tnt\\\/#breadcrumb\"},\"inLanguage\":\"en-US\",\"potentialAction\":[{\"@type\":\"ReadAction\",\"target\":[\"https:\\\/\\\/www.reseau-mesure.com\\\/de\\\/tnt\\\/\"]}]},{\"@type\":\"ImageObject\",\"inLanguage\":\"en-US\",\"@id\":\"https:\\\/\\\/www.reseau-mesure.com\\\/de\\\/tnt\\\/#primaryimage\",\"url\":\"https:\\\/\\\/www.reseau-mesure.com\\\/wp-content\\\/uploads\\\/2019\\\/04\\\/TNT-taille-web.jpg\",\"contentUrl\":\"https:\\\/\\\/www.reseau-mesure.com\\\/wp-content\\\/uploads\\\/2019\\\/04\\\/TNT-taille-web.jpg\"},{\"@type\":\"BreadcrumbList\",\"@id\":\"https:\\\/\\\/www.reseau-mesure.com\\\/de\\\/tnt\\\/#breadcrumb\",\"itemListElement\":[{\"@type\":\"ListItem\",\"position\":1,\"name\":\"Accueil\",\"item\":\"https:\\\/\\\/www.reseau-mesure.com\\\/\"},{\"@type\":\"ListItem\",\"position\":2,\"name\":\"TNT\"}]},{\"@type\":\"WebSite\",\"@id\":\"https:\\\/\\\/www.reseau-mesure.com\\\/#website\",\"url\":\"https:\\\/\\\/www.reseau-mesure.com\\\/\",\"name\":\"R\u00e9seau-Mesure\",\"description\":\"R\u00e9seau Mesure\",\"publisher\":{\"@id\":\"https:\\\/\\\/www.reseau-mesure.com\\\/#organization\"},\"potentialAction\":[{\"@type\":\"SearchAction\",\"target\":{\"@type\":\"EntryPoint\",\"urlTemplate\":\"https:\\\/\\\/www.reseau-mesure.com\\\/?s={search_term_string}\"},\"query-input\":{\"@type\":\"PropertyValueSpecification\",\"valueRequired\":true,\"valueName\":\"search_term_string\"}}],\"inLanguage\":\"en-US\"},{\"@type\":\"Organization\",\"@id\":\"https:\\\/\\\/www.reseau-mesure.com\\\/#organization\",\"name\":\"R\u00e9seau-Mesure\",\"url\":\"https:\\\/\\\/www.reseau-mesure.com\\\/\",\"logo\":{\"@type\":\"ImageObject\",\"inLanguage\":\"en-US\",\"@id\":\"https:\\\/\\\/www.reseau-mesure.com\\\/#\\\/schema\\\/logo\\\/image\\\/\",\"url\":\"https:\\\/\\\/www.reseau-mesure.com\\\/wp-content\\\/uploads\\\/2018\\\/02\\\/logo-max.png\",\"contentUrl\":\"https:\\\/\\\/www.reseau-mesure.com\\\/wp-content\\\/uploads\\\/2018\\\/02\\\/logo-max.png\",\"width\":545,\"height\":285,\"caption\":\"R\u00e9seau-Mesure\"},\"image\":{\"@id\":\"https:\\\/\\\/www.reseau-mesure.com\\\/#\\\/schema\\\/logo\\\/image\\\/\"},\"sameAs\":[\"https:\\\/\\\/www.facebook.com\\\/reseaumesure\\\/\",\"https:\\\/\\\/x.com\\\/ReseauMesure\",\"https:\\\/\\\/www.linkedin.com\\\/company\\\/reseau-mesure\\\/\"]}]}<\/script>\n<!-- \/ Yoast SEO plugin. -->","yoast_head_json":{"title":"TNT - R\u00e9seau Mesure","robots":{"index":"index","follow":"follow","max-snippet":"max-snippet:-1","max-image-preview":"max-image-preview:large","max-video-preview":"max-video-preview:-1"},"canonical":"https:\/\/www.reseau-mesure.com\/en\/tnt\/","og_locale":"en_US","og_type":"article","og_title":"TNT - R\u00e9seau Mesure","og_description":"PARTENARIAT R\u00c9SEAU MESURE &#8211; TNT &nbsp; OFFRE TRANSPORT COLIS DE MOINS DE 30KG \u00a0 L\u2019offre de TNT a \u00e9t\u00e9 retenue par le groupe de travail du R\u00e9seau Mesure et permet \u00e0 l\u2019ensemble des soci\u00e9t\u00e9s adh\u00e9rentes au R\u00e9seau Mesure de b\u00e9n\u00e9ficier des tarifs pr\u00e9f\u00e9rentiels suivants\u00a0: \u00a0 Colis nationaux (Validit\u00e9 jusqu\u2019au 31\/12\/2019) \u00a0 \u00a0 R\u00e9duction de \u2013&hellip;","og_url":"https:\/\/www.reseau-mesure.com\/en\/tnt\/","og_site_name":"R\u00e9seau Mesure","article_publisher":"https:\/\/www.facebook.com\/reseaumesure\/","article_modified_time":"2019-04-19T14:31:36+00:00","og_image":[{"url":"https:\/\/www.reseau-mesure.com\/wp-content\/uploads\/2019\/04\/TNT-taille-web.jpg","type":"","width":"","height":""}],"twitter_card":"summary_large_image","twitter_site":"@ReseauMesure","twitter_misc":{"Est. reading time":"1 minute"},"schema":{"@context":"https:\/\/schema.org","@graph":[{"@type":"WebPage","@id":"https:\/\/www.reseau-mesure.com\/de\/tnt\/","url":"https:\/\/www.reseau-mesure.com\/de\/tnt\/","name":"TNT - R\u00e9seau Mesure","isPartOf":{"@id":"https:\/\/www.reseau-mesure.com\/#website"},"primaryImageOfPage":{"@id":"https:\/\/www.reseau-mesure.com\/de\/tnt\/#primaryimage"},"image":{"@id":"https:\/\/www.reseau-mesure.com\/de\/tnt\/#primaryimage"},"thumbnailUrl":"https:\/\/www.reseau-mesure.com\/wp-content\/uploads\/2019\/04\/TNT-taille-web.jpg","datePublished":"2019-04-19T13:46:36+00:00","dateModified":"2019-04-19T14:31:36+00:00","breadcrumb":{"@id":"https:\/\/www.reseau-mesure.com\/de\/tnt\/#breadcrumb"},"inLanguage":"en-US","potentialAction":[{"@type":"ReadAction","target":["https:\/\/www.reseau-mesure.com\/de\/tnt\/"]}]},{"@type":"ImageObject","inLanguage":"en-US","@id":"https:\/\/www.reseau-mesure.com\/de\/tnt\/#primaryimage","url":"https:\/\/www.reseau-mesure.com\/wp-content\/uploads\/2019\/04\/TNT-taille-web.jpg","contentUrl":"https:\/\/www.reseau-mesure.com\/wp-content\/uploads\/2019\/04\/TNT-taille-web.jpg"},{"@type":"BreadcrumbList","@id":"https:\/\/www.reseau-mesure.com\/de\/tnt\/#breadcrumb","itemListElement":[{"@type":"ListItem","position":1,"name":"Accueil","item":"https:\/\/www.reseau-mesure.com\/"},{"@type":"ListItem","position":2,"name":"TNT"}]},{"@type":"WebSite","@id":"https:\/\/www.reseau-mesure.com\/#website","url":"https:\/\/www.reseau-mesure.com\/","name":"R\u00e9seau-Mesure","description":"Network Measure","publisher":{"@id":"https:\/\/www.reseau-mesure.com\/#organization"},"potentialAction":[{"@type":"SearchAction","target":{"@type":"EntryPoint","urlTemplate":"https:\/\/www.reseau-mesure.com\/?s={search_term_string}"},"query-input":{"@type":"PropertyValueSpecification","valueRequired":true,"valueName":"search_term_string"}}],"inLanguage":"en-US"},{"@type":"Organization","@id":"https:\/\/www.reseau-mesure.com\/#organization","name":"R\u00e9seau-Mesure","url":"https:\/\/www.reseau-mesure.com\/","logo":{"@type":"ImageObject","inLanguage":"en-US","@id":"https:\/\/www.reseau-mesure.com\/#\/schema\/logo\/image\/","url":"https:\/\/www.reseau-mesure.com\/wp-content\/uploads\/2018\/02\/logo-max.png","contentUrl":"https:\/\/www.reseau-mesure.com\/wp-content\/uploads\/2018\/02\/logo-max.png","width":545,"height":285,"caption":"R\u00e9seau-Mesure"},"image":{"@id":"https:\/\/www.reseau-mesure.com\/#\/schema\/logo\/image\/"},"sameAs":["https:\/\/www.facebook.com\/reseaumesure\/","https:\/\/x.com\/ReseauMesure","https:\/\/www.linkedin.com\/company\/reseau-mesure\/"]}]}},"_links":{"self":[{"href":"https:\/\/www.reseau-mesure.com\/en\/wp-json\/wp\/v2\/pages\/6931","targetHints":{"allow":["GET"]}}],"collection":[{"href":"https:\/\/www.reseau-mesure.com\/en\/wp-json\/wp\/v2\/pages"}],"about":[{"href":"https:\/\/www.reseau-mesure.com\/en\/wp-json\/wp\/v2\/types\/page"}],"author":[{"embeddable":true,"href":"https:\/\/www.reseau-mesure.com\/en\/wp-json\/wp\/v2\/users\/685"}],"replies":[{"embeddable":true,"href":"https:\/\/www.reseau-mesure.com\/en\/wp-json\/wp\/v2\/comments?post=6931"}],"version-history":[{"count":0,"href":"https:\/\/www.reseau-mesure.com\/en\/wp-json\/wp\/v2\/pages\/6931\/revisions"}],"wp:attachment":[{"href":"https:\/\/www.reseau-mesure.com\/en\/wp-json\/wp\/v2\/media?parent=6931"}],"curies":[{"name":"wp","href":"https:\/\/api.w.org\/{rel}","templated":true}]}}