{"id":7012,"date":"2019-04-29T15:24:43","date_gmt":"2019-04-29T13:24:43","guid":{"rendered":"https:\/\/www.reseau-mesure.com\/?page_id=7012"},"modified":"2019-04-29T15:24:43","modified_gmt":"2019-04-29T13:24:43","slug":"offre-speciale-la-gazette-du-laboratoire-cim-2019-measurement-world-2019","status":"publish","type":"page","link":"https:\/\/www.reseau-mesure.com\/en\/offre-speciale-la-gazette-du-laboratoire-cim-2019-measurement-world-2019\/","title":{"rendered":"La Gazette du Laboratoire special offer - CIM 2019 - Measurement World 2019"},"content":{"rendered":"<h1><strong><u>LABORATORY GAZETTE special offer<\/u><\/strong><\/h1>\n<p><img loading=\"lazy\" decoding=\"async\" src=\"https:\/\/www.reseau-mesure.com\/wp-content\/uploads\/2018\/01\/LOGO-la-gazette-du-labratoire-300x98.png\" alt=\"la Gazette du Laboratoire\" width=\"300\" height=\"98\" \/><\/p>\n<p>&nbsp;<\/p>\n<p>The<strong> LABORATORY Gazette<\/strong>, partner of the Measurement Network, offers you <strong>to use their media to increase your visibility with their scientific audience.<\/strong><strong>\u00a0<\/strong><\/p>\n<p>La Gazette du LABORATOIRE will be present in the heart of the metrology village of MW2019.<\/p>\n<p>&nbsp;<\/p>\n<p><strong><u>Special offer CIM 2019 + Measurement World 2019 - September 2019:<\/u><\/strong><\/p>\n<p>&nbsp;<\/p>\n<p><strong>\u00a0<\/strong><strong>Online visibility\u00a0<\/strong><\/p>\n<p>inclusion in the FRANCE JUNE 2019 Newsletter (interactive + visual text)<\/p>\n<p><strong>at 350 \u20ac HT<\/strong>\/ publication (instead of 390 \u20ac HT price list) - <strong><em>technical deadline 06\/06\/2019<\/em><\/strong><\/p>\n<p>&nbsp;<\/p>\n<p><strong>Print visibility<\/strong><\/p>\n<p>\u00bc page four-color advertising insert (105 x H 155 mm format) in the SEPTEMBER 2019 edition<\/p>\n<p><strong>at<\/strong> <strong>1350 \u20ac ht \/ publication<\/strong> \u00a0(instead of \u20ac 1,500 excl. tax price) - <strong><em>technical deadline 22\/07\/2019<\/em><\/strong><\/p>\n<p>&nbsp;<\/p>\n<p><strong>Print + Online Visibility pack offer\u00a0<\/strong><\/p>\n<p>Insertion in the FRANCE JUNE Newsletter + \u00bc page four-color advertising insert (105 x H 155 mm format) in the SEPTEMBER 2019 edition<\/p>\n<p><strong>at 1500 \u20ac HT<\/strong> <em>(instead of \u20ac 1,890 excl.tax, standard rate)<\/em><\/p>\n<p>&nbsp;<\/p>\n<p><em>Our print editions of June, July and September (8000 copies \/ month), as well as our next <\/em><a href=\"https:\/\/www.gazettelabo.fr\/elettre\/\"><em>Newsletters France<\/em><\/a><em> (respective publication on 16\/05, 13\/06, 11\/07 and 12\/09 - broadcast to more than 45,000 contacts on the date of posting on our site <\/em><a href=\"http:\/\/www.gazettelabo.fr\"><em>www.gazettelabo.fr<\/em><\/a><em>) will participate in the promotion of CIM 2019 and MW2019.<\/em><\/p>\n<p><em>Our September 2019 print edition will also be available on our stand throughout the show. <\/em><\/p>\n<p>&nbsp;<\/p>\n<p>&nbsp;<\/p>\n<p><strong>To book your pitches now and for any information, contact:<\/strong><\/p>\n<p>Virginie MURAT - <a href=\"mailto:virginie.murat@gazettelabo.fr\">virginie.murat@gazettelabo.fr<\/a> or<\/p>\n<p>Christine BOUILLARD - <a href=\"mailto:cbouillard@gazettelabo.fr\">cbouillard@gazettelabo.fr<\/a><\/p>\n<p>or call La Gazette du LABORATOIRE on 04 77 72 09 65.<\/p>\n<p>&nbsp;<\/p>","protected":false},"excerpt":{"rendered":"<p>Special offer LA GAZETTE DU LABORATOIRE The Gazette du LABORATOIRE, a partner of the Measurement Network, suggests that you use their media to increase your visibility with their scientific audience. La Gazette du LABORATOIRE will be present in the heart of the metrology village of MW2019. Special offer CIM 2019 + Measurement World 2019 - September 2019:\u2026<\/p>","protected":false},"author":349,"featured_media":0,"parent":0,"menu_order":0,"comment_status":"closed","ping_status":"closed","template":"","meta":{"_acf_changed":false,"footnotes":""},"class_list":["post-7012","page","type-page","status-publish","hentry"],"acf":[],"yoast_head":"<!-- This site is optimized with the Yoast SEO plugin v27.4 - https:\/\/yoast.com\/product\/yoast-seo-wordpress\/ -->\n<title>Offre sp\u00e9ciale La Gazette du Laboratoire- CIM 2019 - Measurement World 2019 - R\u00e9seau Mesure<\/title>\n<meta name=\"robots\" content=\"index, follow, max-snippet:-1, max-image-preview:large, max-video-preview:-1\" \/>\n<link rel=\"canonical\" href=\"https:\/\/www.reseau-mesure.com\/en\/offre-speciale-la-gazette-du-laboratoire-cim-2019-measurement-world-2019\/\" \/>\n<meta property=\"og:locale\" content=\"en_US\" \/>\n<meta property=\"og:type\" content=\"article\" \/>\n<meta property=\"og:title\" content=\"Offre sp\u00e9ciale La Gazette du Laboratoire- CIM 2019 - Measurement World 2019 - R\u00e9seau Mesure\" \/>\n<meta property=\"og:description\" content=\"Offre sp\u00e9ciale LA GAZETTE DU LABORATOIRE &nbsp; La Gazette du LABORATOIRE, partenaire du R\u00e9seau Mesure, vous propose d\u2019utiliser leurs supports pour accro\u00eetre votre visibilit\u00e9 aupr\u00e8s de leur public scientifique.\u00a0 La Gazette du LABORATOIRE sera pr\u00e9sente au c\u0153ur du village m\u00e9trologie de MW2019. &nbsp; Offre sp\u00e9ciale CIM 2019 +\u00a0 Measurement World 2019 \u2013 Septembre 2019\u00a0: &nbsp;&hellip;\" \/>\n<meta property=\"og:url\" content=\"https:\/\/www.reseau-mesure.com\/en\/offre-speciale-la-gazette-du-laboratoire-cim-2019-measurement-world-2019\/\" \/>\n<meta property=\"og:site_name\" content=\"R\u00e9seau Mesure\" \/>\n<meta property=\"article:publisher\" content=\"https:\/\/www.facebook.com\/reseaumesure\/\" \/>\n<meta property=\"og:image\" content=\"https:\/\/www.reseau-mesure.com\/wp-content\/uploads\/2018\/01\/LOGO-la-gazette-du-labratoire-300x98.png\" \/>\n<meta name=\"twitter:card\" content=\"summary_large_image\" \/>\n<meta name=\"twitter:site\" content=\"@ReseauMesure\" \/>\n<meta name=\"twitter:label1\" content=\"Est. reading time\" \/>\n\t<meta name=\"twitter:data1\" content=\"1 minute\" \/>\n<script type=\"application\/ld+json\" class=\"yoast-schema-graph\">{\"@context\":\"https:\\\/\\\/schema.org\",\"@graph\":[{\"@type\":\"WebPage\",\"@id\":\"https:\\\/\\\/www.reseau-mesure.com\\\/de\\\/offre-speciale-la-gazette-du-laboratoire-cim-2019-measurement-world-2019\\\/\",\"url\":\"https:\\\/\\\/www.reseau-mesure.com\\\/de\\\/offre-speciale-la-gazette-du-laboratoire-cim-2019-measurement-world-2019\\\/\",\"name\":\"Offre sp\u00e9ciale La Gazette du Laboratoire- CIM 2019 - Measurement World 2019 - R\u00e9seau Mesure\",\"isPartOf\":{\"@id\":\"https:\\\/\\\/www.reseau-mesure.com\\\/#website\"},\"primaryImageOfPage\":{\"@id\":\"https:\\\/\\\/www.reseau-mesure.com\\\/de\\\/offre-speciale-la-gazette-du-laboratoire-cim-2019-measurement-world-2019\\\/#primaryimage\"},\"image\":{\"@id\":\"https:\\\/\\\/www.reseau-mesure.com\\\/de\\\/offre-speciale-la-gazette-du-laboratoire-cim-2019-measurement-world-2019\\\/#primaryimage\"},\"thumbnailUrl\":\"https:\\\/\\\/www.reseau-mesure.com\\\/wp-content\\\/uploads\\\/2018\\\/01\\\/LOGO-la-gazette-du-labratoire-300x98.png\",\"datePublished\":\"2019-04-29T13:24:43+00:00\",\"breadcrumb\":{\"@id\":\"https:\\\/\\\/www.reseau-mesure.com\\\/de\\\/offre-speciale-la-gazette-du-laboratoire-cim-2019-measurement-world-2019\\\/#breadcrumb\"},\"inLanguage\":\"en-US\",\"potentialAction\":[{\"@type\":\"ReadAction\",\"target\":[\"https:\\\/\\\/www.reseau-mesure.com\\\/de\\\/offre-speciale-la-gazette-du-laboratoire-cim-2019-measurement-world-2019\\\/\"]}]},{\"@type\":\"ImageObject\",\"inLanguage\":\"en-US\",\"@id\":\"https:\\\/\\\/www.reseau-mesure.com\\\/de\\\/offre-speciale-la-gazette-du-laboratoire-cim-2019-measurement-world-2019\\\/#primaryimage\",\"url\":\"https:\\\/\\\/www.reseau-mesure.com\\\/wp-content\\\/uploads\\\/2018\\\/01\\\/LOGO-la-gazette-du-labratoire-300x98.png\",\"contentUrl\":\"https:\\\/\\\/www.reseau-mesure.com\\\/wp-content\\\/uploads\\\/2018\\\/01\\\/LOGO-la-gazette-du-labratoire-300x98.png\"},{\"@type\":\"BreadcrumbList\",\"@id\":\"https:\\\/\\\/www.reseau-mesure.com\\\/de\\\/offre-speciale-la-gazette-du-laboratoire-cim-2019-measurement-world-2019\\\/#breadcrumb\",\"itemListElement\":[{\"@type\":\"ListItem\",\"position\":1,\"name\":\"Accueil\",\"item\":\"https:\\\/\\\/www.reseau-mesure.com\\\/\"},{\"@type\":\"ListItem\",\"position\":2,\"name\":\"Offre sp\u00e9ciale La Gazette du Laboratoire- CIM 2019 &#8211; Measurement World 2019\"}]},{\"@type\":\"WebSite\",\"@id\":\"https:\\\/\\\/www.reseau-mesure.com\\\/#website\",\"url\":\"https:\\\/\\\/www.reseau-mesure.com\\\/\",\"name\":\"R\u00e9seau-Mesure\",\"description\":\"R\u00e9seau Mesure\",\"publisher\":{\"@id\":\"https:\\\/\\\/www.reseau-mesure.com\\\/#organization\"},\"potentialAction\":[{\"@type\":\"SearchAction\",\"target\":{\"@type\":\"EntryPoint\",\"urlTemplate\":\"https:\\\/\\\/www.reseau-mesure.com\\\/?s={search_term_string}\"},\"query-input\":{\"@type\":\"PropertyValueSpecification\",\"valueRequired\":true,\"valueName\":\"search_term_string\"}}],\"inLanguage\":\"en-US\"},{\"@type\":\"Organization\",\"@id\":\"https:\\\/\\\/www.reseau-mesure.com\\\/#organization\",\"name\":\"R\u00e9seau-Mesure\",\"url\":\"https:\\\/\\\/www.reseau-mesure.com\\\/\",\"logo\":{\"@type\":\"ImageObject\",\"inLanguage\":\"en-US\",\"@id\":\"https:\\\/\\\/www.reseau-mesure.com\\\/#\\\/schema\\\/logo\\\/image\\\/\",\"url\":\"https:\\\/\\\/www.reseau-mesure.com\\\/wp-content\\\/uploads\\\/2018\\\/02\\\/logo-max.png\",\"contentUrl\":\"https:\\\/\\\/www.reseau-mesure.com\\\/wp-content\\\/uploads\\\/2018\\\/02\\\/logo-max.png\",\"width\":545,\"height\":285,\"caption\":\"R\u00e9seau-Mesure\"},\"image\":{\"@id\":\"https:\\\/\\\/www.reseau-mesure.com\\\/#\\\/schema\\\/logo\\\/image\\\/\"},\"sameAs\":[\"https:\\\/\\\/www.facebook.com\\\/reseaumesure\\\/\",\"https:\\\/\\\/x.com\\\/ReseauMesure\",\"https:\\\/\\\/www.linkedin.com\\\/company\\\/reseau-mesure\\\/\"]}]}<\/script>\n<!-- \/ Yoast SEO plugin. -->","yoast_head_json":{"title":"Offre sp\u00e9ciale La Gazette du Laboratoire- CIM 2019 - Measurement World 2019 - R\u00e9seau Mesure","robots":{"index":"index","follow":"follow","max-snippet":"max-snippet:-1","max-image-preview":"max-image-preview:large","max-video-preview":"max-video-preview:-1"},"canonical":"https:\/\/www.reseau-mesure.com\/en\/offre-speciale-la-gazette-du-laboratoire-cim-2019-measurement-world-2019\/","og_locale":"en_US","og_type":"article","og_title":"Offre sp\u00e9ciale La Gazette du Laboratoire- CIM 2019 - Measurement World 2019 - R\u00e9seau Mesure","og_description":"Offre sp\u00e9ciale LA GAZETTE DU LABORATOIRE &nbsp; La Gazette du LABORATOIRE, partenaire du R\u00e9seau Mesure, vous propose d\u2019utiliser leurs supports pour accro\u00eetre votre visibilit\u00e9 aupr\u00e8s de leur public scientifique.\u00a0 La Gazette du LABORATOIRE sera pr\u00e9sente au c\u0153ur du village m\u00e9trologie de MW2019. &nbsp; Offre sp\u00e9ciale CIM 2019 +\u00a0 Measurement World 2019 \u2013 Septembre 2019\u00a0: &nbsp;&hellip;","og_url":"https:\/\/www.reseau-mesure.com\/en\/offre-speciale-la-gazette-du-laboratoire-cim-2019-measurement-world-2019\/","og_site_name":"R\u00e9seau Mesure","article_publisher":"https:\/\/www.facebook.com\/reseaumesure\/","og_image":[{"url":"https:\/\/www.reseau-mesure.com\/wp-content\/uploads\/2018\/01\/LOGO-la-gazette-du-labratoire-300x98.png","type":"","width":"","height":""}],"twitter_card":"summary_large_image","twitter_site":"@ReseauMesure","twitter_misc":{"Est. reading time":"1 minute"},"schema":{"@context":"https:\/\/schema.org","@graph":[{"@type":"WebPage","@id":"https:\/\/www.reseau-mesure.com\/de\/offre-speciale-la-gazette-du-laboratoire-cim-2019-measurement-world-2019\/","url":"https:\/\/www.reseau-mesure.com\/de\/offre-speciale-la-gazette-du-laboratoire-cim-2019-measurement-world-2019\/","name":"Offre sp\u00e9ciale La Gazette du Laboratoire- CIM 2019 - Measurement World 2019 - R\u00e9seau Mesure","isPartOf":{"@id":"https:\/\/www.reseau-mesure.com\/#website"},"primaryImageOfPage":{"@id":"https:\/\/www.reseau-mesure.com\/de\/offre-speciale-la-gazette-du-laboratoire-cim-2019-measurement-world-2019\/#primaryimage"},"image":{"@id":"https:\/\/www.reseau-mesure.com\/de\/offre-speciale-la-gazette-du-laboratoire-cim-2019-measurement-world-2019\/#primaryimage"},"thumbnailUrl":"https:\/\/www.reseau-mesure.com\/wp-content\/uploads\/2018\/01\/LOGO-la-gazette-du-labratoire-300x98.png","datePublished":"2019-04-29T13:24:43+00:00","breadcrumb":{"@id":"https:\/\/www.reseau-mesure.com\/de\/offre-speciale-la-gazette-du-laboratoire-cim-2019-measurement-world-2019\/#breadcrumb"},"inLanguage":"en-US","potentialAction":[{"@type":"ReadAction","target":["https:\/\/www.reseau-mesure.com\/de\/offre-speciale-la-gazette-du-laboratoire-cim-2019-measurement-world-2019\/"]}]},{"@type":"ImageObject","inLanguage":"en-US","@id":"https:\/\/www.reseau-mesure.com\/de\/offre-speciale-la-gazette-du-laboratoire-cim-2019-measurement-world-2019\/#primaryimage","url":"https:\/\/www.reseau-mesure.com\/wp-content\/uploads\/2018\/01\/LOGO-la-gazette-du-labratoire-300x98.png","contentUrl":"https:\/\/www.reseau-mesure.com\/wp-content\/uploads\/2018\/01\/LOGO-la-gazette-du-labratoire-300x98.png"},{"@type":"BreadcrumbList","@id":"https:\/\/www.reseau-mesure.com\/de\/offre-speciale-la-gazette-du-laboratoire-cim-2019-measurement-world-2019\/#breadcrumb","itemListElement":[{"@type":"ListItem","position":1,"name":"Accueil","item":"https:\/\/www.reseau-mesure.com\/"},{"@type":"ListItem","position":2,"name":"Offre sp\u00e9ciale La Gazette du Laboratoire- CIM 2019 &#8211; Measurement World 2019"}]},{"@type":"WebSite","@id":"https:\/\/www.reseau-mesure.com\/#website","url":"https:\/\/www.reseau-mesure.com\/","name":"R\u00e9seau-Mesure","description":"Network Measure","publisher":{"@id":"https:\/\/www.reseau-mesure.com\/#organization"},"potentialAction":[{"@type":"SearchAction","target":{"@type":"EntryPoint","urlTemplate":"https:\/\/www.reseau-mesure.com\/?s={search_term_string}"},"query-input":{"@type":"PropertyValueSpecification","valueRequired":true,"valueName":"search_term_string"}}],"inLanguage":"en-US"},{"@type":"Organization","@id":"https:\/\/www.reseau-mesure.com\/#organization","name":"R\u00e9seau-Mesure","url":"https:\/\/www.reseau-mesure.com\/","logo":{"@type":"ImageObject","inLanguage":"en-US","@id":"https:\/\/www.reseau-mesure.com\/#\/schema\/logo\/image\/","url":"https:\/\/www.reseau-mesure.com\/wp-content\/uploads\/2018\/02\/logo-max.png","contentUrl":"https:\/\/www.reseau-mesure.com\/wp-content\/uploads\/2018\/02\/logo-max.png","width":545,"height":285,"caption":"R\u00e9seau-Mesure"},"image":{"@id":"https:\/\/www.reseau-mesure.com\/#\/schema\/logo\/image\/"},"sameAs":["https:\/\/www.facebook.com\/reseaumesure\/","https:\/\/x.com\/ReseauMesure","https:\/\/www.linkedin.com\/company\/reseau-mesure\/"]}]}},"_links":{"self":[{"href":"https:\/\/www.reseau-mesure.com\/en\/wp-json\/wp\/v2\/pages\/7012","targetHints":{"allow":["GET"]}}],"collection":[{"href":"https:\/\/www.reseau-mesure.com\/en\/wp-json\/wp\/v2\/pages"}],"about":[{"href":"https:\/\/www.reseau-mesure.com\/en\/wp-json\/wp\/v2\/types\/page"}],"author":[{"embeddable":true,"href":"https:\/\/www.reseau-mesure.com\/en\/wp-json\/wp\/v2\/users\/349"}],"replies":[{"embeddable":true,"href":"https:\/\/www.reseau-mesure.com\/en\/wp-json\/wp\/v2\/comments?post=7012"}],"version-history":[{"count":0,"href":"https:\/\/www.reseau-mesure.com\/en\/wp-json\/wp\/v2\/pages\/7012\/revisions"}],"wp:attachment":[{"href":"https:\/\/www.reseau-mesure.com\/en\/wp-json\/wp\/v2\/media?parent=7012"}],"curies":[{"name":"wp","href":"https:\/\/api.w.org\/{rel}","templated":true}]}}