{"id":7056,"date":"2019-05-09T17:54:55","date_gmt":"2019-05-09T15:54:55","guid":{"rendered":"https:\/\/www.reseau-mesure.com\/?page_id=7056"},"modified":"2021-05-19T11:22:54","modified_gmt":"2021-05-19T09:22:54","slug":"xerfi","status":"publish","type":"page","link":"https:\/\/www.reseau-mesure.com\/en\/xerfi\/","title":{"rendered":"XERFI"},"content":{"rendered":"<h1><strong>MEASUREMENT NETWORK PARTNERSHIP - XERFI<\/strong><\/h1>\n\n<p>&nbsp;<\/p>\n<h2><strong>Benefit from access to XERFI studies<\/strong><\/h2>\n<p>&nbsp;<\/p>\n<p>As part of the Measurement Network action plan, a new action, proposed by the \u201cOpportunities, Markets and Companies\u201d group, allows you to\u00a0<strong>benefit from privileged access to the Xerfi 7000 database<\/strong>.<\/p>\n<ul>\n<li>Xerfi, is an independent publisher of sectoral economic studies. You have complete and up-to-date studies:\n<ul>\n<li>Exclusive portals allow you to follow the sectors of your choice<\/li>\n<li>Knowledge sharing tools, videos, flashes, ...<\/li>\n<li>Information flows throughout the year. Monthly update of financial ratios.<\/li>\n<\/ul>\nThe XERFI 7000 subscription includes:<\/li>\n<\/ul>\n<p>XERFI FRANCE<\/p>\n<p>Xerfi France analyzes in real time the economic situation, the players and the performance of companies throughout the French economy. A continuous information service provides you with the latest data available on companies and economic forecasts.<\/p>\n\n<p>GLOBAL BUSINESS<\/p>\n<p>Global Business Studies provide information, analysis and forecasts on major sectors of the global economy as well as their main groups.<\/p>\n\n<p>XERFI GROUPS<\/p>\n<p>60 studies analyzing the situation of the largest French groups, their positioning, the competition and the strengths and weaknesses of operators.<\/p>\n<p>&nbsp;<\/p>\n\n<p>A CONTINUOUS INFORMATION SERVICE THAT GIVES YOU ACCESS TO THE LATEST RATIOS AND FINANCIAL FORECASTS OF COMPANIES<\/p>\n<p>700 STUDIES TO MASTER FRENCH AND INTERNATIONAL SECTORS AND COMPANIES<\/p>\n\n<p>You can consult the general catalog annexed to the studies also available on the site <a href=\"http:\/\/www.xerfi.com\">www.xerfi.com<\/a>.<\/p>\n<table>\n<tbody>\n<tr>\n<td width=\"130\"><strong>Type of study<\/strong><\/td>\n<td width=\"128\"><strong>Xerfi rate<\/strong><\/td>\n<td width=\"216\"><strong>RM member discount<\/strong><\/td>\n<td width=\"210\"><strong>Net price<\/strong><\/td>\n<\/tr>\n<tr>\n<td width=\"130\"><strong>Xerfi 7000<\/strong><\/td>\n<td width=\"128\">From 450 to 999 Euros<\/td>\n<td width=\"216\">30%<\/td>\n<td width=\"210\">From 315 to 699 Euros<\/td>\n<\/tr>\n<tr>\n<td width=\"130\"><strong>Xerfi 7000<\/strong><\/td>\n<td width=\"128\">&gt; 1000 Euros<\/td>\n<td width=\"216\">60%<\/td>\n<td width=\"210\">&gt; 400 Euros<\/td>\n<\/tr>\n<\/tbody>\n<\/table>\n\n\n<table>\n<tbody>\n<tr>\n<td width=\"130\"><strong>Type of study<\/strong><\/td>\n<td width=\"128\"><strong>Xerfi rate<\/strong><\/td>\n<td width=\"216\"><strong>RM member discount<\/strong><\/td>\n<td width=\"210\"><strong>Net price<\/strong><\/td>\n<\/tr>\n<tr>\n<td width=\"130\"><strong>Dassault Aviation (group study)<\/strong><\/td>\n<td width=\"128\">450 Euros<\/td>\n<td width=\"216\">30%<\/td>\n<td width=\"210\">315 Euros<\/td>\n<\/tr>\n<tr>\n<td width=\"130\"><strong>Pharmaceutical laboratories (Xerfi France)<\/strong><\/td>\n<td width=\"128\">1,800 Euros<\/td>\n<td width=\"216\">60%<\/td>\n<td width=\"210\">720 Euros<\/td>\n<\/tr>\n<tr>\n<td width=\"130\"><strong>The Global Petrochemical Industry: the market<\/strong>\n<strong>(Xerfi Global)<\/strong><\/td>\n<td width=\"128\">1,600 Euros<\/td>\n<td width=\"216\">60%<\/td>\n<td width=\"210\">640 Euros<\/td>\n<\/tr>\n<\/tbody>\n<\/table>\n\n\n\t\t\t<a href=\"https:\/\/www.reseau-mesure.com\/wp-content\/uploads\/2021\/05\/XERFI_CATALOGUE_MAI_2021.pdf\" target=\"_blank\" role=\"button\" rel=\"noopener\">\n\t\t\t\t\t\t\tDownload the catalog\n\t\t\t\t\t<\/a>\n\t\t\t<a href=\"https:\/\/www.reseau-mesure.com\/wp-content\/uploads\/2021\/05\/Catalogue-Xerfi-7000.pdf\" target=\"_blank\" role=\"button\" rel=\"noopener\">\n\t\t\t\t\t\t\tDownload the XERFI 7000 catalog\n\t\t\t\t\t<\/a>","protected":false},"excerpt":{"rendered":"<p>MEASURE - XERFI NETWORK PARTNERSHIP Benefit from access to XERFI studies As part of the Measurement Network action plan, a new action, proposed by the \u201cOpportunities Markets and Companies\u201d group, gives you privileged access to the Xerfi 7000 database. Xerfi is an independent publisher of sectorial economic studies. You have ...<\/p>","protected":false},"author":685,"featured_media":0,"parent":0,"menu_order":0,"comment_status":"closed","ping_status":"closed","template":"","meta":{"_acf_changed":false,"footnotes":""},"class_list":["post-7056","page","type-page","status-publish","hentry"],"acf":[],"yoast_head":"<!-- This site is optimized with the Yoast SEO plugin v27.4 - https:\/\/yoast.com\/product\/yoast-seo-wordpress\/ -->\n<title>XERFI - R\u00e9seau Mesure<\/title>\n<meta name=\"robots\" content=\"index, follow, max-snippet:-1, max-image-preview:large, max-video-preview:-1\" \/>\n<link rel=\"canonical\" href=\"https:\/\/www.reseau-mesure.com\/en\/xerfi\/\" \/>\n<meta property=\"og:locale\" content=\"en_US\" \/>\n<meta property=\"og:type\" content=\"article\" \/>\n<meta property=\"og:title\" content=\"XERFI - R\u00e9seau Mesure\" \/>\n<meta property=\"og:description\" content=\"PARTENARIAT R\u00c9SEAU MESURE &#8211; XERFI &nbsp; B\u00e9n\u00e9ficier d&rsquo;un acc\u00e8s aux \u00e9tudes XERFI &nbsp; Dans le cadre du plan d&rsquo;actions du R\u00e9seau Mesure, une nouvelle action, propos\u00e9e par le groupe \u00ab\u00a0Opportunit\u00e9s March\u00e9s et Entreprises\u00a0\u00bb, vous permet de\u00a0b\u00e9n\u00e9ficier d&rsquo;un acc\u00e8s privil\u00e9gi\u00e9 \u00e0 la base de donn\u00e9es Xerfi 7000. Xerfi, est un \u00e9diteur ind\u00e9pendant d&rsquo;\u00e9tudes \u00e9conomiques sectorielles.Vous disposez&hellip;\" \/>\n<meta property=\"og:url\" content=\"https:\/\/www.reseau-mesure.com\/en\/xerfi\/\" \/>\n<meta property=\"og:site_name\" content=\"R\u00e9seau Mesure\" \/>\n<meta property=\"article:publisher\" content=\"https:\/\/www.facebook.com\/reseaumesure\/\" \/>\n<meta property=\"article:modified_time\" content=\"2021-05-19T09:22:54+00:00\" \/>\n<meta name=\"twitter:card\" content=\"summary_large_image\" \/>\n<meta name=\"twitter:site\" content=\"@ReseauMesure\" \/>\n<meta name=\"twitter:label1\" content=\"Est. reading time\" \/>\n\t<meta name=\"twitter:data1\" content=\"2 minutes\" \/>\n<script type=\"application\/ld+json\" class=\"yoast-schema-graph\">{\"@context\":\"https:\\\/\\\/schema.org\",\"@graph\":[{\"@type\":\"WebPage\",\"@id\":\"https:\\\/\\\/www.reseau-mesure.com\\\/xerfi\\\/\",\"url\":\"https:\\\/\\\/www.reseau-mesure.com\\\/xerfi\\\/\",\"name\":\"XERFI - R\u00e9seau Mesure\",\"isPartOf\":{\"@id\":\"https:\\\/\\\/www.reseau-mesure.com\\\/#website\"},\"datePublished\":\"2019-05-09T15:54:55+00:00\",\"dateModified\":\"2021-05-19T09:22:54+00:00\",\"breadcrumb\":{\"@id\":\"https:\\\/\\\/www.reseau-mesure.com\\\/xerfi\\\/#breadcrumb\"},\"inLanguage\":\"en-US\",\"potentialAction\":[{\"@type\":\"ReadAction\",\"target\":[\"https:\\\/\\\/www.reseau-mesure.com\\\/xerfi\\\/\"]}]},{\"@type\":\"BreadcrumbList\",\"@id\":\"https:\\\/\\\/www.reseau-mesure.com\\\/xerfi\\\/#breadcrumb\",\"itemListElement\":[{\"@type\":\"ListItem\",\"position\":1,\"name\":\"Accueil\",\"item\":\"https:\\\/\\\/www.reseau-mesure.com\\\/\"},{\"@type\":\"ListItem\",\"position\":2,\"name\":\"XERFI\"}]},{\"@type\":\"WebSite\",\"@id\":\"https:\\\/\\\/www.reseau-mesure.com\\\/#website\",\"url\":\"https:\\\/\\\/www.reseau-mesure.com\\\/\",\"name\":\"R\u00e9seau-Mesure\",\"description\":\"R\u00e9seau Mesure\",\"publisher\":{\"@id\":\"https:\\\/\\\/www.reseau-mesure.com\\\/#organization\"},\"potentialAction\":[{\"@type\":\"SearchAction\",\"target\":{\"@type\":\"EntryPoint\",\"urlTemplate\":\"https:\\\/\\\/www.reseau-mesure.com\\\/?s={search_term_string}\"},\"query-input\":{\"@type\":\"PropertyValueSpecification\",\"valueRequired\":true,\"valueName\":\"search_term_string\"}}],\"inLanguage\":\"en-US\"},{\"@type\":\"Organization\",\"@id\":\"https:\\\/\\\/www.reseau-mesure.com\\\/#organization\",\"name\":\"R\u00e9seau-Mesure\",\"url\":\"https:\\\/\\\/www.reseau-mesure.com\\\/\",\"logo\":{\"@type\":\"ImageObject\",\"inLanguage\":\"en-US\",\"@id\":\"https:\\\/\\\/www.reseau-mesure.com\\\/#\\\/schema\\\/logo\\\/image\\\/\",\"url\":\"https:\\\/\\\/www.reseau-mesure.com\\\/wp-content\\\/uploads\\\/2018\\\/02\\\/logo-max.png\",\"contentUrl\":\"https:\\\/\\\/www.reseau-mesure.com\\\/wp-content\\\/uploads\\\/2018\\\/02\\\/logo-max.png\",\"width\":545,\"height\":285,\"caption\":\"R\u00e9seau-Mesure\"},\"image\":{\"@id\":\"https:\\\/\\\/www.reseau-mesure.com\\\/#\\\/schema\\\/logo\\\/image\\\/\"},\"sameAs\":[\"https:\\\/\\\/www.facebook.com\\\/reseaumesure\\\/\",\"https:\\\/\\\/x.com\\\/ReseauMesure\",\"https:\\\/\\\/www.linkedin.com\\\/company\\\/reseau-mesure\\\/\"]}]}<\/script>\n<!-- \/ Yoast SEO plugin. -->","yoast_head_json":{"title":"XERFI - R\u00e9seau Mesure","robots":{"index":"index","follow":"follow","max-snippet":"max-snippet:-1","max-image-preview":"max-image-preview:large","max-video-preview":"max-video-preview:-1"},"canonical":"https:\/\/www.reseau-mesure.com\/en\/xerfi\/","og_locale":"en_US","og_type":"article","og_title":"XERFI - R\u00e9seau Mesure","og_description":"PARTENARIAT R\u00c9SEAU MESURE &#8211; XERFI &nbsp; B\u00e9n\u00e9ficier d&rsquo;un acc\u00e8s aux \u00e9tudes XERFI &nbsp; Dans le cadre du plan d&rsquo;actions du R\u00e9seau Mesure, une nouvelle action, propos\u00e9e par le groupe \u00ab\u00a0Opportunit\u00e9s March\u00e9s et Entreprises\u00a0\u00bb, vous permet de\u00a0b\u00e9n\u00e9ficier d&rsquo;un acc\u00e8s privil\u00e9gi\u00e9 \u00e0 la base de donn\u00e9es Xerfi 7000. Xerfi, est un \u00e9diteur ind\u00e9pendant d&rsquo;\u00e9tudes \u00e9conomiques sectorielles.Vous disposez&hellip;","og_url":"https:\/\/www.reseau-mesure.com\/en\/xerfi\/","og_site_name":"R\u00e9seau Mesure","article_publisher":"https:\/\/www.facebook.com\/reseaumesure\/","article_modified_time":"2021-05-19T09:22:54+00:00","twitter_card":"summary_large_image","twitter_site":"@ReseauMesure","twitter_misc":{"Est. reading time":"2 minutes"},"schema":{"@context":"https:\/\/schema.org","@graph":[{"@type":"WebPage","@id":"https:\/\/www.reseau-mesure.com\/xerfi\/","url":"https:\/\/www.reseau-mesure.com\/xerfi\/","name":"XERFI - R\u00e9seau Mesure","isPartOf":{"@id":"https:\/\/www.reseau-mesure.com\/#website"},"datePublished":"2019-05-09T15:54:55+00:00","dateModified":"2021-05-19T09:22:54+00:00","breadcrumb":{"@id":"https:\/\/www.reseau-mesure.com\/xerfi\/#breadcrumb"},"inLanguage":"en-US","potentialAction":[{"@type":"ReadAction","target":["https:\/\/www.reseau-mesure.com\/xerfi\/"]}]},{"@type":"BreadcrumbList","@id":"https:\/\/www.reseau-mesure.com\/xerfi\/#breadcrumb","itemListElement":[{"@type":"ListItem","position":1,"name":"Accueil","item":"https:\/\/www.reseau-mesure.com\/"},{"@type":"ListItem","position":2,"name":"XERFI"}]},{"@type":"WebSite","@id":"https:\/\/www.reseau-mesure.com\/#website","url":"https:\/\/www.reseau-mesure.com\/","name":"R\u00e9seau-Mesure","description":"Network Measure","publisher":{"@id":"https:\/\/www.reseau-mesure.com\/#organization"},"potentialAction":[{"@type":"SearchAction","target":{"@type":"EntryPoint","urlTemplate":"https:\/\/www.reseau-mesure.com\/?s={search_term_string}"},"query-input":{"@type":"PropertyValueSpecification","valueRequired":true,"valueName":"search_term_string"}}],"inLanguage":"en-US"},{"@type":"Organization","@id":"https:\/\/www.reseau-mesure.com\/#organization","name":"R\u00e9seau-Mesure","url":"https:\/\/www.reseau-mesure.com\/","logo":{"@type":"ImageObject","inLanguage":"en-US","@id":"https:\/\/www.reseau-mesure.com\/#\/schema\/logo\/image\/","url":"https:\/\/www.reseau-mesure.com\/wp-content\/uploads\/2018\/02\/logo-max.png","contentUrl":"https:\/\/www.reseau-mesure.com\/wp-content\/uploads\/2018\/02\/logo-max.png","width":545,"height":285,"caption":"R\u00e9seau-Mesure"},"image":{"@id":"https:\/\/www.reseau-mesure.com\/#\/schema\/logo\/image\/"},"sameAs":["https:\/\/www.facebook.com\/reseaumesure\/","https:\/\/x.com\/ReseauMesure","https:\/\/www.linkedin.com\/company\/reseau-mesure\/"]}]}},"_links":{"self":[{"href":"https:\/\/www.reseau-mesure.com\/en\/wp-json\/wp\/v2\/pages\/7056","targetHints":{"allow":["GET"]}}],"collection":[{"href":"https:\/\/www.reseau-mesure.com\/en\/wp-json\/wp\/v2\/pages"}],"about":[{"href":"https:\/\/www.reseau-mesure.com\/en\/wp-json\/wp\/v2\/types\/page"}],"author":[{"embeddable":true,"href":"https:\/\/www.reseau-mesure.com\/en\/wp-json\/wp\/v2\/users\/685"}],"replies":[{"embeddable":true,"href":"https:\/\/www.reseau-mesure.com\/en\/wp-json\/wp\/v2\/comments?post=7056"}],"version-history":[{"count":0,"href":"https:\/\/www.reseau-mesure.com\/en\/wp-json\/wp\/v2\/pages\/7056\/revisions"}],"wp:attachment":[{"href":"https:\/\/www.reseau-mesure.com\/en\/wp-json\/wp\/v2\/media?parent=7056"}],"curies":[{"name":"wp","href":"https:\/\/api.w.org\/{rel}","templated":true}]}}