{"id":7985,"date":"2019-06-14T15:58:18","date_gmt":"2019-06-14T13:58:18","guid":{"rendered":"https:\/\/www.reseau-mesure.com\/?page_id=7985"},"modified":"2022-03-22T17:50:12","modified_gmt":"2022-03-22T16:50:12","slug":"measurement-world-2022","status":"publish","type":"page","link":"https:\/\/www.reseau-mesure.com\/en\/measurement-world-2022\/","title":{"rendered":"MEASUREMENT WORLD 2022"},"content":{"rendered":"<a href=\"https:\/\/global-industrie.com\/fr\/l-offre\/mw\" target=\"_blank\" rel=\"noopener\" itemprop=\"url\">\n\t\t\t\t<img loading=\"lazy\" decoding=\"async\" src=\"https:\/\/www.reseau-mesure.com\/wp-content\/uploads\/2018\/06\/MEASUREMENT_WORLD-LARGEUR.jpg\" alt=\"MEASUREMENT_WORLD-LARGEUR\" itemprop=\"image\" height=\"1129\" width=\"3544\" title=\"MEASUREMENT_WORLD-WIDTH\" onerror=\"this.style.display='none'\"  \/>\n\t\t\t\t<\/a>\n\t\t\t\t<a href=\"https:\/\/global-industrie.com\/fr\/l-offre\/mw\" target=\"_blank\" rel=\"noopener\" itemprop=\"url\">\n\t\t\t\t<img loading=\"lazy\" decoding=\"async\" src=\"https:\/\/www.reseau-mesure.com\/wp-content\/uploads\/2018\/06\/Nuage-MW-21-juin.jpg\" alt=\"Measurement wolrd\" itemprop=\"image\" height=\"1529\" width=\"1852\" title=\"Cloud MW - copy\" onerror=\"this.style.display='none'\"  \/>\n\t\t\t\t<\/a>\n\t\t\t\t<img decoding=\"async\" src=\"https:\/\/www.reseau-mesure.com\/wp-content\/plugins\/bb-plugin\/img\/pixel.png\" alt=\"\" itemprop=\"image\" onerror=\"this.style.display='none'\"  \/>\n\t<h2><strong>Global Industrie develops its universe<\/strong><br \/>\n<strong>of measurement by integrating Measurement World 2022<\/strong><\/h2>\n<p>from May 17 to 20, 2022, Paris Nord-Villepinte<\/p>\n<p>In 2022, <strong><a href=\"https:\/\/global-industrie.com\/fr\/l-offre\/mw\">Measurement World<\/a><\/strong>, an international meeting for players in measurement (analysis \/ control \/ optics \/ process \/ vision), reinforces the world of measurement historically present at Global Industrie. In addition to this specialized offer, exclusive content will be offered, the <strong><a href=\"https:\/\/www.gasanalysisevent.com\/\">International GAS Analysis Symposium 2022<\/a><\/strong>.<\/p>\n<p><img loading=\"lazy\" decoding=\"async\" src=\"https:\/\/www.reseau-mesure.com\/wp-content\/uploads\/2022\/02\/GI.png\" alt=\"Chiffres cl\u00e9s\" width=\"995\" height=\"394\" \/><\/p>\n<p>&nbsp;<\/p>\n\n\t\t\t<a href=\"https:\/\/www.reseau-mesure.com\/wp-content\/uploads\/2022\/03\/GI22_Reseau-Mesure-17.03.pdf\" target=\"_blank\" role=\"button\" rel=\"noopener\">\n\t\t\t\t\t\t\tPresentation of the workshop of 17 03 2022\n\t\t\t\t\t<\/a>\n\n\t<h2>A market context that creates new opportunities<\/h2>\nThe very special situation of 2021 has considerably changed the event landscape, giving rise to unprecedented associations. Thus, the joint holding of Global Industrie and Measurement World, in 2021, in Lyon, clearly demonstrated the relevance of a synergy between the world of measurement and that of industrial developments. This initiative, beneficial to everyone, was widely welcomed by all the participants (exhibitors, visitors, delegates, partners), eager to perpetuate and amplify this approach.<br \/>\nDriven by this enthusiasm, in 2022, Measurement World will be fully integrated into Global Industrie in Paris. This expanded universe brings together industrial users, experts, academics, manufacturers, service providers, international and institutional laboratories, and promotes French and European technological know-how, in particular those related to instrumentation, metrology and analysis. Also a springboard for launching innovations and a monitoring tool, it is a unique opportunity to see, touch and understand the extent of technological solutions and all the contributions of measurement (control, optimization, productivity, quality, reliability, data valuation \u2026), for all industrial sectors.\n<h2>Place for exchanges and meetings between industry and research<\/h2>\nIts historical concept combining exhibition, demonstrations, business meetings, expert content and integrating a scientific congress makes it a point of convergence for industry and research.<br \/>\nFor this edition, the CFM (Coll\u00e8ge Fran\u00e7ais de M\u00e9trologie) is organizing the International Symposium GAS Analysis 2022, which will be attended by 300 participants, from metrology research laboratories and key account users in the gas analysis sector.<br \/>\nPerceived as the best forum for exchanging the latest cutting-edge advances and applications in the industry, GAS Analysis attracts experts, regulatory decision-makers, technical managers, research laboratories, manufacturers and industrial users. The symposium will be orchestrated under 3 main areas of application: Environment, Energy\/BioGas and Health.<br \/>\nMade up of conferences, tutorials, an exhibition area within the show and social networking events, the program will take stock of the latest advances in gas metrology, energy transition, industrial innovation. and air quality.<br \/>\nIn parallel, during 4 days, a program of technical conferences in free access, will be animated by EMVA (European Machine Vision Association), the LCIE BUREAU VERITAS and the CFM (French College of Metrology).\n<p>&nbsp;<\/p>\n<p><strong>MEMBERS OF THE MEASUREMENT NETWORK BENEFIT FROM AN EARLY BIRD RATE UNTIL MARCH 31, 2022 \u2013 i.e. a discount of 6%.<\/strong><\/p>\n\t\t\t<a href=\"https:\/\/www.reseau-mesure.com\/wp-content\/uploads\/2022\/02\/DOSSIER-INSCRIPTION-MW-ADHTS-RM-2022.pdf\" target=\"_blank\" role=\"button\" rel=\"noopener\">\n\t\t\t\t\t\t\tRegistration file reserved for members of the Measurement Network\n\t\t\t\t\t<\/a>\n\t\t\t\t<a href=\"https:\/\/www.reseau-mesure.com\/wp-content\/uploads\/2022\/02\/DOSSIER-INSCRIPTION-MW-ADHTS-RM-2022.pdf\" target=\"_blank\" rel=\"noopener\" itemprop=\"url\">\n\t\t\t\t<img loading=\"lazy\" decoding=\"async\" src=\"https:\/\/www.reseau-mesure.com\/wp-content\/uploads\/2018\/06\/SCHEM.png\" alt=\"SCHEM\" itemprop=\"image\" height=\"4372\" width=\"6488\" title=\"SCHEM\" onerror=\"this.style.display='none'\"  \/>\n\t\t\t\t<\/a>","protected":false},"excerpt":{"rendered":"<p>Global Industrie is developing its measurement universe by integrating Measurement World 2022 from May 17 to 20, 2022, Paris Nord-Villepinte In 2022, Measurement World, an international meeting for measurement players (analysis \/ control \/ optics \/ process \/ vision) , strengthens the world of measurement historically present at Global Industrie. In addition to this\u2026<\/p>","protected":false},"author":685,"featured_media":0,"parent":0,"menu_order":0,"comment_status":"closed","ping_status":"closed","template":"","meta":{"_acf_changed":false,"footnotes":""},"class_list":["post-7985","page","type-page","status-publish","hentry"],"acf":[],"yoast_head":"<!-- This site is optimized with the Yoast SEO plugin v27.3 - https:\/\/yoast.com\/product\/yoast-seo-wordpress\/ -->\n<title>MEASUREMENT WORLD 2022 - R\u00e9seau Mesure<\/title>\n<meta name=\"description\" content=\"Global Industrie d\u00e9veloppe son univers de la mesure en int\u00e9grant Measurement World 2022. Informations et renseignements.\" \/>\n<meta name=\"robots\" content=\"index, follow, max-snippet:-1, max-image-preview:large, max-video-preview:-1\" \/>\n<link rel=\"canonical\" href=\"https:\/\/www.reseau-mesure.com\/en\/measurement-world-2022\/\" \/>\n<meta property=\"og:locale\" content=\"en_US\" \/>\n<meta property=\"og:type\" content=\"article\" \/>\n<meta property=\"og:title\" content=\"MEASUREMENT WORLD 2022 - R\u00e9seau Mesure\" \/>\n<meta property=\"og:description\" content=\"Global Industrie d\u00e9veloppe son univers de la mesure en int\u00e9grant Measurement World 2022. Informations et renseignements.\" \/>\n<meta property=\"og:url\" content=\"https:\/\/www.reseau-mesure.com\/en\/measurement-world-2022\/\" \/>\n<meta property=\"og:site_name\" content=\"R\u00e9seau Mesure\" \/>\n<meta property=\"article:publisher\" content=\"https:\/\/www.facebook.com\/reseaumesure\/\" \/>\n<meta property=\"article:modified_time\" content=\"2022-03-22T16:50:12+00:00\" \/>\n<meta property=\"og:image\" content=\"https:\/\/www.reseau-mesure.com\/wp-content\/uploads\/2018\/06\/MEASUREMENT_WORLD-LARGEUR.jpg\" \/>\n<meta name=\"twitter:card\" content=\"summary_large_image\" \/>\n<meta name=\"twitter:site\" content=\"@ReseauMesure\" \/>\n<meta name=\"twitter:label1\" content=\"Est. reading time\" \/>\n\t<meta name=\"twitter:data1\" content=\"5 minutes\" \/>\n<script type=\"application\/ld+json\" class=\"yoast-schema-graph\">{\"@context\":\"https:\\\/\\\/schema.org\",\"@graph\":[{\"@type\":\"WebPage\",\"@id\":\"https:\\\/\\\/www.reseau-mesure.com\\\/measurement-world-2022\\\/\",\"url\":\"https:\\\/\\\/www.reseau-mesure.com\\\/measurement-world-2022\\\/\",\"name\":\"MEASUREMENT WORLD 2022 - R\u00e9seau Mesure\",\"isPartOf\":{\"@id\":\"https:\\\/\\\/www.reseau-mesure.com\\\/#website\"},\"primaryImageOfPage\":{\"@id\":\"https:\\\/\\\/www.reseau-mesure.com\\\/measurement-world-2022\\\/#primaryimage\"},\"image\":{\"@id\":\"https:\\\/\\\/www.reseau-mesure.com\\\/measurement-world-2022\\\/#primaryimage\"},\"thumbnailUrl\":\"https:\\\/\\\/www.reseau-mesure.com\\\/wp-content\\\/uploads\\\/2018\\\/06\\\/MEASUREMENT_WORLD-LARGEUR.jpg\",\"datePublished\":\"2019-06-14T13:58:18+00:00\",\"dateModified\":\"2022-03-22T16:50:12+00:00\",\"description\":\"Global Industrie d\u00e9veloppe son univers de la mesure en int\u00e9grant Measurement World 2022. Informations et renseignements.\",\"breadcrumb\":{\"@id\":\"https:\\\/\\\/www.reseau-mesure.com\\\/measurement-world-2022\\\/#breadcrumb\"},\"inLanguage\":\"en-US\",\"potentialAction\":[{\"@type\":\"ReadAction\",\"target\":[\"https:\\\/\\\/www.reseau-mesure.com\\\/measurement-world-2022\\\/\"]}]},{\"@type\":\"ImageObject\",\"inLanguage\":\"en-US\",\"@id\":\"https:\\\/\\\/www.reseau-mesure.com\\\/measurement-world-2022\\\/#primaryimage\",\"url\":\"https:\\\/\\\/www.reseau-mesure.com\\\/wp-content\\\/uploads\\\/2018\\\/06\\\/MEASUREMENT_WORLD-LARGEUR.jpg\",\"contentUrl\":\"https:\\\/\\\/www.reseau-mesure.com\\\/wp-content\\\/uploads\\\/2018\\\/06\\\/MEASUREMENT_WORLD-LARGEUR.jpg\"},{\"@type\":\"BreadcrumbList\",\"@id\":\"https:\\\/\\\/www.reseau-mesure.com\\\/measurement-world-2022\\\/#breadcrumb\",\"itemListElement\":[{\"@type\":\"ListItem\",\"position\":1,\"name\":\"Accueil\",\"item\":\"https:\\\/\\\/www.reseau-mesure.com\\\/\"},{\"@type\":\"ListItem\",\"position\":2,\"name\":\"MEASUREMENT WORLD 2022\"}]},{\"@type\":\"WebSite\",\"@id\":\"https:\\\/\\\/www.reseau-mesure.com\\\/#website\",\"url\":\"https:\\\/\\\/www.reseau-mesure.com\\\/\",\"name\":\"R\u00e9seau-Mesure\",\"description\":\"R\u00e9seau Mesure\",\"publisher\":{\"@id\":\"https:\\\/\\\/www.reseau-mesure.com\\\/#organization\"},\"potentialAction\":[{\"@type\":\"SearchAction\",\"target\":{\"@type\":\"EntryPoint\",\"urlTemplate\":\"https:\\\/\\\/www.reseau-mesure.com\\\/?s={search_term_string}\"},\"query-input\":{\"@type\":\"PropertyValueSpecification\",\"valueRequired\":true,\"valueName\":\"search_term_string\"}}],\"inLanguage\":\"en-US\"},{\"@type\":\"Organization\",\"@id\":\"https:\\\/\\\/www.reseau-mesure.com\\\/#organization\",\"name\":\"R\u00e9seau-Mesure\",\"url\":\"https:\\\/\\\/www.reseau-mesure.com\\\/\",\"logo\":{\"@type\":\"ImageObject\",\"inLanguage\":\"en-US\",\"@id\":\"https:\\\/\\\/www.reseau-mesure.com\\\/#\\\/schema\\\/logo\\\/image\\\/\",\"url\":\"https:\\\/\\\/www.reseau-mesure.com\\\/wp-content\\\/uploads\\\/2018\\\/02\\\/logo-max.png\",\"contentUrl\":\"https:\\\/\\\/www.reseau-mesure.com\\\/wp-content\\\/uploads\\\/2018\\\/02\\\/logo-max.png\",\"width\":545,\"height\":285,\"caption\":\"R\u00e9seau-Mesure\"},\"image\":{\"@id\":\"https:\\\/\\\/www.reseau-mesure.com\\\/#\\\/schema\\\/logo\\\/image\\\/\"},\"sameAs\":[\"https:\\\/\\\/www.facebook.com\\\/reseaumesure\\\/\",\"https:\\\/\\\/x.com\\\/ReseauMesure\",\"https:\\\/\\\/www.linkedin.com\\\/company\\\/reseau-mesure\\\/\"]}]}<\/script>\n<!-- \/ Yoast SEO plugin. -->","yoast_head_json":{"title":"MEASUREMENT WORLD 2022 - R\u00e9seau Mesure","description":"Global Industrie d\u00e9veloppe son univers de la mesure en int\u00e9grant Measurement World 2022. Informations et renseignements.","robots":{"index":"index","follow":"follow","max-snippet":"max-snippet:-1","max-image-preview":"max-image-preview:large","max-video-preview":"max-video-preview:-1"},"canonical":"https:\/\/www.reseau-mesure.com\/en\/measurement-world-2022\/","og_locale":"en_US","og_type":"article","og_title":"MEASUREMENT WORLD 2022 - R\u00e9seau Mesure","og_description":"Global Industrie d\u00e9veloppe son univers de la mesure en int\u00e9grant Measurement World 2022. Informations et renseignements.","og_url":"https:\/\/www.reseau-mesure.com\/en\/measurement-world-2022\/","og_site_name":"R\u00e9seau Mesure","article_publisher":"https:\/\/www.facebook.com\/reseaumesure\/","article_modified_time":"2022-03-22T16:50:12+00:00","og_image":[{"url":"https:\/\/www.reseau-mesure.com\/wp-content\/uploads\/2018\/06\/MEASUREMENT_WORLD-LARGEUR.jpg","type":"","width":"","height":""}],"twitter_card":"summary_large_image","twitter_site":"@ReseauMesure","twitter_misc":{"Est. reading time":"5 minutes"},"schema":{"@context":"https:\/\/schema.org","@graph":[{"@type":"WebPage","@id":"https:\/\/www.reseau-mesure.com\/measurement-world-2022\/","url":"https:\/\/www.reseau-mesure.com\/measurement-world-2022\/","name":"MEASUREMENT WORLD 2022 - R\u00e9seau Mesure","isPartOf":{"@id":"https:\/\/www.reseau-mesure.com\/#website"},"primaryImageOfPage":{"@id":"https:\/\/www.reseau-mesure.com\/measurement-world-2022\/#primaryimage"},"image":{"@id":"https:\/\/www.reseau-mesure.com\/measurement-world-2022\/#primaryimage"},"thumbnailUrl":"https:\/\/www.reseau-mesure.com\/wp-content\/uploads\/2018\/06\/MEASUREMENT_WORLD-LARGEUR.jpg","datePublished":"2019-06-14T13:58:18+00:00","dateModified":"2022-03-22T16:50:12+00:00","description":"Global Industrie d\u00e9veloppe son univers de la mesure en int\u00e9grant Measurement World 2022. Informations et renseignements.","breadcrumb":{"@id":"https:\/\/www.reseau-mesure.com\/measurement-world-2022\/#breadcrumb"},"inLanguage":"en-US","potentialAction":[{"@type":"ReadAction","target":["https:\/\/www.reseau-mesure.com\/measurement-world-2022\/"]}]},{"@type":"ImageObject","inLanguage":"en-US","@id":"https:\/\/www.reseau-mesure.com\/measurement-world-2022\/#primaryimage","url":"https:\/\/www.reseau-mesure.com\/wp-content\/uploads\/2018\/06\/MEASUREMENT_WORLD-LARGEUR.jpg","contentUrl":"https:\/\/www.reseau-mesure.com\/wp-content\/uploads\/2018\/06\/MEASUREMENT_WORLD-LARGEUR.jpg"},{"@type":"BreadcrumbList","@id":"https:\/\/www.reseau-mesure.com\/measurement-world-2022\/#breadcrumb","itemListElement":[{"@type":"ListItem","position":1,"name":"Accueil","item":"https:\/\/www.reseau-mesure.com\/"},{"@type":"ListItem","position":2,"name":"MEASUREMENT WORLD 2022"}]},{"@type":"WebSite","@id":"https:\/\/www.reseau-mesure.com\/#website","url":"https:\/\/www.reseau-mesure.com\/","name":"R\u00e9seau-Mesure","description":"Network Measure","publisher":{"@id":"https:\/\/www.reseau-mesure.com\/#organization"},"potentialAction":[{"@type":"SearchAction","target":{"@type":"EntryPoint","urlTemplate":"https:\/\/www.reseau-mesure.com\/?s={search_term_string}"},"query-input":{"@type":"PropertyValueSpecification","valueRequired":true,"valueName":"search_term_string"}}],"inLanguage":"en-US"},{"@type":"Organization","@id":"https:\/\/www.reseau-mesure.com\/#organization","name":"R\u00e9seau-Mesure","url":"https:\/\/www.reseau-mesure.com\/","logo":{"@type":"ImageObject","inLanguage":"en-US","@id":"https:\/\/www.reseau-mesure.com\/#\/schema\/logo\/image\/","url":"https:\/\/www.reseau-mesure.com\/wp-content\/uploads\/2018\/02\/logo-max.png","contentUrl":"https:\/\/www.reseau-mesure.com\/wp-content\/uploads\/2018\/02\/logo-max.png","width":545,"height":285,"caption":"R\u00e9seau-Mesure"},"image":{"@id":"https:\/\/www.reseau-mesure.com\/#\/schema\/logo\/image\/"},"sameAs":["https:\/\/www.facebook.com\/reseaumesure\/","https:\/\/x.com\/ReseauMesure","https:\/\/www.linkedin.com\/company\/reseau-mesure\/"]}]}},"_links":{"self":[{"href":"https:\/\/www.reseau-mesure.com\/en\/wp-json\/wp\/v2\/pages\/7985","targetHints":{"allow":["GET"]}}],"collection":[{"href":"https:\/\/www.reseau-mesure.com\/en\/wp-json\/wp\/v2\/pages"}],"about":[{"href":"https:\/\/www.reseau-mesure.com\/en\/wp-json\/wp\/v2\/types\/page"}],"author":[{"embeddable":true,"href":"https:\/\/www.reseau-mesure.com\/en\/wp-json\/wp\/v2\/users\/685"}],"replies":[{"embeddable":true,"href":"https:\/\/www.reseau-mesure.com\/en\/wp-json\/wp\/v2\/comments?post=7985"}],"version-history":[{"count":0,"href":"https:\/\/www.reseau-mesure.com\/en\/wp-json\/wp\/v2\/pages\/7985\/revisions"}],"wp:attachment":[{"href":"https:\/\/www.reseau-mesure.com\/en\/wp-json\/wp\/v2\/media?parent=7985"}],"curies":[{"name":"wp","href":"https:\/\/api.w.org\/{rel}","templated":true}]}}