{"id":8532,"date":"2019-10-11T15:18:33","date_gmt":"2019-10-11T13:18:33","guid":{"rendered":"https:\/\/www.reseau-mesure.com\/?page_id=8532"},"modified":"2019-10-25T10:23:35","modified_gmt":"2019-10-25T08:23:35","slug":"mesures-solutions-formation","status":"publish","type":"page","link":"https:\/\/www.reseau-mesure.com\/en\/mesures-solutions-formation\/","title":{"rendered":"Measures Solutions TRAINING"},"content":{"rendered":"<img loading=\"lazy\" decoding=\"async\" src=\"https:\/\/www.reseau-mesure.com\/wp-content\/uploads\/2019\/10\/LOGO-MSE-Formation-768x376.jpg\" alt=\"LOGO MSE Formation\" itemprop=\"image\" height=\"376\" width=\"768\" title=\"LOGO MSE Training\" onerror=\"this.style.display='none'\"  \/>\n\t<p><strong>1st day of training:<\/strong><\/p>\n\t<p><strong>Wednesday 11 December 2019<\/strong><\/p>\n\tChamber of Commerce and Industry<br \/>\n10 Gutenberg Square<b><br \/>\nStrasbourg<\/b>\n<p>&nbsp;<\/p>\n\t\t\t<a href=\"mailto:eduflot@reseau-mesure.com\" target=\"_self\" role=\"button\" rel=\"noopener noreferrer\">\n\t\t\t\t\t\t\tRegistration\n\t\t\t\t\t<\/a>\n\t<p><strong>DATA TRACEABILITY AND INTEGRITY<\/strong><\/p>\n<p><strong>From the generation of data by different sensors to the exploitation and dissemination.<\/strong><\/p>\n\t<p>This training is offered by the Measurement Network, in partnership with the <u><a href=\"http:\/\/www.cfmetrologie.com\/fr\/\" target=\"_blank\" rel=\"noopener noreferrer\">French College of Metrology<\/a>.<\/u><\/p>\n\n\t\t\t\t<img loading=\"lazy\" decoding=\"async\" src=\"https:\/\/www.reseau-mesure.com\/wp-content\/uploads\/2019\/10\/CFM.png\" alt=\"CFM\" itemprop=\"image\" height=\"64\" width=\"340\" title=\"CFM\" onerror=\"this.style.display='none'\"  \/>\n\t<p><b># the process<\/b><b>\u00a0#<\/b><\/p>\n\t<ul>\n<li>\n<ul>\n<li>\n<ul>\n<li>\n<ul>\n<li>\n<ul>\n<li>\n<ul>\n<li>\n<ul>\n<li>\n<ul>\n<li>\n<ul>\n<li>\n<ul>\n<li>2 conferences hosted by the CFM<\/li>\n<li>5 sessions of 5 technical workshops<\/li>\n<li>Examples of applications<\/li>\n<li>Exchange of experiences<\/li>\n<\/ul>\n<\/li>\n<\/ul>\n<\/li>\n<\/ul>\n<\/li>\n<\/ul>\n<\/li>\n<\/ul>\n<\/li>\n<\/ul>\n<\/li>\n<\/ul>\n<\/li>\n<\/ul>\n<\/li>\n<\/ul>\n<\/li>\n<\/ul>\n\t<p><b># conferences<\/b><b>\u00a0#<\/b><\/p>\n\t<ul>\n<li>The essentials of metrology, presentation of the basics of metrology and associated standards.<\/li>\n<li>New technologies and the future of metrology.<\/li>\n<\/ul>\n\t<p><b># the <\/b><b>workshops<\/b><b> techniques <\/b><b>#<\/b><\/p>\n\t<ul>\n<li>Focus on measuring<strong> mass flow<\/strong>.<\/li>\n<li>Temperature: l<strong>&#039;calibration<\/strong> temperature probes in industrial or laboratory environments: how <strong>combine metrological performance, speed and traceability<\/strong>.<br \/>\n<strong>Pressure<\/strong> : on-site calibration of pressure sensors, <strong>manometers<\/strong> or pressure switches: how to improve efficiency and quality? <\/li>\n<li>Presentation of a <strong>routine applied in the pharmaceutical industry<\/strong>. Follow the CFR21 part11 guidelines for a <strong>full traceability and integrity<\/strong>.<\/li>\n<li>Thermometers and <strong>infrared pyrometers - thermal cameras<\/strong>.<\/li>\n<li>The<strong> wired and \/ or wireless measurement<\/strong> : from sensor to data in complete safety. Understand and <strong>master the measurement chain with technological developments<\/strong>.<br \/>\nCheck the integrity of the data of your measurement installations.<\/li>\n<\/ul>\n<p>&nbsp;<\/p>\n\t<p><b># speakers<\/b><b>\u00a0#<\/b><\/p>\n\t<p>&nbsp;<\/p>\n<p><a href=\"http:\/\/www.cfmetrologie.com\/fr\/\"><img loading=\"lazy\" decoding=\"async\" src=\"https:\/\/www.reseau-mesure.com\/wp-content\/uploads\/2019\/10\/3_CFM-logoquadri-2018_HD-240x300.jpg\" alt=\"\" width=\"84\" height=\"105\" \/><\/a> <a href=\"https:\/\/www.reseau-mesure.com\/en\/adherent\/optris-gmbh\/\"><img loading=\"lazy\" decoding=\"async\" src=\"https:\/\/www.reseau-mesure.com\/wp-content\/uploads\/2018\/02\/OPTRIS.gif\" alt=\"OPTRIS\" width=\"229\" height=\"44\" \/><\/a><a href=\"https:\/\/www.reseau-mesure.com\/en\/adherent\/th-industrie\/\"><img loading=\"lazy\" decoding=\"async\" src=\"https:\/\/www.reseau-mesure.com\/wp-content\/uploads\/2018\/02\/TH-Industrie-300dpi-presse.jpg\" alt=\"TH-Industrie - 300dpi -presse\" width=\"150\" height=\"76\" \/><\/a><a href=\"https:\/\/www.reseau-mesure.com\/en\/adherent\/dimelco\/\"><img loading=\"lazy\" decoding=\"async\" src=\"https:\/\/www.reseau-mesure.com\/wp-content\/uploads\/2018\/02\/DIMELCO_HR-2016-300x213.jpg\" alt=\"DIMELCO_HR 2016\" width=\"179\" height=\"127\" \/><\/a><a href=\"https:\/\/www.reseau-mesure.com\/en\/adherent\/nir-industry\/\"><img loading=\"lazy\" decoding=\"async\" src=\"https:\/\/www.reseau-mesure.com\/wp-content\/uploads\/2019\/05\/logo-NIR-l-300x74.png\" alt=\"logo-NIR-l\" width=\"195\" height=\"48\" \/><\/a>\u00a0 \u00a0 \u00a0<a href=\"https:\/\/www.reseau-mesure.com\/en\/adherent\/bronkhorst\/\"><img loading=\"lazy\" decoding=\"async\" src=\"https:\/\/www.reseau-mesure.com\/wp-content\/uploads\/2018\/02\/Bronkhorst-300x164.jpg\" alt=\"Bronkhorst\" width=\"137\" height=\"75\" \/><\/a><\/p>\n<p>&nbsp;<\/p>\n<p>&nbsp;<\/p>\n<p>&nbsp;<\/p>\n<p>&nbsp;<\/p>\n<p>&nbsp;<\/p>\n\t<p><b># on <\/b><b>cost<\/b><b>\u00a0of the # training<\/b><\/p>\n\t<p>&nbsp;<\/p>\nThe Measurement Network has the Datadock label, allowing you to take charge of it by your OPCO.<br \/>\nThe cost of the training is 390 \u20ac HT \/ pers.\n<p>For the <strong>members<\/strong> from the Measurement Network and \/ or the CFM, a discount <strong>50 %<\/strong> is applied.<\/p>\n\t\t\t\t<img loading=\"lazy\" decoding=\"async\" src=\"https:\/\/www.reseau-mesure.com\/wp-content\/uploads\/2019\/10\/datadock.jpg\" alt=\"datadock\" itemprop=\"image\" height=\"772\" width=\"716\" title=\"datadock\" onerror=\"this.style.display='none'\"  \/>\n\t\t\t<a href=\"mailto: mse@reseau-mesure.com\" target=\"_self\" role=\"button\" rel=\"noopener noreferrer\">\n\t\t\t\t\t\tTo register\n\t\t\t\t\t<\/a>\n\t\t\t<a href=\"https:\/\/www.reseau-mesure.com\/wp-content\/uploads\/2019\/10\/Programme-de-formation-MSF-Tracabilit%C3%A9-et-int%C3%A9grit%C3%A9-des-donn%C3%A9es-R%C3%A9seau-Mesure.pdf\" target=\"_self\" role=\"button\" rel=\"noopener noreferrer\">\n\t\t\t\t\t\tDownload the full program\n\t\t\t\t\t<\/a>","protected":false},"excerpt":{"rendered":"<p>1st day of training: Wednesday 11 December 2019 Chamber of Commerce and Industry 10 place Gutenberg Strasbourg Registration DATA TRACEABILITY AND INTEGRITY From the generation of data by different sensors to the use and dissemination. This training is offered by the Measurement Network, in partnership with the French College of Metrology. # the sequence #\u2026<\/p>","protected":false},"author":349,"featured_media":0,"parent":0,"menu_order":0,"comment_status":"closed","ping_status":"closed","template":"","meta":{"_acf_changed":false,"footnotes":""},"class_list":["post-8532","page","type-page","status-publish","hentry"],"acf":[],"yoast_head":"<!-- This site is optimized with the Yoast SEO plugin v27.3 - https:\/\/yoast.com\/product\/yoast-seo-wordpress\/ -->\n<title>Mesures Solutions FORMATION - R\u00e9seau Mesure<\/title>\n<meta name=\"description\" content=\"Le salon measurement world est le salon de la mesure pour 2019. Les adh\u00e9rents du R\u00e9seau Mesure seront pr\u00e9sent. Informations et renseignements.\" \/>\n<meta name=\"robots\" content=\"index, follow, max-snippet:-1, max-image-preview:large, max-video-preview:-1\" \/>\n<link rel=\"canonical\" href=\"https:\/\/www.reseau-mesure.com\/en\/mesures-solutions-formation\/\" \/>\n<meta property=\"og:locale\" content=\"en_US\" \/>\n<meta property=\"og:type\" content=\"article\" \/>\n<meta property=\"og:title\" content=\"Mesures Solutions FORMATION - R\u00e9seau Mesure\" \/>\n<meta property=\"og:description\" content=\"Le salon measurement world est le salon de la mesure pour 2019. Les adh\u00e9rents du R\u00e9seau Mesure seront pr\u00e9sent. Informations et renseignements.\" \/>\n<meta property=\"og:url\" content=\"https:\/\/www.reseau-mesure.com\/en\/mesures-solutions-formation\/\" \/>\n<meta property=\"og:site_name\" content=\"R\u00e9seau Mesure\" \/>\n<meta property=\"article:publisher\" content=\"https:\/\/www.facebook.com\/reseaumesure\/\" \/>\n<meta property=\"article:modified_time\" content=\"2019-10-25T08:23:35+00:00\" \/>\n<meta property=\"og:image\" content=\"https:\/\/www.reseau-mesure.com\/wp-content\/uploads\/2019\/10\/LOGO-MSE-Formation-768x376.jpg\" \/>\n<meta name=\"twitter:card\" content=\"summary_large_image\" \/>\n<meta name=\"twitter:site\" content=\"@ReseauMesure\" \/>\n<meta name=\"twitter:label1\" content=\"Est. reading time\" \/>\n\t<meta name=\"twitter:data1\" content=\"2 minutes\" \/>\n<script type=\"application\/ld+json\" class=\"yoast-schema-graph\">{\"@context\":\"https:\\\/\\\/schema.org\",\"@graph\":[{\"@type\":\"WebPage\",\"@id\":\"https:\\\/\\\/www.reseau-mesure.com\\\/de\\\/mesures-solutions-formation\\\/\",\"url\":\"https:\\\/\\\/www.reseau-mesure.com\\\/de\\\/mesures-solutions-formation\\\/\",\"name\":\"Mesures Solutions FORMATION - R\u00e9seau Mesure\",\"isPartOf\":{\"@id\":\"https:\\\/\\\/www.reseau-mesure.com\\\/#website\"},\"primaryImageOfPage\":{\"@id\":\"https:\\\/\\\/www.reseau-mesure.com\\\/de\\\/mesures-solutions-formation\\\/#primaryimage\"},\"image\":{\"@id\":\"https:\\\/\\\/www.reseau-mesure.com\\\/de\\\/mesures-solutions-formation\\\/#primaryimage\"},\"thumbnailUrl\":\"https:\\\/\\\/www.reseau-mesure.com\\\/wp-content\\\/uploads\\\/2019\\\/10\\\/LOGO-MSE-Formation-768x376.jpg\",\"datePublished\":\"2019-10-11T13:18:33+00:00\",\"dateModified\":\"2019-10-25T08:23:35+00:00\",\"description\":\"Le salon measurement world est le salon de la mesure pour 2019. Les adh\u00e9rents du R\u00e9seau Mesure seront pr\u00e9sent. Informations et renseignements.\",\"breadcrumb\":{\"@id\":\"https:\\\/\\\/www.reseau-mesure.com\\\/de\\\/mesures-solutions-formation\\\/#breadcrumb\"},\"inLanguage\":\"en-US\",\"potentialAction\":[{\"@type\":\"ReadAction\",\"target\":[\"https:\\\/\\\/www.reseau-mesure.com\\\/de\\\/mesures-solutions-formation\\\/\"]}]},{\"@type\":\"ImageObject\",\"inLanguage\":\"en-US\",\"@id\":\"https:\\\/\\\/www.reseau-mesure.com\\\/de\\\/mesures-solutions-formation\\\/#primaryimage\",\"url\":\"https:\\\/\\\/www.reseau-mesure.com\\\/wp-content\\\/uploads\\\/2019\\\/10\\\/LOGO-MSE-Formation-768x376.jpg\",\"contentUrl\":\"https:\\\/\\\/www.reseau-mesure.com\\\/wp-content\\\/uploads\\\/2019\\\/10\\\/LOGO-MSE-Formation-768x376.jpg\"},{\"@type\":\"BreadcrumbList\",\"@id\":\"https:\\\/\\\/www.reseau-mesure.com\\\/de\\\/mesures-solutions-formation\\\/#breadcrumb\",\"itemListElement\":[{\"@type\":\"ListItem\",\"position\":1,\"name\":\"Accueil\",\"item\":\"https:\\\/\\\/www.reseau-mesure.com\\\/\"},{\"@type\":\"ListItem\",\"position\":2,\"name\":\"Mesures Solutions FORMATION\"}]},{\"@type\":\"WebSite\",\"@id\":\"https:\\\/\\\/www.reseau-mesure.com\\\/#website\",\"url\":\"https:\\\/\\\/www.reseau-mesure.com\\\/\",\"name\":\"R\u00e9seau-Mesure\",\"description\":\"R\u00e9seau Mesure\",\"publisher\":{\"@id\":\"https:\\\/\\\/www.reseau-mesure.com\\\/#organization\"},\"potentialAction\":[{\"@type\":\"SearchAction\",\"target\":{\"@type\":\"EntryPoint\",\"urlTemplate\":\"https:\\\/\\\/www.reseau-mesure.com\\\/?s={search_term_string}\"},\"query-input\":{\"@type\":\"PropertyValueSpecification\",\"valueRequired\":true,\"valueName\":\"search_term_string\"}}],\"inLanguage\":\"en-US\"},{\"@type\":\"Organization\",\"@id\":\"https:\\\/\\\/www.reseau-mesure.com\\\/#organization\",\"name\":\"R\u00e9seau-Mesure\",\"url\":\"https:\\\/\\\/www.reseau-mesure.com\\\/\",\"logo\":{\"@type\":\"ImageObject\",\"inLanguage\":\"en-US\",\"@id\":\"https:\\\/\\\/www.reseau-mesure.com\\\/#\\\/schema\\\/logo\\\/image\\\/\",\"url\":\"https:\\\/\\\/www.reseau-mesure.com\\\/wp-content\\\/uploads\\\/2018\\\/02\\\/logo-max.png\",\"contentUrl\":\"https:\\\/\\\/www.reseau-mesure.com\\\/wp-content\\\/uploads\\\/2018\\\/02\\\/logo-max.png\",\"width\":545,\"height\":285,\"caption\":\"R\u00e9seau-Mesure\"},\"image\":{\"@id\":\"https:\\\/\\\/www.reseau-mesure.com\\\/#\\\/schema\\\/logo\\\/image\\\/\"},\"sameAs\":[\"https:\\\/\\\/www.facebook.com\\\/reseaumesure\\\/\",\"https:\\\/\\\/x.com\\\/ReseauMesure\",\"https:\\\/\\\/www.linkedin.com\\\/company\\\/reseau-mesure\\\/\"]}]}<\/script>\n<!-- \/ Yoast SEO plugin. -->","yoast_head_json":{"title":"Mesures Solutions FORMATION - R\u00e9seau Mesure","description":"Le salon measurement world est le salon de la mesure pour 2019. Les adh\u00e9rents du R\u00e9seau Mesure seront pr\u00e9sent. Informations et renseignements.","robots":{"index":"index","follow":"follow","max-snippet":"max-snippet:-1","max-image-preview":"max-image-preview:large","max-video-preview":"max-video-preview:-1"},"canonical":"https:\/\/www.reseau-mesure.com\/en\/mesures-solutions-formation\/","og_locale":"en_US","og_type":"article","og_title":"Mesures Solutions FORMATION - R\u00e9seau Mesure","og_description":"Le salon measurement world est le salon de la mesure pour 2019. Les adh\u00e9rents du R\u00e9seau Mesure seront pr\u00e9sent. Informations et renseignements.","og_url":"https:\/\/www.reseau-mesure.com\/en\/mesures-solutions-formation\/","og_site_name":"R\u00e9seau Mesure","article_publisher":"https:\/\/www.facebook.com\/reseaumesure\/","article_modified_time":"2019-10-25T08:23:35+00:00","og_image":[{"url":"https:\/\/www.reseau-mesure.com\/wp-content\/uploads\/2019\/10\/LOGO-MSE-Formation-768x376.jpg","type":"","width":"","height":""}],"twitter_card":"summary_large_image","twitter_site":"@ReseauMesure","twitter_misc":{"Est. reading time":"2 minutes"},"schema":{"@context":"https:\/\/schema.org","@graph":[{"@type":"WebPage","@id":"https:\/\/www.reseau-mesure.com\/de\/mesures-solutions-formation\/","url":"https:\/\/www.reseau-mesure.com\/de\/mesures-solutions-formation\/","name":"Mesures Solutions FORMATION - R\u00e9seau Mesure","isPartOf":{"@id":"https:\/\/www.reseau-mesure.com\/#website"},"primaryImageOfPage":{"@id":"https:\/\/www.reseau-mesure.com\/de\/mesures-solutions-formation\/#primaryimage"},"image":{"@id":"https:\/\/www.reseau-mesure.com\/de\/mesures-solutions-formation\/#primaryimage"},"thumbnailUrl":"https:\/\/www.reseau-mesure.com\/wp-content\/uploads\/2019\/10\/LOGO-MSE-Formation-768x376.jpg","datePublished":"2019-10-11T13:18:33+00:00","dateModified":"2019-10-25T08:23:35+00:00","description":"Le salon measurement world est le salon de la mesure pour 2019. Les adh\u00e9rents du R\u00e9seau Mesure seront pr\u00e9sent. Informations et renseignements.","breadcrumb":{"@id":"https:\/\/www.reseau-mesure.com\/de\/mesures-solutions-formation\/#breadcrumb"},"inLanguage":"en-US","potentialAction":[{"@type":"ReadAction","target":["https:\/\/www.reseau-mesure.com\/de\/mesures-solutions-formation\/"]}]},{"@type":"ImageObject","inLanguage":"en-US","@id":"https:\/\/www.reseau-mesure.com\/de\/mesures-solutions-formation\/#primaryimage","url":"https:\/\/www.reseau-mesure.com\/wp-content\/uploads\/2019\/10\/LOGO-MSE-Formation-768x376.jpg","contentUrl":"https:\/\/www.reseau-mesure.com\/wp-content\/uploads\/2019\/10\/LOGO-MSE-Formation-768x376.jpg"},{"@type":"BreadcrumbList","@id":"https:\/\/www.reseau-mesure.com\/de\/mesures-solutions-formation\/#breadcrumb","itemListElement":[{"@type":"ListItem","position":1,"name":"Accueil","item":"https:\/\/www.reseau-mesure.com\/"},{"@type":"ListItem","position":2,"name":"Mesures Solutions FORMATION"}]},{"@type":"WebSite","@id":"https:\/\/www.reseau-mesure.com\/#website","url":"https:\/\/www.reseau-mesure.com\/","name":"R\u00e9seau-Mesure","description":"Network Measure","publisher":{"@id":"https:\/\/www.reseau-mesure.com\/#organization"},"potentialAction":[{"@type":"SearchAction","target":{"@type":"EntryPoint","urlTemplate":"https:\/\/www.reseau-mesure.com\/?s={search_term_string}"},"query-input":{"@type":"PropertyValueSpecification","valueRequired":true,"valueName":"search_term_string"}}],"inLanguage":"en-US"},{"@type":"Organization","@id":"https:\/\/www.reseau-mesure.com\/#organization","name":"R\u00e9seau-Mesure","url":"https:\/\/www.reseau-mesure.com\/","logo":{"@type":"ImageObject","inLanguage":"en-US","@id":"https:\/\/www.reseau-mesure.com\/#\/schema\/logo\/image\/","url":"https:\/\/www.reseau-mesure.com\/wp-content\/uploads\/2018\/02\/logo-max.png","contentUrl":"https:\/\/www.reseau-mesure.com\/wp-content\/uploads\/2018\/02\/logo-max.png","width":545,"height":285,"caption":"R\u00e9seau-Mesure"},"image":{"@id":"https:\/\/www.reseau-mesure.com\/#\/schema\/logo\/image\/"},"sameAs":["https:\/\/www.facebook.com\/reseaumesure\/","https:\/\/x.com\/ReseauMesure","https:\/\/www.linkedin.com\/company\/reseau-mesure\/"]}]}},"_links":{"self":[{"href":"https:\/\/www.reseau-mesure.com\/en\/wp-json\/wp\/v2\/pages\/8532","targetHints":{"allow":["GET"]}}],"collection":[{"href":"https:\/\/www.reseau-mesure.com\/en\/wp-json\/wp\/v2\/pages"}],"about":[{"href":"https:\/\/www.reseau-mesure.com\/en\/wp-json\/wp\/v2\/types\/page"}],"author":[{"embeddable":true,"href":"https:\/\/www.reseau-mesure.com\/en\/wp-json\/wp\/v2\/users\/349"}],"replies":[{"embeddable":true,"href":"https:\/\/www.reseau-mesure.com\/en\/wp-json\/wp\/v2\/comments?post=8532"}],"version-history":[{"count":0,"href":"https:\/\/www.reseau-mesure.com\/en\/wp-json\/wp\/v2\/pages\/8532\/revisions"}],"wp:attachment":[{"href":"https:\/\/www.reseau-mesure.com\/en\/wp-json\/wp\/v2\/media?parent=8532"}],"curies":[{"name":"wp","href":"https:\/\/api.w.org\/{rel}","templated":true}]}}