{"id":8922,"date":"2020-12-01T20:22:33","date_gmt":"2020-12-01T19:22:33","guid":{"rendered":"https:\/\/www.reseau-mesure.com\/?page_id=8922"},"modified":"2020-12-07T15:44:50","modified_gmt":"2020-12-07T14:44:50","slug":"livre-les-savoir-faire-du-reseau-mesure-volume-1","status":"publish","type":"page","link":"https:\/\/www.reseau-mesure.com\/en\/livre-les-savoir-faire-du-reseau-mesure-volume-1\/","title":{"rendered":"the-know-how-of-the-volume-measurement-network-1"},"content":{"rendered":"<h2>\n\t\tThe know-how of the Measuring Network\n\t<\/h2>\n\t<p>Volume 1<\/p>\n\t\t\t\t<img loading=\"lazy\" decoding=\"async\" src=\"https:\/\/www.reseau-mesure.com\/wp-content\/uploads\/2020\/12\/Pages-de-Les-savoir-faire-du-Reseau-Mesure-Volume-1-722x1024.jpg\" alt=\"Couverture les savoir-faire du R\u00e9seau Mesure\" itemprop=\"image\" height=\"1024\" width=\"722\" title=\"Measurement Network know-how pages - Volume 1\" onerror=\"this.style.display='none'\"  \/>\n\t<h3><strong>The know-how of the Measurement Network<\/strong><br \/>\n<strong>Discover and \/ or expand your knowledge of good<\/strong><br \/>\n<strong>industrial measurement practices.<\/strong><\/h3>\n\u2022 What measure for what objective, at what cost?<br \/>\n\u2022 How and why to process the data?<br \/>\n\u2022 What impact on production systems?<br \/>\n\u2022 Measurement and maintenance? So many questions that you can ask yourself in your<br \/>\ndaily activity.\n<strong>\u00a0<\/strong>This book is intended for all those involved in technical processes,<br \/>\nfrom engineer to technician, from quality to process, including<br \/>\nthrough control and maintenance.\n<h2>\n\t\tDownload it!\n\t<\/h2>\n\t<p>\u00a0By filling out the form below and clicking on the button<\/p>\n<p>\u00a0&quot;Receive the know-how of the Measurement Network&quot;.<\/p>\n<p>You will receive the document in PDF format by e-mail.<\/p>\n<p>Thank you for your confidence.<\/p>\n\t<center>\n<div class=\"wpcf7 no-js\" id=\"wpcf7-f11736-o1\" lang=\"fr-FR\" dir=\"ltr\" data-wpcf7-id=\"11736\">\n<div class=\"screen-reader-response\"><p role=\"status\" aria-live=\"polite\" aria-atomic=\"true\"><\/p> <ul><\/ul><\/div>\n<form action=\"\/en\/wp-json\/wp\/v2\/pages\/8922#wpcf7-f11736-o1\" method=\"post\" class=\"wpcf7-form init\" aria-label=\"Contact form\" novalidate=\"novalidate\" data-status=\"init\" data-trp-original-action=\"\/en\/wp-json\/wp\/v2\/pages\/8922#wpcf7-f11736-o1\">\n<fieldset class=\"hidden-fields-container\"><input type=\"hidden\" name=\"_wpcf7\" value=\"11736\" \/><input type=\"hidden\" name=\"_wpcf7_version\" value=\"6.1.5\" \/><input type=\"hidden\" name=\"_wpcf7_locale\" value=\"fr_FR\" \/><input type=\"hidden\" name=\"_wpcf7_unit_tag\" value=\"wpcf7-f11736-o1\" \/><input type=\"hidden\" name=\"_wpcf7_container_post\" value=\"0\" \/><input type=\"hidden\" name=\"_wpcf7_posted_data_hash\" value=\"\" \/><input type=\"hidden\" name=\"_wpcf7_recaptcha_response\" value=\"\" \/>\n<\/fieldset>\n<p><span class=\"wpcf7-form-control-wrap\" data-name=\"checkbox-190\"><span class=\"wpcf7-form-control wpcf7-checkbox wpcf7-exclusive-checkbox\"><\/span><\/span><label> your email :<br \/>\n<span class=\"wpcf7-form-control-wrap\" data-name=\"your-email\"><input size=\"40\" maxlength=\"400\" class=\"wpcf7-form-control wpcf7-email wpcf7-validates-as-required wpcf7-text wpcf7-validates-as-email\" aria-required=\"true\" aria-invalid=\"false\" value=\"\" type=\"email\" name=\"your-email\" \/><\/span> <\/label><br \/>\n<label> Your phone number :<br \/>\n<span class=\"wpcf7-form-control-wrap\" data-name=\"Telephone\"><input size=\"40\" maxlength=\"400\" class=\"wpcf7-form-control wpcf7-tel wpcf7-validates-as-required wpcf7-text wpcf7-validates-as-tel\" aria-required=\"true\" aria-invalid=\"false\" value=\"\" type=\"tel\" name=\"Telephone\" \/><\/span> <\/label>\n<\/p>\n<p><input class=\"wpcf7-form-control wpcf7-submit has-spinner\" type=\"submit\" value=\"Receive * the know-how of the Measurement Network\" \/>\n<\/p><div class=\"wpcf7-response-output\" aria-hidden=\"true\"><\/div>\n<input type=\"hidden\" name=\"trp-form-language\" value=\"en\"\/><\/form>\n<\/div>\n<\/center>\n\t<p>* I agree to receive communications from the Measurement Network and the member companies present in the book &quot;The know-how of the Measurement Network (volume 1)&quot;. In order to send you the expected information, we must store and process your personal data. The security of your data is important to us. You will find additional information on the processing of personal data and our commitments to respect for privacy by consulting<a href=\"https:\/\/www.reseau-mesure.com\/en\/politique-de-confidentialite\/\">here<\/a>our policy of respecting personal data.<\/p>","protected":false},"excerpt":{"rendered":"<p>The know-how of the Measurement Network Volume 1 The know-how of the Measurement Network Discover and \/ or support your knowledge relating to good industrial measurement practices. \u2022 What measure for what objective, at what cost? \u2022 How and why to process the data? \u2022 What impact on production systems? \u2022 Measurement and maintenance ...<\/p>","protected":false},"author":685,"featured_media":0,"parent":0,"menu_order":0,"comment_status":"closed","ping_status":"closed","template":"","meta":{"_acf_changed":false,"footnotes":""},"class_list":["post-8922","page","type-page","status-publish","hentry"],"acf":[],"yoast_head":"<!-- This site is optimized with the Yoast SEO plugin v27.4 - https:\/\/yoast.com\/product\/yoast-seo-wordpress\/ -->\n<title>les-savoir-faire-du-reseau-mesure-volume-1 - R\u00e9seau Mesure<\/title>\n<meta name=\"robots\" content=\"index, follow, max-snippet:-1, max-image-preview:large, max-video-preview:-1\" \/>\n<link rel=\"canonical\" href=\"https:\/\/www.reseau-mesure.com\/en\/livre-les-savoir-faire-du-reseau-mesure-volume-1\/\" \/>\n<meta property=\"og:locale\" content=\"en_US\" \/>\n<meta property=\"og:type\" content=\"article\" \/>\n<meta property=\"og:title\" content=\"les-savoir-faire-du-reseau-mesure-volume-1 - R\u00e9seau Mesure\" \/>\n<meta property=\"og:description\" content=\"Les savoir faire du R\u00e9seau-Mesure Volume 1 Les savoir-faire du R\u00e9seau Mesure D\u00e9couvrez et\/ou \u00e9tayez vos connaissances relatives aux bonnes pratiques industrielles de mesure. \u2022 Quelle mesure pour quel objectif, \u00e0 quel co\u00fbt ? \u2022 Comment et pourquoi traiter les donn\u00e9es ? \u2022 Quel impact sur les syst\u00e8mes de production ? \u2022 Mesure et maintenance&hellip;\" \/>\n<meta property=\"og:url\" content=\"https:\/\/www.reseau-mesure.com\/en\/livre-les-savoir-faire-du-reseau-mesure-volume-1\/\" \/>\n<meta property=\"og:site_name\" content=\"R\u00e9seau Mesure\" \/>\n<meta property=\"article:publisher\" content=\"https:\/\/www.facebook.com\/reseaumesure\/\" \/>\n<meta property=\"article:modified_time\" content=\"2020-12-07T14:44:50+00:00\" \/>\n<meta property=\"og:image\" content=\"https:\/\/www.reseau-mesure.com\/wp-content\/uploads\/2020\/12\/Pages-de-Les-savoir-faire-du-Reseau-Mesure-Volume-1-722x1024.jpg\" \/>\n<meta name=\"twitter:card\" content=\"summary_large_image\" \/>\n<meta name=\"twitter:site\" content=\"@ReseauMesure\" \/>\n<meta name=\"twitter:label1\" content=\"Est. reading time\" \/>\n\t<meta name=\"twitter:data1\" content=\"1 minute\" \/>\n<script type=\"application\/ld+json\" class=\"yoast-schema-graph\">{\"@context\":\"https:\\\/\\\/schema.org\",\"@graph\":[{\"@type\":\"WebPage\",\"@id\":\"https:\\\/\\\/www.reseau-mesure.com\\\/de\\\/livre-les-savoir-faire-du-reseau-mesure-volume-1\\\/\",\"url\":\"https:\\\/\\\/www.reseau-mesure.com\\\/de\\\/livre-les-savoir-faire-du-reseau-mesure-volume-1\\\/\",\"name\":\"les-savoir-faire-du-reseau-mesure-volume-1 - R\u00e9seau Mesure\",\"isPartOf\":{\"@id\":\"https:\\\/\\\/www.reseau-mesure.com\\\/#website\"},\"primaryImageOfPage\":{\"@id\":\"https:\\\/\\\/www.reseau-mesure.com\\\/de\\\/livre-les-savoir-faire-du-reseau-mesure-volume-1\\\/#primaryimage\"},\"image\":{\"@id\":\"https:\\\/\\\/www.reseau-mesure.com\\\/de\\\/livre-les-savoir-faire-du-reseau-mesure-volume-1\\\/#primaryimage\"},\"thumbnailUrl\":\"https:\\\/\\\/www.reseau-mesure.com\\\/wp-content\\\/uploads\\\/2020\\\/12\\\/Pages-de-Les-savoir-faire-du-Reseau-Mesure-Volume-1-722x1024.jpg\",\"datePublished\":\"2020-12-01T19:22:33+00:00\",\"dateModified\":\"2020-12-07T14:44:50+00:00\",\"breadcrumb\":{\"@id\":\"https:\\\/\\\/www.reseau-mesure.com\\\/de\\\/livre-les-savoir-faire-du-reseau-mesure-volume-1\\\/#breadcrumb\"},\"inLanguage\":\"en-US\",\"potentialAction\":[{\"@type\":\"ReadAction\",\"target\":[\"https:\\\/\\\/www.reseau-mesure.com\\\/de\\\/livre-les-savoir-faire-du-reseau-mesure-volume-1\\\/\"]}]},{\"@type\":\"ImageObject\",\"inLanguage\":\"en-US\",\"@id\":\"https:\\\/\\\/www.reseau-mesure.com\\\/de\\\/livre-les-savoir-faire-du-reseau-mesure-volume-1\\\/#primaryimage\",\"url\":\"https:\\\/\\\/www.reseau-mesure.com\\\/wp-content\\\/uploads\\\/2020\\\/12\\\/Pages-de-Les-savoir-faire-du-Reseau-Mesure-Volume-1-722x1024.jpg\",\"contentUrl\":\"https:\\\/\\\/www.reseau-mesure.com\\\/wp-content\\\/uploads\\\/2020\\\/12\\\/Pages-de-Les-savoir-faire-du-Reseau-Mesure-Volume-1-722x1024.jpg\"},{\"@type\":\"BreadcrumbList\",\"@id\":\"https:\\\/\\\/www.reseau-mesure.com\\\/de\\\/livre-les-savoir-faire-du-reseau-mesure-volume-1\\\/#breadcrumb\",\"itemListElement\":[{\"@type\":\"ListItem\",\"position\":1,\"name\":\"Accueil\",\"item\":\"https:\\\/\\\/www.reseau-mesure.com\\\/\"},{\"@type\":\"ListItem\",\"position\":2,\"name\":\"les-savoir-faire-du-reseau-mesure-volume-1\"}]},{\"@type\":\"WebSite\",\"@id\":\"https:\\\/\\\/www.reseau-mesure.com\\\/#website\",\"url\":\"https:\\\/\\\/www.reseau-mesure.com\\\/\",\"name\":\"R\u00e9seau-Mesure\",\"description\":\"R\u00e9seau Mesure\",\"publisher\":{\"@id\":\"https:\\\/\\\/www.reseau-mesure.com\\\/#organization\"},\"potentialAction\":[{\"@type\":\"SearchAction\",\"target\":{\"@type\":\"EntryPoint\",\"urlTemplate\":\"https:\\\/\\\/www.reseau-mesure.com\\\/?s={search_term_string}\"},\"query-input\":{\"@type\":\"PropertyValueSpecification\",\"valueRequired\":true,\"valueName\":\"search_term_string\"}}],\"inLanguage\":\"en-US\"},{\"@type\":\"Organization\",\"@id\":\"https:\\\/\\\/www.reseau-mesure.com\\\/#organization\",\"name\":\"R\u00e9seau-Mesure\",\"url\":\"https:\\\/\\\/www.reseau-mesure.com\\\/\",\"logo\":{\"@type\":\"ImageObject\",\"inLanguage\":\"en-US\",\"@id\":\"https:\\\/\\\/www.reseau-mesure.com\\\/#\\\/schema\\\/logo\\\/image\\\/\",\"url\":\"https:\\\/\\\/www.reseau-mesure.com\\\/wp-content\\\/uploads\\\/2018\\\/02\\\/logo-max.png\",\"contentUrl\":\"https:\\\/\\\/www.reseau-mesure.com\\\/wp-content\\\/uploads\\\/2018\\\/02\\\/logo-max.png\",\"width\":545,\"height\":285,\"caption\":\"R\u00e9seau-Mesure\"},\"image\":{\"@id\":\"https:\\\/\\\/www.reseau-mesure.com\\\/#\\\/schema\\\/logo\\\/image\\\/\"},\"sameAs\":[\"https:\\\/\\\/www.facebook.com\\\/reseaumesure\\\/\",\"https:\\\/\\\/x.com\\\/ReseauMesure\",\"https:\\\/\\\/www.linkedin.com\\\/company\\\/reseau-mesure\\\/\"]}]}<\/script>\n<!-- \/ Yoast SEO plugin. -->","yoast_head_json":{"title":"les-savoir-faire-du-reseau-mesure-volume-1 - R\u00e9seau Mesure","robots":{"index":"index","follow":"follow","max-snippet":"max-snippet:-1","max-image-preview":"max-image-preview:large","max-video-preview":"max-video-preview:-1"},"canonical":"https:\/\/www.reseau-mesure.com\/en\/livre-les-savoir-faire-du-reseau-mesure-volume-1\/","og_locale":"en_US","og_type":"article","og_title":"les-savoir-faire-du-reseau-mesure-volume-1 - R\u00e9seau Mesure","og_description":"Les savoir faire du R\u00e9seau-Mesure Volume 1 Les savoir-faire du R\u00e9seau Mesure D\u00e9couvrez et\/ou \u00e9tayez vos connaissances relatives aux bonnes pratiques industrielles de mesure. \u2022 Quelle mesure pour quel objectif, \u00e0 quel co\u00fbt ? \u2022 Comment et pourquoi traiter les donn\u00e9es ? \u2022 Quel impact sur les syst\u00e8mes de production ? \u2022 Mesure et maintenance&hellip;","og_url":"https:\/\/www.reseau-mesure.com\/en\/livre-les-savoir-faire-du-reseau-mesure-volume-1\/","og_site_name":"R\u00e9seau Mesure","article_publisher":"https:\/\/www.facebook.com\/reseaumesure\/","article_modified_time":"2020-12-07T14:44:50+00:00","og_image":[{"url":"https:\/\/www.reseau-mesure.com\/wp-content\/uploads\/2020\/12\/Pages-de-Les-savoir-faire-du-Reseau-Mesure-Volume-1-722x1024.jpg","type":"","width":"","height":""}],"twitter_card":"summary_large_image","twitter_site":"@ReseauMesure","twitter_misc":{"Est. reading time":"1 minute"},"schema":{"@context":"https:\/\/schema.org","@graph":[{"@type":"WebPage","@id":"https:\/\/www.reseau-mesure.com\/de\/livre-les-savoir-faire-du-reseau-mesure-volume-1\/","url":"https:\/\/www.reseau-mesure.com\/de\/livre-les-savoir-faire-du-reseau-mesure-volume-1\/","name":"les-savoir-faire-du-reseau-mesure-volume-1 - R\u00e9seau Mesure","isPartOf":{"@id":"https:\/\/www.reseau-mesure.com\/#website"},"primaryImageOfPage":{"@id":"https:\/\/www.reseau-mesure.com\/de\/livre-les-savoir-faire-du-reseau-mesure-volume-1\/#primaryimage"},"image":{"@id":"https:\/\/www.reseau-mesure.com\/de\/livre-les-savoir-faire-du-reseau-mesure-volume-1\/#primaryimage"},"thumbnailUrl":"https:\/\/www.reseau-mesure.com\/wp-content\/uploads\/2020\/12\/Pages-de-Les-savoir-faire-du-Reseau-Mesure-Volume-1-722x1024.jpg","datePublished":"2020-12-01T19:22:33+00:00","dateModified":"2020-12-07T14:44:50+00:00","breadcrumb":{"@id":"https:\/\/www.reseau-mesure.com\/de\/livre-les-savoir-faire-du-reseau-mesure-volume-1\/#breadcrumb"},"inLanguage":"en-US","potentialAction":[{"@type":"ReadAction","target":["https:\/\/www.reseau-mesure.com\/de\/livre-les-savoir-faire-du-reseau-mesure-volume-1\/"]}]},{"@type":"ImageObject","inLanguage":"en-US","@id":"https:\/\/www.reseau-mesure.com\/de\/livre-les-savoir-faire-du-reseau-mesure-volume-1\/#primaryimage","url":"https:\/\/www.reseau-mesure.com\/wp-content\/uploads\/2020\/12\/Pages-de-Les-savoir-faire-du-Reseau-Mesure-Volume-1-722x1024.jpg","contentUrl":"https:\/\/www.reseau-mesure.com\/wp-content\/uploads\/2020\/12\/Pages-de-Les-savoir-faire-du-Reseau-Mesure-Volume-1-722x1024.jpg"},{"@type":"BreadcrumbList","@id":"https:\/\/www.reseau-mesure.com\/de\/livre-les-savoir-faire-du-reseau-mesure-volume-1\/#breadcrumb","itemListElement":[{"@type":"ListItem","position":1,"name":"Accueil","item":"https:\/\/www.reseau-mesure.com\/"},{"@type":"ListItem","position":2,"name":"les-savoir-faire-du-reseau-mesure-volume-1"}]},{"@type":"WebSite","@id":"https:\/\/www.reseau-mesure.com\/#website","url":"https:\/\/www.reseau-mesure.com\/","name":"R\u00e9seau-Mesure","description":"Network Measure","publisher":{"@id":"https:\/\/www.reseau-mesure.com\/#organization"},"potentialAction":[{"@type":"SearchAction","target":{"@type":"EntryPoint","urlTemplate":"https:\/\/www.reseau-mesure.com\/?s={search_term_string}"},"query-input":{"@type":"PropertyValueSpecification","valueRequired":true,"valueName":"search_term_string"}}],"inLanguage":"en-US"},{"@type":"Organization","@id":"https:\/\/www.reseau-mesure.com\/#organization","name":"R\u00e9seau-Mesure","url":"https:\/\/www.reseau-mesure.com\/","logo":{"@type":"ImageObject","inLanguage":"en-US","@id":"https:\/\/www.reseau-mesure.com\/#\/schema\/logo\/image\/","url":"https:\/\/www.reseau-mesure.com\/wp-content\/uploads\/2018\/02\/logo-max.png","contentUrl":"https:\/\/www.reseau-mesure.com\/wp-content\/uploads\/2018\/02\/logo-max.png","width":545,"height":285,"caption":"R\u00e9seau-Mesure"},"image":{"@id":"https:\/\/www.reseau-mesure.com\/#\/schema\/logo\/image\/"},"sameAs":["https:\/\/www.facebook.com\/reseaumesure\/","https:\/\/x.com\/ReseauMesure","https:\/\/www.linkedin.com\/company\/reseau-mesure\/"]}]}},"_links":{"self":[{"href":"https:\/\/www.reseau-mesure.com\/en\/wp-json\/wp\/v2\/pages\/8922","targetHints":{"allow":["GET"]}}],"collection":[{"href":"https:\/\/www.reseau-mesure.com\/en\/wp-json\/wp\/v2\/pages"}],"about":[{"href":"https:\/\/www.reseau-mesure.com\/en\/wp-json\/wp\/v2\/types\/page"}],"author":[{"embeddable":true,"href":"https:\/\/www.reseau-mesure.com\/en\/wp-json\/wp\/v2\/users\/685"}],"replies":[{"embeddable":true,"href":"https:\/\/www.reseau-mesure.com\/en\/wp-json\/wp\/v2\/comments?post=8922"}],"version-history":[{"count":0,"href":"https:\/\/www.reseau-mesure.com\/en\/wp-json\/wp\/v2\/pages\/8922\/revisions"}],"wp:attachment":[{"href":"https:\/\/www.reseau-mesure.com\/en\/wp-json\/wp\/v2\/media?parent=8922"}],"curies":[{"name":"wp","href":"https:\/\/api.w.org\/{rel}","templated":true}]}}