{"id":8943,"date":"2019-11-18T15:04:26","date_gmt":"2019-11-18T14:04:26","guid":{"rendered":"https:\/\/www.reseau-mesure.com\/?page_id=8943"},"modified":"2020-09-11T10:25:35","modified_gmt":"2020-09-11T08:25:35","slug":"mesures-solutions-expo","status":"publish","type":"page","link":"https:\/\/www.reseau-mesure.com\/en\/mesures-solutions-expo\/","title":{"rendered":"EXPO Solutions Measures"},"content":{"rendered":"<img loading=\"lazy\" decoding=\"async\" src=\"https:\/\/www.reseau-mesure.com\/wp-content\/uploads\/2019\/11\/LOGO-MSE-2020-300x147.png\" alt=\"LOGO MSE 2020\" itemprop=\"image\" height=\"147\" width=\"300\" title=\"MSE 2020 LOGO\" onerror=\"this.style.display='none'\"  \/>\n\t<p><b>2 days of exhibition<\/b><\/p>\n\t<p><strong>14 &amp; 15<\/strong><\/p>\n<p><strong>October<\/strong><\/p>\n<p><strong> 2020<\/strong><\/p>\n\t<p><strong>LYON CONGRESS CENTER<\/strong><\/p>\n<p><strong>50 Quai Charles de Gaulle<\/strong><\/p>\n<p><strong>69006 Lyon<\/strong><\/p>\n\t\t\t<a href=\"https:\/\/www.mesures-solutions-expo.fr\/exposants\/demande-d-inscription-mse2020\" target=\"_self\" role=\"button\" rel=\"noopener noreferrer\">\n\t\t\t\t\t\t\tEXHIBITOR registration\n\t\t\t\t\t<\/a>\n\t<p><a href=\"https:\/\/www.reseau-mesure.com\/wp-content\/uploads\/2020\/04\/PRESENTATION-MSE-2020..pdf\"><b>THE SALON OF <\/b><b>SPECIALISTS<\/b><b> OF MEASUREMENT<\/b><\/a><\/p>\n\t<p>&nbsp;<\/p>\n<p>Find the list of <a href=\"https:\/\/www.mesures-solutions-expo.fr\/exposants\/liste-des-exposants-2020\">EXHIBITORS 2020<\/a><\/p>\n<p>&nbsp;<\/p>\n\t<p><b># innovations <\/b><b>#<\/b><\/p>\n\t<p><strong><a href=\"https:\/\/www.reseau-mesure.com\/wp-content\/uploads\/2020\/07\/acalime-formulaire-dinnovationacalime9010.pdf\" target=\"_blank\" rel=\"noopener noreferrer\">Acalime<\/a> &#8211; <a href=\"https:\/\/www.reseau-mesure.com\/wp-content\/uploads\/2020\/06\/actimesure-innovation.pdf\" target=\"_blank\" rel=\"noopener noreferrer\">Actimesure<\/a><\/strong><strong> &#8211; <a href=\"https:\/\/www.reseau-mesure.com\/en\/?page_id=10595\" target=\"_blank\" rel=\"noopener noreferrer\">Anael<\/a> &#8211; <a href=\"https:\/\/www.reseau-mesure.com\/wp-content\/uploads\/2020\/07\/anton-paar-formulaire-innovation.pdf\" target=\"_blank\" rel=\"noopener noreferrer\">Anton Paar<\/a> &#8211;<a href=\"https:\/\/www.reseau-mesure.com\/wp-content\/uploads\/2020\/07\/AOIP-innovation-2020.pdf\" target=\"_blank\" rel=\"noopener noreferrer\"> AOIP<\/a> &#8211;\u00a0<a href=\"https:\/\/www.reseau-mesure.com\/wp-content\/uploads\/2020\/07\/ARDETEM-SFERE-formulaire-dinnovation-.pdf\" target=\"_blank\" rel=\"noopener noreferrer\">Ardetem Sfere<\/a> &#8211; <a href=\"https:\/\/www.reseau-mesure.com\/wp-content\/uploads\/2020\/07\/asc-instrument-formulaire-dinnovation.pdf\" target=\"_blank\" rel=\"noopener noreferrer\">ASC Instrument<\/a> &#8211; <a href=\"https:\/\/www.reseau-mesure.com\/wp-content\/uploads\/2020\/07\/ASTRIIS-formulaire_dinnovation_ASTRIIS.pdf\" target=\"_blank\" rel=\"noopener noreferrer\">Astriis<\/a> &#8211; <a href=\"https:\/\/www.reseau-mesure.com\/wp-content\/uploads\/2020\/07\/Baumer_formulaire-dinnovation.pdf\" target=\"_blank\" rel=\"noopener noreferrer\">Baumer<\/a> &#8211; <a href=\"https:\/\/www.reseau-mesure.com\/wp-admin\/post.php?post=10794&amp;action=edit\" target=\"_blank\" rel=\"noopener noreferrer\">Beamex<\/a> &#8211; <a href=\"https:\/\/www.reseau-mesure.com\/wp-content\/uploads\/2020\/07\/Bruker-Alicona.-formulaire-innovation.pdf\" target=\"_blank\" rel=\"noopener noreferrer\">Bruker Alicona<\/a> &#8211; <a href=\"https:\/\/www.reseau-mesure.com\/wp-content\/uploads\/2020\/06\/cetiat-formulaire-innovation-NANO-QL_v2.pdf\" target=\"_blank\" rel=\"noopener noreferrer\">Cetiat<\/a> &#8211;\u00a0<a href=\"https:\/\/www.reseau-mesure.com\/wp-content\/uploads\/2020\/06\/ConsoMIX-formulaire-innovation_consomix.pdf\" target=\"_blank\" rel=\"noopener noreferrer\">ConsoMIX<\/a> &#8211; <a href=\"https:\/\/www.reseau-mesure.com\/wp-content\/uploads\/2020\/06\/Creaform-MetraSCAN-3D-formulaire-innovation.pdf\" target=\"_blank\" rel=\"noopener noreferrer\">Creaform<\/a> &#8211; <a href=\"https:\/\/www.reseau-mesure.com\/wp-content\/uploads\/2020\/07\/CTS-innovation-1.pdf\" target=\"_blank\" rel=\"noopener noreferrer\">Climate and Thermal Service<\/a>\u00a0&#8211; <a href=\"https:\/\/www.reseau-mesure.com\/wp-content\/uploads\/2020\/07\/Cuenot-R\u00e9gulation-innovation-Mesures-Expo2020.pdf\" target=\"_blank\" rel=\"noopener noreferrer\">Cuenot Regulation<\/a> &#8211; <a href=\"https:\/\/www.reseau-mesure.com\/wp-content\/uploads\/2020\/06\/dewesoft-formulaire-innovation.pdf\" target=\"_blank\" rel=\"noopener noreferrer\">Dewesoft<\/a> &#8211; <a href=\"https:\/\/www.reseau-mesure.com\/wp-content\/uploads\/2020\/07\/dewetron-formulaire-dinnovation-.pdf\" target=\"_blank\" rel=\"noopener noreferrer\">Dewetron<\/a> &#8211; <a href=\"https:\/\/www.reseau-mesure.com\/wp-content\/uploads\/2020\/07\/dexys-formulaire-dinnovation.pdf\" target=\"_blank\" rel=\"noopener noreferrer\">Dexys<\/a> &#8211; <a href=\"https:\/\/www.reseau-mesure.com\/wp-content\/uploads\/2020\/07\/dimelco-formulaire-dinnovation.pdf\" target=\"_blank\" rel=\"noopener noreferrer\">Dimelco<\/a> &#8211; <a href=\"https:\/\/www.reseau-mesure.com\/wp-content\/uploads\/2020\/06\/dynae-Adorec-Dynae_.pdf\" target=\"_blank\" rel=\"noopener noreferrer\">Dynae<\/a> &#8211; <a href=\"https:\/\/www.reseau-mesure.com\/wp-content\/uploads\/2020\/07\/edmund-opticsformulaire-dinnovation3.pdf\" target=\"_blank\" rel=\"noopener noreferrer\">Edmund<\/a> &#8211; <a href=\"https:\/\/www.reseau-mesure.com\/wp-content\/uploads\/2020\/08\/emd2i-formulaire-dinnovation.pdf\" target=\"_blank\" rel=\"noopener noreferrer\">Emd2i<\/a> &#8211;\u00a0<a href=\"https:\/\/www.reseau-mesure.com\/wp-content\/uploads\/2020\/07\/endress-formulaire-dinnovation.pdf\" target=\"_blank\" rel=\"noopener noreferrer\">Endress + Hauser<\/a> &#8211;\u00a0<a href=\"https:\/\/www.reseau-mesure.com\/wp-content\/uploads\/2020\/07\/Fischer-connectors-Formulaire-innovation_Fischer-Freedom\u2122.pdf\" target=\"_blank\" rel=\"noopener noreferrer\">Fischer Connectors<\/a> &#8211; <a href=\"https:\/\/www.reseau-mesure.com\/wp-content\/uploads\/2020\/07\/Furness-Controls-formulaire-dinnovation.pdf\" target=\"_blank\" rel=\"noopener noreferrer\">Furness Control<\/a>s - <a href=\"https:\/\/www.reseau-mesure.com\/wp-content\/uploads\/2020\/06\/gantner-formulaire-innovation.pdf\" target=\"_blank\" rel=\"noopener noreferrer\">Glove<\/a> &#8211; <a href=\"https:\/\/www.reseau-mesure.com\/wp-content\/uploads\/2020\/08\/imc-EOS-2020.pdf\" target=\"_blank\" rel=\"noopener noreferrer\">imc<\/a> &#8211; <a href=\"https:\/\/www.reseau-mesure.com\/wp-content\/uploads\/2020\/06\/INTERTEK.pdf\" target=\"_blank\" rel=\"noopener noreferrer\">Intertek<\/a> &#8211; <a href=\"https:\/\/www.reseau-mesure.com\/wp-content\/uploads\/2020\/06\/JRI-formulaire-innovation_JRI.pdf\" target=\"_blank\" rel=\"noopener noreferrer\">JRI<\/a> &#8211;\u00a0<\/strong><strong><a href=\"https:\/\/www.reseau-mesure.com\/wp-content\/uploads\/2020\/07\/jumo-formulaire-innovation.pdf\" target=\"_blank\" rel=\"noopener noreferrer\">Jumo<\/a>\u00a0<\/strong><strong>&#8211;<a href=\"https:\/\/www.reseau-mesure.com\/wp-content\/uploads\/2020\/06\/KREON-formulaire-innovation.pdf\" target=\"_blank\" rel=\"noopener noreferrer\">\u00a0Kreon<\/a> &#8211; <a href=\"https:\/\/www.reseau-mesure.com\/wp-content\/uploads\/2020\/07\/LESCATE.pdf\" target=\"_blank\" rel=\"noopener noreferrer\">Lescate<\/a> &#8211; <a href=\"https:\/\/www.reseau-mesure.com\/wp-content\/uploads\/2020\/07\/mp-internationalformulaire-dinnovation.pdf\" target=\"_blank\" rel=\"noopener noreferrer\">m + p International<\/a> &#8211; <a href=\"https:\/\/www.reseau-mesure.com\/wp-content\/uploads\/2020\/07\/MB-Electronique_-formulaire-dinnovation_FLUKE-8588A.pdf\" target=\"_blank\" rel=\"noopener noreferrer\">MB Electronics<\/a> &#8211; <a href=\"https:\/\/www.reseau-mesure.com\/wp-content\/uploads\/2020\/07\/michell-instruments-rotronicformulaire-dinnovation.pdf\" target=\"_blank\" rel=\"noopener noreferrer\">Michell Instrument<\/a> &#8211;\u00a0<a href=\"https:\/\/www.reseau-mesure.com\/wp-content\/uploads\/2020\/07\/MICRO-EPSILON-formulaire-dinnovation.pdf\" target=\"_blank\" rel=\"noopener noreferrer\">Micro Epsilon<\/a> &#8211; <a href=\"https:\/\/www.reseau-mesure.com\/wp-content\/uploads\/2020\/07\/Mitutoyo.pdf\" target=\"_blank\" rel=\"noopener noreferrer\">Mitutoyo<\/a> &#8211; <a href=\"https:\/\/www.reseau-mesure.com\/en\/innovations-nerys\/\" target=\"_blank\" rel=\"noopener noreferrer\">Nerys<\/a> &#8211; <a href=\"https:\/\/www.reseau-mesure.com\/wp-content\/uploads\/2020\/07\/nikon-formulaire-dinnovation_filled-out.pdf\" target=\"_blank\" rel=\"noopener noreferrer\">Nikon<\/a> &#8211; <a href=\"https:\/\/www.reseau-mesure.com\/wp-content\/uploads\/2020\/07\/nir-industry-formulaire-dinnovation.pdf\" target=\"_blank\" rel=\"noopener noreferrer\">Nir-industry<\/a> &#8211;\u00a0 <a href=\"https:\/\/www.reseau-mesure.com\/wp-content\/uploads\/2020\/07\/Novus-formulaire-dinnovation-1.pdf\" target=\"_blank\" rel=\"noopener noreferrer\">Novus<\/a> &#8211; <a href=\"https:\/\/www.reseau-mesure.com\/wp-content\/uploads\/2020\/07\/OROS-formulaire-dinnovation.pdf\" target=\"_blank\" rel=\"noopener noreferrer\">Oros<\/a> &#8211; <a href=\"https:\/\/www.reseau-mesure.com\/wp-content\/uploads\/2020\/07\/PCB-PIEZOTRONICS-Formulaire-dinnovation-RESEAU-MESURE-Mesures-Solution-Expo2020-.pdf\" target=\"_blank\" rel=\"noopener noreferrer\">Piezotronics PCB<\/a> &#8211; <a href=\"https:\/\/www.reseau-mesure.com\/wp-content\/uploads\/2020\/08\/polytec.pdf\" target=\"_blank\" rel=\"noopener noreferrer\">Polytec<\/a> &#8211; <a href=\"https:\/\/www.reseau-mesure.com\/wp-content\/uploads\/2020\/07\/qmtinnovation_qmtvline.pdf\" target=\"_blank\" rel=\"noopener noreferrer\">qmt +<\/a> &#8211; <a href=\"https:\/\/www.reseau-mesure.com\/wp-content\/uploads\/2020\/07\/RD-Vision-Formulaire-dinnovation.pdf\" target=\"_blank\" rel=\"noopener noreferrer\">R&amp;D Vision<\/a> &#8211;\u00a0<a href=\"https:\/\/www.reseau-mesure.com\/wp-content\/uploads\/2020\/07\/Trafag-formulaire-dinnovation-TRAFAG.pdf\" target=\"_blank\" rel=\"noopener noreferrer\">Trafag<\/a> &#8211; <a href=\"https:\/\/www.reseau-mesure.com\/wp-content\/uploads\/2020\/07\/TRIOPTICS-formulaire-dinnovation-2020.pdf\" target=\"_blank\" rel=\"noopener noreferrer\">Trioptics<\/a> &#8211; <a href=\"https:\/\/www.reseau-mesure.com\/wp-content\/uploads\/2020\/08\/Trescal.pdf\" target=\"_blank\" rel=\"noopener noreferrer\">Trescal<\/a> &#8211;\u00a0<a href=\"https:\/\/www.reseau-mesure.com\/wp-content\/uploads\/2020\/07\/vaisala-formulaire-dinnovation.pdf\" target=\"_blank\" rel=\"noopener noreferrer\">Vaisala<\/a> &#8211; <a href=\"https:\/\/www.reseau-mesure.com\/wp-content\/uploads\/2020\/07\/vision-engeneeringformulaire-dinnovation_VEF.pdf.html\" target=\"_blank\" rel=\"noopener noreferrer\">Vision Engineering<\/a> &#8211;\u00a0<a href=\"https:\/\/www.reseau-mesure.com\/wp-content\/uploads\/2020\/07\/WIKA.pdf\" target=\"_blank\" rel=\"noopener noreferrer\">Wika<\/a> &#8211; <a href=\"https:\/\/www.reseau-mesure.com\/wp-content\/uploads\/2020\/07\/ZEISS-formulaire-dinnovation_ZEISS-T-SCAN.pdf\" target=\"_blank\" rel=\"noopener noreferrer\">Zeiss<\/a><\/strong><\/p>\n<p>&nbsp;<\/p>\n\t\t\t<a href=\"https:\/\/www.reseau-mesure.com\/wp-content\/uploads\/2020\/08\/visuels-innovations-31082020.zip\" target=\"_blank\" role=\"button\" rel=\"noopener noreferrer\">\n\t\t\t\t\t\t\tInnovations in photos\n\t\t\t\t\t<\/a>\n\t<p>Flagship action of the Measurement Network for the year 2020, the\u00a0<strong>3<sup>th<\/sup>\u00a0edition of the Salon Measures Solutions EXPO2020<\/strong>\u00a0will be held at the Cit\u00e9 des Congr\u00e8s in Lyon. It will present the exhaustiveness of the Measurement offer, from the world of research to that of production, from current solutions to future prospects.<\/p>\n<p><strong>Being as close as possible to customers is the motto of Measures Solutions EXPO.<\/strong>\u00a0By offering a general offer meeting multiple potential needs, the exhibitors wished to bring together measurement professionals in the same place in order to offer them complete solutions. Visitors can thus access a diversified offer, whatever their expectations, techniques and processes used.<\/p>\n<p>Innovative products will be present along with the most cutting-edge know-how, both on the stands and during the exhibitor workshops.<\/p>\n<p>Organized around\u00a0<strong>more than 130 stands<\/strong>\u00a0, visitors will discover nearly\u00a0<strong>300 major French and international brands.<\/strong><\/p>\n<p>From advice to the realization of projects, the experts present at this show will advise visitors not only through the innovative solutions presented on their stands, but also through the organization of around twenty thematic workshops, during which they will present their know-how and their novelties.<\/p>\n\tThe French College of Metrology<br \/>\nevent partner\n<p>In this context\u00a0<strong>the French College of Metrology<\/strong>\u00a0will animate the Pavilion\u00a0<strong>&quot;Metrology Innovation&quot;<\/strong>\u00a0of the show, a space dedicated to CFM members who wish to get closer to this theme. It also organizes\u00a0<strong>a series of conferences on topics in line with industrial needs<\/strong>\u00a0and quizzes focused on quality, methods and techniques, as well as fun and pragmatic animations on metrology: Will you have the right measure?<\/p>\n\t\t\t\t<img loading=\"lazy\" decoding=\"async\" src=\"https:\/\/www.reseau-mesure.com\/wp-content\/uploads\/2019\/10\/3_CFM-logoquadri-2018_HD-150x150.jpg\" alt=\"3_CFM-logoquadri-2018\" itemprop=\"image\" height=\"150\" width=\"150\" title=\"3_CFM-logoquadri-2018\" onerror=\"this.style.display='none'\"  \/>\n\t<p><b># the program<\/b><b> # <\/b><\/p>\n\t<strong>130<\/strong> exhibitors<br \/>\n4 <strong>conferences<\/strong> of CFM<br \/>\n20 <strong>technical presentations<br \/>\n<\/strong>1 buffet and 2 coffee breaks to allow discussions\n\t\t\t<a href=\"https:\/\/mesures-solutions-expo.fr\/conferences\" target=\"_self\" role=\"button\" rel=\"noopener noreferrer\">\n\t\t\t\t\t\t\tConferences and thematic presentations\n\t\t\t\t\t<\/a>\n\t\t\t<a href=\"https:\/\/www.reseau-mesure.com\/wp-content\/uploads\/2020\/09\/PROTOCOLE-SANITAIRE-VISITEURS-MSE2020.pdf\" target=\"_blank\" role=\"button\" rel=\"noopener noreferrer\">\n\t\t\t\t\t\t\tVISITOR HEALTH PROTOCOL\n\t\t\t\t\t<\/a>\n\t\t\t<a href=\"https:\/\/www.reseau-mesure.com\/wp-content\/uploads\/2020\/09\/PROTOCOLE-SANITAIRE-EXPOSANTS-MSE2020.pdf\" target=\"_blank\" role=\"button\" rel=\"noopener noreferrer\">\n\t\t\t\t\t\t\tEXHIBITOR HEALTH PROTOCOL\n\t\t\t\t\t<\/a>\n\t\t\t<a href=\"https:\/\/www.mesures-solutions-expo.fr\/\" target=\"_self\" role=\"button\" rel=\"noopener noreferrer\">\n\t\t\t\t\t\tFIND ALL THE INFORMATION ABOUT THE SHOW \n\t\t\t\t\t<\/a>","protected":false},"excerpt":{"rendered":"<p>2 days of exhibition 14 &amp; 15 October 2020 CENTER DE CONGRES LYON 50 Quai Charles de Gaulle 69006 Lyon Registration EXHIBITOR THE MEASUREMENT SPECIALISTS EXHIBITOR Find the list of EXHIBITORS 2020 # # innovations Acalime - Actimesure - Anael - Anton Paar - AOIP - Ardetem Sfere - ASC Instrument -\u2026<\/p>","protected":false},"author":349,"featured_media":0,"parent":0,"menu_order":0,"comment_status":"closed","ping_status":"closed","template":"","meta":{"_acf_changed":false,"footnotes":""},"class_list":["post-8943","page","type-page","status-publish","hentry"],"acf":[],"yoast_head":"<!-- This site is optimized with the Yoast SEO plugin v27.3 - https:\/\/yoast.com\/product\/yoast-seo-wordpress\/ -->\n<title>Mesures Solutions EXPO - R\u00e9seau Mesure<\/title>\n<meta name=\"description\" content=\"Le salon measurement world est le salon de la mesure pour 2019. Les adh\u00e9rents du R\u00e9seau Mesure seront pr\u00e9sent. Informations et renseignements.\" \/>\n<meta name=\"robots\" content=\"index, follow, max-snippet:-1, max-image-preview:large, max-video-preview:-1\" \/>\n<link rel=\"canonical\" href=\"https:\/\/www.reseau-mesure.com\/en\/mesures-solutions-expo\/\" \/>\n<meta property=\"og:locale\" content=\"en_US\" \/>\n<meta property=\"og:type\" content=\"article\" \/>\n<meta property=\"og:title\" content=\"Mesures Solutions EXPO - R\u00e9seau Mesure\" \/>\n<meta property=\"og:description\" content=\"Le salon measurement world est le salon de la mesure pour 2019. Les adh\u00e9rents du R\u00e9seau Mesure seront pr\u00e9sent. Informations et renseignements.\" \/>\n<meta property=\"og:url\" content=\"https:\/\/www.reseau-mesure.com\/en\/mesures-solutions-expo\/\" \/>\n<meta property=\"og:site_name\" content=\"R\u00e9seau Mesure\" \/>\n<meta property=\"article:publisher\" content=\"https:\/\/www.facebook.com\/reseaumesure\/\" \/>\n<meta property=\"article:modified_time\" content=\"2020-09-11T08:25:35+00:00\" \/>\n<meta property=\"og:image\" content=\"https:\/\/www.reseau-mesure.com\/wp-content\/uploads\/2019\/11\/LOGO-MSE-2020-300x147.png\" \/>\n<meta name=\"twitter:card\" content=\"summary_large_image\" \/>\n<meta name=\"twitter:site\" content=\"@ReseauMesure\" \/>\n<meta name=\"twitter:label1\" content=\"Est. reading time\" \/>\n\t<meta name=\"twitter:data1\" content=\"3 minutes\" \/>\n<script type=\"application\/ld+json\" class=\"yoast-schema-graph\">{\"@context\":\"https:\\\/\\\/schema.org\",\"@graph\":[{\"@type\":\"WebPage\",\"@id\":\"https:\\\/\\\/www.reseau-mesure.com\\\/de\\\/mesures-solutions-expo\\\/\",\"url\":\"https:\\\/\\\/www.reseau-mesure.com\\\/de\\\/mesures-solutions-expo\\\/\",\"name\":\"Mesures Solutions EXPO - R\u00e9seau Mesure\",\"isPartOf\":{\"@id\":\"https:\\\/\\\/www.reseau-mesure.com\\\/#website\"},\"primaryImageOfPage\":{\"@id\":\"https:\\\/\\\/www.reseau-mesure.com\\\/de\\\/mesures-solutions-expo\\\/#primaryimage\"},\"image\":{\"@id\":\"https:\\\/\\\/www.reseau-mesure.com\\\/de\\\/mesures-solutions-expo\\\/#primaryimage\"},\"thumbnailUrl\":\"https:\\\/\\\/www.reseau-mesure.com\\\/wp-content\\\/uploads\\\/2019\\\/11\\\/LOGO-MSE-2020-300x147.png\",\"datePublished\":\"2019-11-18T14:04:26+00:00\",\"dateModified\":\"2020-09-11T08:25:35+00:00\",\"description\":\"Le salon measurement world est le salon de la mesure pour 2019. Les adh\u00e9rents du R\u00e9seau Mesure seront pr\u00e9sent. Informations et renseignements.\",\"breadcrumb\":{\"@id\":\"https:\\\/\\\/www.reseau-mesure.com\\\/de\\\/mesures-solutions-expo\\\/#breadcrumb\"},\"inLanguage\":\"en-US\",\"potentialAction\":[{\"@type\":\"ReadAction\",\"target\":[\"https:\\\/\\\/www.reseau-mesure.com\\\/de\\\/mesures-solutions-expo\\\/\"]}]},{\"@type\":\"ImageObject\",\"inLanguage\":\"en-US\",\"@id\":\"https:\\\/\\\/www.reseau-mesure.com\\\/de\\\/mesures-solutions-expo\\\/#primaryimage\",\"url\":\"https:\\\/\\\/www.reseau-mesure.com\\\/wp-content\\\/uploads\\\/2019\\\/11\\\/LOGO-MSE-2020-300x147.png\",\"contentUrl\":\"https:\\\/\\\/www.reseau-mesure.com\\\/wp-content\\\/uploads\\\/2019\\\/11\\\/LOGO-MSE-2020-300x147.png\"},{\"@type\":\"BreadcrumbList\",\"@id\":\"https:\\\/\\\/www.reseau-mesure.com\\\/de\\\/mesures-solutions-expo\\\/#breadcrumb\",\"itemListElement\":[{\"@type\":\"ListItem\",\"position\":1,\"name\":\"Accueil\",\"item\":\"https:\\\/\\\/www.reseau-mesure.com\\\/\"},{\"@type\":\"ListItem\",\"position\":2,\"name\":\"Mesures Solutions EXPO\"}]},{\"@type\":\"WebSite\",\"@id\":\"https:\\\/\\\/www.reseau-mesure.com\\\/#website\",\"url\":\"https:\\\/\\\/www.reseau-mesure.com\\\/\",\"name\":\"R\u00e9seau-Mesure\",\"description\":\"R\u00e9seau Mesure\",\"publisher\":{\"@id\":\"https:\\\/\\\/www.reseau-mesure.com\\\/#organization\"},\"potentialAction\":[{\"@type\":\"SearchAction\",\"target\":{\"@type\":\"EntryPoint\",\"urlTemplate\":\"https:\\\/\\\/www.reseau-mesure.com\\\/?s={search_term_string}\"},\"query-input\":{\"@type\":\"PropertyValueSpecification\",\"valueRequired\":true,\"valueName\":\"search_term_string\"}}],\"inLanguage\":\"en-US\"},{\"@type\":\"Organization\",\"@id\":\"https:\\\/\\\/www.reseau-mesure.com\\\/#organization\",\"name\":\"R\u00e9seau-Mesure\",\"url\":\"https:\\\/\\\/www.reseau-mesure.com\\\/\",\"logo\":{\"@type\":\"ImageObject\",\"inLanguage\":\"en-US\",\"@id\":\"https:\\\/\\\/www.reseau-mesure.com\\\/#\\\/schema\\\/logo\\\/image\\\/\",\"url\":\"https:\\\/\\\/www.reseau-mesure.com\\\/wp-content\\\/uploads\\\/2018\\\/02\\\/logo-max.png\",\"contentUrl\":\"https:\\\/\\\/www.reseau-mesure.com\\\/wp-content\\\/uploads\\\/2018\\\/02\\\/logo-max.png\",\"width\":545,\"height\":285,\"caption\":\"R\u00e9seau-Mesure\"},\"image\":{\"@id\":\"https:\\\/\\\/www.reseau-mesure.com\\\/#\\\/schema\\\/logo\\\/image\\\/\"},\"sameAs\":[\"https:\\\/\\\/www.facebook.com\\\/reseaumesure\\\/\",\"https:\\\/\\\/x.com\\\/ReseauMesure\",\"https:\\\/\\\/www.linkedin.com\\\/company\\\/reseau-mesure\\\/\"]}]}<\/script>\n<!-- \/ Yoast SEO plugin. -->","yoast_head_json":{"title":"Mesures Solutions EXPO - R\u00e9seau Mesure","description":"Le salon measurement world est le salon de la mesure pour 2019. Les adh\u00e9rents du R\u00e9seau Mesure seront pr\u00e9sent. Informations et renseignements.","robots":{"index":"index","follow":"follow","max-snippet":"max-snippet:-1","max-image-preview":"max-image-preview:large","max-video-preview":"max-video-preview:-1"},"canonical":"https:\/\/www.reseau-mesure.com\/en\/mesures-solutions-expo\/","og_locale":"en_US","og_type":"article","og_title":"Mesures Solutions EXPO - R\u00e9seau Mesure","og_description":"Le salon measurement world est le salon de la mesure pour 2019. Les adh\u00e9rents du R\u00e9seau Mesure seront pr\u00e9sent. Informations et renseignements.","og_url":"https:\/\/www.reseau-mesure.com\/en\/mesures-solutions-expo\/","og_site_name":"R\u00e9seau Mesure","article_publisher":"https:\/\/www.facebook.com\/reseaumesure\/","article_modified_time":"2020-09-11T08:25:35+00:00","og_image":[{"url":"https:\/\/www.reseau-mesure.com\/wp-content\/uploads\/2019\/11\/LOGO-MSE-2020-300x147.png","type":"","width":"","height":""}],"twitter_card":"summary_large_image","twitter_site":"@ReseauMesure","twitter_misc":{"Est. reading time":"3 minutes"},"schema":{"@context":"https:\/\/schema.org","@graph":[{"@type":"WebPage","@id":"https:\/\/www.reseau-mesure.com\/de\/mesures-solutions-expo\/","url":"https:\/\/www.reseau-mesure.com\/de\/mesures-solutions-expo\/","name":"Mesures Solutions EXPO - R\u00e9seau Mesure","isPartOf":{"@id":"https:\/\/www.reseau-mesure.com\/#website"},"primaryImageOfPage":{"@id":"https:\/\/www.reseau-mesure.com\/de\/mesures-solutions-expo\/#primaryimage"},"image":{"@id":"https:\/\/www.reseau-mesure.com\/de\/mesures-solutions-expo\/#primaryimage"},"thumbnailUrl":"https:\/\/www.reseau-mesure.com\/wp-content\/uploads\/2019\/11\/LOGO-MSE-2020-300x147.png","datePublished":"2019-11-18T14:04:26+00:00","dateModified":"2020-09-11T08:25:35+00:00","description":"Le salon measurement world est le salon de la mesure pour 2019. Les adh\u00e9rents du R\u00e9seau Mesure seront pr\u00e9sent. Informations et renseignements.","breadcrumb":{"@id":"https:\/\/www.reseau-mesure.com\/de\/mesures-solutions-expo\/#breadcrumb"},"inLanguage":"en-US","potentialAction":[{"@type":"ReadAction","target":["https:\/\/www.reseau-mesure.com\/de\/mesures-solutions-expo\/"]}]},{"@type":"ImageObject","inLanguage":"en-US","@id":"https:\/\/www.reseau-mesure.com\/de\/mesures-solutions-expo\/#primaryimage","url":"https:\/\/www.reseau-mesure.com\/wp-content\/uploads\/2019\/11\/LOGO-MSE-2020-300x147.png","contentUrl":"https:\/\/www.reseau-mesure.com\/wp-content\/uploads\/2019\/11\/LOGO-MSE-2020-300x147.png"},{"@type":"BreadcrumbList","@id":"https:\/\/www.reseau-mesure.com\/de\/mesures-solutions-expo\/#breadcrumb","itemListElement":[{"@type":"ListItem","position":1,"name":"Accueil","item":"https:\/\/www.reseau-mesure.com\/"},{"@type":"ListItem","position":2,"name":"Mesures Solutions EXPO"}]},{"@type":"WebSite","@id":"https:\/\/www.reseau-mesure.com\/#website","url":"https:\/\/www.reseau-mesure.com\/","name":"R\u00e9seau-Mesure","description":"Network Measure","publisher":{"@id":"https:\/\/www.reseau-mesure.com\/#organization"},"potentialAction":[{"@type":"SearchAction","target":{"@type":"EntryPoint","urlTemplate":"https:\/\/www.reseau-mesure.com\/?s={search_term_string}"},"query-input":{"@type":"PropertyValueSpecification","valueRequired":true,"valueName":"search_term_string"}}],"inLanguage":"en-US"},{"@type":"Organization","@id":"https:\/\/www.reseau-mesure.com\/#organization","name":"R\u00e9seau-Mesure","url":"https:\/\/www.reseau-mesure.com\/","logo":{"@type":"ImageObject","inLanguage":"en-US","@id":"https:\/\/www.reseau-mesure.com\/#\/schema\/logo\/image\/","url":"https:\/\/www.reseau-mesure.com\/wp-content\/uploads\/2018\/02\/logo-max.png","contentUrl":"https:\/\/www.reseau-mesure.com\/wp-content\/uploads\/2018\/02\/logo-max.png","width":545,"height":285,"caption":"R\u00e9seau-Mesure"},"image":{"@id":"https:\/\/www.reseau-mesure.com\/#\/schema\/logo\/image\/"},"sameAs":["https:\/\/www.facebook.com\/reseaumesure\/","https:\/\/x.com\/ReseauMesure","https:\/\/www.linkedin.com\/company\/reseau-mesure\/"]}]}},"_links":{"self":[{"href":"https:\/\/www.reseau-mesure.com\/en\/wp-json\/wp\/v2\/pages\/8943","targetHints":{"allow":["GET"]}}],"collection":[{"href":"https:\/\/www.reseau-mesure.com\/en\/wp-json\/wp\/v2\/pages"}],"about":[{"href":"https:\/\/www.reseau-mesure.com\/en\/wp-json\/wp\/v2\/types\/page"}],"author":[{"embeddable":true,"href":"https:\/\/www.reseau-mesure.com\/en\/wp-json\/wp\/v2\/users\/349"}],"replies":[{"embeddable":true,"href":"https:\/\/www.reseau-mesure.com\/en\/wp-json\/wp\/v2\/comments?post=8943"}],"version-history":[{"count":0,"href":"https:\/\/www.reseau-mesure.com\/en\/wp-json\/wp\/v2\/pages\/8943\/revisions"}],"wp:attachment":[{"href":"https:\/\/www.reseau-mesure.com\/en\/wp-json\/wp\/v2\/media?parent=8943"}],"curies":[{"name":"wp","href":"https:\/\/api.w.org\/{rel}","templated":true}]}}