{"id":8978,"date":"2019-11-25T15:14:53","date_gmt":"2019-11-25T14:14:53","guid":{"rendered":"https:\/\/www.reseau-mesure.com\/?page_id=8978"},"modified":"2020-01-23T10:20:49","modified_gmt":"2020-01-23T09:20:49","slug":"modeles-de-documents-pour-une-formation-datadock","status":"publish","type":"page","link":"https:\/\/www.reseau-mesure.com\/en\/modeles-de-documents-pour-une-formation-datadock\/","title":{"rendered":"Document templates for DATADOCK training"},"content":{"rendered":"<img loading=\"lazy\" decoding=\"async\" src=\"https:\/\/www.reseau-mesure.com\/wp-content\/uploads\/2019\/10\/datadock-278x300.jpg\" alt=\"datadock\" itemprop=\"image\" height=\"300\" width=\"278\" title=\"datadock\" onerror=\"this.style.display='none'\"  \/>\n\t<p><strong>DATADOCK procedure<\/strong><\/p>\n\t\t\t<a href=\"https:\/\/www.reseau-mesure.com\/wp-content\/uploads\/2020\/01\/PROCEDURE-DATADOCK.pdf\" target=\"_self\" role=\"button\" rel=\"noopener noreferrer\">\n\t\t\t\t\t\t\tClick here\n\t\t\t\t\t<\/a>\n\t<p><strong>Model &quot;Training Program&quot;<\/strong><\/p>\n\t\t\t<a href=\"https:\/\/www.reseau-mesure.com\/wp-content\/uploads\/2019\/11\/1.1-PROGRAMME-DE-FORMATION-modele.docx\" target=\"_self\" role=\"button\" rel=\"noopener noreferrer\">\n\t\t\t\t\t\t\tClick here\n\t\t\t\t\t<\/a>\n\t<p><strong>&quot;Welcome booklet&quot; model<\/strong><\/p>\n\t\t\t<a href=\"https:\/\/www.reseau-mesure.com\/wp-content\/uploads\/2019\/11\/Livret-accueil-Formation-modele.docx\" target=\"_self\" role=\"button\" rel=\"noopener noreferrer\">\n\t\t\t\t\t\t\tClick here\n\t\t\t\t\t<\/a>\n\t<p><strong>Model of \u201cTraining Preparation Questionnaire\u201d<\/strong><\/p>\n\t\t\t<a href=\"https:\/\/www.reseau-mesure.com\/wp-content\/uploads\/2019\/11\/Formulaire-preparation-modele.docx\" target=\"_self\" role=\"button\" rel=\"noopener noreferrer\">\n\t\t\t\t\t\t\tClick here\n\t\t\t\t\t<\/a>\n\t<p><strong>Model &quot;Entry and exit training questionnaire&quot;<\/strong><\/p>\n\t\t\t<a href=\"https:\/\/www.reseau-mesure.com\/wp-content\/uploads\/2019\/11\/Questionnaires-formation-entr\u00e9e-sortie-modele.xlsx\" target=\"_self\" role=\"button\" rel=\"noopener noreferrer\">\n\t\t\t\t\t\t\tClick here\n\t\t\t\t\t<\/a>","protected":false},"excerpt":{"rendered":"<p>DATADOCK procedure Click here Model of &quot;Training program&quot; Click here Model of &quot;Welcome booklet&quot; Click here Model of &quot;Questionnaire of preparation for training&quot; Click here Model of &quot;Questionnaire of entry and exit of training&quot; Click here<\/p>","protected":false},"author":349,"featured_media":0,"parent":0,"menu_order":0,"comment_status":"closed","ping_status":"closed","template":"","meta":{"_acf_changed":false,"footnotes":""},"class_list":["post-8978","page","type-page","status-publish","hentry"],"acf":[],"yoast_head":"<!-- This site is optimized with the Yoast SEO plugin v27.3 - https:\/\/yoast.com\/product\/yoast-seo-wordpress\/ -->\n<title>Mod\u00e8les de documents pour une formation DATADOCK - R\u00e9seau Mesure<\/title>\n<meta name=\"robots\" content=\"index, follow, max-snippet:-1, max-image-preview:large, max-video-preview:-1\" \/>\n<link rel=\"canonical\" href=\"https:\/\/www.reseau-mesure.com\/en\/modeles-de-documents-pour-une-formation-datadock\/\" \/>\n<meta property=\"og:locale\" content=\"en_US\" \/>\n<meta property=\"og:type\" content=\"article\" \/>\n<meta property=\"og:title\" content=\"Mod\u00e8les de documents pour une formation DATADOCK - R\u00e9seau Mesure\" \/>\n<meta property=\"og:description\" content=\"Proc\u00e9dure DATADOCK Cliquez ici Mod\u00e8le de \u00ab\u00a0Programme de formation\u00a0\u00bb Cliquez ici Mod\u00e8le de \u00ab\u00a0Livret d&rsquo;acceuil\u00a0\u00bb Cliquez ici Mod\u00e8le de \u00ab\u00a0Questionnaire de pr\u00e9paration \u00e0 la formation\u00a0\u00bb Cliquez ici Mod\u00e8le de \u00ab\u00a0Questionnaire d&rsquo;entr\u00e9e et de sortie de formation\u00a0\u00bb Cliquez ici\" \/>\n<meta property=\"og:url\" content=\"https:\/\/www.reseau-mesure.com\/en\/modeles-de-documents-pour-une-formation-datadock\/\" \/>\n<meta property=\"og:site_name\" content=\"R\u00e9seau Mesure\" \/>\n<meta property=\"article:publisher\" content=\"https:\/\/www.facebook.com\/reseaumesure\/\" \/>\n<meta property=\"article:modified_time\" content=\"2020-01-23T09:20:49+00:00\" \/>\n<meta property=\"og:image\" content=\"https:\/\/www.reseau-mesure.com\/wp-content\/uploads\/2019\/10\/datadock-278x300.jpg\" \/>\n<meta name=\"twitter:card\" content=\"summary_large_image\" \/>\n<meta name=\"twitter:site\" content=\"@ReseauMesure\" \/>\n<script type=\"application\/ld+json\" class=\"yoast-schema-graph\">{\"@context\":\"https:\\\/\\\/schema.org\",\"@graph\":[{\"@type\":\"WebPage\",\"@id\":\"https:\\\/\\\/www.reseau-mesure.com\\\/de\\\/modeles-de-documents-pour-une-formation-datadock\\\/\",\"url\":\"https:\\\/\\\/www.reseau-mesure.com\\\/de\\\/modeles-de-documents-pour-une-formation-datadock\\\/\",\"name\":\"Mod\u00e8les de documents pour une formation DATADOCK - R\u00e9seau Mesure\",\"isPartOf\":{\"@id\":\"https:\\\/\\\/www.reseau-mesure.com\\\/#website\"},\"primaryImageOfPage\":{\"@id\":\"https:\\\/\\\/www.reseau-mesure.com\\\/de\\\/modeles-de-documents-pour-une-formation-datadock\\\/#primaryimage\"},\"image\":{\"@id\":\"https:\\\/\\\/www.reseau-mesure.com\\\/de\\\/modeles-de-documents-pour-une-formation-datadock\\\/#primaryimage\"},\"thumbnailUrl\":\"https:\\\/\\\/www.reseau-mesure.com\\\/wp-content\\\/uploads\\\/2019\\\/10\\\/datadock-278x300.jpg\",\"datePublished\":\"2019-11-25T14:14:53+00:00\",\"dateModified\":\"2020-01-23T09:20:49+00:00\",\"breadcrumb\":{\"@id\":\"https:\\\/\\\/www.reseau-mesure.com\\\/de\\\/modeles-de-documents-pour-une-formation-datadock\\\/#breadcrumb\"},\"inLanguage\":\"en-US\",\"potentialAction\":[{\"@type\":\"ReadAction\",\"target\":[\"https:\\\/\\\/www.reseau-mesure.com\\\/de\\\/modeles-de-documents-pour-une-formation-datadock\\\/\"]}]},{\"@type\":\"ImageObject\",\"inLanguage\":\"en-US\",\"@id\":\"https:\\\/\\\/www.reseau-mesure.com\\\/de\\\/modeles-de-documents-pour-une-formation-datadock\\\/#primaryimage\",\"url\":\"https:\\\/\\\/www.reseau-mesure.com\\\/wp-content\\\/uploads\\\/2019\\\/10\\\/datadock-278x300.jpg\",\"contentUrl\":\"https:\\\/\\\/www.reseau-mesure.com\\\/wp-content\\\/uploads\\\/2019\\\/10\\\/datadock-278x300.jpg\"},{\"@type\":\"BreadcrumbList\",\"@id\":\"https:\\\/\\\/www.reseau-mesure.com\\\/de\\\/modeles-de-documents-pour-une-formation-datadock\\\/#breadcrumb\",\"itemListElement\":[{\"@type\":\"ListItem\",\"position\":1,\"name\":\"Accueil\",\"item\":\"https:\\\/\\\/www.reseau-mesure.com\\\/\"},{\"@type\":\"ListItem\",\"position\":2,\"name\":\"Mod\u00e8les de documents pour une formation DATADOCK\"}]},{\"@type\":\"WebSite\",\"@id\":\"https:\\\/\\\/www.reseau-mesure.com\\\/#website\",\"url\":\"https:\\\/\\\/www.reseau-mesure.com\\\/\",\"name\":\"R\u00e9seau-Mesure\",\"description\":\"R\u00e9seau Mesure\",\"publisher\":{\"@id\":\"https:\\\/\\\/www.reseau-mesure.com\\\/#organization\"},\"potentialAction\":[{\"@type\":\"SearchAction\",\"target\":{\"@type\":\"EntryPoint\",\"urlTemplate\":\"https:\\\/\\\/www.reseau-mesure.com\\\/?s={search_term_string}\"},\"query-input\":{\"@type\":\"PropertyValueSpecification\",\"valueRequired\":true,\"valueName\":\"search_term_string\"}}],\"inLanguage\":\"en-US\"},{\"@type\":\"Organization\",\"@id\":\"https:\\\/\\\/www.reseau-mesure.com\\\/#organization\",\"name\":\"R\u00e9seau-Mesure\",\"url\":\"https:\\\/\\\/www.reseau-mesure.com\\\/\",\"logo\":{\"@type\":\"ImageObject\",\"inLanguage\":\"en-US\",\"@id\":\"https:\\\/\\\/www.reseau-mesure.com\\\/#\\\/schema\\\/logo\\\/image\\\/\",\"url\":\"https:\\\/\\\/www.reseau-mesure.com\\\/wp-content\\\/uploads\\\/2018\\\/02\\\/logo-max.png\",\"contentUrl\":\"https:\\\/\\\/www.reseau-mesure.com\\\/wp-content\\\/uploads\\\/2018\\\/02\\\/logo-max.png\",\"width\":545,\"height\":285,\"caption\":\"R\u00e9seau-Mesure\"},\"image\":{\"@id\":\"https:\\\/\\\/www.reseau-mesure.com\\\/#\\\/schema\\\/logo\\\/image\\\/\"},\"sameAs\":[\"https:\\\/\\\/www.facebook.com\\\/reseaumesure\\\/\",\"https:\\\/\\\/x.com\\\/ReseauMesure\",\"https:\\\/\\\/www.linkedin.com\\\/company\\\/reseau-mesure\\\/\"]}]}<\/script>\n<!-- \/ Yoast SEO plugin. -->","yoast_head_json":{"title":"Mod\u00e8les de documents pour une formation DATADOCK - R\u00e9seau Mesure","robots":{"index":"index","follow":"follow","max-snippet":"max-snippet:-1","max-image-preview":"max-image-preview:large","max-video-preview":"max-video-preview:-1"},"canonical":"https:\/\/www.reseau-mesure.com\/en\/modeles-de-documents-pour-une-formation-datadock\/","og_locale":"en_US","og_type":"article","og_title":"Mod\u00e8les de documents pour une formation DATADOCK - R\u00e9seau Mesure","og_description":"Proc\u00e9dure DATADOCK Cliquez ici Mod\u00e8le de \u00ab\u00a0Programme de formation\u00a0\u00bb Cliquez ici Mod\u00e8le de \u00ab\u00a0Livret d&rsquo;acceuil\u00a0\u00bb Cliquez ici Mod\u00e8le de \u00ab\u00a0Questionnaire de pr\u00e9paration \u00e0 la formation\u00a0\u00bb Cliquez ici Mod\u00e8le de \u00ab\u00a0Questionnaire d&rsquo;entr\u00e9e et de sortie de formation\u00a0\u00bb Cliquez ici","og_url":"https:\/\/www.reseau-mesure.com\/en\/modeles-de-documents-pour-une-formation-datadock\/","og_site_name":"R\u00e9seau Mesure","article_publisher":"https:\/\/www.facebook.com\/reseaumesure\/","article_modified_time":"2020-01-23T09:20:49+00:00","og_image":[{"url":"https:\/\/www.reseau-mesure.com\/wp-content\/uploads\/2019\/10\/datadock-278x300.jpg","type":"","width":"","height":""}],"twitter_card":"summary_large_image","twitter_site":"@ReseauMesure","schema":{"@context":"https:\/\/schema.org","@graph":[{"@type":"WebPage","@id":"https:\/\/www.reseau-mesure.com\/de\/modeles-de-documents-pour-une-formation-datadock\/","url":"https:\/\/www.reseau-mesure.com\/de\/modeles-de-documents-pour-une-formation-datadock\/","name":"Mod\u00e8les de documents pour une formation DATADOCK - R\u00e9seau Mesure","isPartOf":{"@id":"https:\/\/www.reseau-mesure.com\/#website"},"primaryImageOfPage":{"@id":"https:\/\/www.reseau-mesure.com\/de\/modeles-de-documents-pour-une-formation-datadock\/#primaryimage"},"image":{"@id":"https:\/\/www.reseau-mesure.com\/de\/modeles-de-documents-pour-une-formation-datadock\/#primaryimage"},"thumbnailUrl":"https:\/\/www.reseau-mesure.com\/wp-content\/uploads\/2019\/10\/datadock-278x300.jpg","datePublished":"2019-11-25T14:14:53+00:00","dateModified":"2020-01-23T09:20:49+00:00","breadcrumb":{"@id":"https:\/\/www.reseau-mesure.com\/de\/modeles-de-documents-pour-une-formation-datadock\/#breadcrumb"},"inLanguage":"en-US","potentialAction":[{"@type":"ReadAction","target":["https:\/\/www.reseau-mesure.com\/de\/modeles-de-documents-pour-une-formation-datadock\/"]}]},{"@type":"ImageObject","inLanguage":"en-US","@id":"https:\/\/www.reseau-mesure.com\/de\/modeles-de-documents-pour-une-formation-datadock\/#primaryimage","url":"https:\/\/www.reseau-mesure.com\/wp-content\/uploads\/2019\/10\/datadock-278x300.jpg","contentUrl":"https:\/\/www.reseau-mesure.com\/wp-content\/uploads\/2019\/10\/datadock-278x300.jpg"},{"@type":"BreadcrumbList","@id":"https:\/\/www.reseau-mesure.com\/de\/modeles-de-documents-pour-une-formation-datadock\/#breadcrumb","itemListElement":[{"@type":"ListItem","position":1,"name":"Accueil","item":"https:\/\/www.reseau-mesure.com\/"},{"@type":"ListItem","position":2,"name":"Mod\u00e8les de documents pour une formation DATADOCK"}]},{"@type":"WebSite","@id":"https:\/\/www.reseau-mesure.com\/#website","url":"https:\/\/www.reseau-mesure.com\/","name":"R\u00e9seau-Mesure","description":"Network Measure","publisher":{"@id":"https:\/\/www.reseau-mesure.com\/#organization"},"potentialAction":[{"@type":"SearchAction","target":{"@type":"EntryPoint","urlTemplate":"https:\/\/www.reseau-mesure.com\/?s={search_term_string}"},"query-input":{"@type":"PropertyValueSpecification","valueRequired":true,"valueName":"search_term_string"}}],"inLanguage":"en-US"},{"@type":"Organization","@id":"https:\/\/www.reseau-mesure.com\/#organization","name":"R\u00e9seau-Mesure","url":"https:\/\/www.reseau-mesure.com\/","logo":{"@type":"ImageObject","inLanguage":"en-US","@id":"https:\/\/www.reseau-mesure.com\/#\/schema\/logo\/image\/","url":"https:\/\/www.reseau-mesure.com\/wp-content\/uploads\/2018\/02\/logo-max.png","contentUrl":"https:\/\/www.reseau-mesure.com\/wp-content\/uploads\/2018\/02\/logo-max.png","width":545,"height":285,"caption":"R\u00e9seau-Mesure"},"image":{"@id":"https:\/\/www.reseau-mesure.com\/#\/schema\/logo\/image\/"},"sameAs":["https:\/\/www.facebook.com\/reseaumesure\/","https:\/\/x.com\/ReseauMesure","https:\/\/www.linkedin.com\/company\/reseau-mesure\/"]}]}},"_links":{"self":[{"href":"https:\/\/www.reseau-mesure.com\/en\/wp-json\/wp\/v2\/pages\/8978","targetHints":{"allow":["GET"]}}],"collection":[{"href":"https:\/\/www.reseau-mesure.com\/en\/wp-json\/wp\/v2\/pages"}],"about":[{"href":"https:\/\/www.reseau-mesure.com\/en\/wp-json\/wp\/v2\/types\/page"}],"author":[{"embeddable":true,"href":"https:\/\/www.reseau-mesure.com\/en\/wp-json\/wp\/v2\/users\/349"}],"replies":[{"embeddable":true,"href":"https:\/\/www.reseau-mesure.com\/en\/wp-json\/wp\/v2\/comments?post=8978"}],"version-history":[{"count":0,"href":"https:\/\/www.reseau-mesure.com\/en\/wp-json\/wp\/v2\/pages\/8978\/revisions"}],"wp:attachment":[{"href":"https:\/\/www.reseau-mesure.com\/en\/wp-json\/wp\/v2\/media?parent=8978"}],"curies":[{"name":"wp","href":"https:\/\/api.w.org\/{rel}","templated":true}]}}