{"id":934,"date":"2018-02-01T12:26:13","date_gmt":"2018-02-01T11:26:13","guid":{"rendered":"http:\/\/reseau-mesure.fr\/?page_id=934"},"modified":"2020-12-17T11:19:15","modified_gmt":"2020-12-17T10:19:15","slug":"des-groupes-de-travail","status":"publish","type":"page","link":"https:\/\/www.reseau-mesure.com\/en\/des-groupes-de-travail\/","title":{"rendered":"Working groups"},"content":{"rendered":"<h1>\n\t\t\t\tDevelopment of the action plan of the working groups \n\t\t<\/h1>\n\t<h2>Members create the association&#039;s action plan<\/h2>\n<section id=\"content\">\n<\/section><section id=\"main\">\n\n<p>Since 2002, Le R\u00e9seau Mesure has operated based on two strong principles:<\/p>\n<ul>\n<li>Members propose actions<\/li>\n<li>The Measurement Network, if it brings added value, implements them in a collective framework<\/li>\n<\/ul>\n<\/section>\n\n<section id=\"content\">\n<\/section><section id=\"main\">\n\u00a0\n<\/section>\n\n\t\t\t\t<img loading=\"lazy\" decoding=\"async\" src=\"https:\/\/www.reseau-mesure.com\/wp-content\/uploads\/2018\/02\/bande-groupes-de-travail.png\" alt=\"groupes de travail\" itemprop=\"image\" height=\"184\" width=\"1645\" title=\"band work groups\" onerror=\"this.style.display='none'\"  \/>\n<section id=\"content\">\n<\/section><section id=\"main\">\n<p>\u00a0<\/p>\n<p><strong>A simple goal: <\/strong><br \/> Promote the development of your business<\/p>\n<p><strong>An effective method: <\/strong><br \/> Implement the actions you ask us to do<\/p>\n<p><strong>A permanent framework: <\/strong><br \/> Collective actions with added value by the measurement network<\/p>\n<p><strong>Well-known tools: <\/strong><br \/> Mutualization and mass effect<\/p>\n<\/section>\n\n<section id=\"content\">\n<\/section><section id=\"main\">\n\u00a0A working group is formed from the interest of 3 members for a theme.\n<\/section>\n\n\t\t\t\t<img loading=\"lazy\" decoding=\"async\" src=\"https:\/\/www.reseau-mesure.com\/wp-content\/uploads\/2018\/02\/46455_bonhomme_reunion2-150x150.jpg\" alt=\"groupes de travail\" itemprop=\"image\" height=\"150\" width=\"150\" title=\"workgroups\" onerror=\"this.style.display='none'\"  \/>\n\t<p>Current working groups:<\/p>\n\n<ul>\n<li><em>Organization of trade fairs including Measures Solutions Expo <br \/> Lyon, mutualised Pollutec participation ...<\/em><\/li>\n<\/ul>\n\n<ul>\n<li><em>Parcel transport, vehicle rental, insurance, <br \/> central purchasing<\/em><\/li>\n<\/ul>\n\n<ul>\n<li><em>Pooling of prospecting for export<\/em><\/li>\n<\/ul>\n\n<ul>\n<li><em>A shared solution to develop and \/ or revise their <br \/> Terms of Sales<\/em><\/li>\n<\/ul>\n\n<ul>\n<li><em>Optimization of visibility on the Net<\/em><\/li>\n<li><em>Use of social networks<\/em><\/li>\n<li><em>Training<\/em><\/li>\n<\/ul>\n\n<ul>\n<li><em>Strategic and operational market information<\/em>\n<ul>\n<li><em>Pooled monitoring action<\/em><\/li>\n<\/ul>\n<\/li>\n<li><em>Business transfer and financing<\/em><\/li>\n<\/ul>\n\n<ul>\n<li><em>Thoughts on Wastewater Treatment and Measures <\/em><\/li>\n<\/ul>\n\n\n<ul>\n<li><em>Recover driver&#039;s license points and insurance savings<\/em><\/li>\n<li><em>Eco-driving \/ Circuit driving courses<\/em><\/li>\n<\/ul>\n\t\t<h2>\n\t\t\tOur members\n\t\t<\/h2>\n    <p>Find all the member companies of the Measurement Network<\/p>\n    <p>- Members of the Measuring Network -<\/p>\n    <a href=\"\/en\/adherent\/?aid=140\"><img decoding=\"async\" src=\"2583\" alt=\"SYSTEMES CLIMATIQUES SERVICE\" \/><\/a>\n    <a href=\"\/en\/adherent\/?aid=75\"><img decoding=\"async\" src=\"1206\" alt=\"ADS LASER\" \/><\/a>\n    <a href=\"\/en\/adherent\/?aid=44\"><img decoding=\"async\" src=\"1141\" alt=\"INSTRUMENTS &#038; CONTROLS \" \/><\/a>\n    <a href=\"\/en\/adherent\/?aid=484\"><img decoding=\"async\" src=\"6594\" alt=\"VICATRONIC\" \/><\/a>\n    <a href=\"\/en\/adherent\/?aid=71\"><img decoding=\"async\" src=\"1199\" alt=\"ZEISS\" \/><\/a>\n    <a href=\"\/en\/adherent\/?aid=36\"><img decoding=\"async\" src=\"1065\" alt=\"FISCHER INSTRUMENTATION \" \/><\/a>\n    <a href=\"\/en\/adherent\/?aid=471\"><img decoding=\"async\" src=\"6660\" alt=\"QMT Group (SAPHIR et Qualimatest)\" \/><\/a>\n    <a href=\"\/en\/adherent\/?aid=494\"><img decoding=\"async\" src=\"7104\" alt=\"WIKA TECH \" \/><\/a>","protected":false},"excerpt":{"rendered":"<p>Development of the action plan of the working groups The members create the action plan of the association Since 2002, Le R\u00e9seau Mesure has an operating mode established around two strong principles: The members propose actions Le R\u00e9seau Mesure, s &#039;it brings added value, implements them in a collective framework ...<\/p>","protected":false},"author":685,"featured_media":0,"parent":0,"menu_order":0,"comment_status":"closed","ping_status":"closed","template":"","meta":{"_acf_changed":false,"footnotes":""},"class_list":["post-934","page","type-page","status-publish","hentry"],"acf":[],"yoast_head":"<!-- This site is optimized with the Yoast SEO plugin v27.4 - https:\/\/yoast.com\/product\/yoast-seo-wordpress\/ -->\n<title>Des groupes de travail - R\u00e9seau Mesure<\/title>\n<meta name=\"description\" content=\"Les groupes de travail du R\u00e9seau Mesure proposent des r\u00e9unions r\u00e9guli\u00e8res sur diff\u00e9rents sujets dans l&#039;int\u00e9ret de tous les adh\u00e9rents.\" \/>\n<meta name=\"robots\" content=\"index, follow, max-snippet:-1, max-image-preview:large, max-video-preview:-1\" \/>\n<link rel=\"canonical\" href=\"http:\/\/www.reseau-mesure.com\/en\/des-groupes-de-travail\/\" \/>\n<meta property=\"og:locale\" content=\"en_US\" \/>\n<meta property=\"og:type\" content=\"article\" \/>\n<meta property=\"og:title\" content=\"Des groupes de travail - R\u00e9seau Mesure\" \/>\n<meta property=\"og:description\" content=\"Les groupes de travail du R\u00e9seau Mesure proposent des r\u00e9unions r\u00e9guli\u00e8res sur diff\u00e9rents sujets dans l&#039;int\u00e9ret de tous les adh\u00e9rents.\" \/>\n<meta property=\"og:url\" content=\"http:\/\/www.reseau-mesure.com\/en\/des-groupes-de-travail\/\" \/>\n<meta property=\"og:site_name\" content=\"R\u00e9seau Mesure\" \/>\n<meta property=\"article:publisher\" content=\"https:\/\/www.facebook.com\/reseaumesure\/\" \/>\n<meta property=\"article:modified_time\" content=\"2020-12-17T10:19:15+00:00\" \/>\n<meta property=\"og:image\" content=\"https:\/\/www.reseau-mesure.com\/wp-content\/uploads\/2018\/02\/bande-groupes-de-travail.png\" \/>\n<meta name=\"twitter:card\" content=\"summary_large_image\" \/>\n<meta name=\"twitter:site\" content=\"@ReseauMesure\" \/>\n<meta name=\"twitter:label1\" content=\"Est. reading time\" \/>\n\t<meta name=\"twitter:data1\" content=\"1 minute\" \/>\n<script type=\"application\/ld+json\" class=\"yoast-schema-graph\">{\"@context\":\"https:\\\/\\\/schema.org\",\"@graph\":[{\"@type\":\"WebPage\",\"@id\":\"http:\\\/\\\/www.reseau-mesure.com\\\/en\\\/des-groupes-de-travail\\\/\",\"url\":\"http:\\\/\\\/www.reseau-mesure.com\\\/en\\\/des-groupes-de-travail\\\/\",\"name\":\"Des groupes de travail - R\u00e9seau Mesure\",\"isPartOf\":{\"@id\":\"https:\\\/\\\/www.reseau-mesure.com\\\/#website\"},\"primaryImageOfPage\":{\"@id\":\"http:\\\/\\\/www.reseau-mesure.com\\\/en\\\/des-groupes-de-travail\\\/#primaryimage\"},\"image\":{\"@id\":\"http:\\\/\\\/www.reseau-mesure.com\\\/en\\\/des-groupes-de-travail\\\/#primaryimage\"},\"thumbnailUrl\":\"https:\\\/\\\/www.reseau-mesure.com\\\/wp-content\\\/uploads\\\/2018\\\/02\\\/bande-groupes-de-travail.png\",\"datePublished\":\"2018-02-01T11:26:13+00:00\",\"dateModified\":\"2020-12-17T10:19:15+00:00\",\"description\":\"Les groupes de travail du R\u00e9seau Mesure proposent des r\u00e9unions r\u00e9guli\u00e8res sur diff\u00e9rents sujets dans l'int\u00e9ret de tous les adh\u00e9rents.\",\"breadcrumb\":{\"@id\":\"http:\\\/\\\/www.reseau-mesure.com\\\/en\\\/des-groupes-de-travail\\\/#breadcrumb\"},\"inLanguage\":\"en-US\",\"potentialAction\":[{\"@type\":\"ReadAction\",\"target\":[\"http:\\\/\\\/www.reseau-mesure.com\\\/en\\\/des-groupes-de-travail\\\/\"]}]},{\"@type\":\"ImageObject\",\"inLanguage\":\"en-US\",\"@id\":\"http:\\\/\\\/www.reseau-mesure.com\\\/en\\\/des-groupes-de-travail\\\/#primaryimage\",\"url\":\"https:\\\/\\\/www.reseau-mesure.com\\\/wp-content\\\/uploads\\\/2018\\\/02\\\/bande-groupes-de-travail.png\",\"contentUrl\":\"https:\\\/\\\/www.reseau-mesure.com\\\/wp-content\\\/uploads\\\/2018\\\/02\\\/bande-groupes-de-travail.png\"},{\"@type\":\"BreadcrumbList\",\"@id\":\"http:\\\/\\\/www.reseau-mesure.com\\\/en\\\/des-groupes-de-travail\\\/#breadcrumb\",\"itemListElement\":[{\"@type\":\"ListItem\",\"position\":1,\"name\":\"Accueil\",\"item\":\"https:\\\/\\\/www.reseau-mesure.com\\\/\"},{\"@type\":\"ListItem\",\"position\":2,\"name\":\"Des groupes de travail\"}]},{\"@type\":\"WebSite\",\"@id\":\"https:\\\/\\\/www.reseau-mesure.com\\\/#website\",\"url\":\"https:\\\/\\\/www.reseau-mesure.com\\\/\",\"name\":\"R\u00e9seau-Mesure\",\"description\":\"R\u00e9seau Mesure\",\"publisher\":{\"@id\":\"https:\\\/\\\/www.reseau-mesure.com\\\/#organization\"},\"potentialAction\":[{\"@type\":\"SearchAction\",\"target\":{\"@type\":\"EntryPoint\",\"urlTemplate\":\"https:\\\/\\\/www.reseau-mesure.com\\\/?s={search_term_string}\"},\"query-input\":{\"@type\":\"PropertyValueSpecification\",\"valueRequired\":true,\"valueName\":\"search_term_string\"}}],\"inLanguage\":\"en-US\"},{\"@type\":\"Organization\",\"@id\":\"https:\\\/\\\/www.reseau-mesure.com\\\/#organization\",\"name\":\"R\u00e9seau-Mesure\",\"url\":\"https:\\\/\\\/www.reseau-mesure.com\\\/\",\"logo\":{\"@type\":\"ImageObject\",\"inLanguage\":\"en-US\",\"@id\":\"https:\\\/\\\/www.reseau-mesure.com\\\/#\\\/schema\\\/logo\\\/image\\\/\",\"url\":\"https:\\\/\\\/www.reseau-mesure.com\\\/wp-content\\\/uploads\\\/2018\\\/02\\\/logo-max.png\",\"contentUrl\":\"https:\\\/\\\/www.reseau-mesure.com\\\/wp-content\\\/uploads\\\/2018\\\/02\\\/logo-max.png\",\"width\":545,\"height\":285,\"caption\":\"R\u00e9seau-Mesure\"},\"image\":{\"@id\":\"https:\\\/\\\/www.reseau-mesure.com\\\/#\\\/schema\\\/logo\\\/image\\\/\"},\"sameAs\":[\"https:\\\/\\\/www.facebook.com\\\/reseaumesure\\\/\",\"https:\\\/\\\/x.com\\\/ReseauMesure\",\"https:\\\/\\\/www.linkedin.com\\\/company\\\/reseau-mesure\\\/\"]}]}<\/script>\n<!-- \/ Yoast SEO plugin. -->","yoast_head_json":{"title":"Des groupes de travail - R\u00e9seau Mesure","description":"Les groupes de travail du R\u00e9seau Mesure proposent des r\u00e9unions r\u00e9guli\u00e8res sur diff\u00e9rents sujets dans l'int\u00e9ret de tous les adh\u00e9rents.","robots":{"index":"index","follow":"follow","max-snippet":"max-snippet:-1","max-image-preview":"max-image-preview:large","max-video-preview":"max-video-preview:-1"},"canonical":"http:\/\/www.reseau-mesure.com\/en\/des-groupes-de-travail\/","og_locale":"en_US","og_type":"article","og_title":"Des groupes de travail - R\u00e9seau Mesure","og_description":"Les groupes de travail du R\u00e9seau Mesure proposent des r\u00e9unions r\u00e9guli\u00e8res sur diff\u00e9rents sujets dans l'int\u00e9ret de tous les adh\u00e9rents.","og_url":"http:\/\/www.reseau-mesure.com\/en\/des-groupes-de-travail\/","og_site_name":"R\u00e9seau Mesure","article_publisher":"https:\/\/www.facebook.com\/reseaumesure\/","article_modified_time":"2020-12-17T10:19:15+00:00","og_image":[{"url":"https:\/\/www.reseau-mesure.com\/wp-content\/uploads\/2018\/02\/bande-groupes-de-travail.png","type":"","width":"","height":""}],"twitter_card":"summary_large_image","twitter_site":"@ReseauMesure","twitter_misc":{"Est. reading time":"1 minute"},"schema":{"@context":"https:\/\/schema.org","@graph":[{"@type":"WebPage","@id":"http:\/\/www.reseau-mesure.com\/en\/des-groupes-de-travail\/","url":"http:\/\/www.reseau-mesure.com\/en\/des-groupes-de-travail\/","name":"Des groupes de travail - R\u00e9seau Mesure","isPartOf":{"@id":"https:\/\/www.reseau-mesure.com\/#website"},"primaryImageOfPage":{"@id":"http:\/\/www.reseau-mesure.com\/en\/des-groupes-de-travail\/#primaryimage"},"image":{"@id":"http:\/\/www.reseau-mesure.com\/en\/des-groupes-de-travail\/#primaryimage"},"thumbnailUrl":"https:\/\/www.reseau-mesure.com\/wp-content\/uploads\/2018\/02\/bande-groupes-de-travail.png","datePublished":"2018-02-01T11:26:13+00:00","dateModified":"2020-12-17T10:19:15+00:00","description":"Les groupes de travail du R\u00e9seau Mesure proposent des r\u00e9unions r\u00e9guli\u00e8res sur diff\u00e9rents sujets dans l'int\u00e9ret de tous les adh\u00e9rents.","breadcrumb":{"@id":"http:\/\/www.reseau-mesure.com\/en\/des-groupes-de-travail\/#breadcrumb"},"inLanguage":"en-US","potentialAction":[{"@type":"ReadAction","target":["http:\/\/www.reseau-mesure.com\/en\/des-groupes-de-travail\/"]}]},{"@type":"ImageObject","inLanguage":"en-US","@id":"http:\/\/www.reseau-mesure.com\/en\/des-groupes-de-travail\/#primaryimage","url":"https:\/\/www.reseau-mesure.com\/wp-content\/uploads\/2018\/02\/bande-groupes-de-travail.png","contentUrl":"https:\/\/www.reseau-mesure.com\/wp-content\/uploads\/2018\/02\/bande-groupes-de-travail.png"},{"@type":"BreadcrumbList","@id":"http:\/\/www.reseau-mesure.com\/en\/des-groupes-de-travail\/#breadcrumb","itemListElement":[{"@type":"ListItem","position":1,"name":"Accueil","item":"https:\/\/www.reseau-mesure.com\/"},{"@type":"ListItem","position":2,"name":"Des groupes de travail"}]},{"@type":"WebSite","@id":"https:\/\/www.reseau-mesure.com\/#website","url":"https:\/\/www.reseau-mesure.com\/","name":"R\u00e9seau-Mesure","description":"Network Measure","publisher":{"@id":"https:\/\/www.reseau-mesure.com\/#organization"},"potentialAction":[{"@type":"SearchAction","target":{"@type":"EntryPoint","urlTemplate":"https:\/\/www.reseau-mesure.com\/?s={search_term_string}"},"query-input":{"@type":"PropertyValueSpecification","valueRequired":true,"valueName":"search_term_string"}}],"inLanguage":"en-US"},{"@type":"Organization","@id":"https:\/\/www.reseau-mesure.com\/#organization","name":"R\u00e9seau-Mesure","url":"https:\/\/www.reseau-mesure.com\/","logo":{"@type":"ImageObject","inLanguage":"en-US","@id":"https:\/\/www.reseau-mesure.com\/#\/schema\/logo\/image\/","url":"https:\/\/www.reseau-mesure.com\/wp-content\/uploads\/2018\/02\/logo-max.png","contentUrl":"https:\/\/www.reseau-mesure.com\/wp-content\/uploads\/2018\/02\/logo-max.png","width":545,"height":285,"caption":"R\u00e9seau-Mesure"},"image":{"@id":"https:\/\/www.reseau-mesure.com\/#\/schema\/logo\/image\/"},"sameAs":["https:\/\/www.facebook.com\/reseaumesure\/","https:\/\/x.com\/ReseauMesure","https:\/\/www.linkedin.com\/company\/reseau-mesure\/"]}]}},"_links":{"self":[{"href":"https:\/\/www.reseau-mesure.com\/en\/wp-json\/wp\/v2\/pages\/934","targetHints":{"allow":["GET"]}}],"collection":[{"href":"https:\/\/www.reseau-mesure.com\/en\/wp-json\/wp\/v2\/pages"}],"about":[{"href":"https:\/\/www.reseau-mesure.com\/en\/wp-json\/wp\/v2\/types\/page"}],"author":[{"embeddable":true,"href":"https:\/\/www.reseau-mesure.com\/en\/wp-json\/wp\/v2\/users\/685"}],"replies":[{"embeddable":true,"href":"https:\/\/www.reseau-mesure.com\/en\/wp-json\/wp\/v2\/comments?post=934"}],"version-history":[{"count":0,"href":"https:\/\/www.reseau-mesure.com\/en\/wp-json\/wp\/v2\/pages\/934\/revisions"}],"wp:attachment":[{"href":"https:\/\/www.reseau-mesure.com\/en\/wp-json\/wp\/v2\/media?parent=934"}],"curies":[{"name":"wp","href":"https:\/\/api.w.org\/{rel}","templated":true}]}}