{"id":9347,"date":"2019-12-26T14:30:33","date_gmt":"2019-12-26T13:30:33","guid":{"rendered":"https:\/\/www.reseau-mesure.com\/?page_id=9347"},"modified":"2023-07-04T11:04:04","modified_gmt":"2023-07-04T09:04:04","slug":"analyse-indsutrielle","status":"publish","type":"page","link":"https:\/\/www.reseau-mesure.com\/en\/analyse-indsutrielle\/","title":{"rendered":"INDUSTRIAL ANALYSIS"},"content":{"rendered":"<a href=\"https:\/\/www.reseau-mesure.com\/wp-content\/uploads\/2023\/07\/contrat-analyse-Reseau-Mesures-2024.pdf\" target=\"_self\" itemprop=\"url\" rel=\"noopener\">\n\t\t\t\t<img loading=\"lazy\" decoding=\"async\" src=\"https:\/\/www.reseau-mesure.com\/wp-content\/uploads\/2023\/07\/logo-FR.jpg\" alt=\"Salon Analyse Industrielle 2024\" itemprop=\"image\" height=\"161\" width=\"367\" title=\"Industrial Analysis Fair 2024\" onerror=\"this.style.display='none'\"  \/>\n\t\t\t\t<\/a>\n\t<p><b>2 days of exhibition<\/b><\/p>\n\t<p><strong>April 3 and 4 <\/strong><\/p>\n<p><strong> 2024<\/strong><\/p>\n\t<p><strong>Champerret space<\/strong><\/p>\n<p><strong>PARIS\u00a0<\/strong><\/p>\n\t<p><b>THE INDUSTRIAL ANALYSIS SOLUTIONS FAIR<\/b><\/p>\n\t<p><strong>36<sup>th<\/sup> edition of the exhibition for industrial analysis and instrumentation solutions<\/strong><\/p>\n<p><strong>The event<\/strong> unavoidable<strong>\u00a0industrial analysis <\/strong>bringing together specialists in <strong>Control<\/strong>, <strong>the<\/strong> <strong>measure<\/strong>, metrology, <strong>regulation<\/strong>,\u00a0<strong>detection and<\/strong> <strong>process instrumentation<\/strong>, the <strong>fluid management and industrial equipment <\/strong>give you<strong> meet on April 3 and 4, 2024 in Paris Champerret.<\/strong><\/p>\n<p><strong>Industrial analysis represents an asset for industrial recovery <\/strong><\/p>\n<p><strong>Recent months have been marked by a succession of government announcements regarding the industry. <\/strong>For example, the \u201cFrance 2030\u201d plan aims to develop industrial competitiveness and future technologies, through ten objectives, such as encouraging the emergence of a French supply of small modular reactors (SMR) by 2035 , become the leader in green hydrogen and renewable energies in 2030, and decarbonize French industry in order to respect the commitment to reduce greenhouse gas emissions in this sector by 35 %, between 2015 and 2030.<\/p>\n\t<p><strong>Take advantage of the R\u00e9seau Mesure member rate to participate in this show!<\/strong><\/p>\n<p>For any request:<\/p>\n<p>Guillaume <a href=\"mailto:g.courcelle@infoexpo.fr\">COURCELLE<\/a> , Show director<\/p>\n<p>Is she <a href=\"mailto:eduflot@resau-mesure.com\">DUFLOT<\/a> , Director of the Measurement Network<\/p>\n\t\t\t<a href=\"https:\/\/www.reseau-mesure.com\/wp-content\/uploads\/2023\/07\/Communique_Presse_bilan_SAI_2023.pdf\" target=\"_self\" rel=\"noopener\">\n\t\t\t\t\t\t\tConsult the results of the 2023 edition\n\t\t\t\t\t<\/a>\n\t<p><strong>Industrial analysis represents an asset for industrial recovery <\/strong><\/p>\n<p><strong>Recent months have been marked by a succession of government announcements regarding the industry. <\/strong>For example, the \u201cFrance 2030\u201d plan aims to develop industrial competitiveness and future technologies, through ten objectives, such as encouraging the emergence of a French supply of small modular reactors (SMR) by 2035 , become the leader in green hydrogen and renewable energies in 2030, and decarbonize French industry in order to respect the commitment to reduce greenhouse gas emissions in this sector by 35 %, between 2015 and 2030.<\/p>\n<p>&nbsp;<\/p>\n<p><strong>In addition to representing new opportunities for players in industrial analysis and process instrumentation<\/strong>, these plans are also an opportunity to accelerate the development of innovations to remove a certain number of technological obstacles. In the field of Industry 4.0, digital twins, artificial intelligence (AI), maintenance solutions 4.0, etc. can bring significant gains in process monitoring. And France can count on its research laboratories and start-ups to design the technologies and solutions of tomorrow.<\/p>\n<p><strong>\u00a0<\/strong><\/p>\n<p>On the conference cycle side, an extensive offer of conferences, round tables and workshops<\/p>\n<p>In addition to being able to discuss their projects, <strong>the Industrial Analysis show is also the place to take stock during the 20 technical conferences and workshops<\/strong> on more pragmatic issues.<\/p>\n<p>Emphasize <strong>the 2 new cycles<\/strong> : <strong>Analysis and instrumentation for the decarbonization of industry and the acceleration of renewable gas sectors<\/strong> which gives rise to new needs for analysis and measurement which have opened up new fields of subjects popular with visitors during the previous edition.<\/p>\n<p>&nbsp;<\/p>\n<p><strong>The 36th edition of the Industrial Analysis solutions show will be held on April 3 and 4, in Paris \u2013 Espace Champerret. <\/strong><\/p>\n<p>This is a fantastic opportunity for you to communicate your expertise, to boost the image of your company, and above all to develop your activities.<\/p>\n<p>Becoming an Exhibitor Partner of the essential Industrial Analysis show means meeting the expected 2,500 visitors with high decision-making power!<\/p>\n<p>&nbsp;<\/p>\n<p><a href=\"https:\/\/www.analyse-industrielle.fr\/visiter.php\">Badge request to visit<\/a><\/p>\n\n<p>Hours of operation :<\/p>\n<p>Tuesday April 3 and Wednesday April 4, 2024 from 9 a.m. to 6 p.m.<\/p>\n\n<p>Salon reserved for professionals \u2013 Free access<\/p>\n<p>Registration on site or online preferred<\/p>\n\n<p>Website : <a href=\"https:\/\/www.analyse-industrielle.fr\/\">https:\/\/www.analyse-industrielle.fr\/<\/a><\/p>\n<p>on Twitter: @AnalyseInd<\/p>\n\t\t\t<a href=\"http:\/\/www.analyse-industrielle.fr\/\" target=\"_self\" rel=\"noopener\">\n\t\t\t\t\t\tFIND ALL THE INFORMATION OF THE EXHIBITION\n\t\t\t\t\t<\/a>","protected":false},"excerpt":{"rendered":"<p>2 days of exhibition April 3 and 4, 2024 Espace Champerret PARIS THE EXHIBITION FOR SOLUTIONS IN INDUSTRIAL ANALYSIS 36th edition of the exhibition for solutions in industrial analysis and instrumentation The essential event in industrial analysis bringing together specialists in control, measurement, metrology, regulation, detection and process instrumentation, fluid management, etc.<\/p>","protected":false},"author":349,"featured_media":0,"parent":0,"menu_order":0,"comment_status":"closed","ping_status":"closed","template":"","meta":{"_acf_changed":false,"footnotes":""},"class_list":["post-9347","page","type-page","status-publish","hentry"],"acf":[],"yoast_head":"<!-- This site is optimized with the Yoast SEO plugin v27.4 - https:\/\/yoast.com\/product\/yoast-seo-wordpress\/ -->\n<title>ANALYSE INDUSTRIELLE - R\u00e9seau Mesure<\/title>\n<meta name=\"description\" content=\"Le salon measurement world est le salon de la mesure pour 2019. Les adh\u00e9rents du R\u00e9seau Mesure seront pr\u00e9sent. Informations et renseignements.\" \/>\n<meta name=\"robots\" content=\"index, follow, max-snippet:-1, max-image-preview:large, max-video-preview:-1\" \/>\n<link rel=\"canonical\" href=\"https:\/\/www.reseau-mesure.com\/en\/analyse-indsutrielle\/\" \/>\n<meta property=\"og:locale\" content=\"en_US\" \/>\n<meta property=\"og:type\" content=\"article\" \/>\n<meta property=\"og:title\" content=\"ANALYSE INDUSTRIELLE - R\u00e9seau Mesure\" \/>\n<meta property=\"og:description\" content=\"Le salon measurement world est le salon de la mesure pour 2019. Les adh\u00e9rents du R\u00e9seau Mesure seront pr\u00e9sent. Informations et renseignements.\" \/>\n<meta property=\"og:url\" content=\"https:\/\/www.reseau-mesure.com\/en\/analyse-indsutrielle\/\" \/>\n<meta property=\"og:site_name\" content=\"R\u00e9seau Mesure\" \/>\n<meta property=\"article:publisher\" content=\"https:\/\/www.facebook.com\/reseaumesure\/\" \/>\n<meta property=\"article:modified_time\" content=\"2023-07-04T09:04:04+00:00\" \/>\n<meta property=\"og:image\" content=\"https:\/\/www.reseau-mesure.com\/wp-content\/uploads\/2023\/07\/logo-FR.jpg\" \/>\n<meta name=\"twitter:card\" content=\"summary_large_image\" \/>\n<meta name=\"twitter:site\" content=\"@ReseauMesure\" \/>\n<meta name=\"twitter:label1\" content=\"Est. reading time\" \/>\n\t<meta name=\"twitter:data1\" content=\"3 minutes\" \/>\n<script type=\"application\/ld+json\" class=\"yoast-schema-graph\">{\"@context\":\"https:\\\/\\\/schema.org\",\"@graph\":[{\"@type\":\"WebPage\",\"@id\":\"https:\\\/\\\/www.reseau-mesure.com\\\/analyse-indsutrielle\\\/\",\"url\":\"https:\\\/\\\/www.reseau-mesure.com\\\/analyse-indsutrielle\\\/\",\"name\":\"ANALYSE INDUSTRIELLE - R\u00e9seau Mesure\",\"isPartOf\":{\"@id\":\"https:\\\/\\\/www.reseau-mesure.com\\\/#website\"},\"primaryImageOfPage\":{\"@id\":\"https:\\\/\\\/www.reseau-mesure.com\\\/analyse-indsutrielle\\\/#primaryimage\"},\"image\":{\"@id\":\"https:\\\/\\\/www.reseau-mesure.com\\\/analyse-indsutrielle\\\/#primaryimage\"},\"thumbnailUrl\":\"https:\\\/\\\/www.reseau-mesure.com\\\/wp-content\\\/uploads\\\/2023\\\/07\\\/logo-FR.jpg\",\"datePublished\":\"2019-12-26T13:30:33+00:00\",\"dateModified\":\"2023-07-04T09:04:04+00:00\",\"description\":\"Le salon measurement world est le salon de la mesure pour 2019. Les adh\u00e9rents du R\u00e9seau Mesure seront pr\u00e9sent. Informations et renseignements.\",\"breadcrumb\":{\"@id\":\"https:\\\/\\\/www.reseau-mesure.com\\\/analyse-indsutrielle\\\/#breadcrumb\"},\"inLanguage\":\"en-US\",\"potentialAction\":[{\"@type\":\"ReadAction\",\"target\":[\"https:\\\/\\\/www.reseau-mesure.com\\\/analyse-indsutrielle\\\/\"]}]},{\"@type\":\"ImageObject\",\"inLanguage\":\"en-US\",\"@id\":\"https:\\\/\\\/www.reseau-mesure.com\\\/analyse-indsutrielle\\\/#primaryimage\",\"url\":\"https:\\\/\\\/www.reseau-mesure.com\\\/wp-content\\\/uploads\\\/2023\\\/07\\\/logo-FR.jpg\",\"contentUrl\":\"https:\\\/\\\/www.reseau-mesure.com\\\/wp-content\\\/uploads\\\/2023\\\/07\\\/logo-FR.jpg\"},{\"@type\":\"BreadcrumbList\",\"@id\":\"https:\\\/\\\/www.reseau-mesure.com\\\/analyse-indsutrielle\\\/#breadcrumb\",\"itemListElement\":[{\"@type\":\"ListItem\",\"position\":1,\"name\":\"Accueil\",\"item\":\"https:\\\/\\\/www.reseau-mesure.com\\\/\"},{\"@type\":\"ListItem\",\"position\":2,\"name\":\"ANALYSE INDUSTRIELLE\"}]},{\"@type\":\"WebSite\",\"@id\":\"https:\\\/\\\/www.reseau-mesure.com\\\/#website\",\"url\":\"https:\\\/\\\/www.reseau-mesure.com\\\/\",\"name\":\"R\u00e9seau-Mesure\",\"description\":\"R\u00e9seau Mesure\",\"publisher\":{\"@id\":\"https:\\\/\\\/www.reseau-mesure.com\\\/#organization\"},\"potentialAction\":[{\"@type\":\"SearchAction\",\"target\":{\"@type\":\"EntryPoint\",\"urlTemplate\":\"https:\\\/\\\/www.reseau-mesure.com\\\/?s={search_term_string}\"},\"query-input\":{\"@type\":\"PropertyValueSpecification\",\"valueRequired\":true,\"valueName\":\"search_term_string\"}}],\"inLanguage\":\"en-US\"},{\"@type\":\"Organization\",\"@id\":\"https:\\\/\\\/www.reseau-mesure.com\\\/#organization\",\"name\":\"R\u00e9seau-Mesure\",\"url\":\"https:\\\/\\\/www.reseau-mesure.com\\\/\",\"logo\":{\"@type\":\"ImageObject\",\"inLanguage\":\"en-US\",\"@id\":\"https:\\\/\\\/www.reseau-mesure.com\\\/#\\\/schema\\\/logo\\\/image\\\/\",\"url\":\"https:\\\/\\\/www.reseau-mesure.com\\\/wp-content\\\/uploads\\\/2018\\\/02\\\/logo-max.png\",\"contentUrl\":\"https:\\\/\\\/www.reseau-mesure.com\\\/wp-content\\\/uploads\\\/2018\\\/02\\\/logo-max.png\",\"width\":545,\"height\":285,\"caption\":\"R\u00e9seau-Mesure\"},\"image\":{\"@id\":\"https:\\\/\\\/www.reseau-mesure.com\\\/#\\\/schema\\\/logo\\\/image\\\/\"},\"sameAs\":[\"https:\\\/\\\/www.facebook.com\\\/reseaumesure\\\/\",\"https:\\\/\\\/x.com\\\/ReseauMesure\",\"https:\\\/\\\/www.linkedin.com\\\/company\\\/reseau-mesure\\\/\"]}]}<\/script>\n<!-- \/ Yoast SEO plugin. -->","yoast_head_json":{"title":"ANALYSE INDUSTRIELLE - R\u00e9seau Mesure","description":"Le salon measurement world est le salon de la mesure pour 2019. Les adh\u00e9rents du R\u00e9seau Mesure seront pr\u00e9sent. Informations et renseignements.","robots":{"index":"index","follow":"follow","max-snippet":"max-snippet:-1","max-image-preview":"max-image-preview:large","max-video-preview":"max-video-preview:-1"},"canonical":"https:\/\/www.reseau-mesure.com\/en\/analyse-indsutrielle\/","og_locale":"en_US","og_type":"article","og_title":"ANALYSE INDUSTRIELLE - R\u00e9seau Mesure","og_description":"Le salon measurement world est le salon de la mesure pour 2019. Les adh\u00e9rents du R\u00e9seau Mesure seront pr\u00e9sent. Informations et renseignements.","og_url":"https:\/\/www.reseau-mesure.com\/en\/analyse-indsutrielle\/","og_site_name":"R\u00e9seau Mesure","article_publisher":"https:\/\/www.facebook.com\/reseaumesure\/","article_modified_time":"2023-07-04T09:04:04+00:00","og_image":[{"url":"https:\/\/www.reseau-mesure.com\/wp-content\/uploads\/2023\/07\/logo-FR.jpg","type":"","width":"","height":""}],"twitter_card":"summary_large_image","twitter_site":"@ReseauMesure","twitter_misc":{"Est. reading time":"3 minutes"},"schema":{"@context":"https:\/\/schema.org","@graph":[{"@type":"WebPage","@id":"https:\/\/www.reseau-mesure.com\/analyse-indsutrielle\/","url":"https:\/\/www.reseau-mesure.com\/analyse-indsutrielle\/","name":"ANALYSE INDUSTRIELLE - R\u00e9seau Mesure","isPartOf":{"@id":"https:\/\/www.reseau-mesure.com\/#website"},"primaryImageOfPage":{"@id":"https:\/\/www.reseau-mesure.com\/analyse-indsutrielle\/#primaryimage"},"image":{"@id":"https:\/\/www.reseau-mesure.com\/analyse-indsutrielle\/#primaryimage"},"thumbnailUrl":"https:\/\/www.reseau-mesure.com\/wp-content\/uploads\/2023\/07\/logo-FR.jpg","datePublished":"2019-12-26T13:30:33+00:00","dateModified":"2023-07-04T09:04:04+00:00","description":"Le salon measurement world est le salon de la mesure pour 2019. Les adh\u00e9rents du R\u00e9seau Mesure seront pr\u00e9sent. Informations et renseignements.","breadcrumb":{"@id":"https:\/\/www.reseau-mesure.com\/analyse-indsutrielle\/#breadcrumb"},"inLanguage":"en-US","potentialAction":[{"@type":"ReadAction","target":["https:\/\/www.reseau-mesure.com\/analyse-indsutrielle\/"]}]},{"@type":"ImageObject","inLanguage":"en-US","@id":"https:\/\/www.reseau-mesure.com\/analyse-indsutrielle\/#primaryimage","url":"https:\/\/www.reseau-mesure.com\/wp-content\/uploads\/2023\/07\/logo-FR.jpg","contentUrl":"https:\/\/www.reseau-mesure.com\/wp-content\/uploads\/2023\/07\/logo-FR.jpg"},{"@type":"BreadcrumbList","@id":"https:\/\/www.reseau-mesure.com\/analyse-indsutrielle\/#breadcrumb","itemListElement":[{"@type":"ListItem","position":1,"name":"Accueil","item":"https:\/\/www.reseau-mesure.com\/"},{"@type":"ListItem","position":2,"name":"ANALYSE INDUSTRIELLE"}]},{"@type":"WebSite","@id":"https:\/\/www.reseau-mesure.com\/#website","url":"https:\/\/www.reseau-mesure.com\/","name":"R\u00e9seau-Mesure","description":"Network Measure","publisher":{"@id":"https:\/\/www.reseau-mesure.com\/#organization"},"potentialAction":[{"@type":"SearchAction","target":{"@type":"EntryPoint","urlTemplate":"https:\/\/www.reseau-mesure.com\/?s={search_term_string}"},"query-input":{"@type":"PropertyValueSpecification","valueRequired":true,"valueName":"search_term_string"}}],"inLanguage":"en-US"},{"@type":"Organization","@id":"https:\/\/www.reseau-mesure.com\/#organization","name":"R\u00e9seau-Mesure","url":"https:\/\/www.reseau-mesure.com\/","logo":{"@type":"ImageObject","inLanguage":"en-US","@id":"https:\/\/www.reseau-mesure.com\/#\/schema\/logo\/image\/","url":"https:\/\/www.reseau-mesure.com\/wp-content\/uploads\/2018\/02\/logo-max.png","contentUrl":"https:\/\/www.reseau-mesure.com\/wp-content\/uploads\/2018\/02\/logo-max.png","width":545,"height":285,"caption":"R\u00e9seau-Mesure"},"image":{"@id":"https:\/\/www.reseau-mesure.com\/#\/schema\/logo\/image\/"},"sameAs":["https:\/\/www.facebook.com\/reseaumesure\/","https:\/\/x.com\/ReseauMesure","https:\/\/www.linkedin.com\/company\/reseau-mesure\/"]}]}},"_links":{"self":[{"href":"https:\/\/www.reseau-mesure.com\/en\/wp-json\/wp\/v2\/pages\/9347","targetHints":{"allow":["GET"]}}],"collection":[{"href":"https:\/\/www.reseau-mesure.com\/en\/wp-json\/wp\/v2\/pages"}],"about":[{"href":"https:\/\/www.reseau-mesure.com\/en\/wp-json\/wp\/v2\/types\/page"}],"author":[{"embeddable":true,"href":"https:\/\/www.reseau-mesure.com\/en\/wp-json\/wp\/v2\/users\/349"}],"replies":[{"embeddable":true,"href":"https:\/\/www.reseau-mesure.com\/en\/wp-json\/wp\/v2\/comments?post=9347"}],"version-history":[{"count":0,"href":"https:\/\/www.reseau-mesure.com\/en\/wp-json\/wp\/v2\/pages\/9347\/revisions"}],"wp:attachment":[{"href":"https:\/\/www.reseau-mesure.com\/en\/wp-json\/wp\/v2\/media?parent=9347"}],"curies":[{"name":"wp","href":"https:\/\/api.w.org\/{rel}","templated":true}]}}