{"id":9369,"date":"2019-12-26T16:07:20","date_gmt":"2019-12-26T15:07:20","guid":{"rendered":"https:\/\/www.reseau-mesure.com\/?page_id=9369"},"modified":"2022-07-08T17:41:14","modified_gmt":"2022-07-08T15:41:14","slug":"pollutec-2023-du-10-au-13-octobre-2023","status":"publish","type":"page","link":"https:\/\/www.reseau-mesure.com\/en\/pollutec-2023-du-10-au-13-octobre-2023\/","title":{"rendered":"POLLUTEC"},"content":{"rendered":"<img loading=\"lazy\" decoding=\"async\" src=\"https:\/\/www.reseau-mesure.com\/wp-content\/uploads\/2021\/01\/Logo-Pollutec.png\" alt=\"pollutec\" itemprop=\"image\" height=\"116\" width=\"300\" title=\"Logo-Pollutec\" onerror=\"this.style.display='none'\"  \/>\n\t<p><b>4 days of exhibition<\/b><\/p>\n\t<p><strong>October 10 to 13<\/strong><strong>\u00a0<\/strong><\/p>\n<p><strong> 2023<\/strong><\/p>\n<p>&nbsp;<\/p>\n\t<p><strong>EUREXPO\u00a0<\/strong><\/p>\n<p><strong>LYON<\/strong><\/p>\n<p>&nbsp;<\/p>\n\t\t\t<a href=\"https:\/\/www.reseau-mesure.com\/wp-content\/uploads\/2021\/06\/Protocole-Participation-Pollutec-2023-avc-le-RM.pdf\" target=\"_self\" role=\"button\" rel=\"noopener\">\n\t\t\t\t\t\t\tEXHIBITOR registration\n\t\t\t\t\t<\/a>\n\t<h2>The international exhibition of environmental equipment, technologies and services<\/h2>\n\t<p>For 40 years now, Pollutec has been THE source of inspiration for environmental markets and the means of easily accessing solutions, innovations and meetings in these markets.<\/p>\n<p><strong>A springboard for environmental innovation<\/strong><\/p>\n<p>Pollutec has confirmed its position as the world capital of environmental innovation. Startups, technologies, organizational methods, emerging themes, new approaches\u2026, a whole dynamic deployed over four days in all areas of the environment and energy. Thus, 156 innovative solutions declared by exhibitors prior to the show were put in the spotlight.<\/p>\n<p>Edition 2021:<\/p>\nAn attendance of <strong>46\u00a0000<\/strong> professionals from <strong>83<\/strong> country<br \/>\n<strong>12%<\/strong> international visitors<br \/>\n<strong>2 000<\/strong> exhibitors including <strong>28%<\/strong> of internationals<br \/>\n<strong>70\u00a0000<\/strong> gross exhibition m\u00b2<br \/>\n<strong>85<\/strong> start-ups spread over <strong>4<\/strong> dedicated spaces<br \/>\n<strong>415<\/strong> conferences including <strong>31<\/strong> rebroadcast live (for the latter, Pollutec recorded <strong>2 900<\/strong> registrations)<br \/>\n<strong>180<\/strong> innovations presented in preview<br \/>\nFocus Green Days: <strong>950<\/strong> participants from <strong>57<\/strong> country, <strong>1 090<\/strong> bilateral business meetings and <strong>9 500<\/strong> email exchanges on the platform\n<p><strong><a href=\"https:\/\/www.pollutec.com\/fr-fr.html\">Find the results of the POLLUTEC 2021 exhibition<\/a><\/strong><\/p>\n<p><strong>Services offered free of charge for exhibitors:<\/strong><\/p>\n<ul>\n<li>Web and press communication on an innovation (innovation showcase, winners, etc.) and registration on the Innovation course<\/li>\n<li>A professional meeting platform at your disposal<\/li>\n<li>A press kit distributed to all of the show&#039;s press partners<\/li>\n<\/ul>\n<p><u><a href=\"https:\/\/www.reseau-mesure.com\/wp-content\/uploads\/2019\/05\/presentation-Pollutec-avec-R%C3%A9seau-Mesure.pdf\"><strong>Why register with the Measurement Network?<\/strong><\/a><\/u><\/p>\n<ul>\n<li>A negotiated rate of\u00a0<strong>( In progress ) <\/strong>\u00a0instead of 290 \u20ac \/ m\u00b2 public price (bare surface)<\/li>\n<li>A<strong>\u00a0shared rate<\/strong>\u00a0on equipment (electricity, carpet, etc.)<\/li>\n<li>Be positioned at the heart of the Instrumentation -Metrology -Analysis pole, hall 5<\/li>\n<li>Benefit from a\u00a0<strong>increased visibility<\/strong>\u00a0by the strength of the Measurement Network<\/li>\n<li>The possibility of leading a conference at a preferential rate<\/li>\n<li>Benefit from a\u00a0<strong>centralized organization<\/strong>\u00a0by the Measurement Network (logistical support)<\/li>\n<li>Enjoy the\u00a0<strong>synergy of co-exhibitors<\/strong>\u00a0of the Measurement Network around the lunches organized on the Network stand.<\/li>\n<\/ul>\n<p><strong>Book your stand now so that we can best meet your needs, specifying the number of m\u00b2 you want, with or without an angle.<\/strong><\/p>\n<p><a href=\"mailto:confray@reseau-mesure.com\">confray@reseau-mesure.com<\/a><\/p>\n<p>&nbsp;<\/p>\n<p><strong>\u00a0<em>Participation in the Pollutec show is a shared action, the benefit of which is amplified by the number of exhibitor members.<\/em><\/strong><\/p>\n\t<p>&nbsp;<\/p>\n<p>Find the <a href=\"https:\/\/www.pollutec.com\/fr-fr.html\">information 2021<\/a><\/p>\n<p>&nbsp;<\/p>\n\t\t\t<a href=\"https:\/\/www.pollutec.com\/fr-fr\/a-propos.html\" target=\"_self\" role=\"button\" rel=\"noopener\">\n\t\t\t\t\t\tFIND ALL THE INFORMATION ABOUT THE SHOW\n\t\t\t\t\t<\/a>","protected":false},"excerpt":{"rendered":"<p>4 days of exhibition From October 10 to 13, 2023 EUREXPO LYON EXHIBITOR registration The international exhibition of environmental equipment, technologies and services For 40 years now, Pollutec has been THE source of inspiration for the environmental markets and the way to easily access solutions, innovations and encounters in these markets.\u2026<\/p>","protected":false},"author":349,"featured_media":0,"parent":0,"menu_order":0,"comment_status":"closed","ping_status":"closed","template":"","meta":{"_acf_changed":false,"footnotes":""},"class_list":["post-9369","page","type-page","status-publish","hentry"],"acf":[],"yoast_head":"<!-- This site is optimized with the Yoast SEO plugin v27.4 - https:\/\/yoast.com\/product\/yoast-seo-wordpress\/ -->\n<title>POLLUTEC - R\u00e9seau Mesure<\/title>\n<meta name=\"description\" content=\"Soyez pr\u00e9sents sur Pollutec avec le R\u00e9seau Mesure. Depuis maintenant 40 ans, Pollutec est LA source d\u2019inspiration des march\u00e9s de l\u2019envt.\" \/>\n<meta name=\"robots\" content=\"index, follow, max-snippet:-1, max-image-preview:large, max-video-preview:-1\" \/>\n<link rel=\"canonical\" href=\"https:\/\/www.reseau-mesure.com\/en\/pollutec-2023-du-10-au-13-octobre-2023\/\" \/>\n<meta property=\"og:locale\" content=\"en_US\" \/>\n<meta property=\"og:type\" content=\"article\" \/>\n<meta property=\"og:title\" content=\"POLLUTEC - R\u00e9seau Mesure\" \/>\n<meta property=\"og:description\" content=\"Soyez pr\u00e9sents sur Pollutec avec le R\u00e9seau Mesure. Depuis maintenant 40 ans, Pollutec est LA source d\u2019inspiration des march\u00e9s de l\u2019envt.\" \/>\n<meta property=\"og:url\" content=\"https:\/\/www.reseau-mesure.com\/en\/pollutec-2023-du-10-au-13-octobre-2023\/\" \/>\n<meta property=\"og:site_name\" content=\"R\u00e9seau Mesure\" \/>\n<meta property=\"article:publisher\" content=\"https:\/\/www.facebook.com\/reseaumesure\/\" \/>\n<meta property=\"article:modified_time\" content=\"2022-07-08T15:41:14+00:00\" \/>\n<meta property=\"og:image\" content=\"https:\/\/www.reseau-mesure.com\/wp-content\/uploads\/2021\/01\/Logo-Pollutec.png\" \/>\n<meta name=\"twitter:card\" content=\"summary_large_image\" \/>\n<meta name=\"twitter:site\" content=\"@ReseauMesure\" \/>\n<meta name=\"twitter:label1\" content=\"Est. reading time\" \/>\n\t<meta name=\"twitter:data1\" content=\"2 minutes\" \/>\n<script type=\"application\/ld+json\" class=\"yoast-schema-graph\">{\"@context\":\"https:\\\/\\\/schema.org\",\"@graph\":[{\"@type\":\"WebPage\",\"@id\":\"https:\\\/\\\/www.reseau-mesure.com\\\/pollutec-2023-du-10-au-13-octobre-2023\\\/\",\"url\":\"https:\\\/\\\/www.reseau-mesure.com\\\/pollutec-2023-du-10-au-13-octobre-2023\\\/\",\"name\":\"POLLUTEC - R\u00e9seau Mesure\",\"isPartOf\":{\"@id\":\"https:\\\/\\\/www.reseau-mesure.com\\\/#website\"},\"primaryImageOfPage\":{\"@id\":\"https:\\\/\\\/www.reseau-mesure.com\\\/pollutec-2023-du-10-au-13-octobre-2023\\\/#primaryimage\"},\"image\":{\"@id\":\"https:\\\/\\\/www.reseau-mesure.com\\\/pollutec-2023-du-10-au-13-octobre-2023\\\/#primaryimage\"},\"thumbnailUrl\":\"https:\\\/\\\/www.reseau-mesure.com\\\/wp-content\\\/uploads\\\/2021\\\/01\\\/Logo-Pollutec.png\",\"datePublished\":\"2019-12-26T15:07:20+00:00\",\"dateModified\":\"2022-07-08T15:41:14+00:00\",\"description\":\"Soyez pr\u00e9sents sur Pollutec avec le R\u00e9seau Mesure. Depuis maintenant 40 ans, Pollutec est LA source d\u2019inspiration des march\u00e9s de l\u2019envt.\",\"breadcrumb\":{\"@id\":\"https:\\\/\\\/www.reseau-mesure.com\\\/pollutec-2023-du-10-au-13-octobre-2023\\\/#breadcrumb\"},\"inLanguage\":\"en-US\",\"potentialAction\":[{\"@type\":\"ReadAction\",\"target\":[\"https:\\\/\\\/www.reseau-mesure.com\\\/pollutec-2023-du-10-au-13-octobre-2023\\\/\"]}]},{\"@type\":\"ImageObject\",\"inLanguage\":\"en-US\",\"@id\":\"https:\\\/\\\/www.reseau-mesure.com\\\/pollutec-2023-du-10-au-13-octobre-2023\\\/#primaryimage\",\"url\":\"https:\\\/\\\/www.reseau-mesure.com\\\/wp-content\\\/uploads\\\/2021\\\/01\\\/Logo-Pollutec.png\",\"contentUrl\":\"https:\\\/\\\/www.reseau-mesure.com\\\/wp-content\\\/uploads\\\/2021\\\/01\\\/Logo-Pollutec.png\"},{\"@type\":\"BreadcrumbList\",\"@id\":\"https:\\\/\\\/www.reseau-mesure.com\\\/pollutec-2023-du-10-au-13-octobre-2023\\\/#breadcrumb\",\"itemListElement\":[{\"@type\":\"ListItem\",\"position\":1,\"name\":\"Accueil\",\"item\":\"https:\\\/\\\/www.reseau-mesure.com\\\/\"},{\"@type\":\"ListItem\",\"position\":2,\"name\":\"POLLUTEC\"}]},{\"@type\":\"WebSite\",\"@id\":\"https:\\\/\\\/www.reseau-mesure.com\\\/#website\",\"url\":\"https:\\\/\\\/www.reseau-mesure.com\\\/\",\"name\":\"R\u00e9seau-Mesure\",\"description\":\"R\u00e9seau Mesure\",\"publisher\":{\"@id\":\"https:\\\/\\\/www.reseau-mesure.com\\\/#organization\"},\"potentialAction\":[{\"@type\":\"SearchAction\",\"target\":{\"@type\":\"EntryPoint\",\"urlTemplate\":\"https:\\\/\\\/www.reseau-mesure.com\\\/?s={search_term_string}\"},\"query-input\":{\"@type\":\"PropertyValueSpecification\",\"valueRequired\":true,\"valueName\":\"search_term_string\"}}],\"inLanguage\":\"en-US\"},{\"@type\":\"Organization\",\"@id\":\"https:\\\/\\\/www.reseau-mesure.com\\\/#organization\",\"name\":\"R\u00e9seau-Mesure\",\"url\":\"https:\\\/\\\/www.reseau-mesure.com\\\/\",\"logo\":{\"@type\":\"ImageObject\",\"inLanguage\":\"en-US\",\"@id\":\"https:\\\/\\\/www.reseau-mesure.com\\\/#\\\/schema\\\/logo\\\/image\\\/\",\"url\":\"https:\\\/\\\/www.reseau-mesure.com\\\/wp-content\\\/uploads\\\/2018\\\/02\\\/logo-max.png\",\"contentUrl\":\"https:\\\/\\\/www.reseau-mesure.com\\\/wp-content\\\/uploads\\\/2018\\\/02\\\/logo-max.png\",\"width\":545,\"height\":285,\"caption\":\"R\u00e9seau-Mesure\"},\"image\":{\"@id\":\"https:\\\/\\\/www.reseau-mesure.com\\\/#\\\/schema\\\/logo\\\/image\\\/\"},\"sameAs\":[\"https:\\\/\\\/www.facebook.com\\\/reseaumesure\\\/\",\"https:\\\/\\\/x.com\\\/ReseauMesure\",\"https:\\\/\\\/www.linkedin.com\\\/company\\\/reseau-mesure\\\/\"]}]}<\/script>\n<!-- \/ Yoast SEO plugin. -->","yoast_head_json":{"title":"POLLUTEC - R\u00e9seau Mesure","description":"Soyez pr\u00e9sents sur Pollutec avec le R\u00e9seau Mesure. Depuis maintenant 40 ans, Pollutec est LA source d\u2019inspiration des march\u00e9s de l\u2019envt.","robots":{"index":"index","follow":"follow","max-snippet":"max-snippet:-1","max-image-preview":"max-image-preview:large","max-video-preview":"max-video-preview:-1"},"canonical":"https:\/\/www.reseau-mesure.com\/en\/pollutec-2023-du-10-au-13-octobre-2023\/","og_locale":"en_US","og_type":"article","og_title":"POLLUTEC - R\u00e9seau Mesure","og_description":"Soyez pr\u00e9sents sur Pollutec avec le R\u00e9seau Mesure. Depuis maintenant 40 ans, Pollutec est LA source d\u2019inspiration des march\u00e9s de l\u2019envt.","og_url":"https:\/\/www.reseau-mesure.com\/en\/pollutec-2023-du-10-au-13-octobre-2023\/","og_site_name":"R\u00e9seau Mesure","article_publisher":"https:\/\/www.facebook.com\/reseaumesure\/","article_modified_time":"2022-07-08T15:41:14+00:00","og_image":[{"url":"https:\/\/www.reseau-mesure.com\/wp-content\/uploads\/2021\/01\/Logo-Pollutec.png","type":"","width":"","height":""}],"twitter_card":"summary_large_image","twitter_site":"@ReseauMesure","twitter_misc":{"Est. reading time":"2 minutes"},"schema":{"@context":"https:\/\/schema.org","@graph":[{"@type":"WebPage","@id":"https:\/\/www.reseau-mesure.com\/pollutec-2023-du-10-au-13-octobre-2023\/","url":"https:\/\/www.reseau-mesure.com\/pollutec-2023-du-10-au-13-octobre-2023\/","name":"POLLUTEC - R\u00e9seau Mesure","isPartOf":{"@id":"https:\/\/www.reseau-mesure.com\/#website"},"primaryImageOfPage":{"@id":"https:\/\/www.reseau-mesure.com\/pollutec-2023-du-10-au-13-octobre-2023\/#primaryimage"},"image":{"@id":"https:\/\/www.reseau-mesure.com\/pollutec-2023-du-10-au-13-octobre-2023\/#primaryimage"},"thumbnailUrl":"https:\/\/www.reseau-mesure.com\/wp-content\/uploads\/2021\/01\/Logo-Pollutec.png","datePublished":"2019-12-26T15:07:20+00:00","dateModified":"2022-07-08T15:41:14+00:00","description":"Soyez pr\u00e9sents sur Pollutec avec le R\u00e9seau Mesure. Depuis maintenant 40 ans, Pollutec est LA source d\u2019inspiration des march\u00e9s de l\u2019envt.","breadcrumb":{"@id":"https:\/\/www.reseau-mesure.com\/pollutec-2023-du-10-au-13-octobre-2023\/#breadcrumb"},"inLanguage":"en-US","potentialAction":[{"@type":"ReadAction","target":["https:\/\/www.reseau-mesure.com\/pollutec-2023-du-10-au-13-octobre-2023\/"]}]},{"@type":"ImageObject","inLanguage":"en-US","@id":"https:\/\/www.reseau-mesure.com\/pollutec-2023-du-10-au-13-octobre-2023\/#primaryimage","url":"https:\/\/www.reseau-mesure.com\/wp-content\/uploads\/2021\/01\/Logo-Pollutec.png","contentUrl":"https:\/\/www.reseau-mesure.com\/wp-content\/uploads\/2021\/01\/Logo-Pollutec.png"},{"@type":"BreadcrumbList","@id":"https:\/\/www.reseau-mesure.com\/pollutec-2023-du-10-au-13-octobre-2023\/#breadcrumb","itemListElement":[{"@type":"ListItem","position":1,"name":"Accueil","item":"https:\/\/www.reseau-mesure.com\/"},{"@type":"ListItem","position":2,"name":"POLLUTEC"}]},{"@type":"WebSite","@id":"https:\/\/www.reseau-mesure.com\/#website","url":"https:\/\/www.reseau-mesure.com\/","name":"R\u00e9seau-Mesure","description":"Network Measure","publisher":{"@id":"https:\/\/www.reseau-mesure.com\/#organization"},"potentialAction":[{"@type":"SearchAction","target":{"@type":"EntryPoint","urlTemplate":"https:\/\/www.reseau-mesure.com\/?s={search_term_string}"},"query-input":{"@type":"PropertyValueSpecification","valueRequired":true,"valueName":"search_term_string"}}],"inLanguage":"en-US"},{"@type":"Organization","@id":"https:\/\/www.reseau-mesure.com\/#organization","name":"R\u00e9seau-Mesure","url":"https:\/\/www.reseau-mesure.com\/","logo":{"@type":"ImageObject","inLanguage":"en-US","@id":"https:\/\/www.reseau-mesure.com\/#\/schema\/logo\/image\/","url":"https:\/\/www.reseau-mesure.com\/wp-content\/uploads\/2018\/02\/logo-max.png","contentUrl":"https:\/\/www.reseau-mesure.com\/wp-content\/uploads\/2018\/02\/logo-max.png","width":545,"height":285,"caption":"R\u00e9seau-Mesure"},"image":{"@id":"https:\/\/www.reseau-mesure.com\/#\/schema\/logo\/image\/"},"sameAs":["https:\/\/www.facebook.com\/reseaumesure\/","https:\/\/x.com\/ReseauMesure","https:\/\/www.linkedin.com\/company\/reseau-mesure\/"]}]}},"_links":{"self":[{"href":"https:\/\/www.reseau-mesure.com\/en\/wp-json\/wp\/v2\/pages\/9369","targetHints":{"allow":["GET"]}}],"collection":[{"href":"https:\/\/www.reseau-mesure.com\/en\/wp-json\/wp\/v2\/pages"}],"about":[{"href":"https:\/\/www.reseau-mesure.com\/en\/wp-json\/wp\/v2\/types\/page"}],"author":[{"embeddable":true,"href":"https:\/\/www.reseau-mesure.com\/en\/wp-json\/wp\/v2\/users\/349"}],"replies":[{"embeddable":true,"href":"https:\/\/www.reseau-mesure.com\/en\/wp-json\/wp\/v2\/comments?post=9369"}],"version-history":[{"count":0,"href":"https:\/\/www.reseau-mesure.com\/en\/wp-json\/wp\/v2\/pages\/9369\/revisions"}],"wp:attachment":[{"href":"https:\/\/www.reseau-mesure.com\/en\/wp-json\/wp\/v2\/media?parent=9369"}],"curies":[{"name":"wp","href":"https:\/\/api.w.org\/{rel}","templated":true}]}}