{"id":9805,"date":"2020-02-25T11:50:26","date_gmt":"2020-02-25T10:50:26","guid":{"rendered":"https:\/\/www.reseau-mesure.com\/?page_id=9805"},"modified":"2020-03-03T16:36:37","modified_gmt":"2020-03-03T15:36:37","slug":"politique-de-confidentialite","status":"publish","type":"page","link":"https:\/\/www.reseau-mesure.com\/en\/politique-de-confidentialite\/","title":{"rendered":"privacy policy"},"content":{"rendered":"<img loading=\"lazy\" decoding=\"async\" src=\"https:\/\/www.reseau-mesure.com\/wp-content\/uploads\/2020\/02\/Plan-de-travail-1conf.png\" alt=\"politique de confidentialit\u00e9\" itemprop=\"image\" height=\"768\" width=\"1366\" title=\"Confidentiality policy\" onerror=\"this.style.display='none'\"  \/>\n\t\t<h1 >\n\t\t\tPrivacy policy\n\t\t<\/h1>\n\t<p>&nbsp;<\/p>\n<p>&nbsp;<\/p>\n<p>&nbsp;<\/p>\n<p><strong>RESEAU MESURE undertakes to ensure that the processing of your personal data, carried out by its services, complies with:<\/strong><\/p>\n<ul>\n<li>Law n \u00b0 78-17 of January 6, 1978 relating to data processing, files and freedoms in its current version;<\/li>\n<li>to Regulation (EU) 2016\/679 of the European Parliament and of the Council of April 27, 2016 on the protection of individuals with regard to the processing of personal data and on the free movement of such data, which entered into force on May 25 2018 (hereinafter &quot; <strong>GDPR <\/strong>&quot;);<\/li>\n<li>Law n \u00b0 2018-493 of June 20, 2018 relating to the protection of personal data.<\/li>\n<\/ul>\n<p>&nbsp;<\/p>\n<h1><u>Article 1 - Purpose of processing your personal data<\/u><\/h1>\n<p><strong>\u00a0<\/strong><\/p>\n<p>The purpose of this Privacy Policy is:<\/p>\n<ul>\n<li>to define the terms of use of the personal data entrusted by the people on the RESEAU MESURE website (the &quot; <strong>Site <\/strong>&quot;) Edited by RESEAU MESURE as designated in article 2,<\/li>\n<li>to define the terms of use of the personal data entrusted by the persons to the company RESEAU MESURE, within the framework of their commercial relations born or to be born,<\/li>\n<li>define the rights and obligations of the parties in this<\/li>\n<\/ul>\n<p>&nbsp;<\/p>\n<p>The purpose of this Policy is also to inform you about the means that we implement to collect your personal data, in the strictest respect of your rights.<\/p>\n<h1><u>Article 2 - Identity of the data collection manager<\/u><\/h1>\n<p><strong>\u00a0<\/strong><\/p>\n<p>The party responsible for collecting your personal data is the company <strong>MEASUREMENT NETWORK<\/strong>, an association governed by the law of July 1, 1901, OJ n \u00b0 20020019 of May 11, 2002, SIREN 444 837 504, located c \/ o CCI Val d&#039;Oise, CAP CERGY, CS 20209, 35 Bd du Port 95031 CERGY PONTOISE Cedex (hereafter: &quot; <strong>MEASUREMENT NETWORK <\/strong>&quot;).<\/p>\n<p><strong>MEASUREMENT NETWORK <\/strong>can be contacted at the following coordinates: Postal address: RESEAU MESURE<\/p>\n<p>Madame Claire ONFRAY, Data Protection Officer,<\/p>\n<p>c \/ o CCI Val d&#039;Oise, Cap Cergy, CS 20209.35 Bd du Port 95031 CERGY PONTOISE Cedex<\/p>\n<p>&nbsp;<\/p>\n<p>Email address : <a href=\"mailto:admin@reseau-mesure.com\">admin@reseau-mesure.com<\/a><\/p>\n<p>&nbsp;<\/p>\n<p>&nbsp;<\/p>\n<h1><u>Article 3 - Necessity of acceptance of the Privacy Policy<\/u><\/h1>\n<p><strong>\u00a0<\/strong><\/p>\n<p>On the Site, acceptance of this Policy is materialized by a checkbox in the contact form.<\/p>\n<p>&nbsp;<\/p>\n<p>When the commercial relations born or to be born have started outside the Site, the acceptance of this Confidentiality Policy applies from the entry into a commercial relationship (negotiations) with RESEAU MESURE.<\/p>\n<p>&nbsp;<\/p>\n<p>Acceptance can only be full and complete. It applies concomitantly (i) to the general conditions, (ii) to the specific conditions if applicable, and (iii) to the cookies present on the site. <a href=\"https:\/\/www.reseau-mesure.com\/en\/\">https:\/\/www.reseau-mesure.com<\/a><\/p>\n<p>&nbsp;<\/p>\n<p>Any subscription subject to reservation is considered null and void. Anyone who does not agree to be bound by this Policy should not use the services.<\/p>\n<p>&nbsp;<\/p>\n<h1><u>Article 4 - Definition and nature of personal data<\/u><\/h1>\n<p><strong>\u00a0<\/strong><\/p>\n<p>When you use our Site, we may ask you to provide us with personal data about you.<\/p>\n<p>&nbsp;<\/p>\n<ul>\n<li>Definition<\/li>\n<\/ul>\n<p>&nbsp;<\/p>\n<p>Pursuant to Article 4 (1) of the GDPR, the term &quot;personal data&quot; means &quot;any information relating to an identified or identifiable natural person; is deemed to be an &quot;identifiable natural person&quot; a natural person who can be identified, directly or indirectly, in particular by reference to an identifier, such as a name, an identification number, location data, an online identifier, or to one or more specific elements specific to its physical, physiological, genetic, psychological, economic, cultural or social identity \u201d.<\/p>\n<p>&nbsp;<\/p>\n<ul>\n<li>Personal data processed<\/li>\n<\/ul>\n<p>&nbsp;<\/p>\n<p>When you use our Site or our Application, we may ask you to provide us with the following categories of personal data:<\/p>\n<ul>\n<li>Last name First Name,<\/li>\n<li>Company, entity, or establishment,<\/li>\n<li>Website<\/li>\n<li>e-mail address,<\/li>\n<li>fixed and \/ or mobile company telephone<\/li>\n<\/ul>\n<p>&nbsp;<\/p>\n<p>&nbsp;<\/p>\n<h1><u>Article 5 - Purposes of the collection of personal data<\/u><\/h1>\n<p><strong>\u00a0<\/strong><\/p>\n<p>-Purpose<\/p>\n<p>Your personal data is collected to meet one or more of the following purposes:<\/p>\n<ul>\n<li>create a file of members and prospects,<\/li>\n<li>create the online directory of members of the Measurement Network<\/li>\n<li>offer possibilities for publication on the website and job offers,<\/li>\n<li>ensure the association&#039;s communication on events,<\/li>\n<li>participation in actions implemented by the Measurement Network<\/li>\n<li>develop commercial statistics and traffic to our Site,<\/li>\n<li>manage the management of people&#039;s opinions on products, services or content,<\/li>\n<li>comply with our legal and regulatory obligations,<\/li>\n<li>provide our<\/li>\n<\/ul>\n<p>We inform you, when collecting your personal data, whether certain data must be entered or if they are optional. We also tell you what the possible consequences of a failure to respond.<\/p>\n<p>-Legal basis<\/p>\n<p>Article 6 (1) a, b, c GDPR.<\/p>\n<p>This data processing is based on your consent for the pursuit of our activities and compliance with the legal obligations to which RESEAU MESURE is subject in application of the General Data Protection Regulations and the amended Data Protection Act.<\/p>\n<p>&nbsp;<\/p>\n<h1><u>Article 6 - Your consent<\/u><\/h1>\n<p><strong>\u00a0<\/strong><\/p>\n<ul>\n<li>Your consent to processing<\/li>\n<\/ul>\n<p>When you provide us with your personal data for the purpose of contracting goods or services with RESEAU MESURE, you expressly agree that we collect your information and that we use it for the purposes listed in article 5 only. .<\/p>\n<ul>\n<li>Withdrawal of your consent to processing<\/li>\n<\/ul>\n<p>If, after giving us your consent, you change your mind and no longer consent to us contacting you, collecting your data or disclosing it, you can notify us by contacting us at:<\/p>\n<p>&nbsp;<\/p>\n<p>Postal address: RESEAU MESURE<\/p>\n<p>Madame Claire ONFRAY, Data Protection Officer, c \/ o CCI Val d&#039;Oise, Cap Cergy, CS 20209.35 Bd du Port<\/p>\n<p>95031 CERGY PONTOISE Cedex<\/p>\n<p>Email address : <a href=\"mailto:admin@reseau-mesure.com\">admin@reseau-mesure.com<\/a><\/p>\n<p>We will delete all personal data.<\/p>\n<p>&nbsp;<\/p>\n<p>&nbsp;<\/p>\n<h1><u>Article 7 - Disclosure<\/u><\/h1>\n<p><strong>\u00a0<\/strong><\/p>\n<p>RESEAU MESURE reserves the right to disclose your personal information to any competent authority having the right to require such information.<\/p>\n<p>In this case, RESEAU MESURE will inform you.<\/p>\n<p>&nbsp;<\/p>\n<h1><u>Article 8 - Recipients of the data collected<\/u><\/h1>\n<p><strong>\u00a0<\/strong><\/p>\n<p>The staff of our company, the services in charge of control (auditor in particular), the administrators of the site and possibly our IT subcontractors involved in the proper functioning of the website.<\/p>\n<p>&nbsp;<\/p>\n<p>Your personal data may be used for commercial purposes by our business partners and our members, in order to offer goods and services related to the activity of RESEAU MESURE, and in particular the participation of joint events with others. members of the MESURE NETWORK.<\/p>\n<p>&nbsp;<\/p>\n<p>Public bodies may also be recipients of your personal data, exclusively to meet our legal obligations, court officials and ministerial officers.<\/p>\n<p>&nbsp;<\/p>\n<h1><u>Article 9 - Duration of storage of personal data<\/u><\/h1>\n<p><strong>\u00a0<\/strong><\/p>\n<p><strong>\u00a0<\/strong><\/p>\n<ul>\n<li>Regarding data relating to the management of members and prospects:<\/li>\n<\/ul>\n<p>&nbsp;<\/p>\n<p>Your personal data will not be kept beyond the period strictly necessary for the management of our commercial relationship with you. However, the data making it possible to establish the proof of a right, a contract, or a guarantee to be kept for the respect of a legal obligation, will be kept for the period provided by the law in force.<\/p>\n<p>Regarding possible prospecting operations for members, their data may be kept for a period of six years from the end of the commercial relationship.<\/p>\n<p>Personal data relating to a prospect who is not a member may be kept for a period of three years from their collection or from the last exchange with the prospect.<\/p>\n<p>&nbsp;<\/p>\n<ul>\n<li>Regarding the management of opposition lists to receive from prospecting:<\/li>\n<\/ul>\n<p>The information allowing your right to object to be taken into account is kept for at least three years from the exercise of the right to object.<\/p>\n<ul>\n<li>Legal basis<\/li>\n<\/ul>\n<p>Article 5 (1) e GDPR, Article 13 (2) c GDPR.<\/p>\n<p>&nbsp;<\/p>\n<h1><u>Article 11 - Security<\/u><\/h1>\n<p><strong>\u00a0<\/strong><\/p>\n<p>We inform you to take all useful precautions, organizational and technical measures appropriate to preserve the security, integrity and confidentiality of your personal data and in particular, to prevent them from being distorted, damaged or that unauthorized third parties have access to them. .<\/p>\n<p>&nbsp;<\/p>\n<h1><u>Article 13 - Access to your personal data<\/u><\/h1>\n<p><strong>\u00a0<\/strong><\/p>\n<ul>\n<li>Information and access to personal data<\/li>\n<\/ul>\n<p>In accordance with the law n \u00b0 78-17 of January 6, 1978 relating to data processing, files and freedoms and the RGPD, you have the right to obtain the communication and, if necessary, the rectification, the portability or the deletion of data concerning you, by writing to:<\/p>\n<p>&nbsp;<\/p>\n<p>Postal address: RESEAU MESURE<\/p>\n<p>Madame Claire ONFRAY, Data Protection Officer, c \/ o CCI Val d&#039;Oise, Cap Cergy, CS 20209.35 Bd du Port<\/p>\n<p>95031 CERGY PONTOISE Cedex<\/p>\n<p>Email address : <a href=\"mailto:admin@reseau-mesure.com\">admin@reseau-mesure.com<\/a><\/p>\n<p>&nbsp;<\/p>\n<p>It is recalled that any person can, for legitimate reasons, oppose the processing of data concerning him.<\/p>\n<p>&nbsp;<\/p>\n<ul>\n<li>Legal basis<\/li>\n<\/ul>\n<p>Article 13 of the GDPR concerning the personal data to be provided to the data subject,<\/p>\n<p>Article 14 of the GDPR concerning personal data not collected from the data subject.<\/p>\n<h1><\/h1>\n<h1><u>Article 13 - Amendments<\/u><\/h1>\n<p><strong>\u00a0<\/strong><\/p>\n<p>We reserve the right, at our sole discretion, to modify this Policy at any time, in whole or in part. These changes will come into effect upon publication of the new Policy. Your use of our Site following the entry into force of these modifications will constitute recognition and acceptance of the new Policy. Otherwise, and if this new Policy does not suit you, you will no longer have to access the Site.<\/p>\n<p>&nbsp;<\/p>\n<h1><u>Article 14 - Appointment of a data protection officer (DPO)<\/u><\/h1>\n<p><strong>\u00a0<\/strong><\/p>\n<p>As part of the entry into force of the general data protection regulation n \u00b0 2016\/679 of the European Parliament and of the Council of April 27, 2016 entering into force on May 25, 2018, RESEAU MESURE has appointed, as part of the creation and the implementation of its Site, an internal Data Protection Officer in the person of Ms. Claire ONFRAY from 3-10-2018 (designation n \u00b0 DPO- 28642)).<\/p>\n<p>&nbsp;<\/p>\n<h1><u>Article 15 - Entry into force<\/u><\/h1>\n<p><strong>\u00a0<\/strong><\/p>\n<p>This Policy came into effect on May 1, 2019.<\/p>","protected":false},"excerpt":{"rendered":"<p>Confidentiality policy RESEAU MESURE undertakes to ensure that the processing of your personal data, carried out by its services, complies with: law n \u00b0 78-17 of January 6, 1978 relating to computers, files and freedoms in its current version ; to Regulation (EU) 2016\/679 of the European Parliament and of\u2026<\/p>","protected":false},"author":685,"featured_media":0,"parent":0,"menu_order":0,"comment_status":"closed","ping_status":"closed","template":"","meta":{"_acf_changed":false,"footnotes":""},"class_list":["post-9805","page","type-page","status-publish","hentry"],"acf":[],"yoast_head":"<!-- This site is optimized with the Yoast SEO plugin v27.3 - https:\/\/yoast.com\/product\/yoast-seo-wordpress\/ -->\n<title>Politique de confidentialit\u00e9 - R\u00e9seau Mesure<\/title>\n<meta name=\"description\" content=\"Mentions l\u00e9gales su site Internet du R\u00e9seau Mesure. Merci de les lires, il y a toujours des choses int\u00e9ressantes \u00e0 d\u00e9couvrir.\" \/>\n<meta name=\"robots\" content=\"index, follow, max-snippet:-1, max-image-preview:large, max-video-preview:-1\" \/>\n<link rel=\"canonical\" href=\"https:\/\/www.reseau-mesure.com\/en\/politique-de-confidentialite\/\" \/>\n<meta property=\"og:locale\" content=\"en_US\" \/>\n<meta property=\"og:type\" content=\"article\" \/>\n<meta property=\"og:title\" content=\"Politique de confidentialit\u00e9 - R\u00e9seau Mesure\" \/>\n<meta property=\"og:description\" content=\"Mentions l\u00e9gales su site Internet du R\u00e9seau Mesure. Merci de les lires, il y a toujours des choses int\u00e9ressantes \u00e0 d\u00e9couvrir.\" \/>\n<meta property=\"og:url\" content=\"https:\/\/www.reseau-mesure.com\/en\/politique-de-confidentialite\/\" \/>\n<meta property=\"og:site_name\" content=\"R\u00e9seau Mesure\" \/>\n<meta property=\"article:publisher\" content=\"https:\/\/www.facebook.com\/reseaumesure\/\" \/>\n<meta property=\"article:modified_time\" content=\"2020-03-03T15:36:37+00:00\" \/>\n<meta property=\"og:image\" content=\"https:\/\/www.reseau-mesure.com\/wp-content\/uploads\/2020\/02\/Plan-de-travail-1conf.png\" \/>\n<meta name=\"twitter:card\" content=\"summary_large_image\" \/>\n<meta name=\"twitter:site\" content=\"@ReseauMesure\" \/>\n<meta name=\"twitter:label1\" content=\"Est. reading time\" \/>\n\t<meta name=\"twitter:data1\" content=\"9 minutes\" \/>\n<script type=\"application\/ld+json\" class=\"yoast-schema-graph\">{\"@context\":\"https:\\\/\\\/schema.org\",\"@graph\":[{\"@type\":\"WebPage\",\"@id\":\"https:\\\/\\\/www.reseau-mesure.com\\\/en\\\/politique-de-confidentialite\\\/\",\"url\":\"https:\\\/\\\/www.reseau-mesure.com\\\/en\\\/politique-de-confidentialite\\\/\",\"name\":\"Politique de confidentialit\u00e9 - R\u00e9seau Mesure\",\"isPartOf\":{\"@id\":\"https:\\\/\\\/www.reseau-mesure.com\\\/#website\"},\"primaryImageOfPage\":{\"@id\":\"https:\\\/\\\/www.reseau-mesure.com\\\/en\\\/politique-de-confidentialite\\\/#primaryimage\"},\"image\":{\"@id\":\"https:\\\/\\\/www.reseau-mesure.com\\\/en\\\/politique-de-confidentialite\\\/#primaryimage\"},\"thumbnailUrl\":\"https:\\\/\\\/www.reseau-mesure.com\\\/wp-content\\\/uploads\\\/2020\\\/02\\\/Plan-de-travail-1conf.png\",\"datePublished\":\"2020-02-25T10:50:26+00:00\",\"dateModified\":\"2020-03-03T15:36:37+00:00\",\"description\":\"Mentions l\u00e9gales su site Internet du R\u00e9seau Mesure. Merci de les lires, il y a toujours des choses int\u00e9ressantes \u00e0 d\u00e9couvrir.\",\"breadcrumb\":{\"@id\":\"https:\\\/\\\/www.reseau-mesure.com\\\/en\\\/politique-de-confidentialite\\\/#breadcrumb\"},\"inLanguage\":\"en-US\",\"potentialAction\":[{\"@type\":\"ReadAction\",\"target\":[\"https:\\\/\\\/www.reseau-mesure.com\\\/en\\\/politique-de-confidentialite\\\/\"]}]},{\"@type\":\"ImageObject\",\"inLanguage\":\"en-US\",\"@id\":\"https:\\\/\\\/www.reseau-mesure.com\\\/en\\\/politique-de-confidentialite\\\/#primaryimage\",\"url\":\"https:\\\/\\\/www.reseau-mesure.com\\\/wp-content\\\/uploads\\\/2020\\\/02\\\/Plan-de-travail-1conf.png\",\"contentUrl\":\"https:\\\/\\\/www.reseau-mesure.com\\\/wp-content\\\/uploads\\\/2020\\\/02\\\/Plan-de-travail-1conf.png\"},{\"@type\":\"BreadcrumbList\",\"@id\":\"https:\\\/\\\/www.reseau-mesure.com\\\/en\\\/politique-de-confidentialite\\\/#breadcrumb\",\"itemListElement\":[{\"@type\":\"ListItem\",\"position\":1,\"name\":\"Accueil\",\"item\":\"https:\\\/\\\/www.reseau-mesure.com\\\/\"},{\"@type\":\"ListItem\",\"position\":2,\"name\":\"Politique de confidentialit\u00e9\"}]},{\"@type\":\"WebSite\",\"@id\":\"https:\\\/\\\/www.reseau-mesure.com\\\/#website\",\"url\":\"https:\\\/\\\/www.reseau-mesure.com\\\/\",\"name\":\"R\u00e9seau-Mesure\",\"description\":\"R\u00e9seau Mesure\",\"publisher\":{\"@id\":\"https:\\\/\\\/www.reseau-mesure.com\\\/#organization\"},\"potentialAction\":[{\"@type\":\"SearchAction\",\"target\":{\"@type\":\"EntryPoint\",\"urlTemplate\":\"https:\\\/\\\/www.reseau-mesure.com\\\/?s={search_term_string}\"},\"query-input\":{\"@type\":\"PropertyValueSpecification\",\"valueRequired\":true,\"valueName\":\"search_term_string\"}}],\"inLanguage\":\"en-US\"},{\"@type\":\"Organization\",\"@id\":\"https:\\\/\\\/www.reseau-mesure.com\\\/#organization\",\"name\":\"R\u00e9seau-Mesure\",\"url\":\"https:\\\/\\\/www.reseau-mesure.com\\\/\",\"logo\":{\"@type\":\"ImageObject\",\"inLanguage\":\"en-US\",\"@id\":\"https:\\\/\\\/www.reseau-mesure.com\\\/#\\\/schema\\\/logo\\\/image\\\/\",\"url\":\"https:\\\/\\\/www.reseau-mesure.com\\\/wp-content\\\/uploads\\\/2018\\\/02\\\/logo-max.png\",\"contentUrl\":\"https:\\\/\\\/www.reseau-mesure.com\\\/wp-content\\\/uploads\\\/2018\\\/02\\\/logo-max.png\",\"width\":545,\"height\":285,\"caption\":\"R\u00e9seau-Mesure\"},\"image\":{\"@id\":\"https:\\\/\\\/www.reseau-mesure.com\\\/#\\\/schema\\\/logo\\\/image\\\/\"},\"sameAs\":[\"https:\\\/\\\/www.facebook.com\\\/reseaumesure\\\/\",\"https:\\\/\\\/x.com\\\/ReseauMesure\",\"https:\\\/\\\/www.linkedin.com\\\/company\\\/reseau-mesure\\\/\"]}]}<\/script>\n<!-- \/ Yoast SEO plugin. -->","yoast_head_json":{"title":"Politique de confidentialit\u00e9 - R\u00e9seau Mesure","description":"Mentions l\u00e9gales su site Internet du R\u00e9seau Mesure. Merci de les lires, il y a toujours des choses int\u00e9ressantes \u00e0 d\u00e9couvrir.","robots":{"index":"index","follow":"follow","max-snippet":"max-snippet:-1","max-image-preview":"max-image-preview:large","max-video-preview":"max-video-preview:-1"},"canonical":"https:\/\/www.reseau-mesure.com\/en\/politique-de-confidentialite\/","og_locale":"en_US","og_type":"article","og_title":"Politique de confidentialit\u00e9 - R\u00e9seau Mesure","og_description":"Mentions l\u00e9gales su site Internet du R\u00e9seau Mesure. Merci de les lires, il y a toujours des choses int\u00e9ressantes \u00e0 d\u00e9couvrir.","og_url":"https:\/\/www.reseau-mesure.com\/en\/politique-de-confidentialite\/","og_site_name":"R\u00e9seau Mesure","article_publisher":"https:\/\/www.facebook.com\/reseaumesure\/","article_modified_time":"2020-03-03T15:36:37+00:00","og_image":[{"url":"https:\/\/www.reseau-mesure.com\/wp-content\/uploads\/2020\/02\/Plan-de-travail-1conf.png","type":"","width":"","height":""}],"twitter_card":"summary_large_image","twitter_site":"@ReseauMesure","twitter_misc":{"Est. reading time":"9 minutes"},"schema":{"@context":"https:\/\/schema.org","@graph":[{"@type":"WebPage","@id":"https:\/\/www.reseau-mesure.com\/en\/politique-de-confidentialite\/","url":"https:\/\/www.reseau-mesure.com\/en\/politique-de-confidentialite\/","name":"Politique de confidentialit\u00e9 - R\u00e9seau Mesure","isPartOf":{"@id":"https:\/\/www.reseau-mesure.com\/#website"},"primaryImageOfPage":{"@id":"https:\/\/www.reseau-mesure.com\/en\/politique-de-confidentialite\/#primaryimage"},"image":{"@id":"https:\/\/www.reseau-mesure.com\/en\/politique-de-confidentialite\/#primaryimage"},"thumbnailUrl":"https:\/\/www.reseau-mesure.com\/wp-content\/uploads\/2020\/02\/Plan-de-travail-1conf.png","datePublished":"2020-02-25T10:50:26+00:00","dateModified":"2020-03-03T15:36:37+00:00","description":"Mentions l\u00e9gales su site Internet du R\u00e9seau Mesure. Merci de les lires, il y a toujours des choses int\u00e9ressantes \u00e0 d\u00e9couvrir.","breadcrumb":{"@id":"https:\/\/www.reseau-mesure.com\/en\/politique-de-confidentialite\/#breadcrumb"},"inLanguage":"en-US","potentialAction":[{"@type":"ReadAction","target":["https:\/\/www.reseau-mesure.com\/en\/politique-de-confidentialite\/"]}]},{"@type":"ImageObject","inLanguage":"en-US","@id":"https:\/\/www.reseau-mesure.com\/en\/politique-de-confidentialite\/#primaryimage","url":"https:\/\/www.reseau-mesure.com\/wp-content\/uploads\/2020\/02\/Plan-de-travail-1conf.png","contentUrl":"https:\/\/www.reseau-mesure.com\/wp-content\/uploads\/2020\/02\/Plan-de-travail-1conf.png"},{"@type":"BreadcrumbList","@id":"https:\/\/www.reseau-mesure.com\/en\/politique-de-confidentialite\/#breadcrumb","itemListElement":[{"@type":"ListItem","position":1,"name":"Accueil","item":"https:\/\/www.reseau-mesure.com\/"},{"@type":"ListItem","position":2,"name":"Politique de confidentialit\u00e9"}]},{"@type":"WebSite","@id":"https:\/\/www.reseau-mesure.com\/#website","url":"https:\/\/www.reseau-mesure.com\/","name":"R\u00e9seau-Mesure","description":"Network Measure","publisher":{"@id":"https:\/\/www.reseau-mesure.com\/#organization"},"potentialAction":[{"@type":"SearchAction","target":{"@type":"EntryPoint","urlTemplate":"https:\/\/www.reseau-mesure.com\/?s={search_term_string}"},"query-input":{"@type":"PropertyValueSpecification","valueRequired":true,"valueName":"search_term_string"}}],"inLanguage":"en-US"},{"@type":"Organization","@id":"https:\/\/www.reseau-mesure.com\/#organization","name":"R\u00e9seau-Mesure","url":"https:\/\/www.reseau-mesure.com\/","logo":{"@type":"ImageObject","inLanguage":"en-US","@id":"https:\/\/www.reseau-mesure.com\/#\/schema\/logo\/image\/","url":"https:\/\/www.reseau-mesure.com\/wp-content\/uploads\/2018\/02\/logo-max.png","contentUrl":"https:\/\/www.reseau-mesure.com\/wp-content\/uploads\/2018\/02\/logo-max.png","width":545,"height":285,"caption":"R\u00e9seau-Mesure"},"image":{"@id":"https:\/\/www.reseau-mesure.com\/#\/schema\/logo\/image\/"},"sameAs":["https:\/\/www.facebook.com\/reseaumesure\/","https:\/\/x.com\/ReseauMesure","https:\/\/www.linkedin.com\/company\/reseau-mesure\/"]}]}},"_links":{"self":[{"href":"https:\/\/www.reseau-mesure.com\/en\/wp-json\/wp\/v2\/pages\/9805","targetHints":{"allow":["GET"]}}],"collection":[{"href":"https:\/\/www.reseau-mesure.com\/en\/wp-json\/wp\/v2\/pages"}],"about":[{"href":"https:\/\/www.reseau-mesure.com\/en\/wp-json\/wp\/v2\/types\/page"}],"author":[{"embeddable":true,"href":"https:\/\/www.reseau-mesure.com\/en\/wp-json\/wp\/v2\/users\/685"}],"replies":[{"embeddable":true,"href":"https:\/\/www.reseau-mesure.com\/en\/wp-json\/wp\/v2\/comments?post=9805"}],"version-history":[{"count":0,"href":"https:\/\/www.reseau-mesure.com\/en\/wp-json\/wp\/v2\/pages\/9805\/revisions"}],"wp:attachment":[{"href":"https:\/\/www.reseau-mesure.com\/en\/wp-json\/wp\/v2\/media?parent=9805"}],"curies":[{"name":"wp","href":"https:\/\/api.w.org\/{rel}","templated":true}]}}